{"id":12002,"date":"2025-02-05T08:56:36","date_gmt":"2025-02-05T01:56:36","guid":{"rendered":"https:\/\/shizencos.com\/?post_type=product&#038;p=12002"},"modified":"2025-06-10T16:11:40","modified_gmt":"2025-06-10T09:11:40","slug":"gia-cong-vien-uong-nhan-sam","status":"publish","type":"product","link":"https:\/\/shizencos.com\/en\/gia-cong-vien-uong-nhan-sam\/","title":{"rendered":"Ginseng pill processing"},"content":{"rendered":"<p style=\"text-align: justify;\"><span style=\"font-weight: 400;\">Trong nh\u1eefng n\u0103m g\u1ea7n \u0111\u00e2y, xu h\u01b0\u1edbng s\u1eed d\u1ee5ng th\u1ef1c ph\u1ea9m ch\u1ee9c n\u0103ng \u0111\u1ec3 ch\u0103m s\u00f3c s\u1ee9c kh\u1ecfe \u0111ang ng\u00e0y c\u00e0ng ph\u00e1t tri\u1ec3n m\u1ea1nh m\u1ebd. \u0110\u1eb7c bi\u1ec7t, vi\u00ean u\u1ed1ng nh\u00e2n s\u00e2m tr\u1edf th\u00e0nh d\u00f2ng s\u1ea3n ph\u1ea9m \u0111\u01b0\u1ee3c \u01b0a chu\u1ed9ng nh\u1edd nh\u1eefng c\u00f4ng d\u1ee5ng tuy\u1ec7t v\u1eddi trong vi\u1ec7c t\u0103ng c\u01b0\u1eddng s\u1ee9c kh\u1ecfe, n\u00e2ng cao \u0111\u1ec1 kh\u00e1ng v\u00e0 c\u1ea3i thi\u1ec7n sinh l\u1ef1c. N\u1ebfu b\u1ea1n l\u00e0 doanh nghi\u1ec7p ho\u1eb7c th\u01b0\u01a1ng hi\u1ec7u m\u1ef9 ph\u1ea9m\/th\u1ef1c ph\u1ea9m ch\u1ee9c n\u0103ng \u0111ang t\u00ecm ki\u1ebfm \u0111\u1ed1i t\u00e1c <\/span><b>gia c\u00f4ng vi\u00ean u\u1ed1ng nh\u00e2n s\u00e2m<\/b><span style=\"font-weight: 400;\"> uy t\u00edn, th\u00ec <\/span><b>Shizencos<\/b><span style=\"font-weight: 400;\"> ch\u00ednh l\u00e0 l\u1ef1a ch\u1ecdn l\u00fd t\u01b0\u1edfng.<\/span><\/p>\n<h1 style=\"text-align: justify;\"><span style=\"font-size: 14pt;\"><b>1. Gia c\u00f4ng vi\u00ean u\u1ed1ng nh\u00e2n s\u00e2m l\u00e0 g\u00ec?<\/b><\/span><\/h1>\n<p style=\"text-align: justify;\"><b>Vi\u00ean u\u1ed1ng nh\u00e2n s\u00e2m l\u00e0<\/b><span style=\"font-weight: 400;\"> d\u00f2ng s\u1ea3n ph\u1ea9m th\u1ef1c ph\u1ea9m ch\u1ee9c n\u0103ng c\u00f3 chi\u1ebft xu\u1ea5t t\u1eeb nh\u00e2n s\u00e2m l\u00e0 m\u1ed9t trong nh\u1eefng d\u01b0\u1ee3c li\u1ec7u qu\u00fd c\u1ee7a \u0110\u00f4ng y, n\u1ed5i ti\u1ebfng v\u1edbi kh\u1ea3 n\u0103ng b\u1ed3i b\u1ed5 c\u01a1 th\u1ec3, t\u0103ng c\u01b0\u1eddng s\u1ee9c \u0111\u1ec1 kh\u00e1ng, h\u1ed7 tr\u1ee3 tr\u00ed n\u00e3o v\u00e0 c\u1ea3i thi\u1ec7n sinh l\u1ef1c. S\u1ea3n ph\u1ea9m th\u01b0\u1eddng \u0111\u01b0\u1ee3c b\u00e0o ch\u1ebf d\u01b0\u1edbi nhi\u1ec1u d\u1ea1ng nh\u01b0 vi\u00ean nang m\u1ec1m, vi\u00ean nang c\u1ee9ng, vi\u00ean n\u00e9n&#8230; nh\u1eb1m \u0111\u00e1p \u1ee9ng \u0111a d\u1ea1ng nhu c\u1ea7u s\u1eed d\u1ee5ng c\u1ee7a ng\u01b0\u1eddi ti\u00eau d\u00f9ng.<\/span><\/p>\n<p style=\"text-align: justify;\"><b>Gia c\u00f4ng vi\u00ean u\u1ed1ng nh\u00e2n s\u00e2m l\u00e0<\/b><span style=\"font-weight: 400;\"> d\u1ecbch v\u1ee5 m\u00e0 trong \u0111\u00f3, doanh nghi\u1ec7p cung c\u1ea5p \u00fd t\u01b0\u1edfng ho\u1eb7c y\u00eau c\u1ea7u c\u1ee5 th\u1ec3, c\u00f2n nh\u00e0 m\u00e1y gia c\u00f4ng nh\u01b0 Shizencos s\u1ebd th\u1ef1c hi\u1ec7n to\u00e0n b\u1ed9 quy tr\u00ecnh t\u1eeb nghi\u00ean c\u1ee9u, s\u1ea3n xu\u1ea5t, \u0111\u00f3ng g\u00f3i \u0111\u1ebfn h\u1ed7 tr\u1ee3 ph\u00e1p l\u00fd. V\u1edbi h\u00ecnh th\u1ee9c OEM\/ODM, d\u1ecbch v\u1ee5 gia c\u00f4ng gi\u00fap c\u00e1c th\u01b0\u01a1ng hi\u1ec7u t\u1ed1i \u01b0u chi ph\u00ed, r\u00fat ng\u1eafn th\u1eddi gian ra m\u1eaft s\u1ea3n ph\u1ea9m m\u00e0 v\u1eabn \u0111\u1ea3m b\u1ea3o ch\u1ea5t l\u01b0\u1ee3ng v\u00e0 t\u00ednh \u0111\u1ed9c quy\u1ec1n.<\/span><\/p>\n<p>&nbsp;<\/p>\n<p><img fetchpriority=\"high\" decoding=\"async\" class=\"aligncenter wp-image-12802\" src=\"https:\/\/shizencos.com\/wp-content\/uploads\/2025\/02\/gia-cong-vien-uong-nhan-sam.png\" alt=\"Gia c\u00f4ng vi\u00ean u\u1ed1ng nh\u00e2n s\u00e2m l\u00e0 g\u00ec?\" width=\"1333\" height=\"664\" title=\"\" srcset=\"https:\/\/shizencos.com\/wp-content\/uploads\/2025\/02\/gia-cong-vien-uong-nhan-sam.png 1175w, https:\/\/shizencos.com\/wp-content\/uploads\/2025\/02\/gia-cong-vien-uong-nhan-sam-300x149.png 300w, https:\/\/shizencos.com\/wp-content\/uploads\/2025\/02\/gia-cong-vien-uong-nhan-sam-1024x510.png 1024w, https:\/\/shizencos.com\/wp-content\/uploads\/2025\/02\/gia-cong-vien-uong-nhan-sam-150x75.png 150w, https:\/\/shizencos.com\/wp-content\/uploads\/2025\/02\/gia-cong-vien-uong-nhan-sam-768x382.png 768w, https:\/\/shizencos.com\/wp-content\/uploads\/2025\/02\/gia-cong-vien-uong-nhan-sam-18x9.png 18w, https:\/\/shizencos.com\/wp-content\/uploads\/2025\/02\/gia-cong-vien-uong-nhan-sam-600x299.png 600w\" sizes=\"(max-width: 1333px) 100vw, 1333px\" \/><\/p>\n<p style=\"text-align: center;\"><em>Gia c\u00f4ng vi\u00ean u\u1ed1ng nh\u00e2n s\u00e2m l\u00e0 g\u00ec?<\/em><\/p>\n<h1 style=\"text-align: justify;\"><span style=\"font-size: 14pt;\"><b>2. L\u1ee3i \u00edch c\u1ee7a vi\u1ec7c l\u1ef1a ch\u1ecdn gia c\u00f4ng vi\u00ean u\u1ed1ng nh\u00e2n s\u00e2m<\/b><\/span><\/h1>\n<p style=\"text-align: justify;\"><span style=\"font-weight: 400;\">Th\u1ecb tr\u01b0\u1eddng hi\u1ec7n nay \u0111ang ch\u1ee9ng ki\u1ebfn s\u1ef1 t\u0103ng tr\u01b0\u1edfng m\u1ea1nh m\u1ebd c\u1ee7a nhu c\u1ea7u v\u1ec1 c\u00e1c s\u1ea3n ph\u1ea9m th\u1ef1c ph\u1ea9m ch\u1ee9c n\u0103ng, \u0111\u1eb7c bi\u1ec7t l\u00e0 d\u00f2ng s\u1ea3n ph\u1ea9m vi\u00ean u\u1ed1ng nh\u00e2n s\u00e2m. Ng\u01b0\u1eddi ti\u00eau d\u00f9ng ng\u00e0y c\u00e0ng ch\u00fa tr\u1ecdng \u0111\u1ebfn vi\u1ec7c ch\u0103m s\u00f3c s\u1ee9c kh\u1ecfe t\u1eeb b\u00ean trong, t\u1ea1o \u0111i\u1ec1u ki\u1ec7n thu\u1eadn l\u1ee3i \u0111\u1ec3 c\u00e1c th\u01b0\u01a1ng hi\u1ec7u m\u1edf r\u1ed9ng danh m\u1ee5c s\u1ea3n ph\u1ea9m theo xu h\u01b0\u1edbng n\u00e0y. Tuy nhi\u00ean, \u0111\u1ec3 c\u00f3 th\u1ec3 nhanh ch\u00f3ng b\u1eaft nh\u1ecbp th\u1ecb tr\u01b0\u1eddng, t\u0103ng s\u1ee9c c\u1ea1nh tranh v\u00e0 thu h\u00fat th\u1ecb ph\u1ea7n, c\u00e1c doanh nghi\u1ec7p c\u1ea7n l\u1ef1a ch\u1ecdn m\u00f4 h\u00ecnh s\u1ea3n xu\u1ea5t t\u1ed1i \u01b0u. Gia c\u00f4ng ch\u00ednh l\u00e0 gi\u1ea3i ph\u00e1p hi\u1ec7u qu\u1ea3 gi\u00fap th\u01b0\u01a1ng hi\u1ec7u r\u00fat ng\u1eafn th\u1eddi gian \u0111\u01b0a s\u1ea3n ph\u1ea9m ra th\u1ecb tr\u01b0\u1eddng, ti\u1ebft ki\u1ec7m chi ph\u00ed v\u00e0 t\u1eadp trung ph\u00e1t tri\u1ec3n chi\u1ebfn l\u01b0\u1ee3c kinh doanh b\u1ec1n v\u1eefng. Vi\u1ec7c l\u1ef1a ch\u1ecdn d\u1ecbch v\u1ee5 <\/span><b>gia c\u00f4ng vi\u00ean u\u1ed1ng nh\u00e2n s\u00e2m<\/b><span style=\"font-weight: 400;\"> mang l\u1ea1i nhi\u1ec1u l\u1ee3i \u00edch thi\u1ebft th\u1ef1c cho doanh nghi\u1ec7p, \u0111\u1eb7c bi\u1ec7t l\u00e0 c\u00e1c c\u00f4ng ty v\u1eeba v\u00e0 nh\u1ecf ho\u1eb7c startup:<\/span><\/p>\n<p style=\"text-align: justify;\"><span style=\"font-weight: 400;\">\u2705 Ti\u1ebft ki\u1ec7m chi ph\u00ed \u0111\u1ea7u t\u01b0\u00a0 nh\u00e0 m\u00e1y, ngu\u1ed3n l\u1ef1c, R&amp;D.<\/span><\/p>\n<p style=\"text-align: justify;\"><span style=\"font-weight: 400;\">\u2705 Nghi\u00ean c\u1ee9u c\u00f4ng th\u1ee9c \u0111\u1ed9c quy\u1ec1n, thi\u1ebft k\u1ebf bao b\u00ec chuy\u00ean nghi\u1ec7p.<\/span><\/p>\n<p style=\"text-align: justify;\"><span style=\"font-weight: 400;\">\u2705 R\u00fat ng\u1eafn th\u1eddi gian ph\u00e1t tri\u1ec3n s\u1ea3n ph\u1ea9m.<\/span><\/p>\n<p style=\"text-align: justify;\"><span style=\"font-weight: 400;\">\u2705 \u0110\u1ea3m b\u1ea3o ch\u1ea5t l\u01b0\u1ee3ng, s\u1ea3n xu\u1ea5t theo d\u00e2y chuy\u1ec1n hi\u1ec7n \u0111\u1ea1i.<\/span><\/p>\n<p style=\"text-align: justify;\">\u2705 H\u1ed7 tr\u1ee3 ph\u00e1p l\u00fd, ki\u1ec3m nghi\u1ec7m, c\u00f4ng b\u1ed1 s\u1ea3n ph\u1ea9m nhanh ch\u00f3ng.<\/p>\n<h1 style=\"text-align: justify;\"><span style=\"font-size: 14pt;\"><b>3. Gia c\u00f4ng vi\u00ean u\u1ed1ng nh\u00e2n s\u00e2m t\u1ea1i Shizencos<\/b><\/span><\/h1>\n<p style=\"text-align: justify;\"><span style=\"font-weight: 400;\">L\u00e0 m\u1ed9t trong nh\u1eefng nh\u00e0 m\u00e1y gia c\u00f4ng m\u1ef9 ph\u1ea9m v\u00e0 th\u1ef1c ph\u1ea9m ch\u1ee9c n\u0103ng h\u00e0ng \u0111\u1ea7u t\u1ea1i Vi\u1ec7t Nam, <\/span><b>Shizencos<\/b><span style=\"font-weight: 400;\"> cung c\u1ea5p d\u1ecbch v\u1ee5 gia c\u00f4ng vi\u00ean u\u1ed1ng nh\u00e2n s\u00e2m tr\u1ecdn g\u00f3i \u2013 t\u1eeb \u00fd t\u01b0\u1edfng \u0111\u1ebfn s\u1ea3n ph\u1ea9m ho\u00e0n thi\u1ec7n, \u0111\u1ea3m b\u1ea3o ch\u1ea5t l\u01b0\u1ee3ng \u0111\u1ea1t chu\u1ea9n ki\u1ec3m nghi\u1ec7m v\u00e0 c\u1ea1nh tranh m\u1ea1nh m\u1ebd khi ra m\u1eaft th\u1ecb tr\u01b0\u1eddng.\u00a0<\/span><\/p>\n<h2 style=\"text-align: justify;\"><span style=\"font-size: 14pt;\"><b>3.1 C\u00f4ng th\u1ee9c vi\u00ean u\u1ed1ng nh\u00e2n s\u00e2m \u0111a d\u1ea1ng<\/b><\/span><\/h2>\n<p style=\"text-align: justify;\"><span style=\"font-weight: 400;\">Shizencos s\u1edf h\u1eefu th\u01b0 vi\u1ec7n c\u00f4ng th\u1ee9c phong ph\u00fa v\u00e0 kh\u00f4ng ng\u1eebng \u0111\u01b0\u1ee3c c\u1eadp nh\u1eadt theo xu h\u01b0\u1edbng th\u1ecb tr\u01b0\u1eddng. C\u00e1c c\u00f4ng th\u1ee9c vi\u00ean u\u1ed1ng nh\u00e2n s\u00e2m t\u1ea1i Shizencos kh\u00f4ng ch\u1ec9 t\u1eadp trung v\u00e0o chi\u1ebft xu\u1ea5t t\u1eeb nh\u00e2n s\u00e2m truy\u1ec1n th\u1ed1ng m\u00e0 c\u00f2n c\u00f3 th\u1ec3 k\u1ebft h\u1ee3p linh ho\u1ea1t v\u1edbi c\u00e1c th\u00e0nh ph\u1ea7n cao c\u1ea5p kh\u00e1c nh\u01b0:<\/span><\/p>\n<p>&nbsp;<\/p>\n<p><img decoding=\"async\" class=\"aligncenter wp-image-12803\" src=\"https:\/\/shizencos.com\/wp-content\/uploads\/2025\/02\/gia-cong-vien-uong-nham-sam.png\" alt=\"C\u00f4ng th\u1ee9c gia c\u00f4ng vi\u00ean u\u1ed1ng nh\u00e2n s\u00e2m \u0111a d\u1ea1ng\" width=\"1317\" height=\"656\" title=\"\" srcset=\"https:\/\/shizencos.com\/wp-content\/uploads\/2025\/02\/gia-cong-vien-uong-nham-sam.png 1175w, https:\/\/shizencos.com\/wp-content\/uploads\/2025\/02\/gia-cong-vien-uong-nham-sam-300x149.png 300w, https:\/\/shizencos.com\/wp-content\/uploads\/2025\/02\/gia-cong-vien-uong-nham-sam-1024x510.png 1024w, https:\/\/shizencos.com\/wp-content\/uploads\/2025\/02\/gia-cong-vien-uong-nham-sam-150x75.png 150w, https:\/\/shizencos.com\/wp-content\/uploads\/2025\/02\/gia-cong-vien-uong-nham-sam-768x382.png 768w, https:\/\/shizencos.com\/wp-content\/uploads\/2025\/02\/gia-cong-vien-uong-nham-sam-18x9.png 18w, https:\/\/shizencos.com\/wp-content\/uploads\/2025\/02\/gia-cong-vien-uong-nham-sam-600x299.png 600w\" sizes=\"(max-width: 1317px) 100vw, 1317px\" \/><\/p>\n<p style=\"text-align: center;\"><em>C\u00f4ng th\u1ee9c gia c\u00f4ng vi\u00ean u\u1ed1ng nh\u00e2n s\u00e2m \u0111a d\u1ea1ng<\/em><\/p>\n<ul style=\"text-align: justify;\">\n<li aria-level=\"1\"><b>\u0110\u00f4ng tr\u00f9ng h\u1ea1 th\u1ea3o:<\/b><span style=\"font-weight: 400;\"> T\u0103ng c\u01b0\u1eddng sinh l\u1ef1c, h\u1ed7 tr\u1ee3 mi\u1ec5n d\u1ecbch<\/span><\/li>\n<li style=\"font-weight: 400;\" aria-level=\"1\"><b>Linh chi:<\/b><span style=\"font-weight: 400;\"> Gi\u00fap an th\u1ea7n, c\u1ea3i thi\u1ec7n gi\u1ea5c ng\u1ee7, h\u1ed7 tr\u1ee3 gi\u1ea3i \u0111\u1ed9c gan<\/span><\/li>\n<li style=\"font-weight: 400;\" aria-level=\"1\"><b>Collagen &amp; Vitamin C:<\/b><span style=\"font-weight: 400;\"> L\u00e0m \u0111\u1eb9p da, ch\u1ed1ng l\u00e3o h\u00f3a t\u1eeb b\u00ean trong<\/span><\/li>\n<li style=\"font-weight: 400;\" aria-level=\"1\"><b>Vitamin nh\u00f3m B, K\u1ebdm, Omega-3:<\/b><span style=\"font-weight: 400;\"> T\u0103ng c\u01b0\u1eddng tr\u00ed nh\u1edb, h\u1ed7 tr\u1ee3 tu\u1ea7n ho\u00e0n m\u00e1u, n\u00e2ng cao s\u1ee9c kh\u1ecfe t\u1ed5ng th\u1ec3<\/span><\/li>\n<\/ul>\n<p style=\"text-align: justify;\"><span style=\"font-weight: 400;\">\u0110\u1eb7c bi\u1ec7t, \u0111\u1ed9i ng\u0169 R&amp;D c\u1ee7a Shizencos c\u00f3 th\u1ec3 \u0111i\u1ec1u ch\u1ec9nh th\u00e0nh ph\u1ea7n ho\u1ea1t ch\u1ea5t, t\u1ec9 l\u1ec7 chi\u1ebft xu\u1ea5t, v\u00e0 lo\u1ea1i vi\u00ean (nang m\u1ec1m, nang c\u1ee9ng, vi\u00ean n\u00e9n\u2026) sao cho ph\u00f9 h\u1ee3p v\u1edbi t\u1eebng nh\u00f3m \u0111\u1ed1i t\u01b0\u1ee3ng m\u1ee5c ti\u00eau nh\u01b0: ng\u01b0\u1eddi cao tu\u1ed5i, d\u00e2n v\u0103n ph\u00f2ng, ng\u01b0\u1eddi lao \u0111\u1ed9ng c\u01b0\u1eddng \u0111\u1ed9 cao, nam gi\u1edbi c\u1ea7n t\u0103ng c\u01b0\u1eddng sinh l\u00fd, ho\u1eb7c ph\u1ee5 n\u1eef c\u1ea7n b\u1ed3i b\u1ed5 s\u1ee9c kh\u1ecfe. \u0110i\u1ec1u n\u00e0y gi\u00fap doanh nghi\u1ec7p d\u1ec5 d\u00e0ng \u0111\u1ecbnh v\u1ecb s\u1ea3n ph\u1ea9m trong c\u00e1c ph\u00e2n kh\u00fac th\u1ecb tr\u01b0\u1eddng kh\u00e1c nhau.<\/span><\/p>\n<h2 style=\"text-align: justify;\"><span style=\"font-size: 14pt;\"><b>3.2 Quy tr\u00ecnh gia c\u00f4ng vi\u00ean u\u1ed1ng nh\u00e2n s\u00e2m t\u1ea1i Shizencos\u00a0<\/b><\/span><\/h2>\n<p style=\"text-align: justify;\"><span style=\"font-weight: 400;\">\u0110\u1ec3 c\u00f3 th\u1ec3 cho ra \u0111\u1eddi nh\u1eefng s\u1ea3n ph\u1ea9m vi\u00ean u\u1ed1ng nh\u00e2n s\u00e2m ch\u1ea5t l\u01b0\u1ee3ng cao, quy tr\u00ecnh gia c\u00f4ng t\u1ea1i Shizencos \u0111\u01b0\u1ee3c x\u00e2y d\u1ef1ng m\u1ed9t c\u00e1ch b\u00e0i b\u1ea3n, t\u1ed1i \u01b0u h\u00f3a t\u1eeb kh\u00e2u \u00fd t\u01b0\u1edfng \u0111\u1ebfn s\u1ea3n xu\u1ea5t h\u00e0ng lo\u1ea1t. M\u1ed7i b\u01b0\u1edbc \u0111\u1ec1u \u0111\u01b0\u1ee3c th\u1ef1c hi\u1ec7n d\u01b0\u1edbi s\u1ef1 gi\u00e1m s\u00e1t nghi\u00eam ng\u1eb7t, \u0111\u1ea3m b\u1ea3o t\u00ednh an to\u00e0n, hi\u1ec7u qu\u1ea3 v\u00e0 \u0111\u00fang ti\u1ebfn \u0111\u1ed9 cho kh\u00e1ch h\u00e0ng.<\/span><\/p>\n<p style=\"text-align: justify;\"><b>Step 1: <\/b><span style=\"font-weight: 400;\">Contact for consultation \u2013 Listen to requests and advise on appropriate formulas.<\/span><\/p>\n<p style=\"text-align: justify;\"><b>Step 2:<\/b><span style=\"font-weight: 400;\"> Research and Development \u2013 \u200b\u200bR&amp;D team researches and develops optimal formulas.<\/span><\/p>\n<p style=\"text-align: justify;\"><b>Step 3: <\/b><span style=\"font-weight: 400;\">Send samples and adjust \u2013 Provide samples, adjust based on feedback.<\/span><\/p>\n<p style=\"text-align: justify;\"><b>Step 4:<\/b><span style=\"font-weight: 400;\"> Finalize sample and quote \u2013 Confirm final formula, calculate cost<\/span><\/p>\n<p style=\"text-align: justify;\"><b>Step 5:<\/b><span style=\"font-weight: 400;\"> Signing contract and cooperation \u2013 Both parties agree and sign the processing contract.<\/span><\/p>\n<p style=\"text-align: justify;\"><b>Step 6: <\/b><span style=\"font-weight: 400;\">Prepare ingredients and stir the tank <\/span><span style=\"font-weight: 400;\">\u2013<\/span><span style=\"font-weight: 400;\"> \u2013 Import and check the quality of input materials.<\/span><\/p>\n<p style=\"text-align: justify;\"><b>Step 7:<\/b><span style=\"font-weight: 400;\"> S\u1ea3n xu\u1ea5t h\u00e0ng lo\u1ea1t\u00a0 \u2013 \u0110\u01b0a v\u00e0o s\u1ea3n xu\u1ea5t theo d\u00e2y chuy\u1ec1n kh\u00e9p k\u00edn c\u00f4ng ngh\u1ec7 cao.<\/span><\/p>\n<p style=\"text-align: justify;\"><b>Step 8: <\/b><span style=\"font-weight: 400;\">Product packaging \u2013 Filling, sealing, labeling according to design.<\/span><\/p>\n<p style=\"text-align: justify;\"><b>Step 9:<\/b><span style=\"font-weight: 400;\"> Delivery and post-production support \u2013 On-time delivery, legal support and business strategy.<\/span><\/p>\n<p>&nbsp;<\/p>\n<p><img decoding=\"async\" class=\"aligncenter wp-image-12781\" src=\"https:\/\/shizencos.com\/wp-content\/uploads\/2024\/09\/Cam-ket-cong-ty-1.png\" alt=\"Shizencos cam k\u1ebft cung c\u1ea5p d\u1ecbch v\u1ee5 gia c\u00f4ng m\u1ef9 ph\u1ea9m uy t\u00edn\" width=\"1346\" height=\"670\" title=\"\" srcset=\"https:\/\/shizencos.com\/wp-content\/uploads\/2024\/09\/Cam-ket-cong-ty-1.png 1175w, https:\/\/shizencos.com\/wp-content\/uploads\/2024\/09\/Cam-ket-cong-ty-1-300x149.png 300w, https:\/\/shizencos.com\/wp-content\/uploads\/2024\/09\/Cam-ket-cong-ty-1-1024x510.png 1024w, https:\/\/shizencos.com\/wp-content\/uploads\/2024\/09\/Cam-ket-cong-ty-1-150x75.png 150w, https:\/\/shizencos.com\/wp-content\/uploads\/2024\/09\/Cam-ket-cong-ty-1-768x382.png 768w, https:\/\/shizencos.com\/wp-content\/uploads\/2024\/09\/Cam-ket-cong-ty-1-18x9.png 18w, https:\/\/shizencos.com\/wp-content\/uploads\/2024\/09\/Cam-ket-cong-ty-1-600x299.png 600w\" sizes=\"(max-width: 1346px) 100vw, 1346px\" \/><\/p>\n<p style=\"text-align: center;\"><em>Shizencos is committed to providing reputable cosmetic processing services.<\/em><\/p>\n<h1 style=\"text-align: justify;\"><span style=\"font-size: 14pt;\"><b>Conclude<\/b><\/span><\/h1>\n<p style=\"text-align: justify;\">Trong th\u1ebf gi\u1edbi kinh doanh \u0111\u1ea7y bi\u1ebfn \u0111\u1ed9ng v\u00e0 c\u1ea1nh tranh, vi\u1ec7c nhanh ch\u00f3ng s\u1edf h\u1eefu m\u1ed9t s\u1ea3n ph\u1ea9m th\u1ef1c ph\u1ea9m ch\u1ee9c n\u0103ng ch\u1ea5t l\u01b0\u1ee3ng mang d\u1ea5u \u1ea5n ri\u00eang l\u00e0 y\u1ebfu t\u1ed1 quy\u1ebft \u0111\u1ecbnh \u0111\u1ec3 t\u1ea1o ra s\u1ef1 kh\u00e1c bi\u1ec7t v\u00e0 d\u1eabn \u0111\u1ea7u xu h\u01b0\u1edbng. V\u1edbi kinh nghi\u1ec7m d\u00e0y d\u1eb7n, d\u00e2y chuy\u1ec1n s\u1ea3n xu\u1ea5t \u0111\u1ea1t chu\u1ea9n qu\u1ed1c t\u1ebf, c\u00f9ng \u0111\u1ed9i ng\u0169 R&amp;D gi\u00e0u chuy\u00ean m\u00f4n, Shizencos kh\u00f4ng ch\u1ec9 l\u00e0 n\u01a1i gia c\u00f4ng vi\u00ean u\u1ed1ng nh\u00e2n s\u00e2m, m\u00e0 c\u00f2n l\u00e0 ng\u01b0\u1eddi b\u1ea1n \u0111\u1ed3ng h\u00e0nh c\u00f9ng doanh nghi\u1ec7p tr\u00ean h\u00e0nh tr\u00ecnh x\u00e2y d\u1ef1ng th\u01b0\u01a1ng hi\u1ec7u v\u1eefng m\u1ea1nh.<\/p>\n<p style=\"text-align: justify;\"><span style=\"color: #0000ff;\"><a style=\"color: #0000ff;\" href=\"https:\/\/shizencos.com\/en\/lien-he\/\">Contact now<\/a><\/span> h\u00f4m nay \u0111\u1ec3 \u0111\u01b0\u1ee3c t\u01b0 v\u1ea5n chi ti\u1ebft 1:1 v\u00e0 nh\u1eadn m\u1eabu th\u1eed mi\u1ec5n ph\u00ed t\u1eeb Shizencos!<\/p>\n<p style=\"text-align: justify;\">","protected":false},"excerpt":{"rendered":"<p>Trong nh\u1eefng n\u0103m g\u1ea7n \u0111\u00e2y, xu h\u01b0\u1edbng s\u1eed d\u1ee5ng th\u1ef1c ph\u1ea9m ch\u1ee9c n\u0103ng \u0111\u1ec3 ch\u0103m s\u00f3c s\u1ee9c kh\u1ecfe \u0111ang ng\u00e0y c\u00e0ng ph\u00e1t tri\u1ec3n m\u1ea1nh m\u1ebd. \u0110\u1eb7c bi\u1ec7t, vi\u00ean u\u1ed1ng nh\u00e2n s\u00e2m tr\u1edf th\u00e0nh d\u00f2ng s\u1ea3n ph\u1ea9m \u0111\u01b0\u1ee3c \u01b0a chu\u1ed9ng nh\u1edd nh\u1eefng c\u00f4ng d\u1ee5ng tuy\u1ec7t v\u1eddi trong vi\u1ec7c t\u0103ng c\u01b0\u1eddng s\u1ee9c kh\u1ecfe, n\u00e2ng cao \u0111\u1ec1 kh\u00e1ng [&hellip;]<\/p>\n","protected":false},"featured_media":12003,"comment_status":"open","ping_status":"closed","template":"","meta":[],"product_brand":[],"product_cat":[34],"product_tag":[],"class_list":{"0":"post-12002","1":"product","2":"type-product","3":"status-publish","4":"has-post-thumbnail","6":"product_cat-gia-cong-thuc-pham-chuc-nang","8":"first","9":"instock","10":"shipping-taxable","11":"product-type-simple"},"_links":{"self":[{"href":"https:\/\/shizencos.com\/en\/wp-json\/wp\/v2\/product\/12002","targetHints":{"allow":["GET"]}}],"collection":[{"href":"https:\/\/shizencos.com\/en\/wp-json\/wp\/v2\/product"}],"about":[{"href":"https:\/\/shizencos.com\/en\/wp-json\/wp\/v2\/types\/product"}],"replies":[{"embeddable":true,"href":"https:\/\/shizencos.com\/en\/wp-json\/wp\/v2\/comments?post=12002"}],"wp:featuredmedia":[{"embeddable":true,"href":"https:\/\/shizencos.com\/en\/wp-json\/wp\/v2\/media\/12003"}],"wp:attachment":[{"href":"https:\/\/shizencos.com\/en\/wp-json\/wp\/v2\/media?parent=12002"}],"wp:term":[{"taxonomy":"product_brand","embeddable":true,"href":"https:\/\/shizencos.com\/en\/wp-json\/wp\/v2\/product_brand?post=12002"},{"taxonomy":"product_cat","embeddable":true,"href":"https:\/\/shizencos.com\/en\/wp-json\/wp\/v2\/product_cat?post=12002"},{"taxonomy":"product_tag","embeddable":true,"href":"https:\/\/shizencos.com\/en\/wp-json\/wp\/v2\/product_tag?post=12002"}],"curies":[{"name":"wp","href":"https:\/\/api.w.org\/{rel}","templated":true}]}}