{"id":12000,"date":"2025-02-05T08:55:27","date_gmt":"2025-02-05T01:55:27","guid":{"rendered":"https:\/\/shizencos.com\/?post_type=product&#038;p=12000"},"modified":"2025-06-10T11:46:30","modified_gmt":"2025-06-10T04:46:30","slug":"gia-cong-thao-duoc-detox","status":"publish","type":"product","link":"https:\/\/shizencos.com\/en\/gia-cong-thao-duoc-detox\/","title":{"rendered":"Herbal detox processing"},"content":{"rendered":"<p style=\"text-align: justify;\"><span style=\"font-weight: 400;\">S\u1ea3n ph\u1ea9m gia c\u00f4ng th\u1ea3o d\u01b0\u1ee3c detox ng\u00e0y c\u00e0ng \u0111\u01b0\u1ee3c ng\u01b0\u1eddi ti\u00eau d\u00f9ng \u01b0u ti\u00ean l\u1ef1a ch\u1ecdn nh\u1edd kh\u1ea3 n\u0103ng thanh l\u1ecdc c\u01a1 th\u1ec3, t\u0103ng c\u01b0\u1eddng mi\u1ec5n d\u1ecbch v\u00e0 h\u1ed7 tr\u1ee3 l\u00e0m \u0111\u1eb9p t\u1eeb b\u00ean trong. Nhu c\u1ea7u cao, xu h\u01b0\u1edbng ti\u00eau d\u00f9ng xanh v\u00e0 s\u1ef1 quan t\u00e2m \u0111\u1ebfn s\u1ee9c kh\u1ecfe m\u1edf ra c\u01a1 h\u1ed9i l\u1edbn cho c\u00e1c doanh nghi\u1ec7p khi \u0111\u1ea7u t\u01b0 v\u00e0o d\u00f2ng s\u1ea3n ph\u1ea9m n\u00e0y. <\/span><span style=\"font-weight: 400;\">Tuy nhi\u00ean, th\u1ecb tr\u01b0\u1eddng ng\u00e0y c\u00e0ng kh\u1eaft khe v\u1ec1 ch\u1ea5t l\u01b0\u1ee3ng v\u00e0 quy chu\u1ea9n ki\u1ec3m nghi\u1ec7m, s\u1ea3n ph\u1ea9m c\u1ea7n \u0111\u00e1p \u1ee9ng c\u00e1c ti\u00eau ch\u00ed nghi\u00eam ng\u1eb7t v\u1ec1 y t\u1ebf v\u00e0 ph\u00e1p l\u00fd tr\u01b0\u1edbc khi ra m\u1eaft. V\u00ec v\u1eady, l\u1ef1a ch\u1ecdn h\u1ee3p t\u00e1c v\u1edbi m\u1ed9t \u0111\u01a1n v\u1ecb gia c\u00f4ng uy t\u00edn s\u1ebd gi\u00fap doanh nghi\u1ec7p \u0111\u1ea3m b\u1ea3o s\u1ea3n ph\u1ea9m \u0111\u1ea1t chu\u1ea9n, ti\u1ebft ki\u1ec7m chi ph\u00ed, r\u00fat ng\u1eafn th\u1eddi gian \u0111\u01b0a s\u1ea3n ph\u1ea9m ra th\u1ecb tr\u01b0\u1eddng, \u0111\u1ed3ng th\u1eddi n\u00e2ng cao gi\u00e1 tr\u1ecb th\u01b0\u01a1ng hi\u1ec7u.<\/span><\/p>\n<p style=\"text-align: justify;\"><span style=\"font-weight: 400;\">V\u1eady s\u1ea3n ph\u1ea9m th\u1ea3o d\u01b0\u1ee3c detox c\u00f3 g\u00ec \u0111\u1eb7c bi\u1ec7t v\u00e0 m\u00f4 h\u00ecnh gia c\u00f4ng t\u1ea1i Shizencos s\u1ebd mang l\u1ea1i l\u1ee3i th\u1ebf n\u00e0o cho doanh nghi\u1ec7p? H\u00e3y c\u00f9ng kh\u00e1m ph\u00e1 chi ti\u1ebft trong b\u00e0i vi\u1ebft d\u01b0\u1edbi \u0111\u00e2y!<\/span><\/p>\n<h1 style=\"text-align: justify;\"><span style=\"font-size: 14pt;\"><b>1. Gia c\u00f4ng th\u1ea3o d\u01b0\u1ee3c detox l\u00e0 g\u00ec?<\/b><\/span><\/h1>\n<p style=\"text-align: justify;\"><b>Th\u1ea3o d\u01b0\u1ee3c detox l\u00e0<\/b><span style=\"font-weight: 400;\"> c\u00e1c s\u1ea3n ph\u1ea9m c\u00f3 ngu\u1ed3n g\u1ed1c t\u1eeb thi\u00ean nhi\u00ean, th\u01b0\u1eddng bao g\u1ed3m c\u00e1c lo\u1ea1i th\u1ea3o m\u1ed9c, rau c\u1ee7, tr\u00e1i c\u00e2y&#8230; \u0111\u01b0\u1ee3c nghi\u00ean c\u1ee9u v\u00e0 ph\u1ed1i tr\u1ed9n nh\u1eb1m h\u1ed7 tr\u1ee3 c\u01a1 th\u1ec3 lo\u1ea1i b\u1ecf \u0111\u1ed9c t\u1ed1, thanh l\u1ecdc gan, l\u00e0m \u0111\u1eb9p da, h\u1ed7 tr\u1ee3 ti\u00eau h\u00f3a v\u00e0 t\u0103ng c\u01b0\u1eddng s\u1ee9c \u0111\u1ec1 kh\u00e1ng. S\u1ea3n ph\u1ea9m n\u00e0y c\u00f3 th\u1ec3 t\u1ed3n t\u1ea1i \u1edf nhi\u1ec1u d\u1ea1ng nh\u01b0 tr\u00e0 t\u00fai l\u1ecdc, b\u1ed9t h\u00f2a tan, vi\u00ean n\u00e9n, vi\u00ean nang ho\u1eb7c n\u01b0\u1edbc u\u1ed1ng \u0111\u00f3ng chai.<\/span><\/p>\n<p style=\"text-align: justify;\"><b>Gia c\u00f4ng th\u1ea3o d\u01b0\u1ee3c detox l\u00e0<\/b><span style=\"font-weight: 400;\"> qu\u00e1 tr\u00ecnh doanh nghi\u1ec7p h\u1ee3p t\u00e1c v\u1edbi \u0111\u01a1n v\u1ecb s\u1ea3n xu\u1ea5t \u0111\u1ec3 ph\u00e1t tri\u1ec3n, nghi\u00ean c\u1ee9u v\u00e0 s\u1ea3n xu\u1ea5t c\u00e1c d\u00f2ng s\u1ea3n ph\u1ea9m detox theo y\u00eau c\u1ea7u ri\u00eang, mang th\u01b0\u01a1ng hi\u1ec7u ri\u00eang. \u0110\u00e2y l\u00e0 gi\u1ea3i ph\u00e1p t\u1ed1i \u01b0u d\u00e0nh cho c\u00e1c c\u00f4ng ty, th\u01b0\u01a1ng hi\u1ec7u m\u1ef9 ph\u1ea9m mu\u1ed1n nhanh ch\u00f3ng ra m\u1eaft s\u1ea3n ph\u1ea9m m\u00e0 kh\u00f4ng c\u1ea7n \u0111\u1ea7u t\u01b0 nh\u00e0 m\u00e1y, d\u00e2y chuy\u1ec1n s\u1ea3n xu\u1ea5t.<\/span><\/p>\n<p>&nbsp;<\/p>\n<p><img fetchpriority=\"high\" decoding=\"async\" class=\"wp-image-12792 aligncenter\" src=\"https:\/\/shizencos.com\/wp-content\/uploads\/2025\/02\/Thao-duoc-detox-gia-cong.png\" alt=\"Gia c\u00f4ng th\u1ea3o d\u01b0\u1ee3c detox l\u00e0 g\u00ec?\" width=\"1303\" height=\"649\" title=\"\" srcset=\"https:\/\/shizencos.com\/wp-content\/uploads\/2025\/02\/Thao-duoc-detox-gia-cong.png 1175w, https:\/\/shizencos.com\/wp-content\/uploads\/2025\/02\/Thao-duoc-detox-gia-cong-300x149.png 300w, https:\/\/shizencos.com\/wp-content\/uploads\/2025\/02\/Thao-duoc-detox-gia-cong-1024x510.png 1024w, https:\/\/shizencos.com\/wp-content\/uploads\/2025\/02\/Thao-duoc-detox-gia-cong-150x75.png 150w, https:\/\/shizencos.com\/wp-content\/uploads\/2025\/02\/Thao-duoc-detox-gia-cong-768x382.png 768w, https:\/\/shizencos.com\/wp-content\/uploads\/2025\/02\/Thao-duoc-detox-gia-cong-18x9.png 18w, https:\/\/shizencos.com\/wp-content\/uploads\/2025\/02\/Thao-duoc-detox-gia-cong-600x299.png 600w\" sizes=\"(max-width: 1303px) 100vw, 1303px\" \/><\/p>\n<p style=\"text-align: center;\"><em>Gia c\u00f4ng th\u1ea3o d\u01b0\u1ee3c detox l\u00e0 g\u00ec?<\/em><\/p>\n<h1 style=\"text-align: justify;\"><span style=\"font-size: 14pt;\"><b>2. L\u1ee3i \u00edch c\u1ee7a vi\u1ec7c l\u1ef1a ch\u1ecdn gia c\u00f4ng th\u1ea3o d\u01b0\u1ee3c detox<\/b><\/span><\/h1>\n<p style=\"text-align: justify;\"><span style=\"font-weight: 400;\">L\u1ef1a ch\u1ecdn gia c\u00f4ng th\u1ea3o d\u01b0\u1ee3c detox kh\u00f4ng ch\u1ec9 l\u00e0 m\u1ed9t b\u01b0\u1edbc \u0111i chi\u1ebfn l\u01b0\u1ee3c gi\u00fap ti\u1ebft ki\u1ec7m ngu\u1ed3n l\u1ef1c, m\u00e0 c\u00f2n m\u1edf ra c\u01a1 h\u1ed9i \u0111\u1ec3 th\u01b0\u01a1ng hi\u1ec7u c\u1ee7a b\u1ea1n ti\u1ebfp c\u1eadn nhanh ch\u00f3ng th\u1ecb tr\u01b0\u1eddng v\u1edbi s\u1ea3n ph\u1ea9m ch\u1ea5t l\u01b0\u1ee3ng cao, mang t\u00ednh c\u1ea1nh tranh m\u1ea1nh m\u1ebd. D\u01b0\u1edbi \u0111\u00e2y l\u00e0 nh\u1eefng l\u1ee3i \u00edch n\u1ed5i b\u1eadt m\u00e0 m\u00f4 h\u00ecnh gia c\u00f4ng n\u00e0y mang l\u1ea1i:<\/span><\/p>\n<p style=\"text-align: justify;\"><span style=\"font-weight: 400;\">\u2705 Ti\u1ebft ki\u1ec7m chi ph\u00ed v\u1eadn h\u00e0nh nh\u00e0 m\u00e1y, ngu\u1ed3n l\u1ef1c, R&amp;D.<\/span><\/p>\n<p style=\"text-align: justify;\"><span style=\"font-weight: 400;\">\u2705 T\u1ed1i \u01b0u chi ph\u00ed s\u1ea3n xu\u1ea5t theo quy m\u00f4 linh ho\u1ea1t.<\/span><\/p>\n<p style=\"text-align: justify;\"><span style=\"font-weight: 400;\">\u2705 R\u00fat ng\u1eafn th\u1eddi gian ra m\u1eaft s\u1ea3n ph\u1ea9m.<\/span><\/p>\n<p style=\"text-align: justify;\"><span style=\"font-weight: 400;\">\u2705 \u0110\u1ea3m b\u1ea3o ch\u1ea5t l\u01b0\u1ee3ng, s\u1ea3n xu\u1ea5t theo d\u00e2y chuy\u1ec1n hi\u1ec7n \u0111\u1ea1i.<\/span><\/p>\n<p style=\"text-align: justify;\"><span style=\"font-weight: 400;\">\u2705 Legal support, testing, and quick product announcement<\/span><\/p>\n<h1 style=\"text-align: justify;\"><span style=\"font-size: 14pt;\"><b>3. Gia c\u00f4ng th\u1ea3o d\u01b0\u1ee3c detox t\u1ea1i Shizencos<\/b><\/span><\/h1>\n<p style=\"text-align: justify;\"><span style=\"font-weight: 400;\">V\u1edbi th\u1ebf m\u1ea1nh v\u1ec1 c\u00f4ng ngh\u1ec7 s\u1ea3n xu\u1ea5t hi\u1ec7n \u0111\u1ea1i, \u0111\u1ed9i ng\u0169 R&amp;D gi\u00e0u kinh nghi\u1ec7m v\u00e0 nh\u00e0 m\u00e1y \u0111\u1ea1t chu\u1ea9n qu\u1ed1c t\u1ebf, Shizencos mang \u0111\u1ebfn gi\u1ea3i ph\u00e1p gia c\u00f4ng th\u1ea3o d\u01b0\u1ee3c detox tr\u1ecdn g\u00f3i cho doanh nghi\u1ec7p t\u1eeb nghi\u00ean c\u1ee9u c\u00f4ng th\u1ee9c, s\u1ea3n xu\u1ea5t, \u0111\u1ebfn thi\u1ebft k\u1ebf bao b\u00ec v\u00e0 h\u1ed7 tr\u1ee3 ph\u00e1p l\u00fd. \u0110\u00e2y ch\u00ednh l\u00e0 l\u1ef1a ch\u1ecdn l\u00fd t\u01b0\u1edfng cho c\u00e1c th\u01b0\u01a1ng hi\u1ec7u mu\u1ed1n nhanh ch\u00f3ng gia nh\u1eadp th\u1ecb tr\u01b0\u1eddng detox ho\u1eb7c m\u1edf r\u1ed9ng d\u00f2ng s\u1ea3n ph\u1ea9m ch\u0103m s\u00f3c s\u1ee9c kh\u1ecfe mang d\u1ea5u \u1ea5n ri\u00eang.<\/span><\/p>\n<h2 style=\"text-align: justify;\"><span style=\"font-size: 14pt;\"><b>3.1 C\u00f4ng th\u1ee9c th\u1ea3o d\u01b0\u1ee3c detox \u0111a d\u1ea1ng<\/b><\/span><\/h2>\n<p style=\"text-align: justify;\"><span style=\"font-weight: 400;\">\u0110\u1ed1i v\u1edbi c\u00e1c doanh nghi\u1ec7p \u0111ang t\u00ecm ki\u1ebfm c\u01a1 h\u1ed9i m\u1edf r\u1ed9ng danh m\u1ee5c s\u1ea3n ph\u1ea9m ho\u1eb7c x\u00e2y d\u1ef1ng th\u01b0\u01a1ng hi\u1ec7u m\u1edbi, vi\u1ec7c l\u1ef1a ch\u1ecdn c\u00f4ng th\u1ee9c ph\u00f9 h\u1ee3p \u0111\u00f3ng vai tr\u00f2 quan tr\u1ecdng trong vi\u1ec7c \u0111\u1ecbnh v\u1ecb th\u01b0\u01a1ng hi\u1ec7u v\u00e0 ti\u1ebfp c\u1eadn \u0111\u00fang t\u1ec7p kh\u00e1ch h\u00e0ng. Shizencos cung c\u1ea5p danh m\u1ee5c c\u00f4ng th\u1ee9c \u0111a d\u1ea1ng, d\u1ec5 d\u00e0ng t\u00f9y ch\u1ec9nh v\u00e0 ph\u00e1t tri\u1ec3n theo t\u1eebng ph\u00e2n kh\u00fac th\u1ecb tr\u01b0\u1eddng:<\/span><\/p>\n<p>&nbsp;<\/p>\n<p><img decoding=\"async\" class=\"wp-image-12791 aligncenter\" src=\"https:\/\/shizencos.com\/wp-content\/uploads\/2025\/02\/Thao-duoc-detox-shizencos.png\" alt=\"C\u00f4ng th\u1ee9c gia c\u00f4ng th\u1ea3o d\u01b0\u1ee3c detox \u0111a d\u1ea1ng\" width=\"1329\" height=\"662\" title=\"\" srcset=\"https:\/\/shizencos.com\/wp-content\/uploads\/2025\/02\/Thao-duoc-detox-shizencos.png 1175w, https:\/\/shizencos.com\/wp-content\/uploads\/2025\/02\/Thao-duoc-detox-shizencos-300x149.png 300w, https:\/\/shizencos.com\/wp-content\/uploads\/2025\/02\/Thao-duoc-detox-shizencos-1024x510.png 1024w, https:\/\/shizencos.com\/wp-content\/uploads\/2025\/02\/Thao-duoc-detox-shizencos-150x75.png 150w, https:\/\/shizencos.com\/wp-content\/uploads\/2025\/02\/Thao-duoc-detox-shizencos-768x382.png 768w, https:\/\/shizencos.com\/wp-content\/uploads\/2025\/02\/Thao-duoc-detox-shizencos-18x9.png 18w, https:\/\/shizencos.com\/wp-content\/uploads\/2025\/02\/Thao-duoc-detox-shizencos-600x299.png 600w\" sizes=\"(max-width: 1329px) 100vw, 1329px\" \/><\/p>\n<p style=\"text-align: center;\"><em>C\u00f4ng th\u1ee9c gia c\u00f4ng th\u1ea3o d\u01b0\u1ee3c detox \u0111a d\u1ea1ng<\/em><\/p>\n<ul style=\"text-align: justify;\">\n<li style=\"font-weight: 400;\" aria-level=\"1\"><span style=\"font-weight: 400;\">Detox \u0111\u1eb9p da \u2013 s\u00e1ng da, gi\u1ea3m m\u1ee5n<\/span><\/li>\n<li style=\"font-weight: 400;\" aria-level=\"1\"><span style=\"font-weight: 400;\">Detox h\u1ed7 tr\u1ee3 gi\u1ea3m c\u00e2n \u2013 gi\u1ea3m m\u1ee1, thanh l\u1ecdc c\u01a1 th\u1ec3<\/span><\/li>\n<li style=\"font-weight: 400;\" aria-level=\"1\"><span style=\"font-weight: 400;\">Detox gan \u2013 h\u1ed7 tr\u1ee3 ch\u1ee9c n\u0103ng gan, thanh nhi\u1ec7t<\/span><\/li>\n<li style=\"font-weight: 400;\" aria-level=\"1\"><span style=\"font-weight: 400;\">Detox d\u00e0nh cho ng\u01b0\u1eddi th\u01b0\u1eddng xuy\u00ean d\u00f9ng bia r\u01b0\u1ee3u<\/span><\/li>\n<li style=\"font-weight: 400;\" aria-level=\"1\"><span style=\"font-weight: 400;\">Detox h\u1ed7 tr\u1ee3 ti\u00eau h\u00f3a, c\u1ea3i thi\u1ec7n \u0111\u01b0\u1eddng ru\u1ed9t<\/span><\/li>\n<li style=\"font-weight: 400;\" aria-level=\"1\"><span style=\"font-weight: 400;\">Detox sau sinh \u2013 h\u1ed7 tr\u1ee3 ph\u1ee5c h\u1ed3i c\u01a1 th\u1ec3, l\u00e0m \u0111\u1eb9p da<\/span><\/li>\n<li style=\"font-weight: 400;\" aria-level=\"1\"><span style=\"font-weight: 400;\">Detox tr\u1ebb em \u2013 t\u0103ng s\u1ee9c \u0111\u1ec1 kh\u00e1ng, h\u1ed7 tr\u1ee3 ti\u00eau h\u00f3a nh\u1eb9 nh\u00e0ng<\/span><\/li>\n<li style=\"font-weight: 400;\" aria-level=\"1\"><span style=\"font-weight: 400;\">Detox tr\u00e0 hoa \u2013 k\u1ebft h\u1ee3p gi\u1eefa c\u00f4ng d\u1ee5ng thanh l\u1ecdc v\u00e0 th\u01b0 gi\u00e3n tinh th\u1ea7n<\/span><\/li>\n<li style=\"font-weight: 400;\" aria-level=\"1\"><span style=\"font-weight: 400;\">Detox collagen \u2013 h\u1ed7 tr\u1ee3 l\u00e0m \u0111\u1eb9p v\u00e0 s\u0103n ch\u1eafc da t\u1eeb b\u00ean trong<\/span><\/li>\n<\/ul>\n<p style=\"text-align: justify;\"><span style=\"font-weight: 400;\">\u0110\u1eb7c bi\u1ec7t, Shizencos h\u1ed7 tr\u1ee3 t\u00f9y ch\u1ec9nh c\u00f4ng th\u1ee9c \u0111\u1ed9c quy\u1ec1n theo mong mu\u1ed1n v\u00e0 \u0111\u1ecbnh h\u01b0\u1edbng ph\u00e1t tri\u1ec3n ri\u00eang c\u1ee7a t\u1eebng th\u01b0\u01a1ng hi\u1ec7u.<\/span><\/p>\n<h2 style=\"text-align: justify;\"><b><span style=\"font-size: 14pt;\">3.2 Quy tr\u00ecnh gia c\u00f4ng s\u1ea3n ph\u1ea9m n\u1ed9i ti\u1ebft t\u1ed1 t\u1ea1i Shizencos<\/span>\u00a0<\/b><\/h2>\n<p style=\"text-align: justify;\"><span style=\"font-weight: 400;\">\u0110\u1ec3 \u0111\u1ea3m b\u1ea3o m\u1ed7i s\u1ea3n ph\u1ea9m \u0111\u1ebfn tay kh\u00e1ch h\u00e0ng \u0111\u1ea1t ch\u1ea5t l\u01b0\u1ee3ng cao nh\u1ea5t, Shizencos x\u00e2y d\u1ef1ng m\u1ed9t quy tr\u00ecnh gia c\u00f4ng kh\u00e9p k\u00edn, khoa h\u1ecdc v\u00e0 \u0111\u01b0\u1ee3c ki\u1ec3m so\u00e1t ch\u1eb7t ch\u1ebd t\u1eeb kh\u00e2u t\u01b0 v\u1ea5n \u00fd t\u01b0\u1edfng cho \u0111\u1ebfn ho\u00e0n thi\u1ec7n s\u1ea3n ph\u1ea9m. Quy tr\u00ecnh n\u00e0y kh\u00f4ng ch\u1ec9 gi\u00fap t\u1ed1i \u01b0u th\u1eddi gian s\u1ea3n xu\u1ea5t m\u00e0 c\u00f2n t\u1ea1o \u0111i\u1ec1u ki\u1ec7n cho kh\u00e1ch h\u00e0ng d\u1ec5 d\u00e0ng theo d\u00f5i v\u00e0 t\u00f9y ch\u1ec9nh theo nhu c\u1ea7u th\u1ef1c t\u1ebf c\u1ee7a th\u01b0\u01a1ng hi\u1ec7u.\u00a0<\/span><\/p>\n<p style=\"text-align: justify;\"><b>Step 1: <\/b><span style=\"font-weight: 400;\">Contact for consultation \u2013 Listen to requests and advise on appropriate formulas.<\/span><\/p>\n<p style=\"text-align: justify;\"><b>Step 2:<\/b><span style=\"font-weight: 400;\"> Research and Development \u2013 \u200b\u200bR&amp;D team researches and develops optimal formulas.<\/span><\/p>\n<p style=\"text-align: justify;\"><b>Step 3: <\/b><span style=\"font-weight: 400;\">Send samples and adjust \u2013 Provide samples, adjust based on feedback.<\/span><\/p>\n<p style=\"text-align: justify;\"><b>Step 4:<\/b><span style=\"font-weight: 400;\"> Finalize sample and quote \u2013 Confirm final formula, calculate cost<\/span><\/p>\n<p style=\"text-align: justify;\"><b>Step 5:<\/b><span style=\"font-weight: 400;\"> Signing contract and cooperation \u2013 Both parties agree and sign the processing contract.<\/span><\/p>\n<p style=\"text-align: justify;\"><b>Step 6: <\/b><span style=\"font-weight: 400;\">Prepare ingredients and stir the tank <\/span><span style=\"font-weight: 400;\">\u2013<\/span><span style=\"font-weight: 400;\"> \u2013 Import and check the quality of input materials.<\/span><\/p>\n<p style=\"text-align: justify;\"><b>Step 7:<\/b><span style=\"font-weight: 400;\"> S\u1ea3n xu\u1ea5t h\u00e0ng lo\u1ea1t\u00a0 \u2013 \u0110\u01b0a v\u00e0o s\u1ea3n xu\u1ea5t theo d\u00e2y chuy\u1ec1n kh\u00e9p k\u00edn c\u00f4ng ngh\u1ec7 cao.<\/span><\/p>\n<p style=\"text-align: justify;\"><b>Step 8: <\/b><span style=\"font-weight: 400;\">Product packaging \u2013 Filling, sealing, labeling according to design.<\/span><\/p>\n<p style=\"text-align: justify;\"><b>Step 9:<\/b><span style=\"font-weight: 400;\"> Delivery and post-production support \u2013 On-time delivery, legal support and business strategy.<\/span><\/p>\n<p>&nbsp;<\/p>\n<h1><img decoding=\"async\" class=\"aligncenter wp-image-12781\" src=\"https:\/\/shizencos.com\/wp-content\/uploads\/2024\/09\/Cam-ket-cong-ty-1.png\" alt=\"Shizencos cam k\u1ebft cung c\u1ea5p d\u1ecbch v\u1ee5 gia c\u00f4ng m\u1ef9 ph\u1ea9m uy t\u00edn\" width=\"1307\" height=\"651\" title=\"\" srcset=\"https:\/\/shizencos.com\/wp-content\/uploads\/2024\/09\/Cam-ket-cong-ty-1.png 1175w, https:\/\/shizencos.com\/wp-content\/uploads\/2024\/09\/Cam-ket-cong-ty-1-300x149.png 300w, https:\/\/shizencos.com\/wp-content\/uploads\/2024\/09\/Cam-ket-cong-ty-1-1024x510.png 1024w, https:\/\/shizencos.com\/wp-content\/uploads\/2024\/09\/Cam-ket-cong-ty-1-150x75.png 150w, https:\/\/shizencos.com\/wp-content\/uploads\/2024\/09\/Cam-ket-cong-ty-1-768x382.png 768w, https:\/\/shizencos.com\/wp-content\/uploads\/2024\/09\/Cam-ket-cong-ty-1-18x9.png 18w, https:\/\/shizencos.com\/wp-content\/uploads\/2024\/09\/Cam-ket-cong-ty-1-600x299.png 600w\" sizes=\"(max-width: 1307px) 100vw, 1307px\" \/><\/h1>\n<p style=\"text-align: center;\"><em>Shizencos is committed to providing reputable cosmetic processing services.<\/em><\/p>\n<h1 style=\"text-align: justify;\"><span style=\"font-size: 14pt;\"><b>Conclude<\/b><\/span><\/h1>\n<p style=\"text-align: justify;\"><span style=\"font-weight: 400;\">V\u1edbi kinh nghi\u1ec7m d\u00e0y d\u1ea1n, quy tr\u00ecnh chuy\u00ean nghi\u1ec7p v\u00e0 ch\u00ednh s\u00e1ch h\u1ed7 tr\u1ee3 to\u00e0n di\u1ec7n, Shizencos cam k\u1ebft \u0111\u1ed3ng h\u00e0nh c\u00f9ng c\u00e1c doanh nghi\u1ec7p, th\u01b0\u01a1ng hi\u1ec7u m\u1ef9 ph\u1ea9m tr\u00ean h\u00e0nh tr\u00ecnh ph\u00e1t tri\u1ec3n s\u1ea3n ph\u1ea9m th\u1ea3o d\u01b0\u1ee3c detox ch\u1ea5t l\u01b0\u1ee3ng cao, an to\u00e0n v\u00e0 mang \u0111\u1eadm d\u1ea5u \u1ea5n ri\u00eang. <\/span><span style=\"font-weight: 400;\"><span style=\"color: #3366ff;\"><a style=\"color: #3366ff;\" href=\"https:\/\/shizencos.com\/en\/lien-he\/\">Contact now<\/a><\/span> v\u1edbi Shizencos \u0111\u1ec3 nh\u1eadn t\u01b0 v\u1ea5n &amp; m\u1eabu th\u1eed mi\u1ec5n ph\u00ed h\u00f4m nay \u2013 b\u01b0\u1edbc \u0111\u1ea7u ti\u00ean \u0111\u1ec3 x\u00e2y d\u1ef1ng th\u01b0\u01a1ng hi\u1ec7u detox th\u00e0nh c\u00f4ng!<\/span><\/p>","protected":false},"excerpt":{"rendered":"<p>S\u1ea3n ph\u1ea9m gia c\u00f4ng th\u1ea3o d\u01b0\u1ee3c detox ng\u00e0y c\u00e0ng \u0111\u01b0\u1ee3c ng\u01b0\u1eddi ti\u00eau d\u00f9ng \u01b0u ti\u00ean l\u1ef1a ch\u1ecdn nh\u1edd kh\u1ea3 n\u0103ng thanh l\u1ecdc c\u01a1 th\u1ec3, t\u0103ng c\u01b0\u1eddng mi\u1ec5n d\u1ecbch v\u00e0 h\u1ed7 tr\u1ee3 l\u00e0m \u0111\u1eb9p t\u1eeb b\u00ean trong. Nhu c\u1ea7u cao, xu h\u01b0\u1edbng ti\u00eau d\u00f9ng xanh v\u00e0 s\u1ef1 quan t\u00e2m \u0111\u1ebfn s\u1ee9c kh\u1ecfe m\u1edf ra c\u01a1 h\u1ed9i [&hellip;]<\/p>\n","protected":false},"featured_media":12001,"comment_status":"open","ping_status":"closed","template":"","meta":[],"product_brand":[],"product_cat":[34],"product_tag":[],"class_list":{"0":"post-12000","1":"product","2":"type-product","3":"status-publish","4":"has-post-thumbnail","6":"product_cat-gia-cong-thuc-pham-chuc-nang","8":"first","9":"instock","10":"shipping-taxable","11":"product-type-simple"},"_links":{"self":[{"href":"https:\/\/shizencos.com\/en\/wp-json\/wp\/v2\/product\/12000","targetHints":{"allow":["GET"]}}],"collection":[{"href":"https:\/\/shizencos.com\/en\/wp-json\/wp\/v2\/product"}],"about":[{"href":"https:\/\/shizencos.com\/en\/wp-json\/wp\/v2\/types\/product"}],"replies":[{"embeddable":true,"href":"https:\/\/shizencos.com\/en\/wp-json\/wp\/v2\/comments?post=12000"}],"wp:featuredmedia":[{"embeddable":true,"href":"https:\/\/shizencos.com\/en\/wp-json\/wp\/v2\/media\/12001"}],"wp:attachment":[{"href":"https:\/\/shizencos.com\/en\/wp-json\/wp\/v2\/media?parent=12000"}],"wp:term":[{"taxonomy":"product_brand","embeddable":true,"href":"https:\/\/shizencos.com\/en\/wp-json\/wp\/v2\/product_brand?post=12000"},{"taxonomy":"product_cat","embeddable":true,"href":"https:\/\/shizencos.com\/en\/wp-json\/wp\/v2\/product_cat?post=12000"},{"taxonomy":"product_tag","embeddable":true,"href":"https:\/\/shizencos.com\/en\/wp-json\/wp\/v2\/product_tag?post=12000"}],"curies":[{"name":"wp","href":"https:\/\/api.w.org\/{rel}","templated":true}]}}