{"id":11998,"date":"2025-02-05T08:54:51","date_gmt":"2025-02-05T01:54:51","guid":{"rendered":"https:\/\/shizencos.com\/?post_type=product&#038;p=11998"},"modified":"2025-06-10T09:19:56","modified_gmt":"2025-06-10T02:19:56","slug":"gia-cong-san-pham-khoang-chat","status":"publish","type":"product","link":"https:\/\/shizencos.com\/en\/gia-cong-san-pham-khoang-chat\/","title":{"rendered":"Mineral products processing"},"content":{"rendered":"<p style=\"text-align: justify;\"><span style=\"font-weight: 400;\">Khi nhu c\u1ea7u ch\u0103m s\u00f3c s\u1ee9c kh\u1ecfe ch\u1ee7 \u0111\u1ed9ng ng\u00e0y c\u00e0ng gia t\u0103ng, c\u00e1c s\u1ea3n ph\u1ea9m b\u1ed5 sung vi kho\u00e1ng tr\u1edf th\u00e0nh xu h\u01b0\u1edbng ti\u00eau d\u00f9ng n\u1ed5i b\u1eadt trong ng\u00e0nh th\u1ef1c ph\u1ea9m ch\u1ee9c n\u0103ng. \u0110\u1eb7c bi\u1ec7t,<\/span> <span style=\"font-weight: 400;\">s\u1ea3n ph\u1ea9m kho\u00e1ng ch\u1ea5t kh\u00f4ng ch\u1ec9 d\u1ec5 d\u00e0ng ti\u1ebfp c\u1eadn ng\u01b0\u1eddi d\u00f9ng m\u00e0 c\u00f2n c\u00f3 ti\u1ec1m n\u0103ng ph\u00e1t tri\u1ec3n b\u1ec1n v\u1eefng, ph\u00f9 h\u1ee3p v\u1edbi nhi\u1ec1u \u0111\u1ecbnh h\u01b0\u1edbng kinh doanh kh\u00e1c nhau.<\/span><\/p>\n<p style=\"text-align: justify;\"><span style=\"font-weight: 400;\">N\u1ebfu b\u1ea1n l\u00e0 doanh nghi\u1ec7p \u0111ang c\u00e2n nh\u1eafc m\u1edf r\u1ed9ng danh m\u1ee5c th\u1ef1c ph\u1ea9m ch\u1ee9c n\u0103ng ho\u1eb7c kh\u1edfi \u0111\u1ea7u v\u1edbi m\u1ed9t d\u00f2ng s\u1ea3n ph\u1ea9m \u0111\u01a1n gi\u1ea3n, t\u1ed1i \u01b0u chi ph\u00ed, th\u00ec kho\u00e1ng ch\u1ea5t ch\u00ednh l\u00e0 l\u1ef1a ch\u1ecdn kh\u00f4ng th\u1ec3 b\u1ecf qua. H\u00e3y theo d\u00f5i b\u00e0i vi\u1ebft \u0111\u1ec3 kh\u00e1m ph\u00e1 m\u00f4 h\u00ecnh gia c\u00f4ng s\u1ea3n ph\u1ea9m kho\u00e1ng ch\u1ea5t hi\u1ec7u qu\u1ea3 v\u00e0 l\u00fd do Shizencos l\u00e0 \u0111\u1ed1i t\u00e1c l\u00fd t\u01b0\u1edfng cho h\u00e0nh tr\u00ecnh ph\u00e1t tri\u1ec3n th\u01b0\u01a1ng hi\u1ec7u c\u1ee7a b\u1ea1n.<\/span><\/p>\n<h1 style=\"text-align: justify;\"><span style=\"font-size: 14pt;\"><b>1. Gia c\u00f4ng s\u1ea3n ph\u1ea9m kho\u00e1ng ch\u1ea5t l\u00e0 g\u00ec?<\/b><\/span><\/h1>\n<p style=\"text-align: justify;\"><b>S\u1ea3n ph\u1ea9m kho\u00e1ng ch\u1ea5t<\/b><span style=\"font-weight: 400;\"> l\u00e0 c\u00e1c s\u1ea3n ph\u1ea9m b\u1ed5 sung vi kho\u00e1ng thi\u1ebft y\u1ebfu cho c\u01a1 th\u1ec3 nh\u01b0 k\u1ebdm, selen, magie, canxi, s\u1eaft,&#8230; C\u00e1c kho\u00e1ng ch\u1ea5t n\u00e0y c\u00f3 vai tr\u00f2 quan tr\u1ecdng trong vi\u1ec7c h\u1ed7 tr\u1ee3 n\u00e2ng cao s\u1ee9c kh\u1ecfe, t\u0103ng s\u1ee9c \u0111\u1ec1 kh\u00e1ng, l\u00e0m \u0111\u1eb9p da, t\u00f3c v\u00e0 m\u00f3ng, \u0111\u1ed3ng th\u1eddi gi\u00fap c\u01a1 th\u1ec3 ho\u1ea1t \u0111\u1ed9ng hi\u1ec7u qu\u1ea3 h\u01a1n m\u1ed7i ng\u00e0y.<\/span><\/p>\n<p style=\"text-align: justify;\"><span style=\"font-weight: 400;\">S\u1ea3n ph\u1ea9m kho\u00e1ng ch\u1ea5t th\u01b0\u1eddng \u0111\u01b0\u1ee3c b\u00e0o ch\u1ebf d\u01b0\u1edbi nhi\u1ec1u d\u1ea1ng ti\u1ec7n d\u1ee5ng nh\u01b0: vi\u00ean nang, vi\u00ean n\u00e9n, b\u1ed9t h\u00f2a tan, siro, c\u1ed1m, k\u1eb9o d\u1ebbo,\u2026 ph\u00f9 h\u1ee3p v\u1edbi nhi\u1ec1u \u0111\u1ed1i t\u01b0\u1ee3ng ng\u01b0\u1eddi d\u00f9ng nh\u01b0 ng\u01b0\u1eddi tr\u01b0\u1edfng th\u00e0nh, ng\u01b0\u1eddi gi\u00e0, ph\u1ee5 n\u1eef sau sinh, ng\u01b0\u1eddi v\u1eadn \u0111\u1ed9ng nhi\u1ec1u, ho\u1eb7c ng\u01b0\u1eddi \u0111ang trong giai \u0111o\u1ea1n ph\u1ee5c h\u1ed3i th\u1ec3 tr\u1ea1ng. Trong b\u1ed1i c\u1ea3nh ng\u01b0\u1eddi ti\u00eau d\u00f9ng ng\u00e0y c\u00e0ng quan t\u00e2m \u0111\u1ebfn s\u1ee9c kh\u1ecfe v\u00e0 ph\u00f2ng ng\u1eeba b\u1ec7nh l\u00fd t\u1eeb s\u1edbm, s\u1ea3n ph\u1ea9m kho\u00e1ng ch\u1ea5t tr\u1edf th\u00e0nh l\u1ef1a ch\u1ecdn l\u00fd t\u01b0\u1edfng, gi\u00fap b\u1ed5 sung dinh d\u01b0\u1ee1ng m\u1ed9t c\u00e1ch ch\u1ee7 \u0111\u1ed9ng \u2013 an to\u00e0n \u2013 ti\u1ec7n l\u1ee3i m\u1ed7i ng\u00e0y.<\/span><\/p>\n<p style=\"text-align: justify;\"><b>Mineral products processing<\/b><span style=\"font-weight: 400;\"> l\u00e0 quy tr\u00ecnh s\u1ea3n xu\u1ea5t c\u00e1c th\u1ef1c ph\u1ea9m ch\u1ee9c n\u0103ng b\u1ed5 sung kho\u00e1ng ch\u1ea5t theo y\u00eau c\u1ea7u ri\u00eang c\u1ee7a t\u1eebng doanh nghi\u1ec7p ho\u1eb7c th\u01b0\u01a1ng hi\u1ec7u. Qu\u00e1 tr\u00ecnh n\u00e0y bao g\u1ed3m c\u00e1c b\u01b0\u1edbc t\u1eeb t\u01b0 v\u1ea5n, ph\u00e1t tri\u1ec3n c\u00f4ng th\u1ee9c, s\u1ea3n xu\u1ea5t \u0111\u1ebfn \u0111\u00f3ng g\u00f3i v\u00e0 ho\u00e0n thi\u1ec7n s\u1ea3n ph\u1ea9m. D\u1ecbch v\u1ee5 n\u00e0y th\u01b0\u1eddng \u0111\u01b0\u1ee3c th\u1ef1c hi\u1ec7n b\u1edfi c\u00e1c \u0111\u01a1n v\u1ecb gia c\u00f4ng chuy\u00ean nghi\u1ec7p nh\u01b0 <\/span><b>Shizencos<\/b><span style=\"font-weight: 400;\">, gi\u00fap kh\u00e1ch h\u00e0ng ti\u1ebft ki\u1ec7m chi ph\u00ed \u0111\u1ea7u t\u01b0 nh\u00e0 m\u00e1y, t\u1ed1i \u01b0u ngu\u1ed3n l\u1ef1c, r\u00fat ng\u1eafn th\u1eddi gian ra m\u1eaft s\u1ea3n ph\u1ea9m v\u00e0 \u0111\u1ea3m b\u1ea3o ti\u00eau chu\u1ea9n ch\u1ea5t l\u01b0\u1ee3ng qu\u1ed1c t\u1ebf.<\/span><\/p>\n<p>&nbsp;<\/p>\n<p><img fetchpriority=\"high\" decoding=\"async\" class=\"aligncenter wp-image-12787\" src=\"https:\/\/shizencos.com\/wp-content\/uploads\/2025\/02\/nguon-nguyen-lieu-da-dang-1.png\" alt=\"Gia c\u00f4ng s\u1ea3n ph\u1ea9m kho\u00e1ng ch\u1ea5t l\u00e0 g\u00ec?\" width=\"1253\" height=\"624\" title=\"\" srcset=\"https:\/\/shizencos.com\/wp-content\/uploads\/2025\/02\/nguon-nguyen-lieu-da-dang-1.png 1175w, https:\/\/shizencos.com\/wp-content\/uploads\/2025\/02\/nguon-nguyen-lieu-da-dang-1-300x149.png 300w, https:\/\/shizencos.com\/wp-content\/uploads\/2025\/02\/nguon-nguyen-lieu-da-dang-1-1024x510.png 1024w, https:\/\/shizencos.com\/wp-content\/uploads\/2025\/02\/nguon-nguyen-lieu-da-dang-1-150x75.png 150w, https:\/\/shizencos.com\/wp-content\/uploads\/2025\/02\/nguon-nguyen-lieu-da-dang-1-768x382.png 768w, https:\/\/shizencos.com\/wp-content\/uploads\/2025\/02\/nguon-nguyen-lieu-da-dang-1-18x9.png 18w, https:\/\/shizencos.com\/wp-content\/uploads\/2025\/02\/nguon-nguyen-lieu-da-dang-1-600x299.png 600w\" sizes=\"(max-width: 1253px) 100vw, 1253px\" \/><\/p>\n<p style=\"text-align: center;\"><em>Gia c\u00f4ng s\u1ea3n ph\u1ea9m kho\u00e1ng ch\u1ea5t l\u00e0 g\u00ec?<\/em><\/p>\n<h1 style=\"text-align: justify;\"><span style=\"font-size: 14pt;\"><b>2. L\u1ee3i \u00edch c\u1ee7a vi\u1ec7c l\u1ef1a ch\u1ecdn gia c\u00f4ng s\u1ea3n ph\u1ea9m kho\u00e1ng ch\u1ea5t<\/b><\/span><\/h1>\n<p style=\"text-align: justify;\"><span style=\"font-weight: 400;\">Gia c\u00f4ng s\u1ea3n ph\u1ea9m kho\u00e1ng ch\u1ea5t t\u1ea1i c\u00e1c nh\u00e0 m\u00e1y \u0111\u1ea1t chu\u1ea9n kh\u00f4ng ch\u1ec9 l\u00e0 gi\u1ea3i ph\u00e1p t\u1ed1i \u01b0u chi ph\u00ed m\u00e0 c\u00f2n l\u00e0 chi\u1ebfn l\u01b0\u1ee3c th\u00f4ng minh \u0111\u1ec3 nhanh ch\u00f3ng ti\u1ebfp c\u1eadn th\u1ecb tr\u01b0\u1eddng. \u0110\u1eb7c bi\u1ec7t, khi h\u1ee3p t\u00e1c c\u00f9ng \u0111\u01a1n v\u1ecb uy t\u00edn nh\u01b0 Shizencos, doanh nghi\u1ec7p s\u1ebd nh\u1eadn \u0111\u01b0\u1ee3c gi\u00e1 tr\u1ecb v\u01b0\u1ee3t ngo\u00e0i mong \u0111\u1ee3i:<\/span><\/p>\n<p style=\"text-align: justify;\"><span style=\"font-weight: 400;\">\u2705 Ti\u1ebft ki\u1ec7m chi ph\u00ed v\u1eadn h\u00e0nh nh\u00e0 m\u00e1y, ngu\u1ed3n l\u1ef1c, R&amp;D.<\/span><\/p>\n<p style=\"text-align: justify;\"><span style=\"font-weight: 400;\">\u2705 T\u1ed1i \u01b0u chi ph\u00ed s\u1ea3n xu\u1ea5t theo quy m\u00f4 linh ho\u1ea1t.<\/span><\/p>\n<p style=\"text-align: justify;\"><span style=\"font-weight: 400;\">\u2705 R\u00fat ng\u1eafn th\u1eddi gian ra m\u1eaft s\u1ea3n ph\u1ea9m.<\/span><\/p>\n<p style=\"text-align: justify;\"><span style=\"font-weight: 400;\">\u2705 \u0110\u1ea3m b\u1ea3o ch\u1ea5t l\u01b0\u1ee3ng, s\u1ea3n xu\u1ea5t theo d\u00e2y chuy\u1ec1n \u0111\u1ea1t chu\u1ea9n.<\/span><\/p>\n<p style=\"text-align: justify;\"><span style=\"font-weight: 400;\">\u2705 Legal support, testing, and quick product announcement<\/span><\/p>\n<h1 style=\"text-align: justify;\"><span style=\"font-size: 14pt;\"><b>3. Gia c\u00f4ng s\u1ea3n ph\u1ea9m kho\u00e1ng ch\u1ea5t t\u1ea1i Shizencos<\/b><\/span><\/h1>\n<p style=\"text-align: justify;\"><span style=\"font-weight: 400;\">Khi th\u1ecb tr\u01b0\u1eddng th\u1ef1c ph\u1ea9m ch\u1ee9c n\u0103ng ng\u00e0y c\u00e0ng c\u1ea1nh tranh, vi\u1ec7c s\u1edf h\u1eefu s\u1ea3n ph\u1ea9m kho\u00e1ng ch\u1ea5t ch\u1ea5t l\u01b0\u1ee3ng cao, c\u00f4ng th\u1ee9c kh\u00e1c bi\u1ec7t v\u00e0 \u0111\u1ecbnh v\u1ecb th\u01b0\u01a1ng hi\u1ec7u r\u00f5 r\u00e0ng ch\u00ednh l\u00e0 y\u1ebfu t\u1ed1 then ch\u1ed1t \u0111\u1ec3 th\u00e0nh c\u00f4ng. Shizencos t\u1ef1 h\u00e0o l\u00e0 \u0111\u1ed1i t\u00e1c chi\u1ebfn l\u01b0\u1ee3c \u0111\u00e1ng tin c\u1eady, \u0111\u1ed3ng h\u00e0nh c\u00f9ng h\u00e0ng tr\u0103m th\u01b0\u01a1ng hi\u1ec7u t\u1eeb \u00fd t\u01b0\u1edfng \u0111\u1ebfn s\u1ea3n ph\u1ea9m ho\u00e0n thi\u1ec7n, \u0111\u00e1p \u1ee9ng \u0111\u1ea7y \u0111\u1ee7 ti\u00eau chu\u1ea9n qu\u1ed1c t\u1ebf v\u00e0 k\u1ef3 v\u1ecdng c\u1ee7a th\u1ecb tr\u01b0\u1eddng.<\/span><\/p>\n<h2 style=\"text-align: justify;\"><span style=\"font-size: 14pt;\"><b>3.1 C\u00f4ng th\u1ee9c s\u1ea3n ph\u1ea9m kho\u00e1ng ch\u1ea5t \u0111a d\u1ea1ng<\/b><\/span><\/h2>\n<p style=\"text-align: justify;\"><span style=\"font-weight: 400;\">\u0110\u1ec3 gi\u00fap doanh nghi\u1ec7p d\u1ec5 d\u00e0ng \u0111\u1ecbnh h\u00ecnh s\u1ea3n ph\u1ea9m ph\u00f9 h\u1ee3p v\u1edbi \u0111\u1ecbnh h\u01b0\u1edbng kinh doanh v\u00e0 th\u1ecb tr\u01b0\u1eddng m\u1ee5c ti\u00eau, Shizencos mang \u0111\u1ebfn danh m\u1ee5c c\u00f4ng th\u1ee9c kho\u00e1ng ch\u1ea5t phong ph\u00fa, s\u1eb5n s\u00e0ng tu\u1ef3 ch\u1ec9nh linh ho\u1ea1t theo y\u00eau c\u1ea7u:<\/span><\/p>\n<p>&nbsp;<\/p>\n<p><img decoding=\"async\" class=\"aligncenter wp-image-12788\" src=\"https:\/\/shizencos.com\/wp-content\/uploads\/2025\/02\/gia-cong-khoang-chat.png\" alt=\"C\u00f4ng th\u1ee9c gia c\u00f4ng s\u1ea3n ph\u1ea9m kho\u00e1ng ch\u1ea5t \u0111a d\u1ea1ng\" width=\"1247\" height=\"621\" title=\"\" srcset=\"https:\/\/shizencos.com\/wp-content\/uploads\/2025\/02\/gia-cong-khoang-chat.png 1175w, https:\/\/shizencos.com\/wp-content\/uploads\/2025\/02\/gia-cong-khoang-chat-300x149.png 300w, https:\/\/shizencos.com\/wp-content\/uploads\/2025\/02\/gia-cong-khoang-chat-1024x510.png 1024w, https:\/\/shizencos.com\/wp-content\/uploads\/2025\/02\/gia-cong-khoang-chat-150x75.png 150w, https:\/\/shizencos.com\/wp-content\/uploads\/2025\/02\/gia-cong-khoang-chat-768x382.png 768w, https:\/\/shizencos.com\/wp-content\/uploads\/2025\/02\/gia-cong-khoang-chat-18x9.png 18w, https:\/\/shizencos.com\/wp-content\/uploads\/2025\/02\/gia-cong-khoang-chat-600x299.png 600w\" sizes=\"(max-width: 1247px) 100vw, 1247px\" \/><\/p>\n<p style=\"text-align: center;\"><em>C\u00f4ng th\u1ee9c gia c\u00f4ng s\u1ea3n ph\u1ea9m kho\u00e1ng ch\u1ea5t \u0111a d\u1ea1ng<\/em><\/p>\n<ul style=\"text-align: justify;\">\n<li style=\"font-weight: 400;\" aria-level=\"1\"><b>Vi\u00ean nang, vi\u00ean n\u00e9n b\u1ed5 sung kho\u00e1ng ch\u1ea5t<\/b><span style=\"font-weight: 400;\"> \u2013 d\u1ea1ng ph\u1ed5 bi\u1ebfn, d\u1ec5 s\u1eed d\u1ee5ng, th\u00edch h\u1ee3p v\u1edbi s\u1ea3n ph\u1ea9m cao c\u1ea5p ho\u1eb7c nh\u1eafm \u0111\u1ebfn nh\u00f3m kh\u00e1ch h\u00e0ng trung ni\u00ean.<\/span><\/li>\n<li style=\"font-weight: 400;\" aria-level=\"1\"><b>B\u1ed9t h\u00f2a tan, c\u1ed1m u\u1ed1ng<\/b><span style=\"font-weight: 400;\"> \u2013 ti\u1ec7n l\u1ee3i, h\u1ea5p thu nhanh, ph\u00f9 h\u1ee3p v\u1edbi ng\u01b0\u1eddi ch\u01a1i th\u1ec3 thao, ng\u01b0\u1eddi b\u1eadn r\u1ed9n ho\u1eb7c tr\u1ebb em.<\/span><\/li>\n<li style=\"font-weight: 400;\" aria-level=\"1\"><b>Siro kho\u00e1ng ch\u1ea5t<\/b><span style=\"font-weight: 400;\"> \u2013 d\u1ec5 d\u00f9ng cho tr\u1ebb nh\u1ecf ho\u1eb7c ng\u01b0\u1eddi gi\u00e0, c\u00f3 th\u1ec3 b\u1ed5 sung th\u00eam chi\u1ebft xu\u1ea5t th\u1ea3o d\u01b0\u1ee3c \u0111\u1ec3 t\u0103ng c\u00f4ng d\u1ee5ng.<\/span><\/li>\n<li style=\"font-weight: 400;\" aria-level=\"1\"><b>K\u1eb9o d\u1ebbo ch\u1ee9c n\u0103ng<\/b><span style=\"font-weight: 400;\"> \u2013 h\u1ea5p d\u1eabn, s\u00e1ng t\u1ea1o, \u0111\u01b0\u1ee3c \u01b0a chu\u1ed9ng v\u1edbi kh\u00e1ch h\u00e0ng tr\u1ebb v\u00e0 ph\u1ee5 n\u1eef quan t\u00e2m \u0111\u1ebfn l\u00e0m \u0111\u1eb9p.<\/span><\/li>\n<\/ul>\n<p style=\"text-align: justify;\"><span style=\"font-weight: 400;\">T\u1ea5t c\u1ea3 c\u00f4ng th\u1ee9c \u0111\u1ec1u c\u00f3 th\u1ec3 \u0111i\u1ec1u ch\u1ec9nh h\u00e0m l\u01b0\u1ee3ng, b\u1ed5 sung vitamin, collagen, th\u1ea3o d\u01b0\u1ee3c t\u1ef1 nhi\u00ean,&#8230; gi\u00fap s\u1ea3n ph\u1ea9m c\u00f3 b\u1ea3n s\u1eafc ri\u00eang v\u00e0 t\u0103ng kh\u1ea3 n\u0103ng c\u1ea1nh tranh tr\u00ean th\u1ecb tr\u01b0\u1eddng.<\/span><\/p>\n<h2 style=\"text-align: justify;\"><span style=\"font-size: 14pt;\"><b>3.2 Quy tr\u00ecnh gia c\u00f4ng s\u1ea3n ph\u1ea9m kho\u00e1ng ch\u1ea5t t\u1ea1i Shizencos\u00a0<\/b><\/span><\/h2>\n<p style=\"text-align: justify;\"><span style=\"font-weight: 400;\">\u0110\u1ec3 m\u1ed7i s\u1ea3n ph\u1ea9m kho\u00e1ng ch\u1ea5t ra \u0111\u1eddi \u0111\u1ea1t chu\u1ea9n ch\u1ea5t l\u01b0\u1ee3ng, \u0111\u00e1p \u1ee9ng \u0111\u00fang \u0111\u1ecbnh h\u01b0\u1edbng th\u01b0\u01a1ng hi\u1ec7u v\u00e0 nhu c\u1ea7u ng\u01b0\u1eddi d\u00f9ng, Shizencos x\u00e2y d\u1ef1ng m\u1ed9t quy tr\u00ecnh gia c\u00f4ng kh\u00e9p k\u00edn \u2013 minh b\u1ea1ch \u2013 hi\u1ec7u qu\u1ea3. T\u1eebng b\u01b0\u1edbc \u0111\u1ec1u \u0111\u01b0\u1ee3c ki\u1ec3m so\u00e1t ch\u1eb7t ch\u1ebd, \u0111\u1ea3m b\u1ea3o s\u1ef1 \u0111\u1ed3ng nh\u1ea5t v\u00e0 t\u1ed1i \u01b0u h\u00f3a chi ph\u00ed cho \u0111\u1ed1i t\u00e1c.<\/span><\/p>\n<p style=\"text-align: justify;\"><b>Step 1: <\/b><span style=\"font-weight: 400;\">Contact for consultation \u2013 Listen to requests and advise on appropriate formulas.<\/span><\/p>\n<p style=\"text-align: justify;\"><b>Step 2:<\/b><span style=\"font-weight: 400;\"> Research and Development \u2013 \u200b\u200bR&amp;D team researches and develops optimal formulas.<\/span><\/p>\n<p style=\"text-align: justify;\"><b>Step 3: <\/b><span style=\"font-weight: 400;\">Send samples and adjust \u2013 Provide samples, adjust based on feedback.<\/span><\/p>\n<p style=\"text-align: justify;\"><b>Step 4:<\/b><span style=\"font-weight: 400;\"> Finalize sample and quote \u2013 Confirm final formula, calculate cost<\/span><\/p>\n<p style=\"text-align: justify;\"><b>Step 5:<\/b><span style=\"font-weight: 400;\"> Signing contract and cooperation \u2013 Both parties agree and sign the processing contract.<\/span><\/p>\n<p style=\"text-align: justify;\"><b>Step 6: <\/b><span style=\"font-weight: 400;\">Prepare ingredients and stir the tank <\/span><span style=\"font-weight: 400;\">\u2013<\/span><span style=\"font-weight: 400;\"> \u2013 Import and check the quality of input materials.<\/span><\/p>\n<p style=\"text-align: justify;\"><b>Step 7:<\/b><span style=\"font-weight: 400;\"> S\u1ea3n xu\u1ea5t h\u00e0ng lo\u1ea1t\u00a0 \u2013 \u0110\u01b0a v\u00e0o s\u1ea3n xu\u1ea5t theo d\u00e2y chuy\u1ec1n kh\u00e9p k\u00edn c\u00f4ng ngh\u1ec7 cao.<\/span><\/p>\n<p style=\"text-align: justify;\"><b>Step 8: <\/b><span style=\"font-weight: 400;\">Product packaging \u2013 Filling, sealing, labeling according to design.<\/span><\/p>\n<p style=\"text-align: justify;\"><b>Step 9:<\/b><span style=\"font-weight: 400;\"> Delivery and post-production support \u2013 On-time delivery, legal support and business strategy.<\/span><\/p>\n<p>&nbsp;<\/p>\n<h1><img decoding=\"async\" class=\"aligncenter wp-image-12781\" src=\"https:\/\/shizencos.com\/wp-content\/uploads\/2024\/09\/Cam-ket-cong-ty-1.png\" alt=\"Shizencos cam k\u1ebft cung c\u1ea5p d\u1ecbch v\u1ee5 gia c\u00f4ng m\u1ef9 ph\u1ea9m uy t\u00edn\" width=\"1257\" height=\"626\" title=\"\" srcset=\"https:\/\/shizencos.com\/wp-content\/uploads\/2024\/09\/Cam-ket-cong-ty-1.png 1175w, https:\/\/shizencos.com\/wp-content\/uploads\/2024\/09\/Cam-ket-cong-ty-1-300x149.png 300w, https:\/\/shizencos.com\/wp-content\/uploads\/2024\/09\/Cam-ket-cong-ty-1-1024x510.png 1024w, https:\/\/shizencos.com\/wp-content\/uploads\/2024\/09\/Cam-ket-cong-ty-1-150x75.png 150w, https:\/\/shizencos.com\/wp-content\/uploads\/2024\/09\/Cam-ket-cong-ty-1-768x382.png 768w, https:\/\/shizencos.com\/wp-content\/uploads\/2024\/09\/Cam-ket-cong-ty-1-18x9.png 18w, https:\/\/shizencos.com\/wp-content\/uploads\/2024\/09\/Cam-ket-cong-ty-1-600x299.png 600w\" sizes=\"(max-width: 1257px) 100vw, 1257px\" \/><\/h1>\n<p style=\"text-align: center;\"><em>Shizencos is committed to providing reputable cosmetic processing services.<\/em><\/p>\n<h1 style=\"text-align: justify;\"><span style=\"font-size: 14pt;\"><b>Conclude<\/b><\/span><\/h1>\n<p style=\"text-align: justify;\"><span style=\"font-weight: 400;\">Trong b\u1ed1i c\u1ea3nh ng\u01b0\u1eddi ti\u00eau d\u00f9ng ng\u00e0y c\u00e0ng quan t\u00e2m \u0111\u1ebfn s\u1ee9c kh\u1ecfe v\u00e0 ch\u1ee7 \u0111\u1ed9ng ph\u00f2ng ng\u1eeba b\u1ec7nh t\u1eadt, c\u00e1c d\u00f2ng s\u1ea3n ph\u1ea9m kho\u00e1ng ch\u1ea5t kh\u00f4ng ch\u1ec9 l\u00e0 xu h\u01b0\u1edbng \u2013 m\u00e0 c\u00f2n l\u00e0 c\u01a1 h\u1ed9i kinh doanh \u0111\u1ea7y ti\u1ec1m n\u0103ng. Vi\u1ec7c \u0111\u1ea7u t\u01b0 \u0111\u00fang ngay t\u1eeb b\u01b0\u1edbc gia c\u00f4ng s\u1ebd quy\u1ebft \u0111\u1ecbnh th\u00e0nh c\u00f4ng l\u00e2u d\u00e0i c\u1ee7a th\u01b0\u01a1ng hi\u1ec7u.<\/span><\/p>\n<p style=\"text-align: justify;\"><span style=\"font-weight: 400;\">V\u1edbi n\u0103ng l\u1ef1c s\u1ea3n xu\u1ea5t to\u00e0n di\u1ec7n, \u0111\u1ed9i ng\u0169 chuy\u00ean m\u00f4n cao v\u00e0 d\u1ecbch v\u1ee5 \u0111\u1ed3ng h\u00e0nh t\u1eadn t\u00e2m, Shizencos ch\u00ednh l\u00e0 l\u1ef1a ch\u1ecdn h\u00e0ng \u0111\u1ea7u gi\u00fap b\u1ea1n t\u1ea1o ra s\u1ea3n ph\u1ea9m kho\u00e1ng ch\u1ea5t kh\u00e1c bi\u1ec7t \u2013 an to\u00e0n \u2013 hi\u1ec7u qu\u1ea3. <\/span><span style=\"font-weight: 400;\">Bi\u1ebfn \u00fd t\u01b0\u1edfng th\u00e0nh s\u1ea3n ph\u1ea9m th\u1ef1c t\u1ebf c\u00f9ng Shizencos, <span style=\"color: #3366ff;\"><a style=\"color: #3366ff;\" href=\"https:\/\/shizencos.com\/en\/lien-he\/\">li\u00ean h\u1ec7 ngay<\/a> <\/span>\u0111\u1ec3 nh\u1eadn m\u1eabu th\u1eed v\u00e0 t\u01b0 v\u1ea5n chi\u1ebfn l\u01b0\u1ee3c ri\u00eang cho th\u01b0\u01a1ng hi\u1ec7u c\u1ee7a b\u1ea1n!<\/span><\/p>\n<p style=\"text-align: justify;\"><span style=\"font-weight: 400;\">\u00a0<\/span><\/p>","protected":false},"excerpt":{"rendered":"<p>Khi nhu c\u1ea7u ch\u0103m s\u00f3c s\u1ee9c kh\u1ecfe ch\u1ee7 \u0111\u1ed9ng ng\u00e0y c\u00e0ng gia t\u0103ng, c\u00e1c s\u1ea3n ph\u1ea9m b\u1ed5 sung vi kho\u00e1ng tr\u1edf th\u00e0nh xu h\u01b0\u1edbng ti\u00eau d\u00f9ng n\u1ed5i b\u1eadt trong ng\u00e0nh th\u1ef1c ph\u1ea9m ch\u1ee9c n\u0103ng. \u0110\u1eb7c bi\u1ec7t, s\u1ea3n ph\u1ea9m kho\u00e1ng ch\u1ea5t kh\u00f4ng ch\u1ec9 d\u1ec5 d\u00e0ng ti\u1ebfp c\u1eadn ng\u01b0\u1eddi d\u00f9ng m\u00e0 c\u00f2n c\u00f3 ti\u1ec1m n\u0103ng ph\u00e1t tri\u1ec3n [&hellip;]<\/p>\n","protected":false},"featured_media":11999,"comment_status":"open","ping_status":"closed","template":"","meta":[],"product_brand":[],"product_cat":[34],"product_tag":[],"class_list":{"0":"post-11998","1":"product","2":"type-product","3":"status-publish","4":"has-post-thumbnail","6":"product_cat-gia-cong-thuc-pham-chuc-nang","8":"first","9":"instock","10":"shipping-taxable","11":"product-type-simple"},"_links":{"self":[{"href":"https:\/\/shizencos.com\/en\/wp-json\/wp\/v2\/product\/11998","targetHints":{"allow":["GET"]}}],"collection":[{"href":"https:\/\/shizencos.com\/en\/wp-json\/wp\/v2\/product"}],"about":[{"href":"https:\/\/shizencos.com\/en\/wp-json\/wp\/v2\/types\/product"}],"replies":[{"embeddable":true,"href":"https:\/\/shizencos.com\/en\/wp-json\/wp\/v2\/comments?post=11998"}],"wp:featuredmedia":[{"embeddable":true,"href":"https:\/\/shizencos.com\/en\/wp-json\/wp\/v2\/media\/11999"}],"wp:attachment":[{"href":"https:\/\/shizencos.com\/en\/wp-json\/wp\/v2\/media?parent=11998"}],"wp:term":[{"taxonomy":"product_brand","embeddable":true,"href":"https:\/\/shizencos.com\/en\/wp-json\/wp\/v2\/product_brand?post=11998"},{"taxonomy":"product_cat","embeddable":true,"href":"https:\/\/shizencos.com\/en\/wp-json\/wp\/v2\/product_cat?post=11998"},{"taxonomy":"product_tag","embeddable":true,"href":"https:\/\/shizencos.com\/en\/wp-json\/wp\/v2\/product_tag?post=11998"}],"curies":[{"name":"wp","href":"https:\/\/api.w.org\/{rel}","templated":true}]}}