{"id":11996,"date":"2025-02-05T08:51:50","date_gmt":"2025-02-05T01:51:50","guid":{"rendered":"https:\/\/shizencos.com\/?post_type=product&#038;p=11996"},"modified":"2025-08-29T10:04:49","modified_gmt":"2025-08-29T03:04:49","slug":"gia-cong-san-pham-noi-tiet-to","status":"publish","type":"product","link":"https:\/\/shizencos.com\/en\/gia-cong-san-pham-noi-tiet-to\/","title":{"rendered":"Hormone product processing"},"content":{"rendered":"<p data-start=\"462\" data-end=\"860\">Trong nh\u1eefng n\u0103m g\u1ea7n \u0111\u00e2y, nhu c\u1ea7u ch\u0103m s\u00f3c s\u1ee9c kh\u1ecfe v\u00e0 c\u00e2n b\u1eb1ng hormone ng\u00e0y c\u00e0ng t\u0103ng cao. \u0110\u1eb7c bi\u1ec7t, nh\u00f3m kh\u00e1ch h\u00e0ng n\u1eef gi\u1edbi quan t\u00e2m nhi\u1ec1u \u0111\u1ebfn c\u00e1c <strong data-start=\"610\" data-end=\"634\">s\u1ea3n ph\u1ea9m n\u1ed9i ti\u1ebft t\u1ed1<\/strong> gi\u00fap c\u1ea3i thi\u1ec7n sinh l\u00fd, da v\u00e0 s\u1ee9c kh\u1ecfe t\u1ed5ng th\u1ec3. Ch\u00ednh v\u00ec v\u1eady, <strong data-start=\"698\" data-end=\"731\">gia c\u00f4ng s\u1ea3n ph\u1ea9m n\u1ed9i ti\u1ebft t\u1ed1<\/strong> \u0111\u00e3 tr\u1edf th\u00e0nh xu h\u01b0\u1edbng \u0111\u01b0\u1ee3c nhi\u1ec1u th\u01b0\u01a1ng hi\u1ec7u l\u1ef1a ch\u1ecdn \u0111\u1ec3 nhanh ch\u00f3ng ra m\u1eaft s\u1ea3n ph\u1ea9m, ti\u1ebft ki\u1ec7m chi ph\u00ed v\u00e0 gia t\u0103ng l\u1ee3i nhu\u1eadn.<\/p>\n<hr data-start=\"862\" data-end=\"865\" \/>\n<h2 data-start=\"867\" data-end=\"911\">1. Gia c\u00f4ng s\u1ea3n ph\u1ea9m n\u1ed9i ti\u1ebft t\u1ed1 l\u00e0 g\u00ec?<\/h2>\n<p><a href=\"https:\/\/shizencos.com\/wp-content\/uploads\/2025\/02\/1-4.png\"><img fetchpriority=\"high\" decoding=\"async\" class=\"aligncenter wp-image-13164 size-full\" src=\"https:\/\/shizencos.com\/wp-content\/uploads\/2025\/02\/1-4.png\" alt=\"Gia c\u00f4ng s\u1ea3n ph\u1ea9m n\u1ed9i ti\u1ebft t\u1ed1 l\u00e0 g\u00ec?\" width=\"1175\" height=\"585\" title=\"\" srcset=\"https:\/\/shizencos.com\/wp-content\/uploads\/2025\/02\/1-4.png 1175w, https:\/\/shizencos.com\/wp-content\/uploads\/2025\/02\/1-4-300x149.png 300w, https:\/\/shizencos.com\/wp-content\/uploads\/2025\/02\/1-4-1024x510.png 1024w, https:\/\/shizencos.com\/wp-content\/uploads\/2025\/02\/1-4-150x75.png 150w, https:\/\/shizencos.com\/wp-content\/uploads\/2025\/02\/1-4-768x382.png 768w, https:\/\/shizencos.com\/wp-content\/uploads\/2025\/02\/1-4-18x9.png 18w, https:\/\/shizencos.com\/wp-content\/uploads\/2025\/02\/1-4-600x299.png 600w\" sizes=\"(max-width: 1175px) 100vw, 1175px\" \/><\/a><\/p>\n<p data-start=\"912\" data-end=\"1202\"><strong data-start=\"912\" data-end=\"945\">Hormone product processing<\/strong> l\u00e0 d\u1ecbch v\u1ee5 m\u00e0 doanh nghi\u1ec7p h\u1ee3p t\u00e1c v\u1edbi nh\u00e0 m\u00e1y s\u1ea3n xu\u1ea5t \u0111\u1ec3 nghi\u00ean c\u1ee9u c\u00f4ng th\u1ee9c, s\u1ea3n xu\u1ea5t v\u00e0 ho\u00e0n thi\u1ec7n s\u1ea3n ph\u1ea9m mang th\u01b0\u01a1ng hi\u1ec7u ri\u00eang. Thay v\u00ec \u0111\u1ea7u t\u01b0 nh\u00e0 m\u00e1y, nh\u00e2n s\u1ef1 v\u00e0 c\u00f4ng ngh\u1ec7, doanh nghi\u1ec7p ch\u1ec9 c\u1ea7n t\u1eadp trung v\u00e0o marketing v\u00e0 ph\u00e1t tri\u1ec3n th\u01b0\u01a1ng hi\u1ec7u.<\/p>\n<p data-start=\"1204\" data-end=\"1409\">C\u00e1c d\u1ea1ng ph\u1ed5 bi\u1ebfn khi <strong data-start=\"1226\" data-end=\"1259\">gia c\u00f4ng s\u1ea3n ph\u1ea9m n\u1ed9i ti\u1ebft t\u1ed1<\/strong> g\u1ed3m: vi\u00ean u\u1ed1ng, b\u1ed9t h\u00f2a tan v\u00e0 siro. T\u1ea5t c\u1ea3 \u0111\u1ec1u \u0111\u01b0\u1ee3c nghi\u00ean c\u1ee9u, ki\u1ec3m nghi\u1ec7m v\u00e0 s\u1ea3n xu\u1ea5t tr\u00ean d\u00e2y chuy\u1ec1n hi\u1ec7n \u0111\u1ea1i \u0111\u1ec3 \u0111\u1ea3m b\u1ea3o an to\u00e0n v\u00e0 ch\u1ea5t l\u01b0\u1ee3ng.<\/p>\n<hr data-start=\"1411\" data-end=\"1414\" \/>\n<h2 data-start=\"1416\" data-end=\"1470\">2. L\u1ee3i \u00edch c\u1ee7a vi\u1ec7c gia c\u00f4ng s\u1ea3n ph\u1ea9m n\u1ed9i ti\u1ebft t\u1ed1<\/h2>\n<p data-start=\"1471\" data-end=\"1571\"><a href=\"https:\/\/shizencos.com\/wp-content\/uploads\/2025\/02\/2-4.png\"><img decoding=\"async\" class=\"aligncenter size-full wp-image-13165\" src=\"https:\/\/shizencos.com\/wp-content\/uploads\/2025\/02\/2-4.png\" alt=\"\" width=\"1175\" height=\"585\" title=\"\" srcset=\"https:\/\/shizencos.com\/wp-content\/uploads\/2025\/02\/2-4.png 1175w, https:\/\/shizencos.com\/wp-content\/uploads\/2025\/02\/2-4-300x149.png 300w, https:\/\/shizencos.com\/wp-content\/uploads\/2025\/02\/2-4-1024x510.png 1024w, https:\/\/shizencos.com\/wp-content\/uploads\/2025\/02\/2-4-150x75.png 150w, https:\/\/shizencos.com\/wp-content\/uploads\/2025\/02\/2-4-768x382.png 768w, https:\/\/shizencos.com\/wp-content\/uploads\/2025\/02\/2-4-18x9.png 18w, https:\/\/shizencos.com\/wp-content\/uploads\/2025\/02\/2-4-600x299.png 600w\" sizes=\"(max-width: 1175px) 100vw, 1175px\" \/><\/a><\/p>\n<p data-start=\"1471\" data-end=\"1571\">Khi l\u1ef1a ch\u1ecdn <strong data-start=\"1484\" data-end=\"1517\">gia c\u00f4ng s\u1ea3n ph\u1ea9m n\u1ed9i ti\u1ebft t\u1ed1<\/strong>, doanh nghi\u1ec7p s\u1ebd nh\u1eadn \u0111\u01b0\u1ee3c nhi\u1ec1u l\u1ee3i \u00edch v\u01b0\u1ee3t tr\u1ed9i:<\/p>\n<ul data-start=\"1573\" data-end=\"1959\">\n<li data-start=\"1573\" data-end=\"1656\">\n<p data-start=\"1575\" data-end=\"1656\"><strong data-start=\"1575\" data-end=\"1603\">Ti\u1ebft ki\u1ec7m chi ph\u00ed \u0111\u1ea7u t\u01b0<\/strong>: Kh\u00f4ng c\u1ea7n x\u00e2y d\u1ef1ng nh\u00e0 m\u00e1y hay \u0111\u1ed9i ng\u0169 R&amp;D ri\u00eang.<\/p>\n<\/li>\n<li data-start=\"1657\" data-end=\"1733\">\n<p data-start=\"1659\" data-end=\"1733\"><strong data-start=\"1659\" data-end=\"1697\">R\u00fat ng\u1eafn th\u1eddi gian ra m\u1eaft s\u1ea3n ph\u1ea9m<\/strong>: Nhanh ch\u00f3ng ti\u1ebfp c\u1eadn th\u1ecb tr\u01b0\u1eddng.<\/p>\n<\/li>\n<li data-start=\"1734\" data-end=\"1817\">\n<p data-start=\"1736\" data-end=\"1817\"><strong data-start=\"1736\" data-end=\"1758\">\u0110\u1ea3m b\u1ea3o ch\u1ea5t l\u01b0\u1ee3ng<\/strong>: S\u1ea3n xu\u1ea5t theo chu\u1ea9n GMP \u2013 ISO, ki\u1ec3m nghi\u1ec7m nghi\u00eam ng\u1eb7t.<\/p>\n<\/li>\n<li data-start=\"1818\" data-end=\"1884\">\n<p data-start=\"1820\" data-end=\"1884\"><strong data-start=\"1820\" data-end=\"1838\">T\u1ed1i \u01b0u ph\u00e1p l\u00fd<\/strong>: H\u1ed7 tr\u1ee3 c\u00f4ng b\u1ed1, ki\u1ec3m \u0111\u1ecbnh s\u1ea3n ph\u1ea9m \u0111\u1ea7y \u0111\u1ee7.<\/p>\n<\/li>\n<li data-start=\"1885\" data-end=\"1959\">\n<p data-start=\"1887\" data-end=\"1959\"><strong data-start=\"1887\" data-end=\"1920\">\u0110a d\u1ea1ng h\u00f3a danh m\u1ee5c s\u1ea3n ph\u1ea9m<\/strong>: B\u1ed5 sung v\u00e0o b\u1ed9 s\u01b0u t\u1eadp th\u01b0\u01a1ng hi\u1ec7u.<\/p>\n<\/li>\n<\/ul>\n<p data-start=\"1961\" data-end=\"2087\">Nh\u1edd nh\u1eefng l\u1ee3i \u00edch n\u00e0y, nhi\u1ec1u th\u01b0\u01a1ng hi\u1ec7u \u0111\u00e3 coi <strong data-start=\"2009\" data-end=\"2042\">gia c\u00f4ng s\u1ea3n ph\u1ea9m n\u1ed9i ti\u1ebft t\u1ed1<\/strong> l\u00e0 b\u01b0\u1edbc \u0111i chi\u1ebfn l\u01b0\u1ee3c \u0111\u1ec3 m\u1edf r\u1ed9ng th\u1ecb ph\u1ea7n.<\/p>\n<hr data-start=\"2089\" data-end=\"2092\" \/>\n<h2 data-start=\"2094\" data-end=\"2145\">3. Gia c\u00f4ng s\u1ea3n ph\u1ea9m n\u1ed9i ti\u1ebft t\u1ed1 t\u1ea1i Shizencos<\/h2>\n<h3 data-start=\"2147\" data-end=\"2187\">3.1 C\u00f4ng th\u1ee9c \u0111a d\u1ea1ng v\u00e0 linh ho\u1ea1t<\/h3>\n<p data-start=\"2188\" data-end=\"2441\">Shizencos cung c\u1ea5p h\u00e0ng lo\u1ea1t <strong data-start=\"2217\" data-end=\"2251\">c\u00f4ng th\u1ee9c s\u1ea3n ph\u1ea9m n\u1ed9i ti\u1ebft t\u1ed1<\/strong>: t\u1eeb h\u1ed7 tr\u1ee3 l\u00e0m \u0111\u1eb9p da, c\u00e2n b\u1eb1ng sinh l\u00fd, c\u1ea3i thi\u1ec7n gi\u1ea5c ng\u1ee7 \u0111\u1ebfn t\u0103ng c\u01b0\u1eddng s\u1ee9c kh\u1ecfe t\u1ed5ng th\u1ec3. Ngo\u00e0i ra, doanh nghi\u1ec7p c\u00f3 th\u1ec3 \u0111\u1eb7t h\u00e0ng c\u00f4ng th\u1ee9c \u0111\u1ed9c quy\u1ec1n, t\u1ea1o s\u1ef1 kh\u00e1c bi\u1ec7t tr\u00ean th\u1ecb tr\u01b0\u1eddng.<\/p>\n<h3 data-start=\"2443\" data-end=\"2506\">3.2 Quy tr\u00ecnh gia c\u00f4ng s\u1ea3n ph\u1ea9m n\u1ed9i ti\u1ebft t\u1ed1 chu\u1ea9n qu\u1ed1c t\u1ebf<\/h3>\n<p><a href=\"https:\/\/shizencos.com\/wp-content\/uploads\/2024\/09\/quy-trinh-san-xuat-01-scaled.jpg\"><img decoding=\"async\" class=\"aligncenter size-full wp-image-9823\" src=\"https:\/\/shizencos.com\/wp-content\/uploads\/2024\/09\/quy-trinh-san-xuat-01-scaled.jpg\" alt=\"\" width=\"2560\" height=\"1344\" title=\"\" srcset=\"https:\/\/shizencos.com\/wp-content\/uploads\/2024\/09\/quy-trinh-san-xuat-01-scaled.jpg 2560w, https:\/\/shizencos.com\/wp-content\/uploads\/2024\/09\/quy-trinh-san-xuat-01-scaled-300x158.jpg 300w, https:\/\/shizencos.com\/wp-content\/uploads\/2024\/09\/quy-trinh-san-xuat-01-scaled-1024x538.jpg 1024w, https:\/\/shizencos.com\/wp-content\/uploads\/2024\/09\/quy-trinh-san-xuat-01-scaled-150x79.jpg 150w, https:\/\/shizencos.com\/wp-content\/uploads\/2024\/09\/quy-trinh-san-xuat-01-scaled-768x403.jpg 768w, https:\/\/shizencos.com\/wp-content\/uploads\/2024\/09\/quy-trinh-san-xuat-01-scaled-1536x806.jpg 1536w, https:\/\/shizencos.com\/wp-content\/uploads\/2024\/09\/quy-trinh-san-xuat-01-scaled-2048x1075.jpg 2048w, https:\/\/shizencos.com\/wp-content\/uploads\/2024\/09\/quy-trinh-san-xuat-01-scaled-18x9.jpg 18w, https:\/\/shizencos.com\/wp-content\/uploads\/2024\/09\/quy-trinh-san-xuat-01-scaled-600x315.jpg 600w\" sizes=\"(max-width: 2560px) 100vw, 2560px\" \/><\/a><\/p>\n<p data-start=\"2507\" data-end=\"2587\">Procedure <strong data-start=\"2517\" data-end=\"2564\">gia c\u00f4ng s\u1ea3n ph\u1ea9m n\u1ed9i ti\u1ebft t\u1ed1 t\u1ea1i Shizencos<\/strong> g\u1ed3m 9 b\u01b0\u1edbc kh\u00e9p k\u00edn:<\/p>\n<ol data-start=\"2588\" data-end=\"2921\">\n<li data-start=\"2588\" data-end=\"2620\">\n<p data-start=\"2591\" data-end=\"2620\">T\u01b0 v\u1ea5n v\u00e0 x\u00e1c nh\u1eadn nhu c\u1ea7u.<\/p>\n<\/li>\n<li data-start=\"2621\" data-end=\"2647\">\n<p data-start=\"2624\" data-end=\"2647\">R&amp;D c\u00f4ng th\u1ee9c t\u1ed1i \u01b0u.<\/p>\n<\/li>\n<li data-start=\"2648\" data-end=\"2679\">\n<p data-start=\"2651\" data-end=\"2679\">G\u1eedi m\u1eabu th\u1eed v\u00e0 \u0111i\u1ec1u ch\u1ec9nh.<\/p>\n<\/li>\n<li data-start=\"2680\" data-end=\"2710\">\n<p data-start=\"2683\" data-end=\"2710\">Ch\u1ed1t c\u00f4ng th\u1ee9c &amp; b\u00e1o gi\u00e1.<\/p>\n<\/li>\n<li data-start=\"2711\" data-end=\"2737\">\n<p data-start=\"2714\" data-end=\"2737\">K\u00fd h\u1ee3p \u0111\u1ed3ng gia c\u00f4ng.<\/p>\n<\/li>\n<li data-start=\"2738\" data-end=\"2777\">\n<p data-start=\"2741\" data-end=\"2777\">Chu\u1ea9n b\u1ecb v\u00e0 ki\u1ec3m \u0111\u1ecbnh nguy\u00ean li\u1ec7u.<\/p>\n<\/li>\n<li data-start=\"2778\" data-end=\"2822\">\n<p data-start=\"2781\" data-end=\"2822\">S\u1ea3n xu\u1ea5t h\u00e0ng lo\u1ea1t theo d\u00e2y chuy\u1ec1n GMP.<\/p>\n<\/li>\n<li data-start=\"2823\" data-end=\"2864\">\n<p data-start=\"2826\" data-end=\"2864\">\u0110\u00f3ng g\u00f3i, d\u00e1n nh\u00e3n theo th\u01b0\u01a1ng hi\u1ec7u.<\/p>\n<\/li>\n<li data-start=\"2865\" data-end=\"2921\">\n<p data-start=\"2868\" data-end=\"2921\">B\u00e0n giao, h\u1ed7 tr\u1ee3 ph\u00e1p l\u00fd v\u00e0 marketing sau s\u1ea3n xu\u1ea5t.<\/p>\n<\/li>\n<\/ol>\n<p data-start=\"2923\" data-end=\"3025\">V\u1edbi quy tr\u00ecnh n\u00e0y, doanh nghi\u1ec7p y\u00ean t\u00e2m r\u1eb1ng s\u1ea3n ph\u1ea9m \u0111\u1ea1t chu\u1ea9n qu\u1ed1c t\u1ebf, s\u1eb5n s\u00e0ng ra m\u1eaft th\u1ecb tr\u01b0\u1eddng.<\/p>\n<hr data-start=\"3027\" data-end=\"3030\" \/>\n<h2 data-start=\"3032\" data-end=\"3045\">Conclude<\/h2>\n<p data-start=\"3046\" data-end=\"3444\">Trong b\u1ed1i c\u1ea3nh th\u1ecb tr\u01b0\u1eddng ph\u00e1t tri\u1ec3n m\u1ea1nh, <strong data-start=\"3089\" data-end=\"3122\">gia c\u00f4ng s\u1ea3n ph\u1ea9m n\u1ed9i ti\u1ebft t\u1ed1<\/strong> l\u00e0 gi\u1ea3i ph\u00e1p t\u1ed1i \u01b0u gi\u00fap th\u01b0\u01a1ng hi\u1ec7u nhanh ch\u00f3ng s\u1edf h\u1eefu s\u1ea3n ph\u1ea9m ch\u1ea5t l\u01b0\u1ee3ng, ti\u1ebft ki\u1ec7m chi ph\u00ed v\u00e0 n\u00e2ng cao s\u1ee9c c\u1ea1nh tranh. V\u1edbi n\u0103ng l\u1ef1c s\u1ea3n xu\u1ea5t chu\u1ea9n GMP, \u0111\u1ed9i ng\u0169 R&amp;D chuy\u00ean s\u00e2u v\u00e0 d\u1ecbch v\u1ee5 tr\u1ecdn g\u00f3i, <a href=\"https:\/\/shizencos.com\/en\/\"><strong data-start=\"3323\" data-end=\"3336\">Shizencos<\/strong><\/a> l\u00e0 \u0111\u1ed1i t\u00e1c <strong data-start=\"3348\" data-end=\"3381\">gia c\u00f4ng s\u1ea3n ph\u1ea9m n\u1ed9i ti\u1ebft t\u1ed1<\/strong> uy t\u00edn cho m\u1ecdi doanh nghi\u1ec7p, t\u1eeb startup \u0111\u1ebfn th\u01b0\u01a1ng hi\u1ec7u l\u1edbn.<\/p>\n<p data-start=\"3446\" data-end=\"3563\">\ud83d\udc49 <strong data-start=\"3449\" data-end=\"3561\"><a href=\"https:\/\/shizencos.com\/en\/lien-he\/\">Contact now<\/a> Shizencos \u0111\u1ec3 \u0111\u01b0\u1ee3c t\u01b0 v\u1ea5n v\u00e0 nh\u1eadn m\u1eabu th\u1eed mi\u1ec5n ph\u00ed s\u1ea3n ph\u1ea9m n\u1ed9i ti\u1ebft t\u1ed1 cho th\u01b0\u01a1ng hi\u1ec7u c\u1ee7a b\u1ea1n!<\/strong><\/p>","protected":false},"excerpt":{"rendered":"<p>Trong nh\u1eefng n\u0103m g\u1ea7n \u0111\u00e2y, nhu c\u1ea7u ch\u0103m s\u00f3c s\u1ee9c kh\u1ecfe v\u00e0 c\u00e2n b\u1eb1ng hormone ng\u00e0y c\u00e0ng t\u0103ng cao. \u0110\u1eb7c bi\u1ec7t, nh\u00f3m kh\u00e1ch h\u00e0ng n\u1eef gi\u1edbi quan t\u00e2m nhi\u1ec1u \u0111\u1ebfn c\u00e1c s\u1ea3n ph\u1ea9m n\u1ed9i ti\u1ebft t\u1ed1 gi\u00fap c\u1ea3i thi\u1ec7n sinh l\u00fd, da v\u00e0 s\u1ee9c kh\u1ecfe t\u1ed5ng th\u1ec3. Ch\u00ednh v\u00ec v\u1eady, gia c\u00f4ng s\u1ea3n ph\u1ea9m n\u1ed9i [&hellip;]<\/p>\n","protected":false},"featured_media":11997,"comment_status":"open","ping_status":"closed","template":"","meta":[],"product_brand":[],"product_cat":[34],"product_tag":[],"class_list":{"0":"post-11996","1":"product","2":"type-product","3":"status-publish","4":"has-post-thumbnail","6":"product_cat-gia-cong-thuc-pham-chuc-nang","8":"first","9":"instock","10":"shipping-taxable","11":"product-type-simple"},"_links":{"self":[{"href":"https:\/\/shizencos.com\/en\/wp-json\/wp\/v2\/product\/11996","targetHints":{"allow":["GET"]}}],"collection":[{"href":"https:\/\/shizencos.com\/en\/wp-json\/wp\/v2\/product"}],"about":[{"href":"https:\/\/shizencos.com\/en\/wp-json\/wp\/v2\/types\/product"}],"replies":[{"embeddable":true,"href":"https:\/\/shizencos.com\/en\/wp-json\/wp\/v2\/comments?post=11996"}],"wp:featuredmedia":[{"embeddable":true,"href":"https:\/\/shizencos.com\/en\/wp-json\/wp\/v2\/media\/11997"}],"wp:attachment":[{"href":"https:\/\/shizencos.com\/en\/wp-json\/wp\/v2\/media?parent=11996"}],"wp:term":[{"taxonomy":"product_brand","embeddable":true,"href":"https:\/\/shizencos.com\/en\/wp-json\/wp\/v2\/product_brand?post=11996"},{"taxonomy":"product_cat","embeddable":true,"href":"https:\/\/shizencos.com\/en\/wp-json\/wp\/v2\/product_cat?post=11996"},{"taxonomy":"product_tag","embeddable":true,"href":"https:\/\/shizencos.com\/en\/wp-json\/wp\/v2\/product_tag?post=11996"}],"curies":[{"name":"wp","href":"https:\/\/api.w.org\/{rel}","templated":true}]}}