{"id":11994,"date":"2025-02-05T08:51:07","date_gmt":"2025-02-05T01:51:07","guid":{"rendered":"https:\/\/shizencos.com\/?post_type=product&#038;p=11994"},"modified":"2025-08-29T10:21:14","modified_gmt":"2025-08-29T03:21:14","slug":"gia-cong-thuc-pham-chuc-nang-ho-tro-sinh-ly","status":"publish","type":"product","link":"https:\/\/shizencos.com\/en\/gia-cong-thuc-pham-chuc-nang-ho-tro-sinh-ly\/","title":{"rendered":"Processing functional foods to support physiology"},"content":{"rendered":"<p style=\"text-align: justify;\">Trong b\u1ed1i c\u1ea3nh th\u1ecb tr\u01b0\u1eddng ch\u0103m s\u00f3c s\u1ee9c kh\u1ecfe v\u00e0 s\u1eafc \u0111\u1eb9p ph\u00e1t tri\u1ec3n m\u1ea1nh, <strong data-start=\"473\" data-end=\"511\">th\u1ef1c ph\u1ea9m ch\u1ee9c n\u0103ng h\u1ed7 tr\u1ee3 sinh l\u00fd<\/strong> tr\u1edf th\u00e0nh d\u00f2ng s\u1ea3n ph\u1ea9m chi\u1ebfn l\u01b0\u1ee3c c\u1ee7a nhi\u1ec1u th\u01b0\u01a1ng hi\u1ec7u. Kh\u00f4ng ch\u1ec9 c\u1ea3i thi\u1ec7n s\u1ee9c kh\u1ecfe nam v\u00e0 n\u1eef, m\u00e0 c\u00f2n m\u1edf ra c\u01a1 h\u1ed9i kinh doanh \u0111\u1ea7y ti\u1ec1m n\u0103ng. V\u00ec v\u1eady, <strong data-start=\"664\" data-end=\"711\">gia c\u00f4ng th\u1ef1c ph\u1ea9m ch\u1ee9c n\u0103ng h\u1ed7 tr\u1ee3 sinh l\u00fd<\/strong> \u0111\u01b0\u1ee3c xem l\u00e0 gi\u1ea3i ph\u00e1p t\u1ed1i \u01b0u gi\u00fap doanh nghi\u1ec7p nhanh ch\u00f3ng ti\u1ebfp c\u1eadn th\u1ecb tr\u01b0\u1eddng.<\/p>\n<h2 data-start=\"800\" data-end=\"858\">1. Gia c\u00f4ng th\u1ef1c ph\u1ea9m ch\u1ee9c n\u0103ng h\u1ed7 tr\u1ee3 sinh l\u00fd l\u00e0 g\u00ec?<\/h2>\n<figure id=\"attachment_13166\" aria-describedby=\"caption-attachment-13166\" style=\"width: 1175px\" class=\"wp-caption aligncenter\"><a href=\"https:\/\/shizencos.com\/wp-content\/uploads\/2025\/02\/1-1.webp\"><img fetchpriority=\"high\" decoding=\"async\" class=\"size-full wp-image-13166\" src=\"https:\/\/shizencos.com\/wp-content\/uploads\/2025\/02\/1-1.webp\" alt=\"Gia c\u00f4ng th\u1ef1c ph\u1ea9m ch\u1ee9c n\u0103ng h\u1ed7 tr\u1ee3 sinh l\u00fd l\u00e0 g\u00ec?\" width=\"1175\" height=\"585\" title=\"\" srcset=\"https:\/\/shizencos.com\/wp-content\/uploads\/2025\/02\/1-1.webp 1175w, https:\/\/shizencos.com\/wp-content\/uploads\/2025\/02\/1-1-300x149.webp 300w, https:\/\/shizencos.com\/wp-content\/uploads\/2025\/02\/1-1-1024x510.webp 1024w, https:\/\/shizencos.com\/wp-content\/uploads\/2025\/02\/1-1-150x75.webp 150w, https:\/\/shizencos.com\/wp-content\/uploads\/2025\/02\/1-1-768x382.webp 768w, https:\/\/shizencos.com\/wp-content\/uploads\/2025\/02\/1-1-18x9.webp 18w, https:\/\/shizencos.com\/wp-content\/uploads\/2025\/02\/1-1-600x299.webp 600w\" sizes=\"(max-width: 1175px) 100vw, 1175px\" \/><\/a><figcaption id=\"caption-attachment-13166\" class=\"wp-caption-text\">Gia c\u00f4ng th\u1ef1c ph\u1ea9m ch\u1ee9c n\u0103ng h\u1ed7 tr\u1ee3 sinh l\u00fd l\u00e0 g\u00ec?<\/figcaption><\/figure>\n<p data-start=\"859\" data-end=\"1059\"><strong data-start=\"859\" data-end=\"906\">Processing functional foods to support physiology<\/strong> l\u00e0 d\u1ecbch v\u1ee5 h\u1ee3p t\u00e1c gi\u1eefa doanh nghi\u1ec7p v\u00e0 nh\u00e0 m\u00e1y s\u1ea3n xu\u1ea5t \u0111\u1ea1t chu\u1ea9n GMP. Nh\u00e0 m\u00e1y s\u1ebd nghi\u00ean c\u1ee9u, s\u1ea3n xu\u1ea5t v\u00e0 \u0111\u00f3ng g\u00f3i s\u1ea3n ph\u1ea9m theo y\u00eau c\u1ea7u th\u01b0\u01a1ng hi\u1ec7u.<\/p>\n<p data-start=\"1061\" data-end=\"1146\">C\u00e1c d\u1ea1ng s\u1ea3n ph\u1ea9m ph\u1ed5 bi\u1ebfn khi <strong data-start=\"1092\" data-end=\"1139\">gia c\u00f4ng th\u1ef1c ph\u1ea9m ch\u1ee9c n\u0103ng h\u1ed7 tr\u1ee3 sinh l\u00fd<\/strong> g\u1ed3m:<\/p>\n<ul data-start=\"1147\" data-end=\"1233\">\n<li data-start=\"1147\" data-end=\"1181\">\n<p data-start=\"1149\" data-end=\"1181\">Vi\u00ean nang m\u1ec1m, vi\u00ean nang c\u1ee9ng.<\/p>\n<\/li>\n<li data-start=\"1182\" data-end=\"1205\">\n<p data-start=\"1184\" data-end=\"1205\">Vi\u00ean s\u1ee7i, vi\u00ean n\u00e9n.<\/p>\n<\/li>\n<li data-start=\"1206\" data-end=\"1233\">\n<p data-start=\"1208\" data-end=\"1233\">B\u1ed9t h\u00f2a tan, n\u01b0\u1edbc u\u1ed1ng.<\/p>\n<\/li>\n<\/ul>\n<p data-start=\"1235\" data-end=\"1365\">M\u00f4 h\u00ecnh n\u00e0y gi\u00fap th\u01b0\u01a1ng hi\u1ec7u r\u00fat ng\u1eafn th\u1eddi gian ra m\u1eaft s\u1ea3n ph\u1ea9m, ti\u1ebft ki\u1ec7m chi ph\u00ed nh\u01b0ng v\u1eabn \u0111\u1ea3m b\u1ea3o ch\u1ea5t l\u01b0\u1ee3ng v\u00e0 t\u00ednh ph\u00e1p l\u00fd.<\/p>\n<h2 data-start=\"1372\" data-end=\"1435\">2. L\u1ee3i \u00edch khi gia c\u00f4ng th\u1ef1c ph\u1ea9m ch\u1ee9c n\u0103ng h\u1ed7 tr\u1ee3 sinh l\u00fd<\/h2>\n<p data-start=\"1436\" data-end=\"1528\">L\u1ef1a ch\u1ecdn <strong data-start=\"1445\" data-end=\"1492\">gia c\u00f4ng th\u1ef1c ph\u1ea9m ch\u1ee9c n\u0103ng h\u1ed7 tr\u1ee3 sinh l\u00fd<\/strong> mang l\u1ea1i nhi\u1ec1u l\u1ee3i \u00edch v\u01b0\u1ee3t tr\u1ed9i:<\/p>\n<p data-start=\"1436\" data-end=\"1528\"><a href=\"https:\/\/shizencos.com\/wp-content\/uploads\/2025\/02\/2-1.webp\"><img decoding=\"async\" class=\"aligncenter size-full wp-image-13167\" src=\"https:\/\/shizencos.com\/wp-content\/uploads\/2025\/02\/2-1.webp\" alt=\"\" width=\"1175\" height=\"585\" title=\"\" srcset=\"https:\/\/shizencos.com\/wp-content\/uploads\/2025\/02\/2-1.webp 1175w, https:\/\/shizencos.com\/wp-content\/uploads\/2025\/02\/2-1-300x149.webp 300w, https:\/\/shizencos.com\/wp-content\/uploads\/2025\/02\/2-1-1024x510.webp 1024w, https:\/\/shizencos.com\/wp-content\/uploads\/2025\/02\/2-1-150x75.webp 150w, https:\/\/shizencos.com\/wp-content\/uploads\/2025\/02\/2-1-768x382.webp 768w, https:\/\/shizencos.com\/wp-content\/uploads\/2025\/02\/2-1-18x9.webp 18w, https:\/\/shizencos.com\/wp-content\/uploads\/2025\/02\/2-1-600x299.webp 600w\" sizes=\"(max-width: 1175px) 100vw, 1175px\" \/><\/a><\/p>\n<ul data-start=\"1530\" data-end=\"1910\">\n<li data-start=\"1530\" data-end=\"1599\">\n<p data-start=\"1532\" data-end=\"1599\">Products meet international standards <strong data-start=\"1534\" data-end=\"1562\">Ti\u1ebft ki\u1ec7m chi ph\u00ed \u0111\u1ea7u t\u01b0<\/strong>: Kh\u00f4ng c\u1ea7n x\u00e2y d\u1ef1ng nh\u00e0 m\u00e1y ri\u00eang.<\/p>\n<\/li>\n<li data-start=\"1600\" data-end=\"1686\">\n<p data-start=\"1602\" data-end=\"1686\">Products meet international standards <strong data-start=\"1604\" data-end=\"1633\">R\u00fat ng\u1eafn th\u1eddi gian ra m\u1eaft<\/strong>: Nhanh ch\u00f3ng \u0111\u01b0a s\u1ea3n ph\u1ea9m \u0111\u1ebfn tay ng\u01b0\u1eddi ti\u00eau d\u00f9ng.<\/p>\n<\/li>\n<li data-start=\"1687\" data-end=\"1755\">\n<p data-start=\"1689\" data-end=\"1755\">Products meet international standards <strong data-start=\"1691\" data-end=\"1727\">\u0110\u1ea3m b\u1ea3o ch\u1ea5t l\u01b0\u1ee3ng chu\u1ea9n qu\u1ed1c t\u1ebf<\/strong>: S\u1ea3n xu\u1ea5t theo GMP \u2013 ISO.<\/p>\n<\/li>\n<li data-start=\"1756\" data-end=\"1834\">\n<p data-start=\"1758\" data-end=\"1834\">Products meet international standards <strong data-start=\"1760\" data-end=\"1794\">Nghi\u00ean c\u1ee9u c\u00f4ng th\u1ee9c \u0111\u1ed9c quy\u1ec1n<\/strong>: Linh ho\u1ea1t theo m\u1ee5c ti\u00eau th\u01b0\u01a1ng hi\u1ec7u.<\/p>\n<\/li>\n<li data-start=\"1835\" data-end=\"1910\">\n<p data-start=\"1837\" data-end=\"1910\">Products meet international standards <strong data-start=\"1839\" data-end=\"1864\">H\u1ed7 tr\u1ee3 ph\u00e1p l\u00fd \u0111\u1ea7y \u0111\u1ee7<\/strong>: C\u00f4ng b\u1ed1, ki\u1ec3m nghi\u1ec7m s\u1ea3n ph\u1ea9m nhanh ch\u00f3ng.<\/p>\n<\/li>\n<\/ul>\n<p data-start=\"1912\" data-end=\"2035\">Ch\u00ednh nh\u1eefng l\u1ee3i \u00edch n\u00e0y khi\u1ebfn nhi\u1ec1u th\u01b0\u01a1ng hi\u1ec7u ch\u1ecdn <strong data-start=\"1965\" data-end=\"2012\">gia c\u00f4ng th\u1ef1c ph\u1ea9m ch\u1ee9c n\u0103ng h\u1ed7 tr\u1ee3 sinh l\u00fd<\/strong> thay v\u00ec t\u1ef1 s\u1ea3n xu\u1ea5t.<\/p>\n<h2 data-start=\"2042\" data-end=\"2107\">3. Gia c\u00f4ng th\u1ef1c ph\u1ea9m ch\u1ee9c n\u0103ng h\u1ed7 tr\u1ee3 sinh l\u00fd t\u1ea1i Shizencos<\/h2>\n<h3 data-start=\"2109\" data-end=\"2136\">3.1 C\u00f4ng th\u1ee9c \u0111a d\u1ea1ng<\/h3>\n<p data-start=\"2137\" data-end=\"2219\">Shizencos cung c\u1ea5p kho c\u00f4ng th\u1ee9c <strong data-start=\"2170\" data-end=\"2208\">th\u1ef1c ph\u1ea9m ch\u1ee9c n\u0103ng h\u1ed7 tr\u1ee3 sinh l\u00fd<\/strong> \u0111a d\u1ea1ng:<\/p>\n<ul data-start=\"2220\" data-end=\"2473\">\n<li data-start=\"2220\" data-end=\"2304\">\n<p data-start=\"2222\" data-end=\"2304\">S\u1ea3n ph\u1ea9m t\u0103ng c\u01b0\u1eddng sinh l\u00fd nam (chi\u1ebft xu\u1ea5t nh\u00e2n s\u00e2m, maca, \u0111\u00f4ng tr\u00f9ng h\u1ea1 th\u1ea3o).<\/p>\n<\/li>\n<li data-start=\"2305\" data-end=\"2381\">\n<p data-start=\"2307\" data-end=\"2381\">S\u1ea3n ph\u1ea9m h\u1ed7 tr\u1ee3 sinh l\u00fd n\u1eef (c\u00e2n b\u1eb1ng n\u1ed9i ti\u1ebft, c\u1ea3i thi\u1ec7n ti\u1ec1n m\u00e3n kinh).<\/p>\n<\/li>\n<li data-start=\"2382\" data-end=\"2473\">\n<p data-start=\"2384\" data-end=\"2473\">Th\u1ef1c ph\u1ea9m ch\u1ee9c n\u0103ng t\u0103ng c\u01b0\u1eddng s\u1ee9c kh\u1ecfe, gi\u1ea3m c\u0103ng th\u1eb3ng, n\u00e2ng cao ch\u1ea5t l\u01b0\u1ee3ng \u0111\u1eddi s\u1ed1ng.<\/p>\n<\/li>\n<\/ul>\n<p data-start=\"2475\" data-end=\"2620\">\u0110\u1eb7c bi\u1ec7t, Shizencos nh\u1eadn nghi\u00ean c\u1ee9u c\u00f4ng th\u1ee9c \u0111\u1ed9c quy\u1ec1n khi kh\u00e1ch h\u00e0ng y\u00eau c\u1ea7u, gi\u00fap s\u1ea3n ph\u1ea9m mang b\u1ea3n s\u1eafc ri\u00eang v\u00e0 c\u1ea1nh tranh tr\u00ean th\u1ecb tr\u01b0\u1eddng.<\/p>\n<p><img decoding=\"async\" class=\"aligncenter wp-image-12799\" src=\"https:\/\/shizencos.com\/wp-content\/uploads\/2025\/02\/gia-cong-TPCN-ho-tro-sinh-ly.png\" alt=\"C\u00f4ng th\u1ee9c gia c\u00f4ng th\u1ef1c ph\u1ea9m ch\u1ee9c n\u0103ng h\u1ed7 tr\u1ee3 sinh l\u00fd \u0111a d\u1ea1ng\" width=\"1281\" height=\"638\" title=\"\" srcset=\"https:\/\/shizencos.com\/wp-content\/uploads\/2025\/02\/gia-cong-TPCN-ho-tro-sinh-ly.png 1175w, https:\/\/shizencos.com\/wp-content\/uploads\/2025\/02\/gia-cong-TPCN-ho-tro-sinh-ly-300x149.png 300w, https:\/\/shizencos.com\/wp-content\/uploads\/2025\/02\/gia-cong-TPCN-ho-tro-sinh-ly-1024x510.png 1024w, https:\/\/shizencos.com\/wp-content\/uploads\/2025\/02\/gia-cong-TPCN-ho-tro-sinh-ly-150x75.png 150w, https:\/\/shizencos.com\/wp-content\/uploads\/2025\/02\/gia-cong-TPCN-ho-tro-sinh-ly-768x382.png 768w, https:\/\/shizencos.com\/wp-content\/uploads\/2025\/02\/gia-cong-TPCN-ho-tro-sinh-ly-18x9.png 18w, https:\/\/shizencos.com\/wp-content\/uploads\/2025\/02\/gia-cong-TPCN-ho-tro-sinh-ly-600x299.png 600w\" sizes=\"(max-width: 1281px) 100vw, 1281px\" \/><\/p>\n<p style=\"text-align: center;\"><em>C\u00f4ng th\u1ee9c gia c\u00f4ng th\u1ef1c ph\u1ea9m ch\u1ee9c n\u0103ng h\u1ed7 tr\u1ee3 sinh l\u00fd \u0111a d\u1ea1ng<\/em><\/p>\n<h3 data-start=\"2622\" data-end=\"2685\">3.2 Quy tr\u00ecnh gia c\u00f4ng th\u1ef1c ph\u1ea9m ch\u1ee9c n\u0103ng h\u1ed7 tr\u1ee3 sinh l\u00fd<\/h3>\n<p data-start=\"2686\" data-end=\"2778\"><a href=\"https:\/\/shizencos.com\/en\/\">Shizencos<\/a> \u00e1p d\u1ee5ng quy tr\u00ecnh <strong data-start=\"2714\" data-end=\"2761\">gia c\u00f4ng th\u1ef1c ph\u1ea9m ch\u1ee9c n\u0103ng h\u1ed7 tr\u1ee3 sinh l\u00fd<\/strong> chuy\u00ean nghi\u1ec7p:<\/p>\n<p data-start=\"2686\" data-end=\"2778\"><a href=\"https:\/\/shizencos.com\/wp-content\/uploads\/2024\/09\/quy-trinh-san-xuat-01-scaled.jpg\"><img loading=\"lazy\" decoding=\"async\" class=\"aligncenter size-full wp-image-9823\" src=\"https:\/\/shizencos.com\/wp-content\/uploads\/2024\/09\/quy-trinh-san-xuat-01-scaled.jpg\" alt=\"\" width=\"2560\" height=\"1344\" title=\"\" srcset=\"https:\/\/shizencos.com\/wp-content\/uploads\/2024\/09\/quy-trinh-san-xuat-01-scaled.jpg 2560w, https:\/\/shizencos.com\/wp-content\/uploads\/2024\/09\/quy-trinh-san-xuat-01-scaled-300x158.jpg 300w, https:\/\/shizencos.com\/wp-content\/uploads\/2024\/09\/quy-trinh-san-xuat-01-scaled-1024x538.jpg 1024w, https:\/\/shizencos.com\/wp-content\/uploads\/2024\/09\/quy-trinh-san-xuat-01-scaled-150x79.jpg 150w, https:\/\/shizencos.com\/wp-content\/uploads\/2024\/09\/quy-trinh-san-xuat-01-scaled-768x403.jpg 768w, https:\/\/shizencos.com\/wp-content\/uploads\/2024\/09\/quy-trinh-san-xuat-01-scaled-1536x806.jpg 1536w, https:\/\/shizencos.com\/wp-content\/uploads\/2024\/09\/quy-trinh-san-xuat-01-scaled-2048x1075.jpg 2048w, https:\/\/shizencos.com\/wp-content\/uploads\/2024\/09\/quy-trinh-san-xuat-01-scaled-18x9.jpg 18w, https:\/\/shizencos.com\/wp-content\/uploads\/2024\/09\/quy-trinh-san-xuat-01-scaled-600x315.jpg 600w\" sizes=\"(max-width: 2560px) 100vw, 2560px\" \/><\/a><\/p>\n<ol data-start=\"2780\" data-end=\"3145\">\n<li data-start=\"2780\" data-end=\"2821\">\n<p data-start=\"2783\" data-end=\"2821\">T\u01b0 v\u1ea5n nhu c\u1ea7u &amp; l\u1ef1a ch\u1ecdn c\u00f4ng th\u1ee9c.<\/p>\n<\/li>\n<li data-start=\"2822\" data-end=\"2869\">\n<p data-start=\"2825\" data-end=\"2869\">Nghi\u00ean c\u1ee9u \u2013 ph\u00e1t tri\u1ec3n c\u00f4ng th\u1ee9c b\u1edfi R&amp;D.<\/p>\n<\/li>\n<li data-start=\"2870\" data-end=\"2900\">\n<p data-start=\"2873\" data-end=\"2900\">G\u1eedi m\u1eabu th\u1eed &amp; \u0111i\u1ec1u ch\u1ec9nh.<\/p>\n<\/li>\n<li data-start=\"2901\" data-end=\"2931\">\n<p data-start=\"2904\" data-end=\"2931\">Ch\u1ed1t c\u00f4ng th\u1ee9c &amp; b\u00e1o gi\u00e1.<\/p>\n<\/li>\n<li data-start=\"2932\" data-end=\"2960\">\n<p data-start=\"2935\" data-end=\"2960\">K\u00fd h\u1ee3p \u0111\u1ed3ng ch\u00ednh th\u1ee9c.<\/p>\n<\/li>\n<li data-start=\"2961\" data-end=\"3001\">\n<p data-start=\"2964\" data-end=\"3001\">Chu\u1ea9n b\u1ecb nguy\u00ean li\u1ec7u \u0111\u1ea1t chu\u1ea9n GMP.<\/p>\n<\/li>\n<li data-start=\"3002\" data-end=\"3051\">\n<p data-start=\"3005\" data-end=\"3051\">S\u1ea3n xu\u1ea5t h\u00e0ng lo\u1ea1t theo d\u00e2y chuy\u1ec1n hi\u1ec7n \u0111\u1ea1i.<\/p>\n<\/li>\n<li data-start=\"3052\" data-end=\"3094\">\n<p data-start=\"3055\" data-end=\"3094\">\u0110\u00f3ng g\u00f3i \u2013 d\u00e1n nh\u00e3n theo th\u01b0\u01a1ng hi\u1ec7u.<\/p>\n<\/li>\n<li data-start=\"3095\" data-end=\"3145\">\n<p data-start=\"3098\" data-end=\"3145\">Giao h\u00e0ng &amp; h\u1ed7 tr\u1ee3 ph\u00e1p l\u00fd, c\u00f4ng b\u1ed1 s\u1ea3n ph\u1ea9m.<\/p>\n<\/li>\n<\/ol>\n<h2 data-start=\"3152\" data-end=\"3165\">Conclude<\/h2>\n<p data-start=\"3166\" data-end=\"3500\">Trong th\u1eddi \u0111i\u1ec3m nhu c\u1ea7u th\u1ecb tr\u01b0\u1eddng t\u0103ng cao, <strong data-start=\"3211\" data-end=\"3258\">gia c\u00f4ng th\u1ef1c ph\u1ea9m ch\u1ee9c n\u0103ng h\u1ed7 tr\u1ee3 sinh l\u00fd<\/strong> l\u00e0 b\u01b0\u1edbc \u0111i chi\u1ebfn l\u01b0\u1ee3c gi\u00fap doanh nghi\u1ec7p ti\u1ebft ki\u1ec7m chi ph\u00ed, r\u00fat ng\u1eafn th\u1eddi gian v\u00e0 \u0111\u1ea3m b\u1ea3o ch\u1ea5t l\u01b0\u1ee3ng s\u1ea3n ph\u1ea9m. V\u1edbi n\u0103ng l\u1ef1c s\u1ea3n xu\u1ea5t hi\u1ec7n \u0111\u1ea1i, \u0111\u1ed9i ng\u0169 R&amp;D gi\u00e0u kinh nghi\u1ec7m, <strong data-start=\"3431\" data-end=\"3444\">Shizencos<\/strong> l\u00e0 \u0111\u1ed1i t\u00e1c gia c\u00f4ng \u0111\u00e1ng tin c\u1eady cho m\u1ecdi th\u01b0\u01a1ng hi\u1ec7u.<\/p>\n<p data-start=\"3502\" data-end=\"3646\">\ud83d\udc49 <strong data-start=\"3505\" data-end=\"3644\"><a href=\"https:\/\/shizencos.com\/en\/lien-he\/\">Contact<\/a> ngay Shizencos \u0111\u1ec3 \u0111\u01b0\u1ee3c t\u01b0 v\u1ea5n v\u00e0 nh\u1eadn m\u1eabu th\u1eed mi\u1ec5n ph\u00ed d\u00f2ng th\u1ef1c ph\u1ea9m ch\u1ee9c n\u0103ng h\u1ed7 tr\u1ee3 sinh l\u00fd ph\u00f9 h\u1ee3p v\u1edbi th\u01b0\u01a1ng hi\u1ec7u c\u1ee7a b\u1ea1n!<\/strong><\/p>\n<p style=\"text-align: justify;\">","protected":false},"excerpt":{"rendered":"<p>Trong b\u1ed1i c\u1ea3nh th\u1ecb tr\u01b0\u1eddng ch\u0103m s\u00f3c s\u1ee9c kh\u1ecfe v\u00e0 s\u1eafc \u0111\u1eb9p ph\u00e1t tri\u1ec3n m\u1ea1nh, th\u1ef1c ph\u1ea9m ch\u1ee9c n\u0103ng h\u1ed7 tr\u1ee3 sinh l\u00fd tr\u1edf th\u00e0nh d\u00f2ng s\u1ea3n ph\u1ea9m chi\u1ebfn l\u01b0\u1ee3c c\u1ee7a nhi\u1ec1u th\u01b0\u01a1ng hi\u1ec7u. Kh\u00f4ng ch\u1ec9 c\u1ea3i thi\u1ec7n s\u1ee9c kh\u1ecfe nam v\u00e0 n\u1eef, m\u00e0 c\u00f2n m\u1edf ra c\u01a1 h\u1ed9i kinh doanh \u0111\u1ea7y ti\u1ec1m n\u0103ng. V\u00ec [&hellip;]<\/p>\n","protected":false},"featured_media":11995,"comment_status":"open","ping_status":"closed","template":"","meta":[],"product_brand":[],"product_cat":[34],"product_tag":[],"class_list":{"0":"post-11994","1":"product","2":"type-product","3":"status-publish","4":"has-post-thumbnail","6":"product_cat-gia-cong-thuc-pham-chuc-nang","8":"first","9":"instock","10":"shipping-taxable","11":"product-type-simple"},"_links":{"self":[{"href":"https:\/\/shizencos.com\/en\/wp-json\/wp\/v2\/product\/11994","targetHints":{"allow":["GET"]}}],"collection":[{"href":"https:\/\/shizencos.com\/en\/wp-json\/wp\/v2\/product"}],"about":[{"href":"https:\/\/shizencos.com\/en\/wp-json\/wp\/v2\/types\/product"}],"replies":[{"embeddable":true,"href":"https:\/\/shizencos.com\/en\/wp-json\/wp\/v2\/comments?post=11994"}],"wp:featuredmedia":[{"embeddable":true,"href":"https:\/\/shizencos.com\/en\/wp-json\/wp\/v2\/media\/11995"}],"wp:attachment":[{"href":"https:\/\/shizencos.com\/en\/wp-json\/wp\/v2\/media?parent=11994"}],"wp:term":[{"taxonomy":"product_brand","embeddable":true,"href":"https:\/\/shizencos.com\/en\/wp-json\/wp\/v2\/product_brand?post=11994"},{"taxonomy":"product_cat","embeddable":true,"href":"https:\/\/shizencos.com\/en\/wp-json\/wp\/v2\/product_cat?post=11994"},{"taxonomy":"product_tag","embeddable":true,"href":"https:\/\/shizencos.com\/en\/wp-json\/wp\/v2\/product_tag?post=11994"}],"curies":[{"name":"wp","href":"https:\/\/api.w.org\/{rel}","templated":true}]}}