{"id":11992,"date":"2025-02-05T08:50:06","date_gmt":"2025-02-05T01:50:06","guid":{"rendered":"https:\/\/shizencos.com\/?post_type=product&#038;p=11992"},"modified":"2025-08-29T11:02:41","modified_gmt":"2025-08-29T04:02:41","slug":"gia-cong-thuc-pham-chuc-nang-cho-co-the","status":"publish","type":"product","link":"https:\/\/shizencos.com\/en\/gia-cong-thuc-pham-chuc-nang-cho-co-the\/","title":{"rendered":"Processing functional foods for the body"},"content":{"rendered":"<p data-start=\"451\" data-end=\"839\">Trong b\u1ed1i c\u1ea3nh ng\u01b0\u1eddi ti\u00eau d\u00f9ng ng\u00e0y c\u00e0ng ch\u00fa tr\u1ecdng s\u1ee9c kh\u1ecfe, <strong data-start=\"512\" data-end=\"546\">th\u1ef1c ph\u1ea9m ch\u1ee9c n\u0103ng cho c\u01a1 th\u1ec3<\/strong> nh\u01b0 t\u0103ng mi\u1ec5n d\u1ecbch, h\u1ed7 tr\u1ee3 ti\u00eau h\u00f3a, c\u1ea3i thi\u1ec7n v\u00f3c d\u00e1ng v\u00e0 l\u00e0m \u0111\u1eb9p t\u1eeb b\u00ean trong \u0111ang ph\u00e1t tri\u1ec3n m\u1ea1nh. \u0110\u00e2y l\u00e0 c\u01a1 h\u1ed9i kinh doanh h\u1ea5p d\u1eabn, v\u00e0 l\u1ef1a ch\u1ecdn <strong data-start=\"695\" data-end=\"738\">gia c\u00f4ng th\u1ef1c ph\u1ea9m ch\u1ee9c n\u0103ng cho c\u01a1 th\u1ec3<\/strong> tr\u1edf th\u00e0nh chi\u1ebfn l\u01b0\u1ee3c th\u00f4ng minh gi\u00fap th\u01b0\u01a1ng hi\u1ec7u ti\u1ebft ki\u1ec7m chi ph\u00ed v\u00e0 nhanh ch\u00f3ng ra m\u1eaft s\u1ea3n ph\u1ea9m.<\/p>\n<h2 data-start=\"846\" data-end=\"900\">1. Gia c\u00f4ng th\u1ef1c ph\u1ea9m ch\u1ee9c n\u0103ng cho c\u01a1 th\u1ec3 l\u00e0 g\u00ec?<\/h2>\n<p data-start=\"901\" data-end=\"1089\"><strong data-start=\"901\" data-end=\"935\">Th\u1ef1c ph\u1ea9m ch\u1ee9c n\u0103ng cho c\u01a1 th\u1ec3<\/strong> l\u00e0 c\u00e1c s\u1ea3n ph\u1ea9m h\u1ed7 tr\u1ee3 duy tr\u00ec v\u00e0 t\u0103ng c\u01b0\u1eddng s\u1ee9c kh\u1ecfe: t\u0103ng s\u1ee9c \u0111\u1ec1 kh\u00e1ng, thanh l\u1ecdc c\u01a1 th\u1ec3, h\u1ed7 tr\u1ee3 ti\u00eau h\u00f3a, b\u1ed5 sung vitamin &amp; kho\u00e1ng ch\u1ea5t, l\u00e0m \u0111\u1eb9p da.<\/p>\n<figure id=\"attachment_13168\" aria-describedby=\"caption-attachment-13168\" style=\"width: 1175px\" class=\"wp-caption aligncenter\"><a href=\"https:\/\/shizencos.com\/wp-content\/uploads\/2025\/02\/1-2.webp\"><img fetchpriority=\"high\" decoding=\"async\" class=\"size-full wp-image-13168\" src=\"https:\/\/shizencos.com\/wp-content\/uploads\/2025\/02\/1-2.webp\" alt=\"Gia c\u00f4ng th\u1ef1c ph\u1ea9m ch\u1ee9c n\u0103ng cho c\u01a1 th\u1ec3 l\u00e0 g\u00ec?\" width=\"1175\" height=\"585\" title=\"\" srcset=\"https:\/\/shizencos.com\/wp-content\/uploads\/2025\/02\/1-2.webp 1175w, https:\/\/shizencos.com\/wp-content\/uploads\/2025\/02\/1-2-300x149.webp 300w, https:\/\/shizencos.com\/wp-content\/uploads\/2025\/02\/1-2-1024x510.webp 1024w, https:\/\/shizencos.com\/wp-content\/uploads\/2025\/02\/1-2-150x75.webp 150w, https:\/\/shizencos.com\/wp-content\/uploads\/2025\/02\/1-2-768x382.webp 768w, https:\/\/shizencos.com\/wp-content\/uploads\/2025\/02\/1-2-18x9.webp 18w, https:\/\/shizencos.com\/wp-content\/uploads\/2025\/02\/1-2-600x299.webp 600w\" sizes=\"(max-width: 1175px) 100vw, 1175px\" \/><\/a><figcaption id=\"caption-attachment-13168\" class=\"wp-caption-text\">Gia c\u00f4ng th\u1ef1c ph\u1ea9m ch\u1ee9c n\u0103ng cho c\u01a1 th\u1ec3 l\u00e0 g\u00ec?<\/figcaption><\/figure>\n<p data-start=\"1091\" data-end=\"1404\"><strong data-start=\"1091\" data-end=\"1134\">Processing functional foods for the body<\/strong> l\u00e0 d\u1ecbch v\u1ee5 m\u00e0 doanh nghi\u1ec7p h\u1ee3p t\u00e1c c\u00f9ng nh\u00e0 m\u00e1y s\u1ea3n xu\u1ea5t \u0111\u1ea1t chu\u1ea9n GMP \u0111\u1ec3 nghi\u00ean c\u1ee9u c\u00f4ng th\u1ee9c, s\u1ea3n xu\u1ea5t v\u00e0 \u0111\u00f3ng g\u00f3i s\u1ea3n ph\u1ea9m theo y\u00eau c\u1ea7u th\u01b0\u01a1ng hi\u1ec7u. \u0110\u00e2y l\u00e0 m\u00f4 h\u00ecnh t\u1ed1i \u01b0u gi\u00fap r\u00fat ng\u1eafn th\u1eddi gian ra m\u1eaft, gi\u1ea3m chi ph\u00ed \u0111\u1ea7u t\u01b0, nh\u01b0ng v\u1eabn \u0111\u1ea3m b\u1ea3o ch\u1ea5t l\u01b0\u1ee3ng v\u00e0 ph\u00e1p l\u00fd.<\/p>\n<h2 data-start=\"1411\" data-end=\"1470\">2. L\u1ee3i \u00edch khi gia c\u00f4ng th\u1ef1c ph\u1ea9m ch\u1ee9c n\u0103ng cho c\u01a1 th\u1ec3<\/h2>\n<p data-start=\"1471\" data-end=\"1549\">L\u1ef1a ch\u1ecdn <strong data-start=\"1480\" data-end=\"1523\">gia c\u00f4ng th\u1ef1c ph\u1ea9m ch\u1ee9c n\u0103ng cho c\u01a1 th\u1ec3<\/strong> mang l\u1ea1i nhi\u1ec1u l\u1ee3i \u00edch:<\/p>\n<p data-start=\"1471\" data-end=\"1549\"><a href=\"https:\/\/shizencos.com\/wp-content\/uploads\/2025\/02\/2-2.webp\"><img decoding=\"async\" class=\"aligncenter size-full wp-image-13169\" src=\"https:\/\/shizencos.com\/wp-content\/uploads\/2025\/02\/2-2.webp\" alt=\"\" width=\"1175\" height=\"585\" title=\"\" srcset=\"https:\/\/shizencos.com\/wp-content\/uploads\/2025\/02\/2-2.webp 1175w, https:\/\/shizencos.com\/wp-content\/uploads\/2025\/02\/2-2-300x149.webp 300w, https:\/\/shizencos.com\/wp-content\/uploads\/2025\/02\/2-2-1024x510.webp 1024w, https:\/\/shizencos.com\/wp-content\/uploads\/2025\/02\/2-2-150x75.webp 150w, https:\/\/shizencos.com\/wp-content\/uploads\/2025\/02\/2-2-768x382.webp 768w, https:\/\/shizencos.com\/wp-content\/uploads\/2025\/02\/2-2-18x9.webp 18w, https:\/\/shizencos.com\/wp-content\/uploads\/2025\/02\/2-2-600x299.webp 600w\" sizes=\"(max-width: 1175px) 100vw, 1175px\" \/><\/a><\/p>\n<ul data-start=\"1551\" data-end=\"1938\">\n<li data-start=\"1551\" data-end=\"1635\">\n<p data-start=\"1553\" data-end=\"1635\">Products meet international standards <strong data-start=\"1555\" data-end=\"1585\">Ti\u1ebft ki\u1ec7m chi ph\u00ed v\u1eadn h\u00e0nh<\/strong>: Kh\u00f4ng c\u1ea7n x\u00e2y d\u1ef1ng nh\u00e0 m\u00e1y, \u0111\u1ea7u t\u01b0 d\u00e2y chuy\u1ec1n.<\/p>\n<\/li>\n<li data-start=\"1636\" data-end=\"1712\">\n<p data-start=\"1638\" data-end=\"1712\">Products meet international standards <strong data-start=\"1640\" data-end=\"1669\">R\u00fat ng\u1eafn th\u1eddi gian ra m\u1eaft<\/strong>: \u0110\u01b0a s\u1ea3n ph\u1ea9m ra th\u1ecb tr\u01b0\u1eddng nhanh ch\u00f3ng.<\/p>\n<\/li>\n<li data-start=\"1713\" data-end=\"1781\">\n<p data-start=\"1715\" data-end=\"1781\">Products meet international standards <strong data-start=\"1717\" data-end=\"1747\">\u0110\u1ea3m b\u1ea3o ch\u1ea5t l\u01b0\u1ee3ng qu\u1ed1c t\u1ebf<\/strong>: S\u1ea3n xu\u1ea5t theo chu\u1ea9n GMP \u2013 ISO.<\/p>\n<\/li>\n<li data-start=\"1782\" data-end=\"1865\">\n<p data-start=\"1784\" data-end=\"1865\">Products meet international standards <strong data-start=\"1786\" data-end=\"1813\">T\u1ed1i \u01b0u quy m\u00f4 linh ho\u1ea1t<\/strong>: Gia c\u00f4ng s\u1ed1 l\u01b0\u1ee3ng nh\u1ecf ho\u1eb7c l\u1edbn t\u00f9y theo nhu c\u1ea7u.<\/p>\n<\/li>\n<li data-start=\"1866\" data-end=\"1938\">\n<p data-start=\"1868\" data-end=\"1938\">Products meet international standards <strong data-start=\"1870\" data-end=\"1897\">H\u1ed7 tr\u1ee3 ph\u00e1p l\u00fd tr\u1ecdn g\u00f3i<\/strong>: C\u00f4ng b\u1ed1 s\u1ea3n ph\u1ea9m, ki\u1ec3m nghi\u1ec7m \u0111\u1ea7y \u0111\u1ee7.<\/p>\n<\/li>\n<\/ul>\n<p data-start=\"1940\" data-end=\"2051\">Ch\u00ednh v\u00ec v\u1eady, nhi\u1ec1u doanh nghi\u1ec7p ch\u1ecdn <strong data-start=\"1978\" data-end=\"2021\">gia c\u00f4ng th\u1ef1c ph\u1ea9m ch\u1ee9c n\u0103ng cho c\u01a1 th\u1ec3<\/strong> \u0111\u1ec3 t\u0103ng l\u1ee3i th\u1ebf c\u1ea1nh tranh.<\/p>\n<h1><span style=\"font-size: 14pt;\"><b>3. Gia c\u00f4ng th\u1ef1c ph\u1ea9m ch\u1ee9c n\u0103ng cho c\u01a1 th\u1ec3 t\u1ea1i Shizencos<\/b><\/span><\/h1>\n<p><span style=\"font-weight: 400;\">Hi\u1ec7n nay tr\u00ean th\u1ecb tr\u01b0\u1eddng c\u00f3 r\u1ea5t nhi\u1ec1u \u0111\u01a1n v\u1ecb nh\u1eadn gia c\u00f4ng th\u1ef1c ph\u1ea9m ch\u1ee9c n\u0103ng, nh\u01b0ng \u0111\u1ec3 t\u00ecm \u0111\u01b0\u1ee3c m\u1ed9t \u0111\u1ed1i t\u00e1c uy t\u00edn, \u0111\u1ee7 n\u0103ng l\u1ef1c v\u00e0 \u0111\u00e1ng tin c\u1eady \u0111\u1ec3 bi\u1ebfn \u00fd t\u01b0\u1edfng th\u00e0nh s\u1ea3n ph\u1ea9m th\u1ef1c t\u1ebf \u0111\u00f3 l\u00e0 m\u1ed9t quy\u1ebft \u0111\u1ecbnh chi\u1ebfn l\u01b0\u1ee3c. Shizencos t\u1ef1 h\u00e0o l\u00e0 \u0111\u01a1n v\u1ecb h\u1ed9i t\u1ee5 \u0111\u1ea7y \u0111\u1ee7 y\u1ebfu t\u1ed1 v\u1ec1 chuy\u00ean m\u00f4n, quy tr\u00ecnh chu\u1ea9n h\u00f3a v\u00e0 t\u00ednh \u0111\u1ed3ng h\u00e0nh cao, gi\u00fap c\u00e1c doanh nghi\u1ec7p t\u1ef1 tin \u0111\u01b0a s\u1ea3n ph\u1ea9m ra th\u1ecb tr\u01b0\u1eddng m\u1ed9t c\u00e1ch hi\u1ec7u qu\u1ea3, nhanh ch\u00f3ng v\u00e0 an to\u00e0n.<\/span><\/p>\n<h3 data-start=\"2121\" data-end=\"2169\">3.1 C\u00f4ng th\u1ee9c \u0111a d\u1ea1ng v\u00e0 c\u1eadp nh\u1eadt xu h\u01b0\u1edbng<\/h3>\n<p data-start=\"2170\" data-end=\"2248\"><a href=\"https:\/\/shizencos.com\/en\/\">Shizencos<\/a> s\u1edf h\u1eefu kho c\u00f4ng th\u1ee9c <strong data-start=\"2201\" data-end=\"2235\">th\u1ef1c ph\u1ea9m ch\u1ee9c n\u0103ng cho c\u01a1 th\u1ec3<\/strong> phong ph\u00fa:<\/p>\n<ul data-start=\"2249\" data-end=\"2454\">\n<li data-start=\"2249\" data-end=\"2288\">\n<p data-start=\"2251\" data-end=\"2288\">T\u0103ng c\u01b0\u1eddng mi\u1ec5n d\u1ecbch, s\u1ee9c \u0111\u1ec1 kh\u00e1ng.<\/p>\n<\/li>\n<li data-start=\"2289\" data-end=\"2325\">\n<p data-start=\"2291\" data-end=\"2325\">H\u1ed7 tr\u1ee3 ti\u00eau h\u00f3a, b\u1ed5 sung enzyme.<\/p>\n<\/li>\n<li data-start=\"2326\" data-end=\"2369\">\n<p data-start=\"2328\" data-end=\"2369\">Gi\u00fap l\u00e0m \u0111\u1eb9p da, th\u1ea3i \u0111\u1ed9c t\u1eeb b\u00ean trong.<\/p>\n<\/li>\n<li data-start=\"2370\" data-end=\"2408\">\n<p data-start=\"2372\" data-end=\"2408\">H\u1ed7 tr\u1ee3 v\u00f3c d\u00e1ng: t\u0103ng c\u01a1, gi\u1ea3m m\u1ee1.<\/p>\n<\/li>\n<li data-start=\"2409\" data-end=\"2454\">\n<p data-start=\"2411\" data-end=\"2454\">B\u1ed5 sung collagen, vitamin v\u00e0 kho\u00e1ng ch\u1ea5t.<\/p>\n<\/li>\n<\/ul>\n<p data-start=\"2456\" data-end=\"2589\">Ngo\u00e0i c\u00f4ng th\u1ee9c s\u1eb5n c\u00f3, ch\u00fang t\u00f4i c\u00f2n nghi\u00ean c\u1ee9u c\u00f4ng th\u1ee9c \u0111\u1ed9c quy\u1ec1n theo y\u00eau c\u1ea7u \u0111\u1ec3 gi\u00fap s\u1ea3n ph\u1ea9m c\u1ee7a b\u1ea1n kh\u00e1c bi\u1ec7t v\u00e0 c\u1ea1nh tranh.<\/p>\n<p><img decoding=\"async\" class=\"aligncenter wp-image-12795\" src=\"https:\/\/shizencos.com\/wp-content\/uploads\/2025\/02\/gia-cong-thuc-pham-chuc-nang-cho-co-the.png\" alt=\"C\u00f4ng th\u1ee9c gia c\u00f4ng th\u1ef1c ph\u1ea9m ch\u1ee9c n\u0103ng cho c\u01a1 th\u1ec3 \u0111a d\u1ea1ng\" width=\"1237\" height=\"616\" title=\"\" srcset=\"https:\/\/shizencos.com\/wp-content\/uploads\/2025\/02\/gia-cong-thuc-pham-chuc-nang-cho-co-the.png 1175w, https:\/\/shizencos.com\/wp-content\/uploads\/2025\/02\/gia-cong-thuc-pham-chuc-nang-cho-co-the-300x149.png 300w, https:\/\/shizencos.com\/wp-content\/uploads\/2025\/02\/gia-cong-thuc-pham-chuc-nang-cho-co-the-1024x510.png 1024w, https:\/\/shizencos.com\/wp-content\/uploads\/2025\/02\/gia-cong-thuc-pham-chuc-nang-cho-co-the-150x75.png 150w, https:\/\/shizencos.com\/wp-content\/uploads\/2025\/02\/gia-cong-thuc-pham-chuc-nang-cho-co-the-768x382.png 768w, https:\/\/shizencos.com\/wp-content\/uploads\/2025\/02\/gia-cong-thuc-pham-chuc-nang-cho-co-the-18x9.png 18w, https:\/\/shizencos.com\/wp-content\/uploads\/2025\/02\/gia-cong-thuc-pham-chuc-nang-cho-co-the-600x299.png 600w\" sizes=\"(max-width: 1237px) 100vw, 1237px\" \/><\/p>\n<p style=\"text-align: center;\"><em>C\u00f4ng th\u1ee9c gia c\u00f4ng th\u1ef1c ph\u1ea9m ch\u1ee9c n\u0103ng cho c\u01a1 th\u1ec3 \u0111a d\u1ea1ng<\/em><\/p>\n<h2><span style=\"font-size: 14pt;\"><b>3.2 Quy tr\u00ecnh gia c\u00f4ng th\u1ef1c ph\u1ea9m ch\u1ee9c n\u0103ng cho c\u01a1 th\u1ec3 t\u1ea1i Shizencos\u00a0<\/b><\/span><\/h2>\n<p><span style=\"font-weight: 400;\">\u0110\u1eb1ng sau m\u1ed7i s\u1ea3n ph\u1ea9m ch\u1ea5t l\u01b0\u1ee3ng l\u00e0 m\u1ed9t quy tr\u00ecnh gia c\u00f4ng b\u00e0i b\u1ea3n, \u0111\u01b0\u1ee3c ki\u1ec3m so\u00e1t ch\u1eb7t ch\u1ebd \u1edf t\u1eebng kh\u00e2u. T\u1ea1i Shizencos, ch\u00fang t\u00f4i x\u00e2y d\u1ef1ng quy tr\u00ecnh l\u00e0m vi\u1ec7c r\u00f5 r\u00e0ng, minh b\u1ea1ch, gi\u00fap kh\u00e1ch h\u00e0ng d\u1ec5 d\u00e0ng theo d\u00f5i v\u00e0 ki\u1ec3m so\u00e1t ti\u1ebfn \u0111\u1ed9 v\u00e0 ch\u1ea5t l\u01b0\u1ee3ng s\u1ea3n ph\u1ea9m ngay t\u1eeb b\u01b0\u1edbc \u0111\u1ea7u ti\u00ean.<\/span><\/p>\n<ol data-start=\"2744\" data-end=\"3094\">\n<li data-start=\"2744\" data-end=\"2784\">\n<p data-start=\"2747\" data-end=\"2784\">T\u01b0 v\u1ea5n &amp; x\u00e1c nh\u1eadn nhu c\u1ea7u s\u1ea3n ph\u1ea9m.<\/p>\n<\/li>\n<li data-start=\"2785\" data-end=\"2828\">\n<p data-start=\"2788\" data-end=\"2828\">R&amp;D nghi\u00ean c\u1ee9u &amp; ph\u00e1t tri\u1ec3n c\u00f4ng th\u1ee9c.<\/p>\n<\/li>\n<li data-start=\"2829\" data-end=\"2859\">\n<p data-start=\"2832\" data-end=\"2859\">G\u1eedi m\u1eabu th\u1eed &amp; \u0111i\u1ec1u ch\u1ec9nh.<\/p>\n<\/li>\n<li data-start=\"2860\" data-end=\"2890\">\n<p data-start=\"2863\" data-end=\"2890\">Ch\u1ed1t c\u00f4ng th\u1ee9c &amp; b\u00e1o gi\u00e1.<\/p>\n<\/li>\n<li data-start=\"2891\" data-end=\"2917\">\n<p data-start=\"2894\" data-end=\"2917\">K\u00fd h\u1ee3p \u0111\u1ed3ng gia c\u00f4ng.<\/p>\n<\/li>\n<li data-start=\"2918\" data-end=\"2956\">\n<p data-start=\"2921\" data-end=\"2956\">Chu\u1ea9n b\u1ecb &amp; ki\u1ec3m \u0111\u1ecbnh nguy\u00ean li\u1ec7u.<\/p>\n<\/li>\n<li data-start=\"2957\" data-end=\"3006\">\n<p data-start=\"2960\" data-end=\"3006\">S\u1ea3n xu\u1ea5t h\u00e0ng lo\u1ea1t theo d\u00e2y chuy\u1ec1n hi\u1ec7n \u0111\u1ea1i.<\/p>\n<\/li>\n<li data-start=\"3007\" data-end=\"3049\">\n<p data-start=\"3010\" data-end=\"3049\">\u0110\u00f3ng g\u00f3i \u2013 d\u00e1n nh\u00e3n theo th\u01b0\u01a1ng hi\u1ec7u.<\/p>\n<\/li>\n<li data-start=\"3050\" data-end=\"3094\">\n<p data-start=\"3053\" data-end=\"3094\">Giao h\u00e0ng &amp; h\u1ed7 tr\u1ee3 ph\u00e1p l\u00fd \u2013 marketing.<\/p>\n<\/li>\n<\/ol>\n<p><img loading=\"lazy\" decoding=\"async\" class=\"aligncenter wp-image-12781\" src=\"https:\/\/shizencos.com\/wp-content\/uploads\/2024\/09\/Cam-ket-cong-ty-1.png\" alt=\"Shizencos cam k\u1ebft cung c\u1ea5p d\u1ecbch v\u1ee5 gia c\u00f4ng m\u1ef9 ph\u1ea9m uy t\u00edn\" width=\"1263\" height=\"629\" title=\"\" srcset=\"https:\/\/shizencos.com\/wp-content\/uploads\/2024\/09\/Cam-ket-cong-ty-1.png 1175w, https:\/\/shizencos.com\/wp-content\/uploads\/2024\/09\/Cam-ket-cong-ty-1-300x149.png 300w, https:\/\/shizencos.com\/wp-content\/uploads\/2024\/09\/Cam-ket-cong-ty-1-1024x510.png 1024w, https:\/\/shizencos.com\/wp-content\/uploads\/2024\/09\/Cam-ket-cong-ty-1-150x75.png 150w, https:\/\/shizencos.com\/wp-content\/uploads\/2024\/09\/Cam-ket-cong-ty-1-768x382.png 768w, https:\/\/shizencos.com\/wp-content\/uploads\/2024\/09\/Cam-ket-cong-ty-1-18x9.png 18w, https:\/\/shizencos.com\/wp-content\/uploads\/2024\/09\/Cam-ket-cong-ty-1-600x299.png 600w\" sizes=\"(max-width: 1263px) 100vw, 1263px\" \/><\/p>\n<p style=\"text-align: center;\"><em>Shizencos is committed to providing reputable cosmetic processing services.<\/em><\/p>\n<h2 data-start=\"3101\" data-end=\"3114\">Conclude<\/h2>\n<p data-start=\"3115\" data-end=\"3425\">S\u1ef1 t\u0103ng tr\u01b0\u1edfng m\u1ea1nh m\u1ebd c\u1ee7a ng\u00e0nh <strong data-start=\"3148\" data-end=\"3182\">th\u1ef1c ph\u1ea9m ch\u1ee9c n\u0103ng cho c\u01a1 th\u1ec3<\/strong> m\u1edf ra c\u01a1 h\u1ed9i v\u00e0ng cho th\u01b0\u01a1ng hi\u1ec7u mu\u1ed1n ph\u00e1t tri\u1ec3n s\u1ea3n ph\u1ea9m ch\u1ea5t l\u01b0\u1ee3ng v\u00e0 b\u1ec1n v\u1eefng. L\u1ef1a ch\u1ecdn <strong data-start=\"3275\" data-end=\"3318\">gia c\u00f4ng th\u1ef1c ph\u1ea9m ch\u1ee9c n\u0103ng cho c\u01a1 th\u1ec3<\/strong> t\u1ea1i Shizencos gi\u00fap doanh nghi\u1ec7p ti\u1ebft ki\u1ec7m chi ph\u00ed, r\u00fat ng\u1eafn th\u1eddi gian v\u00e0 s\u1edf h\u1eefu quy tr\u00ecnh chu\u1ea9n qu\u1ed1c t\u1ebf.<\/p>\n<p data-start=\"3427\" data-end=\"3583\">\ud83d\udc49 <strong data-start=\"3430\" data-end=\"3581\"><a href=\"https:\/\/shizencos.com\/en\/lien-he\/\">Contact<\/a> ngay Shizencos \u0111\u1ec3 \u0111\u01b0\u1ee3c t\u01b0 v\u1ea5n mi\u1ec5n ph\u00ed v\u00e0 nh\u1eadn m\u1eabu th\u1eed s\u1ea3n ph\u1ea9m th\u1ef1c ph\u1ea9m ch\u1ee9c n\u0103ng cho c\u01a1 th\u1ec3, ph\u00f9 h\u1ee3p v\u1edbi \u0111\u1ecbnh h\u01b0\u1edbng th\u01b0\u01a1ng hi\u1ec7u c\u1ee7a b\u1ea1n!<\/strong><\/p>","protected":false},"excerpt":{"rendered":"<p>Trong b\u1ed1i c\u1ea3nh ng\u01b0\u1eddi ti\u00eau d\u00f9ng ng\u00e0y c\u00e0ng ch\u00fa tr\u1ecdng s\u1ee9c kh\u1ecfe, th\u1ef1c ph\u1ea9m ch\u1ee9c n\u0103ng cho c\u01a1 th\u1ec3 nh\u01b0 t\u0103ng mi\u1ec5n d\u1ecbch, h\u1ed7 tr\u1ee3 ti\u00eau h\u00f3a, c\u1ea3i thi\u1ec7n v\u00f3c d\u00e1ng v\u00e0 l\u00e0m \u0111\u1eb9p t\u1eeb b\u00ean trong \u0111ang ph\u00e1t tri\u1ec3n m\u1ea1nh. \u0110\u00e2y l\u00e0 c\u01a1 h\u1ed9i kinh doanh h\u1ea5p d\u1eabn, v\u00e0 l\u1ef1a ch\u1ecdn gia c\u00f4ng th\u1ef1c [&hellip;]<\/p>\n","protected":false},"featured_media":11993,"comment_status":"open","ping_status":"closed","template":"","meta":[],"product_brand":[],"product_cat":[34],"product_tag":[],"class_list":{"0":"post-11992","1":"product","2":"type-product","3":"status-publish","4":"has-post-thumbnail","6":"product_cat-gia-cong-thuc-pham-chuc-nang","8":"first","9":"instock","10":"shipping-taxable","11":"product-type-simple"},"_links":{"self":[{"href":"https:\/\/shizencos.com\/en\/wp-json\/wp\/v2\/product\/11992","targetHints":{"allow":["GET"]}}],"collection":[{"href":"https:\/\/shizencos.com\/en\/wp-json\/wp\/v2\/product"}],"about":[{"href":"https:\/\/shizencos.com\/en\/wp-json\/wp\/v2\/types\/product"}],"replies":[{"embeddable":true,"href":"https:\/\/shizencos.com\/en\/wp-json\/wp\/v2\/comments?post=11992"}],"wp:featuredmedia":[{"embeddable":true,"href":"https:\/\/shizencos.com\/en\/wp-json\/wp\/v2\/media\/11993"}],"wp:attachment":[{"href":"https:\/\/shizencos.com\/en\/wp-json\/wp\/v2\/media?parent=11992"}],"wp:term":[{"taxonomy":"product_brand","embeddable":true,"href":"https:\/\/shizencos.com\/en\/wp-json\/wp\/v2\/product_brand?post=11992"},{"taxonomy":"product_cat","embeddable":true,"href":"https:\/\/shizencos.com\/en\/wp-json\/wp\/v2\/product_cat?post=11992"},{"taxonomy":"product_tag","embeddable":true,"href":"https:\/\/shizencos.com\/en\/wp-json\/wp\/v2\/product_tag?post=11992"}],"curies":[{"name":"wp","href":"https:\/\/api.w.org\/{rel}","templated":true}]}}