{"id":11990,"date":"2025-02-05T08:48:42","date_gmt":"2025-02-05T01:48:42","guid":{"rendered":"https:\/\/shizencos.com\/?post_type=product&#038;p=11990"},"modified":"2025-08-13T14:23:17","modified_gmt":"2025-08-13T07:23:17","slug":"gia-cong-thuc-pham-chuc-nang-danh-cho-da","status":"publish","type":"product","link":"https:\/\/shizencos.com\/en\/gia-cong-thuc-pham-chuc-nang-danh-cho-da\/","title":{"rendered":"Processing functional foods for skin"},"content":{"rendered":"<p style=\"text-align: justify;\"><span style=\"font-weight: 400;\">B\u00ean c\u1ea1nh nhu c\u1ea7u l\u00e0m \u0111\u1eb9p t\u1eeb b\u00ean ngo\u00e0i, ch\u0103m s\u00f3c s\u1ee9c kh\u1ecfe t\u1eeb b\u00ean trong \u0111ang tr\u1edf th\u00e0nh xu h\u01b0\u1edbng \u0111\u01b0\u1ee3c ng\u01b0\u1eddi ti\u00eau d\u00f9ng \u0111\u1eb7c bi\u1ec7t quan t\u00e2m. B\u1edfi l\u1ebd, m\u1ed9t c\u01a1 th\u1ec3 kh\u1ecfe m\u1ea1nh kh\u00f4ng ch\u1ec9 gi\u00fap t\u0103ng s\u1ee9c \u0111\u1ec1 kh\u00e1ng m\u00e0 c\u00f2n tr\u1ef1c ti\u1ebfp \u1ea3nh h\u01b0\u1edfng \u0111\u1ebfn l\u00e0n da, khi s\u1ee9c kh\u1ecfe t\u1ed1t, l\u00e0n da s\u1ebd tr\u1edf n\u00ean h\u1ed3ng h\u00e0o, c\u0103ng b\u00f3ng v\u00e0 tr\u1ebb trung h\u01a1n. \u0110i\u1ec1u n\u00e0y khi\u1ebfn cho c\u00e1c d\u00f2ng th\u1ef1c ph\u1ea9m ch\u1ee9c n\u0103ng d\u00e0nh cho da ng\u00e0y c\u00e0ng \u0111\u01b0\u1ee3c \u01b0a chu\u1ed9ng v\u00e0 c\u00f3 ti\u1ec1m n\u0103ng ph\u00e1t tri\u1ec3n m\u1ea1nh m\u1ebd.<\/span><\/p>\n<p style=\"text-align: justify;\"><span style=\"font-weight: 400;\">\u0110\u00e2y ch\u00ednh l\u00e0 th\u1eddi \u0111i\u1ec3m l\u00fd t\u01b0\u1edfng \u0111\u1ec3 c\u00e1c doanh nghi\u1ec7p m\u1ef9 ph\u1ea9m m\u1edf r\u1ed9ng danh m\u1ee5c s\u1ea3n ph\u1ea9m, ti\u1ebfp c\u1eadn th\u00eam ph\u00e2n kh\u00fac kh\u00e1ch h\u00e0ng m\u1edbi. Tuy nhi\u00ean, t\u1eeb m\u1ed9t \u00fd t\u01b0\u1edfng s\u1ea3n ph\u1ea9m \u0111\u1ebfn m\u1ed9t d\u00f2ng th\u1ef1c ph\u1ea9m ch\u1ee9c n\u0103ng \u0111\u1ea1t chu\u1ea9n ch\u1ea5t l\u01b0\u1ee3ng v\u00e0 s\u1eb5n s\u00e0ng ra m\u1eaft th\u1ecb tr\u01b0\u1eddng l\u00e0 m\u1ed9t h\u00e0nh tr\u00ecnh d\u00e0i v\u1edbi nhi\u1ec1u th\u00e1ch th\u1ee9c. Thay v\u00ec \u0111\u1ea7u t\u01b0 x\u00e2y d\u1ef1ng nh\u00e0 m\u00e1y, tuy\u1ec3n d\u1ee5ng \u0111\u1ed9i ng\u0169 chuy\u00ean m\u00f4n v\u00e0 x\u1eed l\u00fd th\u1ee7 t\u1ee5c ph\u00e1p l\u00fd ph\u1ee9c t\u1ea1p, nhi\u1ec1u doanh nghi\u1ec7p \u0111\u00e3 l\u1ef1a ch\u1ecdn gi\u1ea3i ph\u00e1p h\u1ee3p t\u00e1c gia c\u00f4ng \u0111\u1ec3 ti\u1ebft ki\u1ec7m th\u1eddi gian, chi ph\u00ed v\u00e0 ngu\u1ed3n l\u1ef1c.<\/span><\/p>\n<p style=\"text-align: justify;\"><span style=\"font-weight: 400;\">N\u1ebfu b\u1ea1n \u0111ang ph\u00e2n v\u00e2n kh\u00f4ng bi\u1ebft b\u1eaft \u0111\u1ea7u t\u1eeb \u0111\u00e2u, h\u00e3y kh\u00e1m ph\u00e1 b\u00e0i vi\u1ebft d\u01b0\u1edbi \u0111\u00e2y \u0111\u1ec3 hi\u1ec3u r\u00f5 h\u01a1n v\u1ec1 d\u1ecbch v\u1ee5 gia c\u00f4ng th\u1ef1c ph\u1ea9m ch\u1ee9c n\u0103ng d\u00e0nh cho da t\u1ea1i Shizencos, n\u01a1i hi\u1ec7n th\u1ef1c h\u00f3a \u00fd t\u01b0\u1edfng s\u1ea3n ph\u1ea9m c\u1ee7a b\u1ea1n th\u00e0nh hi\u1ec7n th\u1ef1c m\u1ed9t c\u00e1ch chuy\u00ean nghi\u1ec7p v\u00e0 hi\u1ec7u qu\u1ea3.<\/span><\/p>\n<h2 style=\"text-align: justify;\"><span style=\"font-size: 14pt;\"><b>1. Gia c\u00f4ng th\u1ef1c ph\u1ea9m ch\u1ee9c n\u0103ng d\u00e0nh cho da l\u00e0 g\u00ec?<\/b><\/span><\/h2>\n<p style=\"text-align: justify;\"><b>Th\u1ef1c ph\u1ea9m ch\u1ee9c n\u0103ng l\u00e0 <\/b><span style=\"font-weight: 400;\">d\u1ea1ng s\u1ea3n ph\u1ea9m c\u00f3 ch\u1ee9c n\u0103ng b\u1ed5 sung d\u01b0\u1ee1ng ch\u1ea5t c\u1ea7n thi\u1ebft cho c\u01a1 th\u1ec3, gi\u00fap c\u1ea3i thi\u1ec7n v\u00e0 duy tr\u00ec ho\u1ea1t \u0111\u1ed9ng c\u1ee7a c\u00e1c c\u01a1 quan, bao g\u1ed3m c\u1ea3 l\u00e0n da. Ch\u00fang c\u00f3 th\u1ec3 \u0111\u01b0\u1ee3c b\u00e0o ch\u1ebf d\u01b0\u1edbi nhi\u1ec1u h\u00ecnh th\u1ee9c nh\u01b0 vi\u00ean nang, vi\u00ean n\u00e9n, b\u1ed9t, ho\u1eb7c d\u1ea1ng n\u01b0\u1edbc u\u1ed1ng, gi\u00fap ng\u01b0\u1eddi d\u00f9ng d\u1ec5 d\u00e0ng h\u1ea5p th\u1ee5 d\u01b0\u1ee1ng ch\u1ea5t. H\u00e0m l\u01b0\u1ee3ng c\u00e1c th\u00e0nh ph\u1ea7n trong th\u1ef1c ph\u1ea9m ch\u1ee9c n\u0103ng \u0111\u01b0\u1ee3c \u0111o l\u01b0\u1eddng ch\u00ednh x\u00e1c b\u1eb1ng gram ho\u1eb7c miligam v\u00e0 \u0111\u01b0\u1ee3c \u0111i\u1ec1u ch\u1ec9nh d\u1ef1a tr\u00ean c\u00f4ng th\u1ee9c, nhu c\u1ea7u c\u01a1 th\u1ec3, c\u00f9ng ti\u00eau chu\u1ea9n nghi\u00eam ng\u1eb7t c\u1ee7a nh\u00e0 s\u1ea3n xu\u1ea5t \u0111\u1ec3 mang l\u1ea1i hi\u1ec7u qu\u1ea3 t\u1ed1i \u01b0u cho s\u1ee9c kh\u1ecfe v\u00e0 l\u00e0n da.<\/span><\/p>\n<p style=\"text-align: justify;\"><b>Th\u1ef1c ph\u1ea9m ch\u1ee9c n\u0103ng d\u00e0nh cho da<\/b><span style=\"font-weight: 400;\"> s\u1ebd c\u00f3 c\u00e1c c\u00f4ng d\u1ee5ng nh\u1ea5t \u0111\u1ecbnh nh\u01b0 l\u00e0m s\u00e1ng da, tr\u1ecb m\u1ee5n, ng\u0103n ng\u1eeba n\u00e1m, s\u1ea1m, ch\u1ed1ng l\u00e3o h\u00f3a, ch\u1ed1ng nh\u0103n da, h\u1ea1n ch\u1ebf gi\u00e3n n\u1edf ch\u00e2n l\u00f4ng, gi\u00fap da \u0111\u1ea9y nhanh ti\u1ebfn tr\u00ecnh t\u00e1i t\u1ea1o t\u1ebf b\u00e0o m\u1edbi.<\/span><\/p>\n<p style=\"text-align: justify;\"><i><span style=\"font-weight: 400;\">L\u01b0u \u00fd:<\/span><\/i><span style=\"font-weight: 400;\"> Gia c\u00f4ng th\u1ef1c ph\u1ea9m ch\u1ee9c n\u0103ng d\u00e0nh cho da kh\u00f4ng ph\u1ea3i l\u00e0 thu\u1ed1c kh\u00f4ng c\u00f3 ch\u1ee9c n\u0103ng thay th\u1ebf thu\u1ed1c ch\u1eefa b\u1ec7nh, n\u00ean u\u1ed1ng th\u1ef1c ph\u1ea9m v\u1edbi li\u1ec7u l\u01b0\u1ee3ng nh\u1ecf \u0111\u1ec1u \u0111\u1eb7n m\u1ed7i ng\u00e0y.<\/span><\/p>\n<p style=\"text-align: justify;\"><span style=\"font-size: 14px; text-align: center;\">\u00a0<\/span><\/p>\n<p><img fetchpriority=\"high\" decoding=\"async\" class=\"aligncenter wp-image-12796\" src=\"https:\/\/shizencos.com\/wp-content\/uploads\/2025\/02\/gia-cong-thuc-pham-chuc-nang-danh-cho-da.png\" alt=\"\" width=\"1281\" height=\"638\" title=\"\" srcset=\"https:\/\/shizencos.com\/wp-content\/uploads\/2025\/02\/gia-cong-thuc-pham-chuc-nang-danh-cho-da.png 1175w, https:\/\/shizencos.com\/wp-content\/uploads\/2025\/02\/gia-cong-thuc-pham-chuc-nang-danh-cho-da-300x149.png 300w, https:\/\/shizencos.com\/wp-content\/uploads\/2025\/02\/gia-cong-thuc-pham-chuc-nang-danh-cho-da-1024x510.png 1024w, https:\/\/shizencos.com\/wp-content\/uploads\/2025\/02\/gia-cong-thuc-pham-chuc-nang-danh-cho-da-150x75.png 150w, https:\/\/shizencos.com\/wp-content\/uploads\/2025\/02\/gia-cong-thuc-pham-chuc-nang-danh-cho-da-768x382.png 768w, https:\/\/shizencos.com\/wp-content\/uploads\/2025\/02\/gia-cong-thuc-pham-chuc-nang-danh-cho-da-18x9.png 18w, https:\/\/shizencos.com\/wp-content\/uploads\/2025\/02\/gia-cong-thuc-pham-chuc-nang-danh-cho-da-600x299.png 600w\" sizes=\"(max-width: 1281px) 100vw, 1281px\" \/><\/p>\n<p style=\"text-align: center;\"><span style=\"font-weight: 400;\"><em>Gia c\u00f4ng th\u1ef1c ph\u1ea9m ch\u1ee9c n\u0103ng d\u00e0nh cho da l\u00e0 g\u00ec?<\/em><\/span><\/p>\n<p style=\"text-align: justify;\"><b>Gia c\u00f4ng th\u1ef1c ph\u1ea9m ch\u1ee9c n\u0103ng d\u00e0nh cho da l\u00e0<\/b><span style=\"font-weight: 400;\"> qu\u00e1 tr\u00ecnh m\u00e0 doanh nghi\u1ec7p h\u1ee3p t\u00e1c v\u1edbi m\u1ed9t nh\u00e0 m\u00e1y s\u1ea3n xu\u1ea5t chuy\u00ean nghi\u1ec7p \u0111\u1ec3 nghi\u00ean c\u1ee9u, ph\u00e1t tri\u1ec3n v\u00e0 s\u1ea3n xu\u1ea5t c\u00e1c d\u00f2ng s\u1ea3n ph\u1ea9m ch\u1ee9c n\u0103ng l\u00e0m \u0111\u1eb9p da mang th\u01b0\u01a1ng hi\u1ec7u ri\u00eang. \u0110\u00e2y l\u00e0 l\u1ef1a ch\u1ecdn t\u1ed1i \u01b0u cho c\u00e1c doanh nghi\u1ec7p ch\u01b0a c\u00f3 nh\u00e0 m\u00e1y s\u1ea3n xu\u1ea5t ho\u1eb7c mu\u1ed1n t\u1eadp trung v\u00e0o ph\u00e1t tri\u1ec3n th\u01b0\u01a1ng hi\u1ec7u v\u00e0 kinh doanh.<\/span><\/p>\n<h2 style=\"text-align: justify;\"><span style=\"font-size: 14pt;\"><b>2. L\u1ee3i \u00edch c\u1ee7a vi\u1ec7c l\u1ef1a ch\u1ecdn gia c\u00f4ng th\u1ef1c ph\u1ea9m ch\u1ee9c n\u0103ng d\u00e0nh cho da<\/b><\/span><\/h2>\n<p style=\"text-align: justify;\"><span style=\"font-weight: 400;\">Trong b\u1ed1i c\u1ea3nh th\u1ecb tr\u01b0\u1eddng l\u00e0m \u0111\u1eb9p c\u1ea1nh tranh kh\u1ed1c li\u1ec7t, vi\u1ec7c l\u1ef1a ch\u1ecdn m\u00f4 h\u00ecnh gia c\u00f4ng gi\u00fap doanh nghi\u1ec7p t\u1ed1i \u01b0u h\u00f3a c\u1ea3 chi ph\u00ed v\u00e0 th\u1eddi gian m\u00e0 v\u1eabn \u0111\u1ea3m b\u1ea3o ch\u1ea5t l\u01b0\u1ee3ng s\u1ea3n ph\u1ea9m. Thay v\u00ec \u0111\u1ea7u t\u01b0 l\u1edbn v\u00e0o nh\u00e0 m\u00e1y, c\u00f4ng ngh\u1ec7 v\u00e0 \u0111\u1ed9i ng\u0169 chuy\u00ean m\u00f4n, doanh nghi\u1ec7p c\u00f3 th\u1ec3 t\u1eadp trung ngu\u1ed3n l\u1ef1c cho chi\u1ebfn l\u01b0\u1ee3c marketing, c\u00e1c chi\u1ebfn d\u1ecbch qu\u1ea3ng b\u00e1 s\u1ea3n ph\u1ea9m v\u00e0 gia t\u0103ng \u0111\u1ed9 nh\u1eadn di\u1ec7n th\u01b0\u01a1ng hi\u1ec7u tr\u00ean th\u1ecb tr\u01b0\u1eddng. \u0110\u00e2y l\u00e0 m\u1ed9t h\u01b0\u1edbng \u0111i th\u00f4ng minh, hi\u1ec7u qu\u1ea3, \u0111\u1eb7c bi\u1ec7t ph\u00f9 h\u1ee3p v\u1edbi c\u1ea3 doanh nghi\u1ec7p l\u1edbn l\u1eabn c\u00e1c startup m\u1ef9 ph\u1ea9m \u0111ang trong giai \u0111o\u1ea1n x\u00e2y d\u1ef1ng th\u01b0\u01a1ng hi\u1ec7u.<\/span><\/p>\n<p style=\"text-align: justify;\"><span style=\"font-weight: 400;\">\u2705 Ti\u1ebft ki\u1ec7m chi ph\u00ed v\u1eadn h\u00e0nh nh\u00e0 m\u00e1y, ngu\u1ed3n l\u1ef1c, R&amp;D.<\/span><\/p>\n<p style=\"text-align: justify;\"><span style=\"font-weight: 400;\">\u2705 T\u1ed1i \u01b0u chi ph\u00ed s\u1ea3n xu\u1ea5t theo quy m\u00f4 linh ho\u1ea1t.<\/span><\/p>\n<p style=\"text-align: justify;\"><span style=\"font-weight: 400;\">\u2705 R\u00fat ng\u1eafn th\u1eddi gian ra m\u1eaft s\u1ea3n ph\u1ea9m.<\/span><\/p>\n<p style=\"text-align: justify;\"><span style=\"font-weight: 400;\">\u2705 \u0110\u1ea3m b\u1ea3o ch\u1ea5t l\u01b0\u1ee3ng, s\u1ea3n xu\u1ea5t theo d\u00e2y chuy\u1ec1n hi\u1ec7n \u0111\u1ea1i.<\/span><\/p>\n<p style=\"text-align: justify;\"><span style=\"font-weight: 400;\">\u2705 Legal support, testing, and quick product announcement<\/span><\/p>\n<h2 style=\"text-align: justify;\"><span style=\"font-size: 14pt;\"><b>3. Gia c\u00f4ng th\u1ef1c ph\u1ea9m ch\u1ee9c n\u0103ng d\u00e0nh cho da t\u1ea1i Shizencos<\/b><\/span><\/h2>\n<p style=\"text-align: justify;\"><span style=\"font-weight: 400;\">Th\u1ef1c ph\u1ea9m ch\u1ee9c n\u0103ng l\u00e0 d\u00f2ng s\u1ea3n ph\u1ea9m c\u00f3 \u1ea3nh h\u01b0\u1edfng tr\u1ef1c ti\u1ebfp \u0111\u1ebfn s\u1ee9c kh\u1ecfe ng\u01b0\u1eddi ti\u00eau d\u00f9ng, v\u00ec v\u1eady quy tr\u00ecnh s\u1ea3n xu\u1ea5t v\u00e0 ti\u00eau chu\u1ea9n ch\u1ea5t l\u01b0\u1ee3ng lu\u00f4n \u0111\u01b0\u1ee3c B\u1ed9 Y T\u1ebf v\u00e0 c\u00e1c c\u01a1 quan qu\u1ea3n l\u00fd \u0111\u1eb7c bi\u1ec7t quan t\u00e2m. Do \u0111\u00f3, vi\u1ec7c l\u1ef1a ch\u1ecdn m\u1ed9t \u0111\u01a1n v\u1ecb gia c\u00f4ng uy t\u00edn, chuy\u00ean nghi\u1ec7p kh\u00f4ng ch\u1ec9 gi\u00fap doanh nghi\u1ec7p t\u1ea1o ra s\u1ea3n ph\u1ea9m ch\u1ea5t l\u01b0\u1ee3ng m\u00e0 c\u00f2n \u0111\u1ea3m b\u1ea3o tu\u00e2n th\u1ee7 c\u00e1c quy \u0111\u1ecbnh nghi\u00eam ng\u1eb7t c\u1ee7a ng\u00e0nh. \u0110\u00e2y ch\u00ednh l\u00e0 l\u00fd do v\u00ec sao nhi\u1ec1u th\u01b0\u01a1ng hi\u1ec7u m\u1ef9 ph\u1ea9m &#8211; th\u1ef1c ph\u1ea9m ch\u1ee9c n\u0103ng l\u1ef1a ch\u1ecdn <\/span><b>Shizencos<\/b><span style=\"font-weight: 400;\"> l\u00e0 \u0111\u1ed1i t\u00e1c s\u1ea3n xu\u1ea5t chi\u1ebfn l\u01b0\u1ee3c.<\/span><\/p>\n<p style=\"text-align: justify;\"><span style=\"font-weight: 400;\">V\u1edbi nhi\u1ec1u n\u0103m kinh nghi\u1ec7m trong l\u0129nh v\u1ef1c gia c\u00f4ng th\u1ef1c ph\u1ea9m ch\u1ee9c n\u0103ng v\u00e0 m\u1ef9 ph\u1ea9m, Shizencos t\u1ef1 h\u00e0o l\u00e0 \u0111\u1ed1i t\u00e1c tin c\u1eady c\u1ee7a h\u00e0ng tr\u0103m th\u01b0\u01a1ng hi\u1ec7u l\u1edbn nh\u1ecf t\u1ea1i Vi\u1ec7t Nam. Ch\u00fang t\u00f4i \u0111\u00e3 \u0111\u1ed3ng h\u00e0nh c\u00f9ng nhi\u1ec1u doanh nghi\u1ec7p th\u00e0nh c\u00f4ng \u0111\u01b0a s\u1ea3n ph\u1ea9m ra th\u1ecb tr\u01b0\u1eddng nhanh ch\u00f3ng v\u00e0 hi\u1ec7u qu\u1ea3. Nh\u1edd v\u00e0o h\u1ec7 th\u1ed1ng d\u00e2y chuy\u1ec1n s\u1ea3n xu\u1ea5t hi\u1ec7n \u0111\u1ea1i c\u00f4ng ngh\u1ec7 ti\u00ean ti\u1ebfn, m\u1ed7i s\u1ea3n ph\u1ea9m t\u1ea1i Shizencos \u0111\u1ec1u \u0111\u1ea3m b\u1ea3o \u0111\u1ea1t ch\u1ea5t l\u01b0\u1ee3ng ki\u1ec3m nghi\u1ec7m nghi\u00eam ng\u1eb7t v\u00e0 \u0111\u1ea7y \u0111\u1ee7 h\u1ed3 s\u01a1 ph\u00e1p l\u00fd, c\u00f4ng b\u1ed1 s\u1ea3n ph\u1ea9m.<\/span><\/p>\n<h3 style=\"text-align: justify;\"><b>3.1 C\u00f4ng th\u1ee9c th\u1ef1c ph\u1ea9m ch\u1ee9c n\u0103ng d\u00e0nh cho da \u0111a d\u1ea1ng<\/b><\/h3>\n<p style=\"text-align: justify;\"><span style=\"font-weight: 400;\">V\u1edbi th\u1ecb tr\u01b0\u1eddng ng\u00e0y c\u00e0ng quan t\u00e2m \u0111\u1ebfn ch\u0103m s\u00f3c da t\u1eeb b\u00ean trong, Shizencos cung c\u1ea5p \u0111a d\u1ea1ng c\u00f4ng th\u1ee9c th\u1ef1c ph\u1ea9m ch\u1ee9c n\u0103ng d\u00e0nh cho da ph\u00f9 h\u1ee3p v\u1edbi t\u1eebng ph\u00e2n kh\u00fac v\u00e0 \u0111\u1ecbnh h\u01b0\u1edbng kinh doanh kh\u00e1c nhau. Ch\u00fang t\u00f4i x\u00e2y d\u1ef1ng v\u00e0 c\u1eadp nh\u1eadt kho c\u00f4ng th\u1ee9c theo xu h\u01b0\u1edbng ti\u00eau d\u00f9ng m\u1edbi nh\u1ea5t, gi\u00fap \u0111\u1ed1i t\u00e1c d\u1ec5 d\u00e0ng l\u1ef1a ch\u1ecdn s\u1ea3n ph\u1ea9m \u0111\u1ec3 ph\u00e1t tri\u1ec3n th\u01b0\u01a1ng hi\u1ec7u, t\u1eeb d\u00f2ng b\u00ecnh d\u00e2n \u0111\u1ebfn cao c\u1ea5p, t\u1eeb s\u1ea3n ph\u1ea9m ch\u0103m s\u00f3c da h\u00e0ng ng\u00e0y \u0111\u1ebfn chuy\u00ean bi\u1ec7t.<\/span><\/p>\n<p>&nbsp;<\/p>\n<p style=\"text-align: justify;\"><img decoding=\"async\" class=\"aligncenter wp-image-12797\" src=\"https:\/\/shizencos.com\/wp-content\/uploads\/2025\/02\/thuc-pham-chuc-nang-danh-cho-da.png\" alt=\"C\u00f4ng th\u1ee9c gia c\u00f4ng th\u1ef1c ph\u1ea9m ch\u1ee9c n\u0103ng d\u00e0nh cho da \u0111a d\u1ea1ng\" width=\"1243\" height=\"619\" title=\"\" srcset=\"https:\/\/shizencos.com\/wp-content\/uploads\/2025\/02\/thuc-pham-chuc-nang-danh-cho-da.png 1175w, https:\/\/shizencos.com\/wp-content\/uploads\/2025\/02\/thuc-pham-chuc-nang-danh-cho-da-300x149.png 300w, https:\/\/shizencos.com\/wp-content\/uploads\/2025\/02\/thuc-pham-chuc-nang-danh-cho-da-1024x510.png 1024w, https:\/\/shizencos.com\/wp-content\/uploads\/2025\/02\/thuc-pham-chuc-nang-danh-cho-da-150x75.png 150w, https:\/\/shizencos.com\/wp-content\/uploads\/2025\/02\/thuc-pham-chuc-nang-danh-cho-da-768x382.png 768w, https:\/\/shizencos.com\/wp-content\/uploads\/2025\/02\/thuc-pham-chuc-nang-danh-cho-da-18x9.png 18w, https:\/\/shizencos.com\/wp-content\/uploads\/2025\/02\/thuc-pham-chuc-nang-danh-cho-da-600x299.png 600w\" sizes=\"(max-width: 1243px) 100vw, 1243px\" \/><\/p>\n<p style=\"text-align: center;\"><em>C\u00f4ng th\u1ee9c gia c\u00f4ng th\u1ef1c ph\u1ea9m ch\u1ee9c n\u0103ng d\u00e0nh cho da \u0111a d\u1ea1ng<\/em><\/p>\n<ul style=\"text-align: justify;\">\n<li style=\"font-weight: 400;\" aria-level=\"1\"><b>Collagen th\u1ee7y ph\u00e2n\u202f+\u202fVitamin C<\/b><span style=\"font-weight: 400;\">: T\u0103ng c\u01b0\u1eddng \u0111\u00e0n h\u1ed3i, h\u1ea1n ch\u1ebf n\u1ebfp nh\u0103n.<\/span><\/li>\n<li style=\"font-weight: 400;\" aria-level=\"1\"><b>Glutathione &amp; Alpha Lipoic Acid<\/b><span style=\"font-weight: 400;\">: L\u00e0m s\u00e1ng da, gi\u1ea3m th\u00e2m n\u00e1m.<\/span><\/li>\n<li style=\"font-weight: 400;\" aria-level=\"1\"><b>Ceramide &amp; Hyaluronic Acid<\/b><span style=\"font-weight: 400;\">: Duy tr\u00ec h\u00e0ng r\u00e0o \u1ea9m, ng\u0103n m\u1ea5t n\u01b0\u1edbc.<\/span><\/li>\n<li style=\"font-weight: 400;\" aria-level=\"1\"><b>Biotin, k\u1ebdm, chi\u1ebft xu\u1ea5t Hovenia Dulcis<\/b><span style=\"font-weight: 400;\">: Gi\u1ea3m m\u1ee5n, \u1ed5n \u0111\u1ecbnh b\u00e3 nh\u1eddn.<\/span><\/li>\n<li style=\"font-weight: 400;\" aria-level=\"1\"><b>Vitamin E, CoQ10, Resveratrol<\/b><span style=\"font-weight: 400;\">: Ng\u0103n ng\u1eeba oxy h\u00f3a, ch\u1ed1ng l\u00e3o h\u00f3a da.<\/span><\/li>\n<li style=\"font-weight: 400;\" aria-level=\"1\"><b>Chi\u1ebft xu\u1ea5t d\u1ee9a, ngh\u1ec7, tr\u00e0 xanh<\/b><span style=\"font-weight: 400;\">: L\u00e0m d\u1ecbu da, h\u1ed7 tr\u1ee3 kh\u00e1ng vi\u00eam.<\/span><\/li>\n<\/ul>\n<p style=\"text-align: justify;\"><span style=\"font-weight: 400;\">B\u00ean c\u1ea1nh nh\u1eefng c\u00f4ng th\u1ee9c c\u00f3 s\u1eb5n, \u0111\u1ed9i ng\u0169 R&amp;D nhi\u1ec1u n\u0103m kinh nghi\u1ec7m c\u00f3 th\u1ec3 nghi\u00ean c\u1ee9u v\u00e0 ph\u00e1t tri\u1ec3n d\u00f2ng c\u00f4ng th\u1ee9c \u0111\u1ed9c quy\u1ec1n ri\u00eang theo y\u00eau c\u1ea7u c\u1ee7a th\u01b0\u01a1ng hi\u1ec7u v\u00e0 tinh ch\u1ec9nh h\u00e0m l\u01b0\u1ee3ng, h\u01b0\u01a1ng v\u1ecb \u0111\u1ec3 ph\u00f9 h\u1ee3p v\u1edbi chi\u1ebfn l\u01b0\u1ee3c gi\u00e1 v\u00e0 \u0111\u1ecbnh v\u1ecb s\u1ea3n ph\u1ea9m c\u1ee7a t\u1eebng doanh nghi\u1ec7p.<\/span><\/p>\n<h3 style=\"text-align: justify;\"><b>3.2 Quy tr\u00ecnh gia c\u00f4ng th\u1ef1c ph\u1ea9m ch\u1ee9c n\u0103ng d\u00e0nh cho da t\u1ea1i Shizencos\u00a0<\/b><\/h3>\n<p style=\"text-align: justify;\"><span style=\"font-weight: 400;\">\u0110\u1ec3 gi\u00fap doanh nghi\u1ec7p hi\u1ec3u r\u00f5 c\u00e1ch Shizencos v\u1eadn h\u00e0nh v\u00e0 mang l\u1ea1i hi\u1ec7u qu\u1ea3 t\u1ed1i \u01b0u trong t\u1eebng s\u1ea3n ph\u1ea9m, d\u01b0\u1edbi \u0111\u00e2y l\u00e0 quy tr\u00ecnh gia c\u00f4ng th\u1ef1c ph\u1ea9m ch\u1ee9c n\u0103ng d\u00e0nh cho da m\u00e0 ch\u00fang t\u00f4i \u0111ang \u00e1p d\u1ee5ng. M\u1ed7i b\u01b0\u1edbc \u0111\u01b0\u1ee3c thi\u1ebft k\u1ebf \u0111\u1ec3 \u0111\u1ea3m b\u1ea3o t\u00ednh chuy\u00ean nghi\u1ec7p, minh b\u1ea1ch v\u00e0 ki\u1ec3m so\u00e1t ch\u1ea5t l\u01b0\u1ee3ng ch\u1eb7t ch\u1ebd \u2013 t\u1eeb kh\u00e2u t\u01b0 v\u1ea5n \u0111\u1ebfn khi s\u1ea3n ph\u1ea9m ho\u00e0n thi\u1ec7n v\u00e0 ra m\u1eaft th\u1ecb tr\u01b0\u1eddng.<\/span><\/p>\n<p style=\"text-align: justify;\"><b>Step 1: <\/b><span style=\"font-weight: 400;\">Contact for consultation \u2013 Listen to requests and advise on appropriate formulas.<\/span><\/p>\n<p style=\"text-align: justify;\"><b>Step 2:<\/b><span style=\"font-weight: 400;\"> Research and Development \u2013 \u200b\u200bR&amp;D team researches and develops optimal formulas.<\/span><\/p>\n<p style=\"text-align: justify;\"><b>Step 3: <\/b><span style=\"font-weight: 400;\">Send samples and adjust \u2013 Provide samples, adjust based on feedback.<\/span><\/p>\n<p style=\"text-align: justify;\"><b>Step 4:<\/b><span style=\"font-weight: 400;\"> Finalize sample and quote \u2013 Confirm final formula, calculate cost<\/span><\/p>\n<p style=\"text-align: justify;\"><b>Step 5:<\/b><span style=\"font-weight: 400;\"> Signing contract and cooperation \u2013 Both parties agree and sign the processing contract.<\/span><\/p>\n<p style=\"text-align: justify;\"><b>Step 6: <\/b><span style=\"font-weight: 400;\">Prepare ingredients and stir the tank <\/span><span style=\"font-weight: 400;\">\u2013<\/span><span style=\"font-weight: 400;\"> \u2013 Import and check the quality of input materials.<\/span><\/p>\n<p style=\"text-align: justify;\"><b>Step 7:<\/b><span style=\"font-weight: 400;\"> S\u1ea3n xu\u1ea5t h\u00e0ng lo\u1ea1t\u00a0 \u2013 \u0110\u01b0a v\u00e0o s\u1ea3n xu\u1ea5t theo d\u00e2y chuy\u1ec1n kh\u00e9p k\u00edn c\u00f4ng ngh\u1ec7 cao.<\/span><\/p>\n<p style=\"text-align: justify;\"><b>Step 8: <\/b><span style=\"font-weight: 400;\">Product packaging \u2013 Filling, sealing, labeling according to design.<\/span><\/p>\n<p style=\"text-align: justify;\"><b>Step 9:<\/b><span style=\"font-weight: 400;\"> Delivery and post-production support \u2013 On-time delivery, legal support and business strategy.<\/span><\/p>\n<p>&nbsp;<\/p>\n<p style=\"text-align: justify;\"><img decoding=\"async\" class=\"aligncenter wp-image-12781 size-full\" src=\"https:\/\/shizencos.com\/wp-content\/uploads\/2024\/09\/Cam-ket-cong-ty-1.png\" alt=\"Shizencos cam k\u1ebft cung c\u1ea5p d\u1ecbch v\u1ee5 gia c\u00f4ng m\u1ef9 ph\u1ea9m uy t\u00edn\" width=\"1175\" height=\"585\" title=\"\" srcset=\"https:\/\/shizencos.com\/wp-content\/uploads\/2024\/09\/Cam-ket-cong-ty-1.png 1175w, https:\/\/shizencos.com\/wp-content\/uploads\/2024\/09\/Cam-ket-cong-ty-1-300x149.png 300w, https:\/\/shizencos.com\/wp-content\/uploads\/2024\/09\/Cam-ket-cong-ty-1-1024x510.png 1024w, https:\/\/shizencos.com\/wp-content\/uploads\/2024\/09\/Cam-ket-cong-ty-1-150x75.png 150w, https:\/\/shizencos.com\/wp-content\/uploads\/2024\/09\/Cam-ket-cong-ty-1-768x382.png 768w, https:\/\/shizencos.com\/wp-content\/uploads\/2024\/09\/Cam-ket-cong-ty-1-18x9.png 18w, https:\/\/shizencos.com\/wp-content\/uploads\/2024\/09\/Cam-ket-cong-ty-1-600x299.png 600w\" sizes=\"(max-width: 1175px) 100vw, 1175px\" \/><\/p>\n<p style=\"text-align: center;\"><em>Shizencos is committed to providing reputable cosmetic processing services.<\/em><\/p>\n<h2 style=\"text-align: justify;\"><b>Conclude<\/b><\/h2>\n<p style=\"text-align: justify;\"><span style=\"font-weight: 400;\">Trong b\u1ed1i c\u1ea3nh th\u1ecb tr\u01b0\u1eddng l\u00e0m \u0111\u1eb9p kh\u00f4ng ng\u1eebng m\u1edf r\u1ed9ng v\u00e0 ng\u01b0\u1eddi ti\u00eau d\u00f9ng ng\u00e0y c\u00e0ng quan t\u00e2m \u0111\u1ebfn s\u1ee9c kh\u1ecfe l\u00e0n da t\u1eeb b\u00ean trong, th\u1ef1c ph\u1ea9m ch\u1ee9c n\u0103ng d\u00e0nh cho da ch\u00ednh l\u00e0 m\u1ea3nh gh\u00e9p ti\u1ec1m n\u0103ng m\u00e0 doanh nghi\u1ec7p b\u1ea1n kh\u00f4ng n\u00ean b\u1ecf l\u1ee1. \u0110\u00e2y kh\u00f4ng ch\u1ec9 l\u00e0 m\u1ed9t d\u00f2ng s\u1ea3n ph\u1ea9m xu h\u01b0\u1edbng m\u00e0 c\u00f2n l\u00e0 c\u01a1 h\u1ed9i \u0111\u1ec3 m\u1edf r\u1ed9ng danh m\u1ee5c, t\u0103ng s\u1ee9c c\u1ea1nh tranh v\u00e0 ti\u1ebfp c\u1eadn nhi\u1ec1u t\u1ec7p kh\u00e1ch h\u00e0ng h\u01a1n. <\/span><span style=\"font-weight: 400;\">N\u1ebfu b\u1ea1n \u0111ang t\u00ecm ki\u1ebfm m\u1ed9t \u0111\u1ed1i t\u00e1c c\u00f3 n\u0103ng l\u1ef1c s\u1ea3n xu\u1ea5t chuy\u00ean nghi\u1ec7p, c\u00f4ng th\u1ee9c \u0111a d\u1ea1ng, chi ph\u00ed linh ho\u1ea1t v\u00e0 h\u1ed7 tr\u1ee3 to\u00e0n di\u1ec7n t\u1eeb A-Z th\u00ec Shizencos ch\u00ednh l\u00e0 l\u1ef1a ch\u1ecdn l\u00fd t\u01b0\u1edfng \u0111\u1ec3 b\u1eaft \u0111\u1ea7u. <span style=\"color: #0000ff;\"><a style=\"color: #0000ff;\" href=\"https:\/\/shizencos.com\/en\/lien-he\/\">Contact now<\/a><\/span> \u0111\u1ec3 \u0111\u01b0\u1ee3c t\u01b0 v\u1ea5n chi\u1ebfn l\u01b0\u1ee3c s\u1ea3n ph\u1ea9m v\u00e0 nh\u1eadn m\u1eabu th\u1eed mi\u1ec5n ph\u00ed h\u00f4m nay!<\/span><\/p>","protected":false},"excerpt":{"rendered":"<p>B\u00ean c\u1ea1nh nhu c\u1ea7u l\u00e0m \u0111\u1eb9p t\u1eeb b\u00ean ngo\u00e0i, ch\u0103m s\u00f3c s\u1ee9c kh\u1ecfe t\u1eeb b\u00ean trong \u0111ang tr\u1edf th\u00e0nh xu h\u01b0\u1edbng \u0111\u01b0\u1ee3c ng\u01b0\u1eddi ti\u00eau d\u00f9ng \u0111\u1eb7c bi\u1ec7t quan t\u00e2m. B\u1edfi l\u1ebd, m\u1ed9t c\u01a1 th\u1ec3 kh\u1ecfe m\u1ea1nh kh\u00f4ng ch\u1ec9 gi\u00fap t\u0103ng s\u1ee9c \u0111\u1ec1 kh\u00e1ng m\u00e0 c\u00f2n tr\u1ef1c ti\u1ebfp \u1ea3nh h\u01b0\u1edfng \u0111\u1ebfn l\u00e0n da, khi s\u1ee9c kh\u1ecfe [&hellip;]<\/p>\n","protected":false},"featured_media":11991,"comment_status":"open","ping_status":"closed","template":"","meta":[],"product_brand":[],"product_cat":[34],"product_tag":[],"class_list":{"0":"post-11990","1":"product","2":"type-product","3":"status-publish","4":"has-post-thumbnail","6":"product_cat-gia-cong-thuc-pham-chuc-nang","8":"first","9":"instock","10":"shipping-taxable","11":"product-type-simple"},"_links":{"self":[{"href":"https:\/\/shizencos.com\/en\/wp-json\/wp\/v2\/product\/11990","targetHints":{"allow":["GET"]}}],"collection":[{"href":"https:\/\/shizencos.com\/en\/wp-json\/wp\/v2\/product"}],"about":[{"href":"https:\/\/shizencos.com\/en\/wp-json\/wp\/v2\/types\/product"}],"replies":[{"embeddable":true,"href":"https:\/\/shizencos.com\/en\/wp-json\/wp\/v2\/comments?post=11990"}],"wp:featuredmedia":[{"embeddable":true,"href":"https:\/\/shizencos.com\/en\/wp-json\/wp\/v2\/media\/11991"}],"wp:attachment":[{"href":"https:\/\/shizencos.com\/en\/wp-json\/wp\/v2\/media?parent=11990"}],"wp:term":[{"taxonomy":"product_brand","embeddable":true,"href":"https:\/\/shizencos.com\/en\/wp-json\/wp\/v2\/product_brand?post=11990"},{"taxonomy":"product_cat","embeddable":true,"href":"https:\/\/shizencos.com\/en\/wp-json\/wp\/v2\/product_cat?post=11990"},{"taxonomy":"product_tag","embeddable":true,"href":"https:\/\/shizencos.com\/en\/wp-json\/wp\/v2\/product_tag?post=11990"}],"curies":[{"name":"wp","href":"https:\/\/api.w.org\/{rel}","templated":true}]}}