{"id":11988,"date":"2025-02-05T08:45:54","date_gmt":"2025-02-05T01:45:54","guid":{"rendered":"https:\/\/shizencos.com\/?post_type=product&#038;p=11988"},"modified":"2025-06-09T13:53:18","modified_gmt":"2025-06-09T06:53:18","slug":"gia-cong-ngam-chan-thao-moc","status":"publish","type":"product","link":"https:\/\/shizencos.com\/en\/gia-cong-ngam-chan-thao-moc\/","title":{"rendered":"Gia C\u00f4ng Ng\u00e2m Ch\u00e2n Th\u1ea3o M\u1ed9c"},"content":{"rendered":"<p style=\"text-align: justify;\"><span style=\"font-weight: 400;\">S\u1ea3n ph\u1ea9m n\u01b0\u1edbc ng\u00e2m ch\u00e2n th\u1ea3o m\u1ed9c \u0111ang n\u1ed5i l\u00ean nh\u01b0 m\u1ed9t ph\u00e2n kh\u00fac ti\u1ec1m n\u0103ng trong th\u1ecb tr\u01b0\u1eddng ch\u0103m s\u00f3c s\u1ee9c kh\u1ecfe v\u00e0 l\u00e0m \u0111\u1eb9p. Kh\u00f4ng ch\u1ec9 thu h\u00fat kh\u00e1ch h\u00e0ng c\u00e1 nh\u00e2n c\u00f3 nhu c\u1ea7u th\u01b0 gi\u00e3n t\u1ea1i nh\u00e0, d\u00f2ng s\u1ea3n ph\u1ea9m n\u00e0y c\u00f2n l\u00e0 l\u1ef1a ch\u1ecdn c\u1ee7a c\u00e1c spa, kh\u00e1ch s\u1ea1n, homestay cao c\u1ea5p&#8230; \u0111ang t\u00ecm ki\u1ebfm gi\u1ea3i ph\u00e1p n\u00e2ng cao tr\u1ea3i nghi\u1ec7m d\u1ecbch v\u1ee5 v\u00e0 gi\u00e1 tr\u1ecb h\u00ecnh \u1ea3nh th\u01b0\u01a1ng hi\u1ec7u.<\/span><\/p>\n<p style=\"text-align: justify;\"><span style=\"font-weight: 400;\">N\u1ebfu b\u1ea1n l\u00e0 doanh nghi\u1ec7p \u0111ang mu\u1ed1n b\u01b0\u1edbc v\u00e0o l\u0129nh v\u1ef1c kinh doanh s\u1ea3n ph\u1ea9m thi\u00ean nhi\u00ean, nh\u01b0ng c\u00f2n \u0111\u1eafn \u0111o v\u00ec ch\u01b0a c\u00f3 d\u00e2y chuy\u1ec1n s\u1ea3n xu\u1ea5t, ch\u01b0a c\u00f3 s\u1ea3n ph\u1ea9m ho\u1eb7c c\u00f4ng th\u1ee9c ri\u00eang th\u00ec m\u00f4 h\u00ecnh <\/span><b>gia c\u00f4ng ng\u00e2m ch\u00e2n th\u1ea3o m\u1ed9c<\/b><span style=\"font-weight: 400;\"> ch\u00ednh l\u00e0 gi\u1ea3i ph\u00e1p t\u1ed1i \u01b0u. \u0110\u00e2y l\u00e0 h\u00ecnh th\u1ee9c h\u1ee3p t\u00e1c th\u00f4ng minh, ti\u1ebft ki\u1ec7m th\u1eddi gian, chi ph\u00ed v\u00e0 nh\u00e2n l\u1ef1c, \u0111\u01b0\u1ee3c nhi\u1ec1u th\u01b0\u01a1ng hi\u1ec7u l\u1ef1a ch\u1ecdn \u0111\u1ec3 nhanh ch\u00f3ng ra m\u1eaft th\u1ecb tr\u01b0\u1eddng.<\/span><\/p>\n<p style=\"text-align: justify;\"><span style=\"font-weight: 400;\">Trong b\u00e0i vi\u1ebft n\u00e0y, Shizencos s\u1ebd gi\u00fap b\u1ea1n hi\u1ec3u r\u00f5 h\u01a1n: Ng\u00e2m ch\u00e2n th\u1ea3o m\u1ed9c l\u00e0 g\u00ec v\u00e0 v\u00ec sao l\u1ea1i tr\u1edf th\u00e0nh xu h\u01b0\u1edbng? M\u00f4 h\u00ecnh gia c\u00f4ng s\u1ea3n ph\u1ea9m ho\u1ea1t \u0111\u1ed9ng nh\u01b0 th\u1ebf n\u00e0o? L\u1ee3i \u00edch th\u1ef1c t\u1ebf khi l\u1ef1a ch\u1ecdn gia c\u00f4ng ng\u00e2m ch\u00e2n th\u1ea3o m\u1ed9c v\u00e0 t\u1ea1i sao Shizencos l\u00e0 \u0111\u1ed1i t\u00e1c l\u00fd t\u01b0\u1edfng \u0111\u1ec3 \u0111\u1ed3ng h\u00e0nh ph\u00e1t tri\u1ec3n s\u1ea3n ph\u1ea9m c\u00f9ng b\u1ea1n?<\/span><\/p>\n<h1 style=\"text-align: justify;\"><span style=\"font-size: 14pt;\"><b>1. Gia c\u00f4ng ng\u00e2m ch\u00e2n th\u1ea3o m\u1ed9c l\u00e0 g\u00ec?<\/b><\/span><\/h1>\n<p style=\"text-align: justify;\"><b>Ng\u00e2m ch\u00e2n th\u1ea3o m\u1ed9c l\u00e0 <\/b><span style=\"font-weight: 400;\">ph\u01b0\u01a1ng ph\u00e1p ch\u0103m s\u00f3c s\u1ee9c kh\u1ecfe truy\u1ec1n th\u1ed1ng s\u1eed d\u1ee5ng c\u00e1c lo\u1ea1i th\u1ea3o d\u01b0\u1ee3c thi\u00ean nhi\u00ean nh\u01b0 g\u1eebng, s\u1ea3, qu\u1ebf, ng\u1ea3i c\u1ee9u, \u0111inh h\u01b0\u01a1ng&#8230; \u0111\u01b0\u1ee3c \u0111un l\u1ea5y n\u01b0\u1edbc \u0111\u1ec3 ng\u00e2m ch\u00e2n. Ph\u01b0\u01a1ng ph\u00e1p n\u00e0y gi\u00fap l\u00e0m \u1ea5m c\u01a1 th\u1ec3, t\u0103ng c\u01b0\u1eddng tu\u1ea7n ho\u00e0n m\u00e1u, th\u01b0 gi\u00e3n tinh th\u1ea7n, gi\u1ea3m \u0111au nh\u1ee9c x\u01b0\u01a1ng kh\u1edbp v\u00e0 h\u1ed7 tr\u1ee3 c\u1ea3i thi\u1ec7n gi\u1ea5c ng\u1ee7. Ngo\u00e0i ra, \u0111\u00e2y c\u00f2n l\u00e0 li\u1ec7u ph\u00e1p \u0111\u01b0\u1ee3c nhi\u1ec1u gia \u0111\u00ecnh l\u1ef1a ch\u1ecdn trong ch\u0103m s\u00f3c s\u1ee9c kh\u1ecfe t\u1ea1i nh\u00e0 v\u00ec t\u00ednh \u0111\u01a1n gi\u1ea3n, hi\u1ec7u qu\u1ea3 v\u00e0 kh\u00f4ng g\u00e2y t\u00e1c d\u1ee5ng ph\u1ee5.<\/span><\/p>\n<p style=\"text-align: justify;\"><b>Gia c\u00f4ng ng\u00e2m ch\u00e2n th\u1ea3o m\u1ed9c<\/b><span style=\"font-weight: 400;\"> l\u00e0 qu\u00e1 tr\u00ecnh h\u1ee3p t\u00e1c s\u1ea3n xu\u1ea5t trong \u0111\u00f3 doanh nghi\u1ec7p cung c\u1ea5p \u00fd t\u01b0\u1edfng ho\u1eb7c y\u00eau c\u1ea7u v\u1ec1 s\u1ea3n ph\u1ea9m, v\u00e0 nh\u00e0 m\u00e1y gia c\u00f4ng s\u1ebd \u0111\u1ea3m nhi\u1ec7m t\u1eeb vi\u1ec7c ph\u00e1t tri\u1ec3n c\u00f4ng th\u1ee9c, s\u1ea3n xu\u1ea5t \u0111\u1ebfn \u0111\u00f3ng g\u00f3i s\u1ea3n ph\u1ea9m ho\u00e0n ch\u1ec9nh. S\u1ea3n ph\u1ea9m cu\u1ed1i c\u00f9ng mang th\u01b0\u01a1ng hi\u1ec7u ri\u00eang c\u1ee7a \u0111\u1ed1i t\u00e1c m\u00e0 kh\u00f4ng c\u1ea7n t\u1ef1 \u0111\u1ea7u t\u01b0 nh\u00e0 x\u01b0\u1edfng hay \u0111\u1ed9i ng\u0169 s\u1ea3n xu\u1ea5t.<\/span><\/p>\n<p>&nbsp;<\/p>\n<p><img fetchpriority=\"high\" decoding=\"async\" class=\"wp-image-12783\" src=\"https:\/\/shizencos.com\/wp-content\/uploads\/2025\/02\/gia-cong-ngam-chan-thao-moc-la-gi.png\" alt=\"Gia c\u00f4ng ng\u00e2m ch\u00e2n th\u1ea3o m\u1ed9c l\u00e0 g\u00ec?\" width=\"1209\" height=\"602\" title=\"\" srcset=\"https:\/\/shizencos.com\/wp-content\/uploads\/2025\/02\/gia-cong-ngam-chan-thao-moc-la-gi.png 1175w, https:\/\/shizencos.com\/wp-content\/uploads\/2025\/02\/gia-cong-ngam-chan-thao-moc-la-gi-300x149.png 300w, https:\/\/shizencos.com\/wp-content\/uploads\/2025\/02\/gia-cong-ngam-chan-thao-moc-la-gi-1024x510.png 1024w, https:\/\/shizencos.com\/wp-content\/uploads\/2025\/02\/gia-cong-ngam-chan-thao-moc-la-gi-150x75.png 150w, https:\/\/shizencos.com\/wp-content\/uploads\/2025\/02\/gia-cong-ngam-chan-thao-moc-la-gi-768x382.png 768w, https:\/\/shizencos.com\/wp-content\/uploads\/2025\/02\/gia-cong-ngam-chan-thao-moc-la-gi-18x9.png 18w, https:\/\/shizencos.com\/wp-content\/uploads\/2025\/02\/gia-cong-ngam-chan-thao-moc-la-gi-600x299.png 600w\" sizes=\"(max-width: 1209px) 100vw, 1209px\" \/><\/p>\n<p style=\"text-align: center;\"><em>Gia c\u00f4ng ng\u00e2m ch\u00e2n th\u1ea3o m\u1ed9c l\u00e0 g\u00ec?<\/em><\/p>\n<h1 style=\"text-align: justify;\"><span style=\"font-size: 14pt;\"><b>2. L\u1ee3i \u00edch c\u1ee7a vi\u1ec7c l\u1ef1a ch\u1ecdn gia c\u00f4ng ng\u00e2m ch\u00e2n th\u1ea3o m\u1ed9c<\/b><\/span><\/h1>\n<p style=\"text-align: justify;\"><span style=\"font-weight: 400;\">V\u1edbi nhi\u1ec1u doanh nghi\u1ec7p m\u1edbi b\u01b0\u1edbc v\u00e0o ng\u00e0nh ch\u0103m s\u00f3c s\u1ee9c kh\u1ecfe ho\u1eb7c m\u1ef9 ph\u1ea9m, vi\u1ec7c t\u1ef1 x\u00e2y d\u1ef1ng m\u1ed9t d\u00e2y chuy\u1ec1n s\u1ea3n xu\u1ea5t ho\u00e0n ch\u1ec9nh l\u00e0 \u0111i\u1ec1u kh\u00f4ng d\u1ec5 d\u00e0ng. Nh\u1eefng n\u1ed7i lo v\u1ec1 chi ph\u00ed \u0111\u1ea7u t\u01b0 m\u00e1y m\u00f3c, tuy\u1ec3n d\u1ee5ng nh\u00e2n s\u1ef1 chuy\u00ean m\u00f4n cao, tu\u00e2n th\u1ee7 c\u00e1c ti\u00eau chu\u1ea9n ki\u1ec3m \u0111\u1ecbnh ch\u1ea5t l\u01b0\u1ee3ng v\u00e0 ph\u00e1p l\u00fd&#8230; khi\u1ebfn nhi\u1ec1u th\u01b0\u01a1ng hi\u1ec7u ti\u1ec1m n\u0103ng b\u1ecb ch\u1eadm b\u01b0\u1edbc.<\/span><\/p>\n<p style=\"text-align: justify;\"><span style=\"font-weight: 400;\">Ch\u00ednh v\u00ec v\u1eady, m\u00f4 h\u00ecnh gia c\u00f4ng s\u1ea3n ph\u1ea9m t\u1ea1i c\u00e1c nh\u00e0 m\u00e1y chuy\u00ean nghi\u1ec7p nh\u01b0 Shizencos \u0111\u00e3 tr\u1edf th\u00e0nh gi\u1ea3i ph\u00e1p l\u00fd t\u01b0\u1edfng gi\u00fap doanh nghi\u1ec7p v\u1eeba t\u1ed1i \u01b0u chi ph\u00ed, v\u1eeba gi\u1eef \u0111\u01b0\u1ee3c t\u00ednh linh ho\u1ea1t v\u00e0 \u0111\u1ea3m b\u1ea3o ch\u1ea5t l\u01b0\u1ee3ng. \u0110\u1eb7c bi\u1ec7t, v\u1edbi c\u00e1c s\u1ea3n ph\u1ea9m thi\u00ean nhi\u00ean nh\u01b0 ng\u00e2m ch\u00e2n th\u1ea3o m\u1ed9c, nhu c\u1ea7u th\u1ecb tr\u01b0\u1eddng \u0111ang t\u0103ng tr\u01b0\u1edfng m\u1ea1nh m\u1ebd nh\u01b0ng \u0111\u00f2i h\u1ecfi quy tr\u00ecnh s\u1ea3n xu\u1ea5t ph\u1ea3i chu\u1ea9n ch\u1ec9nh, an to\u00e0n v\u00e0 hi\u1ec7u qu\u1ea3 cao. D\u01b0\u1edbi \u0111\u00e2y l\u00e0 m\u1ed9t s\u1ed1 l\u1ee3i \u00edch n\u1ed5i b\u1eadt:\u00a0<\/span><\/p>\n<p style=\"text-align: justify;\"><span style=\"font-weight: 400;\">\u2705 Ti\u1ebft ki\u1ec7m chi ph\u00ed v\u1eadn h\u00e0nh nh\u00e0 m\u00e1y, ngu\u1ed3n l\u1ef1c, R&amp;D.<\/span><\/p>\n<p style=\"text-align: justify;\"><span style=\"font-weight: 400;\">\u2705 T\u1ed1i \u01b0u chi ph\u00ed s\u1ea3n xu\u1ea5t theo quy m\u00f4 linh ho\u1ea1t.<\/span><\/p>\n<p style=\"text-align: justify;\"><span style=\"font-weight: 400;\">\u2705 R\u00fat ng\u1eafn th\u1eddi gian ra m\u1eaft s\u1ea3n ph\u1ea9m.<\/span><\/p>\n<p style=\"text-align: justify;\"><span style=\"font-weight: 400;\">\u2705\u00a0\u0110\u1ea3m b\u1ea3o ch\u1ea5t l\u01b0\u1ee3ng, s\u1ea3n xu\u1ea5t theo d\u00e2y chuy\u1ec1n kh\u00e9p k\u00edn.<\/span><\/p>\n<p style=\"text-align: justify;\"><span style=\"font-weight: 400;\">\u2705 H\u1ed7 tr\u1ee3 ph\u00e1p l\u00fd, ki\u1ec3m nghi\u1ec7m, c\u00f4ng b\u1ed1 s\u1ea3n ph\u1ea9m nhanh ch\u00f3ng.<\/span><\/p>\n<h1 style=\"text-align: justify;\"><span style=\"font-size: 14pt;\"><b>3. Gia c\u00f4ng ng\u00e2m ch\u00e2n th\u1ea3o m\u1ed9c t\u1ea1i Shizencos<\/b><\/span><\/h1>\n<p style=\"text-align: justify;\"><span style=\"font-weight: 400;\">\u0110\u1ec3 hi\u1ec7n th\u1ef1c h\u00f3a \u00fd t\u01b0\u1edfng s\u1ea3n ph\u1ea9m th\u00e0nh hi\u1ec7n th\u1ef1c, b\u1ea1n c\u1ea7n m\u1ed9t \u0111\u1ed1i t\u00e1c gia c\u00f4ng kh\u00f4ng ch\u1ec9 c\u00f3 n\u0103ng l\u1ef1c s\u1ea3n xu\u1ea5t m\u00e0 c\u00f2n \u0111\u00e1ng tin c\u1eady trong m\u1ecdi ph\u01b0\u01a1ng di\u1ec7n. T\u1ea1i Shizencos, ch\u00fang t\u00f4i t\u1ef1 h\u00e0o khi s\u1edf h\u1eefu h\u1ec7 th\u1ed1ng nh\u00e0 m\u00e1y hi\u1ec7n \u0111\u1ea1i v\u1edbi d\u00e2y chuy\u1ec1n s\u1ea3n xu\u1ea5t kh\u00e9p k\u00edn c\u00f4ng ngh\u1ec7 cao, c\u00f9ng \u0111\u1ed9i ng\u0169 R&amp;D d\u00e0y d\u1eb7n kinh nghi\u1ec7m, Shizencos t\u1ef1 tin \u0111\u1ed3ng h\u00e0nh c\u00f9ng b\u1ea1n trong su\u1ed1t h\u00e0nh tr\u00ecnh ph\u00e1t tri\u1ec3n s\u1ea3n ph\u1ea9m t\u1eeb \u00fd t\u01b0\u1edfng ban \u0111\u1ea7u \u0111\u1ebfn th\u00e0nh ph\u1ea9m ho\u00e0n ch\u1ec9nh.<\/span><\/p>\n<p style=\"text-align: justify;\"><span style=\"font-weight: 400;\">Khi l\u1ef1a ch\u1ecdn Shizencos, b\u1ea1n ho\u00e0n to\u00e0n c\u00f3 th\u1ec3 y\u00ean t\u00e2m v\u1ec1 ch\u1ea5t l\u01b0\u1ee3ng s\u1ea3n ph\u1ea9m, ti\u1ebfn \u0111\u1ed9 s\u1ea3n xu\u1ea5t v\u00e0 c\u00e1c v\u1ea5n \u0111\u1ec1 ph\u00e1p l\u00fd. Nh\u1edd v\u1eady, doanh nghi\u1ec7p c\u00f3 th\u1ec3 t\u1eadp trung t\u1ed1i \u0111a ngu\u1ed3n l\u1ef1c v\u00e0o x\u00e2y d\u1ef1ng chi\u1ebfn l\u01b0\u1ee3c b\u00e1n h\u00e0ng, marketing v\u00e0 ph\u00e1t tri\u1ec3n th\u01b0\u01a1ng hi\u1ec7u tr\u00ean th\u1ecb tr\u01b0\u1eddng.<\/span><\/p>\n<h2 style=\"text-align: justify;\"><span style=\"font-size: 14pt;\"><b>3.1 C\u00f4ng th\u1ee9c ng\u00e2m ch\u00e2n th\u1ea3o m\u1ed9c \u0111a d\u1ea1ng<\/b><\/span><\/h2>\n<p style=\"text-align: justify;\"><span style=\"font-weight: 400;\">Tr\u00ean th\u1ecb tr\u01b0\u1eddng hi\u1ec7n nay, ng\u00e2m ch\u00e2n th\u1ea3o m\u1ed9c kh\u00f4ng ch\u1ec9 \u0111\u01a1n thu\u1ea7n l\u00e0 m\u1ed9t s\u1ea3n ph\u1ea9m ch\u0103m s\u00f3c m\u00e0 c\u00f2n \u0111\u01b0\u1ee3c xem l\u00e0 m\u1ed9t ph\u01b0\u01a1ng ti\u1ec7n tr\u1ecb li\u1ec7u d\u1ef1a tr\u00ean n\u1ec1n t\u1ea3ng y h\u1ecdc c\u1ed5 truy\u1ec1n. \u0110\u1ec3 ph\u1ee5c v\u1ee5 \u0111a d\u1ea1ng nhu c\u1ea7u c\u1ee7a th\u1ecb tr\u01b0\u1eddng v\u00e0 gi\u00fap c\u00e1c \u0111\u1ed1i t\u00e1c d\u1ec5 d\u00e0ng l\u1ef1a ch\u1ecdn d\u00f2ng s\u1ea3n ph\u1ea9m ph\u00f9 h\u1ee3p v\u1edbi \u0111\u1ecbnh h\u01b0\u1edbng kinh doanh c\u1ee7a m\u00ecnh, Shizencos cung c\u1ea5p nhi\u1ec1u c\u00f4ng th\u1ee9c ng\u00e2m ch\u00e2n th\u1ea3o m\u1ed9c kh\u00e1c nhau t\u1eeb ch\u0103m s\u00f3c c\u01a1 b\u1ea3n \u0111\u1ebfn c\u00f4ng d\u1ee5ng chuy\u00ean s\u00e2u.<\/span><\/p>\n<p>&nbsp;<\/p>\n<p><img decoding=\"async\" class=\"wp-image-12782\" src=\"https:\/\/shizencos.com\/wp-content\/uploads\/2025\/02\/nguon-nguyen-lieu-da-dang.png\" alt=\"C\u00f4ng th\u1ee9c ng\u00e2m ch\u00e2n th\u1ea3o m\u1ed9c \u0111a d\u1ea1ng\" width=\"1225\" height=\"610\" title=\"\" srcset=\"https:\/\/shizencos.com\/wp-content\/uploads\/2025\/02\/nguon-nguyen-lieu-da-dang.png 1175w, https:\/\/shizencos.com\/wp-content\/uploads\/2025\/02\/nguon-nguyen-lieu-da-dang-300x149.png 300w, https:\/\/shizencos.com\/wp-content\/uploads\/2025\/02\/nguon-nguyen-lieu-da-dang-1024x510.png 1024w, https:\/\/shizencos.com\/wp-content\/uploads\/2025\/02\/nguon-nguyen-lieu-da-dang-150x75.png 150w, https:\/\/shizencos.com\/wp-content\/uploads\/2025\/02\/nguon-nguyen-lieu-da-dang-768x382.png 768w, https:\/\/shizencos.com\/wp-content\/uploads\/2025\/02\/nguon-nguyen-lieu-da-dang-18x9.png 18w, https:\/\/shizencos.com\/wp-content\/uploads\/2025\/02\/nguon-nguyen-lieu-da-dang-600x299.png 600w\" sizes=\"(max-width: 1225px) 100vw, 1225px\" \/><\/p>\n<p style=\"text-align: center;\"><em>C\u00f4ng th\u1ee9c ng\u00e2m ch\u00e2n th\u1ea3o m\u1ed9c \u0111a d\u1ea1ng<\/em><\/p>\n<ul style=\"text-align: justify;\">\n<li style=\"font-weight: 400;\" aria-level=\"1\"><span style=\"font-weight: 400;\">Ng\u00e2m ch\u00e2n l\u00e0m \u1ea5m, gi\u1eef nhi\u1ec7t c\u01a1 th\u1ec3 (ph\u00f9 h\u1ee3p m\u00f9a l\u1ea1nh, ng\u01b0\u1eddi suy nh\u01b0\u1ee3c)<\/span><\/li>\n<li style=\"font-weight: 400;\" aria-level=\"1\"><span style=\"font-weight: 400;\">Ng\u00e2m ch\u00e2n th\u01b0 gi\u00e3n, gi\u1ea3m stress, h\u1ed7 tr\u1ee3 gi\u1ea5c ng\u1ee7<\/span><\/li>\n<li style=\"font-weight: 400;\" aria-level=\"1\"><span style=\"font-weight: 400;\">Ng\u00e2m ch\u00e2n gi\u1ea3m m\u1ed3 h\u00f4i, kh\u1eed m\u00f9i, l\u00e0m m\u00e1t<\/span><\/li>\n<li style=\"font-weight: 400;\" aria-level=\"1\"><span style=\"font-weight: 400;\">Ng\u00e2m ch\u00e2n gi\u1ea3m \u0111au nh\u1ee9c x\u01b0\u01a1ng kh\u1edbp, t\u00ea l\u1ea1nh ch\u00e2n tay<\/span><\/li>\n<li style=\"font-weight: 400;\" aria-level=\"1\"><span style=\"font-weight: 400;\">Ng\u00e2m ch\u00e2n th\u1ea3o m\u1ed9c chuy\u00ean d\u1ee5ng cho spa, ch\u0103m s\u00f3c chuy\u00ean s\u00e2u<\/span><\/li>\n<\/ul>\n<p style=\"text-align: justify;\"><span style=\"font-weight: 400;\">T\u1ea5t c\u1ea3 c\u00f4ng th\u1ee9c \u0111\u1ec1u c\u00f3 th\u1ec3 \u0111\u01b0\u1ee3c \u0111i\u1ec1u ch\u1ec9nh linh ho\u1ea1t v\u1ec1 th\u00e0nh ph\u1ea7n, m\u00f9i h\u01b0\u01a1ng, m\u00e0u s\u1eafc v\u00e0 h\u00ecnh th\u1ee9c \u0111\u00f3ng g\u00f3i theo \u0111\u00fang \u0111\u1ecbnh h\u01b0\u1edbng th\u01b0\u01a1ng hi\u1ec7u c\u1ee7a t\u1eebng kh\u00e1ch h\u00e0ng.<\/span><\/p>\n<h2 style=\"text-align: justify;\"><span style=\"font-size: 14pt;\"><b>3.2 Quy tr\u00ecnh gia c\u00f4ng ng\u00e2m ch\u00e2n th\u1ea3o m\u1ed9c t\u1ea1i Shizencos\u00a0<\/b><\/span><\/h2>\n<p style=\"text-align: justify;\"><span style=\"font-weight: 400;\">\u0110\u1ec3 gi\u00fap c\u00e1c doanh nghi\u1ec7p, th\u01b0\u01a1ng hi\u1ec7u ti\u1ebft ki\u1ec7m t\u1ed1i \u0111a th\u1eddi gian v\u00e0 \u0111\u1ea3m b\u1ea3o ch\u1ea5t l\u01b0\u1ee3ng \u0111\u1ea7u ra, Shizencos \u0111\u00e3 x\u00e2y d\u1ef1ng m\u1ed9t quy tr\u00ecnh gia c\u00f4ng ng\u00e2m ch\u00e2n th\u1ea3o m\u1ed9c kh\u00e9p k\u00edn, r\u00f5 r\u00e0ng v\u00e0 chuy\u00ean nghi\u1ec7p. Quy tr\u00ecnh n\u00e0y kh\u00f4ng ch\u1ec9 tu\u00e2n th\u1ee7 nghi\u00eam ng\u1eb7t c\u00e1c ti\u00eau chu\u1ea9n m\u00e0 c\u00f2n linh ho\u1ea1t theo nhu c\u1ea7u th\u1ef1c t\u1ebf c\u1ee7a t\u1eebng kh\u00e1ch h\u00e0ng, t\u1eeb \u00fd t\u01b0\u1edfng ban \u0111\u1ea7u \u0111\u1ebfn s\u1ea3n ph\u1ea9m th\u01b0\u01a1ng m\u1ea1i ho\u00e0n ch\u1ec9nh.<\/span><\/p>\n<p style=\"text-align: justify;\"><b>Step 1: <\/b><span style=\"font-weight: 400;\">Contact for consultation \u2013 Listen to requests and advise on appropriate formulas.<\/span><\/p>\n<p style=\"text-align: justify;\"><b>Step 2:<\/b><span style=\"font-weight: 400;\"> Research and Development \u2013 \u200b\u200bR&amp;D team researches and develops optimal formulas.<\/span><\/p>\n<p style=\"text-align: justify;\"><b>Step 3: <\/b><span style=\"font-weight: 400;\">Send samples and adjust \u2013 Provide samples, adjust based on feedback.<\/span><\/p>\n<p style=\"text-align: justify;\"><b>Step 4:<\/b><span style=\"font-weight: 400;\"> Finalize sample and quote \u2013 Confirm final formula, calculate cost<\/span><\/p>\n<p style=\"text-align: justify;\"><b>Step 5:<\/b><span style=\"font-weight: 400;\"> Signing contract and cooperation \u2013 Both parties agree and sign the processing contract.<\/span><\/p>\n<p style=\"text-align: justify;\"><b>Step 6: <\/b><span style=\"font-weight: 400;\">Prepare ingredients and stir the tank <\/span><span style=\"font-weight: 400;\">\u2013<\/span><span style=\"font-weight: 400;\"> \u2013 Import and check the quality of input materials.<\/span><\/p>\n<p style=\"text-align: justify;\"><b>Step 7:<\/b><span style=\"font-weight: 400;\"> S\u1ea3n xu\u1ea5t h\u00e0ng lo\u1ea1t\u00a0 \u2013 \u0110\u01b0a v\u00e0o s\u1ea3n xu\u1ea5t theo d\u00e2y chuy\u1ec1n kh\u00e9p k\u00edn c\u00f4ng ngh\u1ec7 cao.<\/span><\/p>\n<p style=\"text-align: justify;\"><b>Step 8: <\/b><span style=\"font-weight: 400;\">Product packaging \u2013 Filling, sealing, labeling according to design.<\/span><\/p>\n<p style=\"text-align: justify;\"><b>Step 9:<\/b><span style=\"font-weight: 400;\"> Delivery and post-production support \u2013 On-time delivery, legal support and business strategy.<\/span><\/p>\n<p>&nbsp;<\/p>\n<p><img decoding=\"async\" class=\"wp-image-12781\" src=\"https:\/\/shizencos.com\/wp-content\/uploads\/2024\/09\/Cam-ket-cong-ty-1.png\" alt=\"Shizencos cam k\u1ebft cung c\u1ea5p d\u1ecbch v\u1ee5 gia c\u00f4ng m\u1ef9 ph\u1ea9m uy t\u00edn\" width=\"1219\" height=\"607\" title=\"\" srcset=\"https:\/\/shizencos.com\/wp-content\/uploads\/2024\/09\/Cam-ket-cong-ty-1.png 1175w, https:\/\/shizencos.com\/wp-content\/uploads\/2024\/09\/Cam-ket-cong-ty-1-300x149.png 300w, https:\/\/shizencos.com\/wp-content\/uploads\/2024\/09\/Cam-ket-cong-ty-1-1024x510.png 1024w, https:\/\/shizencos.com\/wp-content\/uploads\/2024\/09\/Cam-ket-cong-ty-1-150x75.png 150w, https:\/\/shizencos.com\/wp-content\/uploads\/2024\/09\/Cam-ket-cong-ty-1-768x382.png 768w, https:\/\/shizencos.com\/wp-content\/uploads\/2024\/09\/Cam-ket-cong-ty-1-18x9.png 18w, https:\/\/shizencos.com\/wp-content\/uploads\/2024\/09\/Cam-ket-cong-ty-1-600x299.png 600w\" sizes=\"(max-width: 1219px) 100vw, 1219px\" \/><\/p>\n<p style=\"text-align: center;\"><em>Shizencos is committed to providing reputable cosmetic processing services.<\/em><\/p>\n<h1 style=\"text-align: justify;\"><span style=\"font-size: 14pt;\"><b>Conclude<\/b><\/span><\/h1>\n<p style=\"text-align: justify;\"><span style=\"font-weight: 400;\">Trong xu h\u01b0\u1edbng ti\u00eau d\u00f9ng xanh, s\u1ea3n ph\u1ea9m ng\u00e2m ch\u00e2n th\u1ea3o m\u1ed9c kh\u00f4ng ch\u1ec9 l\u00e0 m\u1ed9t s\u1ef1 l\u1ef1a ch\u1ecdn ch\u0103m s\u00f3c gia \u0111\u00ecnh m\u00e0 c\u00f2n m\u1edf ra nhi\u1ec1u c\u01a1 h\u1ed9i kinh doanh ti\u1ec1m n\u0103ng. H\u00e3y \u0111\u1ec3 Shizencos \u0111\u1ed3ng h\u00e0nh c\u00f9ng th\u01b0\u01a1ng hi\u1ec7u b\u1ea1n t\u1eeb \u00fd t\u01b0\u1edfng t\u1edbi s\u1ea3n ph\u1ea9m ho\u00e0n ch\u1ec9nh! <span style=\"color: #3366ff;\"><a style=\"color: #3366ff;\" href=\"https:\/\/shizencos.com\/en\/lien-he\/\">Contact<\/a><\/span> ngay \u0111\u1ec3 nh\u1eadn t\u01b0 v\u1ea5n 1:1 v\u00e0 m\u1eabu th\u1eed ng\u00e2m ch\u00e2n th\u1ea3o m\u1ed9c mi\u1ec5n ph\u00ed!<\/span><\/p>\n<div class=\"mceTemp\"><\/div>","protected":false},"excerpt":{"rendered":"<p>S\u1ea3n ph\u1ea9m n\u01b0\u1edbc ng\u00e2m ch\u00e2n th\u1ea3o m\u1ed9c \u0111ang n\u1ed5i l\u00ean nh\u01b0 m\u1ed9t ph\u00e2n kh\u00fac ti\u1ec1m n\u0103ng trong th\u1ecb tr\u01b0\u1eddng ch\u0103m s\u00f3c s\u1ee9c kh\u1ecfe v\u00e0 l\u00e0m \u0111\u1eb9p. Kh\u00f4ng ch\u1ec9 thu h\u00fat kh\u00e1ch h\u00e0ng c\u00e1 nh\u00e2n c\u00f3 nhu c\u1ea7u th\u01b0 gi\u00e3n t\u1ea1i nh\u00e0, d\u00f2ng s\u1ea3n ph\u1ea9m n\u00e0y c\u00f2n l\u00e0 l\u1ef1a ch\u1ecdn c\u1ee7a c\u00e1c spa, kh\u00e1ch s\u1ea1n, homestay [&hellip;]<\/p>\n","protected":false},"featured_media":11989,"comment_status":"open","ping_status":"closed","template":"","meta":[],"product_brand":[],"product_cat":[23],"product_tag":[],"class_list":{"0":"post-11988","1":"product","2":"type-product","3":"status-publish","4":"has-post-thumbnail","6":"product_cat-gia-cong-san-pham-cham-soc-gia-dinh","8":"first","9":"instock","10":"shipping-taxable","11":"product-type-simple"},"_links":{"self":[{"href":"https:\/\/shizencos.com\/en\/wp-json\/wp\/v2\/product\/11988","targetHints":{"allow":["GET"]}}],"collection":[{"href":"https:\/\/shizencos.com\/en\/wp-json\/wp\/v2\/product"}],"about":[{"href":"https:\/\/shizencos.com\/en\/wp-json\/wp\/v2\/types\/product"}],"replies":[{"embeddable":true,"href":"https:\/\/shizencos.com\/en\/wp-json\/wp\/v2\/comments?post=11988"}],"wp:featuredmedia":[{"embeddable":true,"href":"https:\/\/shizencos.com\/en\/wp-json\/wp\/v2\/media\/11989"}],"wp:attachment":[{"href":"https:\/\/shizencos.com\/en\/wp-json\/wp\/v2\/media?parent=11988"}],"wp:term":[{"taxonomy":"product_brand","embeddable":true,"href":"https:\/\/shizencos.com\/en\/wp-json\/wp\/v2\/product_brand?post=11988"},{"taxonomy":"product_cat","embeddable":true,"href":"https:\/\/shizencos.com\/en\/wp-json\/wp\/v2\/product_cat?post=11988"},{"taxonomy":"product_tag","embeddable":true,"href":"https:\/\/shizencos.com\/en\/wp-json\/wp\/v2\/product_tag?post=11988"}],"curies":[{"name":"wp","href":"https:\/\/api.w.org\/{rel}","templated":true}]}}