{"id":11986,"date":"2025-02-05T08:44:37","date_gmt":"2025-02-05T01:44:37","guid":{"rendered":"https:\/\/shizencos.com\/?post_type=product&#038;p=11986"},"modified":"2025-08-28T09:52:23","modified_gmt":"2025-08-28T02:52:23","slug":"gia-cong-nuoc-lau-san","status":"publish","type":"product","link":"https:\/\/shizencos.com\/en\/gia-cong-nuoc-lau-san\/","title":{"rendered":"Floor Cleaner Processing"},"content":{"rendered":"<p style=\"text-align: justify;\">Trong th\u1ecb tr\u01b0\u1eddng ch\u0103m s\u00f3c gia \u0111\u00ecnh, n\u01b0\u1edbc lau s\u00e0n kh\u00f4ng ch\u1ec9 l\u00e0 s\u1ea3n ph\u1ea9m t\u1ea9y r\u1eeda m\u00e0 c\u00f2n th\u1ec3 hi\u1ec7n s\u1ef1 quan t\u00e2m \u0111\u1ebfn kh\u00f4ng gian s\u1ed1ng s\u1ea1ch v\u00e0 an to\u00e0n. Tr\u01b0\u1edbc nhu c\u1ea7u t\u0103ng cao, h\u1ee3p t\u00e1c v\u1edbi \u0111\u01a1n v\u1ecb gia c\u00f4ng uy t\u00edn gi\u00fap doanh nghi\u1ec7p nhanh ch\u00f3ng ra m\u1eaft s\u1ea3n ph\u1ea9m ch\u1ea5t l\u01b0\u1ee3ng, ti\u1ebft ki\u1ec7m chi ph\u00ed v\u00e0 t\u1ed1i \u01b0u hi\u1ec7u qu\u1ea3. V\u1eady v\u00ec sao gia c\u00f4ng n\u01b0\u1edbc lau s\u00e0n l\u00e0 l\u1ef1a ch\u1ecdn h\u00e0ng \u0111\u1ea7u? \u0110\u00e2u l\u00e0 \u0111\u1ed1i t\u00e1c \u0111\u00e1ng tin c\u1eady? H\u00e3y c\u00f9ng kh\u00e1m ph\u00e1 ngay!<\/p>\n<h1 style=\"text-align: justify;\"><span style=\"font-size: 14pt;\"><b>1. Gia c\u00f4ng n\u01b0\u1edbc lau s\u00e0n l\u00e0 g\u00ec?<\/b><\/span><\/h1>\n<figure id=\"attachment_13162\" aria-describedby=\"caption-attachment-13162\" style=\"width: 1175px\" class=\"wp-caption aligncenter\"><a href=\"https:\/\/shizencos.com\/wp-content\/uploads\/2025\/02\/1-3.png\"><img fetchpriority=\"high\" decoding=\"async\" class=\"size-full wp-image-13162\" src=\"https:\/\/shizencos.com\/wp-content\/uploads\/2025\/02\/1-3.png\" alt=\"Gia c\u00f4ng n\u01b0\u1edbc lau s\u00e0n l\u00e0 g\u00ec?\" width=\"1175\" height=\"585\" title=\"\" srcset=\"https:\/\/shizencos.com\/wp-content\/uploads\/2025\/02\/1-3.png 1175w, https:\/\/shizencos.com\/wp-content\/uploads\/2025\/02\/1-3-300x149.png 300w, https:\/\/shizencos.com\/wp-content\/uploads\/2025\/02\/1-3-1024x510.png 1024w, https:\/\/shizencos.com\/wp-content\/uploads\/2025\/02\/1-3-150x75.png 150w, https:\/\/shizencos.com\/wp-content\/uploads\/2025\/02\/1-3-768x382.png 768w, https:\/\/shizencos.com\/wp-content\/uploads\/2025\/02\/1-3-18x9.png 18w, https:\/\/shizencos.com\/wp-content\/uploads\/2025\/02\/1-3-600x299.png 600w\" sizes=\"(max-width: 1175px) 100vw, 1175px\" \/><\/a><figcaption id=\"caption-attachment-13162\" class=\"wp-caption-text\">Gia c\u00f4ng n\u01b0\u1edbc lau s\u00e0n l\u00e0 g\u00ec?<\/figcaption><\/figure>\n<p style=\"text-align: justify;\"><b>N\u01b0\u1edbc lau s\u00e0n l\u00e0 <\/b><span style=\"font-weight: 400;\">m\u1ed9t lo\u1ea1i dung d\u1ecbch t\u1ea9y r\u1eeda chuy\u00ean d\u1ee5ng \u0111\u01b0\u1ee3c s\u1eed d\u1ee5ng \u0111\u1ec3 l\u00e0m s\u1ea1ch b\u1ec1 m\u1eb7t s\u00e0n nh\u00e0, gi\u00fap lo\u1ea1i b\u1ecf b\u1ee5i b\u1ea9n, d\u1ea7u m\u1ee1, v\u1ebft b\u00e1m v\u00e0 vi khu\u1ea9n. Ngo\u00e0i kh\u1ea3 n\u0103ng l\u00e0m s\u1ea1ch, s\u1ea3n ph\u1ea9m c\u00f2n th\u01b0\u1eddng \u0111\u01b0\u1ee3c b\u1ed5 sung c\u00e1c th\u00e0nh ph\u1ea7n nh\u01b0 tinh d\u1ea7u, ch\u1ea5t kh\u00e1ng khu\u1ea9n, ch\u1ea5t kh\u1eed m\u00f9i v\u00e0 h\u01b0\u01a1ng li\u1ec7u \u0111\u1ec3 mang l\u1ea1i c\u1ea3m gi\u00e1c th\u01a1m m\u00e1t, d\u1ec5 ch\u1ecbu sau khi lau. N\u01b0\u1edbc lau s\u00e0n c\u00f3 th\u1ec3 s\u1eed d\u1ee5ng tr\u00ean nhi\u1ec1u ch\u1ea5t li\u1ec7u b\u1ec1 m\u1eb7t nh\u01b0 g\u1ea1ch men, \u0111\u00e1 hoa c\u01b0\u01a1ng, g\u1ed7 c\u00f4ng nghi\u1ec7p, gi\u00fap duy tr\u00ec v\u1ebb s\u00e1ng b\u00f3ng v\u00e0 k\u00e9o d\u00e0i tu\u1ed5i th\u1ecd cho s\u00e0n nh\u00e0.<\/span><\/p>\n<p style=\"text-align: justify;\"><b>Gia c\u00f4ng n\u01b0\u1edbc lau s\u00e0n l\u00e0<\/b><span style=\"font-weight: 400;\"> d\u1ecbch v\u1ee5 s\u1ea3n xu\u1ea5t s\u1ea3n ph\u1ea9m d\u01b0\u1edbi t\u00ean th\u01b0\u01a1ng hi\u1ec7u c\u1ee7a kh\u00e1ch h\u00e0ng. Doanh nghi\u1ec7p ch\u1ec9 c\u1ea7n cung c\u1ea5p y\u00eau c\u1ea7u v\u1ec1 s\u1ea3n ph\u1ea9m, m\u1ecdi quy tr\u00ecnh t\u1eeb nghi\u00ean c\u1ee9u c\u00f4ng th\u1ee9c, s\u1ea3n xu\u1ea5t, \u0111\u00f3ng g\u00f3i \u0111\u1ebfn ki\u1ec3m nghi\u1ec7m s\u1ebd do \u0111\u01a1n v\u1ecb gia c\u00f4ng \u0111\u1ea3m nh\u1eadn. \u0110\u00e2y l\u00e0 m\u00f4 h\u00ecnh t\u1ed1i \u01b0u d\u00e0nh cho c\u00e1c th\u01b0\u01a1ng hi\u1ec7u mu\u1ed1n m\u1edf r\u1ed9ng danh m\u1ee5c s\u1ea3n ph\u1ea9m nhanh ch\u00f3ng v\u00e0 chuy\u00ean nghi\u1ec7p.<\/span><\/p>\n<h1 style=\"text-align: justify;\"><span style=\"font-size: 14pt;\"><b>2. L\u1ee3i \u00edch c\u1ee7a vi\u1ec7c l\u1ef1a ch\u1ecdn gia c\u00f4ng n\u01b0\u1edbc lau s\u00e0n<\/b><\/span><\/h1>\n<p style=\"text-align: justify;\"><span style=\"font-weight: 400;\">V\u1edbi th\u1ecb tr\u01b0\u1eddng ng\u00e0y c\u00e0ng c\u1ea1nh tranh v\u00e0 nhu c\u1ea7u ti\u00eau d\u00f9ng li\u00ean t\u1ee5c thay \u0111\u1ed5i, <\/span><span style=\"font-weight: 400;\">Vi\u1ec7c l\u1ef1a ch\u1ecdn Gia c\u00f4ng n\u01b0\u1edbc lau s\u00e0n l\u00e0 gi\u1ea3i ph\u00e1p ti\u1ebft ki\u1ec7m v\u00e0 chi\u1ebfn l\u01b0\u1ee3c th\u00f4ng minh, gi\u00fap doanh nghi\u1ec7p nhanh ch\u00f3ng gia nh\u1eadp ho\u1eb7c m\u1edf r\u1ed9ng th\u1ecb tr\u01b0\u1eddng m\u00e0 kh\u00f4ng c\u1ea7n \u0111\u1ea7u t\u01b0 l\u1edbn:<\/span><\/p>\n<figure id=\"attachment_13163\" aria-describedby=\"caption-attachment-13163\" style=\"width: 1175px\" class=\"wp-caption aligncenter\"><a href=\"https:\/\/shizencos.com\/wp-content\/uploads\/2025\/02\/2-3.png\"><img decoding=\"async\" class=\"size-full wp-image-13163\" src=\"https:\/\/shizencos.com\/wp-content\/uploads\/2025\/02\/2-3.png\" alt=\"L\u1ee3i \u00edch khi gia c\u00f4ng n\u01b0\u1edbc lau s\u00e0n\" width=\"1175\" height=\"585\" title=\"\" srcset=\"https:\/\/shizencos.com\/wp-content\/uploads\/2025\/02\/2-3.png 1175w, https:\/\/shizencos.com\/wp-content\/uploads\/2025\/02\/2-3-300x149.png 300w, https:\/\/shizencos.com\/wp-content\/uploads\/2025\/02\/2-3-1024x510.png 1024w, https:\/\/shizencos.com\/wp-content\/uploads\/2025\/02\/2-3-150x75.png 150w, https:\/\/shizencos.com\/wp-content\/uploads\/2025\/02\/2-3-768x382.png 768w, https:\/\/shizencos.com\/wp-content\/uploads\/2025\/02\/2-3-18x9.png 18w, https:\/\/shizencos.com\/wp-content\/uploads\/2025\/02\/2-3-600x299.png 600w\" sizes=\"(max-width: 1175px) 100vw, 1175px\" \/><\/a><figcaption id=\"caption-attachment-13163\" class=\"wp-caption-text\">L\u1ee3i \u00edch khi gia c\u00f4ng n\u01b0\u1edbc lau s\u00e0n<\/figcaption><\/figure>\n<p style=\"text-align: justify;\"><span style=\"font-weight: 400;\">\u2705 Ti\u1ebft ki\u1ec7m chi ph\u00ed \u0111\u1ea7u t\u01b0 nh\u00e0 m\u00e1y v\u00e0 nh\u00e2n s\u1ef1<\/span><\/p>\n<p style=\"text-align: justify;\"><span style=\"font-weight: 400;\">\u2705 R\u00fat ng\u1eafn th\u1eddi gian nghi\u00ean c\u1ee9u, ph\u00e1t tri\u1ec3n c\u00f4ng th\u1ee9c \u0111\u1ed9c quy\u1ec1n<\/span><\/p>\n<p style=\"text-align: justify;\"><span style=\"font-weight: 400;\">\u2705 \u0110\u1ea3m b\u1ea3o ch\u1ea5t l\u01b0\u1ee3ng s\u1ea3n ph\u1ea9m \u0111\u1ea1t chu\u1ea9n y\u00eau c\u1ea7u<\/span><\/p>\n<p style=\"text-align: justify;\"><span style=\"font-weight: 400;\">\u2705 H\u1ed7 tr\u1ee3 ph\u00e1p l\u00fd, ki\u1ec3m nghi\u1ec7m ch\u1ea5t l\u01b0\u1ee3ng, c\u00f4ng b\u1ed1 s\u1ea3n ph\u1ea9m nhanh ch\u00f3ng<\/span><\/p>\n<h1 style=\"text-align: justify;\"><span style=\"font-size: 14pt;\"><b>3. Gia c\u00f4ng n\u01b0\u1edbc lau s\u00e0n t\u1ea1i Shizencos<\/b><\/span><\/h1>\n<p style=\"text-align: justify;\">T\u00ecm \u0111\u1ed1i t\u00e1c gia c\u00f4ng uy t\u00edn lu\u00f4n l\u00e0 th\u00e1ch th\u1ee9c, \u0111\u1eb7c bi\u1ec7t trong ng\u00e0nh n\u01b0\u1edbc lau s\u00e0n, n\u01a1i ch\u1ea5t l\u01b0\u1ee3ng, chi ph\u00ed v\u00e0 kh\u1ea3 n\u0103ng m\u1edf r\u1ed9ng th\u1ecb tr\u01b0\u1eddng ph\u1ee5 thu\u1ed9c nhi\u1ec1u v\u00e0o h\u1ecd. H\u1ee3p t\u00e1c v\u1edbi \u0111\u01a1n v\u1ecb gi\u00e0u kinh nghi\u1ec7m v\u00e0 quy tr\u00ecnh chuy\u00ean nghi\u1ec7p nh\u01b0 <a href=\"https:\/\/shizencos.com\/en\/gia-cong-my-pham-shizencos\/\">Shizencos<\/a> gi\u00fap doanh nghi\u1ec7p y\u00ean t\u00e2m ph\u00e1t tri\u1ec3n s\u1ea3n ph\u1ea9m m\u00e0 kh\u00f4ng lo r\u1ee7i ro s\u1ea3n xu\u1ea5t.<\/p>\n<p style=\"text-align: justify;\"><span style=\"font-weight: 400;\">Shizencos l\u00e0 \u0111\u01a1n v\u1ecb gia c\u00f4ng n\u01b0\u1edbc lau s\u00e0n h\u00e0ng \u0111\u1ea7u c\u1ea3 n\u01b0\u1edbc, v\u1edbi h\u1ec7 th\u1ed1ng nh\u00e0 m\u00e1y \u0111\u1ea1t chu\u1ea9n qu\u1ed1c t\u1ebf. Ch\u00fang t\u00f4i kh\u00f4ng ch\u1ec9 \u0111\u01a1n thu\u1ea7n l\u00e0 \u0111\u01a1n v\u1ecb s\u1ea3n xu\u1ea5t, m\u00e0 c\u00f2n l\u00e0 \u0111\u1ed1i t\u00e1c \u0111\u1ed3ng h\u00e0nh c\u00f9ng doanh nghi\u1ec7p tr\u00ean h\u00e0nh tr\u00ecnh x\u00e2y d\u1ef1ng th\u01b0\u01a1ng hi\u1ec7u b\u1ec1n v\u1eefng.<\/span><\/p>\n<h2 style=\"text-align: justify;\"><span style=\"font-size: 14pt;\"><b>3.1 C\u00f4ng th\u1ee9c Gia c\u00f4ng\u00a0n\u01b0\u1edbc lau s\u00e0n \u0111a d\u1ea1ng<\/b><\/span><\/h2>\n<p style=\"text-align: justify;\"><span style=\"font-weight: 400;\">M\u1ed7i th\u01b0\u01a1ng hi\u1ec7u c\u00f3 \u0111\u1ecbnh h\u01b0\u1edbng s\u1ea3n ph\u1ea9m v\u00e0 nh\u00f3m kh\u00e1ch h\u00e0ng ri\u00eang, hi\u1ec3u \u0111\u01b0\u1ee3c \u0111i\u1ec1u n\u00e0y Shizencos \u0111\u00e3 nghi\u00ean c\u1ee9u v\u00e0 ki\u1ec3m nghi\u1ec7m th\u00e0nh c\u00f4ng nhi\u1ec1u d\u00f2ng c\u00f4ng th\u1ee9c n\u01b0\u1edbc lau s\u00e0n kh\u00e1c nhau \u0111\u1ec3 \u0111\u00e1p \u1ee9ng \u0111a d\u1ea1ng nhu c\u1ea7u gia c\u00f4ng n\u01b0\u1edbc lau s\u00e0n\u00a0c\u1ee7a t\u1eebng th\u01b0\u01a1ng hi\u1ec7u, \u0111\u1ea3m b\u1ea3o ch\u1ea5t l\u01b0\u1ee3ng s\u1ea3n ph\u1ea9m \u0111\u1ea1t chu\u1ea9n v\u00e0 kh\u1ea3 n\u0103ng th\u00edch \u1ee9ng v\u1edbi t\u1eebng ph\u00e2n kh\u00fac th\u1ecb tr\u01b0\u1eddng. B\u00ean c\u1ea1nh c\u00e1c c\u00f4ng th\u1ee9c c\u00f3 s\u1eb5n th\u00ec doanh nghi\u1ec7p c\u00f3 th\u1ec3 \u0111\u1ec1 xu\u1ea5t v\u1edbi \u0111\u1ed9i ng\u0169 R&amp;D c\u1ee7a Shizencos \u0111\u1ec3 ph\u00e1t tri\u1ec3n c\u00f4ng th\u1ee9c n\u01b0\u1edbc lau s\u00e0n ri\u00eang theo m\u1ee5c ti\u00eau kinh doanh c\u1ee5 th\u1ec3 c\u1ee7a b\u1ea1n:<\/span><\/p>\n<ul style=\"text-align: justify;\">\n<li style=\"font-weight: 400;\" aria-level=\"1\"><span style=\"font-weight: 400;\">N\u01b0\u1edbc lau s\u00e0n kh\u00e1ng khu\u1ea9n \u2013 kh\u1eed m\u00f9i m\u1ea1nh m\u1ebd<\/span><\/li>\n<li style=\"font-weight: 400;\" aria-level=\"1\"><span style=\"font-weight: 400;\">N\u01b0\u1edbc lau s\u00e0n h\u01b0\u01a1ng thi\u00ean nhi\u00ean: cam, chanh, o\u1ea3i h\u01b0\u01a1ng, s\u1ea3, b\u1ea1c h\u00e0\u2026<\/span><\/li>\n<li style=\"font-weight: 400;\" aria-level=\"1\"><span style=\"font-weight: 400;\">N\u01b0\u1edbc lau s\u00e0n \u00edt b\u1ecdt \u2013 kh\u00f4ng g\u00e2y tr\u01a1n tr\u01b0\u1ee3t<\/span><\/li>\n<li style=\"font-weight: 400;\" aria-level=\"1\"><span style=\"font-weight: 400;\">N\u01b0\u1edbc lau s\u00e0n t\u1ea9y m\u1ea1nh \u2013 d\u00e0nh cho khu v\u1ef1c nh\u00e0 x\u01b0\u1edfng, nh\u00e0 v\u1ec7 sinh<\/span><\/li>\n<li style=\"font-weight: 400;\" aria-level=\"1\"><span style=\"font-weight: 400;\">D\u00f2ng cao c\u1ea5p: k\u1ebft h\u1ee3p ch\u1ea5t d\u01b0\u1ee1ng s\u00e0n, gi\u1eef b\u00f3ng b\u1ec1 m\u1eb7t<\/span><\/li>\n<\/ul>\n<p style=\"text-align: justify;\"><span style=\"font-weight: 400;\">\u0110\u1eb7c bi\u1ec7t, Shizencos c\u00f3 th\u1ec3 h\u1ed7 tr\u1ee3 nghi\u00ean c\u1ee9u v\u00e0 ph\u00e1t tri\u1ec3n c\u00f4ng th\u1ee9c \u0111\u1ed9c quy\u1ec1n cho t\u1eebng kh\u00e1ch h\u00e0ng, \u0111\u1ea3m b\u1ea3o y\u1ebfu t\u1ed1 kh\u00e1c bi\u1ec7t h\u00f3a tr\u00ean th\u1ecb tr\u01b0\u1eddng v\u00e0 ph\u00f9 h\u1ee3p v\u1edbi chi\u1ebfn l\u01b0\u1ee3c ph\u00e1t tri\u1ec3n d\u00e0i h\u1ea1n<\/span><\/p>\n<h2 style=\"text-align: justify;\"><span style=\"font-size: 14pt;\"><b>3.2 Quy tr\u00ecnh gia c\u00f4ng n\u01b0\u1edbc lau s\u00e0n t\u1ea1i Shizencos\u00a0<\/b><\/span><\/h2>\n<p style=\"text-align: justify;\"><span style=\"font-weight: 400;\">T\u1ea1i Shizencos, quy tr\u00ecnh gia c\u00f4ng n\u01b0\u1edbc lau s\u00e0n \u0111\u01b0\u1ee3c x\u00e2y d\u1ef1ng v\u1edbi ti\u00eau ch\u00ed minh b\u1ea1ch, t\u1ed1i \u01b0u th\u1eddi gian v\u00e0 \u0111\u1ea3m b\u1ea3o hi\u1ec7u qu\u1ea3 cao cho t\u1eebng kh\u00e1ch h\u00e0ng. T\u1eeb b\u01b0\u1edbc \u0111\u1ea7u ti\u1ebfp nh\u1eadn \u00fd t\u01b0\u1edfng \u0111\u1ebfn khi s\u1ea3n ph\u1ea9m ho\u00e0n thi\u1ec7n v\u00e0 ra m\u1eaft th\u1ecb tr\u01b0\u1eddng, m\u1ecdi c\u00f4ng \u0111o\u1ea1n \u0111\u1ec1u \u0111\u01b0\u1ee3c \u0111\u1ed9i ng\u0169 chuy\u00ean m\u00f4n theo s\u00e1t v\u00e0 h\u1ed7 tr\u1ee3 t\u1eadn t\u00ecnh.<\/span><\/p>\n<p><a href=\"https:\/\/shizencos.com\/wp-content\/uploads\/2024\/09\/quy-trinh-san-xuat-01-scaled.jpg\"><img decoding=\"async\" class=\"aligncenter size-full wp-image-9823\" src=\"https:\/\/shizencos.com\/wp-content\/uploads\/2024\/09\/quy-trinh-san-xuat-01-scaled.jpg\" alt=\"\" width=\"2560\" height=\"1344\" title=\"\" srcset=\"https:\/\/shizencos.com\/wp-content\/uploads\/2024\/09\/quy-trinh-san-xuat-01-scaled.jpg 2560w, https:\/\/shizencos.com\/wp-content\/uploads\/2024\/09\/quy-trinh-san-xuat-01-scaled-300x158.jpg 300w, https:\/\/shizencos.com\/wp-content\/uploads\/2024\/09\/quy-trinh-san-xuat-01-scaled-1024x538.jpg 1024w, https:\/\/shizencos.com\/wp-content\/uploads\/2024\/09\/quy-trinh-san-xuat-01-scaled-150x79.jpg 150w, https:\/\/shizencos.com\/wp-content\/uploads\/2024\/09\/quy-trinh-san-xuat-01-scaled-768x403.jpg 768w, https:\/\/shizencos.com\/wp-content\/uploads\/2024\/09\/quy-trinh-san-xuat-01-scaled-1536x806.jpg 1536w, https:\/\/shizencos.com\/wp-content\/uploads\/2024\/09\/quy-trinh-san-xuat-01-scaled-2048x1075.jpg 2048w, https:\/\/shizencos.com\/wp-content\/uploads\/2024\/09\/quy-trinh-san-xuat-01-scaled-18x9.jpg 18w, https:\/\/shizencos.com\/wp-content\/uploads\/2024\/09\/quy-trinh-san-xuat-01-scaled-600x315.jpg 600w\" sizes=\"(max-width: 2560px) 100vw, 2560px\" \/><\/a><\/p>\n<p style=\"text-align: justify;\"><b>Step 1: <\/b><span style=\"font-weight: 400;\">Contact for consultation \u2013 Listen to requests and advise on appropriate formulas.<\/span><\/p>\n<p style=\"text-align: justify;\"><b>Step 2:<\/b><span style=\"font-weight: 400;\"> Research and Development \u2013 \u200b\u200bR&amp;D team researches and develops optimal formulas.<\/span><\/p>\n<p style=\"text-align: justify;\"><b>Step 3: <\/b><span style=\"font-weight: 400;\">Send samples and adjust \u2013 Provide samples, adjust based on feedback.<\/span><\/p>\n<p style=\"text-align: justify;\"><b>Step 4:<\/b><span style=\"font-weight: 400;\"> Finalize sample and quote \u2013 Confirm final formula, calculate cost<\/span><\/p>\n<p style=\"text-align: justify;\"><b>Step 5:<\/b><span style=\"font-weight: 400;\"> Signing contract and cooperation \u2013 Both parties agree and sign the processing contract.<\/span><\/p>\n<p style=\"text-align: justify;\"><b>Step 6: <\/b><span style=\"font-weight: 400;\">Prepare ingredients and stir the tank <\/span><span style=\"font-weight: 400;\">\u2013<\/span><span style=\"font-weight: 400;\"> \u2013 Import and check the quality of input materials.<\/span><\/p>\n<p style=\"text-align: justify;\"><b>Step 7:<\/b><span style=\"font-weight: 400;\"> S\u1ea3n xu\u1ea5t h\u00e0ng lo\u1ea1t\u00a0 \u2013 \u0110\u01b0a v\u00e0o s\u1ea3n xu\u1ea5t theo\u00a0d\u00e2y chuy\u1ec1n kh\u00e9p k\u00edn c\u00f4ng ngh\u1ec7 cao.<\/span><\/p>\n<p style=\"text-align: justify;\"><b>Step 8: <\/b><span style=\"font-weight: 400;\">Product packaging \u2013 Filling, sealing, labeling according to design.<\/span><\/p>\n<p style=\"text-align: justify;\"><b>Step 9:<\/b><span style=\"font-weight: 400;\"> Delivery and post-production support \u2013 On-time delivery, legal support and business strategy.<\/span><\/p>\n<h1 style=\"text-align: justify;\"><span style=\"font-size: 14pt;\"><b>Conclude<\/b><\/span><\/h1>\n<p style=\"text-align: justify;\"><span style=\"font-weight: 400;\">Trong b\u1ed1i c\u1ea3nh ng\u01b0\u1eddi ti\u00eau d\u00f9ng ng\u00e0y c\u00e0ng quan t\u00e2m \u0111\u1ebfn ch\u1ea5t l\u01b0\u1ee3ng kh\u00f4ng gian s\u1ed1ng, s\u1ea3n ph\u1ea9m n\u01b0\u1edbc lau s\u00e0n kh\u00f4ng ch\u1ec9 \u0111\u01a1n thu\u1ea7n l\u00e0 m\u1ed9t m\u1eb7t h\u00e0ng t\u1ea9y r\u1eeda m\u00e0 \u0111\u00e3 tr\u1edf th\u00e0nh m\u1ed9t ph\u1ea7n c\u1ee7a tr\u1ea3i nghi\u1ec7m ch\u0103m s\u00f3c t\u1ed5 \u1ea5m. \u0110\u00e2y ch\u00ednh l\u00e0 th\u1eddi \u0111i\u1ec3m v\u00e0ng \u0111\u1ec3 c\u00e1c doanh nghi\u1ec7p b\u1eaft tay v\u00e0o ph\u00e1t tri\u1ec3n d\u00f2ng s\u1ea3n ph\u1ea9m n\u00e0y d\u01b0\u1edbi th\u01b0\u01a1ng hi\u1ec7u ri\u00eang c\u1ee7a m\u00ecnh.<\/span><\/p>\n<p style=\"text-align: justify;\"><span style=\"font-weight: 400;\"><a href=\"https:\/\/shizencos.com\/en\/\">Shizencos<\/a> \u2013 v\u1edbi n\u0103ng l\u1ef1c gia c\u00f4ng to\u00e0n di\u1ec7n, c\u00f4ng th\u1ee9c linh ho\u1ea1t v\u00e0 \u0111\u1ed9i ng\u0169 R&amp;D chuy\u00ean s\u00e2u \u2013 ch\u00ednh l\u00e0 l\u1ef1a ch\u1ecdn t\u1ed1i \u01b0u \u0111\u1ec3 bi\u1ebfn \u00fd t\u01b0\u1edfng c\u1ee7a b\u1ea1n th\u00e0nh hi\u1ec7n th\u1ef1c. <span style=\"color: #0000ff;\"><a style=\"color: #0000ff;\" href=\"https:\/\/shizencos.com\/en\/lien-he\/\">Contact<\/a><\/span> ngay v\u1edbi Shizencos \u0111\u1ec3 kh\u1edfi t\u1ea1o s\u1ea3n ph\u1ea9m n\u01b0\u1edbc lau s\u00e0n ch\u1ea5t l\u01b0\u1ee3ng, mang \u0111\u1eadm d\u1ea5u \u1ea5n th\u01b0\u01a1ng hi\u1ec7u c\u1ee7a ri\u00eang b\u1ea1n!<\/span><\/p>","protected":false},"excerpt":{"rendered":"<p>Trong th\u1ecb tr\u01b0\u1eddng ch\u0103m s\u00f3c gia \u0111\u00ecnh, n\u01b0\u1edbc lau s\u00e0n kh\u00f4ng ch\u1ec9 l\u00e0 s\u1ea3n ph\u1ea9m t\u1ea9y r\u1eeda m\u00e0 c\u00f2n th\u1ec3 hi\u1ec7n s\u1ef1 quan t\u00e2m \u0111\u1ebfn kh\u00f4ng gian s\u1ed1ng s\u1ea1ch v\u00e0 an to\u00e0n. Tr\u01b0\u1edbc nhu c\u1ea7u t\u0103ng cao, h\u1ee3p t\u00e1c v\u1edbi \u0111\u01a1n v\u1ecb gia c\u00f4ng uy t\u00edn gi\u00fap doanh nghi\u1ec7p nhanh ch\u00f3ng ra m\u1eaft s\u1ea3n ph\u1ea9m [&hellip;]<\/p>\n","protected":false},"featured_media":11987,"comment_status":"open","ping_status":"closed","template":"","meta":[],"product_brand":[],"product_cat":[23],"product_tag":[],"class_list":{"0":"post-11986","1":"product","2":"type-product","3":"status-publish","4":"has-post-thumbnail","6":"product_cat-gia-cong-san-pham-cham-soc-gia-dinh","8":"first","9":"instock","10":"shipping-taxable","11":"product-type-simple"},"_links":{"self":[{"href":"https:\/\/shizencos.com\/en\/wp-json\/wp\/v2\/product\/11986","targetHints":{"allow":["GET"]}}],"collection":[{"href":"https:\/\/shizencos.com\/en\/wp-json\/wp\/v2\/product"}],"about":[{"href":"https:\/\/shizencos.com\/en\/wp-json\/wp\/v2\/types\/product"}],"replies":[{"embeddable":true,"href":"https:\/\/shizencos.com\/en\/wp-json\/wp\/v2\/comments?post=11986"}],"wp:featuredmedia":[{"embeddable":true,"href":"https:\/\/shizencos.com\/en\/wp-json\/wp\/v2\/media\/11987"}],"wp:attachment":[{"href":"https:\/\/shizencos.com\/en\/wp-json\/wp\/v2\/media?parent=11986"}],"wp:term":[{"taxonomy":"product_brand","embeddable":true,"href":"https:\/\/shizencos.com\/en\/wp-json\/wp\/v2\/product_brand?post=11986"},{"taxonomy":"product_cat","embeddable":true,"href":"https:\/\/shizencos.com\/en\/wp-json\/wp\/v2\/product_cat?post=11986"},{"taxonomy":"product_tag","embeddable":true,"href":"https:\/\/shizencos.com\/en\/wp-json\/wp\/v2\/product_tag?post=11986"}],"curies":[{"name":"wp","href":"https:\/\/api.w.org\/{rel}","templated":true}]}}