{"id":11984,"date":"2025-02-05T08:43:30","date_gmt":"2025-02-05T01:43:30","guid":{"rendered":"https:\/\/shizencos.com\/?post_type=product&#038;p=11984"},"modified":"2025-06-09T14:50:12","modified_gmt":"2025-06-09T07:50:12","slug":"gia-cong-nuoc-rua-chen","status":"publish","type":"product","link":"https:\/\/shizencos.com\/en\/gia-cong-nuoc-rua-chen\/","title":{"rendered":"Dishwashing Liquid Processing"},"content":{"rendered":"<p style=\"text-align: justify;\"><span style=\"font-weight: 400;\">Gia c\u00f4ng n\u01b0\u1edbc r\u1eeda ch\u00e9n l\u00e0 d\u00f2ng s\u1ea3n ph\u1ea9m ti\u00eau d\u00f9ng thi\u1ebft y\u1ebfu, lu\u00f4n hi\u1ec7n di\u1ec7n trong gian b\u1ebfp c\u1ee7a m\u1ed7i gia \u0111\u00ecnh, \u0111\u00e2y l\u00e0 d\u00f2ng s\u1ea3n ph\u1ea9m m\u00e0 nhu c\u1ea7u t\u0103ng \u0111\u1ec1u theo th\u1eddi gian. M\u1eb7c d\u00f9 th\u1ecb tr\u01b0\u1eddng hi\u1ec7n t\u1ea1i \u0111\u00e3 c\u00f3 nhi\u1ec1u th\u01b0\u01a1ng hi\u1ec7u n\u01b0\u1edbc r\u1eeda ch\u00e9n l\u1edbn c\u1ea1nh tranh nhau, nh\u01b0ng \u0111i\u1ec1u \u0111\u00f3 kh\u00f4ng \u0111\u1ed3ng ngh\u0129a v\u1edbi vi\u1ec7c thi\u1ebfu \u0111\u1ea5t cho nh\u1eefng doanh nghi\u1ec7p m\u1edbi b\u1eaft \u0111\u1ea7u. Ch\u1ec9 c\u1ea7n s\u1ea3n ph\u1ea9m c\u1ee7a b\u1ea1n \u0111\u1ea1t ch\u1ea5t l\u01b0\u1ee3ng, \u0111\u1ed9t ph\u00e1 v\u00e0 \u0111\u00fang xu h\u01b0\u1edbng, b\u1ea1n v\u1eabn c\u00f3 th\u1ec3 x\u00e2y d\u1ef1ng \u0111\u01b0\u1ee3c t\u1eadp kh\u00e1ch h\u00e0ng trung th\u00e0nh c\u1ee7a m\u00ecnh.\u00a0<\/span><\/p>\n<p style=\"text-align: justify;\"><span style=\"font-weight: 400;\">Nh\u01b0ng l\u00e0m sao \u0111\u1ec3 b\u1eaft \u0111\u1ea7u kinh doanh s\u1ea3n ph\u1ea9m khi ch\u01b0a c\u00f3 nh\u00e0 m\u00e1y, d\u00e2y chuy\u1ec1n s\u1ea3n xu\u1ea5t hay \u0111\u1ed9i ng\u0169 nh\u00e2n vi\u00ean th\u00ec m\u00f4 h\u00ecnh h\u1ee3p t\u00e1c gia c\u00f4ng v\u1edbi m\u1ed9t nh\u00e0 m\u00e1y s\u1ea3n xu\u1ea5t uy t\u00edn, d\u00e0y d\u1eb7n kinh nghi\u1ec7m ch\u00ednh l\u00e0 gi\u1ea3i ph\u00e1p h\u1ee3p l\u00fd. V\u00e0 \u0111\u1ec3 t\u00ecm hi\u1ec3u k\u1ef9 h\u01a1n v\u1ec1 m\u00f4 h\u00ecnh n\u00e0y v\u1eadn h\u00e0nh nh\u01b0 th\u1ebf n\u00e0o, l\u1ee3i \u00edch n\u1ed5i b\u1eadt ra sao, th\u00ec h\u00e3y c\u00f9ng Shizencos xem ngay b\u00e0i b\u00ean d\u01b0\u1edbi \u0111\u00e2y!<\/span><\/p>\n<h1 style=\"text-align: justify;\"><span style=\"font-size: 14pt;\"><b>1. Gia c\u00f4ng n\u01b0\u1edbc r\u1eeda ch\u00e9n l\u00e0 g\u00ec?<\/b><\/span><\/h1>\n<p style=\"text-align: justify;\"><b>N\u01b0\u1edbc r\u1eeda ch\u00e9n l\u00e0<\/b><span style=\"font-weight: 400;\"> ch\u1ea5t t\u1ea9y r\u1eeda d\u1ea1ng l\u1ecfng ho\u1eb7c gel, d\u00f9ng \u0111\u1ec3 lo\u1ea1i b\u1ecf d\u1ea7u m\u1ee1, c\u1eb7n b\u1ea9n, vi khu\u1ea9n v\u00e0 m\u00f9i h\u00f4i tr\u00ean b\u00e1t \u0111\u0129a, ly t\u00e1ch v\u00e0 c\u00e1c d\u1ee5ng c\u1ee5 nh\u00e0 b\u1ebfp. Kh\u00f4ng ch\u1ec9 \u0111\u01a1n thu\u1ea7n l\u00e0 s\u1ea3n ph\u1ea9m v\u1ec7 sinh, n\u01b0\u1edbc r\u1eeda ch\u00e9n ng\u00e0y nay c\u00f2n \u0111\u01b0\u1ee3c quan t\u00e2m \u1edf c\u00e1c kh\u00eda c\u1ea1nh nh\u01b0: th\u00e0nh ph\u1ea7n an to\u00e0n cho da tay, th\u00e2n thi\u1ec7n v\u1edbi m\u00f4i tr\u01b0\u1eddng, v\u00e0 m\u00f9i h\u01b0\u01a1ng d\u1ec5 ch\u1ecbu \u0111\u00e1p \u1ee9ng xu h\u01b0\u1edbng ti\u00eau d\u00f9ng th\u00f4ng minh v\u00e0 b\u1ec1n v\u1eefng.<\/span><\/p>\n<p style=\"text-align: justify;\"><b>Gia c\u00f4ng n\u01b0\u1edbc r\u1eeda ch\u00e9n l\u00e0<\/b><span style=\"font-weight: 400;\"> h\u00ecnh th\u1ee9c doanh nghi\u1ec7p h\u1ee3p t\u00e1c v\u1edbi nh\u00e0 m\u00e1y \u0111\u1ec3 s\u1ea3n xu\u1ea5t s\u1ea3n ph\u1ea9m n\u01b0\u1edbc r\u1eeda ch\u00e9n mang th\u01b0\u01a1ng hi\u1ec7u ri\u00eang. To\u00e0n b\u1ed9 quy tr\u00ecnh t\u1eeb nghi\u00ean c\u1ee9u c\u00f4ng th\u1ee9c (R&amp;D), s\u1ea3n xu\u1ea5t, \u0111\u00f3ng g\u00f3i, thi\u1ebft k\u1ebf bao b\u00ec \u0111\u1ebfn ki\u1ec3m nghi\u1ec7m v\u00e0 c\u00f4ng b\u1ed1 s\u1ea3n ph\u1ea9m \u0111\u1ec1u \u0111\u01b0\u1ee3c nh\u00e0 m\u00e1y \u0111\u1ea3m nh\u1eadn. M\u00f4 h\u00ecnh n\u00e0y gi\u00fap c\u00e1c doanh nghi\u1ec7p t\u1eadn d\u1ee5ng n\u1ec1n t\u1ea3ng c\u00f3 s\u1eb5n \u0111\u1ec3 nhanh ch\u00f3ng \u0111\u01b0a s\u1ea3n ph\u1ea9m ra th\u1ecb tr\u01b0\u1eddng m\u00e0 kh\u00f4ng c\u1ea7n \u0111\u1ea7u t\u01b0 l\u1edbn v\u1ec1 c\u01a1 s\u1edf v\u1eadt ch\u1ea5t hay nh\u00e2n l\u1ef1c.<\/span><\/p>\n<p>&nbsp;<\/p>\n<p style=\"text-align: justify;\"><img fetchpriority=\"high\" decoding=\"async\" class=\"wp-image-12785 aligncenter\" src=\"https:\/\/shizencos.com\/wp-content\/uploads\/2025\/02\/Gia-cong-nuoc-rua-chen.png\" alt=\"Gia c\u00f4ng n\u01b0\u1edbc r\u1eeda ch\u00e9n l\u00e0 g\u00ec\" width=\"1268\" height=\"846\" title=\"\" srcset=\"https:\/\/shizencos.com\/wp-content\/uploads\/2025\/02\/Gia-cong-nuoc-rua-chen.png 877w, https:\/\/shizencos.com\/wp-content\/uploads\/2025\/02\/Gia-cong-nuoc-rua-chen-300x200.png 300w, https:\/\/shizencos.com\/wp-content\/uploads\/2025\/02\/Gia-cong-nuoc-rua-chen-150x100.png 150w, https:\/\/shizencos.com\/wp-content\/uploads\/2025\/02\/Gia-cong-nuoc-rua-chen-768x512.png 768w, https:\/\/shizencos.com\/wp-content\/uploads\/2025\/02\/Gia-cong-nuoc-rua-chen-18x12.png 18w, https:\/\/shizencos.com\/wp-content\/uploads\/2025\/02\/Gia-cong-nuoc-rua-chen-600x400.png 600w\" sizes=\"(max-width: 1268px) 100vw, 1268px\" \/><\/p>\n<p style=\"text-align: center;\"><em>Gia c\u00f4ng n\u01b0\u1edbc r\u1eeda ch\u00e9n l\u00e0 g\u00ec<\/em><\/p>\n<h1 style=\"text-align: justify;\"><span style=\"font-size: 14pt;\"><b>2. L\u1ee3i \u00edch c\u1ee7a vi\u1ec7c l\u1ef1a ch\u1ecdn gia c\u00f4ng n\u01b0\u1edbc r\u1eeda ch\u00e9n<\/b><\/span><\/h1>\n<p style=\"text-align: justify;\"><span style=\"font-weight: 400;\">Gia c\u00f4ng n\u01b0\u1edbc r\u1eeda ch\u00e9n kh\u00f4ng ch\u1ec9 l\u00e0 gi\u1ea3i ph\u00e1p t\u1ed1i \u01b0u cho nh\u1eefng doanh nghi\u1ec7p mu\u1ed1n ti\u1ebft ki\u1ec7m chi ph\u00ed v\u00e0 th\u1eddi gian kh\u1edfi \u0111\u1ed9ng, m\u00e0 c\u00f2n l\u00e0 chi\u1ebfn l\u01b0\u1ee3c th\u00f4ng minh \u0111\u1ec3 x\u00e2y d\u1ef1ng th\u01b0\u01a1ng hi\u1ec7u ri\u00eang m\u1ed9t c\u00e1ch b\u00e0i b\u1ea3n v\u00e0 chuy\u00ean nghi\u1ec7p. D\u01b0\u1edbi \u0111\u00e2y l\u00e0 nh\u1eefng l\u1ee3i \u00edch c\u1ee5 th\u1ec3 m\u00e0 m\u00f4 h\u00ecnh n\u00e0y mang l\u1ea1i:<\/span><\/p>\n<p style=\"text-align: justify;\"><span style=\"font-weight: 400;\">\u2705 Ti\u1ebft ki\u1ec7m chi ph\u00ed \u0111\u1ea7u t\u01b0 ban \u0111\u1ea7u (nh\u00e0 x\u01b0\u1edfng, thi\u1ebft b\u1ecb, R&amp;D)<\/span><\/p>\n<p style=\"text-align: justify;\"><span style=\"font-weight: 400;\">\u2705 Shorten time to market<\/span><\/p>\n<p style=\"text-align: justify;\"><span style=\"font-weight: 400;\">\u2705 Linh ho\u1ea1t \u0111i\u1ec1u ch\u1ec9nh s\u1ea3n l\u01b0\u1ee3ng theo nhu c\u1ea7u kinh doanh<\/span><\/p>\n<p style=\"text-align: justify;\"><span style=\"font-weight: 400;\">\u2705 S\u1edf h\u1eefu c\u00f4ng th\u1ee9c ri\u00eang, mang d\u1ea5u \u1ea5n th\u01b0\u01a1ng hi\u1ec7u<\/span><\/p>\n<p style=\"text-align: justify;\"><span style=\"font-weight: 400;\">\u2705 \u0110\u01b0\u1ee3c h\u1ed7 tr\u1ee3 h\u1ed3 s\u01a1 ph\u00e1p l\u00fd, gi\u1ea5y t\u1edd \u0111\u0103ng k\u00fd s\u1ea3n ph\u1ea9m<\/span><\/p>\n<p style=\"text-align: justify;\"><span style=\"font-weight: 400;\">\u2705 Gi\u00fap doanh nghi\u1ec7p t\u1eadp trung v\u00e0o ho\u1ea1t \u0111\u1ed9ng Marketing &amp; Ph\u00e2n ph\u1ed1i<\/span><\/p>\n<h1 style=\"text-align: justify;\"><span style=\"font-size: 14pt;\"><b>3. Gia c\u00f4ng n\u01b0\u1edbc r\u1eeda ch\u00e9n t\u1ea1i Shizencos<\/b><\/span><\/h1>\n<p style=\"text-align: justify;\"><span style=\"font-weight: 400;\">V\u1edbi b\u1ec1 d\u00e0y h\u01a1n 10 n\u0103m ho\u1ea1t \u0111\u1ed9ng trong ng\u00e0nh gia c\u00f4ng m\u1ef9 ph\u1ea9m v\u00e0 ch\u0103m s\u00f3c c\u00e1 nh\u00e2n, Shizencos \u0111\u00e3 v\u00e0 \u0111ang l\u00e0 \u0111\u1ed1i t\u00e1c \u0111\u00e1ng tin c\u1eady c\u1ee7a h\u00e0ng tr\u0103m th\u01b0\u01a1ng hi\u1ec7u l\u1edbn nh\u1ecf trong v\u00e0 ngo\u00e0i n\u01b0\u1edbc. S\u1ef1 am hi\u1ec3u th\u1ecb tr\u01b0\u1eddng k\u1ebft h\u1ee3p c\u00f9ng h\u1ec7 th\u1ed1ng nh\u00e0 m\u00e1y hi\u1ec7n \u0111\u1ea1i c\u00f4ng ngh\u1ec7 ti\u00ean ti\u1ebfn gi\u00fap Shizencos t\u1ef1 tin \u0111\u00e1p \u1ee9ng m\u1ecdi nhu c\u1ea7u gia c\u00f4ng n\u01b0\u1edbc r\u1eeda ch\u00e9n v\u1edbi ch\u1ea5t l\u01b0\u1ee3ng \u0111\u1ea1t chu\u1ea9n khi ra m\u1eaft th\u1ecb tr\u01b0\u1eddng v\u00e0 khi \u0111\u1ebfn tay c\u1ee7a ng\u01b0\u1eddi ti\u00eau d\u00f9ng.<\/span><\/p>\n<h2 style=\"text-align: justify;\"><span style=\"font-size: 14pt;\"><b>3.1 C\u00f4ng th\u1ee9c n\u01b0\u1edbc r\u1eeda ch\u00e9n \u0111a d\u1ea1ng<\/b><\/span><\/h2>\n<p style=\"text-align: justify;\"><span style=\"font-weight: 400;\">Shizencos hi\u1ec7n cung c\u1ea5p b\u1ed9 c\u00f4ng th\u1ee9c n\u01b0\u1edbc r\u1eeda ch\u00e9n phong ph\u00fa, \u0111\u00e1p \u1ee9ng \u0111a d\u1ea1ng nhu c\u1ea7u c\u1ee7a c\u00e1c doanh nghi\u1ec7p t\u1eeb b\u00ecnh d\u00e2n \u0111\u1ebfn cao c\u1ea5p. T\u1ea5t c\u1ea3 c\u00f4ng th\u1ee9c \u0111\u1ec1u c\u00f3 th\u1ec3 \u0111i\u1ec1u ch\u1ec9nh linh ho\u1ea1t theo \u0111\u1ecbnh h\u01b0\u1edbng th\u01b0\u01a1ng hi\u1ec7u v\u00e0 th\u1ecb tr\u01b0\u1eddng m\u1ee5c ti\u00eau. D\u01b0\u1edbi \u0111\u00e2y l\u00e0 m\u1ed9t s\u1ed1 d\u00f2ng c\u00f4ng th\u1ee9c ti\u00eau bi\u1ec3u m\u00e0 nh\u00e0 m\u00e1y \u0111ang nh\u1eadn gia c\u00f4ng:<\/span><\/p>\n<ul style=\"text-align: justify;\">\n<li style=\"font-weight: 400;\" aria-level=\"1\"><span style=\"font-weight: 400;\">N\u01b0\u1edbc r\u1eeda ch\u00e9n thi\u00ean nhi\u00ean: chi\u1ebft xu\u1ea5t chanh, s\u1ea3, b\u1ea1c h\u00e0, tinh d\u1ea7u tr\u00e0m\u2026<\/span><\/li>\n<li style=\"font-weight: 400;\" aria-level=\"1\"><span style=\"font-weight: 400;\">N\u01b0\u1edbc r\u1eeda ch\u00e9n di\u1ec7t khu\u1ea9n, kh\u00e1ng khu\u1ea9n t\u1ef1 nhi\u00ean<\/span><\/li>\n<li style=\"font-weight: 400;\" aria-level=\"1\"><span style=\"font-weight: 400;\">N\u01b0\u1edbc r\u1eeda ch\u00e9n d\u1ecbu nh\u1eb9 cho da tay (kh\u00f4ng ch\u1ee9a Paraben, Sulfate)<\/span><\/li>\n<li style=\"font-weight: 400;\" aria-level=\"1\"><span style=\"font-weight: 400;\">N\u01b0\u1edbc r\u1eeda ch\u00e9n \u0111\u1eadm \u0111\u1eb7c t\u1ea1o b\u1ecdt nhanh, r\u1eeda s\u1ea1ch d\u1ea7u m\u1ee1<\/span><\/li>\n<li style=\"font-weight: 400;\" aria-level=\"1\"><span style=\"font-weight: 400;\">D\u00f2ng n\u01b0\u1edbc r\u1eeda ch\u00e9n cao c\u1ea5p \u2013 b\u1ed5 sung d\u01b0\u1ee1ng ch\u1ea5t, th\u00e2n thi\u1ec7n m\u00f4i tr\u01b0\u1eddng<\/span><\/li>\n<\/ul>\n<p style=\"text-align: justify;\"><span style=\"font-weight: 400;\">B\u00ean c\u1ea1nh nh\u1eefng c\u00f4ng th\u1ee9c c\u00f3 s\u1eb5n, \u0111\u1ed9i ng\u0169 R&amp;D c\u1ee7a Shizencos lu\u00f4n l\u1eafng nghe v\u00e0 s\u1eb5n s\u00e0ng ph\u00e1t tri\u1ec3n c\u00f4ng th\u1ee9c \u0111\u1ed9c quy\u1ec1n m\u1edbi theo y\u00eau c\u1ea7u ri\u00eang c\u1ee7a kh\u00e1ch h\u00e0ng, \u0111\u1ea3m b\u1ea3o s\u1ea3n ph\u1ea9m c\u1ee7a b\u1ea1n lu\u00f4n kh\u00e1c bi\u1ec7t v\u00e0 n\u1ed5i b\u1eadt tr\u00ean th\u1ecb tr\u01b0\u1eddng<\/span><\/p>\n<h2 style=\"text-align: justify;\"><b><span style=\"font-size: 14pt;\">3.2 Quy tr\u00ecnh gia c\u00f4ng n\u01b0\u1edbc r\u1eeda ch\u00e9n t\u1ea1i Shizencos<\/span>\u00a0<\/b><\/h2>\n<p style=\"text-align: justify;\"><span style=\"font-weight: 400;\">T\u1ea1i Shizencos, m\u1ed7i d\u1ef1 \u00e1n gia c\u00f4ng \u0111\u1ec1u \u0111\u01b0\u1ee3c tri\u1ec3n khai theo m\u1ed9t quy tr\u00ecnh b\u00e0i b\u1ea3n, minh b\u1ea1ch v\u00e0 linh ho\u1ea1t. Ngay t\u1eeb khi b\u1ea1n li\u00ean h\u1ec7, \u0111\u1ed9i ng\u0169 chuy\u00ean vi\u00ean t\u01b0 v\u1ea5n s\u1ebd h\u1ed7 tr\u1ee3 nhi\u1ec7t t\u00ecnh, g\u1ee3i \u00fd c\u00f4ng th\u1ee9c ph\u00f9 h\u1ee3p v\u00e0 \u0111\u1ed3ng h\u00e0nh c\u00f9ng b\u1ea1n trong su\u1ed1t qu\u00e1 tr\u00ecnh ph\u00e1t tri\u1ec3n s\u1ea3n ph\u1ea9m t\u1eeb \u00fd t\u01b0\u1edfng \u0111\u1ebfn th\u00e0nh ph\u1ea9m.<\/span><\/p>\n<p style=\"text-align: justify;\"><b>Step 1: <\/b><span style=\"font-weight: 400;\">Contact for consultation \u2013 Listen to requests and advise on appropriate formulas.<\/span><\/p>\n<p style=\"text-align: justify;\"><b>Step 2:<\/b><span style=\"font-weight: 400;\"> Research and Development \u2013 \u200b\u200bR&amp;D team researches and develops optimal formulas.<\/span><\/p>\n<p style=\"text-align: justify;\"><b>Step 3: <\/b><span style=\"font-weight: 400;\">Send samples and adjust \u2013 Provide samples, adjust based on feedback.<\/span><\/p>\n<p style=\"text-align: justify;\"><b>Step 4:<\/b><span style=\"font-weight: 400;\"> Finalize sample and quote \u2013 Confirm final formula, calculate cost<\/span><\/p>\n<p style=\"text-align: justify;\"><b>Step 5:<\/b><span style=\"font-weight: 400;\"> Signing contract and cooperation \u2013 Both parties agree and sign the processing contract.<\/span><\/p>\n<p style=\"text-align: justify;\"><b>Step 6: <\/b><span style=\"font-weight: 400;\">Prepare ingredients and stir the tank <\/span><span style=\"font-weight: 400;\">\u2013<\/span><span style=\"font-weight: 400;\"> \u2013 Import and check the quality of input materials.<\/span><\/p>\n<p style=\"text-align: justify;\"><b>Step 7:<\/b><span style=\"font-weight: 400;\"> S\u1ea3n xu\u1ea5t h\u00e0ng lo\u1ea1t\u00a0 \u2013 \u0110\u01b0a v\u00e0o s\u1ea3n xu\u1ea5t theo d\u00e2y chuy\u1ec1n kh\u00e9p k\u00edn c\u00f4ng ngh\u1ec7 cao.<\/span><\/p>\n<p style=\"text-align: justify;\"><b>Step 8: <\/b><span style=\"font-weight: 400;\">Product packaging \u2013 Filling, sealing, labeling according to design.<\/span><\/p>\n<p style=\"text-align: justify;\"><b>Step 9:<\/b><span style=\"font-weight: 400;\"> Delivery and post-production support \u2013 On-time delivery, legal support and business strategy.<\/span><\/p>\n<p>&nbsp;<\/p>\n<p><img decoding=\"async\" class=\"wp-image-12781\" src=\"https:\/\/shizencos.com\/wp-content\/uploads\/2024\/09\/Cam-ket-cong-ty-1.png\" alt=\"Shizencos cam k\u1ebft cung c\u1ea5p d\u1ecbch v\u1ee5 gia c\u00f4ng m\u1ef9 ph\u1ea9m uy t\u00edn\" width=\"1269\" height=\"632\" title=\"\" srcset=\"https:\/\/shizencos.com\/wp-content\/uploads\/2024\/09\/Cam-ket-cong-ty-1.png 1175w, https:\/\/shizencos.com\/wp-content\/uploads\/2024\/09\/Cam-ket-cong-ty-1-300x149.png 300w, https:\/\/shizencos.com\/wp-content\/uploads\/2024\/09\/Cam-ket-cong-ty-1-1024x510.png 1024w, https:\/\/shizencos.com\/wp-content\/uploads\/2024\/09\/Cam-ket-cong-ty-1-150x75.png 150w, https:\/\/shizencos.com\/wp-content\/uploads\/2024\/09\/Cam-ket-cong-ty-1-768x382.png 768w, https:\/\/shizencos.com\/wp-content\/uploads\/2024\/09\/Cam-ket-cong-ty-1-18x9.png 18w, https:\/\/shizencos.com\/wp-content\/uploads\/2024\/09\/Cam-ket-cong-ty-1-600x299.png 600w\" sizes=\"(max-width: 1269px) 100vw, 1269px\" \/><\/p>\n<p style=\"text-align: center;\"><em>Shizencos is committed to providing reputable cosmetic processing services.<\/em><\/p>\n<h1 style=\"text-align: justify;\"><span style=\"font-size: 14pt;\"><b>Conclude<\/b><\/span><\/h1>\n<p style=\"text-align: justify;\"><span style=\"font-weight: 400;\">N\u01b0\u1edbc r\u1eeda ch\u00e9n kh\u00f4ng ch\u1ec9 l\u00e0 s\u1ea3n ph\u1ea9m thi\u1ebft y\u1ebfu v\u1edbi nhu c\u1ea7u ti\u00eau d\u00f9ng \u1ed5n \u0111\u1ecbnh, m\u00e0 c\u00f2n l\u00e0 c\u01a1 h\u1ed9i tuy\u1ec7t v\u1eddi \u0111\u1ec3 c\u00e1c th\u01b0\u01a1ng hi\u1ec7u m\u1edf r\u1ed9ng danh m\u1ee5c s\u1ea3n ph\u1ea9m, gia t\u0103ng doanh thu v\u00e0 \u0111\u1ed9 nh\u1eadn di\u1ec7n th\u1ecb tr\u01b0\u1eddng. V\u1edbi m\u00f4 h\u00ecnh gia c\u00f4ng chuy\u00ean nghi\u1ec7p t\u1ea1i Shizencos, b\u1ea1n s\u1ebd kh\u00f4ng ch\u1ec9 c\u00f3 m\u1ed9t s\u1ea3n ph\u1ea9m n\u01b0\u1edbc r\u1eeda ch\u00e9n ch\u1ea5t l\u01b0\u1ee3ng cao m\u00e0 c\u00f2n s\u1edf h\u1eefu m\u1ed9t gi\u1ea3i ph\u00e1p to\u00e0n di\u1ec7n \u2013 t\u1eeb c\u00f4ng th\u1ee9c, thi\u1ebft k\u1ebf, \u0111\u1ebfn ph\u00e1p l\u00fd \u2013 gi\u00fap th\u01b0\u01a1ng hi\u1ec7u b\u1ea1n nhanh ch\u00f3ng v\u01b0\u01a1n xa.<\/span><\/p>\n<p style=\"text-align: justify;\"><span style=\"font-weight: 400;\">H\u00e3y \u0111\u1ec3 Shizencos \u0111\u1ed3ng h\u00e0nh c\u00f9ng b\u1ea1n t\u1ea1o n\u00ean nh\u1eefng s\u1ea3n ph\u1ea9m n\u01b0\u1edbc r\u1eeda ch\u00e9n \u1ea5n t\u01b0\u1ee3ng, kh\u00e1c bi\u1ec7t v\u00e0 s\u1eb5n s\u00e0ng chinh ph\u1ee5c ng\u01b0\u1eddi ti\u00eau d\u00f9ng! <span style=\"color: #0000ff;\"><a style=\"color: #0000ff;\" href=\"https:\/\/shizencos.com\/en\/lien-he\/\">Contact<\/a><\/span> ngay \u0111\u1ec3 nh\u1eadn t\u01b0 v\u1ea5n mi\u1ec5n ph\u00ed v\u00e0 m\u1eabu th\u1eed cho s\u1ea3n ph\u1ea9m \u0111\u1ea7u ti\u00ean c\u1ee7a b\u1ea1n!<\/span><\/p>","protected":false},"excerpt":{"rendered":"<p>Gia c\u00f4ng n\u01b0\u1edbc r\u1eeda ch\u00e9n l\u00e0 d\u00f2ng s\u1ea3n ph\u1ea9m ti\u00eau d\u00f9ng thi\u1ebft y\u1ebfu, lu\u00f4n hi\u1ec7n di\u1ec7n trong gian b\u1ebfp c\u1ee7a m\u1ed7i gia \u0111\u00ecnh, \u0111\u00e2y l\u00e0 d\u00f2ng s\u1ea3n ph\u1ea9m m\u00e0 nhu c\u1ea7u t\u0103ng \u0111\u1ec1u theo th\u1eddi gian. M\u1eb7c d\u00f9 th\u1ecb tr\u01b0\u1eddng hi\u1ec7n t\u1ea1i \u0111\u00e3 c\u00f3 nhi\u1ec1u th\u01b0\u01a1ng hi\u1ec7u n\u01b0\u1edbc r\u1eeda ch\u00e9n l\u1edbn c\u1ea1nh tranh nhau, nh\u01b0ng [&hellip;]<\/p>\n","protected":false},"featured_media":11985,"comment_status":"open","ping_status":"closed","template":"","meta":[],"product_brand":[],"product_cat":[23],"product_tag":[],"class_list":{"0":"post-11984","1":"product","2":"type-product","3":"status-publish","4":"has-post-thumbnail","6":"product_cat-gia-cong-san-pham-cham-soc-gia-dinh","8":"first","9":"instock","10":"shipping-taxable","11":"product-type-simple"},"_links":{"self":[{"href":"https:\/\/shizencos.com\/en\/wp-json\/wp\/v2\/product\/11984","targetHints":{"allow":["GET"]}}],"collection":[{"href":"https:\/\/shizencos.com\/en\/wp-json\/wp\/v2\/product"}],"about":[{"href":"https:\/\/shizencos.com\/en\/wp-json\/wp\/v2\/types\/product"}],"replies":[{"embeddable":true,"href":"https:\/\/shizencos.com\/en\/wp-json\/wp\/v2\/comments?post=11984"}],"wp:featuredmedia":[{"embeddable":true,"href":"https:\/\/shizencos.com\/en\/wp-json\/wp\/v2\/media\/11985"}],"wp:attachment":[{"href":"https:\/\/shizencos.com\/en\/wp-json\/wp\/v2\/media?parent=11984"}],"wp:term":[{"taxonomy":"product_brand","embeddable":true,"href":"https:\/\/shizencos.com\/en\/wp-json\/wp\/v2\/product_brand?post=11984"},{"taxonomy":"product_cat","embeddable":true,"href":"https:\/\/shizencos.com\/en\/wp-json\/wp\/v2\/product_cat?post=11984"},{"taxonomy":"product_tag","embeddable":true,"href":"https:\/\/shizencos.com\/en\/wp-json\/wp\/v2\/product_tag?post=11984"}],"curies":[{"name":"wp","href":"https:\/\/api.w.org\/{rel}","templated":true}]}}