{"id":11982,"date":"2025-02-05T08:40:56","date_gmt":"2025-02-05T01:40:56","guid":{"rendered":"https:\/\/shizencos.com\/?post_type=product&#038;p=11982"},"modified":"2025-09-10T14:52:21","modified_gmt":"2025-09-10T07:52:21","slug":"gia-cong-kem-danh-rang","status":"publish","type":"product","link":"https:\/\/shizencos.com\/en\/gia-cong-kem-danh-rang\/","title":{"rendered":"Toothpaste Processing"},"content":{"rendered":"<p style=\"text-align: justify;\"><span style=\"font-weight: 400;\">Trong th\u1eddi \u0111\u1ea1i ng\u01b0\u1eddi ti\u00eau d\u00f9ng ng\u00e0y c\u00e0ng ch\u00fa tr\u1ecdng \u0111\u1ebfn s\u1ea3n ph\u1ea9m ch\u0103m s\u00f3c c\u00e1 nh\u00e2n c\u00f3 ngu\u1ed3n g\u1ed1c r\u00f5 r\u00e0ng, ch\u1ea5t l\u01b0\u1ee3ng cao, kem \u0111\u00e1nh r\u0103ng kh\u00f4ng ch\u1ec9 l\u00e0 s\u1ea3n ph\u1ea9m v\u1ec7 sinh r\u0103ng mi\u1ec7ng \u0111\u01a1n thu\u1ea7n m\u00e0 c\u00f2n tr\u1edf th\u00e0nh m\u1ea3nh \u0111\u1ea5t ti\u1ec1m n\u0103ng \u0111\u1ec3 c\u00e1c doanh nghi\u1ec7p m\u1ef9 ph\u1ea9m m\u1edf r\u1ed9ng th\u1ecb ph\u1ea7n. V\u1edbi kinh nghi\u1ec7m l\u00e2u n\u0103m v\u00e0 h\u1ec7 th\u1ed1ng nh\u00e0 m\u00e1y \u0111\u1ea1t chu\u1ea9n qu\u1ed1c t\u1ebf, Shizencos l\u00e0 \u0111\u1ed1i t\u00e1c l\u00fd t\u01b0\u1edfng cho c\u00e1c th\u01b0\u01a1ng hi\u1ec7u \u0111ang t\u00ecm ki\u1ebfm gi\u1ea3i ph\u00e1p gia c\u00f4ng kem \u0111\u00e1nh r\u0103ng to\u00e0n di\u1ec7n, chuy\u00ean nghi\u1ec7p v\u00e0 linh ho\u1ea1t. V\u00e0 n\u1ebfu b\u1ea1n l\u00e0 doanh nghi\u1ec7p \u0111ang mu\u1ed1n kinh doanh s\u1ea3n ph\u1ea9m kem \u0111\u00e1nh r\u0103ng nh\u01b0ng ch\u01b0a bi\u1ebft ph\u1ea3i b\u1eaft \u0111\u1ea7u t\u1eeb \u0111\u00e2u th\u00ec h\u00e3y xem ngay b\u00e0i vi\u1ebft d\u01b0\u1edbi \u0111\u00e2y!\u00a0<\/span><\/p>\n<h1 style=\"text-align: justify;\"><span style=\"font-size: 14pt;\"><b>1. Gia c\u00f4ng kem \u0111\u00e1nh r\u0103ng l\u00e0 g\u00ec?<\/b><\/span><\/h1>\n<p style=\"text-align: justify;\"><b>Kem \u0111\u00e1nh r\u0103ng l\u00e0<\/b><span style=\"font-weight: 400;\"> m\u1ed9t trong nh\u1eefng s\u1ea3n ph\u1ea9m ch\u0103m s\u00f3c c\u00e1 nh\u00e2n thi\u1ebft y\u1ebfu, c\u00f3 m\u1eb7t trong h\u1ea7u h\u1ebft m\u1ecdi gia \u0111\u00ecnh, \u0111\u00f3ng vai tr\u00f2 b\u1ea3o v\u1ec7 s\u1ee9c kh\u1ecfe r\u0103ng mi\u1ec7ng, mang l\u1ea1i h\u01a1i th\u1edf th\u01a1m m\u00e1t v\u00e0 ph\u00f2ng ng\u1eeba c\u00e1c v\u1ea5n \u0111\u1ec1 v\u1ec1 n\u01b0\u1edbu, s\u00e2u r\u0103ng. Ch\u00ednh v\u00ec v\u1eady, nhu c\u1ea7u v\u1ec1 c\u00e1c d\u00f2ng kem \u0111\u00e1nh r\u0103ng \u0111a d\u1ea1ng, mang t\u00ednh c\u00e1 nh\u00e2n h\u00f3a cao \u0111ang ng\u00e0y c\u00e0ng t\u0103ng m\u1ea1nh tr\u00ean th\u1ecb tr\u01b0\u1eddng \u2013 \u0111\u1eb7c bi\u1ec7t l\u00e0 c\u00e1c s\u1ea3n ph\u1ea9m chi\u1ebft xu\u1ea5t t\u1eeb thi\u00ean nhi\u00ean, l\u00e0m tr\u1eafng, kh\u00e1ng khu\u1ea9n, kh\u00f4ng ch\u1ee9a fluoride, ho\u1eb7c h\u01b0\u1edbng \u0111\u1ebfn nh\u00f3m ng\u01b0\u1eddi d\u00f9ng ri\u00eang bi\u1ec7t nh\u01b0 tr\u1ebb em, ng\u01b0\u1eddi l\u1edbn tu\u1ed5i hay ng\u01b0\u1eddi c\u00f3 r\u0103ng nh\u1ea1y c\u1ea3m. \u0110\u00e2y l\u00e0 c\u01a1 h\u1ed9i l\u1edbn \u0111\u1ec3 c\u00e1c th\u01b0\u01a1ng hi\u1ec7u m\u1ef9 ph\u1ea9m m\u1edf r\u1ed9ng danh m\u1ee5c s\u1ea3n ph\u1ea9m v\u00e0 kh\u1eb3ng \u0111\u1ecbnh t\u00ean tu\u1ed5i c\u1ee7a th\u01b0\u01a1ng hi\u1ec7u m\u00ecnh tr\u00ean th\u1ecb tr\u01b0\u1eddng ch\u0103m s\u00f3c c\u00e1 nh\u00e2n.<\/span><\/p>\n<p style=\"text-align: justify;\"><b>Gia c\u00f4ng kem \u0111\u00e1nh r\u0103ng l\u00e0<\/b><span style=\"font-weight: 400;\"> d\u1ecbch v\u1ee5 m\u00e0 trong \u0111\u00f3 m\u1ed9t doanh nghi\u1ec7p chuy\u00ean s\u1ea3n xu\u1ea5t \u2013 nh\u01b0 Shizencos s\u1ebd \u0111\u1ea3m nhi\u1ec7m to\u00e0n b\u1ed9 quy tr\u00ecnh s\u1ea3n xu\u1ea5t s\u1ea3n ph\u1ea9m t\u1eeb nghi\u00ean c\u1ee9u c\u00f4ng th\u1ee9c, ki\u1ec3m nghi\u1ec7m ch\u1ea5t l\u01b0\u1ee3ng, thi\u1ebft k\u1ebf bao b\u00ec \u0111\u1ebfn h\u1ed7 tr\u1ee3 ph\u00e1p l\u00fd, c\u00f4ng b\u1ed1 s\u1ea3n ph\u1ea9m mang th\u01b0\u01a1ng hi\u1ec7u ri\u00eang c\u1ee7a kh\u00e1ch h\u00e0ng. \u0110\u00e2y l\u00e0 m\u00f4 h\u00ecnh t\u1ed1i \u01b0u d\u00e0nh cho c\u00e1c th\u01b0\u01a1ng hi\u1ec7u m\u1ef9 ph\u1ea9m mu\u1ed1n ti\u1ebft ki\u1ec7m chi ph\u00ed \u0111\u1ea7u t\u01b0 c\u01a1 s\u1edf v\u1eadt ch\u1ea5t, r\u00fat ng\u1eafn th\u1eddi gian \u0111\u01b0a s\u1ea3n ph\u1ea9m ra th\u1ecb tr\u01b0\u1eddng.<\/span><\/p>\n<p>&nbsp;<\/p>\n<h1><img fetchpriority=\"high\" decoding=\"async\" class=\"aligncenter wp-image-12779\" src=\"https:\/\/shizencos.com\/wp-content\/uploads\/2025\/02\/gia-cong-kem-danh-rang.png\" alt=\"Gia c\u00f4ng kem \u0111\u00e1nh r\u0103ng l\u00e0 g\u00ec?\" width=\"1261\" height=\"628\" title=\"\" srcset=\"https:\/\/shizencos.com\/wp-content\/uploads\/2025\/02\/gia-cong-kem-danh-rang.png 1175w, https:\/\/shizencos.com\/wp-content\/uploads\/2025\/02\/gia-cong-kem-danh-rang-300x149.png 300w, https:\/\/shizencos.com\/wp-content\/uploads\/2025\/02\/gia-cong-kem-danh-rang-1024x510.png 1024w, https:\/\/shizencos.com\/wp-content\/uploads\/2025\/02\/gia-cong-kem-danh-rang-150x75.png 150w, https:\/\/shizencos.com\/wp-content\/uploads\/2025\/02\/gia-cong-kem-danh-rang-768x382.png 768w, https:\/\/shizencos.com\/wp-content\/uploads\/2025\/02\/gia-cong-kem-danh-rang-18x9.png 18w, https:\/\/shizencos.com\/wp-content\/uploads\/2025\/02\/gia-cong-kem-danh-rang-600x299.png 600w\" sizes=\"(max-width: 1261px) 100vw, 1261px\" \/><\/h1>\n<p style=\"text-align: center;\"><em>Gia c\u00f4ng kem \u0111\u00e1nh r\u0103ng l\u00e0 g\u00ec?<\/em><\/p>\n<h1 style=\"text-align: justify;\"><span style=\"font-size: 14pt;\"><b>2. L\u1ee3i \u00edch c\u1ee7a vi\u1ec7c l\u1ef1a ch\u1ecdn gia c\u00f4ng kem \u0111\u00e1nh r\u0103ng<\/b><\/span><\/h1>\n<p style=\"text-align: justify;\"><span style=\"font-weight: 400;\">B\u1eaft \u0111\u1ea7u kinh doanh m\u1ed9t s\u1ea3n ph\u1ea9m m\u1edbi, \u0111\u1eb7c bi\u1ec7t trong ng\u00e0nh ch\u0103m s\u00f3c c\u00e1 nh\u00e2n, th\u01b0\u1eddng khi\u1ebfn nhi\u1ec1u doanh nghi\u1ec7p lo ng\u1ea1i v\u00ec chi ph\u00ed \u0111\u1ea7u t\u01b0 l\u1edbn v\u00e0 quy tr\u00ecnh s\u1ea3n xu\u1ea5t ph\u1ee9c t\u1ea1p. Tuy nhi\u00ean, l\u1ef1a ch\u1ecdn h\u00ecnh th\u1ee9c gia c\u00f4ng l\u00e0 m\u1ed9t h\u01b0\u1edbng \u0111i th\u00f4ng minh, gi\u00fap b\u1ea1n r\u00fat ng\u1eafn th\u1eddi gian \u0111\u01b0a s\u1ea3n ph\u1ea9m ra th\u1ecb tr\u01b0\u1eddng m\u00e0 v\u1eabn \u0111\u1ea3m b\u1ea3o ch\u1ea5t l\u01b0\u1ee3ng v\u00e0 t\u00ednh \u0111\u1ed9c \u0111\u00e1o cho th\u01b0\u01a1ng hi\u1ec7u. V\u1edbi Shizencos, b\u00e0i to\u00e1n chi ph\u00ed \u2013 th\u1eddi gian \u2013 ch\u1ea5t l\u01b0\u1ee3ng s\u1ebd kh\u00f4ng c\u00f2n l\u00e0 r\u00e0o c\u1ea3n.<\/span><\/p>\n<p style=\"text-align: justify;\"><span style=\"font-weight: 400;\">\u2705 Ti\u1ebft ki\u1ec7m chi ph\u00ed \u0111\u1ea7u t\u01b0 nh\u00e0 m\u00e1y v\u00e0 nh\u00e2n s\u1ef1<\/span><\/p>\n<p style=\"text-align: justify;\"><span style=\"font-weight: 400;\">\u2705 T\u1ed1i \u01b0u h\u00f3a th\u1eddi gian ph\u00e1t tri\u1ec3n s\u1ea3n ph\u1ea9m<\/span><\/p>\n<p style=\"text-align: justify;\"><span style=\"font-weight: 400;\">\u2705 \u0110\u1ea3m b\u1ea3o ch\u1ea5t l\u01b0\u1ee3ng \u0111\u1ea7u ra \u0111\u1ea1t chu\u1ea9n<\/span><\/p>\n<p style=\"text-align: justify;\"><span style=\"font-weight: 400;\">\u2705 T\u00f9y ch\u1ec9nh linh ho\u1ea1t theo \u0111\u1ecbnh h\u01b0\u1edbng th\u01b0\u01a1ng hi\u1ec7u<\/span><\/p>\n<p style=\"text-align: justify;\"><span style=\"font-weight: 400;\">\u2705 H\u1ed7 tr\u1ee3 tr\u1ecdn g\u00f3i ph\u00e1p l\u00fd bao g\u1ed3m c\u00f4ng b\u1ed1, ki\u1ec3m nghi\u1ec7m, \u0111\u0103ng k\u00fd l\u01b0u h\u00e0nh m\u1ef9 ph\u1ea9m<\/span><\/p>\n<h1 style=\"text-align: justify;\"><span style=\"font-size: 14pt;\"><b>3. Gia c\u00f4ng kem \u0111\u00e1nh r\u0103ng t\u1ea1i Shizencos<\/b><\/span><\/h1>\n<p style=\"text-align: justify;\"><span style=\"font-weight: 400;\">Gi\u1eefa v\u00f4 v\u00e0n nh\u00e0 m\u00e1y gia c\u00f4ng tr\u00ean th\u1ecb tr\u01b0\u1eddng hi\u1ec7n nay, vi\u1ec7c l\u1ef1a ch\u1ecdn m\u1ed9t \u0111\u1ed1i t\u00e1c \u0111\u00e1ng tin c\u1eady kh\u00f4ng ch\u1ec9 gi\u00fap b\u1ea1n y\u00ean t\u00e2m v\u1ec1 ch\u1ea5t l\u01b0\u1ee3ng s\u1ea3n ph\u1ea9m m\u00e0 c\u00f2n t\u1ed1i \u01b0u h\u00f3a \u0111\u01b0\u1ee3c to\u00e0n b\u1ed9 quy tr\u00ecnh kinh doanh. V\u1eady \u0111i\u1ec1u g\u00ec khi\u1ebfn c\u00e1c th\u01b0\u01a1ng hi\u1ec7u l\u1edbn nh\u1ecf \u0111\u1ec1u tin t\u01b0\u1edfng l\u1ef1a ch\u1ecdn Shizencos? H\u00e3y c\u00f9ng kh\u00e1m ph\u00e1 nh\u1eefng \u0111i\u1ec3m m\u1ea1nh n\u1ed5i b\u1eadt m\u00e0 b\u1ea1n s\u1ebd nh\u1eadn \u0111\u01b0\u1ee3c khi h\u1ee3p t\u00e1c c\u00f9ng ch\u00fang t\u00f4i.<\/span><\/p>\n<h2 style=\"text-align: justify;\"><span style=\"font-size: 14pt;\"><b>3.1 C\u00f4ng th\u1ee9c kem \u0111\u00e1nh r\u0103ng \u0111a d\u1ea1ng<\/b><\/span><\/h2>\n<p><span style=\"font-weight: 400;\">M\u1ed7i ph\u00e2n kh\u00fac kh\u00e1ch h\u00e0ng s\u1ebd c\u00f3 nhu c\u1ea7u kh\u00e1c nhau: ng\u01b0\u1eddi ti\u00eau d\u00f9ng t\u00ecm ki\u1ebfm s\u1ea3n ph\u1ea9m l\u00e0m tr\u1eafng r\u0103ng, gia \u0111\u00ecnh \u01b0u ti\u00ean c\u00f4ng th\u1ee9c l\u00e0nh t\u00ednh t\u1eeb thi\u00ean nhi\u00ean, hay tr\u1ebb em c\u1ea7n s\u1ea3n ph\u1ea9m d\u1ecbu nh\u1eb9 v\u1edbi h\u01b0\u01a1ng v\u1ecb h\u1ea5p d\u1eabn. T\u1ea1i Shizencos, ch\u00fang t\u00f4i hi\u1ec3u r\u00f5 \u0111i\u1ec1u \u0111\u00f3 v\u00e0 s\u1eb5n s\u00e0ng \u0111\u1ed3ng h\u00e0nh c\u00f9ng b\u1ea1n l\u1ef1a ch\u1ecdn c\u00f4ng th\u1ee9c ph\u00f9 h\u1ee3p nh\u1ea5t v\u1edbi \u0111\u1ecbnh h\u01b0\u1edbng th\u01b0\u01a1ng hi\u1ec7u v\u00e0 th\u1ecb tr\u01b0\u1eddng m\u1ee5c ti\u00eau c\u1ee7a b\u1ea1n. H\u00e3y tham kh\u1ea3o m\u1ed9t s\u1ed1 c\u00f4ng th\u1ee9c kem \u0111\u00e1nh r\u0103ng ph\u1ed5 bi\u1ebfn d\u01b0\u1edbi \u0111\u00e2y:<\/span><\/p>\n<ul style=\"text-align: justify;\">\n<li style=\"font-weight: 400;\" aria-level=\"1\"><b>Kem \u0111\u00e1nh r\u0103ng l\u00e0m tr\u1eafng<\/b><span style=\"font-weight: 400;\"> (ch\u1ee9a c\u00e1c ho\u1ea1t ch\u1ea5t l\u00e0m s\u1ea1ch hi\u1ec7u qu\u1ea3, an to\u00e0n)<\/span><\/li>\n<li style=\"font-weight: 400;\" aria-level=\"1\"><b>Kem \u0111\u00e1nh r\u0103ng th\u1ea3o d\u01b0\u1ee3c thi\u00ean nhi\u00ean<\/b><span style=\"font-weight: 400;\"> (t\u1eeb b\u1ea1c h\u00e0, tr\u00e0 xanh, nha \u0111am, qu\u1ebf&#8230;)<\/span><\/li>\n<li style=\"font-weight: 400;\" aria-level=\"1\"><b>Kem \u0111\u00e1nh r\u0103ng d\u00e0nh cho tr\u1ebb em<\/b><span style=\"font-weight: 400;\"> (h\u01b0\u01a1ng tr\u00e1i c\u00e2y, c\u00f4ng th\u1ee9c kh\u00f4ng cay, nu\u1ed1t \u0111\u01b0\u1ee3c)<\/span><\/li>\n<li style=\"font-weight: 400;\" aria-level=\"1\"><b>Kem \u0111\u00e1nh r\u0103ng chuy\u00ean d\u1ee5ng cho r\u0103ng nh\u1ea1y c\u1ea3m<\/b><span style=\"font-weight: 400;\"> (gi\u1ea3m \u00ea bu\u1ed1t, b\u1ea3o v\u1ec7 men r\u0103ng)<\/span><\/li>\n<li style=\"font-weight: 400;\" aria-level=\"1\"><b>Kem \u0111\u00e1nh r\u0103ng ng\u1eeba s\u00e2u r\u0103ng \u2013 h\u00f4i mi\u1ec7ng<\/b><span style=\"font-weight: 400;\"> (ph\u00f9 h\u1ee3p v\u1edbi nhu c\u1ea7u gia \u0111\u00ecnh)<\/span><\/li>\n<li style=\"font-weight: 400;\" aria-level=\"1\"><b>Kem \u0111\u00e1nh r\u0103ng h\u1eefu c\u01a1 \u2013 kh\u00f4ng fluor<\/b><span style=\"font-weight: 400;\"> (ph\u00f9 h\u1ee3p th\u1ecb tr\u01b0\u1eddng cao c\u1ea5p, ng\u01b0\u1eddi d\u00f9ng k\u00e9n ch\u1ecdn)<\/span><\/li>\n<\/ul>\n<p><span style=\"font-weight: 400;\">T\u1ea5t c\u1ea3 c\u00f4ng th\u1ee9c \u0111\u1ec1u c\u00f3 th\u1ec3 \u0111i\u1ec1u ch\u1ec9nh ho\u1eb7c ph\u00e1t tri\u1ec3n m\u1edbi theo y\u00eau c\u1ea7u, v\u00e0 cam k\u1ebft b\u1ea3o m\u1eadt tuy\u1ec7t \u0111\u1ed1i trong qu\u00e1 tr\u00ecnh h\u1ee3p t\u00e1c.<\/span><\/p>\n<p>&nbsp;<\/p>\n<p><img decoding=\"async\" class=\"aligncenter wp-image-12780\" src=\"https:\/\/shizencos.com\/wp-content\/uploads\/2025\/02\/nguon-nguyen-lieu-da-dang_shizencos.png\" alt=\"C\u00f4ng th\u1ee9c kem \u0111\u00e1nh r\u0103ng t\u1ea1i Shizencos \u0111a d\u1ea1ng\" width=\"1223\" height=\"609\" title=\"\" srcset=\"https:\/\/shizencos.com\/wp-content\/uploads\/2025\/02\/nguon-nguyen-lieu-da-dang_shizencos.png 1175w, https:\/\/shizencos.com\/wp-content\/uploads\/2025\/02\/nguon-nguyen-lieu-da-dang_shizencos-300x149.png 300w, https:\/\/shizencos.com\/wp-content\/uploads\/2025\/02\/nguon-nguyen-lieu-da-dang_shizencos-1024x510.png 1024w, https:\/\/shizencos.com\/wp-content\/uploads\/2025\/02\/nguon-nguyen-lieu-da-dang_shizencos-150x75.png 150w, https:\/\/shizencos.com\/wp-content\/uploads\/2025\/02\/nguon-nguyen-lieu-da-dang_shizencos-768x382.png 768w, https:\/\/shizencos.com\/wp-content\/uploads\/2025\/02\/nguon-nguyen-lieu-da-dang_shizencos-18x9.png 18w, https:\/\/shizencos.com\/wp-content\/uploads\/2025\/02\/nguon-nguyen-lieu-da-dang_shizencos-600x299.png 600w\" sizes=\"(max-width: 1223px) 100vw, 1223px\" \/><\/p>\n<p style=\"text-align: center;\"><em>C\u00f4ng th\u1ee9c kem \u0111\u00e1nh r\u0103ng t\u1ea1i Shizencos \u0111a d\u1ea1ng<\/em><\/p>\n<h2 style=\"text-align: justify;\"><b><span style=\"font-size: 14pt;\">3.2 Quy tr\u00ecnh gia c\u00f4ng kem \u0111\u00e1nh r\u0103ng t\u1ea1i Shizencos<\/span>\u00a0<\/b><\/h2>\n<p style=\"text-align: justify;\"><span style=\"font-weight: 400;\">\u0110\u1ec3 t\u1ea1o ra m\u1ed9t s\u1ea3n ph\u1ea9m ch\u1ea5t l\u01b0\u1ee3ng v\u00e0 t\u1ed1i \u01b0u h\u00f3a hi\u1ec7u qu\u1ea3 kinh doanh, vi\u1ec7c n\u1eafm r\u00f5 quy tr\u00ecnh gia c\u00f4ng l\u00e0 y\u1ebfu t\u1ed1 r\u1ea5t quan tr\u1ecdng. T\u1ea1i Shizencos, ch\u00fang t\u00f4i kh\u00f4ng ch\u1ec9 mang \u0111\u1ebfn d\u1ecbch v\u1ee5 tr\u1ecdn g\u00f3i m\u00e0 c\u00f2n lu\u00f4n \u0111\u1ed3ng h\u00e0nh c\u00f9ng kh\u00e1ch h\u00e0ng trong t\u1eebng b\u01b0\u1edbc tri\u1ec3n khai \u2013 \u0111\u1ea3m b\u1ea3o minh b\u1ea1ch, chuy\u00ean nghi\u1ec7p v\u00e0 \u0111\u00fang ti\u1ebfn \u0111\u1ed9. Shizencos cung c\u1ea5p d\u1ecbch v\u1ee5 tr\u1ecdn g\u00f3i t\u1eeb A \u0111\u1ebfn Z:<\/span><\/p>\n<p>&nbsp;<\/p>\n<p><img decoding=\"async\" class=\"aligncenter wp-image-12332\" src=\"https:\/\/shizencos.com\/wp-content\/uploads\/2024\/09\/Gia-cong-kem-chong-nang-4.png\" alt=\"Quy tr\u00ecnh gia c\u00f4ng kem \u0111\u00e1nh r\u0103ng t\u1ea1i Shizencos\" width=\"1239\" height=\"617\" title=\"\" srcset=\"https:\/\/shizencos.com\/wp-content\/uploads\/2024\/09\/Gia-cong-kem-chong-nang-4.png 1175w, https:\/\/shizencos.com\/wp-content\/uploads\/2024\/09\/Gia-cong-kem-chong-nang-4-150x75.png 150w, https:\/\/shizencos.com\/wp-content\/uploads\/2024\/09\/Gia-cong-kem-chong-nang-4-300x149.png 300w, https:\/\/shizencos.com\/wp-content\/uploads\/2024\/09\/Gia-cong-kem-chong-nang-4-768x382.png 768w, https:\/\/shizencos.com\/wp-content\/uploads\/2024\/09\/Gia-cong-kem-chong-nang-4-1024x510.png 1024w, https:\/\/shizencos.com\/wp-content\/uploads\/2024\/09\/Gia-cong-kem-chong-nang-4-18x9.png 18w, https:\/\/shizencos.com\/wp-content\/uploads\/2024\/09\/Gia-cong-kem-chong-nang-4-600x299.png 600w\" sizes=\"(max-width: 1239px) 100vw, 1239px\" \/><\/p>\n<p style=\"text-align: center;\"><em>Quy tr\u00ecnh gia c\u00f4ng kem \u0111\u00e1nh r\u0103ng chuy\u00ean nghi\u1ec7p<\/em><\/p>\n<p>&nbsp;<\/p>\n<p style=\"text-align: justify;\"><b>Step 1: <\/b><span style=\"font-weight: 400;\">T\u01b0 v\u1ea5n v\u00e0 x\u00e1c nh\u1eadn nhu c\u1ea7u\u00a0 \u2013 L\u1eafng ng<\/span><span style=\"font-weight: 400;\">he y\u00eau c\u1ea7u, t\u01b0 v\u1ea5n c\u00f4ng th\u1ee9c ph\u00f9 h\u1ee3p.<\/span><\/p>\n<p style=\"text-align: justify;\"><b>Step 2:<\/b><span style=\"font-weight: 400;\"> Research and Development \u2013 \u200b\u200bR&amp;D team researches and develops optimal formulas.<\/span><\/p>\n<p style=\"text-align: justify;\"><b>Step 3: <\/b><span style=\"font-weight: 400;\">Send samples and adjust \u2013 Provide samples, adjust based on feedback.<\/span><\/p>\n<p style=\"text-align: justify;\"><b>Step 4:<\/b><span style=\"font-weight: 400;\"> Finalize sample and quote \u2013 Confirm final formula, calculate cost<\/span><\/p>\n<p style=\"text-align: justify;\"><b>Step 5:<\/b><span style=\"font-weight: 400;\"> Signing contract and cooperation \u2013 Both parties agree and sign the processing contract.<\/span><\/p>\n<p style=\"text-align: justify;\"><b>Step 6: <\/b><span style=\"font-weight: 400;\">Prepare ingredients and stir the tank <\/span><span style=\"font-weight: 400;\">\u2013<\/span><span style=\"font-weight: 400;\"> \u2013 Import and check the quality of input materials.<\/span><\/p>\n<p style=\"text-align: justify;\"><b>Step 7:<\/b><span style=\"font-weight: 400;\"> S\u1ea3n xu\u1ea5t h\u00e0ng lo\u1ea1t\u00a0 \u2013 \u0110\u01b0a v\u00e0o quy tr\u00ecnh \u0111\u1ea1t chu\u1ea9n kh\u00e9p k\u00edn v\u1edbi d\u00e2y chuy\u1ec1n hi\u1ec7n \u0111\u1ea1i.<\/span><\/p>\n<p style=\"text-align: justify;\"><b>Step 8: <\/b><span style=\"font-weight: 400;\">Product packaging \u2013 Filling, sealing, labeling according to design.<\/span><\/p>\n<p style=\"text-align: justify;\"><b>Step 9:<\/b><span style=\"font-weight: 400;\"> Delivery and post-production support \u2013 On-time delivery, legal support and business strategy.<\/span><\/p>\n<p>&nbsp;<\/p>\n<p><img loading=\"lazy\" decoding=\"async\" class=\"aligncenter wp-image-12781\" src=\"https:\/\/shizencos.com\/wp-content\/uploads\/2024\/09\/Cam-ket-cong-ty-1.png\" alt=\"\" width=\"1247\" height=\"621\" title=\"\" srcset=\"https:\/\/shizencos.com\/wp-content\/uploads\/2024\/09\/Cam-ket-cong-ty-1.png 1175w, https:\/\/shizencos.com\/wp-content\/uploads\/2024\/09\/Cam-ket-cong-ty-1-300x149.png 300w, https:\/\/shizencos.com\/wp-content\/uploads\/2024\/09\/Cam-ket-cong-ty-1-1024x510.png 1024w, https:\/\/shizencos.com\/wp-content\/uploads\/2024\/09\/Cam-ket-cong-ty-1-150x75.png 150w, https:\/\/shizencos.com\/wp-content\/uploads\/2024\/09\/Cam-ket-cong-ty-1-768x382.png 768w, https:\/\/shizencos.com\/wp-content\/uploads\/2024\/09\/Cam-ket-cong-ty-1-18x9.png 18w, https:\/\/shizencos.com\/wp-content\/uploads\/2024\/09\/Cam-ket-cong-ty-1-600x299.png 600w\" sizes=\"(max-width: 1247px) 100vw, 1247px\" \/><\/p>\n<p style=\"text-align: center;\"><em>Shizencos is committed to providing reputable cosmetic processing services.<\/em><\/p>\n<h1 style=\"text-align: justify;\"><span style=\"font-size: 14pt;\"><b>Conclude<\/b><\/span><\/h1>\n<p style=\"text-align: justify;\"><span style=\"font-weight: 400;\">Kem \u0111\u00e1nh r\u0103ng kh\u00f4ng ch\u1ec9 l\u00e0 s\u1ea3n ph\u1ea9m quen thu\u1ed9c trong m\u1ecdi gia \u0111\u00ecnh m\u00e0 c\u00f2n l\u00e0 c\u01a1 h\u1ed9i kinh doanh h\u1ea5p d\u1eabn nh\u1edd v\u00e0o nhu c\u1ea7u ti\u00eau d\u00f9ng \u1ed5n \u0111\u1ecbnh v\u00e0 ti\u1ec1m n\u0103ng ph\u00e1t tri\u1ec3n d\u00e0i h\u1ea1n. N\u1ebfu b\u1ea1n \u0111ang t\u00ecm ki\u1ebfm m\u1ed9t s\u1ea3n ph\u1ea9m d\u1ec5 ti\u1ebfp c\u1eadn th\u1ecb tr\u01b0\u1eddng, chi ph\u00ed \u0111\u1ea7u t\u01b0 h\u1ee3p l\u00fd v\u00e0 kh\u1ea3 n\u0103ng nh\u00e2n r\u1ed9ng nhanh ch\u00f3ng, th\u00ec kem \u0111\u00e1nh r\u0103ng ch\u00ednh l\u00e0 l\u1ef1a ch\u1ecdn l\u00fd t\u01b0\u1edfng \u0111\u1ec3 b\u1eaft \u0111\u1ea7u.<\/span><\/p>\n<p style=\"text-align: justify;\"><span style=\"font-weight: 400;\">V\u1edbi h\u1ec7 th\u1ed1ng s\u1ea3n xu\u1ea5t \u0111\u1ea1t chu\u1ea9n qu\u1ed1c t\u1ebf, \u0111\u1ed9i ng\u0169 R&amp;D gi\u00e0u kinh nghi\u1ec7m, c\u00f9ng d\u1ecbch v\u1ee5 gia c\u00f4ng tr\u1ecdn g\u00f3i chuy\u00ean nghi\u1ec7p \u2013 Shizencos ch\u00ednh l\u00e0 b\u1ec7 ph\u00f3ng v\u1eefng ch\u1eafc gi\u00fap b\u1ea1n x\u00e2y d\u1ef1ng th\u01b0\u01a1ng hi\u1ec7u kem \u0111\u00e1nh r\u0103ng ri\u00eang v\u00e0 ph\u00e1t tri\u1ec3n kinh doanh b\u1ec1n v\u1eefng. <a href=\"https:\/\/shizencos.com\/en\/lien-he\/\"><span style=\"color: #0000ff;\">Contact<\/span><\/a> ngay v\u1edbi Shizencos \u0111\u1ec3 \u0111\u01b0\u1ee3c t\u01b0 v\u1ea5n v\u00e0 nh\u1eadn m\u1eabu s\u1ea3n ph\u1ea9m mi\u1ec5n ph\u00ed!<\/span><\/p>\n<p>&nbsp;<\/p>","protected":false},"excerpt":{"rendered":"<p>Trong th\u1eddi \u0111\u1ea1i ng\u01b0\u1eddi ti\u00eau d\u00f9ng ng\u00e0y c\u00e0ng ch\u00fa tr\u1ecdng \u0111\u1ebfn s\u1ea3n ph\u1ea9m ch\u0103m s\u00f3c c\u00e1 nh\u00e2n c\u00f3 ngu\u1ed3n g\u1ed1c r\u00f5 r\u00e0ng, ch\u1ea5t l\u01b0\u1ee3ng cao, kem \u0111\u00e1nh r\u0103ng kh\u00f4ng ch\u1ec9 l\u00e0 s\u1ea3n ph\u1ea9m v\u1ec7 sinh r\u0103ng mi\u1ec7ng \u0111\u01a1n thu\u1ea7n m\u00e0 c\u00f2n tr\u1edf th\u00e0nh m\u1ea3nh \u0111\u1ea5t ti\u1ec1m n\u0103ng \u0111\u1ec3 c\u00e1c doanh nghi\u1ec7p m\u1ef9 ph\u1ea9m m\u1edf r\u1ed9ng [&hellip;]<\/p>\n","protected":false},"featured_media":11983,"comment_status":"open","ping_status":"closed","template":"","meta":[],"product_brand":[],"product_cat":[23],"product_tag":[],"class_list":{"0":"post-11982","1":"product","2":"type-product","3":"status-publish","4":"has-post-thumbnail","6":"product_cat-gia-cong-san-pham-cham-soc-gia-dinh","8":"first","9":"instock","10":"featured","11":"shipping-taxable","12":"product-type-simple"},"_links":{"self":[{"href":"https:\/\/shizencos.com\/en\/wp-json\/wp\/v2\/product\/11982","targetHints":{"allow":["GET"]}}],"collection":[{"href":"https:\/\/shizencos.com\/en\/wp-json\/wp\/v2\/product"}],"about":[{"href":"https:\/\/shizencos.com\/en\/wp-json\/wp\/v2\/types\/product"}],"replies":[{"embeddable":true,"href":"https:\/\/shizencos.com\/en\/wp-json\/wp\/v2\/comments?post=11982"}],"wp:featuredmedia":[{"embeddable":true,"href":"https:\/\/shizencos.com\/en\/wp-json\/wp\/v2\/media\/11983"}],"wp:attachment":[{"href":"https:\/\/shizencos.com\/en\/wp-json\/wp\/v2\/media?parent=11982"}],"wp:term":[{"taxonomy":"product_brand","embeddable":true,"href":"https:\/\/shizencos.com\/en\/wp-json\/wp\/v2\/product_brand?post=11982"},{"taxonomy":"product_cat","embeddable":true,"href":"https:\/\/shizencos.com\/en\/wp-json\/wp\/v2\/product_cat?post=11982"},{"taxonomy":"product_tag","embeddable":true,"href":"https:\/\/shizencos.com\/en\/wp-json\/wp\/v2\/product_tag?post=11982"}],"curies":[{"name":"wp","href":"https:\/\/api.w.org\/{rel}","templated":true}]}}