{"id":11699,"date":"2024-10-28T14:55:45","date_gmt":"2024-10-28T07:55:45","guid":{"rendered":"https:\/\/shizencos.com\/?post_type=product&#038;p=11699"},"modified":"2025-08-28T10:26:31","modified_gmt":"2025-08-28T03:26:31","slug":"gia-cong-nen-thom","status":"publish","type":"product","link":"https:\/\/shizencos.com\/en\/gia-cong-nen-thom\/","title":{"rendered":"Processing scented candles"},"content":{"rendered":"<p style=\"text-align: justify;\">N\u1ebfn th\u01a1m ng\u00e0y c\u00e0ng \u0111\u01b0\u1ee3c \u01b0a chu\u1ed9ng kh\u00f4ng ch\u1ec9 \u0111\u1ec3 trang tr\u00ed m\u00e0 c\u00f2n ch\u0103m s\u00f3c tinh th\u1ea7n, s\u1ee9c kh\u1ecfe, v\u1edbi nhu c\u1ea7u t\u0103ng m\u1ea1nh t\u1eeb c\u00e1 nh\u00e2n \u0111\u1ebfn spa, kh\u00e1ch s\u1ea1n, qu\u00e1n c\u00e0 ph\u00ea hay qu\u00e0 t\u1eb7ng doanh nghi\u1ec7p. \u0110\u00e2y l\u00e0 th\u1ecb tr\u01b0\u1eddng ti\u1ec1m n\u0103ng, v\u00e0 vi\u1ec7c \u0111\u1ea7u t\u01b0 gia c\u00f4ng n\u1ebfn th\u01a1m hi\u1ec7n t\u1ea1i gi\u00fap doanh nghi\u1ec7p m\u1edf r\u1ed9ng s\u1ea3n ph\u1ea9m, gia t\u0103ng doanh thu v\u00e0 \u0111\u1ecbnh v\u1ecb th\u01b0\u01a1ng hi\u1ec7u hi\u1ec7u qu\u1ea3.<\/p>\n<p style=\"text-align: justify;\"><span style=\"font-weight: 400;\">Xem ngay b\u00e0i vi\u1ebft d\u01b0\u1edbi \u0111\u00e2y \u0111\u1ec3 hi\u1ec3u r\u00f5 h\u01a1n v\u1ec1 l\u1ee3i \u00edch v\u00e0 quy tr\u00ecnh gia c\u00f4ng n\u1ebfn th\u01a1m t\u1ea1i Shizencos v\u00e0 l\u00e0m th\u1ebf n\u00e0o \u0111\u1ec3 doanh nghi\u1ec7p c\u1ee7a b\u1ea1n c\u00f3 th\u1ec3 khai th\u00e1c t\u1ed1i \u0111a ti\u1ec1m n\u0103ng n\u00e0y. T\u1ea1i <\/span><a href=\"https:\/\/shizencos.com\/en\/\"><b>Shizencos<\/b><\/a><span style=\"font-weight: 400;\">, ch\u00fang t\u00f4i mang \u0111\u1ebfn gi\u1ea3i ph\u00e1p gia c\u00f4ng n\u1ebfn th\u01a1m to\u00e0n di\u1ec7n, linh ho\u1ea1t v\u00e0 \u0111\u00e1ng tin c\u1eady, lu\u00f4n s\u1eb5n s\u00e0ng \u0111\u1ed3ng h\u00e0nh c\u00f9ng doanh nghi\u1ec7p trong m\u1ecdi giai \u0111o\u1ea1n ph\u00e1t tri\u1ec3n s\u1ea3n ph\u1ea9m.<\/span><\/p>\n<h1 style=\"text-align: justify;\"><span style=\"font-size: 14pt;\"><b>1. Gia c\u00f4ng n\u1ebfn th\u01a1m l\u00e0 g\u00ec?<\/b><\/span><\/h1>\n<p style=\"text-align: justify;\"><strong>N\u1ebfn th\u01a1m<\/strong> \u0111\u01b0\u1ee3c l\u00e0m t\u1eeb c\u00e1c lo\u1ea1i s\u00e1p k\u1ebft h\u1ee3p tinh d\u1ea7u, khi \u0111\u1ed1t t\u1ecfa \u00e1nh s\u00e1ng d\u1ecbu nh\u1eb9 v\u00e0 h\u01b0\u01a1ng th\u01a1m gi\u00fap th\u01b0 gi\u00e3n, kh\u1eed m\u00f9i v\u00e0 ch\u0103m s\u00f3c tinh th\u1ea7n. Ng\u00e0y nay, n\u1ebfn th\u01a1m c\u00f2n \u1ee9ng d\u1ee5ng trong li\u1ec7u ph\u00e1p m\u00f9i h\u01b0\u01a1ng, h\u1ed7 tr\u1ee3 gi\u1ea5c ng\u1ee7 v\u00e0 c\u1ea3i thi\u1ec7n t\u00e2m tr\u1ea1ng. V\u1edbi xu h\u01b0\u1edbng s\u1ed1ng ch\u1eadm v\u00e0 \u0111\u1ec1 cao tr\u1ea3i nghi\u1ec7m c\u1ea3m x\u00fac, n\u1ebfn th\u01a1m d\u1ea7n tr\u1edf th\u00e0nh s\u1ea3n ph\u1ea9m thi\u1ebft y\u1ebfu trong nhi\u1ec1u gia \u0111\u00ecnh hi\u1ec7n \u0111\u1ea1i<\/p>\n<p style=\"text-align: justify;\"><b>Gia c\u00f4ng n\u1ebfn th\u01a1m l\u00e0<\/b><span style=\"font-weight: 400;\"> h\u00ecnh th\u1ee9c h\u1ee3p t\u00e1c gi\u1eefa doanh nghi\u1ec7p kinh doanh m\u1ef9 ph\u1ea9m v\u00e0 \u0111\u01a1n v\u1ecb s\u1ea3n xu\u1ea5t c\u00f3 kinh nghi\u1ec7m nh\u01b0 Shizencos, nh\u1eb1m ph\u00e1t tri\u1ec3n v\u00e0 s\u1ea3n xu\u1ea5t c\u00e1c d\u00f2ng n\u1ebfn th\u01a1m mang th\u01b0\u01a1ng hi\u1ec7u ri\u00eang. Doanh nghi\u1ec7p s\u1ebd kh\u00f4ng c\u1ea7n \u0111\u1ea7u t\u01b0 nh\u00e0 m\u00e1y hay \u0111\u1ed9i ng\u0169 s\u1ea3n xu\u1ea5t, m\u00e0 v\u1eabn s\u1edf h\u1eefu s\u1ea3n ph\u1ea9m ch\u1ea5t l\u01b0\u1ee3ng cao theo y\u00eau c\u1ea7u ri\u00eang v\u1ec1 c\u00f4ng th\u1ee9c, bao b\u00ec v\u00e0 ph\u00e2n kh\u00fac th\u1ecb tr\u01b0\u1eddng m\u00e0 th\u01b0\u01a1ng hi\u1ec7u mu\u1ed1n h\u01b0\u1edbng \u0111\u1ebfn.<\/span><\/p>\n<p>&nbsp;<\/p>\n<figure id=\"attachment_11827\" aria-describedby=\"caption-attachment-11827\" style=\"width: 1500px\" class=\"wp-caption aligncenter\"><a href=\"https:\/\/shizencos.com\/wp-content\/uploads\/2024\/10\/1-23.png\"><img fetchpriority=\"high\" decoding=\"async\" class=\"wp-image-11827 size-full\" src=\"https:\/\/shizencos.com\/wp-content\/uploads\/2024\/10\/1-23.png\" alt=\"Gia c\u00f4ng n\u1ebfn th\u01a1m l\u00e0 g\u00ec?\" width=\"1500\" height=\"600\" title=\"\" srcset=\"https:\/\/shizencos.com\/wp-content\/uploads\/2024\/10\/1-23.png 1500w, https:\/\/shizencos.com\/wp-content\/uploads\/2024\/10\/1-23-150x60.png 150w, https:\/\/shizencos.com\/wp-content\/uploads\/2024\/10\/1-23-18x7.png 18w, https:\/\/shizencos.com\/wp-content\/uploads\/2024\/10\/1-23-300x120.png 300w, https:\/\/shizencos.com\/wp-content\/uploads\/2024\/10\/1-23-768x307.png 768w, https:\/\/shizencos.com\/wp-content\/uploads\/2024\/10\/1-23-1024x410.png 1024w, https:\/\/shizencos.com\/wp-content\/uploads\/2024\/10\/1-23-600x240.png 600w\" sizes=\"(max-width: 1500px) 100vw, 1500px\" \/><\/a><figcaption id=\"caption-attachment-11827\" class=\"wp-caption-text\">Gia c\u00f4ng n\u1ebfn th\u01a1m l\u00e0 g\u00ec?<\/figcaption><\/figure>\n<h1 style=\"text-align: justify;\"><span style=\"font-size: 14pt;\"><b>2. L\u1ee3i \u00edch c\u1ee7a vi\u1ec7c l\u1ef1a ch\u1ecdn gia c\u00f4ng n\u1ebfn th\u01a1m<\/b><\/span><\/h1>\n<p style=\"text-align: justify;\"><span style=\"font-weight: 400;\">Vi\u1ec7c l\u1ef1a ch\u1ecdn gia c\u00f4ng n\u1ebfn th\u01a1m mang l\u1ea1i r\u1ea5t nhi\u1ec1u l\u1ee3i \u00edch cho doanh nghi\u1ec7p, \u0111\u1eb7c bi\u1ec7t l\u00e0 gi\u00fap t\u1ed1i \u01b0u h\u00f3a chi ph\u00ed v\u00e0 th\u1eddi gian s\u1ea3n xu\u1ea5t. C\u1ee5 th\u1ec3, khi h\u1ee3p t\u00e1c v\u1edbi Shizencos, b\u1ea1n c\u00f3 th\u1ec3 ho\u00e0n to\u00e0n t\u1eadp trung v\u00e0o vi\u1ec7c x\u00e2y d\u1ef1ng chi\u1ebfn l\u01b0\u1ee3c kinh doanh v\u00e0 marketing tr\u01b0\u1edbc khi s\u1ea3n ph\u1ea9m ho\u00e0n thi\u1ec7n v\u00e0 s\u1eb5n s\u00e0ng ra m\u1eaft th\u1ecb tr\u01b0\u1eddng. C\u00e1c c\u00f4ng \u0111o\u1ea1n s\u1ea3n xu\u1ea5t, ki\u1ec3m nghi\u1ec7m v\u00e0 ch\u1ea5t l\u01b0\u1ee3ng s\u1ebd \u0111\u01b0\u1ee3c Shizencos lo li\u1ec7u, gi\u00fap b\u1ea1n y\u00ean t\u00e2m v\u1edbi s\u1ea3n ph\u1ea9m \u0111\u00e3 \u0111\u1ea1t ti\u00eau chu\u1ea9n v\u00e0 s\u1eb5n s\u00e0ng \u0111\u1ebfn tay ng\u01b0\u1eddi ti\u00eau d\u00f9ng. D\u01b0\u1edbi \u0111\u00e2y l\u00e0 nh\u1eefng l\u1ee3i \u00edch n\u1ed5i b\u1eadt c\u1ee7a vi\u1ec7c gia c\u00f4ng n\u1ebfn th\u01a1m t\u1ea1i Shizencos:<\/span><\/p>\n<p style=\"text-align: justify;\"><span style=\"font-weight: 400;\">\u2705 Ti\u1ebft ki\u1ec7m chi ph\u00ed \u0111\u1ea7u t\u01b0 nh\u00e0 m\u00e1y v\u00e0 nh\u00e2n s\u1ef1<\/span><\/p>\n<p style=\"text-align: justify;\"><span style=\"font-weight: 400;\">\u2705 T\u1ed1i \u01b0u h\u00f3a th\u1eddi gian ph\u00e1t tri\u1ec3n s\u1ea3n ph\u1ea9m<\/span><\/p>\n<p style=\"text-align: justify;\"><span style=\"font-weight: 400;\">\u2705 \u0110\u1ea3m b\u1ea3o ch\u1ea5t l\u01b0\u1ee3ng \u0111\u1ea7u ra \u0111\u1ea1t chu\u1ea9n\u00a0<\/span><\/p>\n<p style=\"text-align: justify;\"><span style=\"font-weight: 400;\">\u2705 T\u00f9y ch\u1ec9nh linh ho\u1ea1t theo \u0111\u1ecbnh h\u01b0\u1edbng th\u01b0\u01a1ng hi\u1ec7u<\/span><\/p>\n<p style=\"text-align: justify;\"><span style=\"font-weight: 400;\">\u2705 H\u1ed7 tr\u1ee3 tr\u1ecdn g\u00f3i ph\u00e1p l\u00fd bao g\u1ed3m c\u00f4ng b\u1ed1, ki\u1ec3m nghi\u1ec7m, \u0111\u0103ng k\u00fd l\u01b0u h\u00e0nh m\u1ef9 ph\u1ea9m<\/span><\/p>\n<h1 style=\"text-align: justify;\"><span style=\"font-size: 14pt;\"><b>3. Gia c\u00f4ng n\u1ebfn th\u01a1m t\u1ea1i Shizencos<\/b><\/span><\/h1>\n<p style=\"text-align: justify;\"><span style=\"font-weight: 400;\">B\u1ea1n \u0111ang t\u00ecm ki\u1ebfm m\u1ed9t \u0111\u1ed1i t\u00e1c s\u1ea3n xu\u1ea5t n\u1ebfn th\u01a1m \u0111\u00e1ng tin c\u1eady, chuy\u00ean nghi\u1ec7p v\u00e0 linh ho\u1ea1t \u0111\u1ec3 hi\u1ec7n th\u1ef1c h\u00f3a \u00fd t\u01b0\u1edfng s\u1ea3n ph\u1ea9m c\u1ee7a m\u00ecnh? Shizencos ch\u00ednh l\u00e0 l\u1ef1a ch\u1ecdn l\u00fd t\u01b0\u1edfng gi\u00fap b\u1ea1n r\u00fat ng\u1eafn th\u1eddi gian \u0111\u01b0a s\u1ea3n ph\u1ea9m ra th\u1ecb tr\u01b0\u1eddng, t\u1ed1i \u01b0u chi ph\u00ed s\u1ea3n xu\u1ea5t v\u00e0 \u0111\u1ea3m b\u1ea3o ch\u1ea5t l\u01b0\u1ee3ng \u0111\u1ea7u ra. V\u1edbi th\u1ebf m\u1ea1nh t\u1eeb \u0111\u1ed9i ng\u0169 R&amp;D chuy\u00ean m\u00f4n cao, h\u1ec7 th\u1ed1ng nh\u00e0 m\u00e1y chu\u1ea9n qu\u1ed1c t\u1ebf v\u00e0 d\u1ecbch v\u1ee5 h\u1ed7 tr\u1ee3 to\u00e0n di\u1ec7n, ch\u00fang t\u00f4i gi\u00fap b\u1ea1n s\u1edf h\u1eefu d\u00f2ng n\u1ebfn th\u01a1m mang m\u00e0u s\u1eafc ri\u00eang, \u0111\u1ed9c \u0111\u00e1o v\u00e0 \u0111\u1ea3m b\u1ea3o t\u00ednh c\u1ea1nh tranh.<\/span><\/p>\n<h2 style=\"text-align: justify;\"><span style=\"font-size: 14pt;\"><b>3.1 C\u00f4ng th\u1ee9c n\u1ebfn th\u01a1m \u0111a d\u1ea1ng<\/b><\/span><\/h2>\n<p style=\"text-align: justify;\"><span style=\"font-weight: 400;\">Shizencos cung c\u1ea5p kho c\u00f4ng th\u1ee9c n\u1ebfn th\u01a1m \u0111a d\u1ea1ng, ph\u00f9 h\u1ee3p v\u1edbi nhi\u1ec1u m\u1ee5c ti\u00eau kinh doanh v\u00e0 ph\u00e2n kh\u00fac th\u1ecb tr\u01b0\u1eddng kh\u00e1c nhau. D\u00f9 b\u1ea1n \u0111ang \u0111\u1ecbnh h\u01b0\u1edbng d\u00f2ng s\u1ea3n ph\u1ea9m cao c\u1ea5p, thi\u00ean nhi\u00ean hay s\u1ea3n ph\u1ea9m ph\u1ed5 th\u00f4ng d\u00e0nh cho kh\u00f4ng gian s\u1ed1ng \u2013 ch\u00fang t\u00f4i \u0111\u1ec1u c\u00f3 gi\u1ea3i ph\u00e1p ph\u00f9 h\u1ee3p. D\u01b0\u1edbi \u0111\u00e2y l\u00e0 m\u1ed9t s\u1ed1 c\u00f4ng th\u1ee9c n\u1ebfn th\u01a1m ti\u00eau bi\u1ec3u nh\u1eadn gia c\u00f4ng t\u1ea1i Shizencos:<\/span><\/p>\n<p>&nbsp;<\/p>\n<figure id=\"attachment_11829\" aria-describedby=\"caption-attachment-11829\" style=\"width: 1500px\" class=\"wp-caption aligncenter\"><a href=\"https:\/\/shizencos.com\/wp-content\/uploads\/2024\/10\/3-17.png\"><img decoding=\"async\" class=\"wp-image-11829 size-full\" src=\"https:\/\/shizencos.com\/wp-content\/uploads\/2024\/10\/3-17.png\" alt=\"C\u00f4ng th\u1ee9c gia c\u00f4ng n\u1ebfn th\u01a1m \u0111a d\u1ea1ng\" width=\"1500\" height=\"600\" title=\"\" srcset=\"https:\/\/shizencos.com\/wp-content\/uploads\/2024\/10\/3-17.png 1500w, https:\/\/shizencos.com\/wp-content\/uploads\/2024\/10\/3-17-150x60.png 150w, https:\/\/shizencos.com\/wp-content\/uploads\/2024\/10\/3-17-18x7.png 18w, https:\/\/shizencos.com\/wp-content\/uploads\/2024\/10\/3-17-300x120.png 300w, https:\/\/shizencos.com\/wp-content\/uploads\/2024\/10\/3-17-768x307.png 768w, https:\/\/shizencos.com\/wp-content\/uploads\/2024\/10\/3-17-1024x410.png 1024w, https:\/\/shizencos.com\/wp-content\/uploads\/2024\/10\/3-17-600x240.png 600w\" sizes=\"(max-width: 1500px) 100vw, 1500px\" \/><\/a><figcaption id=\"caption-attachment-11829\" class=\"wp-caption-text\">C\u00f4ng th\u1ee9c gia c\u00f4ng n\u1ebfn th\u01a1m \u0111a d\u1ea1ng<\/figcaption><\/figure>\n<p>&nbsp;<\/p>\n<ul style=\"text-align: justify;\">\n<li style=\"font-weight: 400;\" aria-level=\"1\"><span style=\"font-weight: 400;\">N\u1ebfn th\u01a1m th\u01b0 gi\u00e3n: v\u1edbi c\u00e1c m\u00f9i nh\u01b0 lavender, cam bergamot, g\u1ed7 \u0111\u00e0n h\u01b0\u01a1ng<\/span><\/li>\n<li style=\"font-weight: 400;\" aria-level=\"1\"><span style=\"font-weight: 400;\">N\u1ebfn th\u01a1m kh\u1eed m\u00f9i &amp; thanh l\u1ecdc kh\u00f4ng kh\u00ed<\/span><\/li>\n<li style=\"font-weight: 400;\" aria-level=\"1\"><span style=\"font-weight: 400;\">N\u1ebfn th\u01a1m cho spa, kh\u00e1ch s\u1ea1n, homestay, qu\u00e1n c\u00e0 ph\u00ea<\/span><\/li>\n<li style=\"font-weight: 400;\" aria-level=\"1\"><span style=\"font-weight: 400;\">N\u1ebfn th\u01a1m thi\u00ean nhi\u00ean \u2013 kh\u00f4ng paraben, kh\u00f4ng ch\u1ea5t \u0111\u1ed9c h\u1ea1i<\/span><\/li>\n<li style=\"font-weight: 400;\" aria-level=\"1\"><span style=\"font-weight: 400;\">N\u1ebfn th\u01a1m theo m\u00f9a, n\u1ebfn th\u01a1m d\u1ecbp l\u1ec5 T\u1ebft\/qu\u00e0 t\u1eb7ng doanh nghi\u1ec7p<\/span><\/li>\n<\/ul>\n<p style=\"text-align: justify;\"><span style=\"font-weight: 400;\">Ngo\u00e0i ra, \u0111\u1ed9i ng\u0169 R&amp;D t\u1ea1i Shizencos c\u00f3 th\u1ec3 h\u1ed7 tr\u1ee3 nghi\u00ean c\u1ee9u v\u00e0 ph\u00e1t tri\u1ec3n c\u00f4ng th\u1ee9c \u0111\u1ed9c quy\u1ec1n, \u0111\u1ea3m b\u1ea3o c\u00e1 t\u00ednh th\u01b0\u01a1ng hi\u1ec7u v\u00e0 \u0111\u00e1p \u1ee9ng xu h\u01b0\u1edbng ti\u00eau d\u00f9ng m\u1edbi.<\/span><\/p>\n<h2 style=\"text-align: justify;\"><span style=\"font-size: 14pt;\"><b>3.2 Quy tr\u00ecnh gia c\u00f4ng n\u1ebfn th\u01a1m t\u1ea1i Shizencos\u00a0<\/b><\/span><\/h2>\n<p style=\"text-align: justify;\"><span style=\"font-weight: 400;\">\u0110\u1ec3 \u0111\u1ea3m b\u1ea3o s\u1ea3n ph\u1ea9m n\u1ebfn th\u01a1m \u0111\u01b0\u1ee3c t\u1ea1o ra \u0111\u00fang chu\u1ea9n ch\u1ea5t l\u01b0\u1ee3ng, \u0111\u00fang nhu c\u1ea7u v\u00e0 \u0111\u00fang \u0111\u1ecbnh v\u1ecb th\u01b0\u01a1ng hi\u1ec7u, Shizencos x\u00e2y d\u1ef1ng quy tr\u00ecnh l\u00e0m vi\u1ec7c chuy\u00ean nghi\u1ec7p, minh b\u1ea1ch v\u00e0 hi\u1ec7u qu\u1ea3. \u0110\u00e2y l\u00e0 c\u01a1 s\u1edf gi\u00fap c\u00e1c doanh nghi\u1ec7p an t\u00e2m giao ph\u00f3 to\u00e0n b\u1ed9 qu\u00e1 tr\u00ecnh s\u1ea3n xu\u1ea5t, \u0111\u1ed3ng th\u1eddi t\u1ed1i \u01b0u th\u1eddi gian v\u00e0 chi ph\u00ed ph\u00e1t tri\u1ec3n s\u1ea3n ph\u1ea9m. T\u1ea1i Shizencos, quy tr\u00ecnh l\u00e0m vi\u1ec7c \u0111\u01b0\u1ee3c chu\u1ea9n h\u00f3a r\u00f5 r\u00e0ng, chuy\u00ean nghi\u1ec7p v\u00e0 linh ho\u1ea1t:<\/span><\/p>\n<p style=\"text-align: justify;\"><b>B\u01b0\u1edbc 1: Ch\u1ecdn Nguy\u00ean Li\u1ec7u<\/b><\/p>\n<p style=\"text-align: justify;\">Nguy\u00ean li\u1ec7u l\u00e0 y\u1ebfu t\u1ed1 quy\u1ebft \u0111\u1ecbnh \u0111\u1ebfn ch\u1ea5t l\u01b0\u1ee3ng n\u1ebfn th\u01a1m. C\u00e1c nh\u00e0 s\u1ea3n xu\u1ea5t th\u01b0\u1eddng ch\u1ecdn l\u1ef1a s\u00e1p n\u1ebfn t\u1ef1 nhi\u00ean (nh\u01b0 s\u00e1p ong, s\u00e1p \u0111\u1eadu n\u00e0nh) ho\u1eb7c s\u00e1p t\u1ed5ng h\u1ee3p, k\u1ebft h\u1ee3p v\u1edbi h\u01b0\u01a1ng li\u1ec7u t\u1ef1 nhi\u00ean ho\u1eb7c nh\u00e2n t\u1ea1o. Vi\u1ec7c ch\u1ecdn l\u1ef1a nguy\u00ean li\u1ec7u ch\u1ea5t l\u01b0\u1ee3ng l\u00e0 b\u01b0\u1edbc \u0111\u1ea7u ti\u00ean v\u00e0 quan tr\u1ecdng trong gia c\u00f4ng n\u1ebfn th\u01a1m.<\/p>\n<p style=\"text-align: justify;\"><b>B\u01b0\u1edbc 2: Chi\u1ebft Xu\u1ea5t H\u01b0\u01a1ng Li\u1ec7u<\/b><\/p>\n<p style=\"text-align: justify;\">H\u01b0\u01a1ng li\u1ec7u l\u00e0 linh h\u1ed3n c\u1ee7a n\u1ebfn th\u01a1m. C\u00e1c nh\u00e0 s\u1ea3n xu\u1ea5t c\u00f3 th\u1ec3 s\u1eed d\u1ee5ng h\u01b0\u01a1ng li\u1ec7u t\u1ef1 nhi\u00ean t\u1eeb hoa, tr\u00e1i c\u00e2y, ho\u1eb7c c\u00e1c lo\u1ea1i th\u1ea3o m\u1ed9c. H\u01b0\u01a1ng li\u1ec7u nh\u00e2n t\u1ea1o c\u0169ng \u0111\u01b0\u1ee3c s\u1eed d\u1ee5ng ph\u1ed5 bi\u1ebfn, v\u1edbi nhi\u1ec1u s\u1ef1 l\u1ef1a ch\u1ecdn \u0111a d\u1ea1ng.<\/p>\n<p style=\"text-align: justify;\"><b>B\u01b0\u1edbc 3: Pha Tr\u1ed9n<\/b><\/p>\n<p style=\"text-align: justify;\">Sau khi \u0111\u00e3 c\u00f3 nguy\u00ean li\u1ec7u v\u00e0 h\u01b0\u01a1ng li\u1ec7u, c\u00e1c nh\u00e0 s\u1ea3n xu\u1ea5t s\u1ebd ti\u1ebfn h\u00e0nh pha tr\u1ed9n s\u00e1p n\u1ebfn v\u1edbi h\u01b0\u01a1ng li\u1ec7u theo t\u1ef7 l\u1ec7 ph\u00f9 h\u1ee3p. \u0110\u00e2y l\u00e0 b\u01b0\u1edbc quan tr\u1ecdng quy\u1ebft \u0111\u1ecbnh \u0111\u1ebfn h\u01b0\u01a1ng th\u01a1m c\u1ee7a n\u1ebfn sau khi \u0111\u1ed1t.<\/p>\n<p style=\"text-align: justify;\"><b>B\u01b0\u1edbc 4: \u0110\u1ed5 Khu\u00f4n<\/b><\/p>\n<p style=\"text-align: justify;\">Sau khi pha tr\u1ed9n, h\u1ed7n h\u1ee3p n\u1ebfn s\u1ebd \u0111\u01b0\u1ee3c \u0111\u1ed5 v\u00e0o khu\u00f4n \u0111\u1ec3 t\u1ea1o h\u00ecnh. C\u00e1c khu\u00f4n c\u00f3 th\u1ec3 \u0111\u01b0\u1ee3c thi\u1ebft k\u1ebf theo nhi\u1ec1u h\u00ecnh d\u1ea1ng kh\u00e1c nhau, t\u1eeb h\u00ecnh tr\u00f2n, vu\u00f4ng cho \u0111\u1ebfn c\u00e1c h\u00ecnh th\u00f9 ngh\u1ec7 thu\u1eadt.<\/p>\n<p style=\"text-align: justify;\"><b>B\u01b0\u1edbc 5: \u0110\u00f3ng G\u00f3i<\/b><\/p>\n<p style=\"text-align: justify;\">Sau khi n\u1ebfn \u0111\u00e3 ngu\u1ed9i v\u00e0 c\u1ee9ng l\u1ea1i, s\u1ea3n ph\u1ea9m s\u1ebd \u0111\u01b0\u1ee3c \u0111\u00f3ng g\u00f3i c\u1ea9n th\u1eadn. Bao b\u00ec c\u1ea7n ph\u1ea3i \u0111\u1eb9p m\u1eaft v\u00e0 thu h\u00fat, \u0111\u1ed3ng th\u1eddi b\u1ea3o v\u1ec7 ch\u1ea5t l\u01b0\u1ee3ng s\u1ea3n ph\u1ea9m trong qu\u00e1 tr\u00ecnh v\u1eadn chuy\u1ec3n v\u00e0 l\u01b0u tr\u1eef.<\/p>\n<h1 style=\"text-align: justify;\"><span style=\"font-size: 14pt;\"><b>Conclude<\/b><\/span><\/h1>\n<p style=\"text-align: justify;\">Gia c\u00f4ng n\u1ebfn th\u01a1m kh\u00f4ng ch\u1ec9 l\u00e0 m\u1ed9t ng\u00e0nh s\u1ea3n xu\u1ea5t m\u00e0 c\u00f2n l\u00e0 ngh\u1ec7 thu\u1eadt t\u1ea1o ra nh\u1eefng s\u1ea3n ph\u1ea9m mang l\u1ea1i h\u01b0\u01a1ng s\u1eafc cho cu\u1ed9c s\u1ed1ng. V\u1edbi quy tr\u00ecnh s\u1ea3n xu\u1ea5t chuy\u00ean nghi\u1ec7p,\u00a0Shizencos t\u1ef1 h\u00e0o l\u00e0 \u0111\u01a1n v\u1ecb gia c\u00f4ng n\u1ebfn th\u01a1m h\u00e0ng \u0111\u1ea7u, cam k\u1ebft cung c\u1ea5p s\u1ea3n ph\u1ea9m ch\u1ea5t l\u01b0\u1ee3ng, an to\u00e0n v\u00e0 hi\u1ec7u qu\u1ea3. H\u00e3y \u0111\u1ec3 ch\u00fang t\u00f4i \u0111\u1ed3ng h\u00e0nh c\u00f9ng b\u1ea1n trong h\u00e0nh tr\u00ecnh ph\u00e1t tri\u1ec3n th\u01b0\u01a1ng hi\u1ec7u s\u1ea3n ph\u1ea9m c\u1ee7a m\u00ecnh, <a href=\"https:\/\/shizencos.com\/en\/lien-he\/\"><span style=\"color: #0000ff;\">li\u00ean h\u1ec7 ngay<\/span><\/a> \u0111\u1ec3 \u0111\u01b0\u1ee3c t\u01b0 v\u1ea5n v\u00e0 nh\u1eadn m\u1eabu th\u1eed mi\u1ec5n ph\u00ed!<\/p>\n<p style=\"text-align: justify;\">","protected":false},"excerpt":{"rendered":"<p>N\u1ebfn th\u01a1m ng\u00e0y c\u00e0ng \u0111\u01b0\u1ee3c \u01b0a chu\u1ed9ng kh\u00f4ng ch\u1ec9 \u0111\u1ec3 trang tr\u00ed m\u00e0 c\u00f2n ch\u0103m s\u00f3c tinh th\u1ea7n, s\u1ee9c kh\u1ecfe, v\u1edbi nhu c\u1ea7u t\u0103ng m\u1ea1nh t\u1eeb c\u00e1 nh\u00e2n \u0111\u1ebfn spa, kh\u00e1ch s\u1ea1n, qu\u00e1n c\u00e0 ph\u00ea hay qu\u00e0 t\u1eb7ng doanh nghi\u1ec7p. \u0110\u00e2y l\u00e0 th\u1ecb tr\u01b0\u1eddng ti\u1ec1m n\u0103ng, v\u00e0 vi\u1ec7c \u0111\u1ea7u t\u01b0 gia c\u00f4ng n\u1ebfn th\u01a1m hi\u1ec7n [&hellip;]<\/p>\n","protected":false},"featured_media":11949,"comment_status":"open","ping_status":"closed","template":"","meta":[],"product_brand":[],"product_cat":[23],"product_tag":[],"class_list":{"0":"post-11699","1":"product","2":"type-product","3":"status-publish","4":"has-post-thumbnail","6":"product_cat-gia-cong-san-pham-cham-soc-gia-dinh","8":"first","9":"instock","10":"shipping-taxable","11":"product-type-simple"},"_links":{"self":[{"href":"https:\/\/shizencos.com\/en\/wp-json\/wp\/v2\/product\/11699","targetHints":{"allow":["GET"]}}],"collection":[{"href":"https:\/\/shizencos.com\/en\/wp-json\/wp\/v2\/product"}],"about":[{"href":"https:\/\/shizencos.com\/en\/wp-json\/wp\/v2\/types\/product"}],"replies":[{"embeddable":true,"href":"https:\/\/shizencos.com\/en\/wp-json\/wp\/v2\/comments?post=11699"}],"wp:featuredmedia":[{"embeddable":true,"href":"https:\/\/shizencos.com\/en\/wp-json\/wp\/v2\/media\/11949"}],"wp:attachment":[{"href":"https:\/\/shizencos.com\/en\/wp-json\/wp\/v2\/media?parent=11699"}],"wp:term":[{"taxonomy":"product_brand","embeddable":true,"href":"https:\/\/shizencos.com\/en\/wp-json\/wp\/v2\/product_brand?post=11699"},{"taxonomy":"product_cat","embeddable":true,"href":"https:\/\/shizencos.com\/en\/wp-json\/wp\/v2\/product_cat?post=11699"},{"taxonomy":"product_tag","embeddable":true,"href":"https:\/\/shizencos.com\/en\/wp-json\/wp\/v2\/product_tag?post=11699"}],"curies":[{"name":"wp","href":"https:\/\/api.w.org\/{rel}","templated":true}]}}