{"id":11697,"date":"2024-10-28T14:32:05","date_gmt":"2024-10-28T07:32:05","guid":{"rendered":"https:\/\/shizencos.com\/?post_type=product&#038;p=11697"},"modified":"2025-08-12T09:22:52","modified_gmt":"2025-08-12T02:22:52","slug":"gia-cong-tinh-dau","status":"publish","type":"product","link":"https:\/\/shizencos.com\/en\/gia-cong-tinh-dau\/","title":{"rendered":"Processing essential oils"},"content":{"rendered":"<p style=\"text-align: justify;\"><span style=\"font-weight: 400;\">Trong nh\u1eefng n\u0103m g\u1ea7n \u0111\u00e2y, gia c\u00f4ng tinh d\u1ea7u \u0111\u00e3 tr\u1edf th\u00e0nh xu h\u01b0\u1edbng ch\u0103m s\u00f3c s\u1ee9c kh\u1ecfe, l\u00e0m \u0111\u1eb9p v\u00e0 c\u1ea3i thi\u1ec7n kh\u00f4ng gian s\u1ed1ng \u0111\u01b0\u1ee3c \u01b0a chu\u1ed9ng tr\u00ean to\u00e0n c\u1ea7u. T\u1eeb c\u00e1c spa cao c\u1ea5p, kh\u00e1ch s\u1ea1n, v\u0103n ph\u00f2ng \u0111\u1ebfn h\u1ed9 gia \u0111\u00ecnh, tinh d\u1ea7u d\u1ea7n tr\u1edf th\u00e0nh m\u1ed9t ph\u1ea7n kh\u00f4ng th\u1ec3 thi\u1ebfu trong \u0111\u1eddi s\u1ed1ng hi\u1ec7n \u0111\u1ea1i. Nhu c\u1ea7u s\u1eed d\u1ee5ng tinh d\u1ea7u kh\u00f4ng ch\u1ec9 d\u1eebng l\u1ea1i \u1edf vi\u1ec7c th\u01b0 gi\u00e3n tinh th\u1ea7n, m\u00e0 c\u00f2n m\u1edf r\u1ed9ng sang l\u0129nh v\u1ef1c ch\u0103m s\u00f3c da, h\u1ed7 tr\u1ee3 gi\u1ea5c ng\u1ee7, c\u1ea3i thi\u1ec7n ch\u1ea5t l\u01b0\u1ee3ng kh\u00f4ng kh\u00ed v\u00e0 t\u0103ng tr\u1ea3i nghi\u1ec7m ng\u01b0\u1eddi d\u00f9ng trong c\u00e1c s\u1ea3n ph\u1ea9m ch\u0103m s\u00f3c c\u00e1 nh\u00e2n.<\/span><\/p>\n<p style=\"text-align: justify;\"><span style=\"font-weight: 400;\">Theo nhi\u1ec1u b\u00e1o c\u00e1o th\u1ecb tr\u01b0\u1eddng, ng\u00e0nh tinh d\u1ea7u v\u00e0 h\u01b0\u01a1ng li\u1ec7u t\u1ef1 nhi\u00ean \u0111ang c\u00f3 t\u1ed1c \u0111\u1ed9 t\u0103ng tr\u01b0\u1edfng trung b\u00ecnh t\u1eeb 7-10% m\u1ed7i n\u0103m, \u0111\u1eb7c bi\u1ec7t t\u1ea1i ch\u00e2u \u00c1. \u0110\u00e2y l\u00e0 c\u01a1 h\u1ed9i l\u1edbn cho c\u00e1c doanh nghi\u1ec7p m\u1ef9 ph\u1ea9m, th\u01b0\u01a1ng hi\u1ec7u ti\u00eau d\u00f9ng c\u00e1 nh\u00e2n mu\u1ed1n m\u1edf r\u1ed9ng danh m\u1ee5c s\u1ea3n ph\u1ea9m theo xu h\u01b0\u1edbng &#8220;xanh&#8221; v\u00e0 &#8220;an to\u00e0n&#8221;.<\/span><\/p>\n<p style=\"text-align: justify;\"><span style=\"font-weight: 400;\">V\u00e0 n\u1ebfu b\u1ea1n \u0111ang l\u00e0 ch\u1ee7 doanh nghi\u1ec7p m\u1ef9 ph\u1ea9m, startup hay \u0111\u01a1n v\u1ecb ph\u00e2n ph\u1ed1i \u0111ang t\u00ecm ki\u1ebfm m\u1ed9t d\u00f2ng s\u1ea3n ph\u1ea9m m\u1edbi mang t\u00ednh thi\u00ean nhi\u00ean, an to\u00e0n v\u00e0 c\u00f3 xu h\u01b0\u1edbng ti\u00eau d\u00f9ng b\u1ec1n v\u1eefng? Th\u00ec \u201cTinh d\u1ea7u\u201d ch\u00ednh l\u00e0 m\u1ed9t l\u1ef1a ch\u1ecdn chi\u1ebfn l\u01b0\u1ee3c \u0111\u00e1ng \u0111\u1ea7u t\u01b0. Xem ngay b\u00e0i vi\u1ebft b\u00ean d\u01b0\u1edbi \u0111\u1ec3 t\u00ecm hi\u1ec3u chi ti\u1ebft!<\/span><\/p>\n<h2 style=\"text-align: justify;\"><span style=\"font-size: 14pt;\"><b>1. Gia c\u00f4ng tinh d\u1ea7u l\u00e0 g\u00ec?<\/b><\/span><\/h2>\n<p style=\"text-align: justify;\"><b>Tinh d\u1ea7u l\u00e0 <\/b><span style=\"font-weight: 400;\">h\u1ee3p ch\u1ea5t d\u1ec5 bay h\u01a1i, \u0111\u01b0\u1ee3c chi\u1ebft xu\u1ea5t t\u1eeb c\u00e1c b\u1ed9 ph\u1eadn kh\u00e1c nhau c\u1ee7a th\u1ef1c v\u1eadt nh\u01b0 l\u00e1, v\u1ecf, hoa, th\u00e2n ho\u1eb7c r\u1ec5 th\u00f4ng qua c\u00e1c ph\u01b0\u01a1ng ph\u00e1p nh\u01b0 ch\u01b0ng c\u1ea5t h\u01a1i n\u01b0\u1edbc, \u00e9p l\u1ea1nh ho\u1eb7c chi\u1ebft xu\u1ea5t dung m\u00f4i. Tinh d\u1ea7u mang m\u00f9i h\u01b0\u01a1ng \u0111\u1eb7c tr\u01b0ng v\u00e0 ch\u1ee9a c\u00e1c ho\u1ea1t ch\u1ea5t sinh h\u1ecdc c\u00f3 kh\u1ea3 n\u0103ng kh\u00e1ng khu\u1ea9n, gi\u1ea3m stress, h\u1ed7 tr\u1ee3 h\u00f4 h\u1ea5p, c\u1ea3i thi\u1ec7n gi\u1ea5c ng\u1ee7, ch\u0103m s\u00f3c da v\u00e0 t\u00f3c. M\u1ed7i lo\u1ea1i tinh d\u1ea7u \u0111\u1ec1u c\u00f3 c\u00f4ng d\u1ee5ng ri\u00eang, ph\u1ee5c v\u1ee5 nhi\u1ec1u m\u1ee5c \u0111\u00edch s\u1eed d\u1ee5ng trong ch\u0103m s\u00f3c c\u00e1 nh\u00e2n v\u00e0 kh\u00f4ng gian s\u1ed1ng.<\/span><\/p>\n<ul style=\"text-align: justify;\">\n<li style=\"font-weight: 400;\" aria-level=\"1\"><b>Skin care<\/b><span style=\"font-weight: 400;\">: Nhi\u1ec1u s\u1ea3n ph\u1ea9m d\u01b0\u1ee1ng da s\u1eed d\u1ee5ng tinh d\u1ea7u nh\u01b0 m\u1ed9t th\u00e0nh ph\u1ea7n ch\u00ednh nh\u1edd v\u00e0o c\u00e1c t\u00e1c d\u1ee5ng nh\u01b0 l\u00e0m d\u1ecbu da, kh\u00e1ng vi\u00eam v\u00e0 cung c\u1ea5p \u0111\u1ed9 \u1ea9m.<\/span><\/li>\n<li style=\"font-weight: 400;\" aria-level=\"1\"><b>Hair care<\/b><span style=\"font-weight: 400;\">: Tinh d\u1ea7u c\u0169ng \u0111\u01b0\u1ee3c s\u1eed d\u1ee5ng trong c\u00e1c s\u1ea3n ph\u1ea9m ch\u0103m s\u00f3c t\u00f3c \u0111\u1ec3 cung c\u1ea5p dinh d\u01b0\u1ee1ng v\u00e0 t\u1ea1o h\u01b0\u01a1ng th\u01a1m t\u1ef1 nhi\u00ean.<\/span><\/li>\n<li style=\"font-weight: 400;\" aria-level=\"1\"><b>Aromatherapy<\/b><span style=\"font-weight: 400;\">: Tinh d\u1ea7u \u0111\u01b0\u1ee3c s\u1eed d\u1ee5ng trong li\u1ec7u ph\u00e1p h\u01b0\u01a1ng li\u1ec7u, gi\u00fap gi\u1ea3m c\u0103ng th\u1eb3ng, th\u01b0 gi\u00e3n tinh th\u1ea7n v\u00e0 c\u1ea3i thi\u1ec7n gi\u1ea5c ng\u1ee7.<\/span><\/li>\n<\/ul>\n<p style=\"text-align: justify;\"><b>Gia c\u00f4ng tinh d\u1ea7u l\u00e0<\/b><span style=\"font-weight: 400;\"> d\u1ecbch v\u1ee5 s\u1ea3n xu\u1ea5t theo y\u00eau c\u1ea7u, trong \u0111\u00f3 c\u00e1c doanh nghi\u1ec7p, th\u01b0\u01a1ng hi\u1ec7u m\u1ef9 ph\u1ea9m h\u1ee3p t\u00e1c v\u1edbi m\u1ed9t nh\u00e0 m\u00e1y chuy\u00ean m\u00f4n nh\u01b0 Shizencos \u0111\u1ec3 ph\u00e1t tri\u1ec3n, s\u1ea3n xu\u1ea5t v\u00e0 \u0111\u00f3ng g\u00f3i tinh d\u1ea7u d\u01b0\u1edbi th\u01b0\u01a1ng hi\u1ec7u ri\u00eang. \u0110\u00e2y l\u00e0 l\u1ef1a ch\u1ecdn chi\u1ebfn l\u01b0\u1ee3c gi\u00fap ti\u1ebft ki\u1ec7m chi ph\u00ed \u0111\u1ea7u t\u01b0 nh\u00e0 m\u00e1y, t\u1ed1i \u01b0u ngu\u1ed3n l\u1ef1c v\u00e0 nhanh ch\u00f3ng \u0111\u01b0a s\u1ea3n ph\u1ea9m ra th\u1ecb tr\u01b0\u1eddng v\u1edbi ch\u1ea5t l\u01b0\u1ee3ng \u1ed5n \u0111\u1ecbnh, \u0111\u1ea1t ti\u00eau chu\u1ea9n qu\u1ed1c t\u1ebf.<\/span><\/p>\n<p><a href=\"https:\/\/shizencos.com\/wp-content\/uploads\/2024\/10\/1-24.png\"><img fetchpriority=\"high\" decoding=\"async\" class=\"wp-image-11831 size-full\" src=\"https:\/\/shizencos.com\/wp-content\/uploads\/2024\/10\/1-24.png\" alt=\"Gia c\u00f4ng tinh d\u1ea7u l\u00e0 g\u00ec?\" width=\"1500\" height=\"600\" title=\"\" srcset=\"https:\/\/shizencos.com\/wp-content\/uploads\/2024\/10\/1-24.png 1500w, https:\/\/shizencos.com\/wp-content\/uploads\/2024\/10\/1-24-150x60.png 150w, https:\/\/shizencos.com\/wp-content\/uploads\/2024\/10\/1-24-18x7.png 18w, https:\/\/shizencos.com\/wp-content\/uploads\/2024\/10\/1-24-300x120.png 300w, https:\/\/shizencos.com\/wp-content\/uploads\/2024\/10\/1-24-768x307.png 768w, https:\/\/shizencos.com\/wp-content\/uploads\/2024\/10\/1-24-1024x410.png 1024w, https:\/\/shizencos.com\/wp-content\/uploads\/2024\/10\/1-24-600x240.png 600w\" sizes=\"(max-width: 1500px) 100vw, 1500px\" \/><\/a><\/p>\n<p style=\"text-align: center;\"><em>Gia c\u00f4ng tinh d\u1ea7u l\u00e0 g\u00ec?<\/em><\/p>\n<h2 style=\"text-align: justify;\"><span style=\"font-size: 14pt;\"><b>2. L\u1ee3i \u00edch c\u1ee7a vi\u1ec7c l\u1ef1a ch\u1ecdn gia c\u00f4ng tinh d\u1ea7u<\/b><\/span><\/h2>\n<p style=\"text-align: justify;\"><span style=\"font-weight: 400;\">Khi b\u1eaft \u0111\u1ea7u x\u00e2y d\u1ef1ng m\u1ed9t th\u01b0\u01a1ng hi\u1ec7u tinh d\u1ea7u, nhi\u1ec1u doanh nghi\u1ec7p g\u1eb7p tr\u1edf ng\u1ea1i v\u1ec1 chi ph\u00ed \u0111\u1ea7u t\u01b0 nh\u00e0 m\u00e1y, \u0111\u1ed9i ng\u0169 chuy\u00ean m\u00f4n, quy tr\u00ecnh ph\u00e1p l\u00fd v\u00e0 th\u1eddi gian ph\u00e1t tri\u1ec3n s\u1ea3n ph\u1ea9m. Gia c\u00f4ng tinh d\u1ea7u t\u1ea1i m\u1ed9t \u0111\u01a1n v\u1ecb chuy\u00ean nghi\u1ec7p nh\u01b0 Shizencos l\u00e0 m\u00f4 h\u00ecnh t\u1ed1i \u01b0u gi\u00fap b\u1ea1n v\u01b0\u1ee3t qua t\u1ea5t c\u1ea3 nh\u1eefng r\u00e0o c\u1ea3n \u0111\u00f3. \u0110\u00e2y kh\u00f4ng ch\u1ec9 l\u00e0 m\u1ed9t l\u1ef1a ch\u1ecdn kinh t\u1ebf m\u00e0 c\u00f2n l\u00e0 gi\u1ea3i ph\u00e1p chi\u1ebfn l\u01b0\u1ee3c \u0111\u1ec3 t\u0103ng t\u1ed1c kinh doanh v\u00e0 x\u00e2y d\u1ef1ng th\u01b0\u01a1ng hi\u1ec7u m\u1ed9t c\u00e1ch b\u00e0i b\u1ea3n. D\u01b0\u1edbi \u0111\u00e2y l\u00e0 nh\u1eefng l\u1ee3i \u00edch n\u1ed5i b\u1eadt khi doanh nghi\u1ec7p l\u1ef1a ch\u1ecdn h\u00ecnh th\u1ee9c n\u00e0y:<\/span><\/p>\n<p style=\"text-align: justify;\"><span style=\"font-weight: 400;\">\u2705 Ti\u1ebft ki\u1ec7m chi ph\u00ed \u0111\u1ea7u t\u01b0 ban \u0111\u1ea7u<\/span><\/p>\n<p style=\"text-align: justify;\"><span style=\"font-weight: 400;\">\u2705 T\u0103ng t\u1ed1c th\u1eddi gian ra m\u1eaft s\u1ea3n ph\u1ea9m ra th\u1ecb tr\u01b0\u1eddng<\/span><\/p>\n<p style=\"text-align: justify;\"><span style=\"font-weight: 400;\">\u2705 \u0110\u1ea3m b\u1ea3o ch\u1ea5t l\u01b0\u1ee3ng, s\u1ea3n xu\u1ea5t theo d\u00e2y chuy\u1ec1n kh\u00e9p k\u00edn<\/span><\/p>\n<p style=\"text-align: justify;\"><span style=\"font-weight: 400;\">\u2705 Linh ho\u1ea1t \u0111i\u1ec1u ch\u1ec9nh c\u00f4ng th\u1ee9c theo y\u00eau c\u1ea7u th\u01b0\u01a1ng hi\u1ec7u<\/span><\/p>\n<p style=\"text-align: justify;\"><span style=\"font-weight: 400;\">\u2705 Cam k\u1ebft b\u1ea3o m\u1eadt c\u00f4ng th\u1ee9c v\u00e0 m\u1eabu m\u00e3 th\u01b0\u01a1ng hi\u1ec7u<\/span><\/p>\n<p style=\"text-align: justify;\"><span style=\"font-weight: 400;\">\u2705 Legal support, testing, and quick product announcement<\/span><\/p>\n<p style=\"text-align: justify;\"><span style=\"font-weight: 400;\">V\u1edbi nhu c\u1ea7u tinh d\u1ea7u ng\u00e0y c\u00e0ng gia t\u0103ng trong c\u1ea3 l\u0129nh v\u1ef1c m\u1ef9 ph\u1ea9m, ch\u0103m s\u00f3c c\u00e1 nh\u00e2n, \u0111\u1ebfn h\u00e0ng ti\u00eau d\u00f9ng v\u00e0 s\u1ea3n ph\u1ea9m gia d\u1ee5ng, vi\u1ec7c \u0111\u1ea7u t\u01b0 ph\u00e1t tri\u1ec3n s\u1ea3n ph\u1ea9m tinh d\u1ea7u l\u00e0 l\u1ef1a ch\u1ecdn c\u00f3 ti\u1ec1m n\u0103ng sinh l\u1eddi cao cho c\u00e1c th\u01b0\u01a1ng hi\u1ec7u, \u0111\u1eb7c bi\u1ec7t khi k\u1ebft h\u1ee3p c\u00f9ng \u0111\u1ed1i t\u00e1c gia c\u00f4ng chuy\u00ean nghi\u1ec7p.<\/span><\/p>\n<h2 style=\"text-align: justify;\"><span style=\"font-size: 14pt;\"><b>3. Gia c\u00f4ng tinh d\u1ea7u t\u1ea1i Shizencos<\/b><\/span><\/h2>\n<p style=\"text-align: justify;\"><span style=\"font-weight: 400;\">Shizencos t\u1ef1 h\u00e0o khi mang \u0111\u1ebfn gi\u1ea3i ph\u00e1p gia c\u00f4ng tinh d\u1ea7u tr\u1ecdn g\u00f3i, \u0111\u00e1p \u1ee9ng \u0111a d\u1ea1ng nhu c\u1ea7u t\u1eeb th\u01b0\u01a1ng hi\u1ec7u nh\u1ecf \u0111\u1ebfn c\u00e1c doanh nghi\u1ec7p l\u1edbn. B\u1ea1n c\u00f3 th\u1ec3 ho\u00e0n to\u00e0n y\u00ean t\u00e2m v\u1ec1 ti\u1ebfn \u0111\u1ed9, ph\u00e1p l\u00fd v\u00e0 s\u1ef1 h\u1ed7 tr\u1ee3 to\u00e0n di\u1ec7n t\u1eeb \u00fd t\u01b0\u1edfng cho \u0111\u1ebfn s\u1ea3n ph\u1ea9m ho\u00e0n thi\u1ec7n. Ch\u00fang t\u00f4i hi\u1ec3u r\u1eb1ng th\u1eddi gian l\u00e0 y\u1ebfu t\u1ed1 quy\u1ebft \u0111\u1ecbnh trong c\u1ea1nh tranh th\u1ecb tr\u01b0\u1eddng \u2013 v\u00ec v\u1eady Shizencos cam k\u1ebft \u0111\u1ed3ng h\u00e0nh c\u00f9ng doanh nghi\u1ec7p \u0111\u1ec3 r\u00fat ng\u1eafn t\u1ed1i \u0111a th\u1eddi gian ph\u00e1t tri\u1ec3n, c\u00f4ng b\u1ed1 v\u00e0 \u0111\u01b0a s\u1ea3n ph\u1ea9m ra th\u1ecb tr\u01b0\u1eddng.<\/span><\/p>\n<h3 style=\"text-align: justify;\"><span style=\"font-size: 14pt;\"><b>3.1 C\u00f4ng th\u1ee9c tinh d\u1ea7u \u0111a d\u1ea1ng<\/b><\/span><\/h3>\n<p style=\"text-align: justify;\"><span style=\"font-weight: 400;\">T\u1ea1i Shizencos, ch\u00fang t\u00f4i c\u00f3 m\u1ed9t kho c\u00f4ng th\u1ee9c tinh d\u1ea7u \u0111a d\u1ea1ng \u0111\u01b0\u1ee3c nghi\u00ean c\u1ee9u v\u00e0 ph\u00e1t tri\u1ec3n b\u1edfi \u0111\u1ed9i ng\u0169 R&amp;D chuy\u00ean m\u00f4n cao mang \u0111\u1ebfn cho doanh nghi\u1ec7p nhi\u1ec1u l\u1ef1a ch\u1ecdn ph\u00f9 h\u1ee3p v\u1edbi t\u1eebng \u0111\u1ecbnh h\u01b0\u1edbng ph\u00e1t tri\u1ec3n s\u1ea3n ph\u1ea9m. D\u00f9 b\u1ea1n mu\u1ed1n t\u1eadp trung v\u00e0o tinh d\u1ea7u thi\u00ean nhi\u00ean nguy\u00ean ch\u1ea5t, hay c\u00e1c d\u00f2ng tinh d\u1ea7u ph\u1ee5c v\u1ee5 ch\u0103m s\u00f3c s\u1ee9c kh\u1ecfe v\u00e0 l\u00e0m \u0111\u1eb9p, Shizencos \u0111\u1ec1u c\u00f3 c\u00f4ng th\u1ee9c \u0111\u01b0\u1ee3c nghi\u00ean c\u1ee9u k\u1ef9 l\u01b0\u1ee1ng, \u0111\u00e1p \u1ee9ng ti\u00eau chu\u1ea9n ch\u1ea5t l\u01b0\u1ee3ng cao. D\u01b0\u1edbi \u0111\u00e2y l\u00e0 m\u1ed9t s\u1ed1 nh\u00f3m c\u00f4ng th\u1ee9c tinh d\u1ea7u ph\u1ed5 bi\u1ebfn m\u00e0 ch\u00fang t\u00f4i nh\u1eadn gia c\u00f4ng, gi\u00fap b\u1ea1n d\u1ec5 d\u00e0ng tham kh\u1ea3o v\u00e0 ch\u1ecdn l\u1ef1a:<\/span><\/p>\n<p><a href=\"https:\/\/shizencos.com\/wp-content\/uploads\/2024\/10\/2-23.png\"><img decoding=\"async\" class=\"wp-image-11832 size-full\" src=\"https:\/\/shizencos.com\/wp-content\/uploads\/2024\/10\/2-23.png\" alt=\"C\u00f4ng th\u1ee9c tinh d\u1ea7u \u0111a d\u1ea1ng t\u1ea1i Shizencos\" width=\"1500\" height=\"600\" title=\"\" srcset=\"https:\/\/shizencos.com\/wp-content\/uploads\/2024\/10\/2-23.png 1500w, https:\/\/shizencos.com\/wp-content\/uploads\/2024\/10\/2-23-150x60.png 150w, https:\/\/shizencos.com\/wp-content\/uploads\/2024\/10\/2-23-18x7.png 18w, https:\/\/shizencos.com\/wp-content\/uploads\/2024\/10\/2-23-300x120.png 300w, https:\/\/shizencos.com\/wp-content\/uploads\/2024\/10\/2-23-768x307.png 768w, https:\/\/shizencos.com\/wp-content\/uploads\/2024\/10\/2-23-1024x410.png 1024w, https:\/\/shizencos.com\/wp-content\/uploads\/2024\/10\/2-23-600x240.png 600w\" sizes=\"(max-width: 1500px) 100vw, 1500px\" \/><\/a><\/p>\n<p style=\"text-align: center;\"><em>\u00a0C\u00f4ng th\u1ee9c tinh d\u1ea7u \u0111a d\u1ea1ng t\u1ea1i Shizencos<\/em><\/p>\n<ul style=\"text-align: justify;\">\n<li style=\"font-weight: 400;\" aria-level=\"1\"><span style=\"font-weight: 400;\">Tinh d\u1ea7u thi\u00ean nhi\u00ean nguy\u00ean ch\u1ea5t (b\u1ea1c h\u00e0, s\u1ea3 chanh, tr\u00e0m tr\u00e0, o\u1ea3i h\u01b0\u01a1ng, cam, qu\u1ebf\u2026)<\/span><\/li>\n<li style=\"font-weight: 400;\" aria-level=\"1\"><span style=\"font-weight: 400;\">Tinh d\u1ea7u massage th\u01b0 gi\u00e3n, gi\u1ea3m c\u0103ng th\u1eb3ng<\/span><\/li>\n<li style=\"font-weight: 400;\" aria-level=\"1\"><span style=\"font-weight: 400;\">Tinh d\u1ea7u x\u00f4ng ph\u00f2ng, kh\u1eed m\u00f9i, t\u1ea1o h\u01b0\u01a1ng th\u01a1m kh\u00f4ng gian s\u1ed1ng<\/span><\/li>\n<li style=\"font-weight: 400;\" aria-level=\"1\"><span style=\"font-weight: 400;\">Tinh d\u1ea7u ch\u0103m s\u00f3c da m\u1eb7t, t\u00f3c v\u00e0 da \u0111\u1ea7u<\/span><\/li>\n<li style=\"font-weight: 400;\" aria-level=\"1\"><span style=\"font-weight: 400;\">Ho\u1eb7c c\u00f4ng th\u1ee9c tinh d\u1ea7u \u0111\u1ed9c quy\u1ec1n theo y\u00eau c\u1ea7u ri\u00eang c\u1ee7a th\u01b0\u01a1ng hi\u1ec7u<\/span><\/li>\n<\/ul>\n<h3 style=\"text-align: justify;\"><span style=\"font-size: 14pt;\"><b>3.2 Quy tr\u00ecnh gia c\u00f4ng tinh d\u1ea7u t\u1ea1i Shizencos\u00a0<\/b><\/span><\/h3>\n<p style=\"text-align: justify;\"><span style=\"font-weight: 400;\">Quy tr\u00ecnh gia c\u00f4ng tinh d\u1ea7u t\u1ea1i Shizencos \u0111\u01b0\u1ee3c x\u00e2y d\u1ef1ng b\u00e0i b\u1ea3n di\u1ec5n ra minh b\u1ea1ch v\u00e0 chuy\u00ean nghi\u1ec7p. T\u1eeb b\u01b0\u1edbc t\u01b0 v\u1ea5n ch\u1ecdn c\u00f4ng th\u1ee9c \u0111\u1ebfn s\u1ea3n xu\u1ea5t v\u00e0 ho\u00e0n thi\u1ec7n s\u1ea3n ph\u1ea9m, m\u1ed7i giai \u0111o\u1ea1n \u0111\u1ec1u \u0111\u01b0\u1ee3c ki\u1ec3m so\u00e1t ch\u1eb7t ch\u1ebd nh\u1eb1m t\u1ed1i \u01b0u hi\u1ec7u qu\u1ea3, r\u00fat ng\u1eafn th\u1eddi gian v\u00e0 \u0111\u1ea3m b\u1ea3o ti\u1ebfn \u0111\u1ed9 b\u00e0n giao \u0111\u00fang cam k\u1ebft v\u1edbi \u0111\u1ed1i t\u00e1c.<\/span><\/p>\n<p style=\"text-align: justify;\"><b>B\u01b0\u1edbc 1: Ch\u1ecdn Nguy\u00ean Li\u1ec7u<\/b><\/p>\n<p style=\"text-align: justify;\"><span style=\"font-weight: 400;\">Nguy\u00ean li\u1ec7u l\u00e0 y\u1ebfu t\u1ed1 quy\u1ebft \u0111\u1ecbnh \u0111\u1ebfn ch\u1ea5t l\u01b0\u1ee3ng tinh d\u1ea7u. C\u00e1c nh\u00e0 s\u1ea3n xu\u1ea5t th\u01b0\u1eddng ch\u1ecdn l\u1ef1a nguy\u00ean li\u1ec7u t\u1eeb nh\u1eefng ngu\u1ed3n uy t\u00edn, \u0111\u1ea3m b\u1ea3o r\u1eb1ng ch\u00fang kh\u00f4ng ch\u1ee9a h\u00f3a c<\/span><span style=\"font-weight: 400;\">h\u1ea5t \u0111\u1ed9c h\u1ea1i v\u00e0 \u0111\u01b0\u1ee3c tr\u1ed3ng theo ph\u01b0\u01a1ng ph\u00e1p h\u1eefu c\u01a1.<\/span><\/p>\n<p style=\"text-align: justify;\"><b>B\u01b0\u1edbc 2: Chi\u1ebft Xu\u1ea5t Tinh D\u1ea7u<\/b><\/p>\n<p style=\"text-align: justify;\"><span style=\"font-weight: 400;\">C\u00f3 nhi\u1ec1u ph\u01b0\u01a1ng ph\u00e1p chi\u1ebft xu\u1ea5t tinh d\u1ea7u, ph\u1ed5 bi\u1ebfn nh\u1ea5t l\u00e0:<\/span><\/p>\n<ul style=\"text-align: justify;\">\n<li style=\"font-weight: 400;\" aria-level=\"1\"><b>Ch\u01b0ng c\u1ea5t h\u01a1i n\u01b0\u1edbc<\/b><span style=\"font-weight: 400;\">: \u0110\u00e2y l\u00e0 ph\u01b0\u01a1ng ph\u00e1p ph\u1ed5 bi\u1ebfn nh\u1ea5t, s\u1eed d\u1ee5ng h\u01a1i n\u01b0\u1edbc \u0111\u1ec3 t\u00e1ch tinh d\u1ea7u ra kh\u1ecfi nguy\u00ean li\u1ec7u.<\/span><\/li>\n<li style=\"font-weight: 400;\" aria-level=\"1\"><b>Chi\u1ebft xu\u1ea5t b\u1eb1ng dung m\u00f4i<\/b><span style=\"font-weight: 400;\">: Ph\u01b0\u01a1ng ph\u00e1p n\u00e0y s\u1eed d\u1ee5ng dung m\u00f4i \u0111\u1ec3 h\u00f2a tan v\u00e0 t\u00e1ch tinh d\u1ea7u t\u1eeb nguy\u00ean li\u1ec7u, th\u01b0\u1eddng \u00e1p d\u1ee5ng cho c\u00e1c lo\u1ea1i th\u1ef1c v\u1eadt nh\u1ea1y c\u1ea3m v\u1edbi nhi\u1ec7t \u0111\u1ed9.<\/span><\/li>\n<\/ul>\n<p style=\"text-align: justify;\"><b>B\u01b0\u1edbc 3: Ki\u1ec3m Tra Ch\u1ea5t L\u01b0\u1ee3ng<\/b><\/p>\n<p style=\"text-align: justify;\"><span style=\"font-weight: 400;\">Sau khi chi\u1ebft xu\u1ea5t, tinh d\u1ea7u s\u1ebd \u0111\u01b0\u1ee3c ki\u1ec3m tra ch\u1ea5t l\u01b0\u1ee3ng \u0111\u1ec3 \u0111\u1ea3m b\u1ea3o r\u1eb1ng n\u00f3 \u0111\u00e1p \u1ee9ng c\u00e1c ti\u00eau chu\u1ea9n an to\u00e0n v\u00e0 hi\u1ec7u qu\u1ea3. C\u00e1c ti\u00eau ch\u00ed ki\u1ec3m tra bao g\u1ed3m \u0111\u1ed9 tinh khi\u1ebft, \u0111\u1ed9 pH, v\u00e0 th\u00e0nh ph\u1ea7n h\u00f3a h\u1ecdc.<\/span><\/p>\n<p style=\"text-align: justify;\"><b>B\u01b0\u1edbc 4: Pha Tr\u1ed9n v\u00e0 \u0110\u00f3ng G\u00f3i<\/b><\/p>\n<p style=\"text-align: justify;\"><span style=\"font-weight: 400;\">\u0110\u1ec3 t\u1ea1o ra c\u00e1c s\u1ea3n ph\u1ea9m tinh d\u1ea7u ph\u00f9 h\u1ee3p v\u1edbi nhu c\u1ea7u c\u1ee7a kh\u00e1ch h\u00e0ng, c\u00e1c nh\u00e0 s\u1ea3n xu\u1ea5t s\u1ebd ti\u1ebfn h\u00e0nh pha tr\u1ed9n c\u00e1c lo\u1ea1i tinh d\u1ea7u kh\u00e1c nhau. Sau \u0111\u00f3, tinh d\u1ea7u s\u1ebd \u0111\u01b0\u1ee3c \u0111\u00f3ng g\u00f3i c\u1ea9n th\u1eadn \u0111\u1ec3 b\u1ea3o v\u1ec7 ch\u1ea5t l\u01b0\u1ee3ng s\u1ea3n ph\u1ea9m trong su\u1ed1t qu\u00e1 tr\u00ecnh v\u1eadn chuy\u1ec3n v\u00e0 l\u01b0u tr\u1eef.<\/span><\/p>\n<p>&nbsp;<\/p>\n<p><img decoding=\"async\" class=\"aligncenter wp-image-12781\" src=\"https:\/\/shizencos.com\/wp-content\/uploads\/2024\/09\/Cam-ket-cong-ty-1.png\" alt=\"\" width=\"1279\" height=\"637\" title=\"\" srcset=\"https:\/\/shizencos.com\/wp-content\/uploads\/2024\/09\/Cam-ket-cong-ty-1.png 1175w, https:\/\/shizencos.com\/wp-content\/uploads\/2024\/09\/Cam-ket-cong-ty-1-300x149.png 300w, https:\/\/shizencos.com\/wp-content\/uploads\/2024\/09\/Cam-ket-cong-ty-1-1024x510.png 1024w, https:\/\/shizencos.com\/wp-content\/uploads\/2024\/09\/Cam-ket-cong-ty-1-150x75.png 150w, https:\/\/shizencos.com\/wp-content\/uploads\/2024\/09\/Cam-ket-cong-ty-1-768x382.png 768w, https:\/\/shizencos.com\/wp-content\/uploads\/2024\/09\/Cam-ket-cong-ty-1-18x9.png 18w, https:\/\/shizencos.com\/wp-content\/uploads\/2024\/09\/Cam-ket-cong-ty-1-600x299.png 600w\" sizes=\"(max-width: 1279px) 100vw, 1279px\" \/><\/p>\n<p style=\"text-align: center;\"><em>Shizencos is committed to providing reputable cosmetic processing services.<\/em><\/p>\n<h2 style=\"text-align: justify;\"><span style=\"font-size: 14pt;\"><b>Conclude<\/b><\/span><\/h2>\n<p><span style=\"font-weight: 400;\">Tinh d\u1ea7u kh\u00f4ng ch\u1ec9 l\u00e0 xu h\u01b0\u1edbng m\u00e0 c\u00f2n l\u00e0 c\u01a1 h\u1ed9i v\u00e0ng \u0111\u1ec3 c\u00e1c doanh nghi\u1ec7p m\u1edf r\u1ed9ng danh m\u1ee5c s\u1ea3n ph\u1ea9m kinh doanh c\u1ee7a m\u00ecnh, \u0111\u00e1p \u1ee9ng nhu c\u1ea7u ng\u00e0y c\u00e0ng \u0111a d\u1ea1ng c\u1ee7a ng\u01b0\u1eddi ti\u00eau d\u00f9ng hi\u1ec7n \u0111\u1ea1i n\u00e2ng t\u1ea7m gi\u00e1 tr\u1ecb th\u01b0\u01a1ng hi\u1ec7u v\u00e0 m\u1edf r\u1ed9ng th\u1ecb ph\u1ea7n c\u1ee7a m\u00ecnh trong ng\u00e0nh ch\u0103m s\u00f3c s\u1ee9c kh\u1ecfe v\u00e0 l\u00e0m \u0111\u1eb9p t\u1ef1 nhi\u00ean.<\/span><\/p>\n<p><span style=\"font-weight: 400;\">H\u1ee3p t\u00e1c gia c\u00f4ng tinh d\u1ea7u t\u1ea1i Shizencos ch\u00ednh l\u00e0 b\u01b0\u1edbc \u0111i chi\u1ebfn l\u01b0\u1ee3c \u0111\u1ec3 b\u1ea1n nhanh ch\u00f3ng hi\u1ec7n th\u1ef1c h\u00f3a \u00fd t\u01b0\u1edfng kinh doanh v\u1edbi s\u1ea3n ph\u1ea9m ch\u1ea5t l\u01b0\u1ee3ng, an to\u00e0n v\u00e0 \u0111\u1ed9t ph\u00e1. <span style=\"color: #0000ff;\"><a style=\"color: #0000ff;\" href=\"https:\/\/shizencos.com\/en\/lien-he\/\">Contact now<\/a><\/span> v\u1edbi Shizencos \u0111\u1ec3 b\u1eaft \u0111\u1ea7u h\u00e0nh tr\u00ecnh s\u00e1ng t\u1ea1o d\u00f2ng tinh d\u1ea7u ri\u00eang c\u1ee7a b\u1ea1n ngay h\u00f4m nay!<\/span><\/p>","protected":false},"excerpt":{"rendered":"<p>Trong nh\u1eefng n\u0103m g\u1ea7n \u0111\u00e2y, gia c\u00f4ng tinh d\u1ea7u \u0111\u00e3 tr\u1edf th\u00e0nh xu h\u01b0\u1edbng ch\u0103m s\u00f3c s\u1ee9c kh\u1ecfe, l\u00e0m \u0111\u1eb9p v\u00e0 c\u1ea3i thi\u1ec7n kh\u00f4ng gian s\u1ed1ng \u0111\u01b0\u1ee3c \u01b0a chu\u1ed9ng tr\u00ean to\u00e0n c\u1ea7u. T\u1eeb c\u00e1c spa cao c\u1ea5p, kh\u00e1ch s\u1ea1n, v\u0103n ph\u00f2ng \u0111\u1ebfn h\u1ed9 gia \u0111\u00ecnh, tinh d\u1ea7u d\u1ea7n tr\u1edf th\u00e0nh m\u1ed9t ph\u1ea7n kh\u00f4ng th\u1ec3 thi\u1ebfu [&hellip;]<\/p>\n","protected":false},"featured_media":11948,"comment_status":"open","ping_status":"closed","template":"","meta":[],"product_brand":[],"product_cat":[23],"product_tag":[],"class_list":{"0":"post-11697","1":"product","2":"type-product","3":"status-publish","4":"has-post-thumbnail","6":"product_cat-gia-cong-san-pham-cham-soc-gia-dinh","8":"first","9":"instock","10":"shipping-taxable","11":"product-type-simple"},"_links":{"self":[{"href":"https:\/\/shizencos.com\/en\/wp-json\/wp\/v2\/product\/11697","targetHints":{"allow":["GET"]}}],"collection":[{"href":"https:\/\/shizencos.com\/en\/wp-json\/wp\/v2\/product"}],"about":[{"href":"https:\/\/shizencos.com\/en\/wp-json\/wp\/v2\/types\/product"}],"replies":[{"embeddable":true,"href":"https:\/\/shizencos.com\/en\/wp-json\/wp\/v2\/comments?post=11697"}],"wp:featuredmedia":[{"embeddable":true,"href":"https:\/\/shizencos.com\/en\/wp-json\/wp\/v2\/media\/11948"}],"wp:attachment":[{"href":"https:\/\/shizencos.com\/en\/wp-json\/wp\/v2\/media?parent=11697"}],"wp:term":[{"taxonomy":"product_brand","embeddable":true,"href":"https:\/\/shizencos.com\/en\/wp-json\/wp\/v2\/product_brand?post=11697"},{"taxonomy":"product_cat","embeddable":true,"href":"https:\/\/shizencos.com\/en\/wp-json\/wp\/v2\/product_cat?post=11697"},{"taxonomy":"product_tag","embeddable":true,"href":"https:\/\/shizencos.com\/en\/wp-json\/wp\/v2\/product_tag?post=11697"}],"curies":[{"name":"wp","href":"https:\/\/api.w.org\/{rel}","templated":true}]}}