{"id":11689,"date":"2024-10-28T13:57:39","date_gmt":"2024-10-28T06:57:39","guid":{"rendered":"https:\/\/shizencos.com\/?post_type=product&#038;p=11689"},"modified":"2025-05-26T20:17:04","modified_gmt":"2025-05-26T13:17:04","slug":"gia-cong-kem-duong-da-ba-bau","status":"publish","type":"product","link":"https:\/\/shizencos.com\/en\/gia-cong-kem-duong-da-ba-bau\/","title":{"rendered":"Processing of pregnancy skin cream"},"content":{"rendered":"<p style=\"text-align: justify;\"><i><span style=\"font-weight: 400;\">Shizencos cung c\u1ea5p d\u1ecbch v\u1ee5 gia c\u00f4ng kem d\u01b0\u1ee1ng da b\u00e0 b\u1ea7u ch\u1ea5t l\u01b0\u1ee3ng cao, d\u00e2y chuy\u1ec1n s\u1ea3n xu\u1ea5t hi\u1ec7n \u0111\u1ea1i, gi\u00fap c\u00e1c doanh nghi\u1ec7p x\u00e2y d\u1ef1ng th\u01b0\u01a1ng hi\u1ec7u m\u1ef9 ph\u1ea9m uy t\u00edn trong l\u0129nh v\u1ef1c ch\u0103m s\u00f3c m\u1eb9 v\u00e0 b\u00e9. V\u1edbi c\u00f4ng th\u1ee9c \u0111\u1ed9c quy\u1ec1n v\u00e0 quy tr\u00ecnh s\u1ea3n xu\u1ea5t chuy\u00ean nghi\u1ec7p, ch\u00fang t\u00f4i cam k\u1ebft mang \u0111\u1ebfn s\u1ea3n ph\u1ea9m an to\u00e0n, hi\u1ec7u qu\u1ea3, ph\u00f9 h\u1ee3p v\u1edbi nhu c\u1ea7u th\u1ecb tr\u01b0\u1eddng.\u00a0<\/span><\/i><\/p>\n<p style=\"text-align: justify;\"><i><span style=\"font-weight: 400;\">Check out the article below to learn more about the maternity skin care cream processing service at Shizencos!<\/span><\/i><\/p>\n<h2 style=\"text-align: justify;\"><span style=\"font-size: 14pt;\"><b>1. What is maternity skin care cream processing?<\/b><\/span><\/h2>\n<p style=\"text-align: justify;\"><b>Pregnancy skin care cream <\/b>is<span style=\"font-weight: 400;\"> A specialized skin care product line designed specifically for pregnant women. This product must meet strict safety criteria, not contain toxic chemicals, strong fragrances or irritating ingredients. Common ingredients in pregnancy skin creams include natural extracts such as jojoba oil, avocado oil, aloe vera essence, vitamin E, etc. to moisturize, soften the skin, increase elasticity, prevent stretch marks, and support the mother's skin to stay healthy and smooth throughout pregnancy.<\/span><\/p>\n<p style=\"text-align: justify;\"><strong>Processing of pregnancy skin cream<\/strong> is<span style=\"font-weight: 400;\"> A service in which cosmetic factories like Shizencos will carry out the entire process from formula research, production, packaging, to supporting legal documents for the product. Cosmetic businesses or brands only need to provide ideas\/needs, and the factory will realize them into finished products, bearing the customer's own brand. This service helps businesses save maximum operating costs, while ensuring that the products meet absolute safety standards for mothers and babies.<\/span><\/p>\n<figure id=\"attachment_11836\" aria-describedby=\"caption-attachment-11836\" style=\"width: 1500px\" class=\"wp-caption aligncenter\"><a href=\"https:\/\/shizencos.com\/wp-content\/uploads\/2024\/10\/1-25.png\"><img fetchpriority=\"high\" decoding=\"async\" class=\"size-full wp-image-11836\" src=\"https:\/\/shizencos.com\/wp-content\/uploads\/2024\/10\/1-25.png\" alt=\"Kh\u00e1i qu\u00e1t v\u1ec1 gia c\u00f4ng kem d\u01b0\u1ee1ng da b\u00e0 b\u1ea7u\" width=\"1500\" height=\"600\" title=\"\" srcset=\"https:\/\/shizencos.com\/wp-content\/uploads\/2024\/10\/1-25.png 1500w, https:\/\/shizencos.com\/wp-content\/uploads\/2024\/10\/1-25-150x60.png 150w, https:\/\/shizencos.com\/wp-content\/uploads\/2024\/10\/1-25-18x7.png 18w, https:\/\/shizencos.com\/wp-content\/uploads\/2024\/10\/1-25-300x120.png 300w, https:\/\/shizencos.com\/wp-content\/uploads\/2024\/10\/1-25-768x307.png 768w, https:\/\/shizencos.com\/wp-content\/uploads\/2024\/10\/1-25-1024x410.png 1024w, https:\/\/shizencos.com\/wp-content\/uploads\/2024\/10\/1-25-600x240.png 600w\" sizes=\"(max-width: 1500px) 100vw, 1500px\" \/><\/a><figcaption id=\"caption-attachment-11836\" class=\"wp-caption-text\">Overview of pregnancy skin care cream processing<\/figcaption><\/figure>\n<h2 style=\"text-align: justify;\"><span style=\"font-size: 14pt;\"><b>2. Benefits of choosing to manufacture maternity skin cream<\/b><\/span><\/h2>\n<p style=\"text-align: justify;\"><span style=\"font-weight: 400;\">Cooperating with a professional processing factory brings many practical values \u200b\u200bto cosmetic businesses. Not only does it optimize resources and save costs, but it also helps products meet quality standards and quickly launch to the market. Below are the outstanding benefits when choosing to process maternity skin cream:<\/span><\/p>\n<p style=\"text-align: justify;\"><span style=\"font-weight: 400;\">\u2705 Save costs on factory investment, R&amp;D team and management system<\/span><\/p>\n<p style=\"text-align: justify;\"><span style=\"font-weight: 400;\">\u2705 Shorten product research and development time<\/span><\/p>\n<p style=\"text-align: justify;\"><span style=\"font-weight: 400;\">\u2705 Own high quality products with exclusive formula<\/span><\/p>\n<p style=\"text-align: justify;\"><span style=\"font-weight: 400;\">\u2705 Flexible order quantity, suitable for both startups and large businesses<\/span><\/p>\n<p style=\"text-align: justify;\"><span style=\"font-weight: 400;\">\u2705 Support all legal documents, testing, product declaration<\/span><\/p>\n<h2 style=\"text-align: justify;\"><span style=\"font-size: 14pt;\"><b>3. Processing maternity skin cream at Shizencos<\/b><\/span><\/h2>\n<p style=\"text-align: justify;\"><span style=\"font-weight: 400;\">To succeed in the potential mother and baby cosmetics market, cooperation with a reputable and experienced manufacturing partner is a key factor. Shizencos is proud to be a CGMP - ISO - FDA standard cosmetic manufacturing factory, ready to accompany and realize all your business ideas.<\/span><\/p>\n<figure id=\"attachment_11837\" aria-describedby=\"caption-attachment-11837\" style=\"width: 1500px\" class=\"wp-caption aligncenter\"><a href=\"https:\/\/shizencos.com\/wp-content\/uploads\/2024\/10\/2-24.png\"><img decoding=\"async\" class=\"size-full wp-image-11837\" src=\"https:\/\/shizencos.com\/wp-content\/uploads\/2024\/10\/2-24.png\" alt=\"Th\u00e0nh ph\u1ea7n ch\u1ea5t kem d\u01b0\u1ee1ng da l\u00e0nh t\u00ednh cho m\u1eb9 b\u1ea7u\" width=\"1500\" height=\"600\" title=\"\" srcset=\"https:\/\/shizencos.com\/wp-content\/uploads\/2024\/10\/2-24.png 1500w, https:\/\/shizencos.com\/wp-content\/uploads\/2024\/10\/2-24-150x60.png 150w, https:\/\/shizencos.com\/wp-content\/uploads\/2024\/10\/2-24-18x7.png 18w, https:\/\/shizencos.com\/wp-content\/uploads\/2024\/10\/2-24-300x120.png 300w, https:\/\/shizencos.com\/wp-content\/uploads\/2024\/10\/2-24-768x307.png 768w, https:\/\/shizencos.com\/wp-content\/uploads\/2024\/10\/2-24-1024x410.png 1024w, https:\/\/shizencos.com\/wp-content\/uploads\/2024\/10\/2-24-600x240.png 600w\" sizes=\"(max-width: 1500px) 100vw, 1500px\" \/><\/a><figcaption id=\"caption-attachment-11837\" class=\"wp-caption-text\">Ingredients of safe skin cream for pregnant women<\/figcaption><\/figure>\n<h3 style=\"text-align: justify;\"><span style=\"font-size: 14pt;\"><b>3.1 Diverse formulas for pregnancy skin care creams<\/b><\/span><\/h3>\n<p style=\"text-align: justify;\"><span style=\"font-weight: 400;\">With the increasingly specialized skin care needs for pregnant mothers, owning a diverse product portfolio suitable for many customer segments is a great competitive advantage. Shizencos provides popular maternity skin care cream processing formulas on the market, helping businesses easily choose or customize according to brand orientation.<\/span><\/p>\n<ul style=\"text-align: justify;\">\n<li style=\"font-weight: 400;\" aria-level=\"1\"><span style=\"font-weight: 400;\">Deep moisturizing cream for dry sensitive skin<\/span><\/li>\n<li style=\"font-weight: 400;\" aria-level=\"1\"><span style=\"font-weight: 400;\">Anti-stretch mark cream for pregnant women<\/span><\/li>\n<li style=\"font-weight: 400;\" aria-level=\"1\"><span style=\"font-weight: 400;\">Anti-aging skin cream for pregnant women<\/span><\/li>\n<li style=\"font-weight: 400;\" aria-level=\"1\"><span style=\"font-weight: 400;\">Cream soothes skin, reduces itching during pregnancy<\/span><\/li>\n<li style=\"font-weight: 400;\" aria-level=\"1\"><span style=\"font-weight: 400;\">Organic skin cream for pregnant women<\/span><\/li>\n<li style=\"font-weight: 400;\" aria-level=\"1\"><span style=\"font-weight: 400;\">Safe herbal skin care cream<\/span><\/li>\n<li style=\"font-weight: 400;\" aria-level=\"1\"><span style=\"font-weight: 400;\">Multi-purpose cream: moisturizes \u2013 restores \u2013 brightens<\/span><\/li>\n<\/ul>\n<p style=\"text-align: justify;\"><span style=\"font-weight: 400;\">The R&amp;D team at Shizencos is always ready to accompany, advise and optimize the most suitable processing solutions for partners.<\/span><\/p>\n<figure id=\"attachment_11838\" aria-describedby=\"caption-attachment-11838\" style=\"width: 1500px\" class=\"wp-caption aligncenter\"><a href=\"https:\/\/shizencos.com\/wp-content\/uploads\/2024\/10\/3-19.png\"><img decoding=\"async\" class=\"size-full wp-image-11838\" src=\"https:\/\/shizencos.com\/wp-content\/uploads\/2024\/10\/3-19.png\" alt=\"M\u1ed9t s\u1ed1 l\u01b0u \u00fd trong qu\u00e1 tr\u00ecnh gia c\u00f4ng s\u1ea3n ph\u1ea9m\" width=\"1500\" height=\"600\" title=\"\" srcset=\"https:\/\/shizencos.com\/wp-content\/uploads\/2024\/10\/3-19.png 1500w, https:\/\/shizencos.com\/wp-content\/uploads\/2024\/10\/3-19-150x60.png 150w, https:\/\/shizencos.com\/wp-content\/uploads\/2024\/10\/3-19-18x7.png 18w, https:\/\/shizencos.com\/wp-content\/uploads\/2024\/10\/3-19-300x120.png 300w, https:\/\/shizencos.com\/wp-content\/uploads\/2024\/10\/3-19-768x307.png 768w, https:\/\/shizencos.com\/wp-content\/uploads\/2024\/10\/3-19-1024x410.png 1024w, https:\/\/shizencos.com\/wp-content\/uploads\/2024\/10\/3-19-600x240.png 600w\" sizes=\"(max-width: 1500px) 100vw, 1500px\" \/><\/a><figcaption id=\"caption-attachment-11838\" class=\"wp-caption-text\">Some notes during product processing<\/figcaption><\/figure>\n<h3 style=\"text-align: justify;\"><span style=\"font-size: 14pt;\"><b>3.2 Process of manufacturing maternity skin cream at Shizencos\u00a0<\/b><\/span><\/h3>\n<p style=\"text-align: justify;\"><span style=\"font-weight: 400; font-size: 12pt;\">At Shizencos, the maternity skin care cream manufacturing process is clearly and professionally established, ensuring product quality meets international standards. Below are the detailed steps in the manufacturing process:<\/span><\/p>\n<p style=\"text-align: justify;\"><span style=\"font-size: 12pt;\"><b>Step 1: <\/b><span style=\"font-weight: 400;\">Contact for consultation \u2013 Listen to requests and advise on appropriate formulas.<\/span><\/span><\/p>\n<p style=\"text-align: justify;\"><span style=\"font-size: 12pt;\"><b>Step 2:<\/b><span style=\"font-weight: 400;\"> Research and Development \u2013 \u200b\u200bR&amp;D team researches and develops optimal formulas.<\/span><\/span><\/p>\n<p style=\"text-align: justify;\"><span style=\"font-size: 12pt;\"><b>Step 3: <\/b><span style=\"font-weight: 400;\">Send samples and adjust \u2013 Provide samples, adjust based on feedback.<\/span><\/span><\/p>\n<p style=\"text-align: justify;\"><span style=\"font-size: 12pt;\"><b>Step 4:<\/b><span style=\"font-weight: 400;\"> Finalize sample and quote \u2013 Confirm final formula, calculate cost<\/span><\/span><\/p>\n<p style=\"text-align: justify;\"><span style=\"font-size: 12pt;\"><b>Step 5:<\/b><span style=\"font-weight: 400;\"> Signing contract and cooperation \u2013 Both parties agree and sign the processing contract.<\/span><\/span><\/p>\n<p style=\"text-align: justify;\"><span style=\"font-size: 12pt;\"><b>Step 6: <\/b><span style=\"font-weight: 400;\">Prepare ingredients and stir the tank <\/span><span style=\"font-weight: 400;\">\u2013<\/span><span style=\"font-weight: 400;\"> \u2013 Import and check the quality of input materials.<\/span><\/span><\/p>\n<p style=\"text-align: justify;\"><span style=\"font-size: 12pt;\"><b>Step 7:<\/b><span style=\"font-weight: 400;\"> Mass production \u2013 Put into production according to GMP standards.<\/span><\/span><\/p>\n<p style=\"text-align: justify;\"><span style=\"font-size: 12pt;\"><b>Step 8: <\/b><span style=\"font-weight: 400;\">Product packaging \u2013 Filling, sealing, labeling according to design.<\/span><\/span><\/p>\n<p style=\"text-align: justify;\"><span style=\"font-size: 12pt;\"><b>Step 9:<\/b><span style=\"font-weight: 400;\"> Delivery and post-production support \u2013 On-time delivery, legal support and business strategy.<\/span><\/span><\/p>\n<h2 style=\"text-align: justify;\"><span style=\"font-size: 14pt;\"><b>Conclude<\/b><\/span><\/h2>\n<p style=\"text-align: justify;\"><span style=\"font-weight: 400;\">V\u1edbi Shizencos, gia c\u00f4ng kem d\u01b0\u1ee1ng da b\u00e0 b\u1ea7u kh\u00f4ng ch\u1ec9 gi\u00fap doanh nghi\u1ec7p ti\u1ebft ki\u1ec7m chi ph\u00ed v\u00e0 th\u1eddi gian, m\u00e0 c\u00f2n \u0111\u1ea3m b\u1ea3o ch\u1ea5t l\u01b0\u1ee3ng v\u01b0\u1ee3t tr\u1ed9i v\u00e0 an to\u00e0n tuy\u1ec7t \u0111\u1ed1i. V\u1edbi quy tr\u00ecnh gia c\u00f4ng \u0111\u1ea1t chu\u1ea9n, ch\u00fang t\u00f4i cam k\u1ebft mang l\u1ea1i cho b\u1ea1n nh\u1eefng s\u1ea3n ph\u1ea9m ch\u1ea5t l\u01b0\u1ee3ng cao, ph\u00f9 h\u1ee3p v\u1edbi xu h\u01b0\u1edbng ti\u00eau d\u00f9ng v\u00e0 nhu c\u1ea7u th\u1ef1c t\u1ebf c\u1ee7a th\u1ecb tr\u01b0\u1eddng. Li\u00ean h\u1ec7 ngay v\u1edbi Shizencos \u0111\u1ec3 nh\u1eadn t\u01b0 v\u1ea5n mi\u1ec5n ph\u00ed v\u00e0 b\u1eaft \u0111\u1ea7u d\u1ef1 \u00e1n gia c\u00f4ng kem d\u01b0\u1ee1ng da b\u00e0 b\u1ea7u c\u1ee7a b\u1ea1n!<\/span><\/p>","protected":false},"excerpt":{"rendered":"<p><span style=\"font-weight: 400;\">Shizencos cung c\u1ea5p c\u00e1c c\u00f4ng th\u1ee9c gia c\u00f4ng kem d\u01b0\u1ee1ng da b\u00e0 b\u1ea7u \u0111ang \u0111\u01b0\u1ee3c \u01b0a chu\u1ed9ng tr\u00ean th\u1ecb tr\u01b0\u1eddng, gi\u00fap doanh nghi\u1ec7p d\u1ec5 d\u00e0ng ch\u1ecdn l\u1ef1a ho\u1eb7c t\u00f9y ch\u1ec9nh theo \u0111\u1ecbnh h\u01b0\u1edbng th\u01b0\u01a1ng hi\u1ec7u.<\/span><\/p>","protected":false},"featured_media":11690,"comment_status":"open","ping_status":"closed","template":"","meta":[],"product_brand":[],"product_cat":[22],"product_tag":[],"class_list":{"0":"post-11689","1":"product","2":"type-product","3":"status-publish","4":"has-post-thumbnail","6":"product_cat-gia-cong-san-pham-cham-soc-me-va-be","8":"first","9":"instock","10":"shipping-taxable","11":"product-type-simple"},"_links":{"self":[{"href":"https:\/\/shizencos.com\/en\/wp-json\/wp\/v2\/product\/11689","targetHints":{"allow":["GET"]}}],"collection":[{"href":"https:\/\/shizencos.com\/en\/wp-json\/wp\/v2\/product"}],"about":[{"href":"https:\/\/shizencos.com\/en\/wp-json\/wp\/v2\/types\/product"}],"replies":[{"embeddable":true,"href":"https:\/\/shizencos.com\/en\/wp-json\/wp\/v2\/comments?post=11689"}],"wp:featuredmedia":[{"embeddable":true,"href":"https:\/\/shizencos.com\/en\/wp-json\/wp\/v2\/media\/11690"}],"wp:attachment":[{"href":"https:\/\/shizencos.com\/en\/wp-json\/wp\/v2\/media?parent=11689"}],"wp:term":[{"taxonomy":"product_brand","embeddable":true,"href":"https:\/\/shizencos.com\/en\/wp-json\/wp\/v2\/product_brand?post=11689"},{"taxonomy":"product_cat","embeddable":true,"href":"https:\/\/shizencos.com\/en\/wp-json\/wp\/v2\/product_cat?post=11689"},{"taxonomy":"product_tag","embeddable":true,"href":"https:\/\/shizencos.com\/en\/wp-json\/wp\/v2\/product_tag?post=11689"}],"curies":[{"name":"wp","href":"https:\/\/api.w.org\/{rel}","templated":true}]}}