{"id":11686,"date":"2024-10-28T13:51:12","date_gmt":"2024-10-28T06:51:12","guid":{"rendered":"https:\/\/shizencos.com\/?post_type=product&#038;p=11686"},"modified":"2025-05-06T11:33:24","modified_gmt":"2025-05-06T04:33:24","slug":"gia-cong-kem-duong-am-em-be","status":"publish","type":"product","link":"https:\/\/shizencos.com\/en\/gia-cong-kem-duong-am-em-be\/","title":{"rendered":"Gia c\u00f4ng kem d\u01b0\u1ee1ng \u1ea9m em b\u00e9"},"content":{"rendered":"<p><i><span style=\"font-weight: 400;\">Shizencos cung c\u1ea5p d\u1ecbch v\u1ee5 gia c\u00f4ng kem d\u01b0\u1ee1ng \u1ea9m em b\u00e9 ch\u1ea5t l\u01b0\u1ee3ng cao, \u0111\u00e1p \u1ee9ng nhu c\u1ea7u th\u1ecb tr\u01b0\u1eddng m\u1ef9 ph\u1ea9m ch\u0103m s\u00f3c m\u1eb9 v\u00e0 b\u00e9. V\u1edbi nh\u00e0 m\u00e1y \u0111\u1ea1t chu\u1ea9n CGMP, ISO, FDA, Shizencos h\u1ed7 tr\u1ee3 c\u00e1c th\u01b0\u01a1ng hi\u1ec7u t\u1eeb c\u00f4ng th\u1ee9c \u0111\u1ed9c quy\u1ec1n \u0111\u1ebfn thi\u1ebft k\u1ebf bao b\u00ec, gi\u00fap b\u1ea1n nhanh ch\u00f3ng \u0111\u01b0a s\u1ea3n ph\u1ea9m ra th\u1ecb tr\u01b0\u1eddng. \u0110\u1ea3m b\u1ea3o an to\u00e0n, ch\u1ea5t l\u01b0\u1ee3ng v\u00e0 t\u1ed1i \u01b0u chi ph\u00ed. T\u00ecm hi\u1ec3u th\u00eam v\u1ec1 quy tr\u00ecnh gia c\u00f4ng t\u1ea1i Shizencos ngay b\u00e0i vi\u1ebft b\u00ean d\u01b0\u1edbi!<\/span><\/i><\/p>\n<h2><span style=\"font-size: 14pt;\"><b>1. Gia c\u00f4ng kem d\u01b0\u1ee1ng \u1ea9m em b\u00e9 l\u00e0 g\u00ec?<\/b><\/span><\/h2>\n<p><b>Kem d\u01b0\u1ee1ng \u1ea9m em b\u00e9<\/b> is <span style=\"font-weight: 400;\">s\u1ea3n ph\u1ea9m ch\u0103m s\u00f3c da chuy\u00ean bi\u1ec7t d\u00e0nh cho tr\u1ebb s\u01a1 sinh v\u00e0 tr\u1ebb nh\u1ecf, v\u1edbi m\u1ee5c \u0111\u00edch c\u1ea5p \u1ea9m, kh\u00f3a \u1ea9m v\u00e0 duy tr\u00ec \u0111\u1ed9 m\u1ec1m m\u1ea1i t\u1ef1 nhi\u00ean cho l\u00e0n da nh\u1ea1y c\u1ea3m. C\u00e1c s\u1ea3n ph\u1ea9m n\u00e0y th\u01b0\u1eddng ch\u1ee9a c\u00e1c th\u00e0nh ph\u1ea7n d\u1ecbu nh\u1eb9, l\u00e0nh t\u00ednh nh\u01b0 chi\u1ebft xu\u1ea5t t\u1ef1 nhi\u00ean, ceramide, glycerin, b\u01a1 h\u1ea1t m\u1ee1&#8230;, kh\u00f4ng ch\u1ee9a h\u01b0\u01a1ng li\u1ec7u t\u1ed5ng h\u1ee3p, parabens hay c\u00e1c ch\u1ea5t g\u00e2y k\u00edch \u1ee9ng. Kem d\u01b0\u1ee1ng \u1ea9m em b\u00e9 c\u00f2n \u0111\u00f3ng vai tr\u00f2 nh\u01b0 m\u1ed9t l\u1edbp m\u00e0ng b\u1ea3o v\u1ec7, gi\u00fap h\u1ea1n ch\u1ebf t\u00ecnh tr\u1ea1ng kh\u00f4 da, bong tr\u00f3c, m\u1ea9n \u0111\u1ecf do th\u1eddi ti\u1ebft ho\u1eb7c t\u00e1c \u0111\u1ed9ng m\u00f4i tr\u01b0\u1eddng.<\/span><\/p>\n<p><b>Gia c\u00f4ng kem d\u01b0\u1ee1ng \u1ea9m em b\u00e9<\/b> is <span style=\"font-weight: 400;\">qu\u00e1 tr\u00ecnh m\u00e0 c\u00e1c doanh nghi\u1ec7p, th\u01b0\u01a1ng hi\u1ec7u m\u1ef9 ph\u1ea9m h\u1ee3p t\u00e1c v\u1edbi m\u1ed9t nh\u00e0 m\u00e1y s\u1ea3n xu\u1ea5t chuy\u00ean nghi\u1ec7p \u0111\u1ec3 t\u1ea1o ra s\u1ea3n ph\u1ea9m d\u01b0\u1ee1ng \u1ea9m d\u00e0nh ri\u00eang cho em b\u00e9. Trong m\u00f4 h\u00ecnh gia c\u00f4ng n\u00e0y, nh\u00e0 m\u00e1y nh\u01b0 Shizencos s\u1ebd ch\u1ecbu tr\u00e1ch nhi\u1ec7m to\u00e0n b\u1ed9 quy tr\u00ecnh: t\u1eeb nghi\u00ean c\u1ee9u, ph\u00e1t tri\u1ec3n c\u00f4ng th\u1ee9c, s\u1ea3n xu\u1ea5t, ki\u1ec3m nghi\u1ec7m ch\u1ea5t l\u01b0\u1ee3ng, cho \u0111\u1ebfn thi\u1ebft k\u1ebf bao b\u00ec v\u00e0 h\u1ed7 tr\u1ee3 th\u1ee7 t\u1ee5c ph\u00e1p l\u00fd. C\u00e1c th\u01b0\u01a1ng hi\u1ec7u c\u00f3 th\u1ec3 t\u00f9y ch\u1ec9nh th\u00e0nh ph\u1ea7n, \u0111\u1eb7c t\u00ednh s\u1ea3n ph\u1ea9m theo \u0111\u1ecbnh h\u01b0\u1edbng kinh doanh ri\u00eang m\u00e0 kh\u00f4ng c\u1ea7n ph\u1ea3i \u0111\u1ea7u t\u01b0 h\u1ec7 th\u1ed1ng s\u1ea3n xu\u1ea5t ph\u1ee9c t\u1ea1p.<\/span><\/p>\n<figure id=\"attachment_11841\" aria-describedby=\"caption-attachment-11841\" style=\"width: 1500px\" class=\"wp-caption aligncenter\"><a href=\"https:\/\/shizencos.com\/wp-content\/uploads\/2024\/10\/1-26.png\"><img fetchpriority=\"high\" decoding=\"async\" class=\"size-full wp-image-11841\" src=\"https:\/\/shizencos.com\/wp-content\/uploads\/2024\/10\/1-26.png\" alt=\"Gi\u1edbi thi\u1ec7u v\u1ec1 s\u1ea3n ph\u1ea9m gia c\u00f4ng kem n\u1ebb em b\u00e9 hot tr\u00ean th\u1ecb tr\u01b0\u1eddng\" width=\"1500\" height=\"600\" title=\"\" srcset=\"https:\/\/shizencos.com\/wp-content\/uploads\/2024\/10\/1-26.png 1500w, https:\/\/shizencos.com\/wp-content\/uploads\/2024\/10\/1-26-150x60.png 150w, https:\/\/shizencos.com\/wp-content\/uploads\/2024\/10\/1-26-18x7.png 18w, https:\/\/shizencos.com\/wp-content\/uploads\/2024\/10\/1-26-300x120.png 300w, https:\/\/shizencos.com\/wp-content\/uploads\/2024\/10\/1-26-768x307.png 768w, https:\/\/shizencos.com\/wp-content\/uploads\/2024\/10\/1-26-1024x410.png 1024w, https:\/\/shizencos.com\/wp-content\/uploads\/2024\/10\/1-26-600x240.png 600w\" sizes=\"(max-width: 1500px) 100vw, 1500px\" \/><\/a><figcaption id=\"caption-attachment-11841\" class=\"wp-caption-text\">Gi\u1edbi thi\u1ec7u v\u1ec1 s\u1ea3n ph\u1ea9m gia c\u00f4ng kem n\u1ebb em b\u00e9 hot tr\u00ean th\u1ecb tr\u01b0\u1eddng<\/figcaption><\/figure>\n<h2><span style=\"font-size: 14pt;\"><b>2. L\u1ee3i \u00edch c\u1ee7a vi\u1ec7c l\u1ef1a ch\u1ecdn gia c\u00f4ng kem d\u01b0\u1ee1ng \u1ea9m em b\u00e9<\/b><\/span><\/h2>\n<p><span style=\"font-weight: 400;\">Trong b\u1ed1i c\u1ea3nh th\u1ecb tr\u01b0\u1eddng m\u1ef9 ph\u1ea9m ch\u0103m s\u00f3c m\u1eb9 v\u00e0 b\u00e9 ng\u00e0y c\u00e0ng c\u1ea1nh tranh, vi\u1ec7c t\u1ef1 ph\u00e1t tri\u1ec3n s\u1ea3n ph\u1ea9m m\u1edbi th\u01b0\u1eddng \u0111\u00f2i h\u1ecfi ngu\u1ed3n l\u1ef1c l\u1edbn v\u00e0 nhi\u1ec1u th\u1eddi gian. Gia c\u00f4ng kem d\u01b0\u1ee1ng \u1ea9m em b\u00e9 l\u00e0 l\u1ef1a ch\u1ecdn th\u00f4ng minh gi\u00fap c\u00e1c th\u01b0\u01a1ng hi\u1ec7u t\u1ed1i \u01b0u h\u00f3a chi ph\u00ed, nhanh ch\u00f3ng ra m\u1eaft s\u1ea3n ph\u1ea9m ch\u1ea5t l\u01b0\u1ee3ng cao v\u00e0 t\u1eadp trung v\u00e0o ph\u00e1t tri\u1ec3n th\u01b0\u01a1ng hi\u1ec7u b\u1ec1n v\u1eefng. C\u00f9ng t\u00ecm hi\u1ec3u nh\u1eefng l\u1ee3i \u00edch n\u1ed5i b\u1eadt khi l\u1ef1a ch\u1ecdn d\u1ecbch v\u1ee5 gia c\u00f4ng n\u00e0y.<\/span><\/p>\n<p><span style=\"font-weight: 400;\">\u2705 Save costs on factory investment, personnel and management systems<\/span><\/p>\n<p><span style=\"font-weight: 400;\">\u2705 Shorten product research and development time<\/span><\/p>\n<p><span style=\"font-weight: 400;\">\u2705 \u0110\u1ed9i ng\u0169 R&amp;D nhi\u1ec1u n\u0103m kinh nghi\u1ec7m h\u1ed7 tr\u1ee3 ph\u00e1t tri\u1ec3n c\u00f4ng th\u1ee9c \u0111\u1ed9c quy\u1ec1n<\/span><\/p>\n<p><span style=\"font-weight: 400;\">\u2705 Ensure product quality meets CGMP, ISO, FDA standards<\/span><\/p>\n<p><span style=\"font-weight: 400;\">\u2705 Linh ho\u1ea1t s\u1ed1 l\u01b0\u1ee3ng \u0111\u1eb7t h\u00e0ng, ph\u00f9 h\u1ee3p v\u1edbi t\u1eebng quy m\u00f4 th\u01b0\u01a1ng hi\u1ec7u<\/span><\/p>\n<p><span style=\"font-weight: 400;\">\u2705 Support all legal documents, testing, product declaration<\/span><\/p>\n<h2><span style=\"font-size: 14pt;\"><b>3. Gia c\u00f4ng kem d\u01b0\u1ee1ng \u1ea9m em b\u00e9 t\u1ea1i Shizencos<\/b><\/span><\/h2>\n<p><span style=\"font-weight: 400;\">\u0110\u1ec3 x\u00e2y d\u1ef1ng m\u1ed9t s\u1ea3n ph\u1ea9m kem d\u01b0\u1ee1ng \u1ea9m em b\u00e9 th\u00e0nh c\u00f4ng, kh\u00f4ng ch\u1ec9 c\u1ea7n c\u00f4ng th\u1ee9c t\u1ed1t m\u00e0 c\u00f2n \u0111\u00f2i h\u1ecfi m\u1ed9t quy tr\u00ecnh s\u1ea3n xu\u1ea5t chuy\u00ean nghi\u1ec7p v\u00e0 \u0111\u1ed3ng h\u00e0nh t\u1eeb \u0111\u1ed1i t\u00e1c uy t\u00edn. V\u1edbi n\u1ec1n t\u1ea3ng v\u1eefng ch\u1eafc v\u00e0 kinh nghi\u1ec7m l\u00e2u n\u0103m trong l\u0129nh v\u1ef1c gia c\u00f4ng m\u1ef9 ph\u1ea9m, Shizencos ch\u00ednh l\u00e0 s\u1ef1 l\u1ef1a ch\u1ecdn l\u00fd t\u01b0\u1edfng \u0111\u1ec3 bi\u1ebfn \u00fd t\u01b0\u1edfng s\u1ea3n ph\u1ea9m c\u1ee7a b\u1ea1n th\u00e0nh hi\u1ec7n th\u1ef1c.<\/span><\/p>\n<figure id=\"attachment_11842\" aria-describedby=\"caption-attachment-11842\" style=\"width: 1500px\" class=\"wp-caption aligncenter\"><a href=\"https:\/\/shizencos.com\/wp-content\/uploads\/2024\/10\/3-20.png\"><img decoding=\"async\" class=\"size-full wp-image-11842\" src=\"https:\/\/shizencos.com\/wp-content\/uploads\/2024\/10\/3-20.png\" alt=\"T\u1ea1i sao kh\u00e1ch h\u00e0ng n\u00ean ch\u1ecdn gia c\u00f4ng kem n\u1ebb em b\u00e9 th\u1eddi \u0111i\u1ec3m 2025\" width=\"1500\" height=\"600\" title=\"\" srcset=\"https:\/\/shizencos.com\/wp-content\/uploads\/2024\/10\/3-20.png 1500w, https:\/\/shizencos.com\/wp-content\/uploads\/2024\/10\/3-20-150x60.png 150w, https:\/\/shizencos.com\/wp-content\/uploads\/2024\/10\/3-20-18x7.png 18w, https:\/\/shizencos.com\/wp-content\/uploads\/2024\/10\/3-20-300x120.png 300w, https:\/\/shizencos.com\/wp-content\/uploads\/2024\/10\/3-20-768x307.png 768w, https:\/\/shizencos.com\/wp-content\/uploads\/2024\/10\/3-20-1024x410.png 1024w, https:\/\/shizencos.com\/wp-content\/uploads\/2024\/10\/3-20-600x240.png 600w\" sizes=\"(max-width: 1500px) 100vw, 1500px\" \/><\/a><figcaption id=\"caption-attachment-11842\" class=\"wp-caption-text\">T\u1ea1i sao kh\u00e1ch h\u00e0ng n\u00ean ch\u1ecdn gia c\u00f4ng kem n\u1ebb em b\u00e9 th\u1eddi \u0111i\u1ec3m 2025<\/figcaption><\/figure>\n<h3><span style=\"font-size: 14pt;\"><b>3.1 C\u00f4ng th\u1ee9c kem d\u01b0\u1ee1ng \u1ea9m em b\u00e9 \u0111a d\u1ea1ng<\/b><\/span><\/h3>\n<p><span style=\"font-weight: 400;\">Khi t\u00ecm ki\u1ebfm \u0111\u1ed1i t\u00e1c gia c\u00f4ng kem d\u01b0\u1ee1ng \u1ea9m em b\u00e9, c\u00e1c th\u01b0\u01a1ng hi\u1ec7u kinh doanh m\u1ef9 ph\u1ea9m c\u1ea7n m\u1ed9t nh\u00e0 m\u00e1y c\u00f3 kh\u1ea3 n\u0103ng cung c\u1ea5p c\u00f4ng th\u1ee9c phong ph\u00fa, \u0111\u00e1p \u1ee9ng c\u00e1c xu h\u01b0\u1edbng th\u1ecb tr\u01b0\u1eddng kh\u00e1c nhau. Shizencos t\u1ef1 h\u00e0o s\u1edf h\u1eefu kho c\u00f4ng th\u1ee9c \u0111a d\u1ea1ng, ph\u00f9 h\u1ee3p v\u1edbi nhi\u1ec1u ph\u00e2n kh\u00fac t\u1eeb ph\u1ed5 th\u00f4ng \u0111\u1ebfn cao c\u1ea5p, gi\u00fap doanh nghi\u1ec7p d\u1ec5 d\u00e0ng m\u1edf r\u1ed9ng danh m\u1ee5c s\u1ea3n ph\u1ea9m ch\u0103m s\u00f3c m\u1eb9 v\u00e0 b\u00e9.<\/span><\/p>\n<ul>\n<li style=\"font-weight: 400;\" aria-level=\"1\"><b>Kem d\u01b0\u1ee1ng \u1ea9m ch\u1ed1ng h\u0103m t\u00e3<\/b><span style=\"font-weight: 400;\">: D\u00e0nh cho vi\u1ec7c b\u1ea3o v\u1ec7 v\u00e0 l\u00e0m d\u1ecbu da b\u00e9, tr\u00e1nh t\u00ecnh tr\u1ea1ng h\u0103m t\u00e3 do ma s\u00e1t v\u00e0 vi khu\u1ea9n.<\/span><\/li>\n<li style=\"font-weight: 400;\" aria-level=\"1\"><b>Kem d\u01b0\u1ee1ng \u1ea9m ch\u1ed1ng n\u1ee9t n\u1ebb da<\/b><span style=\"font-weight: 400;\">: Gi\u00fap b\u1ea3o v\u1ec7 v\u00e0 duy tr\u00ec \u0111\u1ed9 \u1ea9m cho da b\u00e9, ng\u0103n ng\u1eeba t\u00ecnh tr\u1ea1ng n\u1ee9t n\u1ebb, kh\u00f4 da.<\/span><\/li>\n<li style=\"font-weight: 400;\" aria-level=\"1\"><b>Kem d\u01b0\u1ee1ng \u1ea9m tr\u1eafng t\u1ef1 nhi\u00ean cho b\u00e9<\/b><span style=\"font-weight: 400;\">: D\u01b0\u1ee1ng da m\u1ecbn m\u00e0ng, s\u00e1ng kh\u1ecfe m\u1ed9t c\u00e1ch t\u1ef1 nhi\u00ean, kh\u00f4ng ch\u1ee9a c\u00e1c th\u00e0nh ph\u1ea7n t\u1ea9y tr\u1eafng h\u00f3a h\u1ecdc.<\/span><\/li>\n<li style=\"font-weight: 400;\" aria-level=\"1\"><b>Kem d\u01b0\u1ee1ng \u1ea9m \u0111a n\u0103ng 2in1 d\u01b0\u1ee1ng da &amp; ch\u1ed1ng n\u1ebb<\/b><span style=\"font-weight: 400;\">: Ph\u00f9 h\u1ee3p cho b\u00e9, v\u1eeba cung c\u1ea5p \u0111\u1ed9 \u1ea9m, v\u1eeba b\u1ea3o v\u1ec7 da kh\u1ecfi t\u00ecnh tr\u1ea1ng n\u1ebb, kh\u00f4 r\u00e1p.<\/span><\/li>\n<li style=\"font-weight: 400;\" aria-level=\"1\"><b>Kem d\u01b0\u1ee1ng \u1ea9m ph\u1ee5c h\u1ed3i da k\u00edch \u1ee9ng do m\u00f4i tr\u01b0\u1eddng<\/b><span style=\"font-weight: 400;\">: Ph\u1ee5c h\u1ed3i l\u00e0n da b\u1ecb k\u00edch \u1ee9ng, l\u00e0m d\u1ecbu v\u00e0 c\u1ea5p \u1ea9m cho da b\u1ecb t\u1ed5n th\u01b0\u01a1ng do t\u00e1c \u0111\u1ed9ng m\u00f4i tr\u01b0\u1eddng.<\/span><\/li>\n<\/ul>\n<p><span style=\"font-weight: 400;\">M\u1ed7i c\u00f4ng th\u1ee9c \u0111\u1ec1u \u0111\u01b0\u1ee3c nghi\u00ean c\u1ee9u v\u00e0 ph\u00e1t tri\u1ec3n chuy\u00ean s\u00e2u, d\u1ec5 d\u00e0ng t\u00f9y ch\u1ec9nh theo \u0111\u1ecbnh h\u01b0\u1edbng th\u01b0\u01a1ng hi\u1ec7u \u0111\u1ec3 \u0111\u1ea3m b\u1ea3o t\u00ednh \u0111\u1ed9c quy\u1ec1n, an to\u00e0n v\u00e0 hi\u1ec7u qu\u1ea3 v\u01b0\u1ee3t tr\u1ed9i.<\/span><\/p>\n<figure id=\"attachment_11840\" aria-describedby=\"caption-attachment-11840\" style=\"width: 1500px\" class=\"wp-caption aligncenter\"><a href=\"https:\/\/shizencos.com\/wp-content\/uploads\/2024\/10\/2-25.png\"><img decoding=\"async\" class=\"size-full wp-image-11840\" src=\"https:\/\/shizencos.com\/wp-content\/uploads\/2024\/10\/2-25.png\" alt=\"Shizencos n\u01a1i gia c\u00f4ng uy t\u00edn d\u00f2ng kem cho m\u1eb9 v\u00e0 b\u00e9 \u0111\u00e1ng tin c\u1eady\" width=\"1500\" height=\"600\" title=\"\" srcset=\"https:\/\/shizencos.com\/wp-content\/uploads\/2024\/10\/2-25.png 1500w, https:\/\/shizencos.com\/wp-content\/uploads\/2024\/10\/2-25-150x60.png 150w, https:\/\/shizencos.com\/wp-content\/uploads\/2024\/10\/2-25-18x7.png 18w, https:\/\/shizencos.com\/wp-content\/uploads\/2024\/10\/2-25-300x120.png 300w, https:\/\/shizencos.com\/wp-content\/uploads\/2024\/10\/2-25-768x307.png 768w, https:\/\/shizencos.com\/wp-content\/uploads\/2024\/10\/2-25-1024x410.png 1024w, https:\/\/shizencos.com\/wp-content\/uploads\/2024\/10\/2-25-600x240.png 600w\" sizes=\"(max-width: 1500px) 100vw, 1500px\" \/><\/a><figcaption id=\"caption-attachment-11840\" class=\"wp-caption-text\">Shizencos n\u01a1i gia c\u00f4ng uy t\u00edn d\u00f2ng kem cho m\u1eb9 v\u00e0 b\u00e9 \u0111\u00e1ng tin c\u1eady<\/figcaption><\/figure>\n<h3><span style=\"font-size: 14pt;\"><b>3.2 Quy tr\u00ecnh gia c\u00f4ng kem d\u01b0\u1ee1ng \u1ea9m em b\u00e9 t\u1ea1i Shizencos\u00a0<\/b><\/span><\/h3>\n<p><span style=\"font-weight: 400; font-size: 12pt;\">\u0110\u1ec3 \u0111\u1ea3m b\u1ea3o s\u1ea3n ph\u1ea9m kem d\u01b0\u1ee1ng \u1ea9m em b\u00e9 ch\u1ea5t l\u01b0\u1ee3ng v\u00e0 an to\u00e0n, Shizencos th\u1ef1c hi\u1ec7n quy tr\u00ecnh gia c\u00f4ng chuy\u00ean nghi\u1ec7p, t\u1eeb vi\u1ec7c nghi\u00ean c\u1ee9u c\u00f4ng th\u1ee9c \u0111\u1ebfn s\u1ea3n xu\u1ea5t v\u00e0 thi\u1ebft k\u1ebf bao b\u00ec. Ch\u00fang t\u00f4i cam k\u1ebft mang \u0111\u1ebfn cho kh\u00e1ch h\u00e0ng m\u1ed9t quy tr\u00ecnh \u0111\u01a1n gi\u1ea3n, nhanh ch\u00f3ng v\u00e0 \u0111\u1ea1t chu\u1ea9n qu\u1ed1c t\u1ebf, gi\u00fap b\u1ea1n ra m\u1eaft s\u1ea3n ph\u1ea9m th\u1ecb tr\u01b0\u1eddng nhanh ch\u00f3ng v\u00e0 hi\u1ec7u qu\u1ea3. D\u01b0\u1edbi \u0111\u00e2y l\u00e0 c\u00e1c b\u01b0\u1edbc trong quy tr\u00ecnh gia c\u00f4ng t\u1ea1i Shizencos m\u00e0 ch\u00fang t\u00f4i th\u1ef1c hi\u1ec7n \u0111\u1ec3 \u0111\u1ea3m b\u1ea3o s\u1ef1 th\u00e0nh c\u00f4ng c\u1ee7a s\u1ea3n ph\u1ea9m c\u1ee7a b\u1ea1n.<\/span><\/p>\n<p><span style=\"font-size: 12pt;\"><b>Step 1: <\/b><span style=\"font-weight: 400;\">Contact for consultation \u2013 Listen to requests and advise on appropriate formulas.<\/span><\/span><\/p>\n<p><span style=\"font-size: 12pt;\"><b>Step 2:<\/b><span style=\"font-weight: 400;\"> Research and Development \u2013 \u200b\u200bR&amp;D team researches and develops optimal formulas.<\/span><\/span><\/p>\n<p><span style=\"font-size: 12pt;\"><b>Step 3: <\/b><span style=\"font-weight: 400;\">Send samples and adjust \u2013 Provide samples, adjust based on feedback.<\/span><\/span><\/p>\n<p><span style=\"font-size: 12pt;\"><b>Step 4:<\/b><span style=\"font-weight: 400;\"> Finalize sample and quote \u2013 Confirm final formula, calculate cost<\/span><\/span><\/p>\n<p><span style=\"font-size: 12pt;\"><b>Step 5:<\/b><span style=\"font-weight: 400;\"> Signing contract and cooperation \u2013 Both parties agree and sign the processing contract.<\/span><\/span><\/p>\n<p><span style=\"font-size: 12pt;\"><b>Step 6: <\/b><span style=\"font-weight: 400;\">Prepare ingredients and stir the tank <\/span><span style=\"font-weight: 400;\">\u2013<\/span><span style=\"font-weight: 400;\"> \u2013 Import and check the quality of input materials.<\/span><\/span><\/p>\n<p><span style=\"font-size: 12pt;\"><b>Step 7:<\/b><span style=\"font-weight: 400;\"> Mass production \u2013 Put into production according to GMP standards.<\/span><\/span><\/p>\n<p><span style=\"font-size: 12pt;\"><b>Step 8: <\/b><span style=\"font-weight: 400;\">Product packaging \u2013 Filling, sealing, labeling according to design.<\/span><\/span><\/p>\n<p><span style=\"font-size: 12pt;\"><b>Step 9:<\/b><span style=\"font-weight: 400;\"> Delivery and post-production support \u2013 On-time delivery, legal support and business strategy.<\/span><\/span><\/p>\n<h2><span style=\"font-size: 14pt;\"><b>Conclude<\/b><\/span><\/h2>\n<p><span style=\"font-weight: 400;\">Gia c\u00f4ng kem d\u01b0\u1ee1ng \u1ea9m em b\u00e9 t\u1ea1i Shizencos kh\u00f4ng ch\u1ec9 l\u00e0 gi\u1ea3i ph\u00e1p t\u1ed1i \u01b0u \u0111\u1ec3 hi\u1ec7n th\u1ef1c h\u00f3a \u00fd t\u01b0\u1edfng s\u1ea3n ph\u1ea9m c\u1ee7a b\u1ea1n, m\u00e0 c\u00f2n l\u00e0 b\u01b0\u1edbc \u0111i v\u1eefng ch\u1eafc \u0111\u1ec3 x\u00e2y d\u1ef1ng th\u01b0\u01a1ng hi\u1ec7u m\u1ef9 ph\u1ea9m m\u1eb9 v\u00e0 b\u00e9 uy t\u00edn tr\u00ean th\u1ecb tr\u01b0\u1eddng. V\u1edbi nh\u00e0 m\u00e1y chu\u1ea9n qu\u1ed1c t\u1ebf, c\u00f4ng th\u1ee9c linh ho\u1ea1t, chi ph\u00ed t\u1ed1i \u01b0u v\u00e0 ch\u00ednh s\u00e1ch b\u1ea3o m\u1eadt tuy\u1ec7t \u0111\u1ed1i, Shizencos t\u1ef1 tin l\u00e0 \u0111\u1ed1i t\u00e1c \u0111\u1ed3ng h\u00e0nh l\u00fd t\u01b0\u1edfng cho s\u1ef1 ph\u00e1t tri\u1ec3n l\u00e2u d\u00e0i c\u1ee7a doanh nghi\u1ec7p b\u1ea1n.<\/span><\/p>\n<p><span style=\"font-weight: 400;\">H\u00e3y li\u00ean h\u1ec7 ngay v\u1edbi Shizencos h\u00f4m nay \u0111\u1ec3 nh\u1eadn t\u01b0 v\u1ea5n mi\u1ec5n ph\u00ed v\u00e0 b\u1eaft \u0111\u1ea7u h\u00e0nh tr\u00ecnh x\u00e2y d\u1ef1ng th\u01b0\u01a1ng hi\u1ec7u m\u1ef9 ph\u1ea9m m\u1eb9 v\u00e0 b\u00e9 th\u00e0nh c\u00f4ng!<\/span><\/p>","protected":false},"excerpt":{"rendered":"<p><span style=\"font-weight: 400;\">Gia c\u00f4ng kem d\u01b0\u1ee1ng \u1ea9m em b\u00e9 l\u00e0 l\u1ef1a ch\u1ecdn th\u00f4ng minh gi\u00fap c\u00e1c th\u01b0\u01a1ng hi\u1ec7u t\u1ed1i \u01b0u h\u00f3a chi ph\u00ed, nhanh ch\u00f3ng ra m\u1eaft s\u1ea3n ph\u1ea9m v\u00e0 t\u1eadp trung v\u00e0o ph\u00e1t tri\u1ec3n th\u01b0\u01a1ng hi\u1ec7u b\u1ec1n v\u1eefng. <i>Shizencos h\u1ed7 tr\u1ee3 c\u00e1c th\u01b0\u01a1ng hi\u1ec7u t\u1eeb c\u00f4ng th\u1ee9c \u0111\u1ebfn thi\u1ebft k\u1ebf bao b\u00ec, gi\u00fap b\u1ea1n nhanh ch\u00f3ng \u0111\u01b0a s\u1ea3n ph\u1ea9m ra th\u1ecb tr\u01b0\u1eddng.<\/i><\/span><\/p>","protected":false},"featured_media":11687,"comment_status":"open","ping_status":"closed","template":"","meta":[],"product_brand":[],"product_cat":[22],"product_tag":[],"class_list":{"0":"post-11686","1":"product","2":"type-product","3":"status-publish","4":"has-post-thumbnail","6":"product_cat-gia-cong-san-pham-cham-soc-me-va-be","8":"first","9":"instock","10":"shipping-taxable","11":"product-type-simple"},"_links":{"self":[{"href":"https:\/\/shizencos.com\/en\/wp-json\/wp\/v2\/product\/11686","targetHints":{"allow":["GET"]}}],"collection":[{"href":"https:\/\/shizencos.com\/en\/wp-json\/wp\/v2\/product"}],"about":[{"href":"https:\/\/shizencos.com\/en\/wp-json\/wp\/v2\/types\/product"}],"replies":[{"embeddable":true,"href":"https:\/\/shizencos.com\/en\/wp-json\/wp\/v2\/comments?post=11686"}],"wp:featuredmedia":[{"embeddable":true,"href":"https:\/\/shizencos.com\/en\/wp-json\/wp\/v2\/media\/11687"}],"wp:attachment":[{"href":"https:\/\/shizencos.com\/en\/wp-json\/wp\/v2\/media?parent=11686"}],"wp:term":[{"taxonomy":"product_brand","embeddable":true,"href":"https:\/\/shizencos.com\/en\/wp-json\/wp\/v2\/product_brand?post=11686"},{"taxonomy":"product_cat","embeddable":true,"href":"https:\/\/shizencos.com\/en\/wp-json\/wp\/v2\/product_cat?post=11686"},{"taxonomy":"product_tag","embeddable":true,"href":"https:\/\/shizencos.com\/en\/wp-json\/wp\/v2\/product_tag?post=11686"}],"curies":[{"name":"wp","href":"https:\/\/api.w.org\/{rel}","templated":true}]}}