{"id":11668,"date":"2024-10-28T11:34:39","date_gmt":"2024-10-28T04:34:39","guid":{"rendered":"https:\/\/shizencos.com\/?post_type=product&#038;p=11668"},"modified":"2025-08-28T11:10:28","modified_gmt":"2025-08-28T04:10:28","slug":"gia-cong-son-u-moi","status":"publish","type":"product","link":"https:\/\/shizencos.com\/en\/gia-cong-son-u-moi\/","title":{"rendered":"Lip balm processing"},"content":{"rendered":"<p>Nhu c\u1ea7u d\u01b0\u1ee1ng m\u00f4i ng\u00e0y c\u00e0ng t\u0103ng khi\u1ebfn c\u00e1c th\u01b0\u01a1ng hi\u1ec7u t\u00ecm \u0111\u1ebfn nh\u1eefng s\u1ea3n ph\u1ea9m chuy\u00ean s\u00e2u nh\u01b0 son \u1ee7 m\u00f4i \u0111\u1ec3 n\u00e2ng cao tr\u1ea3i nghi\u1ec7m kh\u00e1ch h\u00e0ng v\u00e0 t\u0103ng s\u1ee9c c\u1ea1nh tranh. Gi\u1ea3i ph\u00e1p hi\u1ec7u qu\u1ea3 l\u00e0 h\u1ee3p t\u00e1c gia c\u00f4ng v\u1edbi nh\u00e0 m\u00e1y m\u1ef9 ph\u1ea9m uy t\u00edn, gi\u00fap hi\u1ec7n th\u1ef1c h\u00f3a \u00fd t\u01b0\u1edfng s\u1ea3n ph\u1ea9m m\u00e0 kh\u00f4ng c\u1ea7n \u0111\u1ea7u t\u01b0 l\u1edbn v\u1ec1 nh\u00e0 m\u00e1y, c\u00f4ng ngh\u1ec7 hay nh\u00e2n s\u1ef1.<\/p>\n<p><span style=\"font-weight: 400; font-size: 12pt;\">Trong b\u00e0i vi\u1ebft n\u00e0y, h\u00e3y c\u00f9ng Shizencos kh\u00e1m ph\u00e1 d\u1ecbch v\u1ee5 gia c\u00f4ng son \u1ee7 m\u00f4i v\u00e0 nh\u1eefng l\u1ee3i \u00edch n\u1ed5i b\u1eadt d\u00e0nh cho doanh nghi\u1ec7p c\u1ee7a b\u1ea1n.<\/span><\/p>\n<h2><span style=\"font-size: 14pt;\"><b>1. Gia c\u00f4ng son \u1ee7 m\u00f4i l\u00e0 g\u00ec?<\/b><\/span><\/h2>\n<p>Son \u1ee7 m\u00f4i l\u00e0 s\u1ea3n ph\u1ea9m d\u01b0\u1ee1ng m\u00f4i chuy\u00ean s\u00e2u v\u1edbi k\u1ebft c\u1ea5u \u0111\u1eb7c, th\u01b0\u1eddng d\u00f9ng ban \u0111\u00eam nh\u01b0 m\u1eb7t n\u1ea1 m\u00f4i. Nh\u1edd th\u00e0nh ph\u1ea7n gi\u00e0u d\u01b0\u1ee1ng ch\u1ea5t nh\u01b0 d\u1ea7u th\u1ef1c v\u1eadt, b\u01a1 h\u1ea1t m\u1ee1, vitamin E v\u00e0 chi\u1ebft xu\u1ea5t thi\u00ean nhi\u00ean, son \u1ee7 m\u00f4i gi\u00fap c\u1ea5p \u1ea9m v\u01b0\u1ee3t tr\u1ed9i, l\u00e0m m\u1ec1m m\u00f4i, ph\u1ee5c h\u1ed3i m\u00f4i kh\u00f4 n\u1ee9t, th\u00e2m s\u1ea1m v\u00e0 t\u00e1i t\u1ea1o l\u00e0n m\u00f4i c\u0103ng m\u1ecdng, h\u1ed3ng h\u00e0o t\u1ef1 nhi\u00ean.<\/p>\n<p><b>Gia c\u00f4ng son \u1ee7 m\u00f4i l\u00e0<\/b><span style=\"font-weight: 400;\"> qu\u00e1 tr\u00ecnh s\u1ea3n xu\u1ea5t s\u1ea3n ph\u1ea9m son \u1ee7 theo y\u00eau c\u1ea7u ri\u00eang c\u1ee7a t\u1eebng doanh nghi\u1ec7p ho\u1eb7c th\u01b0\u01a1ng hi\u1ec7u m\u1ef9 ph\u1ea9m. Doanh nghi\u1ec7p s\u1ebd h\u1ee3p t\u00e1c v\u1edbi nh\u00e0 m\u00e1y c\u00f3 \u0111\u1ee7 n\u0103ng l\u1ef1c \u0111\u1ec3 ph\u00e1t tri\u1ec3n c\u00f4ng th\u1ee9c, s\u1ea3n xu\u1ea5t, thi\u1ebft k\u1ebf bao b\u00ec v\u00e0 h\u1ed7 tr\u1ee3 ph\u00e1p l\u00fd. \u0110\u00e2y l\u00e0 l\u1ef1a ch\u1ecdn t\u1ed1i \u01b0u cho c\u00e1c th\u01b0\u01a1ng hi\u1ec7u mu\u1ed1n ti\u1ebft ki\u1ec7m chi ph\u00ed \u0111\u1ea7u t\u01b0 ban \u0111\u1ea7u m\u00e0 v\u1eabn s\u1edf h\u1eefu s\u1ea3n ph\u1ea9m ri\u00eang ch\u1ea5t l\u01b0\u1ee3ng mang \u0111\u1eadm c\u00e1 t\u00ednh th\u01b0\u01a1ng hi\u1ec7u.<\/span><\/p>\n<h2><span style=\"font-size: 14pt;\"><b>2. L\u1ee3i \u00edch c\u1ee7a vi\u1ec7c l\u1ef1a ch\u1ecdn gia c\u00f4ng son \u1ee7 m\u00f4i<\/b><\/span><\/h2>\n<p><span style=\"font-weight: 400;\">V\u1edbi nhi\u1ec1u doanh nghi\u1ec7p nh\u1ecf, startup hay c\u00e1 nh\u00e2n \u0111ang kh\u1edfi nghi\u1ec7p trong l\u0129nh v\u1ef1c m\u1ef9 ph\u1ea9m, b\u00e0i to\u00e1n l\u1edbn nh\u1ea5t lu\u00f4n n\u1eb1m \u1edf chi ph\u00ed \u0111\u1ea7u t\u01b0 ban \u0111\u1ea7u. Vi\u1ec7c x\u00e2y d\u1ef1ng m\u1ed9t nh\u00e0 m\u00e1y, tuy\u1ec3n d\u1ee5ng \u0111\u1ed9i ng\u0169 R&amp;D hay \u0111\u1ea3m b\u1ea3o ti\u00eau chu\u1ea9n s\u1ea3n xu\u1ea5t l\u00e0 \u0111i\u1ec1u kh\u00f4ng h\u1ec1 d\u1ec5 d\u00e0ng. Nh\u01b0ng v\u1eabn c\u00f3 m\u1ed9t con \u0111\u01b0\u1eddng hi\u1ec7u qu\u1ea3 h\u01a1n: h\u1ee3p t\u00e1c v\u1edbi nh\u00e0 m\u00e1y gia c\u00f4ng son \u1ee7 m\u00f4i chuy\u00ean nghi\u1ec7p nh\u01b0 Shizencos.<\/span><\/p>\n<figure id=\"attachment_11854\" aria-describedby=\"caption-attachment-11854\" style=\"width: 1500px\" class=\"wp-caption aligncenter\"><a href=\"https:\/\/shizencos.com\/wp-content\/uploads\/2024\/10\/1-29.png\"><img fetchpriority=\"high\" decoding=\"async\" class=\"size-full wp-image-11854\" src=\"https:\/\/shizencos.com\/wp-content\/uploads\/2024\/10\/1-29.png\" alt=\"Gi\u1edbi thi\u1ec7u v\u1ec1 son \u1ee7 m\u00f4i quy\u1ebfn r\u0169 gi\u00fap c\u0103ng m\u1ecdng\u00a0\" width=\"1500\" height=\"600\" title=\"\" srcset=\"https:\/\/shizencos.com\/wp-content\/uploads\/2024\/10\/1-29.png 1500w, https:\/\/shizencos.com\/wp-content\/uploads\/2024\/10\/1-29-150x60.png 150w, https:\/\/shizencos.com\/wp-content\/uploads\/2024\/10\/1-29-18x7.png 18w, https:\/\/shizencos.com\/wp-content\/uploads\/2024\/10\/1-29-300x120.png 300w, https:\/\/shizencos.com\/wp-content\/uploads\/2024\/10\/1-29-768x307.png 768w, https:\/\/shizencos.com\/wp-content\/uploads\/2024\/10\/1-29-1024x410.png 1024w, https:\/\/shizencos.com\/wp-content\/uploads\/2024\/10\/1-29-600x240.png 600w\" sizes=\"(max-width: 1500px) 100vw, 1500px\" \/><\/a><figcaption id=\"caption-attachment-11854\" class=\"wp-caption-text\">Gi\u1edbi thi\u1ec7u v\u1ec1 son \u1ee7 m\u00f4i quy\u1ebfn r\u0169 gi\u00fap c\u0103ng m\u1ecdng<\/figcaption><\/figure>\n<p><span style=\"font-weight: 400;\">T\u1ea1i \u0111\u00e2y, b\u1ea1n kh\u00f4ng c\u1ea7n ph\u1ea3i t\u1ef1 l\u00e0m t\u1ea5t c\u1ea3. Ch\u1ec9 c\u1ea7n chia s\u1ebb \u00fd t\u01b0\u1edfng s\u1ea3n ph\u1ea9m, \u0111\u1ed9i ng\u0169 chuy\u00ean gia c\u1ee7a ch\u00fang t\u00f4i s\u1ebd c\u00f9ng b\u1ea1n ph\u00e1t tri\u1ec3n c\u00f4ng th\u1ee9c, s\u1ea3n xu\u1ea5t th\u1eed nghi\u1ec7m, thi\u1ebft k\u1ebf bao b\u00ec, v\u00e0 th\u1ef1c hi\u1ec7n to\u00e0n b\u1ed9 quy tr\u00ecnh ph\u00e1p l\u00fd. Kh\u00f4ng ch\u1ec9 t\u1ed1i \u01b0u chi ph\u00ed, h\u00ecnh th\u1ee9c h\u1ee3p t\u00e1c n\u00e0y c\u00f2n gi\u00fap b\u1ea1n r\u00fat ng\u1eafn th\u1eddi gian ra m\u1eaft s\u1ea3n ph\u1ea9m, \u0111\u1ed3ng th\u1eddi ti\u1ebfp c\u1eadn c\u00f4ng ngh\u1ec7 hi\u1ec7n \u0111\u1ea1i v\u00e0 c\u00f4ng th\u1ee9c chu\u1ea9n qu\u1ed1c t\u1ebf, \u0111i\u1ec1u m\u00e0 nhi\u1ec1u th\u01b0\u01a1ng hi\u1ec7u l\u1edbn hi\u1ec7n nay c\u0169ng \u0111ang \u00e1p d\u1ee5ng.<\/span><\/p>\n<p><span style=\"font-weight: 400;\">\u2705 Ti\u1ebft ki\u1ec7m chi ph\u00ed \u0111\u1ea7u t\u01b0 nh\u00e0 m\u00e1y v\u00e0 nh\u00e2n s\u1ef1<\/span><\/p>\n<p><span style=\"font-weight: 400;\">\u2705 R\u00fat ng\u1eafn th\u1eddi gian nghi\u00ean c\u1ee9u, ph\u00e1t tri\u1ec3n c\u00f4ng th\u1ee9c \u0111\u1ed9c quy\u1ec1n<\/span><\/p>\n<p><span style=\"font-weight: 400;\">\u2705 T\u1ed1i \u01b0u h\u00f3a s\u1ea3n ph\u1ea9m theo th\u1ecb tr\u01b0\u1eddng m\u1ee5c ti\u00eau<\/span><\/p>\n<p><span style=\"font-weight: 400;\">\u2705 Legal support, testing, and quick product announcement<\/span><\/p>\n<h2><span style=\"font-size: 14pt;\"><b>3. Gia c\u00f4ng son \u1ee7 m\u00f4i t\u1ea1i Shizencos<\/b><\/span><\/h2>\n<p><span style=\"font-weight: 400;\">Gi\u1eefa h\u00e0ng lo\u1ea1t nh\u00e0 m\u00e1y gia c\u00f4ng son \u1ee7 m\u00f4i tr\u00ean th\u1ecb tr\u01b0\u1eddng, Shizencos n\u1ed5i b\u1eadt l\u00e0 \u0111\u1ed1i t\u00e1c \u0111\u00e1ng tin c\u1eady v\u1edbi nhi\u1ec1u n\u0103m kinh nghi\u1ec7m \u0111\u1ed3ng h\u00e0nh c\u00f9ng h\u00e0ng tr\u0103m th\u01b0\u01a1ng hi\u1ec7u m\u1ef9 ph\u1ea9m t\u1ea1i Vi\u1ec7t Nam v\u00e0 qu\u1ed1c t\u1ebf. V\u1edbi d\u00e2y chuy\u1ec1n s\u1ea3n xu\u1ea5t hi\u1ec7n \u0111\u1ea1i c\u00f9ng \u0111\u1ed9i ng\u0169 R&amp;D chuy\u00ean m\u00f4n cao, ch\u00fang t\u00f4i kh\u00f4ng ch\u1ec9 \u0111\u00e1p \u1ee9ng quy tr\u00ecnh s\u1ea3n xu\u1ea5t nghi\u00eam ng\u1eb7t m\u00e0 c\u00f2n lu\u00f4n h\u1ed7 tr\u1ee3 kh\u00e1ch h\u00e0ng ph\u00e1t tri\u1ec3n s\u1ea3n ph\u1ea9m t\u1eeb \u00fd t\u01b0\u1edfng \u0111\u1ebfn hi\u1ec7n th\u1ef1c h\u00f3a.<\/span><\/p>\n<h3><span style=\"font-size: 14pt;\"><b>3.1 C\u00f4ng th\u1ee9c son \u1ee7 m\u00f4i \u0111a d\u1ea1ng<\/b><\/span><\/h3>\n<p><span style=\"font-weight: 400;\">\u0110\u1ec3 h\u1ed7 tr\u1ee3 c\u00e1c doanh nghi\u1ec7p l\u1ef1a ch\u1ecdn s\u1ea3n ph\u1ea9m ph\u00f9 h\u1ee3p v\u1edbi \u0111\u1ecbnh h\u01b0\u1edbng kinh doanh, Shizencos \u0111\u00e3 x\u00e2y d\u1ef1ng b\u1ed9 s\u01b0u t\u1eadp c\u00f4ng th\u1ee9c gia c\u00f4ng son \u1ee7 m\u00f4i phong ph\u00fa, \u0111\u00e1p \u1ee9ng \u0111a d\u1ea1ng nhu c\u1ea7u th\u1ecb tr\u01b0\u1eddng t\u1eeb ph\u00e2n kh\u00fac ph\u1ed5 th\u00f4ng \u0111\u1ebfn cao c\u1ea5p, gi\u00fap th\u01b0\u01a1ng hi\u1ec7u nhanh ch\u00f3ng \u0111\u1ecbnh h\u00ecnh s\u1ea3n ph\u1ea9m ri\u00eang bi\u1ec7t v\u00e0 n\u00e2ng cao t\u00ednh c\u1ea1nh tranh tr\u00ean th\u1ecb tr\u01b0\u1eddng. D\u01b0\u1edbi \u0111\u00e2y l\u00e0 m\u1ed9t s\u1ed1 c\u00f4ng th\u1ee9c son \u1ee7 m\u00f4i ph\u1ed5 bi\u1ebfn t\u1ea1i Shizencos:<\/span><\/p>\n<ul>\n<li style=\"font-weight: 400;\" aria-level=\"1\"><b>Son \u1ee7 m\u00f4i d\u01b0\u1ee1ng \u1ea9m chuy\u00ean s\u00e2u<\/b><span style=\"font-weight: 400;\">: Ph\u00f9 h\u1ee3p v\u1edbi m\u00f4i kh\u00f4, n\u1ee9t n\u1ebb<\/span><\/li>\n<li style=\"font-weight: 400;\" aria-level=\"1\"><b>Son \u1ee7 m\u00f4i gi\u1ea3m th\u00e2m, l\u00e0m h\u1ed3ng m\u00f4i<\/b><span style=\"font-weight: 400;\">: Th\u00e0nh ph\u1ea7n thi\u00ean nhi\u00ean, an to\u00e0n<\/span><\/li>\n<li style=\"font-weight: 400;\" aria-level=\"1\"><b>Son \u1ee7 m\u00f4i ch\u1ed1ng l\u00e3o h\u00f3a<\/b><span style=\"font-weight: 400;\">: T\u0103ng c\u01b0\u1eddng collagen, gi\u1ea3m n\u1ebfp nh\u0103n m\u00f4i<\/span><\/li>\n<li style=\"font-weight: 400;\" aria-level=\"1\"><b>Son \u1ee7 m\u00f4i ban \u0111\u00eam gi\u00e0u d\u01b0\u1ee1ng<\/b><span style=\"font-weight: 400;\">: T\u00e1i t\u1ea1o v\u00e0 ph\u1ee5c h\u1ed3i khi ng\u1ee7<\/span><\/li>\n<\/ul>\n<p><span style=\"font-weight: 400;\">Ngo\u00e0i nh\u1eefng c\u00f4ng th\u1ee9c c\u00f3 s\u1eb5n \u0111\u00e3 \u0111\u01b0\u1ee3c Shizencos nghi\u00ean c\u1ee9u v\u00e0 ki\u1ec3m nghi\u1ec7m, n\u1ebfu th\u01b0\u01a1ng hi\u1ec7u b\u1ea1n c\u00f3 \u00fd t\u01b0\u1edfng v\u00e0 c\u00f4ng th\u1ee9c ri\u00eang \u0111\u1ed9i ng\u0169 ch\u00fang t\u00f4i s\u1ebd gi\u00fap b\u1ea1n ph\u00e1t tri\u1ec3n th\u00e0nh s\u1ea3n ph\u1ea9m th\u00e0nh c\u00f4ng. B\u00ean c\u1ea1nh \u0111\u00f3, c\u00e1c c\u00f4ng th\u1ee9c c\u00f2n c\u00f3 th\u1ec3 t\u00f9y ch\u1ec9nh theo y\u00eau c\u1ea7u v\u1ec1 m\u00f9i h\u01b0\u01a1ng, k\u1ebft c\u1ea5u, bao b\u00ec, \u0111\u1ec3 ph\u00f9 h\u1ee3p v\u1edbi \u0111\u1ecbnh h\u01b0\u1edbng th\u01b0\u01a1ng hi\u1ec7u v\u00e0 xu h\u01b0\u1edbng ng\u01b0\u1eddi ti\u00eau d\u00f9ng.<\/span><\/p>\n<figure id=\"attachment_11855\" aria-describedby=\"caption-attachment-11855\" style=\"width: 1500px\" class=\"wp-caption aligncenter\"><a href=\"https:\/\/shizencos.com\/wp-content\/uploads\/2024\/10\/2-28.png\"><img decoding=\"async\" class=\"size-full wp-image-11855\" src=\"https:\/\/shizencos.com\/wp-content\/uploads\/2024\/10\/2-28.png\" alt=\"M\u1ed9t s\u1ed1 ch\u00fa \u00fd ph\u1ea3i nh\u1edb tr\u01b0\u1edbc khi gia c\u00f4ng son \u1ee7 m\u00f4i kinh doanh\" width=\"1500\" height=\"600\" title=\"\" srcset=\"https:\/\/shizencos.com\/wp-content\/uploads\/2024\/10\/2-28.png 1500w, https:\/\/shizencos.com\/wp-content\/uploads\/2024\/10\/2-28-150x60.png 150w, https:\/\/shizencos.com\/wp-content\/uploads\/2024\/10\/2-28-18x7.png 18w, https:\/\/shizencos.com\/wp-content\/uploads\/2024\/10\/2-28-300x120.png 300w, https:\/\/shizencos.com\/wp-content\/uploads\/2024\/10\/2-28-768x307.png 768w, https:\/\/shizencos.com\/wp-content\/uploads\/2024\/10\/2-28-1024x410.png 1024w, https:\/\/shizencos.com\/wp-content\/uploads\/2024\/10\/2-28-600x240.png 600w\" sizes=\"(max-width: 1500px) 100vw, 1500px\" \/><\/a><figcaption id=\"caption-attachment-11855\" class=\"wp-caption-text\">M\u1ed9t s\u1ed1 ch\u00fa \u00fd ph\u1ea3i nh\u1edb tr\u01b0\u1edbc khi gia c\u00f4ng son \u1ee7 m\u00f4i kinh doanh<\/figcaption><\/figure>\n<h3><span style=\"font-size: 14pt;\"><b>3.2 Quy tr\u00ecnh gia c\u00f4ng son \u1ee7 m\u00f4i t\u1ea1i Shizencos\u00a0<\/b><\/span><\/h3>\n<p><span style=\"font-weight: 400;\">\u0110\u1ec3 t\u1ea1o ra m\u1ed9t s\u1ea3n ph\u1ea9m son \u1ee7 m\u00f4i ch\u1ea5t l\u01b0\u1ee3ng, \u0111\u00f2i h\u1ecfi m\u1ed9t quy tr\u00ecnh ch\u1eb7t ch\u1ebd v\u00e0 chuy\u00ean nghi\u1ec7p t\u1eeb kh\u00e2u ph\u00e1t tri\u1ec3n c\u00f4ng th\u1ee9c \u0111\u1ebfn s\u1ea3n xu\u1ea5t v\u00e0 ho\u00e0n thi\u1ec7n. T\u1ea1i Shizencos, ch\u00fang t\u00f4i x\u00e2y d\u1ef1ng quy tr\u00ecnh gia c\u00f4ng son \u1ee7 m\u00f4i\u00f4i\u00a0chu\u1ea9n m\u1ef1c, \u0111\u1ea3m b\u1ea3o t\u00ednh minh b\u1ea1ch, linh ho\u1ea1t v\u00e0 \u0111\u00e1p \u1ee9ng nhanh theo nhu c\u1ea7u t\u1eebng \u0111\u1ed1i t\u00e1c.<\/span><\/p>\n<p><b>Step 1: <\/b><span style=\"font-weight: 400;\">Contact for consultation \u2013 Listen to requests and advise on appropriate formulas.<\/span><\/p>\n<p><b>Step 2:<\/b><span style=\"font-weight: 400;\"> Research and Development \u2013 \u200b\u200bR&amp;D team researches and develops optimal formulas.<\/span><\/p>\n<p><b>Step 3: <\/b><span style=\"font-weight: 400;\">Send samples and adjust \u2013 Provide samples, adjust based on feedback.<\/span><\/p>\n<p><b>Step 4:<\/b><span style=\"font-weight: 400;\"> Finalize sample and quote \u2013 Confirm final formula, calculate cost<\/span><\/p>\n<p><b>Step 5:<\/b><span style=\"font-weight: 400;\"> Signing contract and cooperation \u2013 Both parties agree and sign the processing contract.<\/span><\/p>\n<p><b>Step 6: <\/b><span style=\"font-weight: 400;\">Prepare ingredients and stir the tank <\/span><span style=\"font-weight: 400;\">\u2013<\/span><span style=\"font-weight: 400;\"> \u2013 Import and check the quality of input materials.<\/span><\/p>\n<p><b>Step 7:<\/b><span style=\"font-weight: 400;\"> Mass production \u2013 Put into production according to GMP standards.<\/span><\/p>\n<p><b>Step 8: <\/b><span style=\"font-weight: 400;\">Product packaging \u2013 Filling, sealing, labeling according to design.<\/span><\/p>\n<p><b>Step 9:<\/b><span style=\"font-weight: 400;\"> Delivery and post-production support \u2013 On-time delivery, legal support and business strategy.<\/span><\/p>\n<figure id=\"attachment_11856\" aria-describedby=\"caption-attachment-11856\" style=\"width: 1500px\" class=\"wp-caption aligncenter\"><a href=\"https:\/\/shizencos.com\/wp-content\/uploads\/2024\/10\/3-23.png\"><img decoding=\"async\" class=\"size-full wp-image-11856\" src=\"https:\/\/shizencos.com\/wp-content\/uploads\/2024\/10\/3-23.png\" alt=\"H\u1ee3p t\u00e1c gia c\u00f4ng son \u1ee7 m\u00f4i c\u00f9ng Shizencos \u0111\u00ea n\u00e2ng cao ch\u1ea5t l\u01b0\u1ee3ng s\u1ea3n ph\u1ea9m\" width=\"1500\" height=\"600\" title=\"\" srcset=\"https:\/\/shizencos.com\/wp-content\/uploads\/2024\/10\/3-23.png 1500w, https:\/\/shizencos.com\/wp-content\/uploads\/2024\/10\/3-23-150x60.png 150w, https:\/\/shizencos.com\/wp-content\/uploads\/2024\/10\/3-23-18x7.png 18w, https:\/\/shizencos.com\/wp-content\/uploads\/2024\/10\/3-23-300x120.png 300w, https:\/\/shizencos.com\/wp-content\/uploads\/2024\/10\/3-23-768x307.png 768w, https:\/\/shizencos.com\/wp-content\/uploads\/2024\/10\/3-23-1024x410.png 1024w, https:\/\/shizencos.com\/wp-content\/uploads\/2024\/10\/3-23-600x240.png 600w\" sizes=\"(max-width: 1500px) 100vw, 1500px\" \/><\/a><figcaption id=\"caption-attachment-11856\" class=\"wp-caption-text\">H\u1ee3p t\u00e1c gia c\u00f4ng son \u1ee7 m\u00f4i c\u00f9ng Shizencos \u0111\u00ea n\u00e2ng cao ch\u1ea5t l\u01b0\u1ee3ng s\u1ea3n ph\u1ea9m<\/figcaption><\/figure>\n<h2><span style=\"font-size: 14pt;\"><b>Conclude<\/b><\/span><\/h2>\n<p><span style=\"font-weight: 400;\">Trong h\u00e0nh tr\u00ecnh ph\u00e1t tri\u1ec3n s\u1ea3n ph\u1ea9m l\u00e0m \u0111\u1eb9p, son \u1ee7 m\u00f4i lu\u00f4n l\u00e0 l\u1ef1a ch\u1ecdn ti\u1ec1m n\u0103ng v\u1edbi nhu c\u1ea7u s\u1eed d\u1ee5ng ng\u00e0y c\u00e0ng cao t\u1eeb ng\u01b0\u1eddi ti\u00eau d\u00f9ng. Vi\u1ec7c h\u1ee3p t\u00e1c c\u00f9ng m\u1ed9t \u0111\u1ed1i t\u00e1c gia c\u00f4ng son \u1ee7 m\u00f4i chuy\u00ean nghi\u1ec7p nh\u01b0 Shizencos kh\u00f4ng ch\u1ec9 gi\u00fap b\u1ea1n hi\u1ec7n th\u1ef1c h\u00f3a \u00fd t\u01b0\u1edfng s\u1ea3n ph\u1ea9m m\u1ed9t c\u00e1ch nhanh ch\u00f3ng m\u00e0 c\u00f2n \u0111\u1ea3m b\u1ea3o v\u1ec1 ch\u1ea5t l\u01b0\u1ee3ng, t\u00ednh th\u1ea9m m\u1ef9 v\u00e0 \u0111\u1ed9 an to\u00e0n.<\/span><\/p>\n<p><span style=\"font-weight: 400;\"><a href=\"https:\/\/shizencos.com\/en\/\">Shizencos<\/a> \u0111\u00e3 \u0111\u1ed3ng h\u00e0nh c\u00f9ng nhi\u1ec1u th\u01b0\u01a1ng hi\u1ec7u l\u1edbn nh\u1ecf, t\u1eeb startup \u0111\u1ebfn c\u00e1c chu\u1ed7i ph\u00e2n ph\u1ed1i m\u1ef9 ph\u1ea9m to\u00e0n qu\u1ed1c \u2013 v\u00e0 ch\u00fang t\u00f4i s\u1eb5n s\u00e0ng tr\u1edf th\u00e0nh b\u1ec7 ph\u00f3ng v\u1eefng ch\u1eafc cho d\u00f2ng s\u1ea3n ph\u1ea9m son \u1ee7 m\u00f4i mang d\u1ea5u \u1ea5n ri\u00eang c\u1ee7a b\u1ea1n. Li\u00ean h\u1ec7 ngay v\u1edbi ch\u00fang t\u00f4i \u0111\u1ec3 \u0111\u01b0\u1ee3c t\u01b0 v\u1ea5n chi ti\u1ebft v\u00e0 nh\u1eadn m\u1eabu th\u1eed ho\u00e0n to\u00e0n mi\u1ec5n ph\u00ed!<\/span><\/p>","protected":false},"excerpt":{"rendered":"<p>Nhu c\u1ea7u d\u01b0\u1ee1ng m\u00f4i ng\u00e0y c\u00e0ng t\u0103ng khi\u1ebfn c\u00e1c th\u01b0\u01a1ng hi\u1ec7u t\u00ecm \u0111\u1ebfn nh\u1eefng s\u1ea3n ph\u1ea9m chuy\u00ean s\u00e2u nh\u01b0 son \u1ee7 m\u00f4i \u0111\u1ec3 n\u00e2ng cao tr\u1ea3i nghi\u1ec7m kh\u00e1ch h\u00e0ng v\u00e0 t\u0103ng s\u1ee9c c\u1ea1nh tranh. Gi\u1ea3i ph\u00e1p hi\u1ec7u qu\u1ea3 l\u00e0 h\u1ee3p t\u00e1c gia c\u00f4ng v\u1edbi nh\u00e0 m\u00e1y m\u1ef9 ph\u1ea9m uy t\u00edn, gi\u00fap hi\u1ec7n th\u1ef1c h\u00f3a \u00fd [&hellip;]<\/p>\n","protected":false},"featured_media":11669,"comment_status":"open","ping_status":"closed","template":"","meta":[],"product_brand":[],"product_cat":[20],"product_tag":[],"class_list":{"0":"post-11668","1":"product","2":"type-product","3":"status-publish","4":"has-post-thumbnail","6":"product_cat-gia-cong-my-pham-trang-diem","8":"first","9":"instock","10":"shipping-taxable","11":"product-type-simple"},"_links":{"self":[{"href":"https:\/\/shizencos.com\/en\/wp-json\/wp\/v2\/product\/11668","targetHints":{"allow":["GET"]}}],"collection":[{"href":"https:\/\/shizencos.com\/en\/wp-json\/wp\/v2\/product"}],"about":[{"href":"https:\/\/shizencos.com\/en\/wp-json\/wp\/v2\/types\/product"}],"replies":[{"embeddable":true,"href":"https:\/\/shizencos.com\/en\/wp-json\/wp\/v2\/comments?post=11668"}],"wp:featuredmedia":[{"embeddable":true,"href":"https:\/\/shizencos.com\/en\/wp-json\/wp\/v2\/media\/11669"}],"wp:attachment":[{"href":"https:\/\/shizencos.com\/en\/wp-json\/wp\/v2\/media?parent=11668"}],"wp:term":[{"taxonomy":"product_brand","embeddable":true,"href":"https:\/\/shizencos.com\/en\/wp-json\/wp\/v2\/product_brand?post=11668"},{"taxonomy":"product_cat","embeddable":true,"href":"https:\/\/shizencos.com\/en\/wp-json\/wp\/v2\/product_cat?post=11668"},{"taxonomy":"product_tag","embeddable":true,"href":"https:\/\/shizencos.com\/en\/wp-json\/wp\/v2\/product_tag?post=11668"}],"curies":[{"name":"wp","href":"https:\/\/api.w.org\/{rel}","templated":true}]}}