{"id":11666,"date":"2024-10-28T11:32:20","date_gmt":"2024-10-28T04:32:20","guid":{"rendered":"https:\/\/shizencos.com\/?post_type=product&#038;p=11666"},"modified":"2025-08-29T09:05:03","modified_gmt":"2025-08-29T02:05:03","slug":"gia-cong-son-duong","status":"publish","type":"product","link":"https:\/\/shizencos.com\/en\/gia-cong-son-duong\/","title":{"rendered":"Processing lip balm"},"content":{"rendered":"<p>N\u1ebfu nh\u01b0 ch\u0103m s\u00f3c da m\u1eb7t v\u00e0 body \u0111\u00e3 quen thu\u1ed9c th\u00ec ch\u0103m s\u00f3c m\u00f4i nay tr\u1edf th\u00e0nh th\u00f3i quen thi\u1ebft y\u1ebfu, \u0111\u01b0\u1ee3c c\u1ea3 nam v\u00e0 n\u1eef quan t\u00e2m. Son d\u01b0\u1ee1ng kh\u00f4ng ch\u1ec9 l\u00e0m \u0111\u1eb9p m\u00e0 c\u00f2n b\u1ea3o v\u1ec7 m\u00f4i kh\u1ecfi t\u00e1c nh\u00e2n m\u00f4i tr\u01b0\u1eddng, cung c\u1ea5p \u0111\u1ed9 \u1ea9m v\u00e0 d\u01b0\u1ee1ng ch\u1ea5t c\u1ea7n thi\u1ebft. \u0110\u00e2y l\u00e0 s\u1ea3n ph\u1ea9m c\u00f3 nhu c\u1ea7u cao, li\u00ean t\u1ee5c, mang l\u1ea1i c\u01a1 h\u1ed9i kinh doanh b\u1ec1n v\u1eefng cho c\u00e1c th\u01b0\u01a1ng hi\u1ec7u. Gia c\u00f4ng son d\u01b0\u1ee1ng ch\u00ednh l\u00e0 gi\u1ea3i ph\u00e1p t\u1ed1i \u01b0u \u0111\u1ec3 \u0111a d\u1ea1ng h\u00f3a s\u1ea3n ph\u1ea9m, n\u00e2ng t\u1ea7m th\u01b0\u01a1ng hi\u1ec7u v\u00e0 ti\u1ebfp c\u1eadn kh\u00e1ch h\u00e0ng hi\u1ec7u qu\u1ea3.<\/p>\n<h2><span style=\"font-size: 14pt;\"><b>1. Gia c\u00f4ng son d\u01b0\u1ee1ng l\u00e0 g\u00ec?<\/b><\/span><\/h2>\n<p><span style=\"font-weight: 400;\">Son d\u01b0\u1ee1ng l\u00e0 s\u1ea3n ph\u1ea9m ch\u0103m s\u00f3c m\u00f4i c\u00f3 t\u00e1c d\u1ee5ng cung c\u1ea5p \u0111\u1ed9 \u1ea9m, l\u00e0m m\u1ec1m v\u00e0 b\u1ea3o v\u1ec7 \u0111\u00f4i m\u00f4i kh\u1ecfi t\u00ecnh tr\u1ea1ng kh\u00f4 n\u1ee9t, bong tr\u00f3c hay t\u00e1c \u0111\u1ed9ng t\u1eeb m\u00f4i tr\u01b0\u1eddng nh\u01b0 gi\u00f3, n\u1eafng v\u00e0 \u00f4 nhi\u1ec5m. Ngo\u00e0i ch\u1ee9c n\u0103ng d\u01b0\u1ee1ng \u1ea9m, son d\u01b0\u1ee1ng ng\u00e0y nay c\u00f2n \u0111\u01b0\u1ee3c k\u1ebft h\u1ee3p nhi\u1ec1u c\u00f4ng d\u1ee5ng kh\u00e1c nh\u01b0 l\u00e0m h\u1ed3ng m\u00f4i, ch\u1ed1ng n\u1eafng, ch\u1ed1ng l\u00e3o h\u00f3a v\u00e0 t\u1ea1o \u0111\u1ed9 b\u00f3ng nh\u1eb9, ph\u00f9 h\u1ee3p v\u1edbi nhu c\u1ea7u l\u00e0m \u0111\u1eb9p v\u00e0 trang \u0111i\u1ec3m nh\u1eb9 nh\u00e0ng c\u1ee7a ng\u01b0\u1eddi d\u00f9ng hi\u1ec7n \u0111\u1ea1i.<\/span><\/p>\n<p><span style=\"font-weight: 400;\">Gia c\u00f4ng son d\u01b0\u1ee1ng l\u00e0 qu\u00e1 tr\u00ecnh s\u1ea3n xu\u1ea5t son d\u01b0\u1ee1ng theo y\u00eau c\u1ea7u ri\u00eang bi\u1ec7t c\u1ee7a th\u01b0\u01a1ng hi\u1ec7u, c\u00f4ng ty ho\u1eb7c doanh nghi\u1ec7p kinh doanh m\u1ef9 ph\u1ea9m. Thay v\u00ec t\u1ef1 x\u00e2y d\u1ef1ng nh\u00e0 m\u00e1y v\u00e0 h\u1ec7 th\u1ed1ng s\u1ea3n xu\u1ea5t, doanh nghi\u1ec7p c\u00f3 th\u1ec3 h\u1ee3p t\u00e1c v\u1edbi c\u00e1c nh\u00e0 m\u00e1y gia c\u00f4ng nh\u01b0 Shizencos \u0111\u1ec3 ti\u1ebft ki\u1ec7m chi ph\u00ed \u0111\u1ea7u t\u01b0 ban \u0111\u1ea7u, r\u00fat ng\u1eafn th\u1eddi gian ra m\u1eaft s\u1ea3n ph\u1ea9m m\u00e0 v\u1eabn \u0111\u1ea3m b\u1ea3o ch\u1ea5t l\u01b0\u1ee3ng v\u00e0 tu\u00e2n th\u1ee7 c\u00e1c quy \u0111\u1ecbnh ph\u00e1p l\u00fd.<\/span><\/p>\n<figure id=\"attachment_11858\" aria-describedby=\"caption-attachment-11858\" style=\"width: 1500px\" class=\"wp-caption aligncenter\"><a href=\"https:\/\/shizencos.com\/wp-content\/uploads\/2024\/10\/1-30.png\"><img fetchpriority=\"high\" decoding=\"async\" class=\"size-full wp-image-11858\" src=\"https:\/\/shizencos.com\/wp-content\/uploads\/2024\/10\/1-30.png\" alt=\"Kh\u00e1i ni\u1ec7m t\u1ed5ng quan chung v\u1ec1 son d\u01b0\u1ee1ng m\u00f4i\" width=\"1500\" height=\"600\" title=\"\" srcset=\"https:\/\/shizencos.com\/wp-content\/uploads\/2024\/10\/1-30.png 1500w, https:\/\/shizencos.com\/wp-content\/uploads\/2024\/10\/1-30-150x60.png 150w, https:\/\/shizencos.com\/wp-content\/uploads\/2024\/10\/1-30-18x7.png 18w, https:\/\/shizencos.com\/wp-content\/uploads\/2024\/10\/1-30-300x120.png 300w, https:\/\/shizencos.com\/wp-content\/uploads\/2024\/10\/1-30-768x307.png 768w, https:\/\/shizencos.com\/wp-content\/uploads\/2024\/10\/1-30-1024x410.png 1024w, https:\/\/shizencos.com\/wp-content\/uploads\/2024\/10\/1-30-600x240.png 600w\" sizes=\"(max-width: 1500px) 100vw, 1500px\" \/><\/a><figcaption id=\"caption-attachment-11858\" class=\"wp-caption-text\">Kh\u00e1i ni\u1ec7m t\u1ed5ng quan chung v\u1ec1 son d\u01b0\u1ee1ng m\u00f4i<\/figcaption><\/figure>\n<h2><span style=\"font-size: 14pt;\"><b>2. L\u1ee3i \u00edch c\u1ee7a vi\u1ec7c l\u1ef1a ch\u1ecdn gia c\u00f4ng son d\u01b0\u1ee1ng<\/b><\/span><\/h2>\n<p><span style=\"font-weight: 400;\">Vi\u1ec7c l\u1ef1a ch\u1ecdn h\u00ecnh th\u1ee9c gia c\u00f4ng son d\u01b0\u1ee1ng mang l\u1ea1i cho doanh nghi\u1ec7p r\u1ea5t nhi\u1ec1u l\u1ee3i \u00edch thi\u1ebft th\u1ef1c, \u0111\u1eb7c bi\u1ec7t l\u00e0 trong b\u1ed1i c\u1ea3nh c\u1ea1nh tranh gay g\u1eaft v\u00e0 y\u00eau c\u1ea7u ng\u00e0y c\u00e0ng cao t\u1eeb ng\u01b0\u1eddi ti\u00eau d\u00f9ng. Gia c\u00f4ng gi\u00fap doanh nghi\u1ec7p ti\u1ebft ki\u1ec7m \u0111\u00e1ng k\u1ec3 chi ph\u00ed \u0111\u1ea7u t\u01b0 v\u00e0o nh\u00e0 m\u00e1y, m\u00e1y m\u00f3c, nh\u00e2n s\u1ef1 v\u00e0 v\u1eadn h\u00e0nh. \u0110\u1ed3ng th\u1eddi, doanh nghi\u1ec7p c\u00f2n c\u00f3 th\u1ec3 t\u1eadn d\u1ee5ng chuy\u00ean m\u00f4n c\u1ee7a \u0111\u1ed9i ng\u0169 R&amp;D v\u00e0 h\u1ec7 th\u1ed1ng s\u1ea3n xu\u1ea5t chuy\u00ean nghi\u1ec7p t\u1eeb \u0111\u1ed1i t\u00e1c gia c\u00f4ng \u0111\u1ec3 nhanh ch\u00f3ng s\u1edf h\u1eefu s\u1ea3n ph\u1ea9m ch\u1ea5t l\u01b0\u1ee3ng, \u0111\u1ed9c \u0111\u00e1o, \u0111\u00fang chu\u1ea9n ph\u00e1p l\u00fd v\u00e0 ph\u00f9 h\u1ee3p v\u1edbi \u0111\u1ecbnh h\u01b0\u1edbng th\u01b0\u01a1ng hi\u1ec7u.<\/span><\/p>\n<p><span style=\"font-weight: 400;\">D\u01b0\u1edbi \u0111\u00e2y l\u00e0 nh\u1eefng l\u1ee3i \u00edch n\u1ed5i b\u1eadt khi doanh nghi\u1ec7p l\u1ef1a ch\u1ecdn h\u00ecnh th\u1ee9c gia c\u00f4ng son d\u01b0\u1ee1ng:<\/span><\/p>\n<p><span style=\"font-weight: 400;\">\u2705 Ti\u1ebft ki\u1ec7m chi ph\u00ed \u0111\u1ea7u t\u01b0 nh\u00e0 m\u00e1y v\u00e0 thi\u1ebft b\u1ecb<\/span><\/p>\n<p><span style=\"font-weight: 400;\">\u2705 Shorten product research and development time<\/span><\/p>\n<p><span style=\"font-weight: 400;\">\u2705 T\u1eadn d\u1ee5ng chuy\u00ean m\u00f4n t\u1eeb \u0111\u1ed9i ng\u0169 R&amp;D c\u1ee7a \u0111\u1ed1i t\u00e1c gia c\u00f4ng<\/span><\/p>\n<p><span style=\"font-weight: 400;\">\u2705 T\u00f9y ch\u1ec9nh c\u00f4ng th\u1ee9c \u0111\u1ed9c quy\u1ec1n, h\u1ed7 tr\u1ee3 thi\u1ebft k\u1ebf bao b\u00ec v\u00e0 logo th\u01b0\u01a1ng hi\u1ec7u<\/span><\/p>\n<p><span style=\"font-weight: 400;\">\u2705 \u0110\u1ea3m b\u1ea3o ti\u00eau chu\u1ea9n s\u1ea3n xu\u1ea5t theo quy \u0111\u1ecbnh ph\u00e1p lu\u1eadt v\u00e0 qu\u1ed1c t\u1ebf<\/span><\/p>\n<h2><span style=\"font-size: 14pt;\"><b>3. Gia c\u00f4ng son d\u01b0\u1ee1ng t\u1ea1i Shizencos<\/b><\/span><\/h2>\n<p>N\u1ebfu b\u1ea1n t\u00ecm ki\u1ebfm \u0111\u1ed1i t\u00e1c gia c\u00f4ng son d\u01b0\u1ee1ng uy t\u00edn, <a href=\"https:\/\/shizencos.com\/en\/\">Shizencos<\/a> l\u00e0 l\u1ef1a ch\u1ecdn h\u00e0ng \u0111\u1ea7u v\u1edbi nh\u00e0 m\u00e1y \u0111\u1ea1t chu\u1ea9n qu\u1ed1c t\u1ebf, \u0111\u1ed9i ng\u0169 R&amp;D chuy\u00ean m\u00f4n cao v\u00e0 quy tr\u00ecnh linh ho\u1ea1t. T\u1eeb ph\u00e1t tri\u1ec3n c\u00f4ng th\u1ee9c, thi\u1ebft k\u1ebf bao b\u00ec \u0111\u1ebfn c\u00f4ng b\u1ed1 s\u1ea3n ph\u1ea9m v\u00e0 h\u1eadu m\u00e3i, Shizencos mang \u0111\u1ebfn d\u1ecbch v\u1ee5 to\u00e0n di\u1ec7n, tr\u1edf th\u00e0nh \u0111\u1ed1i t\u00e1c chi\u1ebfn l\u01b0\u1ee3c c\u1ee7a nhi\u1ec1u th\u01b0\u01a1ng hi\u1ec7u m\u1ef9 ph\u1ea9m trong v\u00e0 ngo\u00e0i n\u01b0\u1edbc.<\/p>\n<figure id=\"attachment_11859\" aria-describedby=\"caption-attachment-11859\" style=\"width: 1500px\" class=\"wp-caption aligncenter\"><a href=\"https:\/\/shizencos.com\/wp-content\/uploads\/2024\/10\/2-29.png\"><img decoding=\"async\" class=\"size-full wp-image-11859\" src=\"https:\/\/shizencos.com\/wp-content\/uploads\/2024\/10\/2-29.png\" alt=\"\u01afu ti\u00ean s\u1eed d\u1ee5ng th\u00e0nh ph\u1ea7n l\u00e0nh t\u00ednh khi gia c\u00f4ng son d\u01b0\u1ee1ng\" width=\"1500\" height=\"600\" title=\"\" srcset=\"https:\/\/shizencos.com\/wp-content\/uploads\/2024\/10\/2-29.png 1500w, https:\/\/shizencos.com\/wp-content\/uploads\/2024\/10\/2-29-150x60.png 150w, https:\/\/shizencos.com\/wp-content\/uploads\/2024\/10\/2-29-18x7.png 18w, https:\/\/shizencos.com\/wp-content\/uploads\/2024\/10\/2-29-300x120.png 300w, https:\/\/shizencos.com\/wp-content\/uploads\/2024\/10\/2-29-768x307.png 768w, https:\/\/shizencos.com\/wp-content\/uploads\/2024\/10\/2-29-1024x410.png 1024w, https:\/\/shizencos.com\/wp-content\/uploads\/2024\/10\/2-29-600x240.png 600w\" sizes=\"(max-width: 1500px) 100vw, 1500px\" \/><\/a><figcaption id=\"caption-attachment-11859\" class=\"wp-caption-text\">\u01afu ti\u00ean s\u1eed d\u1ee5ng th\u00e0nh ph\u1ea7n l\u00e0nh t\u00ednh khi gia c\u00f4ng son d\u01b0\u1ee1ng<\/figcaption><\/figure>\n<h3><span style=\"font-size: 14pt;\"><b>3.1 C\u00f4ng th\u1ee9c son d\u01b0\u1ee1ng \u0111a d\u1ea1ng<\/b><\/span><\/h3>\n<p><span style=\"font-weight: 400;\">Hi\u1ec7n nay tr\u00ean th\u1ecb tr\u01b0\u1eddng c\u00f3 nhi\u1ec1u lo\u1ea1i son d\u01b0\u1ee1ng ph\u00f9 h\u1ee3p v\u1edbi t\u1eebng ph\u00e2n kh\u00fac ng\u01b0\u1eddi ti\u00eau d\u00f9ng v\u00e0 \u0111\u1ecbnh v\u1ecb th\u01b0\u01a1ng hi\u1ec7u kh\u00e1c nhau: t\u1eeb d\u00f2ng s\u1ea3n ph\u1ea9m d\u01b0\u1ee1ng \u1ea9m c\u01a1 b\u1ea3n, \u0111\u1ebfn d\u00f2ng d\u01b0\u1ee1ng m\u00f4i chuy\u00ean s\u00e2u, h\u1eefu c\u01a1 hay t\u00edch h\u1ee3p trang \u0111i\u1ec3m nh\u1eb9. Vi\u1ec7c l\u1ef1a ch\u1ecdn c\u00f4ng th\u1ee9c ph\u00f9 h\u1ee3p s\u1ebd gi\u00fap doanh nghi\u1ec7p t\u1ea1o n\u00ean \u0111i\u1ec3m kh\u00e1c bi\u1ec7t r\u00f5 n\u00e9t v\u00e0 thu h\u00fat \u0111\u00fang \u0111\u1ed1i t\u01b0\u1ee3ng kh\u00e1ch h\u00e0ng m\u1ee5c ti\u00eau. Shizencos cung c\u1ea5p danh m\u1ee5c c\u00f4ng th\u1ee9c son d\u01b0\u1ee1ng \u0111a d\u1ea1ng, \u0111\u00e1p \u1ee9ng linh ho\u1ea1t cho t\u1eebng chi\u1ebfn l\u01b0\u1ee3c s\u1ea3n ph\u1ea9m v\u00e0 \u0111\u1ecbnh h\u01b0\u1edbng th\u01b0\u01a1ng hi\u1ec7u:<\/span><\/p>\n<ul>\n<li style=\"font-weight: 400;\" aria-level=\"1\"><span style=\"font-weight: 400;\">Son d\u01b0\u1ee1ng kh\u00f4ng m\u00e0u thu\u1ea7n d\u01b0\u1ee1ng \u1ea9m<\/span><\/li>\n<li style=\"font-weight: 400;\" aria-level=\"1\"><span style=\"font-weight: 400;\">Son d\u01b0\u1ee1ng c\u00f3 m\u00e0u t\u1ef1 nhi\u00ean, l\u00ean m\u00f4i nh\u1eb9 nh\u00e0ng<\/span><\/li>\n<li style=\"font-weight: 400;\" aria-level=\"1\"><span style=\"font-weight: 400;\">Son d\u01b0\u1ee1ng ch\u1ed1ng n\u1eafng SPF<\/span><\/li>\n<li style=\"font-weight: 400;\" aria-level=\"1\"><span style=\"font-weight: 400;\">Son d\u01b0\u1ee1ng h\u1eefu c\u01a1, chi\u1ebft xu\u1ea5t thi\u00ean nhi\u00ean<\/span><\/li>\n<li style=\"font-weight: 400;\" aria-level=\"1\"><span style=\"font-weight: 400;\">Son d\u01b0\u1ee1ng b\u00f3ng nh\u1eb9, t\u1ea1o hi\u1ec7u \u1ee9ng trang \u0111i\u1ec3m t\u1ef1 nhi\u00ean<\/span><\/li>\n<li style=\"font-weight: 400;\" aria-level=\"1\"><span style=\"font-weight: 400;\">Son d\u01b0\u1ee1ng chuy\u00ean s\u00e2u ph\u1ee5c h\u1ed3i m\u00f4i kh\u00f4, n\u1ee9t n\u1ebb<\/span><\/li>\n<\/ul>\n<p><span style=\"font-weight: 400;\">\u0110\u1eb7c bi\u1ec7t, Shizencos h\u1ed7 tr\u1ee3 \u0111i\u1ec1u ch\u1ec9nh c\u00f4ng th\u1ee9c linh ho\u1ea1t theo th\u1ecb hi\u1ebfu ng\u01b0\u1eddi ti\u00eau d\u00f9ng v\u00e0 xu h\u01b0\u1edbng th\u1ecb tr\u01b0\u1eddng, gi\u00fap th\u01b0\u01a1ng hi\u1ec7u c\u1ee7a b\u1ea1n lu\u00f4n n\u1ed5i b\u1eadt v\u00e0 b\u1eaft k\u1ecbp xu th\u1ebf.<\/span><\/p>\n<figure id=\"attachment_11860\" aria-describedby=\"caption-attachment-11860\" style=\"width: 1500px\" class=\"wp-caption aligncenter\"><a href=\"https:\/\/shizencos.com\/wp-content\/uploads\/2024\/10\/3-24.png\"><img decoding=\"async\" class=\"size-full wp-image-11860\" src=\"https:\/\/shizencos.com\/wp-content\/uploads\/2024\/10\/3-24.png\" alt=\"L\u00fd do kh\u00e1ch h\u00e0ng n\u00ean ch\u1ecdn l\u1ef1a kinh doanh gia c\u00f4ng son d\u01b0\u1ee1ng\u00a0\" width=\"1500\" height=\"600\" title=\"\" srcset=\"https:\/\/shizencos.com\/wp-content\/uploads\/2024\/10\/3-24.png 1500w, https:\/\/shizencos.com\/wp-content\/uploads\/2024\/10\/3-24-150x60.png 150w, https:\/\/shizencos.com\/wp-content\/uploads\/2024\/10\/3-24-18x7.png 18w, https:\/\/shizencos.com\/wp-content\/uploads\/2024\/10\/3-24-300x120.png 300w, https:\/\/shizencos.com\/wp-content\/uploads\/2024\/10\/3-24-768x307.png 768w, https:\/\/shizencos.com\/wp-content\/uploads\/2024\/10\/3-24-1024x410.png 1024w, https:\/\/shizencos.com\/wp-content\/uploads\/2024\/10\/3-24-600x240.png 600w\" sizes=\"(max-width: 1500px) 100vw, 1500px\" \/><\/a><figcaption id=\"caption-attachment-11860\" class=\"wp-caption-text\">L\u00fd do kh\u00e1ch h\u00e0ng n\u00ean ch\u1ecdn l\u1ef1a kinh doanh gia c\u00f4ng son d\u01b0\u1ee1ng<\/figcaption><\/figure>\n<h3><span style=\"font-size: 14pt;\"><b>3.2 Quy tr\u00ecnh gia c\u00f4ng son d\u01b0\u1ee1ng t\u1ea1i Shizencos\u00a0<\/b><\/span><\/h3>\n<p><span style=\"font-weight: 400;\">\u0110\u1ec3 gi\u00fap c\u00e1c th\u01b0\u01a1ng hi\u1ec7u y\u00ean t\u00e2m v\u00e0 ch\u1ee7 \u0111\u1ed9ng trong t\u1eebng b\u01b0\u1edbc tri\u1ec3n khai s\u1ea3n ph\u1ea9m, Shizencos x\u00e2y d\u1ef1ng m\u1ed9t quy tr\u00ecnh gia c\u00f4ng son d\u01b0\u1ee1ng b\u00e0i b\u1ea3n, kh\u00e9p k\u00edn v\u00e0 minh b\u1ea1ch. M\u1ed7i giai \u0111o\u1ea1n \u0111\u1ec1u \u0111\u01b0\u1ee3c thi\u1ebft k\u1ebf \u0111\u1ec3 t\u1ed1i \u01b0u hi\u1ec7u su\u1ea5t, \u0111\u1ea3m b\u1ea3o ch\u1ea5t l\u01b0\u1ee3ng v\u00e0 gi\u1ea3m thi\u1ec3u r\u1ee7i ro trong qu\u00e1 tr\u00ecnh h\u1ee3p t\u00e1c. T\u1eeb kh\u00e2u t\u01b0 v\u1ea5n, th\u1eed m\u1eabu \u0111\u1ebfn s\u1ea3n xu\u1ea5t, \u0111\u00f3ng g\u00f3i v\u00e0 h\u1ed7 tr\u1ee3 ph\u00e1p l\u00fd, m\u1ecdi b\u01b0\u1edbc \u0111\u1ec1u \u0111\u01b0\u1ee3c th\u1ef1c hi\u1ec7n theo ti\u00eau chu\u1ea9n qu\u1ed1c t\u1ebf v\u00e0 cam k\u1ebft \u0111\u1ed3ng h\u00e0nh c\u00f9ng doanh nghi\u1ec7p \u0111\u1ebfn khi s\u1ea3n ph\u1ea9m ho\u00e0n thi\u1ec7n v\u00e0 ra m\u1eaft th\u00e0nh c\u00f4ng tr\u00ean th\u1ecb tr\u01b0\u1eddng.<\/span><\/p>\n<p><b>Step 1: <\/b><span style=\"font-weight: 400;\">Contact for consultation \u2013 Listen to requests and advise on appropriate formulas.<\/span><\/p>\n<p><b>Step 2:<\/b><span style=\"font-weight: 400;\"> Research and Development \u2013 \u200b\u200bR&amp;D team researches and develops optimal formulas.<\/span><\/p>\n<p><b>Step 3: <\/b><span style=\"font-weight: 400;\">Send samples and adjust \u2013 Provide samples, adjust based on feedback.<\/span><\/p>\n<p><b>Step 4:<\/b><span style=\"font-weight: 400;\"> Finalize sample and quote \u2013 Confirm final formula, calculate cost<\/span><\/p>\n<p><b>Step 5:<\/b><span style=\"font-weight: 400;\"> Signing contract and cooperation \u2013 Both parties agree and sign the processing contract.<\/span><\/p>\n<p><b>Step 6: <\/b><span style=\"font-weight: 400;\">Prepare ingredients and stir the tank <\/span><span style=\"font-weight: 400;\">\u2013<\/span><span style=\"font-weight: 400;\"> \u2013 Import and check the quality of input materials.<\/span><\/p>\n<p><b>Step 7:<\/b><span style=\"font-weight: 400;\"> Mass production \u2013 Put into production according to GMP standards.<\/span><\/p>\n<p><b>Step 8: <\/b><span style=\"font-weight: 400;\">Product packaging \u2013 Filling, sealing, labeling according to design.<\/span><\/p>\n<p><b>Step 9:<\/b><span style=\"font-weight: 400;\"> Delivery and post-production support \u2013 On-time delivery, legal support and business strategy.<\/span><\/p>\n<h2><span style=\"font-size: 14pt;\"><b>Conclude<\/b><\/span><\/h2>\n<p><span style=\"font-weight: 400;\">Gia c\u00f4ng son d\u01b0\u1ee1ng l\u00e0 l\u1ef1a ch\u1ecdn chi\u1ebfn l\u01b0\u1ee3c th\u00f4ng minh cho c\u00e1c doanh nghi\u1ec7p m\u1ef9 ph\u1ea9m mu\u1ed1n ph\u00e1t tri\u1ec3n nhanh ch\u00f3ng, b\u1ec1n v\u1eefng v\u00e0 t\u1ed1i \u01b0u chi ph\u00ed. V\u1edbi n\u0103ng l\u1ef1c s\u1ea3n xu\u1ea5t hi\u1ec7n \u0111\u1ea1i, d\u1ecbch v\u1ee5 h\u1ed7 tr\u1ee3 to\u00e0n di\u1ec7n v\u00e0 cam k\u1ebft b\u1ea3o m\u1eadt tuy\u1ec7t \u0111\u1ed1i, Shizencos l\u00e0 \u0111\u1ed1i t\u00e1c l\u00fd t\u01b0\u1edfng gi\u00fap b\u1ea1n hi\u1ec7n th\u1ef1c h\u00f3a \u00fd t\u01b0\u1edfng th\u01b0\u01a1ng hi\u1ec7u v\u00e0 chinh ph\u1ee5c th\u1ecb tr\u01b0\u1eddng m\u1ef9 ph\u1ea9m.<\/span><\/p>\n<p><span style=\"font-weight: 400;\"><a href=\"https:\/\/shizencos.com\/en\/lien-he\/\">Contact now<\/a> v\u1edbi Shizencos \u0111\u1ec3 nh\u1eadn t\u01b0 v\u1ea5n mi\u1ec5n ph\u00ed v\u00e0 tr\u1ea3i nghi\u1ec7m m\u1eabu th\u1eed son d\u01b0\u1ee1ng ch\u1ea5t l\u01b0\u1ee3ng cao d\u00e0nh ri\u00eang cho th\u01b0\u01a1ng hi\u1ec7u c\u1ee7a b\u1ea1n!<\/span><\/p>","protected":false},"excerpt":{"rendered":"<p><i><span style=\"font-weight: 400;\">Gia c\u00f4ng son d\u01b0\u1ee1ng t\u1ea1i Shizencos &#8211; Nh\u00e0 m\u00e1y chu\u1ea9n CGMP, mi\u1ec5n ph\u00ed m\u1eabu th\u1eed, thi\u1ebft k\u1ebf bao b\u00ec. H\u1ed7 tr\u1ee3 ph\u00e1p l\u00fd, c\u00f4ng th\u1ee9c \u0111\u1ed9c quy\u1ec1n, t\u1ed1i \u01b0u chi ph\u00ed cho m\u1ecdi doanh nghi\u1ec7p m\u1ef9 ph\u1ea9m.<\/span><\/i><\/p>","protected":false},"featured_media":11667,"comment_status":"open","ping_status":"closed","template":"","meta":[],"product_brand":[],"product_cat":[20],"product_tag":[],"class_list":{"0":"post-11666","1":"product","2":"type-product","3":"status-publish","4":"has-post-thumbnail","6":"product_cat-gia-cong-my-pham-trang-diem","8":"first","9":"instock","10":"shipping-taxable","11":"product-type-simple"},"_links":{"self":[{"href":"https:\/\/shizencos.com\/en\/wp-json\/wp\/v2\/product\/11666","targetHints":{"allow":["GET"]}}],"collection":[{"href":"https:\/\/shizencos.com\/en\/wp-json\/wp\/v2\/product"}],"about":[{"href":"https:\/\/shizencos.com\/en\/wp-json\/wp\/v2\/types\/product"}],"replies":[{"embeddable":true,"href":"https:\/\/shizencos.com\/en\/wp-json\/wp\/v2\/comments?post=11666"}],"wp:featuredmedia":[{"embeddable":true,"href":"https:\/\/shizencos.com\/en\/wp-json\/wp\/v2\/media\/11667"}],"wp:attachment":[{"href":"https:\/\/shizencos.com\/en\/wp-json\/wp\/v2\/media?parent=11666"}],"wp:term":[{"taxonomy":"product_brand","embeddable":true,"href":"https:\/\/shizencos.com\/en\/wp-json\/wp\/v2\/product_brand?post=11666"},{"taxonomy":"product_cat","embeddable":true,"href":"https:\/\/shizencos.com\/en\/wp-json\/wp\/v2\/product_cat?post=11666"},{"taxonomy":"product_tag","embeddable":true,"href":"https:\/\/shizencos.com\/en\/wp-json\/wp\/v2\/product_tag?post=11666"}],"curies":[{"name":"wp","href":"https:\/\/api.w.org\/{rel}","templated":true}]}}