{"id":11664,"date":"2024-10-28T11:30:47","date_gmt":"2024-10-28T04:30:47","guid":{"rendered":"https:\/\/shizencos.com\/?post_type=product&#038;p=11664"},"modified":"2025-08-29T09:25:01","modified_gmt":"2025-08-29T02:25:01","slug":"gia-cong-xit-khoang-makeup","status":"publish","type":"product","link":"https:\/\/shizencos.com\/en\/gia-cong-xit-khoang-makeup\/","title":{"rendered":"Gia c\u00f4ng x\u1ecbt kho\u00e1ng makeup"},"content":{"rendered":"<p>X\u1ecbt kho\u00e1ng makeup \u0111ang l\u00e0 s\u1ea3n ph\u1ea9m \u0111\u01b0\u1ee3c \u01b0a chu\u1ed9ng nh\u1edd kh\u1ea3 n\u0103ng gi\u1eef l\u1edbp n\u1ec1n ho\u00e0n h\u1ea3o, c\u1ea5p \u1ea9m v\u00e0 b\u1ea3o v\u1ec7 da. Thay v\u00ec t\u1ed1n k\u00e9m x\u00e2y d\u1ef1ng nh\u00e0 m\u00e1y v\u00e0 ph\u00e1t tri\u1ec3n t\u1eeb \u0111\u1ea7u, gi\u1ea3i ph\u00e1p gia c\u00f4ng m\u1ef9 ph\u1ea9m gi\u00fap th\u01b0\u01a1ng hi\u1ec7u r\u00fat ng\u1eafn th\u1eddi gian, ti\u1ebft ki\u1ec7m chi ph\u00ed m\u00e0 v\u1eabn \u0111\u1ea3m b\u1ea3o ch\u1ea5t l\u01b0\u1ee3ng. V\u1eady l\u00e0m sao \u0111\u1ec3 gia c\u00f4ng x\u1ecbt kho\u00e1ng make up v\u1eeba h\u1ee3p xu h\u01b0\u1edbng v\u1eeba mang d\u1ea5u \u1ea5n ri\u00eang? C\u00f9ng Shizencos kh\u00e1m ph\u00e1 ngay!<\/p>\n<h2><span style=\"font-size: 14pt;\"><b>1. Gia c\u00f4ng x\u1ecbt kho\u00e1ng makeup l\u00e0 g\u00ec?<\/b><\/span><\/h2>\n<p><b>X\u1ecbt kho\u00e1ng makeup l\u00e0<\/b><span style=\"font-weight: 400;\"> s\u1ea3n ph\u1ea9m d\u1ea1ng phun s\u01b0\u01a1ng m\u1ecfng nh\u1eb9, s\u1eed d\u1ee5ng sau khi ho\u00e0n t\u1ea5t c\u00e1c b\u01b0\u1edbc trang \u0111i\u1ec3m \u0111\u1ec3 gi\u00fap kh\u00f3a l\u1edbp n\u1ec1n, c\u1ea5p \u1ea9m v\u00e0 duy tr\u00ec hi\u1ec7u \u1ee9ng makeup l\u00e2u d\u00e0i. \u0110\u00e2y kh\u00f4ng ch\u1ec9 l\u00e0 b\u01b0\u1edbc cu\u1ed1i c\u00f9ng trong quy tr\u00ecnh l\u00e0m \u0111\u1eb9p, m\u00e0 c\u00f2n l\u00e0 b\u00ed quy\u1ebft \u0111\u1ec3 l\u1edbp makeup tr\u00f4ng t\u1ef1 nhi\u00ean, kh\u00f4ng b\u1ecb m\u1ed1c ph\u1ea5n hay xu\u1ed1ng t\u00f4ng &#8211; \u0111i\u1ec1u r\u1ea5t d\u1ec5 g\u1eb7p trong \u0111i\u1ec1u ki\u1ec7n kh\u00ed h\u1eadu n\u00f3ng, d\u1ec5 \u0111\u1ed5 m\u1ed3 h\u00f4i nh\u01b0 \u1edf Vi\u1ec7t Nam.<\/span><\/p>\n<p>Ngo\u00e0i kh\u1ea3 n\u0103ng gi\u1eef l\u1edbp n\u1ec1n l\u00e2u tr\u00f4i, x\u1ecbt kho\u00e1ng c\u00f2n gi\u00fap l\u00e0m d\u1ecbu da, c\u1ea5p \u1ea9m v\u00e0 t\u1ea1o hi\u1ec7u \u1ee9ng c\u0103ng b\u00f3ng t\u1ef1 nhi\u00ean. V\u1edbi xu h\u01b0\u1edbng \u01b0a chu\u1ed9ng v\u1ebb \u0111\u1eb9p t\u1ef1 nhi\u00ean, x\u1ecbt kho\u00e1ng makeup tr\u1edf th\u00e0nh s\u1ea3n ph\u1ea9m \u2018must-have\u2019 c\u1ee7a t\u00edn \u0111\u1ed3 l\u00e0m \u0111\u1eb9p v\u00e0 chuy\u00ean gia trang \u0111i\u1ec3m. Nhu c\u1ea7u t\u0103ng cao c\u00f9ng s\u1ef1 ph\u00e1t tri\u1ec3n c\u1ee7a ng\u00e0nh m\u1ef9 ph\u1ea9m bi\u1ebfn x\u1ecbt kho\u00e1ng th\u00e0nh c\u01a1 h\u1ed9i l\u1edbn cho c\u00e1c th\u01b0\u01a1ng hi\u1ec7u mu\u1ed1n m\u1edf r\u1ed9ng s\u1ea3n ph\u1ea9m v\u00e0 kh\u1eb3ng \u0111\u1ecbnh d\u1ea5u \u1ea5n ri\u00eang.<\/p>\n<p><b>Gia c\u00f4ng x\u1ecbt kho\u00e1ng makeup l\u00e0<\/b><span style=\"font-weight: 400;\"> qu\u00e1 tr\u00ecnh m\u1ed9t doanh nghi\u1ec7p m\u1ef9 ph\u1ea9m h\u1ee3p t\u00e1c v\u1edbi nh\u00e0 m\u00e1y s\u1ea3n xu\u1ea5t chuy\u00ean nghi\u1ec7p (OEM\/ODM) \u0111\u1ec3 t\u1ea1o ra s\u1ea3n ph\u1ea9m x\u1ecbt kho\u00e1ng mang th\u01b0\u01a1ng hi\u1ec7u ri\u00eang c\u1ee7a m\u00ecnh. Trong m\u00f4 h\u00ecnh n\u00e0y, c\u00e1c \u0111\u1ed1i t\u00e1c gia c\u00f4ng nh\u01b0 Shizencos \u2013 s\u1ebd ch\u1ecbu tr\u00e1ch nhi\u1ec7m t\u1eeb kh\u00e2u ph\u00e1t tri\u1ec3n c\u00f4ng th\u1ee9c, t\u1ea1o m\u1eabu th\u1eed, thi\u1ebft k\u1ebf bao b\u00ec, s\u1ea3n xu\u1ea5t, \u0111\u1ebfn h\u1ed7 tr\u1ee3 th\u1ee7 t\u1ee5c ph\u00e1p l\u00fd. \u0110\u00e2y \u0111\u01b0\u1ee3c xem l\u00e0 gi\u1ea3i ph\u00e1p l\u00fd t\u01b0\u1edfng cho c\u00e1c startup m\u1ef9 ph\u1ea9m, th\u01b0\u01a1ng hi\u1ec7u c\u00e1 nh\u00e2n \u0111\u1ebfn c\u00e1c c\u00f4ng ty m\u1ef9 ph\u1ea9m l\u1edbn mu\u1ed1n m\u1edf r\u1ed9ng danh m\u1ee5c s\u1ea3n ph\u1ea9m.<\/span><\/p>\n<figure id=\"attachment_11904\" aria-describedby=\"caption-attachment-11904\" style=\"width: 1500px\" class=\"wp-caption aligncenter\"><a href=\"https:\/\/shizencos.com\/wp-content\/uploads\/2024\/10\/2-35.png\"><img fetchpriority=\"high\" decoding=\"async\" class=\"size-full wp-image-11904\" src=\"https:\/\/shizencos.com\/wp-content\/uploads\/2024\/10\/2-35.png\" alt=\"D\u00f2ng m\u1ef9 ph\u1ea9m gia c\u00f4ng x\u1ecbt kho\u00e1ng makeup nhi\u1ec1u c\u00f4ng d\u1ee5ng cho ch\u1ecb em khi trang \u0111i\u1ec3m\" width=\"1500\" height=\"600\" title=\"\" srcset=\"https:\/\/shizencos.com\/wp-content\/uploads\/2024\/10\/2-35.png 1500w, https:\/\/shizencos.com\/wp-content\/uploads\/2024\/10\/2-35-150x60.png 150w, https:\/\/shizencos.com\/wp-content\/uploads\/2024\/10\/2-35-18x7.png 18w, https:\/\/shizencos.com\/wp-content\/uploads\/2024\/10\/2-35-300x120.png 300w, https:\/\/shizencos.com\/wp-content\/uploads\/2024\/10\/2-35-768x307.png 768w, https:\/\/shizencos.com\/wp-content\/uploads\/2024\/10\/2-35-1024x410.png 1024w, https:\/\/shizencos.com\/wp-content\/uploads\/2024\/10\/2-35-600x240.png 600w\" sizes=\"(max-width: 1500px) 100vw, 1500px\" \/><\/a><figcaption id=\"caption-attachment-11904\" class=\"wp-caption-text\">D\u00f2ng m\u1ef9 ph\u1ea9m gia c\u00f4ng x\u1ecbt kho\u00e1ng makeup nhi\u1ec1u c\u00f4ng d\u1ee5ng cho ch\u1ecb em khi trang \u0111i\u1ec3m<\/figcaption><\/figure>\n<h2><b style=\"font-size: 14pt;\">2. L\u1ee3i \u00edch c\u1ee7a vi\u1ec7c l\u1ef1a ch\u1ecdn gia c\u00f4ng x\u1ecbt kho\u00e1ng makeup<\/b><\/h2>\n<p><span style=\"font-weight: 400;\">\u0110\u1eb1ng sau m\u1ed9t s\u1ea3n ph\u1ea9m m\u1ef9 ph\u1ea9m th\u00e0nh c\u00f4ng kh\u00f4ng nh\u1ea5t thi\u1ebft ph\u1ea3i l\u00e0 m\u1ed9t nh\u00e0 m\u00e1y t\u1ef1 v\u1eadn h\u00e0nh t\u1eeb A-Z. V\u1edbi m\u00f4 h\u00ecnh gia c\u00f4ng m\u1ef9 ph\u1ea9m, c\u00e1c doanh nghi\u1ec7p c\u00f3 th\u1ec3 t\u1eadp trung to\u00e0n l\u1ef1c v\u00e0o chi\u1ebfn l\u01b0\u1ee3c kinh doanh, k\u1ebf ho\u1ea1ch marketing v\u00e0 m\u1edf r\u1ed9ng th\u1ecb tr\u01b0\u1eddng, trong khi v\u1eabn s\u1edf h\u1eefu m\u1ed9t s\u1ea3n ph\u1ea9m ch\u1ea5t l\u01b0\u1ee3ng \u0111\u01b0\u1ee3c ph\u00e1t tri\u1ec3n chuy\u00ean nghi\u1ec7p b\u1edfi \u0111\u1ed1i t\u00e1c \u0111\u00e1ng tin c\u1eady.<\/span><\/p>\n<p><span style=\"font-weight: 400;\">Vi\u1ec7c l\u1ef1a ch\u1ecdn gia c\u00f4ng x\u1ecbt kho\u00e1ng makeup kh\u00f4ng ch\u1ec9 gi\u00fap ti\u1ebft ki\u1ec7m m\u1ed9t kho\u1ea3n \u0111\u1ea7u t\u01b0 l\u1edbn v\u00e0o m\u00e1y m\u00f3c, c\u00f4ng ngh\u1ec7, nh\u00e2n s\u1ef1 v\u00e0 R&amp;D \u2013 m\u00e0 c\u00f2n gi\u00fap r\u00fat ng\u1eafn th\u1eddi gian \u0111\u01b0a s\u1ea3n ph\u1ea9m ra th\u1ecb tr\u01b0\u1eddng, t\u0103ng t\u1ed1c kh\u1ea3 n\u0103ng c\u1ea1nh tranh. D\u01b0\u1edbi \u0111\u00e2y l\u00e0 nh\u1eefng l\u1ee3i \u00edch n\u1ed5i b\u1eadt m\u00e0 doanh nghi\u1ec7p nh\u1eadn \u0111\u01b0\u1ee3c khi l\u1ef1a ch\u1ecdn gia c\u00f4ng x\u1ecbt kho\u00e1ng make up:<\/span><\/p>\n<p><span style=\"font-weight: 400;\">\u2705 Ti\u1ebft ki\u1ec7m chi ph\u00ed \u0111\u1ea7u t\u01b0 nh\u00e0 m\u00e1y v\u00e0 nh\u00e2n s\u1ef1<\/span><\/p>\n<p><span style=\"font-weight: 400;\">\u2705 Optimize product development time<\/span><\/p>\n<p><span style=\"font-weight: 400;\">\u2705 Linh ho\u1ea1t v\u1ec1 c\u00f4ng th\u1ee9c v\u00e0 \u0111\u1ecbnh v\u1ecb th\u01b0\u01a1ng hi\u1ec7u<\/span><\/p>\n<p><span style=\"font-weight: 400;\">\u2705 T\u1eadp trung v\u00e0o chi\u1ebfn l\u01b0\u1ee3c b\u00e1n h\u00e0ng<\/span><\/p>\n<p><span style=\"font-weight: 400;\">\u2705 Legal support, testing, and quick product announcement<\/span><\/p>\n<h2><b><span style=\"font-size: 14pt;\">3. Gia c\u00f4ng x\u1ecbt kho\u00e1ng makeup t\u1ea1i Shizencos<\/span><\/b><\/h2>\n<p><span style=\"font-weight: 400;\">T\u1ea1i Shizencos, ch\u00fang t\u00f4i kh\u00f4ng ch\u1ec9 l\u00e0 \u0111\u01a1n v\u1ecb s\u1ea3n xu\u1ea5t m\u00e0 c\u00f2n l\u00e0 m\u1ed9t ng\u01b0\u1eddi b\u1ea1n \u0111\u1ed3ng h\u00e0nh chi\u1ebfn l\u01b0\u1ee3c c\u00f9ng th\u01b0\u01a1ng hi\u1ec7u c\u1ee7a b\u1ea1n. V\u1edbi nh\u00e0 m\u00e1y s\u1ea3n xu\u1ea5t hi\u1ec7n \u0111\u1ea1i, Shizencos cung c\u1ea5p gi\u1ea3i ph\u00e1p gia c\u00f4ng x\u1ecbt kho\u00e1ng makeup tr\u1ecdn g\u00f3i, chuy\u00ean nghi\u1ec7p, linh ho\u1ea1t v\u00e0 ph\u00f9 h\u1ee3p v\u1edbi \u0111\u1ecbnh h\u01b0\u1edbng c\u1ee7a m\u1ecdi m\u00f4 h\u00ecnh kinh doanh t\u1eeb th\u01b0\u01a1ng hi\u1ec7u m\u1ef9 ph\u1ea9m l\u1edbn \u0111\u1ebfn startup m\u1edbi.<\/span><\/p>\n<figure id=\"attachment_11901\" aria-describedby=\"caption-attachment-11901\" style=\"width: 1500px\" class=\"wp-caption aligncenter\"><a href=\"https:\/\/shizencos.com\/wp-content\/uploads\/2024\/10\/1-35.png\"><img decoding=\"async\" class=\"size-full wp-image-11901\" src=\"https:\/\/shizencos.com\/wp-content\/uploads\/2024\/10\/1-35.png\" alt=\"Khi d\u00f9ng x\u1ecbt kho\u00e1ng ch\u1ecb em ph\u1ea3i s\u1eed d\u1ee5ng \u0111\u00fang c\u00e1ch\" width=\"1500\" height=\"600\" title=\"\" srcset=\"https:\/\/shizencos.com\/wp-content\/uploads\/2024\/10\/1-35.png 1500w, https:\/\/shizencos.com\/wp-content\/uploads\/2024\/10\/1-35-150x60.png 150w, https:\/\/shizencos.com\/wp-content\/uploads\/2024\/10\/1-35-18x7.png 18w, https:\/\/shizencos.com\/wp-content\/uploads\/2024\/10\/1-35-300x120.png 300w, https:\/\/shizencos.com\/wp-content\/uploads\/2024\/10\/1-35-768x307.png 768w, https:\/\/shizencos.com\/wp-content\/uploads\/2024\/10\/1-35-1024x410.png 1024w, https:\/\/shizencos.com\/wp-content\/uploads\/2024\/10\/1-35-600x240.png 600w\" sizes=\"(max-width: 1500px) 100vw, 1500px\" \/><\/a><figcaption id=\"caption-attachment-11901\" class=\"wp-caption-text\">Khi d\u00f9ng x\u1ecbt kho\u00e1ng ch\u1ecb em ph\u1ea3i s\u1eed d\u1ee5ng \u0111\u00fang c\u00e1ch<\/figcaption><\/figure>\n<h3><span style=\"font-size: 14pt;\"><b>3.1 C\u00f4ng th\u1ee9c gia c\u00f4ng x\u1ecbt kho\u00e1ng makeup \u0111a d\u1ea1ng<\/b><\/span><\/h3>\n<p><span style=\"font-weight: 400;\">Hi\u1ec3u \u0111\u01b0\u1ee3c nhu c\u1ea7u th\u1ecb tr\u01b0\u1eddng v\u00e0 xu h\u01b0\u1edbng makeup hi\u1ec7n nay, \u0111\u1ed9i ng\u0169 R&amp;D t\u1ea1i Shizencos \u0111\u00e3 kh\u00f4ng ng\u1eebng nghi\u00ean c\u1ee9u v\u00e0 ph\u00e1t tri\u1ec3n m\u1ed7i ng\u00e0y \u0111\u1ec3 t\u1ea1o n\u00ean danh m\u1ee5c c\u00f4ng th\u1ee9c gia c\u00f4ng x\u1ecbt kho\u00e1ng makeup \u0111a d\u1ea1ng, ph\u00f9 h\u1ee3p v\u1edbi nhi\u1ec1u phong c\u00e1ch, ph\u00e2n kh\u00fac v\u00e0 \u0111\u1ed1i t\u01b0\u1ee3ng kh\u00e1ch h\u00e0ng m\u1ee5c ti\u00eau c\u1ee7a t\u1eebng th\u01b0\u01a1ng hi\u1ec7u. Tham kh\u1ea3o ngay m\u1ed9t s\u1ed1 c\u00f4ng th\u1ee9c gia c\u00f4ng x\u1ecbt kho\u00e1ng makeup n\u1ed5i b\u1eadt d\u01b0\u1edbi \u0111\u00e2y v\u00e0 xem x\u00e9t th\u1ecb tr\u01b0\u1eddng m\u1ee5c ti\u00eau c\u1ee7a m\u00ecnh \u0111\u1ec3 l\u1ef1a ch\u1ecdn d\u00f2ng s\u1ea3n ph\u1ea9m cho ph\u00f9 h\u1ee3p.<\/span><\/p>\n<ul>\n<li style=\"font-weight: 400;\" aria-level=\"1\"><span style=\"font-weight: 400;\">X\u1ecbt kho\u00e1ng gi\u1eef l\u1edbp trang \u0111i\u1ec3m l\u00e2u tr\u00f4i<\/span><\/li>\n<li style=\"font-weight: 400;\" aria-level=\"1\"><span style=\"font-weight: 400;\">X\u1ecbt kho\u00e1ng c\u1ea5p \u1ea9m s\u00e2u ch\u1ed1ng oxy h\u00f3a<\/span><\/li>\n<li style=\"font-weight: 400;\" aria-level=\"1\"><span style=\"font-weight: 400;\">X\u1ecbt kho\u00e1ng t\u1ea1o hi\u1ec7u \u1ee9ng glowy (c\u0103ng b\u00f3ng) t\u1ef1 nhi\u00ean<\/span><\/li>\n<li style=\"font-weight: 400;\" aria-level=\"1\"><span style=\"font-weight: 400;\">X\u1ecbt kho\u00e1ng c\u00f3 th\u00e0nh ph\u1ea7n d\u01b0\u1ee1ng s\u00e1ng, l\u00e0m \u0111\u1ec1u m\u00e0u da<\/span><\/li>\n<li style=\"font-weight: 400;\" aria-level=\"1\"><span style=\"font-weight: 400;\">X\u1ecbt kho\u00e1ng ki\u1ec1m d\u1ea7u ph\u00f9 h\u1ee3p da h\u1ed7n h\u1ee3p \u0111\u1ebfn da d\u1ea7u<\/span><\/li>\n<li style=\"font-weight: 400;\" aria-level=\"1\"><span style=\"font-weight: 400;\">X\u1ecbt kho\u00e1ng makeup ch\u1ee9a th\u00e0nh ph\u1ea7n ph\u1ee5c h\u1ed3i, ph\u00f9 h\u1ee3p da sau treatment<\/span><\/li>\n<\/ul>\n<p><span style=\"font-weight: 400;\">Ngo\u00e0i c\u00e1c c\u00f4ng th\u1ee9c s\u1eb5n c\u00f3, Shizencos c\u00f2n h\u1ed7 tr\u1ee3 kh\u00e1ch h\u00e0ng x\u00e2y d\u1ef1ng<\/span> <span style=\"font-weight: 400;\">c\u00f4ng th\u1ee9c \u0111\u1ed9c quy\u1ec1n d\u1ef1a tr\u00ean y\u00eau c\u1ea7u v\u00e0 t\u1ea7m nh\u00ecn ri\u00eang bi\u1ec7t c\u1ee7a th\u01b0\u01a1ng hi\u1ec7u \u2013 t\u1eeb h\u01b0\u01a1ng th\u01a1m, k\u1ebft c\u1ea5u, \u0111\u1ebfn hi\u1ec7u \u1ee9ng sau khi s\u1eed d\u1ee5ng.<\/span><\/p>\n<h3><span style=\"font-size: 14pt;\"><b>3.2 Quy tr\u00ecnh gia c\u00f4ng x\u1ecbt kho\u00e1ng makeup t\u1ea1i Shizencos\u00a0<\/b><\/span><\/h3>\n<p><span style=\"font-weight: 400;\">\u0110\u1ec3 gia c\u00f4ng x\u1ecbt kho\u00e1ng makeup ch\u1ea5t l\u01b0\u1ee3ng v\u00e0 ph\u00f9 h\u1ee3p v\u1edbi th\u1ecb tr\u01b0\u1eddng, quy tr\u00ecnh s\u1ea3n xu\u1ea5t \u0111\u00f3ng vai tr\u00f2 v\u00f4 c\u00f9ng quan tr\u1ecdng. T\u1ea1i Shizencos, ch\u00fang t\u00f4i lu\u00f4n \u0111\u1ed3ng h\u00e0nh c\u00f9ng kh\u00e1ch h\u00e0ng t\u1eeb nh\u1eefng b\u01b0\u1edbc \u0111\u1ea7u ti\u00ean \u2013 t\u1eeb t\u01b0 v\u1ea5n \u00fd t\u01b0\u1edfng, ph\u00e1t tri\u1ec3n c\u00f4ng th\u1ee9c, \u0111\u1ebfn ho\u00e0n thi\u1ec7n bao b\u00ec v\u00e0 h\u1ed7 tr\u1ee3 ph\u00e1p l\u00fd. T\u1ea5t c\u1ea3 \u0111\u1ec1u \u0111\u01b0\u1ee3c th\u1ef1c hi\u1ec7n b\u00e0i b\u1ea3n, r\u00f5 r\u00e0ng v\u00e0 minh b\u1ea1ch \u0111\u1ec3 m\u1ed7i doanh nghi\u1ec7p khi h\u1ee3p t\u00e1c \u0111\u1ec1u c\u00f3 th\u1ec3 y\u00ean t\u00e2m v\u00e0 tin t\u01b0\u1edfng v\u00e0o ch\u1ea5t l\u01b0\u1ee3ng s\u1ea3n ph\u1ea9m \u0111\u1ea7u ra.<\/span><\/p>\n<p><b>Step 1: <\/b><span style=\"font-weight: 400;\">Contact for consultation \u2013 Listen to requests and advise on appropriate formulas.<\/span><\/p>\n<p><b>Step 2:<\/b><span style=\"font-weight: 400;\"> Research and Development \u2013 \u200b\u200bR&amp;D team researches and develops optimal formulas.<\/span><\/p>\n<p><b>Step 3: <\/b><span style=\"font-weight: 400;\">Send samples and adjust \u2013 Provide samples, adjust based on feedback.<\/span><\/p>\n<p><b>Step 4:<\/b><span style=\"font-weight: 400;\"> Finalize sample and quote \u2013 Confirm final formula, calculate cost<\/span><\/p>\n<p><b>Step 5:<\/b><span style=\"font-weight: 400;\"> Signing contract and cooperation \u2013 Both parties agree and sign the processing contract.<\/span><\/p>\n<p><b>Step 6: <\/b><span style=\"font-weight: 400;\">Prepare ingredients and stir the tank <\/span><span style=\"font-weight: 400;\">\u2013<\/span><span style=\"font-weight: 400;\"> \u2013 Import and check the quality of input materials.<\/span><\/p>\n<p><b>Step 7:<\/b><span style=\"font-weight: 400;\"> Mass production \u2013 Put into production according to GMP standards.<\/span><\/p>\n<p><b>Step 8: <\/b><span style=\"font-weight: 400;\">Product packaging \u2013 Filling, sealing, labeling according to design.<\/span><\/p>\n<p><b>Step 9:<\/b><span style=\"font-weight: 400;\"> Delivery and post-production support \u2013 On-time delivery, legal support and business strategy.<\/span><\/p>\n<figure id=\"attachment_11900\" aria-describedby=\"caption-attachment-11900\" style=\"width: 1500px\" class=\"wp-caption aligncenter\"><a href=\"https:\/\/shizencos.com\/wp-content\/uploads\/2024\/10\/3-28.png\"><img decoding=\"async\" class=\"size-full wp-image-11900\" src=\"https:\/\/shizencos.com\/wp-content\/uploads\/2024\/10\/3-28.png\" alt=\"X\u1ecbt kho\u00e1ng m\u1ed9t b\u01b0\u1edbc gi\u1eef \u1ea9m cho l\u00e0n da\" width=\"1500\" height=\"600\" title=\"\" srcset=\"https:\/\/shizencos.com\/wp-content\/uploads\/2024\/10\/3-28.png 1500w, https:\/\/shizencos.com\/wp-content\/uploads\/2024\/10\/3-28-150x60.png 150w, https:\/\/shizencos.com\/wp-content\/uploads\/2024\/10\/3-28-18x7.png 18w, https:\/\/shizencos.com\/wp-content\/uploads\/2024\/10\/3-28-300x120.png 300w, https:\/\/shizencos.com\/wp-content\/uploads\/2024\/10\/3-28-768x307.png 768w, https:\/\/shizencos.com\/wp-content\/uploads\/2024\/10\/3-28-1024x410.png 1024w, https:\/\/shizencos.com\/wp-content\/uploads\/2024\/10\/3-28-600x240.png 600w\" sizes=\"(max-width: 1500px) 100vw, 1500px\" \/><\/a><figcaption id=\"caption-attachment-11900\" class=\"wp-caption-text\">X\u1ecbt kho\u00e1ng m\u1ed9t b\u01b0\u1edbc gi\u1eef \u1ea9m cho l\u00e0n da<\/figcaption><\/figure>\n<h2><span style=\"font-size: 14pt;\"><b>Conclude<\/b><\/span><\/h2>\n<p><span style=\"font-weight: 400;\">Trong ng\u00e0nh c\u00f4ng nghi\u1ec7p l\u00e0m \u0111\u1eb9p \u0111\u1ea7y ti\u1ec1m n\u0103ng nh\u01b0ng c\u0169ng kh\u00f4ng k\u00e9m ph\u1ea7n kh\u1eaft khe, vi\u1ec7c ch\u1ecdn \u0111\u00fang \u0111\u1ed1i t\u00e1c s\u1ea3n xu\u1ea5t c\u00f3 th\u1ec3 l\u00e0 b\u01b0\u1edbc ngo\u1eb7t \u0111\u01b0a th\u01b0\u01a1ng hi\u1ec7u c\u1ee7a b\u1ea1n v\u01b0\u01a1n xa. Shizencos kh\u00f4ng ch\u1ec9 l\u00e0 nh\u00e0 m\u00e1y gia c\u00f4ng \u2013 m\u00e0 l\u00e0 ng\u01b0\u1eddi b\u1ea1n \u0111\u1ed3ng h\u00e0nh c\u00f9ng th\u01b0\u01a1ng hi\u1ec7u b\u1ea1n t\u1eeb nh\u1eefng b\u01b0\u1edbc \u0111\u1ea7u ti\u00ean \u0111\u1ebfn khi s\u1ea3n ph\u1ea9m ch\u1ea1m tay ng\u01b0\u1eddi ti\u00eau d\u00f9ng.<\/span><\/p>\n<p><span style=\"font-weight: 400;\">B\u1ea1n \u0111ang \u1ea5p \u1ee7 mu\u1ed1n Gia c\u00f4ng\u00a0x\u1ecbt kho\u00e1ng makeup? \u0110\u1eebng ng\u1ea7n ng\u1ea1i, li\u00ean h\u1ec7 ngay v\u1edbi Shizencos \u0111\u1ec3 \u0111\u01b0\u1ee3c t\u01b0 v\u1ea5n chi ti\u1ebft!<\/span><\/p>","protected":false},"excerpt":{"rendered":"<p>X\u1ecbt kho\u00e1ng makeup \u0111ang l\u00e0 s\u1ea3n ph\u1ea9m \u0111\u01b0\u1ee3c \u01b0a chu\u1ed9ng nh\u1edd kh\u1ea3 n\u0103ng gi\u1eef l\u1edbp n\u1ec1n ho\u00e0n h\u1ea3o, c\u1ea5p \u1ea9m v\u00e0 b\u1ea3o v\u1ec7 da. Thay v\u00ec t\u1ed1n k\u00e9m x\u00e2y d\u1ef1ng nh\u00e0 m\u00e1y v\u00e0 ph\u00e1t tri\u1ec3n t\u1eeb \u0111\u1ea7u, gi\u1ea3i ph\u00e1p gia c\u00f4ng m\u1ef9 ph\u1ea9m gi\u00fap th\u01b0\u01a1ng hi\u1ec7u r\u00fat ng\u1eafn th\u1eddi gian, ti\u1ebft ki\u1ec7m chi ph\u00ed m\u00e0 [&hellip;]<\/p>\n","protected":false},"featured_media":11665,"comment_status":"open","ping_status":"closed","template":"","meta":[],"product_brand":[],"product_cat":[20],"product_tag":[],"class_list":{"0":"post-11664","1":"product","2":"type-product","3":"status-publish","4":"has-post-thumbnail","6":"product_cat-gia-cong-my-pham-trang-diem","8":"first","9":"instock","10":"shipping-taxable","11":"product-type-simple"},"_links":{"self":[{"href":"https:\/\/shizencos.com\/en\/wp-json\/wp\/v2\/product\/11664","targetHints":{"allow":["GET"]}}],"collection":[{"href":"https:\/\/shizencos.com\/en\/wp-json\/wp\/v2\/product"}],"about":[{"href":"https:\/\/shizencos.com\/en\/wp-json\/wp\/v2\/types\/product"}],"replies":[{"embeddable":true,"href":"https:\/\/shizencos.com\/en\/wp-json\/wp\/v2\/comments?post=11664"}],"wp:featuredmedia":[{"embeddable":true,"href":"https:\/\/shizencos.com\/en\/wp-json\/wp\/v2\/media\/11665"}],"wp:attachment":[{"href":"https:\/\/shizencos.com\/en\/wp-json\/wp\/v2\/media?parent=11664"}],"wp:term":[{"taxonomy":"product_brand","embeddable":true,"href":"https:\/\/shizencos.com\/en\/wp-json\/wp\/v2\/product_brand?post=11664"},{"taxonomy":"product_cat","embeddable":true,"href":"https:\/\/shizencos.com\/en\/wp-json\/wp\/v2\/product_cat?post=11664"},{"taxonomy":"product_tag","embeddable":true,"href":"https:\/\/shizencos.com\/en\/wp-json\/wp\/v2\/product_tag?post=11664"}],"curies":[{"name":"wp","href":"https:\/\/api.w.org\/{rel}","templated":true}]}}