{"id":11662,"date":"2024-10-28T11:29:13","date_gmt":"2024-10-28T04:29:13","guid":{"rendered":"https:\/\/shizencos.com\/?post_type=product&#038;p=11662"},"modified":"2025-08-29T11:19:47","modified_gmt":"2025-08-29T04:19:47","slug":"gia-cong-ma-hong","status":"publish","type":"product","link":"https:\/\/shizencos.com\/en\/gia-cong-ma-hong\/","title":{"rendered":"Processing blush"},"content":{"rendered":"<p>Trong th\u1ebf gi\u1edbi makeup, c\u00f3 th\u1ec3 thi\u1ebfu son hay eyeliner, nh\u01b0ng b\u01b0\u1edbc <strong data-start=\"405\" data-end=\"421\">\u0111\u00e1nh m\u00e1 h\u1ed3ng<\/strong> g\u1ea7n nh\u01b0 kh\u00f4ng th\u1ec3 b\u1ecf qua. D\u00f9 theo phong c\u00e1ch t\u1ef1 nhi\u00ean H\u00e0n Qu\u1ed1c hay c\u00e1 t\u00ednh T\u00e2y \u00c2u, m\u00e1 h\u1ed3ng lu\u00f4n mang l\u1ea1i n\u00e9t t\u01b0\u01a1i t\u1eafn, gi\u00fap g\u01b0\u01a1ng m\u1eb7t r\u1ea1ng r\u1ee1 h\u01a1n. Ch\u00ednh v\u00ec v\u1eady, nhi\u1ec1u th\u01b0\u01a1ng hi\u1ec7u \u0111\u00e3 ch\u1ecdn <strong data-start=\"609\" data-end=\"629\">gia c\u00f4ng m\u00e1 h\u1ed3ng<\/strong> nh\u01b0 m\u1ed9t chi\u1ebfn l\u01b0\u1ee3c \u0111\u1ec3 m\u1edf r\u1ed9ng danh m\u1ee5c s\u1ea3n ph\u1ea9m, \u0111\u00e1p \u1ee9ng nhu c\u1ea7u l\u00e0m \u0111\u1eb9p ng\u00e0y c\u00e0ng \u0111a d\u1ea1ng.<\/p>\n<h2><span style=\"font-size: 14pt;\"><b>1. Gia c\u00f4ng m\u00e1 h\u1ed3ng l\u00e0 g\u00ec?<\/b><\/span><\/h2>\n<p><b>M\u00e1 h\u1ed3ng l\u00e0<\/b><span style=\"font-weight: 400;\"> s\u1ea3n ph\u1ea9m trang \u0111i\u1ec3m \u0111\u01b0\u1ee3c s\u1eed d\u1ee5ng \u0111\u1ec3 t\u1ea1o hi\u1ec7u \u1ee9ng \u1eedng h\u1ed3ng t\u1ef1 nhi\u00ean tr\u00ean g\u00f2 m\u00e1, gi\u00fap g\u01b0\u01a1ng m\u1eb7t tr\u1edf n\u00ean t\u01b0\u01a1i t\u1eafn v\u00e0 c\u00f3 chi\u1ec1u s\u00e2u h\u01a1n. S\u1ea3n ph\u1ea9m n\u00e0y c\u00f3 nhi\u1ec1u d\u1ea1ng nh\u01b0 b\u1ed9t n\u00e9n, kem, tint, ho\u1eb7c d\u1ea1ng cushion ph\u00f9 h\u1ee3p v\u1edbi t\u1eebng lo\u1ea1i da v\u00e0 nhu c\u1ea7u s\u1eed d\u1ee5ng.<\/span><\/p>\n<p><b>Gia c\u00f4ng m\u00e1 h\u1ed3ng l\u00e0<\/b><span style=\"font-weight: 400;\"> d\u1ecbch v\u1ee5 s\u1ea3n xu\u1ea5t s\u1ea3n ph\u1ea9m m\u00e1 h\u1ed3ng theo y\u00eau c\u1ea7u c\u1ee7a c\u00e1c doanh nghi\u1ec7p kinh doanh m\u1ef9 ph\u1ea9m. Doanh nghi\u1ec7p kh\u00f4ng c\u1ea7n \u0111\u1ea7u t\u01b0 nh\u00e0 m\u00e1y hay \u0111\u1ed9i ng\u0169 R&amp;D m\u00e0 v\u1eabn s\u1edf h\u1eefu d\u00f2ng s\u1ea3n ph\u1ea9m ri\u00eang bi\u1ec7t mang th\u01b0\u01a1ng hi\u1ec7u c\u1ee7a m\u00ecnh. \u0110\u00e2y l\u00e0 m\u00f4 h\u00ecnh t\u1ed1i \u01b0u gi\u00fap ti\u1ebft ki\u1ec7m chi ph\u00ed, th\u1eddi gian v\u00e0 d\u1ec5 d\u00e0ng m\u1edf r\u1ed9ng danh m\u1ee5c s\u1ea3n ph\u1ea9m.<\/span><\/p>\n<h2><span style=\"font-size: 14pt;\"><b>2. L\u1ee3i \u00edch c\u1ee7a vi\u1ec7c l\u1ef1a ch\u1ecdn gia c\u00f4ng m\u00e1 h\u1ed3ng<\/b><\/span><\/h2>\n<p><span style=\"font-weight: 400;\">L\u1ef1a ch\u1ecdn h\u00ecnh th\u1ee9c gia c\u00f4ng s\u1ea3n ph\u1ea9m m\u00e1 h\u1ed3ng l\u00e0 m\u1ed9t chi\u1ebfn l\u01b0\u1ee3c th\u00f4ng minh cho c\u00e1c th\u01b0\u01a1ng hi\u1ec7u m\u1ef9 ph\u1ea9m mu\u1ed1n gia nh\u1eadp th\u1ecb tr\u01b0\u1eddng trang \u0111i\u1ec3m ho\u1eb7c m\u1edf r\u1ed9ng danh m\u1ee5c s\u1ea3n ph\u1ea9m hi\u1ec7n c\u00f3. Kh\u00f4ng ch\u1ec9 t\u1ed1i \u01b0u chi ph\u00ed v\u00e0 th\u1eddi gian, m\u00f4 h\u00ecnh n\u00e0y c\u00f2n gi\u00fap doanh nghi\u1ec7p gi\u1eef \u0111\u01b0\u1ee3c s\u1ef1 linh ho\u1ea1t v\u00e0 s\u00e1ng t\u1ea1o trong vi\u1ec7c x\u00e2y d\u1ef1ng th\u01b0\u01a1ng hi\u1ec7u ri\u00eang. D\u01b0\u1edbi \u0111\u00e2y l\u00e0 m\u1ed9t s\u1ed1 l\u1ee3i \u00edch n\u1ed5i b\u1eadt:\u00a0<\/span><\/p>\n<p><span style=\"font-weight: 400;\">\u2705 Save costs on factory investment, personnel and management systems<\/span><\/p>\n<p><span style=\"font-weight: 400;\">\u2705 Shorten product research and development time<\/span><\/p>\n<p><span style=\"font-weight: 400;\">\u2705 Own high quality products with exclusive formula<\/span><\/p>\n<p><span style=\"font-weight: 400;\">\u2705 Flexible order quantity, suitable for both startups and large businesses<\/span><\/p>\n<p><span style=\"font-weight: 400;\">\u2705 Legal support, testing, and quick product announcement<\/span><\/p>\n<figure id=\"attachment_11959\" aria-describedby=\"caption-attachment-11959\" style=\"width: 1500px\" class=\"wp-caption aligncenter\"><a href=\"https:\/\/shizencos.com\/wp-content\/uploads\/2024\/10\/6.png\"><img fetchpriority=\"high\" decoding=\"async\" class=\"size-full wp-image-11959\" src=\"https:\/\/shizencos.com\/wp-content\/uploads\/2024\/10\/6.png\" alt=\"Gia c\u00f4ng m\u00e1 h\u1ed3ng - S\u1ea3n ph\u1ea9m gi\u00fap ch\u1ecb em l\u00e0m \u0111\u1eb9p d\u1ecbu d\u00e0ng\" width=\"1500\" height=\"600\" title=\"\" srcset=\"https:\/\/shizencos.com\/wp-content\/uploads\/2024\/10\/6.png 1500w, https:\/\/shizencos.com\/wp-content\/uploads\/2024\/10\/6-150x60.png 150w, https:\/\/shizencos.com\/wp-content\/uploads\/2024\/10\/6-18x7.png 18w, https:\/\/shizencos.com\/wp-content\/uploads\/2024\/10\/6-300x120.png 300w, https:\/\/shizencos.com\/wp-content\/uploads\/2024\/10\/6-768x307.png 768w, https:\/\/shizencos.com\/wp-content\/uploads\/2024\/10\/6-1024x410.png 1024w, https:\/\/shizencos.com\/wp-content\/uploads\/2024\/10\/6-600x240.png 600w\" sizes=\"(max-width: 1500px) 100vw, 1500px\" \/><\/a><figcaption id=\"caption-attachment-11959\" class=\"wp-caption-text\">Gia c\u00f4ng m\u00e1 h\u1ed3ng &#8211; S\u1ea3n ph\u1ea9m gi\u00fap ch\u1ecb em l\u00e0m \u0111\u1eb9p d\u1ecbu d\u00e0ng<\/figcaption><\/figure>\n<h2><span style=\"font-size: 14pt;\"><b>3. Gia c\u00f4ng m\u00e1 h\u1ed3ng t\u1ea1i Shizencos<\/b><\/span><\/h2>\n<p><span style=\"font-weight: 400;\">D\u1ecbch v\u1ee5 gia c\u00f4ng m\u00e1 h\u1ed3ng t\u1ea1i Shizencos \u0111\u01b0\u1ee3c thi\u1ebft k\u1ebf \u0111\u1ec3 \u0111\u00e1p \u1ee9ng \u0111a d\u1ea1ng nhu c\u1ea7u t\u1eeb c\u00e1c doanh nghi\u1ec7p l\u1edbn \u0111\u1ebfn th\u01b0\u01a1ng hi\u1ec7u m\u1edbi kh\u1edfi nghi\u1ec7p. V\u1edbi kinh nghi\u1ec7m nhi\u1ec1u n\u0103m trong ng\u00e0nh, h\u1ec7 th\u1ed1ng nh\u00e0 m\u00e1y hi\u1ec7n \u0111\u1ea1i \u0111\u1ea1t chu\u1ea9n qu\u1ed1c t\u1ebf, \u0111\u1ed9i ng\u0169 R&amp;D chuy\u00ean s\u00e2u v\u00e0 d\u1ecbch v\u1ee5 h\u1ed7 tr\u1ee3 to\u00e0n di\u1ec7n, Shizencos mang \u0111\u1ebfn gi\u1ea3i ph\u00e1p t\u1ed1i \u01b0u, gi\u00fap kh\u00e1ch h\u00e0ng s\u1edf h\u1eefu d\u00f2ng s\u1ea3n ph\u1ea9m m\u00e1 h\u1ed3ng ch\u1ea5t l\u01b0\u1ee3ng, \u0111\u1ed9c \u0111\u00e1o v\u00e0 ph\u00f9 h\u1ee3p v\u1edbi chi\u1ebfn l\u01b0\u1ee3c kinh doanh.<\/span><\/p>\n<h3><span style=\"font-size: 14pt;\"><b>3.1 C\u00f4ng th\u1ee9c m\u00e1 h\u1ed3ng \u0111a d\u1ea1ng<\/b><\/span><\/h3>\n<p><span style=\"font-weight: 400;\">M\u00e1 h\u1ed3ng l\u00e0 m\u1ed9t trong nh\u1eefng d\u00f2ng s\u1ea3n ph\u1ea9m kh\u00f4ng th\u1ec3 thi\u1ebfu trong b\u1ed9 s\u01b0u t\u1eadp trang \u0111i\u1ec3m c\u1ee7a b\u1ea5t k\u1ef3 th\u01b0\u01a1ng hi\u1ec7u m\u1ef9 ph\u1ea9m n\u00e0o. T\u00f9y theo nh\u00f3m kh\u00e1ch h\u00e0ng m\u1ee5c ti\u00eau, xu h\u01b0\u1edbng th\u1ecb tr\u01b0\u1eddng v\u00e0 \u0111\u1ecbnh v\u1ecb th\u01b0\u01a1ng hi\u1ec7u, c\u00e1c d\u00f2ng m\u00e1 h\u1ed3ng s\u1ebd c\u00f3 s\u1ef1 kh\u00e1c bi\u1ec7t r\u00f5 r\u1ec7t v\u1ec1 k\u1ebft c\u1ea5u, hi\u1ec7u \u1ee9ng m\u00e0u s\u1eafc, \u0111\u1ed9 b\u00e1m v\u00e0 phong c\u00e1ch thi\u1ebft k\u1ebf. Shizencos mang \u0111\u1ebfn danh m\u1ee5c c\u00f4ng th\u1ee9c \u0111a d\u1ea1ng gi\u00fap c\u00e1c \u0111\u1ed1i t\u00e1c d\u1ec5 d\u00e0ng l\u1ef1a ch\u1ecdn ho\u1eb7c ph\u00e1t tri\u1ec3n d\u00f2ng s\u1ea3n ph\u1ea9m ph\u00f9 h\u1ee3p nh\u1ea5t:<\/span><\/p>\n<ul>\n<li><span style=\"font-size: 12pt;\"><b>M\u00e1 h\u1ed3ng d\u1ea1ng b\u1ed9t n\u00e9n:<\/b><span style=\"font-weight: 400;\"> D\u1ec5 s\u1eed d\u1ee5ng, ki\u1ec3m so\u00e1t l\u01b0\u1ee3ng m\u00e0u t\u1ed1t, b\u00e1m m\u00e0u l\u00e2u, ph\u00f9 h\u1ee3p v\u1edbi kh\u00e1ch h\u00e0ng \u0111\u1ea1i ch\u00fang v\u00e0 th\u1ecb tr\u01b0\u1eddng ph\u1ed5 th\u00f4ng.<\/span><\/span><\/li>\n<li><span style=\"font-size: 12pt;\"><b>M\u00e1 h\u1ed3ng d\u1ea1ng kem:<\/b><span style=\"font-weight: 400;\"> Ch\u1ea5t m\u1ecbn, t\u00e1n \u0111\u1ec1u, l\u00ean m\u00e0u t\u1ef1 nhi\u00ean; ph\u00f9 h\u1ee3p v\u1edbi ng\u01b0\u1eddi c\u00f3 l\u00e0n da kh\u00f4 ho\u1eb7c th\u00edch trang \u0111i\u1ec3m nh\u1eb9 nh\u00e0ng.<\/span><\/span><\/li>\n<li><span style=\"font-size: 12pt;\"><b>M\u00e1 h\u1ed3ng d\u1ea1ng tint:<\/b><span style=\"font-weight: 400;\"> D\u1ea1ng l\u1ecfng, nhanh kh\u00f4, cho hi\u1ec7u \u1ee9ng t\u1ef1 nhi\u00ean, trong su\u1ed1t, r\u1ea5t \u0111\u01b0\u1ee3c \u01b0a chu\u1ed9ng \u1edf nh\u00f3m kh\u00e1ch h\u00e0ng tr\u1ebb v\u00e0 y\u00eau th\u00edch phong c\u00e1ch H\u00e0n Qu\u1ed1c.<\/span><\/span><\/li>\n<li><span style=\"font-size: 12pt;\"><b>M\u00e1 h\u1ed3ng cushion:<\/b><span style=\"font-weight: 400;\"> S\u1ea3n ph\u1ea9m hi\u1ec7n \u0111\u1ea1i, ti\u1ec7n d\u1ee5ng, k\u1ebft h\u1ee3p gi\u1eefa m\u00e1 h\u1ed3ng kem v\u00e0 d\u1ee5ng c\u1ee5 t\u00e1n; ph\u00f9 h\u1ee3p v\u1edbi th\u1ecb tr\u01b0\u1eddng cao c\u1ea5p ho\u1eb7c kh\u00e1ch h\u00e0ng th\u00edch s\u1ea3n ph\u1ea9m ti\u1ec7n l\u1ee3i.<\/span><\/span><\/li>\n<\/ul>\n<figure id=\"attachment_11960\" aria-describedby=\"caption-attachment-11960\" style=\"width: 1500px\" class=\"wp-caption aligncenter\"><a href=\"https:\/\/shizencos.com\/wp-content\/uploads\/2024\/10\/7.png\"><img decoding=\"async\" class=\"size-full wp-image-11960\" src=\"https:\/\/shizencos.com\/wp-content\/uploads\/2024\/10\/7.png\" alt=\"M\u00e1 h\u1ed3ng d\u00f2ng s\u1ea3n ph\u1ea9m \u0111\u01b0\u1ee3c \u01b0a chu\u1ed9ng, ph\u1ed5 bi\u1ebfn hi\u1ec7n nay\" width=\"1500\" height=\"600\" title=\"\" srcset=\"https:\/\/shizencos.com\/wp-content\/uploads\/2024\/10\/7.png 1500w, https:\/\/shizencos.com\/wp-content\/uploads\/2024\/10\/7-150x60.png 150w, https:\/\/shizencos.com\/wp-content\/uploads\/2024\/10\/7-18x7.png 18w, https:\/\/shizencos.com\/wp-content\/uploads\/2024\/10\/7-300x120.png 300w, https:\/\/shizencos.com\/wp-content\/uploads\/2024\/10\/7-768x307.png 768w, https:\/\/shizencos.com\/wp-content\/uploads\/2024\/10\/7-1024x410.png 1024w, https:\/\/shizencos.com\/wp-content\/uploads\/2024\/10\/7-600x240.png 600w\" sizes=\"(max-width: 1500px) 100vw, 1500px\" \/><\/a><figcaption id=\"caption-attachment-11960\" class=\"wp-caption-text\">M\u00e1 h\u1ed3ng d\u00f2ng s\u1ea3n ph\u1ea9m \u0111\u01b0\u1ee3c \u01b0a chu\u1ed9ng, ph\u1ed5 bi\u1ebfn hi\u1ec7n nay<\/figcaption><\/figure>\n<h3><span style=\"font-size: 14pt;\"><b>3.2 Quy tr\u00ecnh gia c\u00f4ng m\u00e1 h\u1ed3ng t\u1ea1i Shizencos\u00a0<\/b><\/span><\/h3>\n<p><span style=\"font-weight: 400; font-size: 12pt;\">\u0110\u1ec3 \u0111\u1ea3m b\u1ea3o m\u1ed7i s\u1ea3n ph\u1ea9m m\u00e1 h\u1ed3ng \u0111\u1ec1u \u0111\u1ea1t ti\u00eau chu\u1ea9n ch\u1ea5t l\u01b0\u1ee3ng cao v\u00e0 ph\u00f9 h\u1ee3p v\u1edbi \u0111\u1ecbnh h\u01b0\u1edbng kinh doanh c\u1ee7a t\u1eebng th\u01b0\u01a1ng hi\u1ec7u, Shizencos x\u00e2y d\u1ef1ng quy tr\u00ecnh gia c\u00f4ng chuy\u00ean nghi\u1ec7p, r\u00f5 r\u00e0ng v\u00e0 \u0111\u1ed3ng h\u00e0nh c\u00f9ng kh\u00e1ch h\u00e0ng \u1edf m\u1ecdi b\u01b0\u1edbc. D\u01b0\u1edbi \u0111\u00e2y l\u00e0 c\u00e1c giai \u0111o\u1ea1n ch\u00ednh trong qu\u00e1 tr\u00ecnh h\u1ee3p t\u00e1c gia c\u00f4ng m\u00e1 h\u1ed3ng t\u1ea1i Shizencos:<\/span><\/p>\n<p><span style=\"font-size: 12pt;\"><b>Step 1: <\/b><span style=\"font-weight: 400;\">Contact for consultation \u2013 Listen to requests and advise on appropriate formulas.<\/span><\/span><\/p>\n<p><span style=\"font-size: 12pt;\"><b>Step 2:<\/b><span style=\"font-weight: 400;\"> Research and Development \u2013 \u200b\u200bR&amp;D team researches and develops optimal formulas.<\/span><\/span><\/p>\n<p><span style=\"font-size: 12pt;\"><b>Step 3: <\/b><span style=\"font-weight: 400;\">Send samples and adjust \u2013 Provide samples, adjust based on feedback.<\/span><\/span><\/p>\n<p><span style=\"font-size: 12pt;\"><b>Step 4:<\/b><span style=\"font-weight: 400;\"> Finalize sample and quote \u2013 Confirm final formula, calculate cost<\/span><\/span><\/p>\n<p><span style=\"font-size: 12pt;\"><b>Step 5:<\/b><span style=\"font-weight: 400;\"> Signing contract and cooperation \u2013 Both parties agree and sign the processing contract.<\/span><\/span><\/p>\n<p><span style=\"font-size: 12pt;\"><b>Step 6: <\/b><span style=\"font-weight: 400;\">Prepare ingredients and stir the tank <\/span><span style=\"font-weight: 400;\">\u2013<\/span><span style=\"font-weight: 400;\"> \u2013 Import and check the quality of input materials.<\/span><\/span><\/p>\n<p><span style=\"font-size: 12pt;\"><b>Step 7:<\/b><span style=\"font-weight: 400;\"> Mass production \u2013 Put into production according to GMP standards.<\/span><\/span><\/p>\n<p><span style=\"font-size: 12pt;\"><b>Step 8: <\/b><span style=\"font-weight: 400;\">Product packaging \u2013 Filling, sealing, labeling according to design.<\/span><\/span><\/p>\n<p><span style=\"font-size: 12pt;\"><b>Step 9:<\/b><span style=\"font-weight: 400;\"> Delivery and post-production support \u2013 On-time delivery, legal support and business strategy.<\/span><\/span><\/p>\n<figure id=\"attachment_11961\" aria-describedby=\"caption-attachment-11961\" style=\"width: 1500px\" class=\"wp-caption aligncenter\"><a href=\"https:\/\/shizencos.com\/wp-content\/uploads\/2024\/10\/8.png\"><img decoding=\"async\" class=\"size-full wp-image-11961\" src=\"https:\/\/shizencos.com\/wp-content\/uploads\/2024\/10\/8.png\" alt=\"\u0110a d\u1ea1ng d\u00f2ng m\u00e1 h\u1ed3ng \u0111\u1ec3 ch\u1ecdn l\u1ef1a gia c\u00f4ng\" width=\"1500\" height=\"600\" title=\"\" srcset=\"https:\/\/shizencos.com\/wp-content\/uploads\/2024\/10\/8.png 1500w, https:\/\/shizencos.com\/wp-content\/uploads\/2024\/10\/8-150x60.png 150w, https:\/\/shizencos.com\/wp-content\/uploads\/2024\/10\/8-18x7.png 18w, https:\/\/shizencos.com\/wp-content\/uploads\/2024\/10\/8-300x120.png 300w, https:\/\/shizencos.com\/wp-content\/uploads\/2024\/10\/8-768x307.png 768w, https:\/\/shizencos.com\/wp-content\/uploads\/2024\/10\/8-1024x410.png 1024w, https:\/\/shizencos.com\/wp-content\/uploads\/2024\/10\/8-600x240.png 600w\" sizes=\"(max-width: 1500px) 100vw, 1500px\" \/><\/a><figcaption id=\"caption-attachment-11961\" class=\"wp-caption-text\">\u0110a d\u1ea1ng d\u00f2ng m\u00e1 h\u1ed3ng \u0111\u1ec3 ch\u1ecdn l\u1ef1a gia c\u00f4ng<\/figcaption><\/figure>\n<h2><span style=\"font-size: 14pt;\"><b>Conclude<\/b><\/span><\/h2>\n<p><span style=\"font-weight: 400;\">Gia c\u00f4ng m\u00e1 h\u1ed3ng kh\u00f4ng ch\u1ec9 gi\u00fap doanh nghi\u1ec7p ti\u1ebft ki\u1ec7m chi ph\u00ed v\u00e0 ngu\u1ed3n l\u1ef1c m\u00e0 c\u00f2n t\u1ea1o \u0111i\u1ec1u ki\u1ec7n \u0111\u1ec3 x\u00e2y d\u1ef1ng m\u1ed9t th\u01b0\u01a1ng hi\u1ec7u m\u1ef9 ph\u1ea9m trang \u0111i\u1ec3m chuy\u00ean nghi\u1ec7p v\u00e0 kh\u00e1c bi\u1ec7t. V\u1edbi n\u0103ng l\u1ef1c s\u1ea3n xu\u1ea5t hi\u1ec7n \u0111\u1ea1i, \u0111\u1ed9i ng\u0169 R&amp;D gi\u00e0u kinh nghi\u1ec7m v\u00e0 d\u1ecbch v\u1ee5 h\u1ed7 tr\u1ee3 to\u00e0n di\u1ec7n, Shizencos ch\u00ednh l\u00e0 \u0111\u1ed1i t\u00e1c l\u00fd t\u01b0\u1edfng gi\u00fap b\u1ea1n \u0111\u01b0a s\u1ea3n ph\u1ea9m m\u00e1 h\u1ed3ng ra th\u1ecb tr\u01b0\u1eddng m\u1ed9t c\u00e1ch nhanh ch\u00f3ng v\u00e0 hi\u1ec7u qu\u1ea3.<\/span><\/p>\n<p><span style=\"font-weight: 400;\">Li\u00ean h\u1ec7 ngay v\u1edbi Shizencos \u0111\u1ec3 bi\u1ebfn \u00fd t\u01b0\u1edfng th\u01b0\u01a1ng hi\u1ec7u c\u1ee7a b\u1ea1n th\u00e0nh d\u00f2ng s\u1ea3n ph\u1ea9m m\u00e1 h\u1ed3ng \u1ea5n t\u01b0\u1ee3ng v\u00e0 kh\u00e1c bi\u1ec7t tr\u00ean th\u1ecb tr\u01b0\u1eddng!<\/span><\/p>","protected":false},"excerpt":{"rendered":"<p><i><span style=\"font-weight: 400;\"><b>Gia c\u00f4ng m\u00e1 h\u1ed3ng l\u00e0<\/b> d\u1ecbch v\u1ee5 s\u1ea3n xu\u1ea5t s\u1ea3n ph\u1ea9m m\u00e1 h\u1ed3ng theo y\u00eau c\u1ea7u c\u1ee7a c\u00e1c doanh nghi\u1ec7p kinh doanh m\u1ef9 ph\u1ea9m. D\u1ecbch v\u1ee5 gia c\u00f4ng m\u00e1 h\u1ed3ng chuy\u00ean nghi\u1ec7p t\u1ea1i Shizencos gi\u00fap t\u1ed1i \u01b0u chi ph\u00ed, c\u00f4ng th\u1ee9c \u0111a d\u1ea1ng, h\u1ed7 tr\u1ee3 ph\u00e1p l\u00fd, thi\u1ebft k\u1ebf v\u00e0 s\u1ea3n xu\u1ea5t tr\u1ecdn g\u00f3i.<\/span><\/i><\/p>","protected":false},"featured_media":11663,"comment_status":"open","ping_status":"closed","template":"","meta":[],"product_brand":[],"product_cat":[20],"product_tag":[],"class_list":{"0":"post-11662","1":"product","2":"type-product","3":"status-publish","4":"has-post-thumbnail","6":"product_cat-gia-cong-my-pham-trang-diem","8":"first","9":"instock","10":"shipping-taxable","11":"product-type-simple"},"_links":{"self":[{"href":"https:\/\/shizencos.com\/en\/wp-json\/wp\/v2\/product\/11662","targetHints":{"allow":["GET"]}}],"collection":[{"href":"https:\/\/shizencos.com\/en\/wp-json\/wp\/v2\/product"}],"about":[{"href":"https:\/\/shizencos.com\/en\/wp-json\/wp\/v2\/types\/product"}],"replies":[{"embeddable":true,"href":"https:\/\/shizencos.com\/en\/wp-json\/wp\/v2\/comments?post=11662"}],"wp:featuredmedia":[{"embeddable":true,"href":"https:\/\/shizencos.com\/en\/wp-json\/wp\/v2\/media\/11663"}],"wp:attachment":[{"href":"https:\/\/shizencos.com\/en\/wp-json\/wp\/v2\/media?parent=11662"}],"wp:term":[{"taxonomy":"product_brand","embeddable":true,"href":"https:\/\/shizencos.com\/en\/wp-json\/wp\/v2\/product_brand?post=11662"},{"taxonomy":"product_cat","embeddable":true,"href":"https:\/\/shizencos.com\/en\/wp-json\/wp\/v2\/product_cat?post=11662"},{"taxonomy":"product_tag","embeddable":true,"href":"https:\/\/shizencos.com\/en\/wp-json\/wp\/v2\/product_tag?post=11662"}],"curies":[{"name":"wp","href":"https:\/\/api.w.org\/{rel}","templated":true}]}}