{"id":11660,"date":"2024-10-28T11:26:55","date_gmt":"2024-10-28T04:26:55","guid":{"rendered":"https:\/\/shizencos.com\/?post_type=product&#038;p=11660"},"modified":"2025-01-21T09:46:09","modified_gmt":"2025-01-21T02:46:09","slug":"gia-cong-serum-duong-mi","status":"publish","type":"product","link":"https:\/\/shizencos.com\/en\/gia-cong-serum-duong-mi\/","title":{"rendered":"Eyelash serum processing"},"content":{"rendered":"<p><span style=\"font-weight: 400;\">V\u1edbi xu h\u01b0\u1edbng l\u00e0m \u0111\u1eb9p hi\u1ec7n nay, <\/span><b>gia c\u00f4ng serum d\u01b0\u1ee1ng mi<\/b><span style=\"font-weight: 400;\"> \u0111ang tr\u1edf n\u00ean \u201cn\u00f3ng b\u1ecfng\u201d v\u00e0 \u0111\u01b0\u1ee3c nhi\u1ec1u th\u01b0\u01a1ng hi\u1ec7u t\u00ecm ki\u1ebfm nh\u1eb1m t\u1ea1o ra nh\u1eefng s\u1ea3n ph\u1ea9m chuy\u00ean d\u1ee5ng t\u1ea1o d\u1ea5u \u1ea5n m\u1ea1nh cho kh\u00e1ch h\u00e0ng. Shizencos xin gi\u1edbi thi\u1ec7u \u0111\u1ebfn b\u1ea1n \u0111\u01a1n v\u1ecb gia c\u00f4ng uy t\u00edn, \u0111\u00e1p \u1ee9ng m\u1ecdi mong mu\u1ed1n c\u1ee7a nh\u00e3n h\u00e0ng ngay trong b\u00e0i vi\u1ebft sau \u0111\u00e2y.\u00a0<\/span><\/p>\n<h2><b>Kh\u00e1i ni\u1ec7m c\u1ee7a gia c\u00f4ng serum d\u01b0\u1ee1ng mi l\u00e0 g\u00ec?\u00a0<\/b><\/h2>\n<p><span style=\"font-weight: 400;\">Serum d\u01b0\u1ee1ng mi l\u00e0 lo\u1ea1i s\u1ea3n ph\u1ea9m \u0111\u1eb7c bi\u1ec7t v\u1edbi c\u00f4ng d\u1ee5ng cung c\u1ea5p c\u00e1c d\u01b0\u1ee1ng ch\u1ea5t cho h\u00e0ng mi c\u1ee7a c\u00e1c ch\u1ecb em g\u00e1i. S\u1ea3n ph\u1ea9m th\u01b0\u1eddng c\u00f3 d\u1ea1ng l\u1ecfng v\u00e0 d\u1ec5 th\u1ea5m nhanh v\u00e0o h\u00e0ng mi m\u00e0 kh\u00f4ng g\u00e2y cay m\u1eaft. Serum d\u01b0\u1ee1ng mi ng\u00e0y c\u00e0ng \u0111\u01b0\u1ee3c \u01b0a chu\u1ed9ng b\u1edfi vi\u1ec7c ph\u00e1i n\u1eef ng\u00e0y c\u00e0ng ch\u00fa tr\u1ecdng v\u00e0o h\u00e0ng mi. Ch\u1ecb em lu\u00f4n quan ni\u1ec7m \u201cmi c\u00e0ng d\u00e0i, c\u00e0ng d\u00e0y th\u00ec c\u00e0ng quy\u1ebfn r\u0169\u201d. Ch\u00ednh v\u00ec l\u1ebd \u0111\u00f3 m\u00e0 kh\u00f4ng \u00edt nh\u1eefng spa, th\u1ea9m m\u1ef9 vi\u1ec7n ra \u0111\u1eddi v\u1edbi m\u1ee5c \u0111\u00edch n\u1ed1i mi cho ch\u1ecb em.\u00a0<\/span><\/p>\n<p><span style=\"font-weight: 400;\">Th\u1ebf nh\u01b0ng, khi xu h\u01b0\u1edbng l\u00e0m \u0111\u1eb9p t\u1ef1 nhi\u00ean ng\u00e0y c\u00e0ng \u0111\u01b0\u1ee3c \u01b0a th\u00edch, ng\u01b0\u1eddi ti\u00eau d\u00f9ng c\u1ea7n c\u00e1c s\u1ea3n ph\u1ea9m ch\u0103m s\u00f3c chuy\u00ean s\u00e2u \u0111\u00e3 th\u00e0nh c\u00f4ng t\u1ea1o ra c\u01a1 h\u1ed9i ph\u00e1t tri\u1ec3n cho nhi\u1ec1u doanh nghi\u1ec7p. C\u00e1c \u0111\u01a1n v\u1ecb gia c\u00f4ng serum d\u01b0\u1ee1ng mi c\u0169ng \u0111\u01b0\u1ee3c nhi\u1ec1u th\u01b0\u01a1ng hi\u1ec7u \u201cs\u0103n \u0111\u00f3n\u201d nh\u1ea7m t\u1ea1o ra nh\u1eefng s\u1ea3n ph\u1ea9m ch\u0103m s\u00f3c cho ph\u00e1i \u0111\u1eb9p m\u1ed9t h\u00e0ng mi t\u1ef1 nhi\u00ean, ch\u1eafc kh\u1ecfe v\u00e0 h\u1ea1n ch\u1ebf g\u00e3y r\u1ee5ng.<\/span><\/p>\n<figure id=\"attachment_11962\" aria-describedby=\"caption-attachment-11962\" style=\"width: 1500px\" class=\"wp-caption aligncenter\"><a href=\"https:\/\/shizencos.com\/wp-content\/uploads\/2024\/10\/1-36.png\"><img fetchpriority=\"high\" decoding=\"async\" class=\"size-full wp-image-11962\" src=\"https:\/\/shizencos.com\/wp-content\/uploads\/2024\/10\/1-36.png\" alt=\"Gia c\u00f4ng serum d\u01b0\u1ee1ng mi ph\u1ed5 bi\u1ebfn tr\u00ean th\u1ecb tr\u01b0\u1eddng l\u00e0m \u0111\u1eb9p\" width=\"1500\" height=\"600\" title=\"\" srcset=\"https:\/\/shizencos.com\/wp-content\/uploads\/2024\/10\/1-36.png 1500w, https:\/\/shizencos.com\/wp-content\/uploads\/2024\/10\/1-36-150x60.png 150w, https:\/\/shizencos.com\/wp-content\/uploads\/2024\/10\/1-36-18x7.png 18w, https:\/\/shizencos.com\/wp-content\/uploads\/2024\/10\/1-36-300x120.png 300w, https:\/\/shizencos.com\/wp-content\/uploads\/2024\/10\/1-36-768x307.png 768w, https:\/\/shizencos.com\/wp-content\/uploads\/2024\/10\/1-36-1024x410.png 1024w, https:\/\/shizencos.com\/wp-content\/uploads\/2024\/10\/1-36-600x240.png 600w\" sizes=\"(max-width: 1500px) 100vw, 1500px\" \/><\/a><figcaption id=\"caption-attachment-11962\" class=\"wp-caption-text\">Gia c\u00f4ng serum d\u01b0\u1ee1ng mi ph\u1ed5 bi\u1ebfn tr\u00ean th\u1ecb tr\u01b0\u1eddng l\u00e0m \u0111\u1eb9p<\/figcaption><\/figure>\n<h2><b>Th\u00e0nh ph\u1ea7n thi\u00ean nhi\u00ean trong serum d\u01b0\u1ee1ng mi\u00a0<\/b><\/h2>\n<p><span style=\"font-weight: 400;\">Trong su\u1ed1t qu\u00e1 tr\u00ecnh gia c\u00f4ng serum d\u01b0\u1ee1ng mi, doanh nghi\u1ec7p r\u1ea5t c\u1ea7n quan t\u00e2m \u0111\u1ebfn th\u00e0nh ph\u1ea7n c\u00f3 trong serum \u0111\u1ec3 th\u00e0nh c\u00f4ng cho ra m\u1ed9t s\u1ea3n ph\u1ea9m \u0111\u00e1p \u1ee9ng ti\u00eau ch\u00ed \u201cy\u00eau chu\u1ed9ng h\u00e0ng thi\u00ean nhi\u00ean\u201d c\u1ee7a kh\u00e1ch h\u00e0ng. Sau \u0111\u00e2y l\u00e0 m\u1ed9t s\u1ed1 th\u00e0nh ph\u1ea7n thi\u00ean nhi\u00ean ph\u1ed5 bi\u1ebfn th\u01b0\u1eddng \u0111\u01b0\u1ee3c nhi\u1ec1u kh\u00e1ch h\u00e0ng l\u1ef1a ch\u1ecdn khi gia c\u00f4ng serum d\u01b0\u1ee1ng mi:\u00a0<\/span><\/p>\n<h3><b>D\u1ea7u d\u1eeba<\/b><\/h3>\n<p><span style=\"font-weight: 400;\">D\u1ea7u d\u1eeba l\u00e0 th\u00e0nh ph\u1ea7n r\u1ea5t ph\u1ed5 bi\u1ebfn v\u00e0 th\u00e2n thu\u1ed9c v\u1edbi ng\u01b0\u1eddi Vi\u1ec7t Nam. Lo\u1ea1i d\u1ea7u n\u00e0y n\u1ed5i ti\u1ebfng v\u1edbi kh\u1ea3 n\u0103ng d\u01b0\u1ee1ng \u1ea9m cao nh\u1edd v\u00e0o h\u00e0m l\u01b0\u1ee3ng acid b\u00e9o, gi\u00fap nu\u00f4i d\u01b0\u1ee1ng l\u00f4ng mi t\u1eeb g\u1ed1c \u0111\u1ebfn ng\u1ecdn.<\/span><\/p>\n<h3><b>D\u1ea7u \u00f4 liu\u00a0<\/b><\/h3>\n<p><span style=\"font-weight: 400;\">D\u1ea7u \u00f4 liu l\u00e0 m\u1ed9t trong nh\u1eefng lo\u1ea1i d\u1ea7u \u0111\u01b0\u1ee3c c\u00e1c nh\u00e0 khoa h\u1ecdc ch\u1ee9ng minh c\u00f3 \u0111\u1eb7c t\u00ednh kh\u00e1ng khu\u1ea9n cao. D\u1ea7u \u00f4 liu c\u00f2n ch\u1ee9a nhi\u1ec1u vitamin v\u00e0 c\u00e1c kho\u00e1ng ch\u1ea5t, khi k\u1ebft h\u1ee3p th\u00e0nh ph\u1ea7n n\u00e0y v\u00e0o serum d\u01b0\u1ee1ng mi s\u1ebd gi\u00fap l\u00f4ng mi m\u1ecdc d\u00e0y, \u0111\u1ea7y \u0111\u1eb7n v\u00e0 ch\u1eafc kh\u1ecfe.\u00a0<\/span><\/p>\n<h3><b>D\u1ea7u Argan\u00a0<\/b><\/h3>\n<p><span style=\"font-weight: 400;\">D\u1ea7u Argan r\u1ea5t quen thu\u1ed9c v\u1edbi c\u00e1c ch\u1ecb em thu\u1ed9c c\u1ed9ng \u0111\u1ed3ng ch\u0103m s\u00f3c da khoa h\u1ecdc. Kh\u00f4ng ch\u1ec9 c\u00f3 c\u00f4ng d\u1ee5ng d\u01b0\u1ee1ng da v\u00e0 t\u00f3c tr\u00ean c\u1ea3 tuy\u1ec7t v\u1eddi \u0111\u00e2y c\u00f2n l\u00e0 m\u1ed9t trong nh\u1eefng \u201c\u1ee9ng c\u1eed vi\u00ean\u201d s\u1ed1 1 khi gia c\u00f4ng serum d\u01b0\u1ee1ng mi.\u00a0<\/span><\/p>\n<p><span style=\"font-weight: 400;\">S\u1eed d\u1ee5ng d\u1ea7u argan trong c\u00e1c s\u1ea3n ph\u1ea9m gia c\u00f4ng serum d\u01b0\u1ee1ng mi s\u1ebd gi\u00fap l\u00f4ng mi m\u1ecdc d\u00e0i, r\u1eadm r\u1ea1p. V\u1edbi nh\u1eefng ch\u1ecb em n\u00e0o th\u01b0\u1eddng xuy\u00ean r\u1ee5ng mi hay n\u1ed1i mi th\u00ec d\u1ea7u argan s\u1ebd gi\u00fap d\u01b0\u1ee1ng l\u1ea1i ph\u1ea7n mi b\u1ecb t\u1ed5n th\u01b0\u01a1ng r\u1ea5t hi\u1ec7u qu\u1ea3.\u00a0<\/span><\/p>\n<h3><b>Chi\u1ebft xu\u1ea5t l\u00f4 h\u1ed9i\u00a0<\/b><\/h3>\n<p><span style=\"font-weight: 400;\">L\u00f4 h\u1ed9i hay c\u00f2n c\u00f3 t\u00ean g\u1ecdi kh\u00e1c l\u00e0 nha \u0111am, m\u1ed9t trong nh\u1eefng th\u00e0nh ph\u1ea7n thi\u00ean nhi\u00ean ph\u1ed5 bi\u1ebfn trong c\u00e1c s\u1ea3n ph\u1ea9m ch\u0103m s\u00f3c da chuy\u00ean s\u00e2u. Khi gia c\u00f4ng serum d\u01b0\u1ee1ng mi, th\u00e0nh ph\u1ea7n n\u00e0y c\u0169ng th\u01b0\u1eddng \u0111\u01b0\u1ee3c k\u1ebft h\u1ee3p v\u00ec l\u00f4 h\u1ed9i th\u01b0\u1eddng ch\u1ee9a m\u1ed9t l\u01b0\u1ee3ng l\u1edbn n\u01b0\u1edbc v\u00e0 c\u00f3 t\u00ednh d\u01b0\u1ee1ng \u1ea9m t\u1ef1 nhi\u00ean. Gi\u00fap l\u00f4ng mi kh\u00f4ng b\u1ecb kh\u00f4, g\u00e3y r\u1ee5ng \u0111\u1ed3ng th\u1eddi gi\u1eef cho l\u00f4ng mi lu\u00f4n m\u1ec1m m\u1ea1i v\u00e0 c\u00f3 \u0111\u1ed9 b\u00f3ng ho\u00e0n h\u1ea3o.\u00a0<\/span><\/p>\n<h3><b>Vitamin B5<\/b><\/h3>\n<p><span style=\"font-weight: 400;\">Vitamin B5 hay c\u00f2n \u0111\u01b0\u1ee3c g\u1ecdi v\u1edbi c\u00e1i t\u00ean quen thu\u1ed9c h\u01a1n l\u00e0 Panthenol, l\u00e0 m\u1ed9t ho\u1ea1t ch\u1ea5t n\u1ed5i ti\u1ebfng v\u1edbi kh\u1ea3 n\u0103ng h\u00fat \u1ea9m v\u00e0 gi\u1eef \u1ea9m m\u1ea1nh. Vitamin B5 tham gia v\u00e0o qu\u00e1 tr\u00ecnh chuy\u1ec3n h\u00f3a v\u00e0 t\u00e1i t\u1ea1o t\u1ebf b\u00e0o, cung c\u1ea5p d\u01b0\u1ee1ng ch\u1ea5t gi\u00fap c\u00e1c nang l\u00f4ng mi kh\u1ecfe h\u01a1n, t\u1eeb \u0111\u00f3 m\u00e0 l\u00f4ng mi ph\u00e1t tri\u1ec3n nhanh h\u01a1n, c\u00f3 \u0111\u1ed9 d\u00e0y v\u00e0 c\u0169ng h\u1ea1n ch\u1ebf t\u00ecnh tr\u1ea1ng kh\u00f4 x\u01a1 v\u00e0 g\u00e3y r\u1ee5ng.\u00a0<\/span><\/p>\n<p><span style=\"font-weight: 400;\">M\u1ed9t trong nh\u1eefng c\u00f4ng d\u1ee5ng n\u1ed5i b\u1eadt c\u1ee7a Vitamin B5 l\u00e0 kh\u1ea3 n\u0103ng ph\u1ee5c h\u1ed3i nh\u1eefng s\u1ee3i l\u00f4ng mi c\u00f3 d\u1ea5u hi\u1ec7u b\u1ecb t\u1ed5n th\u01b0\u01a1ng. \u0110\u1eb7c bi\u1ec7t v\u1edbi nh\u1eefng ai hay d\u00f9ng h\u00f3a ch\u1ea5t l\u00ean l\u00f4ng mi ho\u1eb7c n\u1ed1i mi, Vitamin B5 s\u1ebd h\u1ed7 tr\u1ee3 ph\u1ee5c h\u1ed3i l\u00f4ng mi t\u1eeb s\u00e2u b\u00ean trong hi\u1ec7u qu\u1ea3.\u00a0<\/span><\/p>\n<figure id=\"attachment_11965\" aria-describedby=\"caption-attachment-11965\" style=\"width: 1500px\" class=\"wp-caption aligncenter\"><a href=\"https:\/\/shizencos.com\/wp-content\/uploads\/2024\/10\/2-36.png\"><img decoding=\"async\" class=\"size-full wp-image-11965\" src=\"https:\/\/shizencos.com\/wp-content\/uploads\/2024\/10\/2-36.png\" alt=\"Th\u00e0nh ph\u1ea7n d\u01b0\u1ee1ng ch\u1ea5t trong s\u1ea3n ph\u1ea9m gia c\u00f4ng serum d\u01b0\u1ee1ng mi\" width=\"1500\" height=\"600\" title=\"\" srcset=\"https:\/\/shizencos.com\/wp-content\/uploads\/2024\/10\/2-36.png 1500w, https:\/\/shizencos.com\/wp-content\/uploads\/2024\/10\/2-36-150x60.png 150w, https:\/\/shizencos.com\/wp-content\/uploads\/2024\/10\/2-36-18x7.png 18w, https:\/\/shizencos.com\/wp-content\/uploads\/2024\/10\/2-36-300x120.png 300w, https:\/\/shizencos.com\/wp-content\/uploads\/2024\/10\/2-36-768x307.png 768w, https:\/\/shizencos.com\/wp-content\/uploads\/2024\/10\/2-36-1024x410.png 1024w, https:\/\/shizencos.com\/wp-content\/uploads\/2024\/10\/2-36-600x240.png 600w\" sizes=\"(max-width: 1500px) 100vw, 1500px\" \/><\/a><figcaption id=\"caption-attachment-11965\" class=\"wp-caption-text\">Th\u00e0nh ph\u1ea7n d\u01b0\u1ee1ng ch\u1ea5t trong s\u1ea3n ph\u1ea9m gia c\u00f4ng serum d\u01b0\u1ee1ng mi<\/figcaption><\/figure>\n<h2><b>Gia c\u00f4ng serum d\u01b0\u1ee1ng mi c\u00f9ng \u0111\u01a1n v\u1ecb Shizencos\u00a0<\/b><\/h2>\n<p><span style=\"font-weight: 400;\">L\u1ef1a ch\u1ecdn \u0111\u1ed1i t\u00e1c \u0111\u1ec3 gia c\u00f4ng serum d\u01b0\u1ee1ng mi c\u0169ng l\u00e0 y\u1ebfu t\u1ed1 r\u1ea5t quan tr\u1ecdng m\u00e0 doanh nghi\u1ec7p ph\u1ea3i quan t\u00e2m h\u00e0ng \u0111\u1ea7u. Shizencos cam k\u1ebft cung c\u1ea5p c\u00e1c s\u1ea3n ph\u1ea9m serum d\u01b0\u1ee1ng mi c\u00f3 ch\u1ea5t l\u01b0\u1ee3ng \u01b0u vi\u1ec7t \u0111\u00e3 th\u00f4ng qua ki\u1ec3m nghi\u1ec7m k\u1ef9 l\u01b0\u1ee1ng. \u0110\u1ea3m b\u1ea3o m\u1ed7i s\u1ea3n ph\u1ea9m l\u00e0m ra \u0111\u1ec1u kh\u00f4ng g\u00e2y k\u00edch \u1ee9ng cho v\u00f9ng m\u1eaft.\u00a0<\/span><\/p>\n<p><span style=\"font-weight: 400;\">Shizencos c\u00f2n s\u1edf h\u1eefu nh\u00e0 m\u00e1y s\u1ea3n xu\u1ea5t hi\u1ec7n \u0111\u1ea1i theo chu\u1ea9n cGMP (Good Manufacturing Practices) song song \u0111\u00f3 c\u00f2n \u0111\u01b0\u1ee3c trang b\u1ecb nh\u1eefng thi\u1ebft b\u1ecb ti\u00ean ti\u1ebfn nh\u1ea5t. \u0110\u1ea3m b\u1ea3o quy tr\u00ecnh s\u1ea3n xu\u1ea5t th\u1ed1ng nh\u1ea5t v\u00e0 t\u1ed1i \u01b0u hi\u1ec7u qu\u1ea3 s\u1ea3n xu\u1ea5t, gi\u00fap doanh nghi\u1ec7p tinh gi\u1ea3m chi ph\u00ed m\u00e0 v\u1eabn y\u00ean t\u00e2m v\u1ec1 ch\u1ea5t l\u01b0\u1ee3ng s\u1ea3n ph\u1ea9m.\u00a0<\/span><\/p>\n<p><span style=\"font-weight: 400;\">Kh\u00f4ng d\u1eebng l\u1ea1i \u1edf vai tr\u00f2 nh\u00e0 s\u1ea3n xu\u1ea5t, Shizencos c\u00f2n nh\u01b0 m\u1ed9t ng\u01b0\u1eddi b\u1ea1n \u0111\u1ed3ng h\u00e0nh trong su\u1ed1t qu\u00e1 tr\u00ecnh ph\u00e1t tri\u1ec3n s\u1ea3n ph\u1ea9m. \u0110\u1ed9i ng\u0169 chuy\u00ean vi\u00ean c\u1ee7a ch\u00fang t\u00f4i s\u1ebd h\u1ed7 tr\u1ee3 t\u1eeb kh\u00e2u ph\u00e1t tri\u1ec3n c\u00f4ng th\u1ee9c, l\u1ef1a ch\u1ecdn bao b\u00ec \u0111\u1ec3 ch\u1eafc ch\u1eafn r\u1eb1ng s\u1ea3n ph\u1ea9m l\u00e0m ra kh\u00f4ng ch\u1ec9 \u0111\u00e1p \u1ee9ng y\u00eau c\u1ea7u c\u1ee7a nh\u00e3n h\u00e0ng m\u00e0 c\u00f2n thu h\u00fat th\u1ecb tr\u01b0\u1eddng.\u00a0<\/span><\/p>\n<figure id=\"attachment_11964\" aria-describedby=\"caption-attachment-11964\" style=\"width: 1500px\" class=\"wp-caption aligncenter\"><a href=\"https:\/\/shizencos.com\/wp-content\/uploads\/2024\/10\/3-29.png\"><img decoding=\"async\" class=\"size-full wp-image-11964\" src=\"https:\/\/shizencos.com\/wp-content\/uploads\/2024\/10\/3-29.png\" alt=\"Gia c\u00f4ng d\u01b0\u1ee1ng t\u1ea1i t\u1ea1i nh\u00e0 m\u00e1y s\u1ea3n xu\u1ea5t uy t\u00edn Shizencos\" width=\"1500\" height=\"600\" title=\"\" srcset=\"https:\/\/shizencos.com\/wp-content\/uploads\/2024\/10\/3-29.png 1500w, https:\/\/shizencos.com\/wp-content\/uploads\/2024\/10\/3-29-150x60.png 150w, https:\/\/shizencos.com\/wp-content\/uploads\/2024\/10\/3-29-18x7.png 18w, https:\/\/shizencos.com\/wp-content\/uploads\/2024\/10\/3-29-300x120.png 300w, https:\/\/shizencos.com\/wp-content\/uploads\/2024\/10\/3-29-768x307.png 768w, https:\/\/shizencos.com\/wp-content\/uploads\/2024\/10\/3-29-1024x410.png 1024w, https:\/\/shizencos.com\/wp-content\/uploads\/2024\/10\/3-29-600x240.png 600w\" sizes=\"(max-width: 1500px) 100vw, 1500px\" \/><\/a><figcaption id=\"caption-attachment-11964\" class=\"wp-caption-text\">Gia c\u00f4ng d\u01b0\u1ee1ng t\u1ea1i t\u1ea1i nh\u00e0 m\u00e1y s\u1ea3n xu\u1ea5t uy t\u00edn Shizencos<\/figcaption><\/figure>\n<p><span style=\"font-weight: 400;\">Shizencos \u0111\u00e3 th\u00e0nh c\u00f4ng x\u00e2y d\u1ef1ng \u0111\u01b0\u1ee3c t\u00ean tu\u1ed5i v\u1eefng v\u00e0ng tr\u00ean th\u1ecb tr\u01b0\u1eddng nh\u1edd v\u00e0o uy t\u00edn v\u00e0 ch\u1ea5t l\u01b0\u1ee3ng s\u1ea3n ph\u1ea9m m\u00e0 ch\u00fang t\u00f4i mang \u0111\u1ebfn. V\u1edbi kinh nghi\u1ec7m d\u00e0y d\u1eb7n v\u00e0 s\u1ef1 t\u1eadn t\u00e2m trong t\u1eebng d\u1ef1 \u00e1n, Shizencos tin r\u1eb1ng ch\u00fang t\u00f4i l\u00e0 l\u1ef1a ch\u1ecdn ph\u00f9 h\u1ee3p nh\u1ea5t cho doanh nghi\u1ec7p \u0111ang t\u00ecm ki\u1ebfm \u0111\u01a1n v\u1ecb gia c\u00f4ng serum d\u01b0\u1ee1ng mi. <\/span><\/p>","protected":false},"excerpt":{"rendered":"<p>V\u1edbi xu h\u01b0\u1edbng l\u00e0m \u0111\u1eb9p hi\u1ec7n nay, gia c\u00f4ng serum d\u01b0\u1ee1ng mi \u0111ang tr\u1edf n\u00ean \u201cn\u00f3ng b\u1ecfng\u201d v\u00e0 \u0111\u01b0\u1ee3c nhi\u1ec1u th\u01b0\u01a1ng hi\u1ec7u t\u00ecm ki\u1ebfm nh\u1eb1m t\u1ea1o ra nh\u1eefng s\u1ea3n ph\u1ea9m chuy\u00ean d\u1ee5ng t\u1ea1o d\u1ea5u \u1ea5n m\u1ea1nh cho kh\u00e1ch h\u00e0ng. Shizencos xin gi\u1edbi thi\u1ec7u \u0111\u1ebfn b\u1ea1n \u0111\u01a1n v\u1ecb gia c\u00f4ng uy t\u00edn, \u0111\u00e1p \u1ee9ng m\u1ecdi mong [&hellip;]<\/p>\n","protected":false},"featured_media":11661,"comment_status":"open","ping_status":"closed","template":"","meta":[],"product_brand":[],"product_cat":[20],"product_tag":[],"class_list":{"0":"post-11660","1":"product","2":"type-product","3":"status-publish","4":"has-post-thumbnail","6":"product_cat-gia-cong-my-pham-trang-diem","8":"first","9":"instock","10":"shipping-taxable","11":"product-type-simple"},"_links":{"self":[{"href":"https:\/\/shizencos.com\/en\/wp-json\/wp\/v2\/product\/11660","targetHints":{"allow":["GET"]}}],"collection":[{"href":"https:\/\/shizencos.com\/en\/wp-json\/wp\/v2\/product"}],"about":[{"href":"https:\/\/shizencos.com\/en\/wp-json\/wp\/v2\/types\/product"}],"replies":[{"embeddable":true,"href":"https:\/\/shizencos.com\/en\/wp-json\/wp\/v2\/comments?post=11660"}],"wp:featuredmedia":[{"embeddable":true,"href":"https:\/\/shizencos.com\/en\/wp-json\/wp\/v2\/media\/11661"}],"wp:attachment":[{"href":"https:\/\/shizencos.com\/en\/wp-json\/wp\/v2\/media?parent=11660"}],"wp:term":[{"taxonomy":"product_brand","embeddable":true,"href":"https:\/\/shizencos.com\/en\/wp-json\/wp\/v2\/product_brand?post=11660"},{"taxonomy":"product_cat","embeddable":true,"href":"https:\/\/shizencos.com\/en\/wp-json\/wp\/v2\/product_cat?post=11660"},{"taxonomy":"product_tag","embeddable":true,"href":"https:\/\/shizencos.com\/en\/wp-json\/wp\/v2\/product_tag?post=11660"}],"curies":[{"name":"wp","href":"https:\/\/api.w.org\/{rel}","templated":true}]}}