{"id":11658,"date":"2024-10-28T11:23:25","date_gmt":"2024-10-28T04:23:25","guid":{"rendered":"https:\/\/shizencos.com\/?post_type=product&#038;p=11658"},"modified":"2025-08-29T11:38:28","modified_gmt":"2025-08-29T04:38:28","slug":"gia-cong-kem-nen","status":"publish","type":"product","link":"https:\/\/shizencos.com\/en\/gia-cong-kem-nen\/","title":{"rendered":"Processing foundation cream"},"content":{"rendered":"<p>Trong ng\u00e0nh c\u00f4ng nghi\u1ec7p m\u1ef9 ph\u1ea9m \u0111ang ph\u00e1t tri\u1ec3n m\u1ea1nh, kem n\u1ec1n lu\u00f4n l\u00e0 s\u1ea3n ph\u1ea9m ch\u1ee7 l\u1ef1c trong b\u1ed9 s\u01b0u t\u1eadp trang \u0111i\u1ec3m. \u0110\u00e2y l\u00e0 d\u00f2ng s\u1ea3n ph\u1ea9m quy\u1ebft \u0111\u1ecbnh l\u1edbp n\u1ec1n ho\u00e0n h\u1ea3o, \u0111\u01b0\u1ee3c s\u1eed d\u1ee5ng t\u1eeb ng\u01b0\u1eddi ti\u00eau d\u00f9ng ph\u1ed5 th\u00f4ng \u0111\u1ebfn chuy\u00ean gia makeup chuy\u00ean nghi\u1ec7p. Ch\u00ednh v\u00ec v\u1eady, <strong data-start=\"1020\" data-end=\"1040\">gia c\u00f4ng kem n\u1ec1n<\/strong> ng\u00e0y c\u00e0ng tr\u1edf th\u00e0nh l\u1ef1a ch\u1ecdn chi\u1ebfn l\u01b0\u1ee3c \u0111\u1ec3 c\u00e1c th\u01b0\u01a1ng hi\u1ec7u t\u1ed1i \u01b0u chi ph\u00ed, r\u00fat ng\u1eafn th\u1eddi gian ra m\u1eaft s\u1ea3n ph\u1ea9m v\u00e0 nhanh ch\u00f3ng chi\u1ebfm l\u0129nh th\u1ecb tr\u01b0\u1eddng.<\/p>\n<h2 data-start=\"1197\" data-end=\"1228\">1. Gia c\u00f4ng kem n\u1ec1n l\u00e0 g\u00ec?<\/h2>\n<p data-start=\"1229\" data-end=\"1371\"><strong data-start=\"1229\" data-end=\"1240\">Kem n\u1ec1n<\/strong> l\u00e0 s\u1ea3n ph\u1ea9m trang \u0111i\u1ec3m gi\u00fap l\u00e0m \u0111\u1ec1u m\u00e0u da, che ph\u1ee7 khuy\u1ebft \u0111i\u1ec3m v\u00e0 t\u1ea1o hi\u1ec7u \u1ee9ng l\u1edbp n\u1ec1n m\u1ecbn m\u00e0ng, h\u1ed7 tr\u1ee3 c\u00e1c b\u01b0\u1edbc makeup sau \u0111\u00f3.<\/p>\n<figure id=\"attachment_13175\" aria-describedby=\"caption-attachment-13175\" style=\"width: 1175px\" class=\"wp-caption aligncenter\"><a href=\"https:\/\/shizencos.com\/wp-content\/uploads\/2024\/10\/1_1-1.webp\"><img fetchpriority=\"high\" decoding=\"async\" class=\"size-full wp-image-13175\" src=\"https:\/\/shizencos.com\/wp-content\/uploads\/2024\/10\/1_1-1.webp\" alt=\"Gia c\u00f4ng kem n\u1ec1n l\u00e0 g\u00ec?\" width=\"1175\" height=\"585\" title=\"\" srcset=\"https:\/\/shizencos.com\/wp-content\/uploads\/2024\/10\/1_1-1.webp 1175w, https:\/\/shizencos.com\/wp-content\/uploads\/2024\/10\/1_1-1-300x149.webp 300w, https:\/\/shizencos.com\/wp-content\/uploads\/2024\/10\/1_1-1-1024x510.webp 1024w, https:\/\/shizencos.com\/wp-content\/uploads\/2024\/10\/1_1-1-150x75.webp 150w, https:\/\/shizencos.com\/wp-content\/uploads\/2024\/10\/1_1-1-768x382.webp 768w, https:\/\/shizencos.com\/wp-content\/uploads\/2024\/10\/1_1-1-18x9.webp 18w, https:\/\/shizencos.com\/wp-content\/uploads\/2024\/10\/1_1-1-600x299.webp 600w\" sizes=\"(max-width: 1175px) 100vw, 1175px\" \/><\/a><figcaption id=\"caption-attachment-13175\" class=\"wp-caption-text\">Gia c\u00f4ng kem n\u1ec1n l\u00e0 g\u00ec?<\/figcaption><\/figure>\n<p data-start=\"1373\" data-end=\"1677\"><strong data-start=\"1373\" data-end=\"1393\">Processing foundation cream<\/strong> l\u00e0 h\u00ecnh th\u1ee9c doanh nghi\u1ec7p h\u1ee3p t\u00e1c v\u1edbi nh\u00e0 m\u00e1y \u0111\u1ea1t chu\u1ea9n \u0111\u1ec3 ph\u00e1t tri\u1ec3n c\u00f4ng th\u1ee9c, ki\u1ec3m nghi\u1ec7m, s\u1ea3n xu\u1ea5t v\u00e0 \u0111\u00f3ng g\u00f3i s\u1ea3n ph\u1ea9m d\u01b0\u1edbi th\u01b0\u01a1ng hi\u1ec7u ri\u00eang. Doanh nghi\u1ec7p kh\u00f4ng c\u1ea7n t\u1ef1 \u0111\u1ea7u t\u01b0 nh\u00e0 m\u00e1y hay \u0111\u1ed9i ng\u0169 R&amp;D nh\u01b0ng v\u1eabn s\u1edf h\u1eefu d\u00f2ng kem n\u1ec1n ch\u1ea5t l\u01b0\u1ee3ng cao, ph\u00f9 h\u1ee3p \u0111\u1ecbnh h\u01b0\u1edbng kinh doanh.<\/p>\n<hr data-start=\"1679\" data-end=\"1682\" \/>\n<h2 data-start=\"1684\" data-end=\"1720\">2. L\u1ee3i \u00edch khi gia c\u00f4ng kem n\u1ec1n<\/h2>\n<p data-start=\"1721\" data-end=\"1797\">Ch\u1ecdn <strong data-start=\"1726\" data-end=\"1746\">gia c\u00f4ng kem n\u1ec1n<\/strong> mang l\u1ea1i cho doanh nghi\u1ec7p nhi\u1ec1u l\u1ee3i \u00edch n\u1ed5i b\u1eadt:<\/p>\n<figure id=\"attachment_13176\" aria-describedby=\"caption-attachment-13176\" style=\"width: 1175px\" class=\"wp-caption aligncenter\"><a href=\"https:\/\/shizencos.com\/wp-content\/uploads\/2024\/10\/2_1-1.webp\"><img decoding=\"async\" class=\"size-full wp-image-13176\" src=\"https:\/\/shizencos.com\/wp-content\/uploads\/2024\/10\/2_1-1.webp\" alt=\"L\u1ee3i \u00edch khi gia c\u00f4ng kem n\u1ec1n\" width=\"1175\" height=\"585\" title=\"\" srcset=\"https:\/\/shizencos.com\/wp-content\/uploads\/2024\/10\/2_1-1.webp 1175w, https:\/\/shizencos.com\/wp-content\/uploads\/2024\/10\/2_1-1-300x149.webp 300w, https:\/\/shizencos.com\/wp-content\/uploads\/2024\/10\/2_1-1-1024x510.webp 1024w, https:\/\/shizencos.com\/wp-content\/uploads\/2024\/10\/2_1-1-150x75.webp 150w, https:\/\/shizencos.com\/wp-content\/uploads\/2024\/10\/2_1-1-768x382.webp 768w, https:\/\/shizencos.com\/wp-content\/uploads\/2024\/10\/2_1-1-18x9.webp 18w, https:\/\/shizencos.com\/wp-content\/uploads\/2024\/10\/2_1-1-600x299.webp 600w\" sizes=\"(max-width: 1175px) 100vw, 1175px\" \/><\/a><figcaption id=\"caption-attachment-13176\" class=\"wp-caption-text\">L\u1ee3i \u00edch khi gia c\u00f4ng kem n\u1ec1n<\/figcaption><\/figure>\n<ul data-start=\"1799\" data-end=\"2192\">\n<li data-start=\"1799\" data-end=\"1878\">\n<p data-start=\"1801\" data-end=\"1878\">Products meet international standards <strong data-start=\"1803\" data-end=\"1824\">Save costs<\/strong>: Kh\u00f4ng c\u1ea7n x\u00e2y d\u1ef1ng nh\u00e0 x\u01b0\u1edfng, d\u00e2y chuy\u1ec1n s\u1ea3n xu\u1ea5t.<\/p>\n<\/li>\n<li data-start=\"1879\" data-end=\"1965\">\n<p data-start=\"1881\" data-end=\"1965\">Products meet international standards <strong data-start=\"1883\" data-end=\"1912\">R\u00fat ng\u1eafn th\u1eddi gian ra m\u1eaft<\/strong>: \u0110\u01b0a s\u1ea3n ph\u1ea9m nhanh ch\u00f3ng \u0111\u1ebfn tay ng\u01b0\u1eddi ti\u00eau d\u00f9ng.<\/p>\n<\/li>\n<li data-start=\"1966\" data-end=\"2056\">\n<p data-start=\"1968\" data-end=\"2056\">Products meet international standards <strong data-start=\"1970\" data-end=\"1992\">\u0110\u1ea3m b\u1ea3o ch\u1ea5t l\u01b0\u1ee3ng<\/strong>: S\u1ea3n xu\u1ea5t tr\u00ean d\u00e2y chuy\u1ec1n GMP \u2013 ISO, c\u00f4ng th\u1ee9c chuy\u00ean nghi\u1ec7p.<\/p>\n<\/li>\n<li data-start=\"2057\" data-end=\"2128\">\n<p data-start=\"2059\" data-end=\"2128\">Products meet international standards <strong data-start=\"2061\" data-end=\"2084\">C\u00f4ng th\u1ee9c linh ho\u1ea1t<\/strong>: T\u00f9y ch\u1ec9nh theo nh\u00f3m kh\u00e1ch h\u00e0ng m\u1ee5c ti\u00eau.<\/p>\n<\/li>\n<li data-start=\"2129\" data-end=\"2192\">\n<p data-start=\"2131\" data-end=\"2192\">Products meet international standards <strong data-start=\"2133\" data-end=\"2151\">H\u1ed7 tr\u1ee3 ph\u00e1p l\u00fd<\/strong>: Ki\u1ec3m nghi\u1ec7m, c\u00f4ng b\u1ed1 s\u1ea3n ph\u1ea9m \u0111\u1ea7y \u0111\u1ee7.<\/p>\n<\/li>\n<\/ul>\n<p data-start=\"2194\" data-end=\"2287\">Nh\u1edd nh\u1eefng l\u1ee3i \u00edch tr\u00ean, nhi\u1ec1u th\u01b0\u01a1ng hi\u1ec7u \u01b0u ti\u00ean <strong data-start=\"2244\" data-end=\"2264\">gia c\u00f4ng kem n\u1ec1n<\/strong> thay v\u00ec t\u1ef1 s\u1ea3n xu\u1ea5t.<\/p>\n<hr data-start=\"2289\" data-end=\"2292\" \/>\n<h2 data-start=\"2294\" data-end=\"2332\">3. Gia c\u00f4ng kem n\u1ec1n t\u1ea1i Shizencos<\/h2>\n<h3 data-start=\"2334\" data-end=\"2382\">3.1 C\u00f4ng th\u1ee9c kem n\u1ec1n \u0111a d\u1ea1ng v\u00e0 linh ho\u1ea1t<\/h3>\n<p data-start=\"2383\" data-end=\"2472\"><a href=\"https:\/\/shizencos.com\/en\/\">Shizencos<\/a> mang \u0111\u1ebfn kho c\u00f4ng th\u1ee9c <strong data-start=\"2416\" data-end=\"2436\">gia c\u00f4ng kem n\u1ec1n<\/strong> phong ph\u00fa, ph\u00f9 h\u1ee3p nhi\u1ec1u nhu c\u1ea7u:<\/p>\n<ul data-start=\"2474\" data-end=\"2813\">\n<li data-start=\"2474\" data-end=\"2532\">\n<p data-start=\"2476\" data-end=\"2532\"><strong data-start=\"2476\" data-end=\"2499\">Kem n\u1ec1n che ph\u1ee7 cao<\/strong>: \u0110\u1ed9 b\u00e1m t\u1ed1t, l\u1edbp n\u1ec1n ho\u00e0n h\u1ea3o.<\/p>\n<\/li>\n<li data-start=\"2533\" data-end=\"2593\">\n<p data-start=\"2535\" data-end=\"2593\"><strong data-start=\"2535\" data-end=\"2555\">Kem n\u1ec1n d\u01b0\u1ee1ng \u1ea9m<\/strong>: B\u1ed5 sung \u0111\u1ed9 \u1ea9m, ph\u00f9 h\u1ee3p cho da kh\u00f4.<\/p>\n<\/li>\n<li data-start=\"2594\" data-end=\"2661\">\n<p data-start=\"2596\" data-end=\"2661\"><strong data-start=\"2596\" data-end=\"2616\">Kem n\u1ec1n ki\u1ec1m d\u1ea7u<\/strong>: Ki\u1ec3m so\u00e1t nh\u1eddn, th\u00edch h\u1ee3p da d\u1ea7u\/h\u1ed7n h\u1ee3p.<\/p>\n<\/li>\n<li data-start=\"2662\" data-end=\"2732\">\n<p data-start=\"2664\" data-end=\"2732\"><strong data-start=\"2664\" data-end=\"2683\">Kem n\u1ec1n cushion<\/strong>: M\u1ecfng nh\u1eb9, ti\u1ec7n l\u1ee3i, \u0111\u01b0\u1ee3c \u01b0a chu\u1ed9ng h\u00e0ng ng\u00e0y.<\/p>\n<\/li>\n<li data-start=\"2733\" data-end=\"2813\">\n<p data-start=\"2735\" data-end=\"2813\"><strong data-start=\"2735\" data-end=\"2757\">Kem n\u1ec1n ch\u1ed1ng n\u1eafng<\/strong>: T\u00edch h\u1ee3p SPF b\u1ea3o v\u1ec7 da, t\u1ed1i \u01b0u quy tr\u00ecnh trang \u0111i\u1ec3m.<\/p>\n<\/li>\n<\/ul>\n<p data-start=\"2815\" data-end=\"2964\">\u0110\u1ed9i ng\u0169 R&amp;D t\u1ea1i Shizencos c\u00f2n h\u1ed7 tr\u1ee3 nghi\u00ean c\u1ee9u c\u00f4ng th\u1ee9c \u0111\u1ed9c quy\u1ec1n, gi\u00fap th\u01b0\u01a1ng hi\u1ec7u s\u1edf h\u1eefu d\u00f2ng s\u1ea3n ph\u1ea9m kem n\u1ec1n kh\u00e1c bi\u1ec7t v\u00e0 c\u1ea1nh tranh m\u1ea1nh m\u1ebd.<\/p>\n<h3 data-start=\"2966\" data-end=\"3016\">3.2 Quy tr\u00ecnh gia c\u00f4ng kem n\u1ec1n t\u1ea1i Shizencos<\/h3>\n<p data-start=\"3017\" data-end=\"3091\">Procedure <strong data-start=\"3027\" data-end=\"3047\">gia c\u00f4ng kem n\u1ec1n<\/strong> t\u1ea1i Shizencos \u0111\u01b0\u1ee3c chu\u1ea9n h\u00f3a theo 9 b\u01b0\u1edbc:<\/p>\n<p data-start=\"3017\" data-end=\"3091\"><a href=\"https:\/\/shizencos.com\/wp-content\/uploads\/2024\/09\/quy-trinh-san-xuat-01-scaled.jpg\"><img decoding=\"async\" class=\"aligncenter size-full wp-image-9823\" src=\"https:\/\/shizencos.com\/wp-content\/uploads\/2024\/09\/quy-trinh-san-xuat-01-scaled.jpg\" alt=\"\" width=\"2560\" height=\"1344\" title=\"\" srcset=\"https:\/\/shizencos.com\/wp-content\/uploads\/2024\/09\/quy-trinh-san-xuat-01-scaled.jpg 2560w, https:\/\/shizencos.com\/wp-content\/uploads\/2024\/09\/quy-trinh-san-xuat-01-scaled-300x158.jpg 300w, https:\/\/shizencos.com\/wp-content\/uploads\/2024\/09\/quy-trinh-san-xuat-01-scaled-1024x538.jpg 1024w, https:\/\/shizencos.com\/wp-content\/uploads\/2024\/09\/quy-trinh-san-xuat-01-scaled-150x79.jpg 150w, https:\/\/shizencos.com\/wp-content\/uploads\/2024\/09\/quy-trinh-san-xuat-01-scaled-768x403.jpg 768w, https:\/\/shizencos.com\/wp-content\/uploads\/2024\/09\/quy-trinh-san-xuat-01-scaled-1536x806.jpg 1536w, https:\/\/shizencos.com\/wp-content\/uploads\/2024\/09\/quy-trinh-san-xuat-01-scaled-2048x1075.jpg 2048w, https:\/\/shizencos.com\/wp-content\/uploads\/2024\/09\/quy-trinh-san-xuat-01-scaled-18x9.jpg 18w, https:\/\/shizencos.com\/wp-content\/uploads\/2024\/09\/quy-trinh-san-xuat-01-scaled-600x315.jpg 600w\" sizes=\"(max-width: 2560px) 100vw, 2560px\" \/><\/a><\/p>\n<ol data-start=\"3093\" data-end=\"3467\">\n<li data-start=\"3093\" data-end=\"3133\">\n<p data-start=\"3096\" data-end=\"3133\">T\u01b0 v\u1ea5n &amp; x\u00e1c nh\u1eadn nhu c\u1ea7u s\u1ea3n ph\u1ea9m.<\/p>\n<\/li>\n<li data-start=\"3134\" data-end=\"3177\">\n<p data-start=\"3137\" data-end=\"3177\">R&amp;D nghi\u00ean c\u1ee9u &amp; ph\u00e1t tri\u1ec3n c\u00f4ng th\u1ee9c.<\/p>\n<\/li>\n<li data-start=\"3178\" data-end=\"3222\">\n<p data-start=\"3181\" data-end=\"3222\">G\u1eedi m\u1eabu th\u1eed &amp; \u0111i\u1ec1u ch\u1ec9nh theo ph\u1ea3n h\u1ed3i.<\/p>\n<\/li>\n<li data-start=\"3223\" data-end=\"3262\">\n<p data-start=\"3226\" data-end=\"3262\">Ch\u1ed1t c\u00f4ng th\u1ee9c &amp; b\u00e1o gi\u00e1 chi ti\u1ebft.<\/p>\n<\/li>\n<li data-start=\"3263\" data-end=\"3289\">\n<p data-start=\"3266\" data-end=\"3289\">K\u00fd h\u1ee3p \u0111\u1ed3ng gia c\u00f4ng.<\/p>\n<\/li>\n<li data-start=\"3290\" data-end=\"3328\">\n<p data-start=\"3293\" data-end=\"3328\">Chu\u1ea9n b\u1ecb &amp; ki\u1ec3m \u0111\u1ecbnh nguy\u00ean li\u1ec7u.<\/p>\n<\/li>\n<li data-start=\"3329\" data-end=\"3373\">\n<p data-start=\"3332\" data-end=\"3373\">S\u1ea3n xu\u1ea5t h\u00e0ng lo\u1ea1t tr\u00ean d\u00e2y chuy\u1ec1n GMP.<\/p>\n<\/li>\n<li data-start=\"3374\" data-end=\"3416\">\n<p data-start=\"3377\" data-end=\"3416\">\u0110\u00f3ng g\u00f3i \u2013 d\u00e1n nh\u00e3n theo th\u01b0\u01a1ng hi\u1ec7u.<\/p>\n<\/li>\n<li data-start=\"3417\" data-end=\"3467\">\n<p data-start=\"3420\" data-end=\"3467\">Giao h\u00e0ng &amp; h\u1ed7 tr\u1ee3 ph\u00e1p l\u00fd, c\u00f4ng b\u1ed1 s\u1ea3n ph\u1ea9m.<\/p>\n<\/li>\n<\/ol>\n<hr data-start=\"3469\" data-end=\"3472\" \/>\n<h2 data-start=\"3474\" data-end=\"3487\">Conclude<\/h2>\n<p data-start=\"3488\" data-end=\"3820\">Trong b\u1ed1i c\u1ea3nh th\u1ecb tr\u01b0\u1eddng c\u1ea1nh tranh, <strong data-start=\"3526\" data-end=\"3546\">gia c\u00f4ng kem n\u1ec1n<\/strong> l\u00e0 gi\u1ea3i ph\u00e1p gi\u00fap doanh nghi\u1ec7p ti\u1ebft ki\u1ec7m chi ph\u00ed, r\u00fat ng\u1eafn th\u1eddi gian v\u00e0 nhanh ch\u00f3ng x\u00e2y d\u1ef1ng th\u01b0\u01a1ng hi\u1ec7u. V\u1edbi n\u0103ng l\u1ef1c s\u1ea3n xu\u1ea5t hi\u1ec7n \u0111\u1ea1i, \u0111\u1ed9i ng\u0169 R&amp;D chuy\u00ean s\u00e2u v\u00e0 d\u1ecbch v\u1ee5 tr\u1ecdn g\u00f3i, <strong data-start=\"3729\" data-end=\"3742\">Shizencos<\/strong> l\u00e0 \u0111\u1ed1i t\u00e1c gia c\u00f4ng kem n\u1ec1n \u0111\u00e1ng tin c\u1eady cho c\u1ea3 startup v\u00e0 th\u01b0\u01a1ng hi\u1ec7u l\u1edbn.<\/p>\n<p data-start=\"3822\" data-end=\"3936\">\ud83d\udc49 <strong data-start=\"3825\" data-end=\"3934\"><a href=\"https:\/\/shizencos.com\/en\/lien-he\/\">Contact<\/a> ngay Shizencos \u0111\u1ec3 \u0111\u01b0\u1ee3c t\u01b0 v\u1ea5n mi\u1ec5n ph\u00ed v\u00e0 nh\u1eadn m\u1eabu th\u1eed kem n\u1ec1n \u0111\u1ed9c quy\u1ec1n cho th\u01b0\u01a1ng hi\u1ec7u c\u1ee7a b\u1ea1n!<\/strong><\/p>","protected":false},"excerpt":{"rendered":"<p>Trong ng\u00e0nh c\u00f4ng nghi\u1ec7p m\u1ef9 ph\u1ea9m \u0111ang ph\u00e1t tri\u1ec3n m\u1ea1nh, kem n\u1ec1n lu\u00f4n l\u00e0 s\u1ea3n ph\u1ea9m ch\u1ee7 l\u1ef1c trong b\u1ed9 s\u01b0u t\u1eadp trang \u0111i\u1ec3m. \u0110\u00e2y l\u00e0 d\u00f2ng s\u1ea3n ph\u1ea9m quy\u1ebft \u0111\u1ecbnh l\u1edbp n\u1ec1n ho\u00e0n h\u1ea3o, \u0111\u01b0\u1ee3c s\u1eed d\u1ee5ng t\u1eeb ng\u01b0\u1eddi ti\u00eau d\u00f9ng ph\u1ed5 th\u00f4ng \u0111\u1ebfn chuy\u00ean gia makeup chuy\u00ean nghi\u1ec7p. Ch\u00ednh v\u00ec v\u1eady, gia c\u00f4ng [&hellip;]<\/p>\n","protected":false},"featured_media":11659,"comment_status":"open","ping_status":"closed","template":"","meta":[],"product_brand":[],"product_cat":[20],"product_tag":[],"class_list":{"0":"post-11658","1":"product","2":"type-product","3":"status-publish","4":"has-post-thumbnail","6":"product_cat-gia-cong-my-pham-trang-diem","8":"first","9":"instock","10":"shipping-taxable","11":"product-type-simple"},"_links":{"self":[{"href":"https:\/\/shizencos.com\/en\/wp-json\/wp\/v2\/product\/11658","targetHints":{"allow":["GET"]}}],"collection":[{"href":"https:\/\/shizencos.com\/en\/wp-json\/wp\/v2\/product"}],"about":[{"href":"https:\/\/shizencos.com\/en\/wp-json\/wp\/v2\/types\/product"}],"replies":[{"embeddable":true,"href":"https:\/\/shizencos.com\/en\/wp-json\/wp\/v2\/comments?post=11658"}],"wp:featuredmedia":[{"embeddable":true,"href":"https:\/\/shizencos.com\/en\/wp-json\/wp\/v2\/media\/11659"}],"wp:attachment":[{"href":"https:\/\/shizencos.com\/en\/wp-json\/wp\/v2\/media?parent=11658"}],"wp:term":[{"taxonomy":"product_brand","embeddable":true,"href":"https:\/\/shizencos.com\/en\/wp-json\/wp\/v2\/product_brand?post=11658"},{"taxonomy":"product_cat","embeddable":true,"href":"https:\/\/shizencos.com\/en\/wp-json\/wp\/v2\/product_cat?post=11658"},{"taxonomy":"product_tag","embeddable":true,"href":"https:\/\/shizencos.com\/en\/wp-json\/wp\/v2\/product_tag?post=11658"}],"curies":[{"name":"wp","href":"https:\/\/api.w.org\/{rel}","templated":true}]}}