{"id":11656,"date":"2024-10-28T11:22:09","date_gmt":"2024-10-28T04:22:09","guid":{"rendered":"https:\/\/shizencos.com\/?post_type=product&#038;p=11656"},"modified":"2025-08-29T13:57:37","modified_gmt":"2025-08-29T06:57:37","slug":"gia-cong-bb-cream","status":"publish","type":"product","link":"https:\/\/shizencos.com\/en\/gia-cong-bb-cream\/","title":{"rendered":"Processing BB Cream"},"content":{"rendered":"<p data-start=\"467\" data-end=\"899\">Trong xu h\u01b0\u1edbng l\u00e0m \u0111\u1eb9p hi\u1ec7n \u0111\u1ea1i, BB Cream \u0111\u01b0\u1ee3c coi l\u00e0 s\u1ea3n ph\u1ea9m trang \u0111i\u1ec3m \u0111a n\u0103ng kh\u00f4ng th\u1ec3 thi\u1ebfu \u2013 v\u1eeba d\u01b0\u1ee1ng \u1ea9m, v\u1eeba che khuy\u1ebft \u0111i\u1ec3m, v\u1eeba b\u1ea3o v\u1ec7 da. Vi\u1ec7c m\u1edf r\u1ed9ng danh m\u1ee5c v\u1edbi gia c\u00f4ng BB Cream gi\u00fap th\u01b0\u01a1ng hi\u1ec7u m\u1ef9 ph\u1ea9m gia t\u0103ng doanh thu v\u00e0 ti\u1ebfp c\u1eadn nhi\u1ec1u kh\u00e1ch h\u00e0ng m\u1edbi. Thay v\u00ec t\u1ef1 x\u00e2y d\u1ef1ng nh\u00e0 m\u00e1y, nhi\u1ec1u doanh nghi\u1ec7p \u0111\u00e3 l\u1ef1a ch\u1ecdn <strong>Gia c\u00f4ng\u00a0BB Cream<\/strong> \u0111\u1ec3 ti\u1ebft ki\u1ec7m chi ph\u00ed, r\u00fat ng\u1eafn th\u1eddi gian v\u00e0 s\u1edf h\u1eefu s\u1ea3n ph\u1ea9m ch\u1ea5t l\u01b0\u1ee3ng chu\u1ea9n qu\u1ed1c t\u1ebf.<\/p>\n<hr data-start=\"901\" data-end=\"904\" \/>\n<h2 data-start=\"906\" data-end=\"938\">1. Gia c\u00f4ng BB Cream l\u00e0 g\u00ec?<\/h2>\n<p data-start=\"939\" data-end=\"1166\"><strong data-start=\"939\" data-end=\"951\">BB Cream<\/strong> l\u00e0 d\u00f2ng m\u1ef9 ph\u1ea9m k\u1ebft h\u1ee3p nhi\u1ec1u c\u00f4ng d\u1ee5ng: kem n\u1ec1n, kem ch\u1ed1ng n\u1eafng, d\u01b0\u1ee1ng \u1ea9m v\u00e0 che khuy\u1ebft \u0111i\u1ec3m. Nh\u1edd s\u1ef1 ti\u1ec7n l\u1ee3i, BB Cream \u0111\u00e3 tr\u1edf th\u00e0nh s\u1ea3n ph\u1ea9m kh\u00f4ng th\u1ec3 thi\u1ebfu trong quy tr\u00ecnh makeup h\u00e0ng ng\u00e0y c\u1ee7a ng\u01b0\u1eddi ti\u00eau d\u00f9ng.<\/p>\n<figure id=\"attachment_13184\" aria-describedby=\"caption-attachment-13184\" style=\"width: 1175px\" class=\"wp-caption aligncenter\"><a href=\"https:\/\/shizencos.com\/wp-content\/uploads\/2024\/10\/1-3.webp\"><img fetchpriority=\"high\" decoding=\"async\" class=\"size-full wp-image-13184\" src=\"https:\/\/shizencos.com\/wp-content\/uploads\/2024\/10\/1-3.webp\" alt=\"Gia c\u00f4ng BB Cream l\u00e0 g\u00ec?\" width=\"1175\" height=\"585\" title=\"\" srcset=\"https:\/\/shizencos.com\/wp-content\/uploads\/2024\/10\/1-3.webp 1175w, https:\/\/shizencos.com\/wp-content\/uploads\/2024\/10\/1-3-300x149.webp 300w, https:\/\/shizencos.com\/wp-content\/uploads\/2024\/10\/1-3-1024x510.webp 1024w, https:\/\/shizencos.com\/wp-content\/uploads\/2024\/10\/1-3-150x75.webp 150w, https:\/\/shizencos.com\/wp-content\/uploads\/2024\/10\/1-3-768x382.webp 768w, https:\/\/shizencos.com\/wp-content\/uploads\/2024\/10\/1-3-18x9.webp 18w, https:\/\/shizencos.com\/wp-content\/uploads\/2024\/10\/1-3-600x299.webp 600w\" sizes=\"(max-width: 1175px) 100vw, 1175px\" \/><\/a><figcaption id=\"caption-attachment-13184\" class=\"wp-caption-text\">Gia c\u00f4ng BB Cream l\u00e0 g\u00ec?<\/figcaption><\/figure>\n<p data-start=\"1168\" data-end=\"1489\"><strong data-start=\"1168\" data-end=\"1189\">Processing BB Cream<\/strong> l\u00e0 qu\u00e1 tr\u00ecnh h\u1ee3p t\u00e1c v\u1edbi nh\u00e0 m\u00e1y s\u1ea3n xu\u1ea5t \u0111\u1ec3 nghi\u00ean c\u1ee9u c\u00f4ng th\u1ee9c, th\u1eed nghi\u1ec7m, s\u1ea3n xu\u1ea5t v\u00e0 \u0111\u00f3ng g\u00f3i s\u1ea3n ph\u1ea9m theo th\u01b0\u01a1ng hi\u1ec7u ri\u00eang. Doanh nghi\u1ec7p \u0111\u01b0\u1ee3c h\u1ed7 tr\u1ee3 tr\u1ecdn g\u00f3i t\u1eeb R&amp;D, nguy\u00ean li\u1ec7u, thi\u1ebft k\u1ebf bao b\u00ec cho \u0111\u1ebfn ph\u00e1p l\u00fd v\u00e0 c\u00f4ng b\u1ed1 s\u1ea3n ph\u1ea9m, gi\u00fap nhanh ch\u00f3ng s\u1edf h\u1eefu d\u00f2ng BB Cream mang d\u1ea5u \u1ea5n ri\u00eang.<\/p>\n<hr data-start=\"1491\" data-end=\"1494\" \/>\n<h2 data-start=\"1496\" data-end=\"1542\">2. L\u1ee3i \u00edch khi l\u1ef1a ch\u1ecdn gia c\u00f4ng BB Cream<\/h2>\n<p data-start=\"1543\" data-end=\"1611\">Form <strong data-start=\"1553\" data-end=\"1574\">gia c\u00f4ng BB Cream<\/strong> mang l\u1ea1i nhi\u1ec1u l\u1ee3i \u00edch thi\u1ebft th\u1ef1c:<\/p>\n<figure id=\"attachment_13185\" aria-describedby=\"caption-attachment-13185\" style=\"width: 1175px\" class=\"wp-caption aligncenter\"><a href=\"https:\/\/shizencos.com\/wp-content\/uploads\/2024\/10\/2-3.webp\"><img decoding=\"async\" class=\"size-full wp-image-13185\" src=\"https:\/\/shizencos.com\/wp-content\/uploads\/2024\/10\/2-3.webp\" alt=\"L\u1ee3i \u00edch khi gia c\u00f4ng BB Cream\" width=\"1175\" height=\"585\" title=\"\" srcset=\"https:\/\/shizencos.com\/wp-content\/uploads\/2024\/10\/2-3.webp 1175w, https:\/\/shizencos.com\/wp-content\/uploads\/2024\/10\/2-3-300x149.webp 300w, https:\/\/shizencos.com\/wp-content\/uploads\/2024\/10\/2-3-1024x510.webp 1024w, https:\/\/shizencos.com\/wp-content\/uploads\/2024\/10\/2-3-150x75.webp 150w, https:\/\/shizencos.com\/wp-content\/uploads\/2024\/10\/2-3-768x382.webp 768w, https:\/\/shizencos.com\/wp-content\/uploads\/2024\/10\/2-3-18x9.webp 18w, https:\/\/shizencos.com\/wp-content\/uploads\/2024\/10\/2-3-600x299.webp 600w\" sizes=\"(max-width: 1175px) 100vw, 1175px\" \/><\/a><figcaption id=\"caption-attachment-13185\" class=\"wp-caption-text\">L\u1ee3i \u00edch khi gia c\u00f4ng BB Cream<\/figcaption><\/figure>\n<ul data-start=\"1613\" data-end=\"1971\">\n<li data-start=\"1613\" data-end=\"1688\">\n<p data-start=\"1615\" data-end=\"1688\">Products meet international standards <strong data-start=\"1617\" data-end=\"1638\">Save costs<\/strong>: Kh\u00f4ng c\u1ea7n \u0111\u1ea7u t\u01b0 nh\u00e0 m\u00e1y, d\u00e2y chuy\u1ec1n s\u1ea3n xu\u1ea5t.<\/p>\n<\/li>\n<li data-start=\"1689\" data-end=\"1758\">\n<p data-start=\"1691\" data-end=\"1758\">Products meet international standards <strong data-start=\"1693\" data-end=\"1715\">R\u00fat ng\u1eafn th\u1eddi gian<\/strong>: \u0110\u01b0a s\u1ea3n ph\u1ea9m nhanh ch\u00f3ng ra th\u1ecb tr\u01b0\u1eddng.<\/p>\n<\/li>\n<li data-start=\"1759\" data-end=\"1828\">\n<p data-start=\"1761\" data-end=\"1828\">Products meet international standards <strong data-start=\"1763\" data-end=\"1786\">C\u00f4ng th\u1ee9c \u0111\u1ed9c quy\u1ec1n<\/strong>: Linh ho\u1ea1t theo \u0111\u1ecbnh h\u01b0\u1edbng th\u01b0\u01a1ng hi\u1ec7u.<\/p>\n<\/li>\n<li data-start=\"1829\" data-end=\"1895\">\n<p data-start=\"1831\" data-end=\"1895\">Products meet international standards <strong data-start=\"1833\" data-end=\"1853\">Linh ho\u1ea1t quy m\u00f4<\/strong>: Ph\u00f9 h\u1ee3p c\u1ea3 startup v\u00e0 th\u01b0\u01a1ng hi\u1ec7u l\u1edbn.<\/p>\n<\/li>\n<li data-start=\"1896\" data-end=\"1971\">\n<p data-start=\"1898\" data-end=\"1971\">Products meet international standards <strong data-start=\"1900\" data-end=\"1925\">H\u1ed7 tr\u1ee3 ph\u00e1p l\u00fd \u0111\u1ea7y \u0111\u1ee7<\/strong>: Ki\u1ec3m nghi\u1ec7m, c\u00f4ng b\u1ed1 s\u1ea3n ph\u1ea9m nhanh ch\u00f3ng.<\/p>\n<\/li>\n<\/ul>\n<p data-start=\"1973\" data-end=\"2103\">Nh\u1edd nh\u1eefng l\u1ee3i \u00edch n\u00e0y, <strong data-start=\"1996\" data-end=\"2017\">gia c\u00f4ng BB Cream<\/strong> ng\u00e0y c\u00e0ng \u0111\u01b0\u1ee3c c\u00e1c doanh nghi\u1ec7p m\u1ef9 ph\u1ea9m l\u1ef1a ch\u1ecdn \u0111\u1ec3 ph\u00e1t tri\u1ec3n s\u1ea3n ph\u1ea9m chi\u1ebfn l\u01b0\u1ee3c.<\/p>\n<hr data-start=\"2105\" data-end=\"2108\" \/>\n<h2 data-start=\"2110\" data-end=\"2149\">3. Gia c\u00f4ng BB Cream t\u1ea1i Shizencos<\/h2>\n<h3 data-start=\"2151\" data-end=\"2191\">3.1 C\u00f4ng th\u1ee9c \u0111a d\u1ea1ng v\u00e0 linh ho\u1ea1t<\/h3>\n<p data-start=\"2192\" data-end=\"2264\">Shizencos cung c\u1ea5p danh m\u1ee5c c\u00f4ng th\u1ee9c <strong data-start=\"2230\" data-end=\"2251\">gia c\u00f4ng BB Cream<\/strong> phong ph\u00fa:<\/p>\n<ul data-start=\"2265\" data-end=\"2610\">\n<li data-start=\"2265\" data-end=\"2317\">\n<p data-start=\"2267\" data-end=\"2317\">BB Cream n\u00e2ng t\u00f4ng da: Gi\u00fap l\u00e0m s\u00e1ng v\u00e0 \u0111\u1ec1u m\u00e0u.<\/p>\n<\/li>\n<li data-start=\"2318\" data-end=\"2376\">\n<p data-start=\"2320\" data-end=\"2376\">BB Cream ch\u1ed1ng n\u1eafng (SPF cao): B\u1ea3o v\u1ec7 da tr\u01b0\u1edbc tia UV.<\/p>\n<\/li>\n<li data-start=\"2377\" data-end=\"2425\">\n<p data-start=\"2379\" data-end=\"2425\">BB Cream d\u01b0\u1ee1ng \u1ea9m: C\u1ea5p n\u01b0\u1edbc, ph\u00f9 h\u1ee3p da kh\u00f4.<\/p>\n<\/li>\n<li data-start=\"2426\" data-end=\"2488\">\n<p data-start=\"2428\" data-end=\"2488\">BB Cream ki\u1ec1m d\u1ea7u: Ki\u1ec3m so\u00e1t nh\u1eddn, cho l\u1edbp n\u1ec1n kh\u00f4 tho\u00e1ng.<\/p>\n<\/li>\n<li data-start=\"2489\" data-end=\"2546\">\n<p data-start=\"2491\" data-end=\"2546\">BB Cream cho da nh\u1ea1y c\u1ea3m: C\u00f4ng th\u1ee9c d\u1ecbu nh\u1eb9, an to\u00e0n.<\/p>\n<\/li>\n<li data-start=\"2547\" data-end=\"2610\">\n<p data-start=\"2549\" data-end=\"2610\">BB Cream ch\u1ed1ng l\u00e3o h\u00f3a: T\u00edch h\u1ee3p d\u01b0\u1ee1ng ch\u1ea5t tr\u1ebb h\u00f3a l\u00e0n da.<\/p>\n<\/li>\n<\/ul>\n<p data-start=\"2612\" data-end=\"2734\">\u0110\u1eb7c bi\u1ec7t, \u0111\u1ed9i ng\u0169 R&amp;D t\u1ea1i Shizencos nh\u1eadn nghi\u00ean c\u1ee9u c\u00f4ng th\u1ee9c ri\u00eang, \u0111\u1ea3m b\u1ea3o s\u1ea3n ph\u1ea9m BB Cream mang b\u1ea3n s\u1eafc th\u01b0\u01a1ng hi\u1ec7u.<\/p>\n<h3 data-start=\"2736\" data-end=\"2787\">3.2 Quy tr\u00ecnh gia c\u00f4ng BB Cream t\u1ea1i Shizencos<\/h3>\n<p data-start=\"2788\" data-end=\"2871\">M\u1ed7i d\u1ef1 \u00e1n <strong data-start=\"2798\" data-end=\"2819\">gia c\u00f4ng BB Cream<\/strong> \u0111\u1ec1u \u0111\u01b0\u1ee3c tri\u1ec3n khai theo quy tr\u00ecnh chu\u1ea9n qu\u1ed1c t\u1ebf:<\/p>\n<p data-start=\"2788\" data-end=\"2871\"><a href=\"https:\/\/shizencos.com\/wp-content\/uploads\/2024\/09\/quy-trinh-san-xuat-01-scaled.jpg\"><img decoding=\"async\" class=\"aligncenter size-full wp-image-9823\" src=\"https:\/\/shizencos.com\/wp-content\/uploads\/2024\/09\/quy-trinh-san-xuat-01-scaled.jpg\" alt=\"\" width=\"2560\" height=\"1344\" title=\"\" srcset=\"https:\/\/shizencos.com\/wp-content\/uploads\/2024\/09\/quy-trinh-san-xuat-01-scaled.jpg 2560w, https:\/\/shizencos.com\/wp-content\/uploads\/2024\/09\/quy-trinh-san-xuat-01-scaled-300x158.jpg 300w, https:\/\/shizencos.com\/wp-content\/uploads\/2024\/09\/quy-trinh-san-xuat-01-scaled-1024x538.jpg 1024w, https:\/\/shizencos.com\/wp-content\/uploads\/2024\/09\/quy-trinh-san-xuat-01-scaled-150x79.jpg 150w, https:\/\/shizencos.com\/wp-content\/uploads\/2024\/09\/quy-trinh-san-xuat-01-scaled-768x403.jpg 768w, https:\/\/shizencos.com\/wp-content\/uploads\/2024\/09\/quy-trinh-san-xuat-01-scaled-1536x806.jpg 1536w, https:\/\/shizencos.com\/wp-content\/uploads\/2024\/09\/quy-trinh-san-xuat-01-scaled-2048x1075.jpg 2048w, https:\/\/shizencos.com\/wp-content\/uploads\/2024\/09\/quy-trinh-san-xuat-01-scaled-18x9.jpg 18w, https:\/\/shizencos.com\/wp-content\/uploads\/2024\/09\/quy-trinh-san-xuat-01-scaled-600x315.jpg 600w\" sizes=\"(max-width: 2560px) 100vw, 2560px\" \/><\/a><\/p>\n<ol data-start=\"2873\" data-end=\"3211\">\n<li data-start=\"2873\" data-end=\"2913\">\n<p data-start=\"2876\" data-end=\"2913\">T\u01b0 v\u1ea5n &amp; x\u00e1c nh\u1eadn nhu c\u1ea7u s\u1ea3n ph\u1ea9m.<\/p>\n<\/li>\n<li data-start=\"2914\" data-end=\"2953\">\n<p data-start=\"2917\" data-end=\"2953\">Nghi\u00ean c\u1ee9u &amp; ph\u00e1t tri\u1ec3n c\u00f4ng th\u1ee9c.<\/p>\n<\/li>\n<li data-start=\"2954\" data-end=\"2984\">\n<p data-start=\"2957\" data-end=\"2984\">G\u1eedi m\u1eabu th\u1eed &amp; \u0111i\u1ec1u ch\u1ec9nh.<\/p>\n<\/li>\n<li data-start=\"2985\" data-end=\"3015\">\n<p data-start=\"2988\" data-end=\"3015\">B\u00e1o gi\u00e1 &amp; ch\u1ed1t c\u00f4ng th\u1ee9c.<\/p>\n<\/li>\n<li data-start=\"3016\" data-end=\"3044\">\n<p data-start=\"3019\" data-end=\"3044\">K\u00fd h\u1ee3p \u0111\u1ed3ng ch\u00ednh th\u1ee9c.<\/p>\n<\/li>\n<li data-start=\"3045\" data-end=\"3083\">\n<p data-start=\"3048\" data-end=\"3083\">Chu\u1ea9n b\u1ecb &amp; ki\u1ec3m \u0111\u1ecbnh nguy\u00ean li\u1ec7u.<\/p>\n<\/li>\n<li data-start=\"3084\" data-end=\"3117\">\n<p data-start=\"3087\" data-end=\"3117\">S\u1ea3n xu\u1ea5t h\u00e0ng lo\u1ea1t theo GMP.<\/p>\n<\/li>\n<li data-start=\"3118\" data-end=\"3160\">\n<p data-start=\"3121\" data-end=\"3160\">\u0110\u00f3ng g\u00f3i \u2013 d\u00e1n nh\u00e3n theo th\u01b0\u01a1ng hi\u1ec7u.<\/p>\n<\/li>\n<li data-start=\"3161\" data-end=\"3211\">\n<p data-start=\"3164\" data-end=\"3211\">Giao h\u00e0ng &amp; h\u1ed7 tr\u1ee3 ph\u00e1p l\u00fd, c\u00f4ng b\u1ed1 s\u1ea3n ph\u1ea9m.<\/p>\n<\/li>\n<\/ol>\n<p data-start=\"3213\" data-end=\"3302\">Quy tr\u00ecnh n\u00e0y gi\u00fap t\u1ed1i \u01b0u chi ph\u00ed, r\u00fat ng\u1eafn th\u1eddi gian nh\u01b0ng v\u1eabn \u0111\u1ea3m b\u1ea3o ch\u1ea5t l\u01b0\u1ee3ng cao.<\/p>\n<hr data-start=\"3304\" data-end=\"3307\" \/>\n<h2 data-start=\"3309\" data-end=\"3322\">Conclude<\/h2>\n<p data-start=\"3323\" data-end=\"3676\">Trong b\u1ed1i c\u1ea3nh th\u1ecb tr\u01b0\u1eddng ng\u00e0y c\u00e0ng c\u1ea1nh tranh, <strong data-start=\"3371\" data-end=\"3392\">gia c\u00f4ng BB Cream<\/strong> ch\u00ednh l\u00e0 gi\u1ea3i ph\u00e1p t\u1ed1i \u01b0u gi\u00fap doanh nghi\u1ec7p ti\u1ebft ki\u1ec7m chi ph\u00ed, nhanh ch\u00f3ng ra m\u1eaft s\u1ea3n ph\u1ea9m v\u00e0 n\u00e2ng cao s\u1ee9c c\u1ea1nh tranh. V\u1edbi d\u00e2y chuy\u1ec1n s\u1ea3n xu\u1ea5t hi\u1ec7n \u0111\u1ea1i, \u0111\u1ed9i ng\u0169 R&amp;D chuy\u00ean s\u00e2u v\u00e0 d\u1ecbch v\u1ee5 tr\u1ecdn g\u00f3i, <a href=\"https:\/\/shizencos.com\/en\/\"><strong data-start=\"3590\" data-end=\"3603\">Shizencos<\/strong><\/a> l\u00e0 \u0111\u1ed1i t\u00e1c gia c\u00f4ng BB Cream \u0111\u00e1ng tin c\u1eady cho m\u1ecdi th\u01b0\u01a1ng hi\u1ec7u m\u1ef9 ph\u1ea9m.<\/p>\n<p data-start=\"3678\" data-end=\"3793\">\ud83d\udc49 <strong data-start=\"3681\" data-end=\"3791\"><a href=\"https:\/\/shizencos.com\/en\/lien-he\/\">Contact<\/a> ngay Shizencos \u0111\u1ec3 \u0111\u01b0\u1ee3c t\u01b0 v\u1ea5n mi\u1ec5n ph\u00ed v\u00e0 nh\u1eadn m\u1eabu th\u1eed BB Cream \u0111\u1ed9c quy\u1ec1n cho th\u01b0\u01a1ng hi\u1ec7u c\u1ee7a b\u1ea1n!<\/strong><\/p>","protected":false},"excerpt":{"rendered":"<p>Trong xu h\u01b0\u1edbng l\u00e0m \u0111\u1eb9p hi\u1ec7n \u0111\u1ea1i, BB Cream \u0111\u01b0\u1ee3c coi l\u00e0 s\u1ea3n ph\u1ea9m trang \u0111i\u1ec3m \u0111a n\u0103ng kh\u00f4ng th\u1ec3 thi\u1ebfu \u2013 v\u1eeba d\u01b0\u1ee1ng \u1ea9m, v\u1eeba che khuy\u1ebft \u0111i\u1ec3m, v\u1eeba b\u1ea3o v\u1ec7 da. Vi\u1ec7c m\u1edf r\u1ed9ng danh m\u1ee5c v\u1edbi gia c\u00f4ng BB Cream gi\u00fap th\u01b0\u01a1ng hi\u1ec7u m\u1ef9 ph\u1ea9m gia t\u0103ng doanh thu v\u00e0 ti\u1ebfp c\u1eadn [&hellip;]<\/p>\n","protected":false},"featured_media":11657,"comment_status":"open","ping_status":"closed","template":"","meta":[],"product_brand":[],"product_cat":[20],"product_tag":[],"class_list":{"0":"post-11656","1":"product","2":"type-product","3":"status-publish","4":"has-post-thumbnail","6":"product_cat-gia-cong-my-pham-trang-diem","8":"first","9":"instock","10":"shipping-taxable","11":"product-type-simple"},"_links":{"self":[{"href":"https:\/\/shizencos.com\/en\/wp-json\/wp\/v2\/product\/11656","targetHints":{"allow":["GET"]}}],"collection":[{"href":"https:\/\/shizencos.com\/en\/wp-json\/wp\/v2\/product"}],"about":[{"href":"https:\/\/shizencos.com\/en\/wp-json\/wp\/v2\/types\/product"}],"replies":[{"embeddable":true,"href":"https:\/\/shizencos.com\/en\/wp-json\/wp\/v2\/comments?post=11656"}],"wp:featuredmedia":[{"embeddable":true,"href":"https:\/\/shizencos.com\/en\/wp-json\/wp\/v2\/media\/11657"}],"wp:attachment":[{"href":"https:\/\/shizencos.com\/en\/wp-json\/wp\/v2\/media?parent=11656"}],"wp:term":[{"taxonomy":"product_brand","embeddable":true,"href":"https:\/\/shizencos.com\/en\/wp-json\/wp\/v2\/product_brand?post=11656"},{"taxonomy":"product_cat","embeddable":true,"href":"https:\/\/shizencos.com\/en\/wp-json\/wp\/v2\/product_cat?post=11656"},{"taxonomy":"product_tag","embeddable":true,"href":"https:\/\/shizencos.com\/en\/wp-json\/wp\/v2\/product_tag?post=11656"}],"curies":[{"name":"wp","href":"https:\/\/api.w.org\/{rel}","templated":true}]}}