{"id":11654,"date":"2024-10-28T11:20:29","date_gmt":"2024-10-28T04:20:29","guid":{"rendered":"https:\/\/shizencos.com\/?post_type=product&#038;p=11654"},"modified":"2025-08-29T14:07:00","modified_gmt":"2025-08-29T07:07:00","slug":"gia-cong-cushion","status":"publish","type":"product","link":"https:\/\/shizencos.com\/en\/gia-cong-cushion\/","title":{"rendered":"Cushion processing"},"content":{"rendered":"<p data-start=\"393\" data-end=\"773\">Trong th\u1ecb tr\u01b0\u1eddng m\u1ef9 ph\u1ea9m ng\u00e0y c\u00e0ng s\u00f4i \u0111\u1ed9ng, <strong data-start=\"438\" data-end=\"449\">Cushion<\/strong> \u0111\u00e3 tr\u1edf th\u00e0nh m\u1ed9t trong nh\u1eefng s\u1ea3n ph\u1ea9m trang \u0111i\u1ec3m \u0111\u01b0\u1ee3c \u01b0a chu\u1ed9ng nh\u1ea5t nh\u1edd s\u1ef1 ti\u1ec7n l\u1ee3i, m\u1ecfng nh\u1eb9 v\u00e0 ph\u00f9 h\u1ee3p v\u1edbi nh\u1ecbp s\u1ed1ng hi\u1ec7n \u0111\u1ea1i. V\u1edbi nhu c\u1ea7u ng\u00e0y c\u00e0ng t\u0103ng, nhi\u1ec1u th\u01b0\u01a1ng hi\u1ec7u \u0111\u00e3 l\u1ef1a ch\u1ecdn <strong data-start=\"638\" data-end=\"658\">gia c\u00f4ng Cushion<\/strong> nh\u01b0 m\u1ed9t chi\u1ebfn l\u01b0\u1ee3c th\u00f4ng minh \u0111\u1ec3 nhanh ch\u00f3ng ra m\u1eaft s\u1ea3n ph\u1ea9m, ti\u1ebft ki\u1ec7m chi ph\u00ed v\u00e0 n\u00e2ng cao gi\u00e1 tr\u1ecb th\u01b0\u01a1ng hi\u1ec7u.<\/p>\n<hr data-start=\"775\" data-end=\"778\" \/>\n<h2 data-start=\"780\" data-end=\"811\">1. Gia c\u00f4ng Cushion l\u00e0 g\u00ec?<\/h2>\n<p data-start=\"812\" data-end=\"1040\"><strong data-start=\"812\" data-end=\"823\">Cushion<\/strong> l\u00e0 d\u00f2ng s\u1ea3n ph\u1ea9m trang \u0111i\u1ec3m d\u1ea1ng n\u1ec1n ti\u1ec7n l\u1ee3i, t\u00edch h\u1ee3p trong h\u1ed9p nh\u1ecf g\u1ecdn v\u1edbi b\u00f4ng m\u00fat, d\u1ec5 s\u1eed d\u1ee5ng v\u00e0 cho l\u1edbp n\u1ec1n m\u1ecfng nh\u1eb9, t\u1ef1 nhi\u00ean. \u0110\u00e2y l\u00e0 s\u1ea3n ph\u1ea9m \u0111\u00e1p \u1ee9ng xu h\u01b0\u1edbng l\u00e0m \u0111\u1eb9p nhanh ch\u00f3ng, ph\u00f9 h\u1ee3p v\u1edbi m\u1ecdi \u0111\u1ed1i t\u01b0\u1ee3ng.<\/p>\n<figure id=\"attachment_13186\" aria-describedby=\"caption-attachment-13186\" style=\"width: 1175px\" class=\"wp-caption aligncenter\"><a href=\"https:\/\/shizencos.com\/wp-content\/uploads\/2024\/10\/1_11zon.webp\"><img fetchpriority=\"high\" decoding=\"async\" class=\"size-full wp-image-13186\" src=\"https:\/\/shizencos.com\/wp-content\/uploads\/2024\/10\/1_11zon.webp\" alt=\"Gia c\u00f4ng Cushion l\u00e0 g\u00ec?\" width=\"1175\" height=\"585\" title=\"\" srcset=\"https:\/\/shizencos.com\/wp-content\/uploads\/2024\/10\/1_11zon.webp 1175w, https:\/\/shizencos.com\/wp-content\/uploads\/2024\/10\/1_11zon-300x149.webp 300w, https:\/\/shizencos.com\/wp-content\/uploads\/2024\/10\/1_11zon-1024x510.webp 1024w, https:\/\/shizencos.com\/wp-content\/uploads\/2024\/10\/1_11zon-150x75.webp 150w, https:\/\/shizencos.com\/wp-content\/uploads\/2024\/10\/1_11zon-768x382.webp 768w, https:\/\/shizencos.com\/wp-content\/uploads\/2024\/10\/1_11zon-18x9.webp 18w, https:\/\/shizencos.com\/wp-content\/uploads\/2024\/10\/1_11zon-600x299.webp 600w\" sizes=\"(max-width: 1175px) 100vw, 1175px\" \/><\/a><figcaption id=\"caption-attachment-13186\" class=\"wp-caption-text\">Gia c\u00f4ng Cushion l\u00e0 g\u00ec?<\/figcaption><\/figure>\n<p data-start=\"1042\" data-end=\"1353\"><strong data-start=\"1042\" data-end=\"1062\">Gia c\u00f4ng Cushion<\/strong> l\u00e0 qu\u00e1 tr\u00ecnh doanh nghi\u1ec7p m\u1ef9 ph\u1ea9m h\u1ee3p t\u00e1c v\u1edbi nh\u00e0 m\u00e1y s\u1ea3n xu\u1ea5t \u0111\u1ec3 ph\u00e1t tri\u1ec3n, s\u1ea3n xu\u1ea5t v\u00e0 \u0111\u00f3ng g\u00f3i Cushion theo c\u00f4ng th\u1ee9c ri\u00eang ho\u1eb7c c\u00f4ng th\u1ee9c c\u00f3 s\u1eb5n. V\u1edbi d\u1ecbch v\u1ee5 <strong data-start=\"1226\" data-end=\"1246\">gia c\u00f4ng Cushion<\/strong>, th\u01b0\u01a1ng hi\u1ec7u kh\u00f4ng c\u1ea7n \u0111\u1ea7u t\u01b0 nh\u00e0 m\u00e1y hay nh\u00e2n s\u1ef1, m\u00e0 v\u1eabn s\u1edf h\u1eefu s\u1ea3n ph\u1ea9m ch\u1ea5t l\u01b0\u1ee3ng, mang d\u1ea5u \u1ea5n ri\u00eang.<\/p>\n<hr data-start=\"1355\" data-end=\"1358\" \/>\n<h2 data-start=\"1360\" data-end=\"1396\">2. L\u1ee3i \u00edch khi gia c\u00f4ng Cushion<\/h2>\n<p data-start=\"1397\" data-end=\"1469\">Doanh nghi\u1ec7p l\u1ef1a ch\u1ecdn <strong data-start=\"1419\" data-end=\"1439\">gia c\u00f4ng Cushion<\/strong> s\u1ebd nh\u1eadn \u0111\u01b0\u1ee3c nhi\u1ec1u l\u1ee3i \u00edch:<\/p>\n<p data-start=\"1397\" data-end=\"1469\"><a href=\"https:\/\/shizencos.com\/wp-content\/uploads\/2024\/10\/2_11zon.webp\"><img decoding=\"async\" class=\"aligncenter size-full wp-image-13187\" src=\"https:\/\/shizencos.com\/wp-content\/uploads\/2024\/10\/2_11zon.webp\" alt=\"\" width=\"1175\" height=\"585\" title=\"\" srcset=\"https:\/\/shizencos.com\/wp-content\/uploads\/2024\/10\/2_11zon.webp 1175w, https:\/\/shizencos.com\/wp-content\/uploads\/2024\/10\/2_11zon-300x149.webp 300w, https:\/\/shizencos.com\/wp-content\/uploads\/2024\/10\/2_11zon-1024x510.webp 1024w, https:\/\/shizencos.com\/wp-content\/uploads\/2024\/10\/2_11zon-150x75.webp 150w, https:\/\/shizencos.com\/wp-content\/uploads\/2024\/10\/2_11zon-768x382.webp 768w, https:\/\/shizencos.com\/wp-content\/uploads\/2024\/10\/2_11zon-18x9.webp 18w, https:\/\/shizencos.com\/wp-content\/uploads\/2024\/10\/2_11zon-600x299.webp 600w\" sizes=\"(max-width: 1175px) 100vw, 1175px\" \/><\/a><\/p>\n<ul data-start=\"1471\" data-end=\"1916\">\n<li data-start=\"1471\" data-end=\"1548\">\n<p data-start=\"1473\" data-end=\"1548\">Products meet international standards <strong data-start=\"1475\" data-end=\"1496\">Save costs<\/strong>: Kh\u00f4ng c\u1ea7n \u0111\u1ea7u t\u01b0 d\u00e2y chuy\u1ec1n v\u00e0 nh\u00e2n s\u1ef1 s\u1ea3n xu\u1ea5t.<\/p>\n<\/li>\n<li data-start=\"1549\" data-end=\"1631\">\n<p data-start=\"1551\" data-end=\"1631\">Products meet international standards <strong data-start=\"1553\" data-end=\"1584\">Nhanh ch\u00f3ng ra m\u1eaft s\u1ea3n ph\u1ea9m<\/strong>: R\u00fat ng\u1eafn th\u1eddi gian nghi\u00ean c\u1ee9u &amp; ph\u00e1t tri\u1ec3n.<\/p>\n<\/li>\n<li data-start=\"1632\" data-end=\"1698\">\n<p data-start=\"1634\" data-end=\"1698\">Products meet international standards <strong data-start=\"1636\" data-end=\"1659\">C\u00f4ng th\u1ee9c \u0111\u1ed9c quy\u1ec1n<\/strong>: Linh ho\u1ea1t theo nhu c\u1ea7u th\u01b0\u01a1ng hi\u1ec7u.<\/p>\n<\/li>\n<li data-start=\"1699\" data-end=\"1767\">\n<p data-start=\"1701\" data-end=\"1767\">Products meet international standards <strong data-start=\"1703\" data-end=\"1725\">Ch\u1ea5t l\u01b0\u1ee3ng \u0111\u1ea3m b\u1ea3o<\/strong>: S\u1ea3n xu\u1ea5t theo chu\u1ea9n GMP \u2013 ISO qu\u1ed1c t\u1ebf.<\/p>\n<\/li>\n<li data-start=\"1768\" data-end=\"1843\">\n<p data-start=\"1770\" data-end=\"1843\">Products meet international standards <strong data-start=\"1772\" data-end=\"1797\">H\u1ed7 tr\u1ee3 ph\u00e1p l\u00fd \u0111\u1ea7y \u0111\u1ee7<\/strong>: C\u00f4ng b\u1ed1, ki\u1ec3m nghi\u1ec7m s\u1ea3n ph\u1ea9m nhanh ch\u00f3ng.<\/p>\n<\/li>\n<li data-start=\"1844\" data-end=\"1916\">\n<p data-start=\"1846\" data-end=\"1916\">Products meet international standards <strong data-start=\"1848\" data-end=\"1874\">H\u1ed7 tr\u1ee3 thi\u1ebft k\u1ebf bao b\u00ec<\/strong>: Gi\u00fap s\u1ea3n ph\u1ea9m n\u1ed5i b\u1eadt tr\u00ean th\u1ecb tr\u01b0\u1eddng.<\/p>\n<\/li>\n<\/ul>\n<p data-start=\"1918\" data-end=\"2055\">Nh\u1edd nh\u1eefng l\u1ee3i \u00edch tr\u00ean, <strong data-start=\"1942\" data-end=\"1962\">gia c\u00f4ng Cushion<\/strong> \u0111\u01b0\u1ee3c xem l\u00e0 b\u01b0\u1edbc \u0111i chi\u1ebfn l\u01b0\u1ee3c cho c\u00e1c th\u01b0\u01a1ng hi\u1ec7u m\u1ef9 ph\u1ea9m mu\u1ed1n m\u1edf r\u1ed9ng danh m\u1ee5c s\u1ea3n ph\u1ea9m.<\/p>\n<hr data-start=\"2057\" data-end=\"2060\" \/>\n<h2 data-start=\"2062\" data-end=\"2100\">3. Gia c\u00f4ng Cushion t\u1ea1i Shizencos<\/h2>\n<h3 data-start=\"2102\" data-end=\"2137\">3.1 C\u00f4ng th\u1ee9c Cushion \u0111a d\u1ea1ng<\/h3>\n<p data-start=\"2138\" data-end=\"2244\">Shizencos mang \u0111\u1ebfn nhi\u1ec1u c\u00f4ng th\u1ee9c <strong data-start=\"2173\" data-end=\"2193\">gia c\u00f4ng Cushion<\/strong> ph\u00f9 h\u1ee3p v\u1edbi xu h\u01b0\u1edbng v\u00e0 nhu c\u1ea7u ng\u01b0\u1eddi ti\u00eau d\u00f9ng:<\/p>\n<ul data-start=\"2245\" data-end=\"2468\">\n<li data-start=\"2245\" data-end=\"2308\">\n<p data-start=\"2247\" data-end=\"2308\">Cushion trang \u0111i\u1ec3m: Che ph\u1ee7 t\u1ef1 nhi\u00ean, t\u1ea1o l\u1edbp n\u1ec1n m\u1ecbn m\u00e0ng.<\/p>\n<\/li>\n<li data-start=\"2309\" data-end=\"2356\">\n<p data-start=\"2311\" data-end=\"2356\">Cushion ch\u1ed1ng n\u1eafng: T\u00edch h\u1ee3p SPF b\u1ea3o v\u1ec7 da.<\/p>\n<\/li>\n<li data-start=\"2357\" data-end=\"2406\">\n<p data-start=\"2359\" data-end=\"2406\">Cushion d\u01b0\u1ee1ng da: K\u1ebft h\u1ee3p makeup v\u00e0 d\u01b0\u1ee1ng \u1ea9m.<\/p>\n<\/li>\n<li data-start=\"2407\" data-end=\"2468\">\n<p data-start=\"2409\" data-end=\"2468\">Cushion che khuy\u1ebft \u0111i\u1ec3m: Che ph\u1ee7 m\u1ee5n, th\u00e2m, l\u1ed7 ch\u00e2n l\u00f4ng.<\/p>\n<\/li>\n<\/ul>\n<p data-start=\"2470\" data-end=\"2639\">Ngo\u00e0i ra, \u0111\u1ed9i ng\u0169 R&amp;D Shizencos c\u00f2n h\u1ed7 tr\u1ee3 nghi\u00ean c\u1ee9u c\u00f4ng th\u1ee9c \u0111\u1ed9c quy\u1ec1n, t\u00f9y ch\u1ec9nh t\u00f4ng m\u00e0u, k\u1ebft c\u1ea5u v\u00e0 th\u00e0nh ph\u1ea7n d\u01b0\u1ee1ng da \u0111\u1ec3 gi\u00fap s\u1ea3n ph\u1ea9m mang b\u1ea3n s\u1eafc ri\u00eang bi\u1ec7t.<\/p>\n<h3 data-start=\"2641\" data-end=\"2691\">3.2 Quy tr\u00ecnh gia c\u00f4ng Cushion t\u1ea1i Shizencos<\/h3>\n<p data-start=\"2692\" data-end=\"2799\">Procedure <strong data-start=\"2702\" data-end=\"2722\">gia c\u00f4ng Cushion<\/strong> t\u1ea1i Shizencos \u0111\u01b0\u1ee3c tri\u1ec3n khai b\u00e0i b\u1ea3n, \u0111\u1ea3m b\u1ea3o ch\u1ea5t l\u01b0\u1ee3ng cao \u1edf t\u1eebng kh\u00e2u:<\/p>\n<p data-start=\"2692\" data-end=\"2799\"><a href=\"https:\/\/shizencos.com\/wp-content\/uploads\/2024\/09\/quy-trinh-san-xuat-01-scaled.jpg\"><img decoding=\"async\" class=\"aligncenter size-full wp-image-9823\" src=\"https:\/\/shizencos.com\/wp-content\/uploads\/2024\/09\/quy-trinh-san-xuat-01-scaled.jpg\" alt=\"\" width=\"2560\" height=\"1344\" title=\"\" srcset=\"https:\/\/shizencos.com\/wp-content\/uploads\/2024\/09\/quy-trinh-san-xuat-01-scaled.jpg 2560w, https:\/\/shizencos.com\/wp-content\/uploads\/2024\/09\/quy-trinh-san-xuat-01-scaled-300x158.jpg 300w, https:\/\/shizencos.com\/wp-content\/uploads\/2024\/09\/quy-trinh-san-xuat-01-scaled-1024x538.jpg 1024w, https:\/\/shizencos.com\/wp-content\/uploads\/2024\/09\/quy-trinh-san-xuat-01-scaled-150x79.jpg 150w, https:\/\/shizencos.com\/wp-content\/uploads\/2024\/09\/quy-trinh-san-xuat-01-scaled-768x403.jpg 768w, https:\/\/shizencos.com\/wp-content\/uploads\/2024\/09\/quy-trinh-san-xuat-01-scaled-1536x806.jpg 1536w, https:\/\/shizencos.com\/wp-content\/uploads\/2024\/09\/quy-trinh-san-xuat-01-scaled-2048x1075.jpg 2048w, https:\/\/shizencos.com\/wp-content\/uploads\/2024\/09\/quy-trinh-san-xuat-01-scaled-18x9.jpg 18w, https:\/\/shizencos.com\/wp-content\/uploads\/2024\/09\/quy-trinh-san-xuat-01-scaled-600x315.jpg 600w\" sizes=\"(max-width: 2560px) 100vw, 2560px\" \/><\/a><\/p>\n<ol data-start=\"2801\" data-end=\"3177\">\n<li data-start=\"2801\" data-end=\"2841\">\n<p data-start=\"2804\" data-end=\"2841\">T\u01b0 v\u1ea5n &amp; x\u00e1c nh\u1eadn nhu c\u1ea7u s\u1ea3n ph\u1ea9m.<\/p>\n<\/li>\n<li data-start=\"2842\" data-end=\"2885\">\n<p data-start=\"2845\" data-end=\"2885\">R&amp;D nghi\u00ean c\u1ee9u &amp; ph\u00e1t tri\u1ec3n c\u00f4ng th\u1ee9c.<\/p>\n<\/li>\n<li data-start=\"2886\" data-end=\"2916\">\n<p data-start=\"2889\" data-end=\"2916\">G\u1eedi m\u1eabu th\u1eed &amp; \u0111i\u1ec1u ch\u1ec9nh.<\/p>\n<\/li>\n<li data-start=\"2917\" data-end=\"2956\">\n<p data-start=\"2920\" data-end=\"2956\">Ch\u1ed1t c\u00f4ng th\u1ee9c &amp; b\u00e1o gi\u00e1 chi ti\u1ebft.<\/p>\n<\/li>\n<li data-start=\"2957\" data-end=\"2985\">\n<p data-start=\"2960\" data-end=\"2985\">K\u00fd h\u1ee3p \u0111\u1ed3ng ch\u00ednh th\u1ee9c.<\/p>\n<\/li>\n<li data-start=\"2986\" data-end=\"3034\">\n<p data-start=\"2989\" data-end=\"3034\">Chu\u1ea9n b\u1ecb &amp; ki\u1ec3m \u0111\u1ecbnh nguy\u00ean li\u1ec7u \u0111\u1ea1t chu\u1ea9n.<\/p>\n<\/li>\n<li data-start=\"3035\" data-end=\"3074\">\n<p data-start=\"3038\" data-end=\"3074\">S\u1ea3n xu\u1ea5t h\u00e0ng lo\u1ea1t theo GMP \u2013 ISO.<\/p>\n<\/li>\n<li data-start=\"3075\" data-end=\"3126\">\n<p data-start=\"3078\" data-end=\"3126\">\u0110\u00f3ng g\u00f3i &amp; d\u00e1n nh\u00e3n theo thi\u1ebft k\u1ebf th\u01b0\u01a1ng hi\u1ec7u.<\/p>\n<\/li>\n<li data-start=\"3127\" data-end=\"3177\">\n<p data-start=\"3130\" data-end=\"3177\">Giao h\u00e0ng &amp; h\u1ed7 tr\u1ee3 ph\u00e1p l\u00fd, c\u00f4ng b\u1ed1 s\u1ea3n ph\u1ea9m.<\/p>\n<\/li>\n<\/ol>\n<hr data-start=\"3179\" data-end=\"3182\" \/>\n<h2 data-start=\"3184\" data-end=\"3197\">Conclude<\/h2>\n<p data-start=\"3198\" data-end=\"3547\">Trong b\u1ed1i c\u1ea3nh c\u1ea1nh tranh kh\u1ed1c li\u1ec7t, <strong data-start=\"3235\" data-end=\"3255\">gia c\u00f4ng Cushion<\/strong> l\u00e0 gi\u1ea3i ph\u00e1p gi\u00fap th\u01b0\u01a1ng hi\u1ec7u m\u1ef9 ph\u1ea9m ti\u1ebft ki\u1ec7m chi ph\u00ed, nhanh ch\u00f3ng ra m\u1eaft s\u1ea3n ph\u1ea9m v\u00e0 kh\u1eb3ng \u0111\u1ecbnh v\u1ecb th\u1ebf tr\u00ean th\u1ecb tr\u01b0\u1eddng. V\u1edbi d\u00e2y chuy\u1ec1n s\u1ea3n xu\u1ea5t hi\u1ec7n \u0111\u1ea1i, \u0111\u1ed9i ng\u0169 R&amp;D gi\u00e0u kinh nghi\u1ec7m v\u00e0 d\u1ecbch v\u1ee5 tr\u1ecdn g\u00f3i, <strong data-start=\"3463\" data-end=\"3476\">Shizencos<\/strong> t\u1ef1 tin l\u00e0 \u0111\u1ed1i t\u00e1c gia c\u00f4ng Cushion \u0111\u00e1ng tin c\u1eady cho m\u1ecdi th\u01b0\u01a1ng hi\u1ec7u.<\/p>\n<p data-start=\"3549\" data-end=\"3671\">\ud83d\udc49 <strong data-start=\"3552\" data-end=\"3669\">Li\u00ean h\u1ec7 ngay Shizencos \u0111\u1ec3 \u0111\u01b0\u1ee3c t\u01b0 v\u1ea5n mi\u1ec5n ph\u00ed v\u00e0 nh\u1eadn m\u1eabu th\u1eed Cushion \u0111\u1ed9c quy\u1ec1n ph\u00f9 h\u1ee3p v\u1edbi th\u01b0\u01a1ng hi\u1ec7u c\u1ee7a b\u1ea1n!<\/strong><\/p>","protected":false},"excerpt":{"rendered":"<p>Trong th\u1ecb tr\u01b0\u1eddng m\u1ef9 ph\u1ea9m ng\u00e0y c\u00e0ng s\u00f4i \u0111\u1ed9ng, Cushion \u0111\u00e3 tr\u1edf th\u00e0nh m\u1ed9t trong nh\u1eefng s\u1ea3n ph\u1ea9m trang \u0111i\u1ec3m \u0111\u01b0\u1ee3c \u01b0a chu\u1ed9ng nh\u1ea5t nh\u1edd s\u1ef1 ti\u1ec7n l\u1ee3i, m\u1ecfng nh\u1eb9 v\u00e0 ph\u00f9 h\u1ee3p v\u1edbi nh\u1ecbp s\u1ed1ng hi\u1ec7n \u0111\u1ea1i. V\u1edbi nhu c\u1ea7u ng\u00e0y c\u00e0ng t\u0103ng, nhi\u1ec1u th\u01b0\u01a1ng hi\u1ec7u \u0111\u00e3 l\u1ef1a ch\u1ecdn gia c\u00f4ng Cushion nh\u01b0 m\u1ed9t [&hellip;]<\/p>\n","protected":false},"featured_media":11655,"comment_status":"open","ping_status":"closed","template":"","meta":[],"product_brand":[],"product_cat":[20],"product_tag":[],"class_list":{"0":"post-11654","1":"product","2":"type-product","3":"status-publish","4":"has-post-thumbnail","6":"product_cat-gia-cong-my-pham-trang-diem","8":"first","9":"instock","10":"shipping-taxable","11":"product-type-simple"},"_links":{"self":[{"href":"https:\/\/shizencos.com\/en\/wp-json\/wp\/v2\/product\/11654","targetHints":{"allow":["GET"]}}],"collection":[{"href":"https:\/\/shizencos.com\/en\/wp-json\/wp\/v2\/product"}],"about":[{"href":"https:\/\/shizencos.com\/en\/wp-json\/wp\/v2\/types\/product"}],"replies":[{"embeddable":true,"href":"https:\/\/shizencos.com\/en\/wp-json\/wp\/v2\/comments?post=11654"}],"wp:featuredmedia":[{"embeddable":true,"href":"https:\/\/shizencos.com\/en\/wp-json\/wp\/v2\/media\/11655"}],"wp:attachment":[{"href":"https:\/\/shizencos.com\/en\/wp-json\/wp\/v2\/media?parent=11654"}],"wp:term":[{"taxonomy":"product_brand","embeddable":true,"href":"https:\/\/shizencos.com\/en\/wp-json\/wp\/v2\/product_brand?post=11654"},{"taxonomy":"product_cat","embeddable":true,"href":"https:\/\/shizencos.com\/en\/wp-json\/wp\/v2\/product_cat?post=11654"},{"taxonomy":"product_tag","embeddable":true,"href":"https:\/\/shizencos.com\/en\/wp-json\/wp\/v2\/product_tag?post=11654"}],"curies":[{"name":"wp","href":"https:\/\/api.w.org\/{rel}","templated":true}]}}