{"id":11652,"date":"2024-10-28T11:17:42","date_gmt":"2024-10-28T04:17:42","guid":{"rendered":"https:\/\/shizencos.com\/?post_type=product&#038;p=11652"},"modified":"2025-08-29T14:19:45","modified_gmt":"2025-08-29T07:19:45","slug":"gia-cong-kem-che-khuyet-diem","status":"publish","type":"product","link":"https:\/\/shizencos.com\/en\/gia-cong-kem-che-khuyet-diem\/","title":{"rendered":"Concealer processing"},"content":{"rendered":"<p data-start=\"437\" data-end=\"848\">Trong c\u00e1c s\u1ea3n ph\u1ea9m trang \u0111i\u1ec3m, <strong data-start=\"468\" data-end=\"491\">kem che khuy\u1ebft \u0111i\u1ec3m<\/strong> lu\u00f4n \u0111\u00f3ng vai tr\u00f2 quan tr\u1ecdng nh\u1edd kh\u1ea3 n\u0103ng che ph\u1ee7 t\u1ed1i \u01b0u, gi\u00fap l\u00e0n da \u0111\u1ec1u m\u00e0u v\u00e0 r\u1ea1ng r\u1ee1. \u0110\u00e2y l\u00e0 s\u1ea3n ph\u1ea9m kh\u00f4ng th\u1ec3 thi\u1ebfu trong t\u00fai \u0111\u1ed3 makeup c\u1ee7a ng\u01b0\u1eddi ti\u00eau d\u00f9ng hi\u1ec7n \u0111\u1ea1i. Ch\u00ednh v\u00ec v\u1eady, <strong data-start=\"678\" data-end=\"710\">gia c\u00f4ng kem che khuy\u1ebft \u0111i\u1ec3m<\/strong> \u0111\u00e3 tr\u1edf th\u00e0nh l\u1ef1a ch\u1ecdn chi\u1ebfn l\u01b0\u1ee3c gi\u00fap nhi\u1ec1u th\u01b0\u01a1ng hi\u1ec7u nhanh ch\u00f3ng m\u1edf r\u1ed9ng danh m\u1ee5c, ti\u1ebft ki\u1ec7m chi ph\u00ed v\u00e0 n\u00e2ng cao l\u1ee3i th\u1ebf c\u1ea1nh tranh.<\/p>\n<hr data-start=\"850\" data-end=\"853\" \/>\n<h2 data-start=\"855\" data-end=\"898\">1. Gia c\u00f4ng kem che khuy\u1ebft \u0111i\u1ec3m l\u00e0 g\u00ec?<\/h2>\n<p data-start=\"899\" data-end=\"1048\"><strong data-start=\"899\" data-end=\"922\">Kem che khuy\u1ebft \u0111i\u1ec3m<\/strong> l\u00e0 s\u1ea3n ph\u1ea9m trang \u0111i\u1ec3m h\u1ed7 tr\u1ee3 che ph\u1ee7 khuy\u1ebft \u0111i\u1ec3m nh\u01b0 m\u1ee5n, qu\u1ea7ng th\u00e2m, v\u1ebft th\u00e2m n\u00e1m, mang \u0111\u1ebfn l\u1edbp n\u1ec1n m\u1ecbn m\u00e0ng v\u00e0 t\u1ef1 nhi\u00ean.<\/p>\n<figure id=\"attachment_13188\" aria-describedby=\"caption-attachment-13188\" style=\"width: 1175px\" class=\"wp-caption aligncenter\"><a href=\"https:\/\/shizencos.com\/wp-content\/uploads\/2024\/10\/1-38.png\"><img fetchpriority=\"high\" decoding=\"async\" class=\"size-full wp-image-13188\" src=\"https:\/\/shizencos.com\/wp-content\/uploads\/2024\/10\/1-38.png\" alt=\"Gia c\u00f4ng kem che khuy\u1ebft \u0111i\u1ec3m l\u00e0 g\u00ec?\" width=\"1175\" height=\"585\" title=\"\" srcset=\"https:\/\/shizencos.com\/wp-content\/uploads\/2024\/10\/1-38.png 1175w, https:\/\/shizencos.com\/wp-content\/uploads\/2024\/10\/1-38-300x149.png 300w, https:\/\/shizencos.com\/wp-content\/uploads\/2024\/10\/1-38-1024x510.png 1024w, https:\/\/shizencos.com\/wp-content\/uploads\/2024\/10\/1-38-150x75.png 150w, https:\/\/shizencos.com\/wp-content\/uploads\/2024\/10\/1-38-768x382.png 768w, https:\/\/shizencos.com\/wp-content\/uploads\/2024\/10\/1-38-18x9.png 18w, https:\/\/shizencos.com\/wp-content\/uploads\/2024\/10\/1-38-600x299.png 600w\" sizes=\"(max-width: 1175px) 100vw, 1175px\" \/><\/a><figcaption id=\"caption-attachment-13188\" class=\"wp-caption-text\">Gia c\u00f4ng kem che khuy\u1ebft \u0111i\u1ec3m l\u00e0 g\u00ec?<\/figcaption><\/figure>\n<p data-start=\"1050\" data-end=\"1361\"><strong data-start=\"1050\" data-end=\"1082\">Concealer processing<\/strong> l\u00e0 qu\u00e1 tr\u00ecnh doanh nghi\u1ec7p h\u1ee3p t\u00e1c v\u1edbi nh\u00e0 m\u00e1y \u0111\u1ec3 ph\u00e1t tri\u1ec3n, s\u1ea3n xu\u1ea5t v\u00e0 \u0111\u00f3ng g\u00f3i s\u1ea3n ph\u1ea9m theo c\u00f4ng th\u1ee9c c\u00f3 s\u1eb5n ho\u1eb7c c\u00f4ng th\u1ee9c \u0111\u1ed9c quy\u1ec1n. \u0110\u00e2y l\u00e0 m\u00f4 h\u00ecnh t\u1ed1i \u01b0u, gi\u00fap th\u01b0\u01a1ng hi\u1ec7u r\u00fat ng\u1eafn th\u1eddi gian ra m\u1eaft, gi\u1ea3m chi ph\u00ed \u0111\u1ea7u t\u01b0 v\u00e0 \u0111\u1ea3m b\u1ea3o s\u1ea3n ph\u1ea9m \u0111\u1ea1t chu\u1ea9n ch\u1ea5t l\u01b0\u1ee3ng, ph\u00e1p l\u00fd.<\/p>\n<hr data-start=\"1363\" data-end=\"1366\" \/>\n<h2 data-start=\"1368\" data-end=\"1425\">2. L\u1ee3i \u00edch khi l\u1ef1a ch\u1ecdn gia c\u00f4ng kem che khuy\u1ebft \u0111i\u1ec3m<\/h2>\n<p data-start=\"1426\" data-end=\"1521\">Doanh nghi\u1ec7p l\u1ef1a ch\u1ecdn <strong data-start=\"1448\" data-end=\"1480\">gia c\u00f4ng kem che khuy\u1ebft \u0111i\u1ec3m<\/strong> s\u1ebd nh\u1eadn \u0111\u01b0\u1ee3c nhi\u1ec1u l\u1ee3i \u00edch thi\u1ebft th\u1ef1c:<\/p>\n<p data-start=\"1426\" data-end=\"1521\"><a href=\"https:\/\/shizencos.com\/wp-content\/uploads\/2024\/10\/2-38.png\"><img decoding=\"async\" class=\"aligncenter size-full wp-image-13189\" src=\"https:\/\/shizencos.com\/wp-content\/uploads\/2024\/10\/2-38.png\" alt=\"\" width=\"1175\" height=\"585\" title=\"\" srcset=\"https:\/\/shizencos.com\/wp-content\/uploads\/2024\/10\/2-38.png 1175w, https:\/\/shizencos.com\/wp-content\/uploads\/2024\/10\/2-38-300x149.png 300w, https:\/\/shizencos.com\/wp-content\/uploads\/2024\/10\/2-38-1024x510.png 1024w, https:\/\/shizencos.com\/wp-content\/uploads\/2024\/10\/2-38-150x75.png 150w, https:\/\/shizencos.com\/wp-content\/uploads\/2024\/10\/2-38-768x382.png 768w, https:\/\/shizencos.com\/wp-content\/uploads\/2024\/10\/2-38-18x9.png 18w, https:\/\/shizencos.com\/wp-content\/uploads\/2024\/10\/2-38-600x299.png 600w\" sizes=\"(max-width: 1175px) 100vw, 1175px\" \/><\/a><\/p>\n<ul data-start=\"1523\" data-end=\"1915\">\n<li data-start=\"1523\" data-end=\"1604\">\n<p data-start=\"1525\" data-end=\"1604\">Products meet international standards <strong data-start=\"1527\" data-end=\"1555\">Kh\u00f4ng c\u1ea7n \u0111\u1ea7u t\u01b0 nh\u00e0 m\u00e1y<\/strong>: Ti\u1ebft ki\u1ec7m chi ph\u00ed x\u00e2y d\u1ef1ng h\u1ec7 th\u1ed1ng s\u1ea3n xu\u1ea5t.<\/p>\n<\/li>\n<li data-start=\"1605\" data-end=\"1684\">\n<p data-start=\"1607\" data-end=\"1684\">Products meet international standards <strong data-start=\"1609\" data-end=\"1632\">C\u00f4ng th\u1ee9c \u0111\u1ed9c quy\u1ec1n<\/strong>: Linh ho\u1ea1t t\u00f9y ch\u1ec9nh theo \u0111\u1ecbnh h\u01b0\u1edbng th\u01b0\u01a1ng hi\u1ec7u.<\/p>\n<\/li>\n<li data-start=\"1685\" data-end=\"1756\">\n<p data-start=\"1687\" data-end=\"1756\">Products meet international standards <strong data-start=\"1689\" data-end=\"1711\">S\u1ea3n ph\u1ea9m \u0111\u1ea1t chu\u1ea9n<\/strong>: S\u1ea3n xu\u1ea5t theo GMP \u2013 ISO, \u0111\u1ea3m b\u1ea3o an to\u00e0n.<\/p>\n<\/li>\n<li data-start=\"1757\" data-end=\"1832\">\n<p data-start=\"1759\" data-end=\"1832\">Products meet international standards <strong data-start=\"1761\" data-end=\"1786\">H\u1ed7 tr\u1ee3 ph\u00e1p l\u00fd \u0111\u1ea7y \u0111\u1ee7<\/strong>: Ki\u1ec3m nghi\u1ec7m, c\u00f4ng b\u1ed1 s\u1ea3n ph\u1ea9m nhanh ch\u00f3ng.<\/p>\n<\/li>\n<li data-start=\"1833\" data-end=\"1915\">\n<p data-start=\"1835\" data-end=\"1915\">Products meet international standards <strong data-start=\"1837\" data-end=\"1870\">Thi\u1ebft k\u1ebf bao b\u00ec chuy\u00ean nghi\u1ec7p<\/strong>: Gi\u00fap th\u01b0\u01a1ng hi\u1ec7u n\u1ed5i b\u1eadt tr\u00ean th\u1ecb tr\u01b0\u1eddng.<\/p>\n<\/li>\n<\/ul>\n<p data-start=\"1917\" data-end=\"2049\">V\u1edbi nh\u1eefng l\u1ee3i \u00edch n\u00e0y, <strong data-start=\"1940\" data-end=\"1972\">gia c\u00f4ng kem che khuy\u1ebft \u0111i\u1ec3m<\/strong> ch\u00ednh l\u00e0 gi\u1ea3i ph\u00e1p to\u00e0n di\u1ec7n \u0111\u1ec3 doanh nghi\u1ec7p n\u00e2ng cao n\u0103ng l\u1ef1c c\u1ea1nh tranh.<\/p>\n<hr data-start=\"2051\" data-end=\"2054\" \/>\n<h2 data-start=\"2056\" data-end=\"2106\">3. Gia c\u00f4ng kem che khuy\u1ebft \u0111i\u1ec3m t\u1ea1i Shizencos<\/h2>\n<h3 data-start=\"2108\" data-end=\"2135\">3.1 C\u00f4ng th\u1ee9c \u0111a d\u1ea1ng<\/h3>\n<p data-start=\"2136\" data-end=\"2249\"><a href=\"https:\/\/shizencos.com\/en\/\">Shizencos<\/a> cung c\u1ea5p nhi\u1ec1u c\u00f4ng th\u1ee9c <strong data-start=\"2171\" data-end=\"2203\">gia c\u00f4ng kem che khuy\u1ebft \u0111i\u1ec3m<\/strong> ph\u00f9 h\u1ee3p v\u1edbi xu h\u01b0\u1edbng v\u00e0 nhu c\u1ea7u th\u1ecb tr\u01b0\u1eddng:<\/p>\n<ul data-start=\"2250\" data-end=\"2570\">\n<li data-start=\"2250\" data-end=\"2324\">\n<p data-start=\"2252\" data-end=\"2324\"><strong data-start=\"2252\" data-end=\"2285\">Kem che khuy\u1ebft \u0111i\u1ec3m d\u1ea1ng l\u1ecfng<\/strong>: M\u1ecfng nh\u1eb9, d\u1ec5 t\u00e1n, che ph\u1ee7 t\u1ef1 nhi\u00ean.<\/p>\n<\/li>\n<li data-start=\"2325\" data-end=\"2398\">\n<p data-start=\"2327\" data-end=\"2398\"><strong data-start=\"2327\" data-end=\"2360\">Kem che khuy\u1ebft \u0111i\u1ec3m d\u1ea1ng th\u1ecfi<\/strong>: \u0110\u1eadm \u0111\u1eb7c, \u0111\u1ed9 che ph\u1ee7 cao, l\u00e2u tr\u00f4i.<\/p>\n<\/li>\n<li data-start=\"2399\" data-end=\"2482\">\n<p data-start=\"2401\" data-end=\"2482\"><strong data-start=\"2401\" data-end=\"2428\">Kem che khuy\u1ebft \u0111i\u1ec3m m\u00e0u<\/strong>: Trung h\u00f2a qu\u1ea7ng th\u00e2m, v\u1ebft \u0111\u1ecf, khuy\u1ebft \u0111i\u1ec3m m\u00e0u s\u1eafc.<\/p>\n<\/li>\n<li data-start=\"2483\" data-end=\"2570\">\n<p data-start=\"2485\" data-end=\"2570\"><strong data-start=\"2485\" data-end=\"2519\">Kem che khuy\u1ebft \u0111i\u1ec3m ch\u1ed1ng n\u01b0\u1edbc<\/strong>: \u0110\u1ed9 b\u00e1m cao, kh\u00f4ng tr\u00f4i khi g\u1eb7p n\u01b0\u1edbc hay m\u1ed3 h\u00f4i.<\/p>\n<\/li>\n<\/ul>\n<p data-start=\"2572\" data-end=\"2706\">\u0110\u1ed9i ng\u0169 R&amp;D c\u1ee7a Shizencos c\u00f2n h\u1ed7 tr\u1ee3 nghi\u00ean c\u1ee9u c\u00f4ng th\u1ee9c \u0111\u1ed9c quy\u1ec1n, gi\u00fap th\u01b0\u01a1ng hi\u1ec7u s\u1edf h\u1eefu s\u1ea3n ph\u1ea9m kh\u00e1c bi\u1ec7t v\u00e0 \u0111\u1eadm d\u1ea5u \u1ea5n ri\u00eang.<\/p>\n<h3 data-start=\"2708\" data-end=\"2770\">3.2 Quy tr\u00ecnh gia c\u00f4ng kem che khuy\u1ebft \u0111i\u1ec3m t\u1ea1i Shizencos<\/h3>\n<p data-start=\"2771\" data-end=\"2872\">M\u1ed7i d\u1ef1 \u00e1n <strong data-start=\"2781\" data-end=\"2813\">gia c\u00f4ng kem che khuy\u1ebft \u0111i\u1ec3m<\/strong> \u0111\u1ec1u \u0111\u01b0\u1ee3c tri\u1ec3n khai theo quy tr\u00ecnh 9 b\u01b0\u1edbc chu\u1ea9n qu\u1ed1c t\u1ebf:<\/p>\n<p data-start=\"2771\" data-end=\"2872\"><a href=\"https:\/\/shizencos.com\/wp-content\/uploads\/2024\/09\/quy-trinh-san-xuat-01-scaled.jpg\"><img decoding=\"async\" class=\"aligncenter size-full wp-image-9823\" src=\"https:\/\/shizencos.com\/wp-content\/uploads\/2024\/09\/quy-trinh-san-xuat-01-scaled.jpg\" alt=\"\" width=\"2560\" height=\"1344\" title=\"\" srcset=\"https:\/\/shizencos.com\/wp-content\/uploads\/2024\/09\/quy-trinh-san-xuat-01-scaled.jpg 2560w, https:\/\/shizencos.com\/wp-content\/uploads\/2024\/09\/quy-trinh-san-xuat-01-scaled-300x158.jpg 300w, https:\/\/shizencos.com\/wp-content\/uploads\/2024\/09\/quy-trinh-san-xuat-01-scaled-1024x538.jpg 1024w, https:\/\/shizencos.com\/wp-content\/uploads\/2024\/09\/quy-trinh-san-xuat-01-scaled-150x79.jpg 150w, https:\/\/shizencos.com\/wp-content\/uploads\/2024\/09\/quy-trinh-san-xuat-01-scaled-768x403.jpg 768w, https:\/\/shizencos.com\/wp-content\/uploads\/2024\/09\/quy-trinh-san-xuat-01-scaled-1536x806.jpg 1536w, https:\/\/shizencos.com\/wp-content\/uploads\/2024\/09\/quy-trinh-san-xuat-01-scaled-2048x1075.jpg 2048w, https:\/\/shizencos.com\/wp-content\/uploads\/2024\/09\/quy-trinh-san-xuat-01-scaled-18x9.jpg 18w, https:\/\/shizencos.com\/wp-content\/uploads\/2024\/09\/quy-trinh-san-xuat-01-scaled-600x315.jpg 600w\" sizes=\"(max-width: 2560px) 100vw, 2560px\" \/><\/a><\/p>\n<ol data-start=\"2874\" data-end=\"3224\">\n<li data-start=\"2874\" data-end=\"2914\">\n<p data-start=\"2877\" data-end=\"2914\">T\u01b0 v\u1ea5n &amp; x\u00e1c nh\u1eadn nhu c\u1ea7u s\u1ea3n ph\u1ea9m.<\/p>\n<\/li>\n<li data-start=\"2915\" data-end=\"2958\">\n<p data-start=\"2918\" data-end=\"2958\">R&amp;D nghi\u00ean c\u1ee9u &amp; ph\u00e1t tri\u1ec3n c\u00f4ng th\u1ee9c.<\/p>\n<\/li>\n<li data-start=\"2959\" data-end=\"2989\">\n<p data-start=\"2962\" data-end=\"2989\">G\u1eedi m\u1eabu th\u1eed &amp; \u0111i\u1ec1u ch\u1ec9nh.<\/p>\n<\/li>\n<li data-start=\"2990\" data-end=\"3020\">\n<p data-start=\"2993\" data-end=\"3020\">Ch\u1ed1t c\u00f4ng th\u1ee9c &amp; b\u00e1o gi\u00e1.<\/p>\n<\/li>\n<li data-start=\"3021\" data-end=\"3049\">\n<p data-start=\"3024\" data-end=\"3049\">K\u00fd h\u1ee3p \u0111\u1ed3ng ch\u00ednh th\u1ee9c.<\/p>\n<\/li>\n<li data-start=\"3050\" data-end=\"3096\">\n<p data-start=\"3053\" data-end=\"3096\">Chu\u1ea9n b\u1ecb &amp; ki\u1ec3m \u0111\u1ecbnh nguy\u00ean li\u1ec7u \u0111\u1ea7u v\u00e0o.<\/p>\n<\/li>\n<li data-start=\"3097\" data-end=\"3130\">\n<p data-start=\"3100\" data-end=\"3130\">S\u1ea3n xu\u1ea5t h\u00e0ng lo\u1ea1t theo GMP.<\/p>\n<\/li>\n<li data-start=\"3131\" data-end=\"3173\">\n<p data-start=\"3134\" data-end=\"3173\">\u0110\u00f3ng g\u00f3i \u2013 d\u00e1n nh\u00e3n theo th\u01b0\u01a1ng hi\u1ec7u.<\/p>\n<\/li>\n<li data-start=\"3174\" data-end=\"3224\">\n<p data-start=\"3177\" data-end=\"3224\">Giao h\u00e0ng &amp; h\u1ed7 tr\u1ee3 ph\u00e1p l\u00fd, c\u00f4ng b\u1ed1 s\u1ea3n ph\u1ea9m.<\/p>\n<\/li>\n<\/ol>\n<hr data-start=\"3226\" data-end=\"3229\" \/>\n<h2 data-start=\"3231\" data-end=\"3244\">Conclude<\/h2>\n<p data-start=\"3245\" data-end=\"3631\">Trong b\u1ed1i c\u1ea3nh c\u1ea1nh tranh ng\u00e0y c\u00e0ng gay g\u1eaft, <strong data-start=\"3290\" data-end=\"3322\">gia c\u00f4ng kem che khuy\u1ebft \u0111i\u1ec3m<\/strong> l\u00e0 gi\u1ea3i ph\u00e1p gi\u00fap doanh nghi\u1ec7p ti\u1ebft ki\u1ec7m chi ph\u00ed, nhanh ch\u00f3ng s\u1edf h\u1eefu s\u1ea3n ph\u1ea9m ch\u1ea5t l\u01b0\u1ee3ng v\u00e0 x\u00e2y d\u1ef1ng th\u01b0\u01a1ng hi\u1ec7u m\u1ea1nh m\u1ebd. V\u1edbi n\u0103ng l\u1ef1c s\u1ea3n xu\u1ea5t hi\u1ec7n \u0111\u1ea1i, \u0111\u1ed9i ng\u0169 chuy\u00ean m\u00f4n gi\u00e0u kinh nghi\u1ec7m v\u00e0 d\u1ecbch v\u1ee5 tr\u1ecdn g\u00f3i, <strong data-start=\"3534\" data-end=\"3547\">Shizencos<\/strong> l\u00e0 \u0111\u1ed1i t\u00e1c gia c\u00f4ng kem che khuy\u1ebft \u0111i\u1ec3m \u0111\u00e1ng tin c\u1eady cho m\u1ecdi th\u01b0\u01a1ng hi\u1ec7u m\u1ef9 ph\u1ea9m.<\/p>\n<p data-start=\"3633\" data-end=\"3763\">\ud83d\udc49 <strong data-start=\"3636\" data-end=\"3761\"><a href=\"https:\/\/shizencos.com\/en\/lien-he\/\">Contact<\/a> ngay v\u1edbi Shizencos \u0111\u1ec3 \u0111\u01b0\u1ee3c t\u01b0 v\u1ea5n mi\u1ec5n ph\u00ed v\u00e0 nh\u1eadn m\u1eabu th\u1eed kem che khuy\u1ebft \u0111i\u1ec3m \u0111\u1ed9c quy\u1ec1n cho th\u01b0\u01a1ng hi\u1ec7u c\u1ee7a b\u1ea1n!<\/strong><\/p>","protected":false},"excerpt":{"rendered":"<p><span style=\"font-weight: 400; font-family: arial, helvetica, sans-serif;\">Gia c\u00f4ng kem che khuy\u1ebft \u0111i\u1ec3m \u0111\u1ed9c quy\u1ec1n t\u1ea1i Shizencos \u2013 Nh\u00e0 m\u00e1y \u0111\u1ea1t chu\u1ea9n GMP, FDA, cung c\u1ea5p quy tr\u00ecnh s\u1ea3n xu\u1ea5t tr\u1ecdn g\u00f3i t\u1eeb A-Z. Ch\u00fang t\u00f4i ph\u00e1t tri\u1ec3n \u0111a d\u1ea1ng c\u00f4ng th\u1ee9c kem che khuy\u1ebft \u0111i\u1ec3m: che ph\u1ee7 t\u1ef1 nhi\u00ean, che ph\u1ee7 cao, ki\u1ec1m d\u1ea7u, d\u01b0\u1ee1ng \u1ea9m,&#8230; ph\u00f9 h\u1ee3p nhi\u1ec1u t\u00f4ng da v\u00e0 nhu c\u1ea7u th\u1ecb tr\u01b0\u1eddng.<\/span><\/p>","protected":false},"featured_media":11653,"comment_status":"open","ping_status":"closed","template":"","meta":[],"product_brand":[],"product_cat":[20],"product_tag":[],"class_list":{"0":"post-11652","1":"product","2":"type-product","3":"status-publish","4":"has-post-thumbnail","6":"product_cat-gia-cong-my-pham-trang-diem","8":"first","9":"instock","10":"shipping-taxable","11":"product-type-simple"},"_links":{"self":[{"href":"https:\/\/shizencos.com\/en\/wp-json\/wp\/v2\/product\/11652","targetHints":{"allow":["GET"]}}],"collection":[{"href":"https:\/\/shizencos.com\/en\/wp-json\/wp\/v2\/product"}],"about":[{"href":"https:\/\/shizencos.com\/en\/wp-json\/wp\/v2\/types\/product"}],"replies":[{"embeddable":true,"href":"https:\/\/shizencos.com\/en\/wp-json\/wp\/v2\/comments?post=11652"}],"wp:featuredmedia":[{"embeddable":true,"href":"https:\/\/shizencos.com\/en\/wp-json\/wp\/v2\/media\/11653"}],"wp:attachment":[{"href":"https:\/\/shizencos.com\/en\/wp-json\/wp\/v2\/media?parent=11652"}],"wp:term":[{"taxonomy":"product_brand","embeddable":true,"href":"https:\/\/shizencos.com\/en\/wp-json\/wp\/v2\/product_brand?post=11652"},{"taxonomy":"product_cat","embeddable":true,"href":"https:\/\/shizencos.com\/en\/wp-json\/wp\/v2\/product_cat?post=11652"},{"taxonomy":"product_tag","embeddable":true,"href":"https:\/\/shizencos.com\/en\/wp-json\/wp\/v2\/product_tag?post=11652"}],"curies":[{"name":"wp","href":"https:\/\/api.w.org\/{rel}","templated":true}]}}