{"id":11642,"date":"2024-10-25T16:42:20","date_gmt":"2024-10-25T09:42:20","guid":{"rendered":"https:\/\/shizencos.com\/?post_type=product&#038;p=11642"},"modified":"2025-09-10T14:53:05","modified_gmt":"2025-09-10T07:53:05","slug":"gia-cong-body-mist","status":"publish","type":"product","link":"https:\/\/shizencos.com\/en\/gia-cong-body-mist\/","title":{"rendered":"Processing body mist"},"content":{"rendered":"<p><span style=\"font-weight: 400; font-size: 12pt;\">Trong th\u1ebf gi\u1edbi l\u00e0m \u0111\u1eb9p, Body Mist \u0111ang d\u1ea7n tr\u1edf th\u00e0nh &#8220;must-have item&#8221; v\u1edbi ng\u01b0\u1eddi ti\u00eau d\u00f9ng y\u00eau th\u00edch s\u1ef1 nh\u1eb9 nh\u00e0ng, ti\u1ec7n d\u1ee5ng v\u00e0 tinh t\u1ebf. Kh\u00e1c v\u1edbi n\u01b0\u1edbc hoa n\u1ed3ng n\u00e0n, Body Mist mang \u0111\u1ebfn h\u01b0\u01a1ng th\u01a1m tho\u00e1ng nh\u1eb9, d\u1ec5 d\u00f9ng h\u00e0ng ng\u00e0y m\u00e0 v\u1eabn \u0111\u1ee7 l\u01b0u l\u1ea1i \u1ea5n t\u01b0\u1ee3ng kh\u00f3 qu\u00ean.<\/span><\/p>\n<p><span style=\"font-size: 12pt;\"><span style=\"font-weight: 400;\">T\u1ea1i Shizencos, ch\u00fang t\u00f4i cung c\u1ea5p d\u1ecbch v\u1ee5 gia c\u00f4ng Body Mist tr\u1ecdn g\u00f3i, n\u1ebfu b\u1ea1n \u0111ang t\u00ecm \u0111\u01a1n v\u1ecb gia c\u00f4ng uy t\u00edn mang \u0111\u1eadm d\u1ea5u \u1ea5n th\u01b0\u01a1ng hi\u1ec7u, \u0111\u1ea1t chu\u1ea9n ch\u1ea5t l\u01b0\u1ee3ng v\u00e0 nhanh ch\u00f3ng ra m\u1eaft th\u1ecb tr\u01b0\u1eddng v\u1eady h\u00e3y c\u00f9ng <\/span><span style=\"font-weight: 400;\">Shizencos t\u00ecm hi\u1ec3u ngay trong b\u00e0i vi\u1ebft b\u00ean d\u01b0\u1edbi!<\/span><\/span><\/p>\n<h2><strong>M\u1ed9t s\u1ed1 th\u00f4ng tin gi\u1edbi thi\u1ec7u chung v\u1ec1 s\u1ea3n ph\u1ea9m body mist<\/strong><\/h2>\n<p><span style=\"font-weight: 400;\">M\u1eb7c d\u00f9 body mist \u0111\u00e3 d\u1ea7n \u0111\u01b0\u1ee3c nhi\u1ec1u kh\u00e1ch h\u00e0ng tin d\u00f9ng, tuy nhi\u00ean kh\u00f4ng ph\u1ea3i ai c\u0169ng hi\u1ec3u r\u00f5 v\u1ec1 s\u1ea3n ph\u1ea9m n\u00e0y. Shizencos s\u1ebd gi\u1edbi thi\u1ec7u m\u1ed9t s\u1ed1 th\u00f4ng tin chung v\u1ec1 s\u1ea3n ph\u1ea9m body mist ngay d\u01b0\u1edbi \u0111\u00e2y:<\/span><\/p>\n<h2><span style=\"font-size: 14pt;\"><b>1. Gia c\u00f4ng body mist l\u00e0 g\u00ec?<\/b><\/span><\/h2>\n<p><span style=\"font-size: 12pt;\"><b>Body Mist<\/b><span style=\"font-weight: 400;\"> l\u00e0 m\u1ed9t d\u00f2ng s\u1ea3n ph\u1ea9m t\u1ea1o h\u01b0\u01a1ng nh\u1eb9 nh\u00e0ng d\u00e0nh cho c\u01a1 th\u1ec3, th\u01b0\u1eddng c\u00f3 k\u1ebft c\u1ea5u lo\u00e3ng h\u01a1n n\u01b0\u1edbc hoa v\u00e0 ch\u1ee9a nhi\u1ec1u n\u01b0\u1edbc c\u00f9ng c\u00e1c tinh ch\u1ea5t d\u01b0\u1ee1ng \u1ea9m. Body Mist mang l\u1ea1i m\u00f9i th\u01a1m thoang tho\u1ea3ng, t\u01b0\u01a1i m\u00e1t, th\u00edch h\u1ee3p \u0111\u1ec3 s\u1eed d\u1ee5ng h\u1eb1ng ng\u00e0y, \u0111\u1eb7c bi\u1ec7t trong th\u1eddi ti\u1ebft n\u00f3ng b\u1ee9c ho\u1eb7c sau khi t\u1eafm.<\/span><\/span><\/p>\n<p><span style=\"font-weight: 400; font-size: 12pt;\">Gia c\u00f4ng Body mist l\u00e0 qu\u00e1 tr\u00ecnh s\u1ea3n xu\u1ea5t body mist theo y\u00eau c\u1ea7u c\u1ee7a m\u1ed7i doanh nghi\u1ec7p, d\u1ef1a tr\u00ean c\u00f4ng th\u1ee9c c\u00f3 s\u1eb5n ho\u1eb7c ph\u00e1t tri\u1ec3n m\u1edbi. Thay v\u00ec \u0111\u1ea7u t\u01b0 kinh ph\u00ed v\u00e0o nh\u00e0 m\u00e1y ch\u1ee7 doanh nghi\u1ec7p ch\u1ecdn h\u00ecnh th\u1ee9c gia c\u00f4ng s\u1ebd ti\u1ebft ki\u1ec7m chi ph\u00ed nghi\u00ean c\u1ee9u s\u1ea3n xu\u1ea5t, th\u1eddi gian v\u00e0 \u0111\u1ea3m b\u1ea3o ch\u1ea5t l\u01b0\u1ee3ng s\u1ea3n ph\u1ea9m \u0111\u1ea1t chu\u1ea9n.<\/span><\/p>\n<figure id=\"attachment_11865\" aria-describedby=\"caption-attachment-11865\" style=\"width: 1500px\" class=\"wp-caption aligncenter\"><a href=\"https:\/\/shizencos.com\/wp-content\/uploads\/2024\/10\/1-31.png\"><img fetchpriority=\"high\" decoding=\"async\" class=\"size-full wp-image-11865\" src=\"https:\/\/shizencos.com\/wp-content\/uploads\/2024\/10\/1-31.png\" alt=\"S\u1ea3n ph\u1ea9m body mist hi\u1ec7n \u0111\u01b0\u1ee3c gi\u1edbi tr\u1ebb s\u1eed d\u1ee5ng kh\u00e1 ph\u1ed5 bi\u1ebfn\" width=\"1500\" height=\"600\" title=\"\" srcset=\"https:\/\/shizencos.com\/wp-content\/uploads\/2024\/10\/1-31.png 1500w, https:\/\/shizencos.com\/wp-content\/uploads\/2024\/10\/1-31-150x60.png 150w, https:\/\/shizencos.com\/wp-content\/uploads\/2024\/10\/1-31-18x7.png 18w, https:\/\/shizencos.com\/wp-content\/uploads\/2024\/10\/1-31-300x120.png 300w, https:\/\/shizencos.com\/wp-content\/uploads\/2024\/10\/1-31-768x307.png 768w, https:\/\/shizencos.com\/wp-content\/uploads\/2024\/10\/1-31-1024x410.png 1024w, https:\/\/shizencos.com\/wp-content\/uploads\/2024\/10\/1-31-600x240.png 600w\" sizes=\"(max-width: 1500px) 100vw, 1500px\" \/><\/a><figcaption id=\"caption-attachment-11865\" class=\"wp-caption-text\">S\u1ea3n ph\u1ea9m body mist hi\u1ec7n \u0111\u01b0\u1ee3c gi\u1edbi tr\u1ebb s\u1eed d\u1ee5ng kh\u00e1 ph\u1ed5 bi\u1ebfn<\/figcaption><\/figure>\n<h2><span style=\"font-size: 14pt;\"><b>2. L\u1ee3i \u00edch c\u1ee7a vi\u1ec7c l\u1ef1a ch\u1ecdn gia c\u00f4ng body mist\u00a0<\/b><\/span><\/h2>\n<p><span style=\"font-size: 12pt;\"><span style=\"font-weight: 400;\">Trong xu h\u01b0\u1edbng l\u00e0m \u0111\u1eb9p c\u00e1 nh\u00e2n ng\u00e0y c\u00e0ng \u0111\u01b0\u1ee3c n\u00e2ng cao tr\u1ea3i nghi\u1ec7m, <\/span><b>Body Mist <\/b><span style=\"font-weight: 400;\">\u0111ang tr\u1edf th\u00e0nh m\u1ed9t trong nh\u1eefng d\u00f2ng s\u1ea3n ph\u1ea9m \u0111\u01b0\u1ee3c \u01b0a chu\u1ed9ng b\u1edfi gi\u1edbi tr\u1ebb, v\u1edbi s\u1ef1 linh ho\u1ea1t v\u1ec1 m\u00f9i h\u01b0\u01a1ng, kh\u1ea3 n\u0103ng t\u00edch h\u1ee3p d\u01b0\u1ee1ng ch\u1ea5t, c\u00f9ng th\u1ecb tr\u01b0\u1eddng ti\u00eau th\u1ee5 r\u1ed9ng l\u1edbn \u0111\u00e3 bi\u1ebfn Body Mist th\u00e0nh &#8220;\u1ee9ng vi\u00ean s\u00e1ng gi\u00e1&#8221; \u0111\u1ec3 ph\u00e1t tri\u1ec3n. Vi\u1ec7c <\/span><b>gia c\u00f4ng Body Mist<\/b><span style=\"font-weight: 400;\"> v\u00ec th\u1ebf tr\u1edf th\u00e0nh gi\u1ea3i ph\u00e1p th\u00f4ng minh cho c\u00e1c th\u01b0\u01a1ng hi\u1ec7u m\u1ef9 ph\u1ea9m mu\u1ed1n m\u1edf r\u1ed9ng danh m\u1ee5c s\u1ea3n ph\u1ea9m m\u00e0 v\u1eabn ti\u1ebft ki\u1ec7m chi ph\u00ed \u0111\u1ea7u t\u01b0.<\/span><\/span><\/p>\n<p><span style=\"font-weight: 400; font-size: 12pt;\">L\u1ee3i \u00edch n\u1ed5i b\u1eadt khi gia c\u00f4ng Body Mist:<\/span><\/p>\n<p><span style=\"font-weight: 400; font-size: 12pt;\">\u2705 Ti\u1ebft ki\u1ec7m chi ph\u00ed v\u1eadn h\u00e0nh nh\u00e0 m\u00e1y, R&amp;D v\u00e0 h\u1ec7 th\u1ed1ng ki\u1ec3m \u0111\u1ecbnh<\/span><\/p>\n<p><span style=\"font-weight: 400; font-size: 12pt;\">\u2705 Shorten product launch time<\/span><\/p>\n<p><span style=\"font-weight: 400; font-size: 12pt;\">\u2705 C\u00f4ng th\u1ee9c linh ho\u1ea1t, t\u00f9y ch\u1ec9nh m\u00f9i h\u01b0\u01a1ng v\u00e0 k\u1ebft c\u1ea5u\u00a0<\/span><\/p>\n<p><span style=\"font-weight: 400; font-size: 12pt;\">\u2705 Bao b\u00ec s\u00e1ng t\u1ea1o \u2013 n\u00e2ng t\u1ea7m nh\u1eadn \u0111\u1ecbnh th\u01b0\u01a1ng hi\u1ec7u<\/span><\/p>\n<p><span style=\"font-weight: 400; font-size: 12pt;\">\u2705 \u0110\u1ea3m b\u1ea3o ch\u1ea5t l\u01b0\u1ee3ng s\u1ea3n ph\u1ea9m \u2013 an to\u00e0n \u2013 ki\u1ec3m nghi\u1ec7m \u0111\u1ea7y \u0111\u1ee7<\/span><\/p>\n<p><span style=\"font-weight: 400; font-size: 12pt;\">\u2705 H\u1ed7 tr\u1ee3 to\u00e0n di\u1ec7n h\u1ed3 s\u01a1 ph\u00e1p l\u00fd c\u00f4ng b\u1ed1 s\u1ea3n ph\u1ea9m\u00a0<\/span><\/p>\n<h2><span style=\"font-size: 14pt;\"><b>3. Gia c\u00f4ng body mist t\u1ea1i Shizencos<\/b><\/span><\/h2>\n<p><span style=\"font-weight: 400; font-size: 12pt;\">Shizencos t\u1ef1 h\u00e0o l\u00e0 \u0111\u01a1n v\u1ecb gia c\u00f4ng Body Mist uy t\u00edn, chuy\u00ean nghi\u1ec7p, v\u1edbi quy tr\u00ecnh hi\u1ec7n \u0111\u1ea1i v\u00e0 d\u1ecbch v\u1ee5 tr\u1ecdn g\u00f3i t\u1eeb A \u0111\u1ebfn Z. Ch\u00fang t\u00f4i cam k\u1ebft mang \u0111\u1ebfn nh\u1eefng s\u1ea3n ph\u1ea9m Body Mist ch\u1ea5t l\u01b0\u1ee3ng cao, m\u00f9i h\u01b0\u01a1ng \u0111\u1ed9c quy\u1ec1n, k\u1ebft c\u1ea5u m\u1ecfng nh\u1eb9, ph\u00f9 h\u1ee3p v\u1edbi xu h\u01b0\u1edbng th\u1ecb tr\u01b0\u1eddng v\u00e0 \u0111\u1ecbnh h\u01b0\u1edbng th\u01b0\u01a1ng hi\u1ec7u ri\u00eang c\u1ee7a t\u1eebng doanh nghi\u1ec7p.<\/span><\/p>\n<figure id=\"attachment_11866\" aria-describedby=\"caption-attachment-11866\" style=\"width: 1500px\" class=\"wp-caption aligncenter\"><a href=\"https:\/\/shizencos.com\/wp-content\/uploads\/2024\/10\/2-30.png\"><img decoding=\"async\" class=\"size-full wp-image-11866\" src=\"https:\/\/shizencos.com\/wp-content\/uploads\/2024\/10\/2-30.png\" alt=\"Gia c\u00f4ng body mist theo nhu c\u1ea7u c\u1ee7a kh\u00e1ch h\u00e0ng \u0111\u01b0a ra\" width=\"1500\" height=\"600\" title=\"\" srcset=\"https:\/\/shizencos.com\/wp-content\/uploads\/2024\/10\/2-30.png 1500w, https:\/\/shizencos.com\/wp-content\/uploads\/2024\/10\/2-30-150x60.png 150w, https:\/\/shizencos.com\/wp-content\/uploads\/2024\/10\/2-30-18x7.png 18w, https:\/\/shizencos.com\/wp-content\/uploads\/2024\/10\/2-30-300x120.png 300w, https:\/\/shizencos.com\/wp-content\/uploads\/2024\/10\/2-30-768x307.png 768w, https:\/\/shizencos.com\/wp-content\/uploads\/2024\/10\/2-30-1024x410.png 1024w, https:\/\/shizencos.com\/wp-content\/uploads\/2024\/10\/2-30-600x240.png 600w\" sizes=\"(max-width: 1500px) 100vw, 1500px\" \/><\/a><figcaption id=\"caption-attachment-11866\" class=\"wp-caption-text\">Gia c\u00f4ng body mist theo nhu c\u1ea7u c\u1ee7a kh\u00e1ch h\u00e0ng \u0111\u01b0a ra<\/figcaption><\/figure>\n<h3><span style=\"font-size: 14pt;\"><b>3.1 D\u00f2ng body mist ph\u1ed5 bi\u1ebfn t\u1ea1i Shizencos<\/b><\/span><\/h3>\n<p><span style=\"font-weight: 400;\">+ Body Mist thi\u00ean nhi\u00ean<\/span><\/p>\n<ul>\n<li style=\"font-weight: 400;\" aria-level=\"1\"><span style=\"font-weight: 400;\">Chi\u1ebft xu\u1ea5t t\u1eeb tinh d\u1ea7u thi\u00ean nhi\u00ean: hoa h\u1ed3ng, cam, lavender, b\u1ea1c h\u00e0,&#8230;<\/span><\/li>\n<li style=\"font-weight: 400;\" aria-level=\"1\"><span style=\"font-weight: 400;\">M\u00f9i h\u01b0\u01a1ng d\u1ecbu nh\u1eb9, th\u01b0 gi\u00e3n \u2013 ph\u00f9 h\u1ee3p v\u1edbi ng\u01b0\u1eddi c\u00f3 l\u00e0n da nh\u1ea1y c\u1ea3m ho\u1eb7c y\u00eau th\u00edch s\u1ea3n ph\u1ea9m l\u00e0nh t\u00ednh..<\/span><\/li>\n<\/ul>\n<p><span style=\"font-weight: 400;\">+ Body Mist n\u01b0\u1edbc hoa<\/span><\/p>\n<ul>\n<li style=\"font-weight: 400;\" aria-level=\"1\"><span style=\"font-weight: 400;\">M\u00f9i h\u01b0\u01a1ng gi\u1ed1ng n\u01b0\u1edbc hoa cao c\u1ea5p (dupe): Chanel, Jo Malone, Dior,&#8230;<\/span><\/li>\n<li style=\"font-weight: 400;\" aria-level=\"1\"><span style=\"font-weight: 400;\">L\u01b0u h\u01b0\u01a1ng t\u1ed1t, k\u1ebft c\u1ea5u nh\u1eb9 \u2013 kh\u00f4ng g\u00e2y n\u1ed3ng g\u1eaft.<\/span><\/li>\n<\/ul>\n<p><span style=\"font-weight: 400;\">+ Body Mist d\u01b0\u1ee1ng da<\/span><\/p>\n<ul>\n<li style=\"font-weight: 400;\" aria-level=\"1\"><span style=\"font-weight: 400;\">B\u1ed5 sung th\u00eam th\u00e0nh ph\u1ea7n d\u01b0\u1ee1ng nh\u01b0: Glycerin, Aloe Vera, Vitamin E&#8230;<\/span><\/li>\n<li style=\"font-weight: 400;\" aria-level=\"1\"><span style=\"font-weight: 400;\">V\u1eeba t\u1ea1o m\u00f9i th\u01a1m nh\u1eb9 nh\u00e0ng v\u1eeba c\u1ea5p \u1ea9m, l\u00e0m d\u1ecbu da \u2013 ph\u00f9 h\u1ee3p v\u1edbi m\u00f9a h\u00e8, sau khi t\u1eafm.<\/span><\/li>\n<\/ul>\n<p><span style=\"font-weight: 400;\">+ Body Mist kh\u00e1ng khu\u1ea9n \u2013 kh\u1eed m\u00f9i (Deo Body Mist)<\/span><\/p>\n<ul>\n<li style=\"font-weight: 400;\" aria-level=\"1\"><span style=\"font-weight: 400;\">K\u1ebft h\u1ee3p h\u01b0\u01a1ng th\u01a1m + ho\u1ea1t ch\u1ea5t kh\u00e1ng khu\u1ea9n t\u1ef1 nhi\u00ean nh\u01b0 tr\u00e0 xanh, b\u1ea1c h\u00e0, c\u00e2y ph\u1ec9&#8230;<\/span><\/li>\n<li style=\"font-weight: 400;\" aria-level=\"1\"><span style=\"font-weight: 400;\">H\u1ed7 tr\u1ee3 l\u00e0m th\u01a1m c\u01a1 th\u1ec3, gi\u1ea3m m\u00f9i c\u01a1 th\u1ec3 nh\u1eb9, \u0111\u1eb7c bi\u1ec7t h\u1eefu \u00edch v\u00e0o m\u00f9a n\u00f3ng ho\u1eb7c cho ng\u01b0\u1eddi v\u1eadn \u0111\u1ed9ng nhi\u1ec1u.<\/span><\/li>\n<\/ul>\n<p><span style=\"font-weight: 400;\">+ Body Mist d\u00e0nh cho nam<\/span><\/p>\n<ul>\n<li style=\"font-weight: 400;\" aria-level=\"1\"><span style=\"font-weight: 400;\">M\u00f9i h\u01b0\u01a1ng m\u1ea1nh m\u1ebd, nam t\u00ednh: g\u1ed7 tuy\u1ebft t\u00f9ng, x\u1ea1 h\u01b0\u01a1ng, cam bergamot,&#8230;<\/span><\/li>\n<li style=\"font-weight: 400;\" aria-level=\"1\"><span style=\"font-weight: 400;\">C\u00f3 th\u1ec3 ph\u00e1t tri\u1ec3n theo d\u1ea1ng n\u0103ng \u0111\u1ed9ng \u2013 th\u1ec3 thao \u2013 ho\u1eb7c l\u1ecbch l\u00e3m, v\u0103n ph\u00f2ng.<\/span><\/li>\n<\/ul>\n<figure id=\"attachment_11867\" aria-describedby=\"caption-attachment-11867\" style=\"width: 1500px\" class=\"wp-caption aligncenter\"><a href=\"https:\/\/shizencos.com\/wp-content\/uploads\/2024\/10\/3-25.png\"><img decoding=\"async\" class=\"size-full wp-image-11867\" src=\"https:\/\/shizencos.com\/wp-content\/uploads\/2024\/10\/3-25.png\" alt=\"Nh\u00e0 m\u00e1y s\u1ea3n xu\u1ea5t Shizencos v\u1edbi nhi\u1ec1u n\u0103m kinh nghi\u1ec7m gia c\u00f4ng n\u01b0\u1edbc hoa body mist \" width=\"1500\" height=\"600\" title=\"\" srcset=\"https:\/\/shizencos.com\/wp-content\/uploads\/2024\/10\/3-25.png 1500w, https:\/\/shizencos.com\/wp-content\/uploads\/2024\/10\/3-25-150x60.png 150w, https:\/\/shizencos.com\/wp-content\/uploads\/2024\/10\/3-25-18x7.png 18w, https:\/\/shizencos.com\/wp-content\/uploads\/2024\/10\/3-25-300x120.png 300w, https:\/\/shizencos.com\/wp-content\/uploads\/2024\/10\/3-25-768x307.png 768w, https:\/\/shizencos.com\/wp-content\/uploads\/2024\/10\/3-25-1024x410.png 1024w, https:\/\/shizencos.com\/wp-content\/uploads\/2024\/10\/3-25-600x240.png 600w\" sizes=\"(max-width: 1500px) 100vw, 1500px\" \/><\/a><figcaption id=\"caption-attachment-11867\" class=\"wp-caption-text\">Nh\u00e0 m\u00e1y s\u1ea3n xu\u1ea5t Shizencos v\u1edbi nhi\u1ec1u n\u0103m kinh nghi\u1ec7m gia c\u00f4ng n\u01b0\u1edbc hoa body mist<\/figcaption><\/figure>\n<h3><span style=\"font-size: 14pt;\"><b>3.2 Quy tr\u00ecnh gia c\u00f4ng body mist t\u1ea1i Shizencos<\/b><\/span><\/h3>\n<p><span style=\"font-weight: 400; font-size: 12pt; font-family: arial, helvetica, sans-serif;\">T\u1ea1i Shizencos quy tr\u00ecnh gia c\u00f4ng body mist \u0111\u01b0\u1ee3c ki\u1ec3m so\u00e1t ch\u1eb7t ch\u1ebd, tu\u00e2n th\u1ee7 c\u00e1c ti\u00eau chu\u1ea9n qu\u1ed1c t\u1ebf. \u0110\u1ea3m b\u1ea3o ch\u1ea5t l\u01b0\u1ee3ng s\u1ea3n ph\u1ea9m, ph\u00f9 h\u1ee3p v\u1edbi t\u1eebng \u0111\u1ecbnh h\u01b0\u1edbng th\u01b0\u01a1ng hi\u1ec7u. D\u01b0\u1edbi \u0111\u00e2y l\u00e0 9 b\u01b0\u1edbc ch\u00ednh trong quy tr\u00ecnh gia c\u00f4ng body mist t\u1ea1i Shizencos:<\/span><\/p>\n<p><span style=\"font-size: 12pt; font-family: arial, helvetica, sans-serif;\"><span style=\"font-weight: 400;\"><strong>Step 1:<\/strong> Contact for consultation \u2013 Listen to requests and advise on appropriate formulas.<\/span><\/span><\/p>\n<p><span style=\"font-weight: 400; font-size: 12pt; font-family: arial, helvetica, sans-serif;\"><strong>Step 2:<\/strong> Research and Development \u2013 \u200b\u200bR&amp;D team researches and develops optimal formulas.<\/span><\/p>\n<p><span style=\"font-weight: 400; font-size: 12pt; font-family: arial, helvetica, sans-serif;\"><strong>Step 3:<\/strong> Send samples and adjust \u2013 Provide samples, adjust based on feedback.<\/span><\/p>\n<p><span style=\"font-weight: 400; font-size: 12pt; font-family: arial, helvetica, sans-serif;\"><strong>Step 4:<\/strong> Finalize sample and quote \u2013 Confirm final formula, calculate cost<\/span><\/p>\n<p><span style=\"font-weight: 400; font-size: 12pt; font-family: arial, helvetica, sans-serif;\"><strong>Step 5:<\/strong> Signing contract and cooperation \u2013 Both parties agree and sign the processing contract.<\/span><\/p>\n<p><span style=\"font-weight: 400; font-size: 12pt; font-family: arial, helvetica, sans-serif;\"><strong>Step 6:<\/strong> Chu\u1ea9n b\u1ecb nguy\u00ean li\u1ec7u v\u00e0 khu\u1ea5y b\u1ed3n \u2013 Nh\u1eadp kh\u1ea9u v\u00e0 ki\u1ec3m \u0111\u1ecbnh ch\u1ea5t l\u01b0\u1ee3ng nguy\u00ean li\u1ec7u \u0111\u1ea7u v\u00e0o.<\/span><\/p>\n<p><span style=\"font-weight: 400; font-size: 12pt; font-family: arial, helvetica, sans-serif;\"><strong>Step 7:<\/strong> Mass production \u2013 Put into production according to GMP standards.<\/span><\/p>\n<p><span style=\"font-weight: 400; font-size: 12pt; font-family: arial, helvetica, sans-serif;\"><strong>Step 8:<\/strong> Product packaging \u2013 Filling, sealing, labeling according to design.<\/span><\/p>\n<p><span style=\"font-weight: 400; font-size: 12pt; font-family: arial, helvetica, sans-serif;\"><strong>Step 9:<\/strong> Delivery and post-production support \u2013 On-time delivery, legal support and business strategy.<\/span><\/p>\n<p><span style=\"font-weight: 400; font-size: 12pt; font-family: arial, helvetica, sans-serif;\">Shizencos cam k\u1ebft mang \u0111\u1ebfn d\u1ecbch v\u1ee5 v\u00e0 s\u1ea3n ph\u1ea9m ch\u1ea5t l\u01b0\u1ee3ng cao, \u0111\u1ea9y nhanh ti\u1ebfn \u0111\u1ed9 ra m\u1eaft s\u1ea3n ph\u1ea9m, minh b\u1ea1ch v\u00e0 \u0111\u1ed3ng h\u00e0nh t\u1eeb A-Z. Shizencos kh\u00f4ng ch\u1ec9 l\u00e0 \u0111\u01a1n v\u1ecb s\u1ea3n xu\u1ea5t m\u00e0 c\u00f2n l\u00e0 ng\u01b0\u1eddi b\u1ea1n \u0111\u1ed3ng h\u00e0nh \u0111\u00e1ng tin c\u1eady trong qu\u00e1 tr\u00ecnh x\u00e2y d\u1ef1ng th\u01b0\u01a1ng hi\u1ec7u c\u1ee7a b\u1ea1n.<\/span><span style=\"font-weight: 400;\"><br \/>\n<\/span><\/p>\n<h2><span style=\"font-size: 14pt;\"><b>4. K\u1ebft lu\u1eadn<\/b><\/span><\/h2>\n<p><span style=\"font-weight: 400;\">Gia c\u00f4ng body mist l\u00e0 b\u01b0\u1edbc \u0111i chi\u1ebfn l\u01b0\u1ee3c trong kinh doanh c\u1ee7a doanh nghi\u1ec7p l\u00e0m v\u1ec1 m\u1ef9 ph\u1ea9m v\u1eeba hi\u1ec7n \u0111\u1ea1i v\u1eeba ti\u1ebft ki\u1ec7m. V\u1edbi l\u1ee3i th\u1ebf v\u1ec1 nh\u00e0 m\u00e1y hi\u1ec7n \u0111\u1ea1i &#8211; \u0111\u1ed9i ng\u0169 chuy\u00ean m\u00f4n cao, Shizencos lu\u00f4n s\u1eb5n s\u00e0ng \u0111\u1ed3ng h\u00e0nh c\u00f9ng ch\u1ee7 doanh nghi\u1ec7p nh\u1eb1m nghi\u00ean c\u1ee9u v\u00e0 cho ra nh\u1eefng d\u00f2ng body mist b\u1eaft k\u1ecbp xu h\u01b0\u1edbng, khu\u1ea5y \u0111\u1ea3o th\u1ecb tr\u01b0\u1eddng m\u00e0 v\u1eabn mang \u0111\u1eadm d\u1ea5u \u1ea5n th\u01b0\u01a1ng hi\u1ec7u c\u1ee7a b\u1ea1n.<\/span><\/p>","protected":false},"excerpt":{"rendered":"<p><span style=\"font-weight: 400;\">T\u1ea1i Shizencos, ch\u00fang t\u00f4i cung c\u1ea5p d\u1ecbch v\u1ee5 gia c\u00f4ng Body Mist tr\u1ecdn g\u00f3i, l\u00e0 \u0111\u01a1n v\u1ecb gia c\u00f4ng uy t\u00edn mang \u0111\u1eadm d\u1ea5u \u1ea5n th\u01b0\u01a1ng hi\u1ec7u, \u0111\u1ea1t chu\u1ea9n ch\u1ea5t l\u01b0\u1ee3ng v\u00e0 nhanh ch\u00f3ng ra m\u1eaft th\u1ecb tr\u01b0\u1eddng, ph\u00f9 h\u1ee3p v\u1edbi xu h\u01b0\u1edbng th\u1ecb tr\u01b0\u1eddng v\u00e0 \u0111\u1ecbnh h\u01b0\u1edbng th\u01b0\u01a1ng hi\u1ec7u ri\u00eang c\u1ee7a t\u1eebng doanh nghi\u1ec7p.<\/span><\/p>","protected":false},"featured_media":11945,"comment_status":"open","ping_status":"closed","template":"","meta":[],"product_brand":[],"product_cat":[21],"product_tag":[],"class_list":{"0":"post-11642","1":"product","2":"type-product","3":"status-publish","4":"has-post-thumbnail","6":"product_cat-gia-cong-nuoc-hoa","8":"first","9":"instock","10":"featured","11":"shipping-taxable","12":"product-type-simple"},"_links":{"self":[{"href":"https:\/\/shizencos.com\/en\/wp-json\/wp\/v2\/product\/11642","targetHints":{"allow":["GET"]}}],"collection":[{"href":"https:\/\/shizencos.com\/en\/wp-json\/wp\/v2\/product"}],"about":[{"href":"https:\/\/shizencos.com\/en\/wp-json\/wp\/v2\/types\/product"}],"replies":[{"embeddable":true,"href":"https:\/\/shizencos.com\/en\/wp-json\/wp\/v2\/comments?post=11642"}],"wp:featuredmedia":[{"embeddable":true,"href":"https:\/\/shizencos.com\/en\/wp-json\/wp\/v2\/media\/11945"}],"wp:attachment":[{"href":"https:\/\/shizencos.com\/en\/wp-json\/wp\/v2\/media?parent=11642"}],"wp:term":[{"taxonomy":"product_brand","embeddable":true,"href":"https:\/\/shizencos.com\/en\/wp-json\/wp\/v2\/product_brand?post=11642"},{"taxonomy":"product_cat","embeddable":true,"href":"https:\/\/shizencos.com\/en\/wp-json\/wp\/v2\/product_cat?post=11642"},{"taxonomy":"product_tag","embeddable":true,"href":"https:\/\/shizencos.com\/en\/wp-json\/wp\/v2\/product_tag?post=11642"}],"curies":[{"name":"wp","href":"https:\/\/api.w.org\/{rel}","templated":true}]}}