{"id":11639,"date":"2024-10-25T16:33:48","date_gmt":"2024-10-25T09:33:48","guid":{"rendered":"https:\/\/shizencos.com\/?post_type=product&#038;p=11639"},"modified":"2025-05-26T20:36:20","modified_gmt":"2025-05-26T13:36:20","slug":"gia-cong-nuoc-hoa-nam","status":"publish","type":"product","link":"https:\/\/shizencos.com\/en\/gia-cong-nuoc-hoa-nam\/","title":{"rendered":"Men's perfume processing"},"content":{"rendered":"<p><span style=\"font-weight: 400;\">N\u01b0\u1edbc hoa nam kh\u00f4ng ch\u1ec9 l\u00e0 s\u1ea3n ph\u1ea9m ti\u00eau d\u00f9ng th\u00f4ng th\u01b0\u1eddng, m\u00e0 c\u00f2n l\u00e0 c\u00f4ng c\u1ee5 quan tr\u1ecdng gi\u00fap ph\u00e1i m\u1ea1nh th\u1ec3 hi\u1ec7n phong c\u00e1ch s\u1ed1ng, c\u00e1 t\u00ednh v\u00e0 s\u1ef1 t\u1ef1 tin. N\u1eafm b\u1eaft xu h\u01b0\u1edbng th\u1ecb tr\u01b0\u1eddng v\u00e0 nhu c\u1ea7u ng\u00e0y c\u00e0ng \u0111a d\u1ea1ng, Shizencos ch\u00fang t\u00f4i cung c\u1ea5p d\u1ecbch v\u1ee5 gia c\u00f4ng n\u01b0\u1edbc hoa nam tr\u1ecdn g\u00f3i chuy\u00ean nghi\u1ec7p, gi\u00fap doanh nghi\u1ec7p nhanh ch\u00f3ng s\u1edf h\u1eefu d\u00f2ng s\u1ea3n ph\u1ea9m mang d\u1ea5u \u1ea5n ri\u00eang bi\u1ec7t. N\u1ebfu b\u1ea1n \u0111ang l\u00e0 doanh nghi\u1ec7p kinh doanh v\u1ec1 n\u01b0\u1edbc hoa v\u00e0 mu\u1ed1n t\u00ecm hi\u1ec3u r\u00f5 h\u01a1n v\u1ec1 ho\u1ea1t \u0111\u1ed9ng gia c\u00f4ng n\u00e0y, h\u00e3y xem ngay b\u00e0i vi\u1ebft b\u00ean d\u01b0\u1edbi!<\/span><\/p>\n<h2><span style=\"font-size: 14pt;\"><b>1. Gia c\u00f4ng n\u01b0\u1edbc hoa nam l\u00e0 g\u00ec?<\/b><\/span><\/h2>\n<p><b>N\u01b0\u1edbc hoa nam<\/b><span style=\"font-weight: 400;\"> l\u00e0 s\u1ea3n ph\u1ea9m t\u1ea1o m\u00f9i h\u01b0\u01a1ng \u0111\u01b0\u1ee3c thi\u1ebft k\u1ebf d\u00e0nh ri\u00eang cho nam gi\u1edbi, nh\u1eb1m t\u0103ng s\u1ef1 cu\u1ed1n h\u00fat, t\u1ef1 tin v\u00e0 th\u1ec3 hi\u1ec7n phong c\u00e1ch c\u00e1 nh\u00e2n. Kh\u00f4ng ch\u1ec9 l\u00e0 s\u1ea3n ph\u1ea9m ch\u0103m s\u00f3c c\u00e1 nh\u00e2n, n\u01b0\u1edbc hoa nam c\u00f2n l\u00e0 m\u1ed9t ph\u1ea7n quan tr\u1ecdng trong vi\u1ec7c \u0111\u1ecbnh h\u00ecnh h\u00ecnh \u1ea3nh v\u00e0 c\u00e1 t\u00ednh c\u1ee7a ng\u01b0\u1eddi \u0111\u00e0n \u00f4ng trong m\u1eaft ng\u01b0\u1eddi \u0111\u1ed1i di\u1ec7n.<\/span><\/p>\n<p><span style=\"font-weight: 400;\">Gia c\u00f4ng n\u01b0\u1edbc hoa nam l\u00e0 qu\u00e1n tr\u00ecnh s\u1ea3n xu\u1ea5t n\u01b0\u1edbc hoa nam theo y\u00eau c\u1ea7u c\u1ee7a doanh nghi\u1ec7p hay th\u01b0\u01a1ng hi\u1ec7u m\u1ef9 ph\u1ea9m, s\u1eed d\u1ee5ng c\u00f4ng th\u1ee9c c\u00f3 s\u1eb5n ho\u1eb7c ph\u00e1t tri\u1ec3n m\u1edbi theo y\u00eau c\u1ea7u c\u1ee7a doanh nghi\u1ec7p. Th\u00f4ng qua h\u00ecnh th\u1ee9c gia c\u00f4ng ,c\u00e1c ch\u1ee7 doanh nghi\u1ec7p s\u1ebd ti\u1ebft ki\u1ec7m th\u1eddi gian, chi ph\u00ed nghi\u00ean c\u1ee9u v\u00e0 s\u1ea3n xu\u1ea5t, ngo\u00e0i ra c\u00f2n \u0111\u1ea3m b\u1ea3o ch\u1ea5t l\u01b0\u1ee3ng s\u1ea3n ph\u1ea9m \u0111\u1ea1t ch\u1ea5t l\u01b0\u1ee3ng cao nh\u1ea5t.<\/span><\/p>\n<figure id=\"attachment_11850\" aria-describedby=\"caption-attachment-11850\" style=\"width: 1500px\" class=\"wp-caption aligncenter\"><a href=\"https:\/\/shizencos.com\/wp-content\/uploads\/2024\/10\/1-28.png\"><img fetchpriority=\"high\" decoding=\"async\" class=\"size-full wp-image-11850\" src=\"https:\/\/shizencos.com\/wp-content\/uploads\/2024\/10\/1-28.png\" alt=\"Gi\u1edbi thi\u1ec7u v\u1ec1 h\u01b0\u01a1ng n\u01b0\u1edbc hoa n\u0103m \u0111ang n\u1ed5i tr\u00ean th\u1ecb tr\u01b0\u1eddng ng\u00e0y nay\" width=\"1500\" height=\"600\" title=\"\" srcset=\"https:\/\/shizencos.com\/wp-content\/uploads\/2024\/10\/1-28.png 1500w, https:\/\/shizencos.com\/wp-content\/uploads\/2024\/10\/1-28-150x60.png 150w, https:\/\/shizencos.com\/wp-content\/uploads\/2024\/10\/1-28-18x7.png 18w, https:\/\/shizencos.com\/wp-content\/uploads\/2024\/10\/1-28-300x120.png 300w, https:\/\/shizencos.com\/wp-content\/uploads\/2024\/10\/1-28-768x307.png 768w, https:\/\/shizencos.com\/wp-content\/uploads\/2024\/10\/1-28-1024x410.png 1024w, https:\/\/shizencos.com\/wp-content\/uploads\/2024\/10\/1-28-600x240.png 600w\" sizes=\"(max-width: 1500px) 100vw, 1500px\" \/><\/a><figcaption id=\"caption-attachment-11850\" class=\"wp-caption-text\">Gi\u1edbi thi\u1ec7u v\u1ec1 h\u01b0\u01a1ng n\u01b0\u1edbc hoa n\u0103m \u0111ang n\u1ed5i tr\u00ean th\u1ecb tr\u01b0\u1eddng ng\u00e0y nay<\/figcaption><\/figure>\n<h2><span style=\"font-size: 14pt;\"><b>2. L\u1ee3i \u00edch c\u1ee7a vi\u1ec7c gia c\u00f4ng n\u01b0\u1edbc hoa nam<\/b><\/span><\/h2>\n<p><span style=\"font-weight: 400; font-size: 12pt; font-family: arial, helvetica, sans-serif;\">Gia c\u00f4ng n\u01b0\u1edbc hoa nam gi\u00fap cho doanh nghi\u1ec7p ti\u1ebft ki\u1ec7m chi ph\u00ed v\u00e0 th\u1eddi gian s\u1ea3n xu\u1ea5t. \u0110\u00e2y l\u00e0 gi\u1ea3i ph\u00e1p gi\u00fap doanh nghi\u1ec7p c\u00f3 th\u1ec3 t\u1eadp trung v\u00e0o marketing hay x\u00e2y d\u1ef1ng chi\u1ebfn l\u01b0\u1ee3c ph\u00e1t tri\u1ec3n th\u01b0\u01a1ng hi\u1ec7u c\u1ee7a m\u00ecnh, m\u00e0 kh\u00f4ng ph\u1ea3i \u0111\u1ea7u t\u01b0 v\u00e0o nh\u00e0 m\u00e1y s\u1ea3n xu\u1ea5t.<\/span><\/p>\n<p><span style=\"font-weight: 400; font-size: 12pt; font-family: arial, helvetica, sans-serif;\">\u2705 Save costs on factory investment and operating personnel<\/span><\/p>\n<p><span style=\"font-weight: 400; font-size: 12pt; font-family: arial, helvetica, sans-serif;\">\u2705 Take advantage of highly specialized resources from the R&amp;D team\u00a0<\/span><\/p>\n<p><span style=\"font-weight: 400; font-size: 12pt; font-family: arial, helvetica, sans-serif;\">\u2705 Increase competitiveness thanks to unique formula and exclusive packaging design<\/span><\/p>\n<p><span style=\"font-weight: 400; font-size: 12pt; font-family: arial, helvetica, sans-serif;\">\u2705 S\u1ea3n ph\u1ea9m ch\u1ea5t l\u01b0\u1ee3ng, \u0111\u1ea3m b\u1ea3o ti\u00eau chu\u1ea9n<\/span><\/p>\n<p><span style=\"font-weight: 400; font-size: 12pt; font-family: arial, helvetica, sans-serif;\">\u2705 Support all legal documents, product declaration and quality inspection<\/span><\/p>\n<figure id=\"attachment_11851\" aria-describedby=\"caption-attachment-11851\" style=\"width: 1500px\" class=\"wp-caption aligncenter\"><a href=\"https:\/\/shizencos.com\/wp-content\/uploads\/2024\/10\/2-27.png\"><img decoding=\"async\" class=\"size-full wp-image-11851\" src=\"https:\/\/shizencos.com\/wp-content\/uploads\/2024\/10\/2-27.png\" alt=\"C\u00e1ch th\u1ee9c gia c\u00f4ng n\u01b0\u1edbc hoa nam \u0111\u00fang theo quy tr\u00ecnh\u00a0\" width=\"1500\" height=\"600\" title=\"\" srcset=\"https:\/\/shizencos.com\/wp-content\/uploads\/2024\/10\/2-27.png 1500w, https:\/\/shizencos.com\/wp-content\/uploads\/2024\/10\/2-27-150x60.png 150w, https:\/\/shizencos.com\/wp-content\/uploads\/2024\/10\/2-27-18x7.png 18w, https:\/\/shizencos.com\/wp-content\/uploads\/2024\/10\/2-27-300x120.png 300w, https:\/\/shizencos.com\/wp-content\/uploads\/2024\/10\/2-27-768x307.png 768w, https:\/\/shizencos.com\/wp-content\/uploads\/2024\/10\/2-27-1024x410.png 1024w, https:\/\/shizencos.com\/wp-content\/uploads\/2024\/10\/2-27-600x240.png 600w\" sizes=\"(max-width: 1500px) 100vw, 1500px\" \/><\/a><figcaption id=\"caption-attachment-11851\" class=\"wp-caption-text\">C\u00e1ch th\u1ee9c gia c\u00f4ng n\u01b0\u1edbc hoa nam \u0111\u00fang theo quy tr\u00ecnh<\/figcaption><\/figure>\n<h2><span style=\"font-size: 14pt;\"><b>3. Gia c\u00f4ng n\u01b0\u1edbc hoa nam t\u1ea1i Shizencos<\/b><\/span><\/h2>\n<p><span style=\"font-weight: 400;\">T\u1ea1i Shizencos, ch\u00fang t\u00f4i cung c\u1ea5p d\u1ecbch v\u1ee5 gia c\u00f4ng n\u01b0\u1edbc hoa nam t\u1eeb A &#8211; Z theo ti\u00eau chu\u1ea9n GMP, V\u1edbi \u0111\u1ed9i ng\u0169 R&amp;D nhi\u1ec1u n\u0103m kinh nghi\u1ec7m v\u00e0 m\u00e1y m\u00f3c hi\u1ec7n \u0111\u1ea1i ch\u00fang t\u00f4i \u0111\u1ea3m b\u1ea3o s\u1ea3n ph\u1ea9m \u0111\u1ebfn tay kh\u00e1ch h\u00e0ng l\u00e0 d\u00f2ng n\u01b0\u1edbc hoa ch\u1ea5t l\u01b0\u1ee3ng cao<\/span><span style=\"font-weight: 400;\">, l\u01b0u h\u01b0\u01a1ng t\u1ed1t, th\u1ec3 hi\u1ec7n r\u00f5 phong c\u00e1ch th\u01b0\u01a1ng hi\u1ec7u v\u00e0 \u0111\u00e1p \u1ee9ng xu h\u01b0\u1edbng th\u1ecb tr\u01b0\u1eddng.<\/span><\/p>\n<h3><span style=\"font-size: 14pt;\"><b>3.1 C\u00f4ng th\u1ee9c n\u01b0\u1edbc hoa nam \u0111a d\u1ea1ng<\/b><\/span><\/h3>\n<p><span style=\"font-weight: 400; font-size: 12pt;\">M\u1ed9t trong nh\u1eefng y\u1ebfu t\u1ed1 then ch\u1ed1t t\u1ea1o n\u00ean s\u1ef1 kh\u00e1c bi\u1ec7t v\u00e0 s\u1ee9c h\u00fat c\u1ee7a s\u1ea3n ph\u1ea9m n\u01b0\u1edbc hoa nam ch\u00ednh l\u00e0 c\u00f4ng th\u1ee9c m\u00f9i h\u01b0\u01a1ng. Hi\u1ec3u r\u00f5 \u0111i\u1ec1u n\u00e0y, Shizencos t\u1eadp trung nghi\u00ean c\u1ee9u v\u00e0 ph\u00e1t tri\u1ec3n \u0111a d\u1ea1ng c\u00f4ng th\u1ee9c n\u01b0\u1edbc hoa nh\u1eb1m \u0111\u00e1p \u1ee9ng xu h\u01b0\u1edbng ti\u00eau d\u00f9ng hi\u1ec7n \u0111\u1ea1i c\u0169ng nh\u01b0 m\u00f9i h\u01b0\u01a1ng c\u1ee7a t\u1eebng nh\u00f3m kh\u00e1ch h\u00e0ng m\u1ee5c ti\u00eau.<\/span><\/p>\n<p><span style=\"font-size: 12pt;\"><span style=\"font-weight: 400;\">T\u1eeb phong c\u00e1ch m\u1ea1nh m\u1ebd, l\u1ecbch l\u00e3m \u0111\u1ebfn n\u0103ng \u0111\u1ed9ng, c\u00e1 t\u00ednh \u2013 ch\u00fang t\u00f4i v\u1edbi \u0111\u1ed9i ng\u0169 chuy\u00ean gia nhi\u1ec1u n\u0103m kinh nghi\u1ec7m \u0111\u00e3 nghi\u00ean c\u1ee9u v\u00e0 cho ra nhi\u1ec1u c\u00f4ng th\u1ee9c m\u00f9i h\u01b0\u01a1ng \u0111\u1ed9c \u0111\u00e1o, gi\u00fap doanh nghi\u1ec7p d\u1ec5 d\u00e0ng \u0111\u1ecbnh h\u00ecnh s\u1ea3n ph\u1ea9m mang d\u1ea5u \u1ea5n th\u01b0\u01a1ng hi\u1ec7u ri\u00eang.<\/span><span style=\"font-weight: 400;\"><br \/>\n<\/span><\/span><\/p>\n<ul>\n<li style=\"font-weight: 400;\" aria-level=\"1\"><span style=\"font-weight: 400; font-size: 12pt;\">N\u01b0\u1edbc hoa nam d\u1ea1ng x\u1ecbt (Spray Perfume): EDC \u2013 nh\u1eb9, tho\u1ea3ng m\u00f9i<\/span><\/li>\n<li style=\"font-weight: 400;\" aria-level=\"1\"><span style=\"font-weight: 400; font-size: 12pt;\">N\u01b0\u1edbc hoa nam d\u1ea1ng l\u0103n (Roll-on): EDT \u2013 m\u00f9i trung b\u00ecnh, d\u00f9ng h\u1eb1ng ng\u00e0y<\/span><\/li>\n<li style=\"font-weight: 400;\" aria-level=\"1\"><span style=\"font-weight: 400; font-size: 12pt;\">N\u01b0\u1edbc hoa nam d\u1ea1ng kh\u00f4: EDP \u2013 \u0111\u1eadm \u0111\u1eb7c, l\u01b0u h\u01b0\u01a1ng l\u00e2u<\/span><\/li>\n<\/ul>\n<figure id=\"attachment_11849\" aria-describedby=\"caption-attachment-11849\" style=\"width: 1500px\" class=\"wp-caption aligncenter\"><a href=\"https:\/\/shizencos.com\/wp-content\/uploads\/2024\/10\/3-22.png\"><img decoding=\"async\" class=\"size-full wp-image-11849\" src=\"https:\/\/shizencos.com\/wp-content\/uploads\/2024\/10\/3-22.png\" alt=\"\u0110\u1ed3ng h\u00e0nh gia c\u00f4ng n\u01b0\u1edbc hoa nam c\u00f9ng Shizencos t\u1ea1o ra s\u1ea3n ph\u1ea9m ch\u1ea5t l\u01b0\u1ee3ng\" width=\"1500\" height=\"600\" title=\"\" srcset=\"https:\/\/shizencos.com\/wp-content\/uploads\/2024\/10\/3-22.png 1500w, https:\/\/shizencos.com\/wp-content\/uploads\/2024\/10\/3-22-150x60.png 150w, https:\/\/shizencos.com\/wp-content\/uploads\/2024\/10\/3-22-18x7.png 18w, https:\/\/shizencos.com\/wp-content\/uploads\/2024\/10\/3-22-300x120.png 300w, https:\/\/shizencos.com\/wp-content\/uploads\/2024\/10\/3-22-768x307.png 768w, https:\/\/shizencos.com\/wp-content\/uploads\/2024\/10\/3-22-1024x410.png 1024w, https:\/\/shizencos.com\/wp-content\/uploads\/2024\/10\/3-22-600x240.png 600w\" sizes=\"(max-width: 1500px) 100vw, 1500px\" \/><\/a><figcaption id=\"caption-attachment-11849\" class=\"wp-caption-text\">\u0110\u1ed3ng h\u00e0nh gia c\u00f4ng n\u01b0\u1edbc hoa nam c\u00f9ng Shizencos t\u1ea1o ra s\u1ea3n ph\u1ea9m ch\u1ea5t l\u01b0\u1ee3ng<\/figcaption><\/figure>\n<h3><span style=\"font-size: 14pt;\"><b>3.2 Quy tr\u00ecnh gia c\u00f4ng n\u01b0\u1edbc hoa nam t\u1ea1i Shizencos<\/b><\/span><\/h3>\n<p><span style=\"font-weight: 400; font-size: 12pt;\">T\u1ea1i Shizencos, kh\u00f4ng ch\u1ec9 d\u1eebng l\u1ea1i \u1edf vi\u1ec7c ph\u00e1t tri\u1ec3n c\u00e1c c\u00f4ng th\u1ee9c m\u00f9i h\u01b0\u01a1ng \u0111\u1ed9c quy\u1ec1n, ch\u00fang t\u00f4i t\u1ed1i \u01b0u h\u00f3a to\u00e0n b\u1ed9 quy tr\u00ecnh gia c\u00f4ng n\u01b0\u1edbc hoa nam \u2013 t\u1eeb \u00fd t\u01b0\u1edfng ban \u0111\u1ea7u \u0111\u1ebfn s\u1ea3n ph\u1ea9m ho\u00e0n thi\u1ec7n. \u0110i\u1ec1u n\u00e0y gi\u00fap doanh nghi\u1ec7p ti\u1ebft ki\u1ec7m th\u1eddi gian, t\u1ed1i \u01b0u chi ph\u00ed v\u00e0 gi\u1ea3m thi\u1ec3u r\u1ee7i ro, \u0111\u1ed3ng th\u1eddi \u0111\u1ea3m b\u1ea3o m\u1ed7i s\u1ea3n ph\u1ea9m \u0111\u1ec1u \u0111\u1ea1t ch\u1ea5t l\u01b0\u1ee3ng cao, s\u1eb5n s\u00e0ng chinh ph\u1ee5c th\u1ecb tr\u01b0\u1eddng.<\/span><\/p>\n<p><span style=\"font-weight: 400; font-size: 12pt;\">D\u01b0\u1edbi \u0111\u00e2y l\u00e0 9 b\u01b0\u1edbc ch\u00ednh trong quy tr\u00ecnh gia c\u00f4ng n\u01b0\u1edbc hoa nam t\u1ea1i Shizencos \u2013 b\u00e0i b\u1ea3n, linh ho\u1ea1t v\u00e0 cam k\u1ebft \u0111\u1ed3ng h\u00e0nh c\u00f9ng s\u1ef1 ph\u00e1t tri\u1ec3n th\u01b0\u01a1ng hi\u1ec7u c\u1ee7a b\u1ea1n.<\/span><\/p>\n<p><span style=\"font-size: 12pt;\"><b>Step 1: <\/b><span style=\"font-weight: 400;\">Contact for consultation \u2013 Listen to requests and advise on appropriate formulas.<\/span><\/span><\/p>\n<p><span style=\"font-size: 12pt;\"><b>Step 2:<\/b><span style=\"font-weight: 400;\"> Research and Development \u2013 \u200b\u200bR&amp;D team researches and develops optimal formulas.<\/span><\/span><\/p>\n<p><span style=\"font-size: 12pt;\"><b>Step 3: <\/b><span style=\"font-weight: 400;\">Send samples and adjust \u2013 Provide samples, adjust based on feedback.<\/span><\/span><\/p>\n<p><span style=\"font-size: 12pt;\"><b>Step 4:<\/b><span style=\"font-weight: 400;\"> Finalize sample and quote \u2013 Confirm final formula, calculate cost<\/span><\/span><\/p>\n<p><span style=\"font-size: 12pt;\"><b>Step 5:<\/b><span style=\"font-weight: 400;\"> Signing contract and cooperation \u2013 Both parties agree and sign the processing contract.<\/span><\/span><\/p>\n<p><span style=\"font-size: 12pt;\"><b>Step 6: <\/b><span style=\"font-weight: 400;\">Prepare ingredients and stir the tank <\/span><span style=\"font-weight: 400;\">\u00a0\u2013<\/span><span style=\"font-weight: 400;\"> \u2013 Import and check the quality of input materials.<\/span><\/span><\/p>\n<p><span style=\"font-size: 12pt;\"><b>Step 7:<\/b><span style=\"font-weight: 400;\"> Mass production \u2013 Put into production according to GMP standards.<\/span><\/span><\/p>\n<p><span style=\"font-size: 12pt;\"><b>Step 8: <\/b><span style=\"font-weight: 400;\">Product packaging \u2013 Filling, sealing, labeling according to design.<\/span><\/span><\/p>\n<p><span style=\"font-size: 12pt;\"><b>Step 9:<\/b><span style=\"font-weight: 400;\"> Delivery and post-production support \u2013 On-time delivery, legal support and business strategy.<\/span><\/span><\/p>\n<p><span style=\"font-weight: 400;\"><span style=\"font-size: 12pt;\">Shizencos cam k\u1ebft mang \u0111\u1ebfn nh\u1eefng s\u1ea3n ph\u1ea9m n\u01b0\u1edbc hoa nam ch\u1ea5t l\u01b0\u1ee3ng cao, gi\u00fap doanh nghi\u1ec7p nhanh ch\u00f3ng ra m\u1eaft th\u1ecb tr\u01b0\u1eddng m\u1ed9t c\u00e1ch hi\u1ec7u qu\u1ea3. V\u1edbi quy tr\u00ecnh l\u00e0m vi\u1ec7c minh b\u1ea1ch, h\u1ec7 th\u1ed1ng s\u1ea3n xu\u1ea5t \u0111\u1ea1t chu\u1ea9n v\u00e0 d\u1ecbch v\u1ee5 gia c\u00f4ng tr\u1ecdn g\u00f3i t\u1eeb A \u0111\u1ebfn Z, ch\u00fang t\u00f4i kh\u00f4ng ch\u1ec9 l\u00e0 nh\u00e0 m\u00e1y gia c\u00f4ng \u2013 m\u00e0 c\u00f2n l\u00e0 \u0111\u1ed1i t\u00e1c chi\u1ebfn l\u01b0\u1ee3c \u0111\u00e1ng tin c\u1eady \u0111\u1ed3ng h\u00e0nh c\u00f9ng b\u1ea1n trong h\u00e0nh tr\u00ecnh x\u00e2y d\u1ef1ng v\u00e0 ph\u00e1t tri\u1ec3n th\u01b0\u01a1ng hi\u1ec7u m\u1ef9 ph\u1ea9m b\u1ec1n v\u1eefng<\/span>.<\/span><\/p>\n<h2><span style=\"font-size: 14pt;\"><b>Conclude<\/b><\/span><\/h2>\n<p><span style=\"font-weight: 400; font-size: 12pt;\">Gia c\u00f4ng n\u01b0\u1edbc hoa nam l\u00e0 chi\u1ebfn l\u01b0\u1ee3c hi\u1ec7u qu\u1ea3 gi\u00fap doanh nghi\u1ec7p m\u1edf r\u1ed9ng th\u1ecb ph\u1ea7n v\u00e0 n\u00e2ng t\u1ea7m th\u01b0\u01a1ng hi\u1ec7u trong ng\u00e0nh m\u1ef9 ph\u1ea9m. T\u1ea1i Shizencos, ch\u00fang t\u00f4i \u1ee9ng d\u1ee5ng c\u00f4ng ngh\u1ec7 s\u1ea3n xu\u1ea5t hi\u1ec7n \u0111\u1ea1i, quy tr\u00ecnh th\u00e2n thi\u1ec7n v\u1edbi m\u00f4i tr\u01b0\u1eddng v\u00e0 \u0111\u1ed9i ng\u0169 chuy\u00ean m\u00f4n cao nh\u1eb1m mang \u0111\u1ebfn gi\u1ea3i ph\u00e1p gia c\u00f4ng tr\u1ecdn g\u00f3i, \u0111\u1ea3m b\u1ea3o ch\u1ea5t l\u01b0\u1ee3ng, an to\u00e0n v\u00e0 hi\u1ec7u qu\u1ea3 cho t\u1eebng s\u1ea3n ph\u1ea9m.<\/span><\/p>\n<p><span style=\"font-weight: 400; font-size: 12pt;\">Li\u00ean h\u1ec7 v\u1edbi Shizencos ngay h\u00f4m nay \u0111\u1ec3 \u0111\u01b0\u1ee3c t\u01b0 v\u1ea5n chi ti\u1ebft v\u00e0 c\u00f9ng b\u1ea1n ki\u1ebfn t\u1ea1o nh\u1eefng d\u00f2ng n\u01b0\u1edbc hoa nam ch\u1ea5t l\u01b0\u1ee3ng cao, ph\u00f9 h\u1ee3p xu h\u01b0\u1edbng \u2013 s\u1eb5n s\u00e0ng chinh ph\u1ee5c th\u1ecb tr\u01b0\u1eddng!<\/span><\/p>","protected":false},"excerpt":{"rendered":"<p><span style=\"font-weight: 400;\">Shizencos ch\u00fang t\u00f4i cung c\u1ea5p d\u1ecbch v\u1ee5 gia c\u00f4ng n\u01b0\u1edbc hoa nam tr\u1ecdn g\u00f3i chuy\u00ean nghi\u1ec7p, gi\u00fap doanh nghi\u1ec7p nhanh ch\u00f3ng s\u1edf h\u1eefu d\u00f2ng s\u1ea3n ph\u1ea9m mang d\u1ea5u \u1ea5n ri\u00eang bi\u1ec7t. N\u1ebfu b\u1ea1n \u0111ang l\u00e0 doanh nghi\u1ec7p kinh doanh v\u1ec1 n\u01b0\u1edbc hoa v\u00e0 mu\u1ed1n t\u00ecm hi\u1ec3u r\u00f5 h\u01a1n v\u1ec1 ho\u1ea1t \u0111\u1ed9ng gia c\u00f4ng n\u00e0y, h\u00e3y xem ngay b\u00e0i vi\u1ebft n\u00e0y!<\/span><\/p>","protected":false},"featured_media":11931,"comment_status":"open","ping_status":"closed","template":"","meta":[],"product_brand":[],"product_cat":[21],"product_tag":[],"class_list":{"0":"post-11639","1":"product","2":"type-product","3":"status-publish","4":"has-post-thumbnail","6":"product_cat-gia-cong-nuoc-hoa","8":"first","9":"instock","10":"shipping-taxable","11":"product-type-simple"},"_links":{"self":[{"href":"https:\/\/shizencos.com\/en\/wp-json\/wp\/v2\/product\/11639","targetHints":{"allow":["GET"]}}],"collection":[{"href":"https:\/\/shizencos.com\/en\/wp-json\/wp\/v2\/product"}],"about":[{"href":"https:\/\/shizencos.com\/en\/wp-json\/wp\/v2\/types\/product"}],"replies":[{"embeddable":true,"href":"https:\/\/shizencos.com\/en\/wp-json\/wp\/v2\/comments?post=11639"}],"wp:featuredmedia":[{"embeddable":true,"href":"https:\/\/shizencos.com\/en\/wp-json\/wp\/v2\/media\/11931"}],"wp:attachment":[{"href":"https:\/\/shizencos.com\/en\/wp-json\/wp\/v2\/media?parent=11639"}],"wp:term":[{"taxonomy":"product_brand","embeddable":true,"href":"https:\/\/shizencos.com\/en\/wp-json\/wp\/v2\/product_brand?post=11639"},{"taxonomy":"product_cat","embeddable":true,"href":"https:\/\/shizencos.com\/en\/wp-json\/wp\/v2\/product_cat?post=11639"},{"taxonomy":"product_tag","embeddable":true,"href":"https:\/\/shizencos.com\/en\/wp-json\/wp\/v2\/product_tag?post=11639"}],"curies":[{"name":"wp","href":"https:\/\/api.w.org\/{rel}","templated":true}]}}