{"id":11636,"date":"2024-10-25T16:32:06","date_gmt":"2024-10-25T09:32:06","guid":{"rendered":"https:\/\/shizencos.com\/?post_type=product&#038;p=11636"},"modified":"2025-05-26T20:35:31","modified_gmt":"2025-05-26T13:35:31","slug":"gia-cong-nuoc-hoa-nu","status":"publish","type":"product","link":"https:\/\/shizencos.com\/en\/gia-cong-nuoc-hoa-nu\/","title":{"rendered":"Women's perfume processing"},"content":{"rendered":"<p style=\"text-align: justify;\"><span style=\"font-weight: 400;\">N\u01b0\u1edbc hoa n\u1eef kh\u00f4ng c\u00f2n \u0111\u01a1n thu\u1ea7n l\u00e0 s\u1ea3n ph\u1ea9m ti\u00eau d\u00f9ng, m\u00e0 c\u00f2n n\u00f3i l\u00ean phong c\u00e1ch, s\u1ef1 t\u1ef1 tin v\u00e0 c\u00e1 t\u00ednh c\u1ee7a ph\u00e1i \u0111\u1eb9p. N\u1eafm b\u1eaft nhu c\u1ea7u ng\u00e0y c\u00e0ng \u0111a d\u1ea1ng c\u00f9ng xu h\u01b0\u1edbng c\u00e1 nh\u00e2n h\u00f3a m\u00f9i h\u01b0\u01a1ng, Shizencos cung c\u1ea5p d\u1ecbch v\u1ee5 gia c\u00f4ng n\u01b0\u1edbc hoa n\u1eef tr\u1ecdn g\u00f3i, gi\u00fap doanh nghi\u1ec7p nhanh ch\u00f3ng ph\u00e1t tri\u1ec3n d\u00f2ng s\u1ea3n ph\u1ea9m \u0111\u1ed9c \u0111\u00e1o, mang \u0111\u1eadm b\u1ea3n s\u1eafc th\u01b0\u01a1ng hi\u1ec7u. N\u1ebfu b\u1ea1n \u0111ang l\u00e0 doanh nghi\u1ec7p kinh doanh v\u1ec1 n\u01b0\u1edbc hoa n\u1eef v\u00e0 mu\u1ed1n t\u00ecm hi\u1ec3u r\u00f5 h\u01a1n v\u1ec1 ho\u1ea1t \u0111\u1ed9ng gia c\u00f4ng n\u00e0y, h\u00e3y xem ngay b\u00e0i vi\u1ebft b\u00ean d\u01b0\u1edbi!<\/span><\/p>\n<h2 style=\"text-align: justify;\"><span style=\"font-size: 14pt;\"><b>1. Gia c\u00f4ng n\u01b0\u1edbc hoa n\u1eef l\u00e0 g\u00ec?<\/b><\/span><\/h2>\n<p style=\"text-align: justify;\"><span style=\"font-weight: 400; font-family: arial, helvetica, sans-serif; font-size: 12pt;\">N\u01b0\u1edbc hoa n\u1eef l\u00e0 s\u1ea3n ph\u1ea9m t\u1ea1o m\u00f9i h\u01b0\u01a1ng \u0111\u01b0\u1ee3c nghi\u00ean c\u1ee9u ph\u00f9 h\u1ee3p v\u1edbi ph\u00e1i \u0111\u1eb9p, gi\u00fap s\u1ef1 t\u1ef1 tin, cu\u1ed1n h\u00fat v\u00e0 c\u1ea3 phong c\u00e1ch c\u00e1 nh\u00e2n c\u1ee7a ng\u01b0\u1eddi s\u1eed d\u1ee5ng n\u01b0\u1edbc hoa n\u1eef \u0111\u01b0\u1ee3c n\u00e2ng t\u1ea7m.\u00a0<\/span><\/p>\n<p style=\"text-align: justify;\"><span style=\"font-weight: 400; font-family: arial, helvetica, sans-serif; font-size: 12pt;\">Gia c\u00f4ng n\u01b0\u1edbc hoa n\u1eef l\u00e0 h\u00ecnh th\u1ee9c s\u1ea3n xu\u1ea5t s\u1ea3n ph\u1ea9m n\u01b0\u1edbc hoa theo y\u00eau c\u1ea7u ri\u00eang c\u1ee7a t\u1eebng doanh nghi\u1ec7p ho\u1eb7c th\u01b0\u01a1ng hi\u1ec7u m\u1ef9 ph\u1ea9m. Doanh nghi\u1ec7p c\u00f3 th\u1ec3 s\u1eed d\u1ee5ng c\u00f4ng th\u1ee9c c\u00f3 s\u1eb5n t\u1eeb nh\u00e0 m\u00e1y ho\u1eb7c y\u00eau c\u1ea7u ph\u00e1t tri\u1ec3n c\u00f4ng th\u1ee9c m\u1edbi, \u0111\u1ed9c quy\u1ec1n. V\u1edbi h\u00ecnh th\u1ee9c n\u00e0y, c\u00e1c th\u01b0\u01a1ng hi\u1ec7u ti\u1ebft ki\u1ec7m th\u1eddi gian, chi ph\u00ed \u0111\u1ea7u t\u01b0, \u0111\u1ed3ng th\u1eddi \u0111\u1ea3m b\u1ea3o s\u1ea3n ph\u1ea9m \u0111\u01b0\u1ee3c s\u1ea3n xu\u1ea5t theo ti\u00eau chu\u1ea9n ch\u1ea5t l\u01b0\u1ee3ng qu\u1ed1c t\u1ebf.<\/span><\/p>\n<figure id=\"attachment_11887\" aria-describedby=\"caption-attachment-11887\" style=\"width: 1500px\" class=\"wp-caption aligncenter\"><a href=\"https:\/\/shizencos.com\/wp-content\/uploads\/2024\/10\/1-32.png\"><img fetchpriority=\"high\" decoding=\"async\" class=\"size-full wp-image-11887\" src=\"https:\/\/shizencos.com\/wp-content\/uploads\/2024\/10\/1-32.png\" alt=\"Hi\u1ec7n th\u1ecb tr\u01b0\u1eddng gia c\u00f4ng n\u01b0\u1edbc hoa c\u00f3 \u0111a d\u1ea1ng lo\u1ea1i kh\u00e1c nhau\" width=\"1500\" height=\"600\" title=\"\" srcset=\"https:\/\/shizencos.com\/wp-content\/uploads\/2024\/10\/1-32.png 1500w, https:\/\/shizencos.com\/wp-content\/uploads\/2024\/10\/1-32-150x60.png 150w, https:\/\/shizencos.com\/wp-content\/uploads\/2024\/10\/1-32-18x7.png 18w, https:\/\/shizencos.com\/wp-content\/uploads\/2024\/10\/1-32-300x120.png 300w, https:\/\/shizencos.com\/wp-content\/uploads\/2024\/10\/1-32-768x307.png 768w, https:\/\/shizencos.com\/wp-content\/uploads\/2024\/10\/1-32-1024x410.png 1024w, https:\/\/shizencos.com\/wp-content\/uploads\/2024\/10\/1-32-600x240.png 600w\" sizes=\"(max-width: 1500px) 100vw, 1500px\" \/><\/a><figcaption id=\"caption-attachment-11887\" class=\"wp-caption-text\">Hi\u1ec7n th\u1ecb tr\u01b0\u1eddng gia c\u00f4ng n\u01b0\u1edbc hoa c\u00f3 \u0111a d\u1ea1ng lo\u1ea1i kh\u00e1c nhau<\/figcaption><\/figure>\n<h2 style=\"text-align: justify;\"><span style=\"font-size: 14pt;\"><b>2. L\u1ee3i \u00edch c\u1ee7a vi\u1ec7c gia c\u00f4ng n\u01b0\u1edbc hoa n\u1eef<\/b><\/span><\/h2>\n<p style=\"text-align: justify;\"><span style=\"font-weight: 400; font-family: arial, helvetica, sans-serif; font-size: 12pt;\">Khi doanh nghi\u1ec7p ch\u1ecdn gia c\u00f4ng n\u01b0\u1edbc hoa n\u1eef ti\u1ebft ki\u1ec7m chi ph\u00ed v\u00e0 th\u1eddi gian s\u1ea3n xu\u1ea5t. \u0110\u00e2y l\u00e0 gi\u1ea3i ph\u00e1p gi\u00fap doanh nghi\u1ec7p c\u00f3 th\u1ec3 t\u1eadp trung v\u00e0o marketing hay x\u00e2y d\u1ef1ng chi\u1ebfn l\u01b0\u1ee3c ph\u00e1t tri\u1ec3n th\u01b0\u01a1ng hi\u1ec7u c\u1ee7a m\u00ecnh, m\u00e0 kh\u00f4ng ph\u1ea3i \u0111\u1ea7u t\u01b0 v\u00e0o nh\u00e0 m\u00e1y s\u1ea3n xu\u1ea5t.<\/span><\/p>\n<p style=\"text-align: justify;\"><span style=\"font-weight: 400; font-family: arial, helvetica, sans-serif; font-size: 12pt;\">\u2705 Save costs on factory investment and operating personnel<\/span><\/p>\n<p style=\"text-align: justify;\"><span style=\"font-weight: 400; font-family: arial, helvetica, sans-serif; font-size: 12pt;\">\u2705 Take advantage of highly specialized resources from the R&amp;D team\u00a0<\/span><\/p>\n<p style=\"text-align: justify;\"><span style=\"font-weight: 400; font-family: arial, helvetica, sans-serif; font-size: 12pt;\">\u2705 Increase competitiveness thanks to unique formula and exclusive packaging design<\/span><\/p>\n<p style=\"text-align: justify;\"><span style=\"font-weight: 400; font-family: arial, helvetica, sans-serif; font-size: 12pt;\">\u2705 S\u1ea3n ph\u1ea9m ch\u1ea5t l\u01b0\u1ee3ng, \u0111\u1ea3m b\u1ea3o ti\u00eau chu\u1ea9n<\/span><\/p>\n<p style=\"text-align: justify;\"><span style=\"font-weight: 400; font-family: arial, helvetica, sans-serif; font-size: 12pt;\">\u2705 Support all legal documents, product declaration and quality inspection<\/span><\/p>\n<h2 style=\"text-align: justify;\"><span style=\"font-size: 14pt;\"><b>3. Gia c\u00f4ng n\u01b0\u1edbc hoa n\u1eef t\u1ea1i Shizencos<\/b><\/span><\/h2>\n<p style=\"text-align: justify;\"><span style=\"font-size: 12pt;\"><b>Shizencos<\/b><span style=\"font-weight: 400;\"> cung c\u1ea5p d\u1ecbch v\u1ee5 gia c\u00f4ng n\u01b0\u1edbc hoa n\u1eef tr\u1ecdn g\u00f3i t\u1eeb nghi\u00ean c\u1ee9u c\u00f4ng th\u1ee9c, ph\u00e1t tri\u1ec3n s\u1ea3n ph\u1ea9m \u0111\u1ebfn s\u1ea3n xu\u1ea5t h\u00e0ng lo\u1ea1t v\u00e0 \u0111\u00f3ng g\u00f3i th\u00e0nh ph\u1ea9m. S\u1ea3n ph\u1ea9m n\u01b0\u1edbc hoa t\u1ea1i Shizencos \u0111\u1ea3m b\u1ea3o \u0111\u1ed9 l\u01b0u h\u01b0\u01a1ng t\u1ed1t, tinh t\u1ebf v\u1ec1 c\u1ea3m quan v\u00e0 th\u1ec3 hi\u1ec7n tr\u1ecdn v\u1eb9n tinh th\u1ea7n c\u1ee7a th\u01b0\u01a1ng hi\u1ec7u b\u1ea1n.<\/span><\/span><\/p>\n<p style=\"text-align: justify;\"><span style=\"font-size: 12pt;\"><span style=\"font-weight: 400;\">T\u1ea1i Shizencos, ch\u00fang t\u00f4i cung c\u1ea5p d\u1ecbch v\u1ee5 gia c\u00f4ng n\u01b0\u1edbc hoa n\u1eef t\u1eeb A &#8211; Z, V\u1edbi \u0111\u1ed9i ng\u0169 R&amp;D nhi\u1ec1u n\u0103m kinh nghi\u1ec7m v\u00e0 m\u00e1y m\u00f3c hi\u1ec7n \u0111\u1ea1i ch\u00fang t\u00f4i \u0111\u1ea3m b\u1ea3o s\u1ea3n ph\u1ea9m \u0111\u1ebfn tay kh\u00e1ch h\u00e0ng l\u00e0 d\u00f2ng n\u01b0\u1edbc hoa ch\u1ea5t l\u01b0\u1ee3ng cao<\/span><span style=\"font-weight: 400;\">, l\u01b0u h\u01b0\u01a1ng t\u1ed1t, th\u1ec3 hi\u1ec7n r\u00f5 phong c\u00e1ch th\u01b0\u01a1ng hi\u1ec7u v\u00e0 \u0111\u00e1p \u1ee9ng xu h\u01b0\u1edbng th\u1ecb tr\u01b0\u1eddng.<\/span><\/span><\/p>\n<figure id=\"attachment_11888\" aria-describedby=\"caption-attachment-11888\" style=\"width: 1500px\" class=\"wp-caption aligncenter\"><a href=\"https:\/\/shizencos.com\/wp-content\/uploads\/2024\/10\/2-31.png\"><img decoding=\"async\" class=\"size-full wp-image-11888\" src=\"https:\/\/shizencos.com\/wp-content\/uploads\/2024\/10\/2-31.png\" alt=\"Gia c\u00f4ng n\u01b0\u1edbc hoa n\u1eef th\u1eddi \u0111i\u1ec3m n\u00e0y c\u1ef1c k\u1ef3 th\u00edch h\u1ee3p\" width=\"1500\" height=\"600\" title=\"\" srcset=\"https:\/\/shizencos.com\/wp-content\/uploads\/2024\/10\/2-31.png 1500w, https:\/\/shizencos.com\/wp-content\/uploads\/2024\/10\/2-31-150x60.png 150w, https:\/\/shizencos.com\/wp-content\/uploads\/2024\/10\/2-31-18x7.png 18w, https:\/\/shizencos.com\/wp-content\/uploads\/2024\/10\/2-31-300x120.png 300w, https:\/\/shizencos.com\/wp-content\/uploads\/2024\/10\/2-31-768x307.png 768w, https:\/\/shizencos.com\/wp-content\/uploads\/2024\/10\/2-31-1024x410.png 1024w, https:\/\/shizencos.com\/wp-content\/uploads\/2024\/10\/2-31-600x240.png 600w\" sizes=\"(max-width: 1500px) 100vw, 1500px\" \/><\/a><figcaption id=\"caption-attachment-11888\" class=\"wp-caption-text\">Gia c\u00f4ng n\u01b0\u1edbc hoa n\u1eef th\u1eddi \u0111i\u1ec3m n\u00e0y c\u1ef1c k\u1ef3 th\u00edch h\u1ee3p<\/figcaption><\/figure>\n<h3 style=\"text-align: justify;\"><span style=\"font-size: 14pt;\"><b>3.1 C\u00f4ng th\u1ee9c n\u01b0\u1edbc hoa n\u1eef \u0111a d\u1ea1ng<\/b><\/span><\/h3>\n<p style=\"text-align: justify;\"><span style=\"font-weight: 400; font-size: 12pt; font-family: arial, helvetica, sans-serif;\">Trong n\u01b0\u1edbc hoa n\u1eef, m\u00f9i h\u01b0\u01a1ng ch\u00ednh l\u00e0 \u0111i\u1ec3m then ch\u1ed1t t\u1ea1o n\u00ean d\u1ea5u \u1ea5n cho th\u01b0\u01a1ng hi\u1ec7u. Hi\u1ec3u t\u00e2m l\u00fd n\u00e0y, \u0111\u1ed9i ng\u0169 R&amp;D t\u1ea1i Shizencos v\u1edbi nhi\u1ec1u n\u0103m kinh nghi\u1ec7m \u0111\u00e3 t\u1eadp trung nghi\u00ean c\u1ee9u\u00a0 v\u00e0 ph\u00e1t tri\u1ec3n \u0111a d\u1ea1ng c\u00f4ng th\u1ee9c n\u01b0\u1edbc hoa n\u1eef nh\u1eb1m \u0111\u00e1p \u1ee9ng cho nhu c\u1ea7u xu h\u01b0\u1edbng\u00a0 c\u0169ng nh\u01b0 ph\u00e1t tri\u1ec3n m\u00f9i h\u01b0\u01a1ng nh\u1eb1m \u0111\u00e1p \u1ee9ng nhu c\u1ea7u c\u1ee7a t\u1eebng nh\u00f3m kh\u00e1ch h\u00e0ng.<\/span><\/p>\n<p style=\"text-align: justify;\"><span style=\"font-weight: 400; font-size: 12pt; font-family: arial, helvetica, sans-serif;\">T\u1eeb phong c\u00e1ch nh\u1eb9 nh\u00e0ng, thanh l\u1ecbch \u0111\u1ebfn n\u0103ng \u0111\u1ed9ng, c\u00e1 t\u00ednh \u2013 ch\u00fang t\u00f4i v\u1edbi \u0111\u1ed9i ng\u0169 R&amp;D nhi\u1ec1u n\u0103m kinh nghi\u1ec7m \u0111\u00e3 cho ra nhi\u1ec1u c\u00f4ng th\u1ee9c m\u00f9i h\u01b0\u01a1ng \u0111\u1ed9c \u0111\u00e1o, gi\u00fap doanh nghi\u1ec7p d\u1ec5 d\u00e0ng \u0111\u1ecbnh h\u00ecnh s\u1ea3n ph\u1ea9m mang d\u1ea5u \u1ea5n th\u01b0\u01a1ng hi\u1ec7u ri\u00eang.<\/span><\/p>\n<p style=\"text-align: justify;\"><span style=\"font-size: 12pt; font-family: arial, helvetica, sans-serif;\"><b>Women's perfume processing <\/b><span style=\"font-weight: 400;\">th\u01b0\u1eddng \u0111\u01b0\u1ee3c chia th\u00e0nh <\/span>3 lo\u1ea1i ch\u00ednh<span style=\"font-weight: 400;\"> d\u1ef1a tr\u00ean n\u1ed3ng \u0111\u1ed9 tinh d\u1ea7u th\u01a1m, v\u00e0 m\u1ed7i lo\u1ea1i l\u1ea1i c\u00f3 th\u1ec3 gia c\u00f4ng theo nhi\u1ec1u ki\u1ec3u d\u00e1ng nh\u01b0 d\u1ea1ng x\u1ecbt, d\u1ea1ng l\u0103n ho\u1eb7c d\u1ea1ng s\u00e1p (n\u01b0\u1edbc hoa kh\u00f4).<\/span><\/span><\/p>\n<p style=\"text-align: justify;\"><span style=\"font-weight: 400; font-size: 12pt; font-family: arial, helvetica, sans-serif;\">N\u1ed3ng \u0111\u1ed9 tinh d\u1ea7u:<\/span><\/p>\n<ul style=\"text-align: justify;\">\n<li><span style=\"font-size: 12pt; font-family: arial, helvetica, sans-serif;\"><b>Eau De Cologne (EDC)<\/b><span style=\"font-weight: 400;\"> \u2013 N\u1ed3ng \u0111\u1ed9 th\u1ea5p (~2\u20135%): L\u01b0u h\u01b0\u01a1ng t\u1eeb 2 &#8211; 3 ti\u1ebfng, m\u00f9i nh\u1eb9, tho\u00e1ng, d\u1ec5 ch\u1ecbu.<\/span><\/span><\/li>\n<li><span style=\"font-size: 12pt; font-family: arial, helvetica, sans-serif;\"><b>Eau De Toilette (EDT)<\/b><span style=\"font-weight: 400;\"> \u2013 N\u1ed3ng \u0111\u1ed9 trung b\u00ecnh (~5\u201315%): L\u01b0u h\u01b0\u01a1ng t\u1eeb 4 &#8211; 6 ti\u1ebfng, m\u00f9i r\u00f5 h\u01a1n, t\u1ecfa h\u01b0\u01a1ng t\u1ed1t.<\/span><\/span><\/li>\n<li><span style=\"font-size: 12pt; font-family: arial, helvetica, sans-serif;\"><strong>Eau De Parfum (EDP)<\/strong><span style=\"font-weight: 400;\"> \u2013 N\u1ed3ng \u0111\u1ed9 cao (~15\u201325%): L\u01b0 h\u01b0\u01a1ng 6 &#8211; 10 ti\u1ebfng, M\u00f9i s\u00e2u, b\u00e1m l\u00e2u, sang tr\u1ecdng.<\/span><\/span><\/li>\n<\/ul>\n<h3 style=\"text-align: justify;\"><span style=\"font-size: 14pt; font-family: arial, helvetica, sans-serif;\"><b>3.2 Quy tr\u00ecnh gia c\u00f4ng n\u01b0\u1edbc hoa n\u1eef t\u1ea1i Shizencos<\/b><\/span><\/h3>\n<p style=\"text-align: justify;\"><span style=\"font-weight: 400; font-size: 12pt; font-family: arial, helvetica, sans-serif;\">T\u1ea1i Shizencos, ch\u00fang t\u00f4i kh\u00f4ng ch\u1ec9 d\u1eebng l\u1ea1i \u1edf vi\u1ec7c ph\u00e1t tri\u1ec3n c\u00e1c c\u00f4ng th\u1ee9c m\u00f9i h\u01b0\u01a1ng \u0111\u1ed9c quy\u1ec1n \u0111\u00e1p \u1ee9ng m\u1ecdi nhu c\u1ea7u c\u1ee7a qu\u00fd doanh nghi\u1ec7p, m\u00e0 c\u00f2n t\u1ed1i \u01b0u h\u00f3a quy tr\u00ecnh gia c\u00f4ng n\u01b0\u1edbc hoa n\u1eef \u2013 t\u1eeb \u00fd t\u01b0\u1edfng ban \u0111\u1ea7u \u0111\u1ebfn s\u1ea3n ph\u1ea9m ho\u00e0n thi\u1ec7n. Vi\u1ec7c n\u00e0y gi\u00fap doanh nghi\u1ec7p ti\u1ebft ki\u1ec7m th\u1eddi gian, t\u1ed1i \u01b0u chi ph\u00ed v\u00e0 gi\u1ea3m thi\u1ec3u r\u1ee7i ro, \u0111\u1ed3ng th\u1eddi \u0111\u1ea3m b\u1ea3o m\u1ed7i s\u1ea3n ph\u1ea9m \u0111\u1ec1u \u0111\u1ea1t ch\u1ea5t l\u01b0\u1ee3ng cao, s\u1eb5n s\u00e0ng chinh ph\u1ee5c th\u1ecb tr\u01b0\u1eddng.<\/span><\/p>\n<p style=\"text-align: justify;\"><span style=\"font-weight: 400; font-size: 12pt; font-family: arial, helvetica, sans-serif;\">D\u01b0\u1edbi \u0111\u00e2y l\u00e0 9 b\u01b0\u1edbc ch\u00ednh trong quy tr\u00ecnh gia c\u00f4ng n\u01b0\u1edbc hoa n\u1eef t\u1ea1i Shizencos:<\/span><\/p>\n<p style=\"text-align: justify;\"><span style=\"font-size: 12pt; font-family: arial, helvetica, sans-serif;\"><b>Step 1: <\/b><span style=\"font-weight: 400;\">Contact for consultation \u2013 Listen to requests and advise on appropriate formulas.<\/span><\/span><\/p>\n<p style=\"text-align: justify;\"><span style=\"font-size: 12pt; font-family: arial, helvetica, sans-serif;\"><b>Step 2:<\/b><span style=\"font-weight: 400;\"> Research and Development \u2013 \u200b\u200bR&amp;D team researches and develops optimal formulas.<\/span><\/span><\/p>\n<p style=\"text-align: justify;\"><span style=\"font-size: 12pt; font-family: arial, helvetica, sans-serif;\"><b>Step 3: <\/b><span style=\"font-weight: 400;\">Send samples and adjust \u2013 Provide samples, adjust based on feedback.<\/span><\/span><\/p>\n<p style=\"text-align: justify;\"><span style=\"font-size: 12pt; font-family: arial, helvetica, sans-serif;\"><b>Step 4:<\/b><span style=\"font-weight: 400;\"> Finalize sample and quote \u2013 Confirm final formula, calculate cost<\/span><\/span><\/p>\n<p style=\"text-align: justify;\"><span style=\"font-size: 12pt; font-family: arial, helvetica, sans-serif;\"><b>Step 5:<\/b><span style=\"font-weight: 400;\"> Signing contract and cooperation \u2013 Both parties agree and sign the processing contract.<\/span><\/span><\/p>\n<p style=\"text-align: justify;\"><span style=\"font-size: 12pt; font-family: arial, helvetica, sans-serif;\"><b>Step 6: <\/b><span style=\"font-weight: 400;\">Prepare ingredients and stir the tank <\/span><span style=\"font-weight: 400;\">\u00a0\u2013<\/span><span style=\"font-weight: 400;\"> \u2013 Import and check the quality of input materials.<\/span><\/span><\/p>\n<p style=\"text-align: justify;\"><span style=\"font-size: 12pt; font-family: arial, helvetica, sans-serif;\"><b>Step 7:<\/b><span style=\"font-weight: 400;\"> Mass production \u2013 Put into production according to GMP standards.<\/span><\/span><\/p>\n<p style=\"text-align: justify;\"><span style=\"font-size: 12pt; font-family: arial, helvetica, sans-serif;\"><b>Step 8: <\/b><span style=\"font-weight: 400;\">Product packaging \u2013 Filling, sealing, labeling according to design.<\/span><\/span><\/p>\n<p style=\"text-align: justify;\"><span style=\"font-size: 12pt; font-family: arial, helvetica, sans-serif;\"><b>Step 9:<\/b><span style=\"font-weight: 400;\"> Delivery and post-production support \u2013 On-time delivery, legal support and business strategy.<\/span><\/span><\/p>\n<figure id=\"attachment_11889\" aria-describedby=\"caption-attachment-11889\" style=\"width: 1500px\" class=\"wp-caption aligncenter\"><a href=\"https:\/\/shizencos.com\/wp-content\/uploads\/2024\/10\/4-1.png\"><img decoding=\"async\" class=\"size-full wp-image-11889\" src=\"https:\/\/shizencos.com\/wp-content\/uploads\/2024\/10\/4-1.png\" alt=\"M\u1ed7i quy tr\u00ecnh gia c\u00f4ng s\u1ea3n xu\u1ea5t \u0111\u1ec1u r\u1ea5t chuy\u00ean nghi\u1ec7p\" width=\"1500\" height=\"600\" title=\"\" srcset=\"https:\/\/shizencos.com\/wp-content\/uploads\/2024\/10\/4-1.png 1500w, https:\/\/shizencos.com\/wp-content\/uploads\/2024\/10\/4-1-150x60.png 150w, https:\/\/shizencos.com\/wp-content\/uploads\/2024\/10\/4-1-18x7.png 18w, https:\/\/shizencos.com\/wp-content\/uploads\/2024\/10\/4-1-300x120.png 300w, https:\/\/shizencos.com\/wp-content\/uploads\/2024\/10\/4-1-768x307.png 768w, https:\/\/shizencos.com\/wp-content\/uploads\/2024\/10\/4-1-1024x410.png 1024w, https:\/\/shizencos.com\/wp-content\/uploads\/2024\/10\/4-1-600x240.png 600w\" sizes=\"(max-width: 1500px) 100vw, 1500px\" \/><\/a><figcaption id=\"caption-attachment-11889\" class=\"wp-caption-text\">M\u1ed7i quy tr\u00ecnh gia c\u00f4ng s\u1ea3n xu\u1ea5t \u0111\u1ec1u r\u1ea5t chuy\u00ean nghi\u1ec7p<\/figcaption><\/figure>\n<p style=\"text-align: justify;\"><span style=\"font-weight: 400; font-size: 12pt; font-family: arial, helvetica, sans-serif;\">Shizencos cam k\u1ebft mang \u0111\u1ebfn nh\u1eefng m\u1eabu n\u01b0\u1edbc hoa ch\u1ea5t l\u01b0\u1ee3ng cao v\u00e0 m\u00f9i h\u01b0\u01a1ng ghi d\u1ea5u \u1ea5n cho ph\u00e1i \u0111\u1eb9p, gi\u00fap doanh nghi\u1ec7p nhanh ch\u00f3ng ra m\u1eaft th\u1ecb tr\u01b0\u1eddng v\u00e0 \u0111em v\u1ec1 doanh s\u1ed1 cao. V\u1edbi quy tr\u00ecnh l\u00e0m vi\u1ec7c minh b\u1ea1ch, h\u1ec7 th\u1ed1ng s\u1ea3n xu\u1ea5t \u0111\u1ea1t chu\u1ea9n v\u00e0 d\u1ecbch v\u1ee5 gia c\u00f4ng tr\u1ecdn g\u00f3i t\u1eeb A \u0111\u1ebfn Z, ch\u00fang t\u00f4i kh\u00f4ng ch\u1ec9 l\u00e0 nh\u00e0 m\u00e1y gia c\u00f4ng \u2013 m\u00e0 c\u00f2n l\u00e0 \u0111\u1ed1i t\u00e1c chi\u1ebfn l\u01b0\u1ee3c \u0111\u00e1ng tin c\u1eady \u0111\u1ed3ng h\u00e0nh c\u00f9ng b\u1ea1n trong h\u00e0nh tr\u00ecnh x\u00e2y d\u1ef1ng v\u00e0 ph\u00e1t tri\u1ec3n th\u01b0\u01a1ng hi\u1ec7u m\u1ef9 ph\u1ea9m b\u1ec1n v\u1eefng.<\/span><\/p>\n<h2 style=\"text-align: justify;\"><span style=\"font-size: 14pt;\"><b>Conclude<\/b><\/span><\/h2>\n<p style=\"text-align: justify;\"><span style=\"font-weight: 400; font-size: 12pt; font-family: arial, helvetica, sans-serif;\">Gia c\u00f4ng n\u01b0\u1edbc hoa n\u1eef l\u00e0 b\u01b0\u1edbc \u0111i chi\u1ebfn l\u01b0\u1ee3c gi\u00fap doanh nghi\u1ec7p m\u1edf r\u1ed9ng th\u1ecb ph\u1ea7n v\u00e0 n\u00e2ng t\u1ea7m th\u01b0\u01a1ng hi\u1ec7u trong ng\u00e0nh m\u1ef9 ph\u1ea9m. T\u1ea1i Shizencos, ch\u00fang t\u00f4i \u1ee9ng d\u1ee5ng c\u00f4ng ngh\u1ec7 s\u1ea3n xu\u1ea5t hi\u1ec7n \u0111\u1ea1i, quy tr\u00ecnh th\u00e2n thi\u1ec7n v\u1edbi m\u00f4i tr\u01b0\u1eddng v\u00e0 \u0111\u1ed9i ng\u0169 chuy\u00ean m\u00f4n cao nh\u1eb1m mang \u0111\u1ebfn gi\u1ea3i ph\u00e1p gia c\u00f4ng tr\u1ecdn g\u00f3i, \u0111\u1ea3m b\u1ea3o ch\u1ea5t l\u01b0\u1ee3ng, an to\u00e0n v\u00e0 hi\u1ec7u qu\u1ea3 cho t\u1eebng s\u1ea3n ph\u1ea9m.<\/span><\/p>\n<p style=\"text-align: justify;\"><span style=\"font-weight: 400; font-size: 12pt; font-family: arial, helvetica, sans-serif;\">Li\u00ean h\u1ec7 v\u1edbi Shizencos ngay h\u00f4m nay \u0111\u1ec3 \u0111\u01b0\u1ee3c t\u01b0 v\u1ea5n chi ti\u1ebft v\u00e0 c\u00f9ng b\u1ea1n ki\u1ebfn t\u1ea1o nh\u1eefng d\u00f2ng n\u01b0\u1edbc hoa n\u1eef ph\u00f9 h\u1ee3p v\u1edbi doanh nghi\u1ec7p c\u1ee7a b\u1ea1n, ph\u00f9 h\u1ee3p xu h\u01b0\u1edbng \u2013 s\u1eb5n s\u00e0ng chinh ph\u1ee5c th\u1ecb tr\u01b0\u1eddng k\u1ec3 c\u1ea3 kh\u00e1ch h\u00e0ng kh\u00f3 t\u00ednh!<\/span><\/p>","protected":false},"excerpt":{"rendered":"<p><span style=\"font-size: 12pt;\">Shizencos<span style=\"font-weight: 400;\"> cung c\u1ea5p d\u1ecbch v\u1ee5 gia c\u00f4ng n\u01b0\u1edbc hoa n\u1eef tr\u1ecdn g\u00f3i t\u1eeb nghi\u00ean c\u1ee9u c\u00f4ng th\u1ee9c, ph\u00e1t tri\u1ec3n s\u1ea3n ph\u1ea9m \u0111\u1ebfn s\u1ea3n xu\u1ea5t h\u00e0ng lo\u1ea1t v\u00e0 \u0111\u00f3ng g\u00f3i th\u00e0nh ph\u1ea9m. S\u1ea3n ph\u1ea9m n\u01b0\u1edbc hoa t\u1ea1i Shizencos \u0111\u1ea3m b\u1ea3o \u0111\u1ed9 l\u01b0u h\u01b0\u01a1ng t\u1ed1t, tinh t\u1ebf v\u1ec1 c\u1ea3m quan v\u00e0 th\u1ec3 hi\u1ec7n tr\u1ecdn v\u1eb9n tinh th\u1ea7n c\u1ee7a th\u01b0\u01a1ng hi\u1ec7u b\u1ea1n.<\/span><\/span><\/p>","protected":false},"featured_media":11933,"comment_status":"open","ping_status":"closed","template":"","meta":[],"product_brand":[],"product_cat":[21],"product_tag":[],"class_list":{"0":"post-11636","1":"product","2":"type-product","3":"status-publish","4":"has-post-thumbnail","6":"product_cat-gia-cong-nuoc-hoa","8":"first","9":"instock","10":"shipping-taxable","11":"product-type-simple"},"_links":{"self":[{"href":"https:\/\/shizencos.com\/en\/wp-json\/wp\/v2\/product\/11636","targetHints":{"allow":["GET"]}}],"collection":[{"href":"https:\/\/shizencos.com\/en\/wp-json\/wp\/v2\/product"}],"about":[{"href":"https:\/\/shizencos.com\/en\/wp-json\/wp\/v2\/types\/product"}],"replies":[{"embeddable":true,"href":"https:\/\/shizencos.com\/en\/wp-json\/wp\/v2\/comments?post=11636"}],"wp:featuredmedia":[{"embeddable":true,"href":"https:\/\/shizencos.com\/en\/wp-json\/wp\/v2\/media\/11933"}],"wp:attachment":[{"href":"https:\/\/shizencos.com\/en\/wp-json\/wp\/v2\/media?parent=11636"}],"wp:term":[{"taxonomy":"product_brand","embeddable":true,"href":"https:\/\/shizencos.com\/en\/wp-json\/wp\/v2\/product_brand?post=11636"},{"taxonomy":"product_cat","embeddable":true,"href":"https:\/\/shizencos.com\/en\/wp-json\/wp\/v2\/product_cat?post=11636"},{"taxonomy":"product_tag","embeddable":true,"href":"https:\/\/shizencos.com\/en\/wp-json\/wp\/v2\/product_tag?post=11636"}],"curies":[{"name":"wp","href":"https:\/\/api.w.org\/{rel}","templated":true}]}}