{"id":11633,"date":"2024-10-25T16:25:01","date_gmt":"2024-10-25T09:25:01","guid":{"rendered":"https:\/\/shizencos.com\/?post_type=product&#038;p=11633"},"modified":"2025-05-26T20:34:20","modified_gmt":"2025-05-26T13:34:20","slug":"gia-cong-nuoc-hoa-kho","status":"publish","type":"product","link":"https:\/\/shizencos.com\/en\/gia-cong-nuoc-hoa-kho\/","title":{"rendered":"Dry perfume processing"},"content":{"rendered":"<p><span style=\"font-weight: 400; font-family: arial, helvetica, sans-serif; font-size: 12pt;\">N\u01b0\u1edbc hoa kh\u00f4 kh\u00f4ng ch\u1ec9 l\u00e0 s\u1ea3n ph\u1ea9m t\u1ea1o m\u00f9i h\u01b0\u01a1ng, m\u00e0 c\u00f2n \u0111em \u0111\u1ebfn xu h\u01b0\u1edbng ti\u00eau d\u00f9ng m\u1edbi trong ng\u00e0nh m\u1ef9 ph\u1ea9m hi\u1ec7n \u0111\u1ea1i &#8211; n\u01a1i m\u00e0 t\u00ednh ti\u1ec7n l\u1ee3i, tinh t\u1ebf \u0111\u01b0\u1ee3c \u0111\u1eb7t l\u00ean tr\u00ean h\u1ebft. <\/span><span style=\"font-weight: 400; font-family: arial, helvetica, sans-serif; font-size: 12pt;\">\u0110\u00e2y \u0111\u01b0\u1ee3c xem l\u00e0 d\u00f2ng s\u1ea3n ph\u1ea9m \u0111\u1ed9c \u0111\u00e1o\u00a0 &#8211; d\u1ec5 s\u1eed d\u1ee5ng &#8211; nh\u1ecf g\u1ecdn, \u0111\u1eb7c bi\u1ec7t ph\u00f9 h\u1ee3p v\u1edbi ph\u00e2n kh\u00fac kh\u00e1ch h\u00e0ng tr\u1ebb c\u0169ng nh\u01b0 l\u00e0m qu\u00e0 t\u1eb7ng.<\/span><\/p>\n<p><span style=\"font-family: arial, helvetica, sans-serif; font-size: 12pt;\">N\u1ebfu b\u1ea1n l\u00e0 doanh nghi\u1ec7p m\u1ef9 ph\u1ea9m \u0111ang t\u00ecm ki\u1ebfm m\u1ed9t d\u00f2ng s\u1ea3n ph\u1ea9m kh\u00e1c bi\u1ec7t, tinh t\u1ebf v\u00e0 gi\u00e0u ti\u1ec1m n\u0103ng, h\u00e3y kh\u00e1m ph\u00e1 ngay d\u1ecbch v\u1ee5 gia c\u00f4ng n\u01b0\u1edbc hoa kh\u00f4 b\u00ean d\u01b0\u1edbi!<\/span><\/p>\n<h2><span style=\"font-size: 14pt;\">1. Gia c\u00f4ng n\u01b0\u1edbc hoa kh\u00f4 l\u00e0 g\u00ec?<\/span><\/h2>\n<p><span style=\"font-family: arial, helvetica, sans-serif; font-size: 12pt;\">N\u01b0\u1edbc hoa kh\u00f4 l\u00e0 m\u1ed9t d\u1ea1ng n\u01b0\u1edbc hoa \u1edf th\u1ec3 r\u1eafn, th\u01b0\u1eddng c\u00f3 k\u1ebft c\u1ea5u s\u00e1p hay balm, th\u00e0nh ph\u1ea7n th\u01b0\u1eddng l\u00e0 s\u00e1p th\u1ef1c v\u1eadt, b\u01a1 th\u1ef1c v\u1eadt, d\u1ea7u n\u1ec1n, tinh d\u1ea7u hay h\u01b0\u01a1ng li\u1ec7u t\u1ea1o m\u00f9i th\u01a1m.<\/span><\/p>\n<p><span style=\"font-family: arial, helvetica, sans-serif; font-size: 12pt;\">Gia c\u00f4ng n\u01b0\u1edbc hoa kh\u00f4 l\u00e0 qu\u00e1 tr\u00ecnh s\u1ea3n xu\u1ea5t n\u01b0\u1edbc hoa \u1edf d\u1ea1ng s\u00e1p theo y\u00eau c\u1ea7u c\u1ee7a doanh nghi\u1ec7p hay th\u01b0\u01a1ng hi\u1ec7u m\u1ef9 ph\u1ea9m, d\u1ef1a tr\u00ean c\u00f4ng th\u1ee9c c\u00f3 s\u1eb5n ho\u1eb7c \u0111\u01b0\u1ee3c nghi\u00ean c\u1ee9u m\u1edbi nh\u1eb1m ph\u00f9 h\u1ee3p v\u1edbi th\u01b0\u01a1ng hi\u1ec7u c\u1ee7a b\u1ea1n. H\u00ecnh th\u1ee9c gia c\u00f4ng n\u00e0y gi\u00fap doanh nghi\u1ec7p ti\u1ebft ki\u1ec7m th\u1eddi gian, chi ph\u00ed ph\u00e1t tri\u1ec3n s\u1ea3n ph\u1ea9m v\u00e0 v\u1eadn h\u00e0nh nh\u00e0 m\u00e1y. \u0110\u00e2y l\u00e0 l\u1ef1a ch\u1ecdn l\u00fd t\u01b0\u1edfng \u0111\u1ec3 nhanh ch\u00f3ng ra m\u1eaft d\u00f2ng s\u1ea3n ph\u1ea9m tinh t\u1ebf, nh\u1ecf g\u1ecdn v\u00e0 \u0111\u1ea7y ti\u1ec1m n\u0103ng tr\u00ean th\u1ecb tr\u01b0\u1eddng<\/span>.<\/p>\n<figure id=\"attachment_11895\" aria-describedby=\"caption-attachment-11895\" style=\"width: 1500px\" class=\"wp-caption aligncenter\"><a href=\"https:\/\/shizencos.com\/wp-content\/uploads\/2024\/10\/1-34.png\"><img fetchpriority=\"high\" decoding=\"async\" class=\"size-full wp-image-11895\" src=\"https:\/\/shizencos.com\/wp-content\/uploads\/2024\/10\/1-34.png\" alt=\"Kh\u00e1i qu\u00e1t v\u1ec1 s\u1ea3n ph\u1ea9m gia c\u00f4ng n\u01b0\u1edbc hoa kh\u00f4 n\u1ed5i trong 2025\" width=\"1500\" height=\"600\" title=\"\" srcset=\"https:\/\/shizencos.com\/wp-content\/uploads\/2024\/10\/1-34.png 1500w, https:\/\/shizencos.com\/wp-content\/uploads\/2024\/10\/1-34-150x60.png 150w, https:\/\/shizencos.com\/wp-content\/uploads\/2024\/10\/1-34-18x7.png 18w, https:\/\/shizencos.com\/wp-content\/uploads\/2024\/10\/1-34-300x120.png 300w, https:\/\/shizencos.com\/wp-content\/uploads\/2024\/10\/1-34-768x307.png 768w, https:\/\/shizencos.com\/wp-content\/uploads\/2024\/10\/1-34-1024x410.png 1024w, https:\/\/shizencos.com\/wp-content\/uploads\/2024\/10\/1-34-600x240.png 600w\" sizes=\"(max-width: 1500px) 100vw, 1500px\" \/><\/a><figcaption id=\"caption-attachment-11895\" class=\"wp-caption-text\">Kh\u00e1i qu\u00e1t v\u1ec1 s\u1ea3n ph\u1ea9m gia c\u00f4ng n\u01b0\u1edbc hoa kh\u00f4 n\u1ed5i trong 2025<\/figcaption><\/figure>\n<h2><span style=\"font-size: 14pt; font-family: arial, helvetica, sans-serif;\"><strong>2. L\u1ee3i \u00edch c\u1ee7a vi\u1ec7c l\u1ef1a ch\u1ecdn gia c\u00f4ng n\u01b0\u1edbc hoa kh\u00f4<\/strong><\/span><\/h2>\n<p>L\u1ef1a ch\u1ecdn h\u00ecnh th\u1ee9c gia c\u00f4ng n\u01b0\u1edbc hoa kh\u00f4 gi\u00fap cho doanh nghi\u1ec7p ti\u1ebft ki\u1ec7m \u0111\u01b0\u1ee3c th\u1eddi gian v\u00e0 chi ph\u00ed s\u1ea3n xu\u1ea5t. Gi\u00fap doanh nghi\u1ec7p c\u00f3 nhi\u1ec1u th\u1eddi gian v\u00e0 chi ph\u00ed marketing s\u1ea3n ph\u1ea9m v\u00e0 th\u01b0\u01a1ng hi\u1ec7u m\u00e0 v\u1eabn \u0111\u1ea3m b\u1ea3o ch\u1ea5t l\u01b0\u1ee3ng \u2013 m\u00f9i h\u01b0\u01a1ng \u0111\u1ed9c quy\u1ec1n \u2013 bao b\u00ec theo \u0111\u1ecbnh v\u1ecb th\u01b0\u01a1ng hi\u1ec7u.<\/p>\n<p>\u2705 1. Ti\u1ebft ki\u1ec7m chi ph\u00ed \u0111\u1ea7u t\u01b0 ban \u0111\u1ea7u<\/p>\n<p>\u2705 2. S\u1edf h\u1eefu c\u00f4ng th\u1ee9c ri\u00eang bi\u1ec7t, ra m\u1eaft s\u1ea3n ph\u1ea9m nhanh ch\u00f3ng<\/p>\n<p>\u2705 3. Linh ho\u1ea1t s\u1ed1 l\u01b0\u1ee3ng \u2013 d\u1ec5 th\u1eed nghi\u1ec7m th\u1ecb tr\u01b0\u1eddng<\/p>\n<p>\u2705 4. H\u1ed7 tr\u1ee3 to\u00e0n b\u1ed9 gi\u1ea5y t\u1edd ph\u00e1p l\u00fd, c\u00f4ng b\u1ed1 s\u1ea3n ph\u1ea9m v\u00e0 ki\u1ec3m \u0111\u1ecbnh ch\u1ea5t l\u01b0\u1ee3ng<\/p>\n<p>\u2705 5. S\u1ea3n ph\u1ea9m ch\u1ea5t l\u01b0\u1ee3ng, \u0111\u1ea3m b\u1ea3o ti\u00eau chu\u1ea9n<\/p>\n<p>\u2705\u00a06. B\u1eaft k\u1ecbp xu h\u01b0\u1edbng ti\u00eau d\u00f9ng m\u1edbi<\/p>\n<h2><span style=\"font-family: arial, helvetica, sans-serif; font-size: 14pt;\">3. Sunscreen processing at Shizencos<\/span><\/h2>\n<p>T\u1ea1i Shizencos ch\u00fang t\u00f4i mang \u0111\u1ebfn d\u1ecbch v\u1ee5 gia c\u00f4ng n\u01b0\u1edbc hoa kh\u00f4 tr\u1ecdn g\u00f3i &#8211; t\u1eeb nghi\u00ean c\u1ee9u m\u00f9i h\u01b0\u01a1ng, l\u1ef1a ch\u1ecdn nguy\u00ean li\u1ec7u, s\u1ea3n xu\u1ea5t theo ti\u00eau chu\u1ea9n CGMP \u0111\u1ebfn h\u1ed7 tr\u1ee3 c\u00f4ng b\u1ed1 s\u1ea3n ph\u1ea9m v\u00e0 thi\u1ebft k\u1ebf bao b\u00ec ph\u00f9 h\u1ee3p v\u1edbi th\u01b0\u01a1ng hi\u1ec7u c\u1ee7a doanh nghi\u1ec7p.<\/p>\n<p>V\u1edbi \u0111\u1ed9i ng\u0169 R&amp;D gi\u00e0u kinh nghi\u1ec7m v\u00e0 d\u00e2y chuy\u1ec1n s\u1ea3n xu\u1ea5t hi\u1ec7n \u0111\u1ea1i, Shizencos cam k\u1ebft mang \u0111\u1ebfn nh\u1eefng d\u00f2ng n\u01b0\u1edbc hoa kh\u00f4 tinh t\u1ebf, an to\u00e0n v\u00e0 gi\u00e0u t\u00ednh c\u00e1 nh\u00e2n h\u00f3a \u2013 gi\u00fap th\u01b0\u01a1ng hi\u1ec7u c\u1ee7a b\u1ea1n n\u1ed5i b\u1eadt tr\u00ean th\u1ecb tr\u01b0\u1eddng v\u00e0 t\u1ea1o d\u1ef1ng uy t\u00edn trong l\u00f2ng ng\u01b0\u1eddi ti\u00eau d\u00f9ng.<\/p>\n<figure id=\"attachment_11896\" aria-describedby=\"caption-attachment-11896\" style=\"width: 1500px\" class=\"wp-caption aligncenter\"><a href=\"https:\/\/shizencos.com\/wp-content\/uploads\/2024\/10\/2-33.png\"><img decoding=\"async\" class=\"size-full wp-image-11896\" src=\"https:\/\/shizencos.com\/wp-content\/uploads\/2024\/10\/2-33.png\" alt=\"Th\u00e0nh ph\u1ea7n gia c\u00f4ng n\u01b0\u1edbc hoa kh\u00f4 \u0111\u1ea3m b\u1ea3o an to\u00e0n\" width=\"1500\" height=\"600\" title=\"\" srcset=\"https:\/\/shizencos.com\/wp-content\/uploads\/2024\/10\/2-33.png 1500w, https:\/\/shizencos.com\/wp-content\/uploads\/2024\/10\/2-33-150x60.png 150w, https:\/\/shizencos.com\/wp-content\/uploads\/2024\/10\/2-33-18x7.png 18w, https:\/\/shizencos.com\/wp-content\/uploads\/2024\/10\/2-33-300x120.png 300w, https:\/\/shizencos.com\/wp-content\/uploads\/2024\/10\/2-33-768x307.png 768w, https:\/\/shizencos.com\/wp-content\/uploads\/2024\/10\/2-33-1024x410.png 1024w, https:\/\/shizencos.com\/wp-content\/uploads\/2024\/10\/2-33-600x240.png 600w\" sizes=\"(max-width: 1500px) 100vw, 1500px\" \/><\/a><figcaption id=\"caption-attachment-11896\" class=\"wp-caption-text\">Th\u00e0nh ph\u1ea7n gia c\u00f4ng n\u01b0\u1edbc hoa kh\u00f4 \u0111\u1ea3m b\u1ea3o an to\u00e0n<\/figcaption><\/figure>\n<h3><span style=\"font-size: 14pt;\">3.1 C\u00f4ng th\u1ee9c n\u01b0\u1edbc hoa kh\u00f4 \u0111a d\u1ea1ng<\/span><\/h3>\n<p>M\u1ed9t trong nh\u1eefng y\u1ebfu t\u1ed1 then ch\u1ed1t t\u1ea1o n\u00ean s\u1ef1 cu\u1ed1n h\u00fat v\u00e0 kh\u00e1c bi\u1ec7t c\u1ee7a s\u1ea3n ph\u1ea9m n\u01b0\u1edbc hoa kh\u00f4 ch\u00ednh l\u00e0 m\u00f9i h\u01b0\u01a1ng v\u00e0 s\u1ef1 ti\u1ec7n l\u1ee3i. Hi\u1ec3u r\u00f5 \u0111i\u1ec1u \u0111\u00f3, Shizencos t\u1eadp trung nghi\u00ean c\u1ee9u v\u00e0 ph\u00e1t tri\u1ec3n \u0111a d\u1ea1ng c\u00f4ng th\u1ee9c n\u01b0\u1edbc hoa kh\u00f4 \u2013 k\u1ebft h\u1ee3p gi\u1eefa tinh d\u1ea7u thi\u00ean nhi\u00ean, n\u1ec1n s\u00e1p an to\u00e0n v\u00e0 c\u00f4ng ngh\u1ec7 ph\u1ed1i h\u01b0\u01a1ng hi\u1ec7n \u0111\u1ea1i, ph\u00f9 h\u1ee3p v\u1edbi t\u1eebng t\u1ec7p kh\u00e1ch h\u00e0ng c\u1ee7a m\u1ed7i doanh nghi\u1ec7p.<\/p>\n<ul>\n<li><strong>N\u01b0\u1edbc hoa kh\u00f4 d\u1ea1ng h\u0169:<\/strong> D\u1ea1ng s\u00e1p m\u1ec1m, \u0111\u1ef1ng trong h\u0169 nh\u1ecf (th\u1ee7y tinh, nh\u00f4m, nh\u1ef1a); Ph\u1ed5 bi\u1ebfn v\u00e0 d\u1ec5 t\u00f9y bi\u1ebfn m\u00f9i h\u01b0\u01a1ng.<\/li>\n<li><strong>N\u01b0\u1edbc hoa kh\u00f4 d\u1ea1ng th\u1ecfi (stick):<\/strong> Thi\u1ebft k\u1ebf gi\u1ed1ng son d\u01b0\u1ee1ng; ti\u1ec7n l\u1ee3i, s\u1ea1ch s\u1ebd, d\u1ec5 s\u1eed d\u1ee5ng khi di chuy\u1ec3n.<\/li>\n<li><strong>N\u01b0\u1edbc hoa kh\u00f4 d\u1ea1ng balm cao c\u1ea5p:<\/strong> Ch\u1ea5t s\u00e1p m\u1ecbn h\u01a1n, th\u01b0\u1eddng \u0111\u1ef1ng trong h\u0169 sang tr\u1ecdng (g\u1ed7, kim lo\u1ea1i), h\u01b0\u1edbng \u0111\u1ebfn ph\u00e2n kh\u00fac qu\u00e0 t\u1eb7ng ho\u1eb7c luxury.<\/li>\n<\/ul>\n<h3><span style=\"font-family: arial, helvetica, sans-serif; font-size: 14pt;\">3.2 Quy tr\u00ecnh gia c\u00f4ng n\u01b0\u1edbc hoa kh\u00f4 t\u1ea1i Shizencos<\/span><\/h3>\n<p><span style=\"font-family: arial, helvetica, sans-serif; font-size: 12pt;\">T\u1ea1i Shizencos, kh\u00f4ng ch\u1ec9 d\u1eebng \u1edf vi\u1ec7c cung c\u1ea5p c\u00f4ng th\u1ee9c ch\u1ea5t l\u01b0\u1ee3ng cao m\u00e0 c\u00f2n t\u1ed1i \u01b0u h\u00f3a to\u00e0n b\u1ed9 quy tr\u00ecnh s\u1ea3n xu\u1ea5t t\u1eeb \u00fd t\u01b0\u1edfng \u0111\u1ebfn th\u00e0nh ph\u1ea9m cu\u1ed1i c\u00f9ng, gi\u00fap cho doanh nghi\u1ec7p ti\u1ebft ki\u1ec7m th\u1eddi gian &#8211; t\u1ed1i \u01b0u chi ph\u00ed &#8211; h\u1ea1n ch\u1ebf r\u1ee7i ro. \u0110\u1ea3m b\u1ea3o s\u1ea3n ph\u1ea9m \u0111\u1ea1t ch\u1ea5t l\u01b0\u1ee3ng cao. D\u01b0\u1edbi \u0111\u00e2y l\u00e0 9 b\u01b0\u1edbc ch\u00ednh trong quy tr\u00ecnh gia c\u00f4ng n\u01b0\u1edbc hoa kh\u00f4 t\u1ea1i Shizencos:<\/span><\/p>\n<p><span style=\"font-family: arial, helvetica, sans-serif; font-size: 12pt;\"><strong>Step 1:<\/strong> Contact for consultation \u2013 Listen to requests and advise on appropriate formulas.<\/span><\/p>\n<p><span style=\"font-family: arial, helvetica, sans-serif; font-size: 12pt;\"><strong>Step 2:<\/strong> Research and Development \u2013 \u200b\u200bR&amp;D team researches and develops optimal formulas.<\/span><\/p>\n<p><span style=\"font-family: arial, helvetica, sans-serif; font-size: 12pt;\"><strong>Step 3:<\/strong> Send samples and adjust \u2013 Provide samples, adjust based on feedback.<\/span><\/p>\n<p><span style=\"font-family: arial, helvetica, sans-serif; font-size: 12pt;\"><strong>Step 4:<\/strong> Ch\u1ed1t m\u1eabu v\u00e0 b\u00e1o gi\u00e1 \u2013 X\u00e1c nh\u1eadn c\u00f4ng th\u1ee9c cu\u1ed1i c\u00f9ng, t\u00ednh to\u00e1n chi ph\u00ed<\/span><\/p>\n<p><span style=\"font-family: arial, helvetica, sans-serif; font-size: 12pt;\"><strong>Step 5:<\/strong> Signing contract and cooperation \u2013 Both parties agree and sign the processing contract.<\/span><\/p>\n<p><span style=\"font-family: arial, helvetica, sans-serif; font-size: 12pt;\"><strong>Step 6:<\/strong> Chu\u1ea9n b\u1ecb nguy\u00ean li\u1ec7u v\u00e0 khu\u1ea5y b\u1ed3n \u2013 Nh\u1eadp kh\u1ea9u v\u00e0 ki\u1ec3m \u0111\u1ecbnh ch\u1ea5t l\u01b0\u1ee3ng nguy\u00ean li\u1ec7u \u0111\u1ea7u v\u00e0o.<\/span><\/p>\n<p><span style=\"font-family: arial, helvetica, sans-serif; font-size: 12pt;\"><strong>Step 7:<\/strong> S\u1ea3n xu\u1ea5t h\u00e0ng lo\u1ea1t \u2013 \u0110\u01b0a v\u00e0o s\u1ea3n xu\u1ea5t theo ti\u00eau chu\u1ea9n GMP.<\/span><\/p>\n<p><span style=\"font-family: arial, helvetica, sans-serif; font-size: 12pt;\"><strong>Step 8:<\/strong> Product packaging \u2013 Filling, sealing, labeling according to design.<\/span><\/p>\n<p><span style=\"font-family: arial, helvetica, sans-serif; font-size: 12pt;\"><strong>Step 9:<\/strong> Giao h\u00e0ng v\u00e0 h\u1ed7 tr\u1ee3 h\u1eadu s\u1ea3n xu\u1ea5t \u2013 B\u00e0n giao \u0111\u00fang ti\u1ebfn \u0111\u1ed9, h\u1ed7 tr\u1ee3 ph\u00e1p l\u00fd v\u00e0 chi\u1ebfn l\u01b0\u1ee3c kinh doanh.<\/span><\/p>\n<p>Shizencos cam k\u1ebft mang \u0111\u1ebfn s\u1ea3n ph\u1ea9m ch\u1ea5t l\u01b0\u1ee3ng cao, gi\u00fap doanh nghi\u1ec7p ra m\u1eaft th\u1ecb tr\u01b0\u1eddng nhanh ch\u00f3ng! V\u1edbi s\u1ef1 \u0111\u1ea7u t\u01b0 ch\u1ec9n chu, minh b\u1ea1ch v\u00e0 d\u1ecbch v\u1ee5 t\u1eadn t\u00e2m t\u1eeb A \u0111\u1ebfn Z, Shizencos kh\u00f4ng ch\u1ec9 l\u00e0 \u0111\u01a1n v\u1ecb s\u1ea3n xu\u1ea5t m\u00e0 c\u00f2n l\u00e0 ng\u01b0\u1eddi \u0111\u1ed3ng h\u00e0nh \u0111\u00e1ng tin c\u1eady trong h\u00e0nh tr\u00ecnh x\u00e2y d\u1ef1ng v\u00e0 ph\u00e1t tri\u1ec3n th\u01b0\u01a1ng hi\u1ec7u m\u1ef9 ph\u1ea9m c\u1ee7a b\u1ea1n.<\/p>\n<figure id=\"attachment_11897\" aria-describedby=\"caption-attachment-11897\" style=\"width: 1500px\" class=\"wp-caption aligncenter\"><a href=\"https:\/\/shizencos.com\/wp-content\/uploads\/2024\/10\/3-27.png\"><img decoding=\"async\" class=\"size-full wp-image-11897\" src=\"https:\/\/shizencos.com\/wp-content\/uploads\/2024\/10\/3-27.png\" alt=\"Kinh doanh n\u01b0\u1edbc hoa kh\u00f4 ng\u00e0y c\u00e0ng \u0111\u01b0\u1ee3c quan t\u00e2m nhi\u1ec1u\" width=\"1500\" height=\"600\" title=\"\" srcset=\"https:\/\/shizencos.com\/wp-content\/uploads\/2024\/10\/3-27.png 1500w, https:\/\/shizencos.com\/wp-content\/uploads\/2024\/10\/3-27-150x60.png 150w, https:\/\/shizencos.com\/wp-content\/uploads\/2024\/10\/3-27-18x7.png 18w, https:\/\/shizencos.com\/wp-content\/uploads\/2024\/10\/3-27-300x120.png 300w, https:\/\/shizencos.com\/wp-content\/uploads\/2024\/10\/3-27-768x307.png 768w, https:\/\/shizencos.com\/wp-content\/uploads\/2024\/10\/3-27-1024x410.png 1024w, https:\/\/shizencos.com\/wp-content\/uploads\/2024\/10\/3-27-600x240.png 600w\" sizes=\"(max-width: 1500px) 100vw, 1500px\" \/><\/a><figcaption id=\"caption-attachment-11897\" class=\"wp-caption-text\">Kinh doanh n\u01b0\u1edbc hoa kh\u00f4 ng\u00e0y c\u00e0ng \u0111\u01b0\u1ee3c quan t\u00e2m nhi\u1ec1u<\/figcaption><\/figure>\n<h2><strong>Conclude<\/strong><\/h2>\n<p>Gia c\u00f4ng n\u01b0\u1edbc hoa kh\u00f4 l\u00e0 s\u1ef1 l\u1ef1a ch\u1ecdn chi\u1ebfn l\u01b0\u1ee3c cho c\u00e1c th\u01b0\u01a1ng hi\u1ec7u m\u1ef9 ph\u1ea9m mu\u1ed1n t\u1ea1o d\u1ea5u \u1ea5n ri\u00eang trong th\u1ecb tr\u01b0\u1eddng hi\u1ec7n \u0111\u1ea1i \u2013 v\u1eeba ti\u1ebft ki\u1ec7m chi ph\u00ed, v\u1eeba linh ho\u1ea1t ph\u00e1t tri\u1ec3n s\u1ea3n ph\u1ea9m theo xu h\u01b0\u1edbng. V\u1edbi n\u1ec1n t\u1ea3ng c\u00f4ng ngh\u1ec7 cao, \u0111\u1ed9i ng\u0169 chuy\u00ean gia m\u00f9i h\u01b0\u01a1ng v\u00e0 quy tr\u00ecnh kh\u00e9p k\u00edn, Shizencos t\u1ef1 tin \u0111\u1ed3ng h\u00e0nh c\u00f9ng b\u1ea1n trong h\u00e0nh tr\u00ecnh t\u1ea1o ra nh\u1eefng d\u00f2ng n\u01b0\u1edbc hoa kh\u00f4 tinh t\u1ebf, \u0111\u1ed9c \u0111\u00e1o v\u00e0 \u0111\u1eadm ch\u1ea5t th\u01b0\u01a1ng hi\u1ec7u.<\/p>\n<p>Li\u00ean h\u1ec7 Shizencos ngay h\u00f4m nay \u0111\u1ec3 \u0111\u01b0\u1ee3c t\u01b0 v\u1ea5n mi\u1ec5n ph\u00ed v\u00e0 hi\u1ec7n th\u1ef1c h\u00f3a \u00fd t\u01b0\u1edfng s\u1ea3n ph\u1ea9m c\u1ee7a b\u1ea1n t\u1eeb \u00fd t\u01b0\u1edfng \u0111\u1ebfn s\u1ea3n ph\u1ea9m ch\u1ea5t l\u01b0\u1ee3ng cao!<\/p>","protected":false},"excerpt":{"rendered":"<p><span style=\"font-weight: 400;\">T\u1ea1i Shizencos ch\u00fang t\u00f4i mang \u0111\u1ebfn d\u1ecbch v\u1ee5 gia c\u00f4ng n\u01b0\u1edbc hoa kh\u00f4 tr\u1ecdn g\u00f3i &#8211; t\u1eeb nghi\u00ean c\u1ee9u m\u00f9i h\u01b0\u01a1ng, l\u1ef1a ch\u1ecdn nguy\u00ean li\u1ec7u, s\u1ea3n xu\u1ea5t theo ti\u00eau chu\u1ea9n CGMP \u0111\u1ebfn h\u1ed7 tr\u1ee3 c\u00f4ng b\u1ed1 s\u1ea3n ph\u1ea9m v\u00e0 thi\u1ebft k\u1ebf bao b\u00ec ph\u00f9 h\u1ee3p v\u1edbi th\u01b0\u01a1ng hi\u1ec7u c\u1ee7a doanh nghi\u1ec7p.<\/span><\/p>","protected":false},"featured_media":11947,"comment_status":"open","ping_status":"closed","template":"","meta":[],"product_brand":[],"product_cat":[21],"product_tag":[],"class_list":{"0":"post-11633","1":"product","2":"type-product","3":"status-publish","4":"has-post-thumbnail","6":"product_cat-gia-cong-nuoc-hoa","8":"first","9":"instock","10":"shipping-taxable","11":"product-type-simple"},"_links":{"self":[{"href":"https:\/\/shizencos.com\/en\/wp-json\/wp\/v2\/product\/11633","targetHints":{"allow":["GET"]}}],"collection":[{"href":"https:\/\/shizencos.com\/en\/wp-json\/wp\/v2\/product"}],"about":[{"href":"https:\/\/shizencos.com\/en\/wp-json\/wp\/v2\/types\/product"}],"replies":[{"embeddable":true,"href":"https:\/\/shizencos.com\/en\/wp-json\/wp\/v2\/comments?post=11633"}],"wp:featuredmedia":[{"embeddable":true,"href":"https:\/\/shizencos.com\/en\/wp-json\/wp\/v2\/media\/11947"}],"wp:attachment":[{"href":"https:\/\/shizencos.com\/en\/wp-json\/wp\/v2\/media?parent=11633"}],"wp:term":[{"taxonomy":"product_brand","embeddable":true,"href":"https:\/\/shizencos.com\/en\/wp-json\/wp\/v2\/product_brand?post=11633"},{"taxonomy":"product_cat","embeddable":true,"href":"https:\/\/shizencos.com\/en\/wp-json\/wp\/v2\/product_cat?post=11633"},{"taxonomy":"product_tag","embeddable":true,"href":"https:\/\/shizencos.com\/en\/wp-json\/wp\/v2\/product_tag?post=11633"}],"curies":[{"name":"wp","href":"https:\/\/api.w.org\/{rel}","templated":true}]}}