{"id":11629,"date":"2024-10-25T16:16:45","date_gmt":"2024-10-25T09:16:45","guid":{"rendered":"https:\/\/shizencos.com\/?post_type=product&#038;p=11629"},"modified":"2025-05-26T20:33:03","modified_gmt":"2025-05-26T13:33:03","slug":"gia-cong-nuoc-hoa-vung-kin","status":"publish","type":"product","link":"https:\/\/shizencos.com\/en\/gia-cong-nuoc-hoa-vung-kin\/","title":{"rendered":"Processing of vaginal perfume"},"content":{"rendered":"<p><b>N\u01b0\u1edbc hoa v\u00f9ng k\u00edn<\/b><span style=\"font-weight: 400;\"> ng\u00e0y nay kh\u00f4ng ch\u1ec9 \u0111\u01a1n thu\u1ea7n l\u00e0 s\u1ea3n ph\u1ea9m ch\u0103m s\u00f3c c\u00e1 nh\u00e2n m\u00e0 c\u00f2n th\u1ec3 hi\u1ec7n s\u1ef1 tinh t\u1ebf, t\u1ef1 tin v\u00e0 phong c\u00e1ch ri\u00eang bi\u1ec7t c\u1ee7a ng\u01b0\u1eddi ph\u1ee5 n\u1eef hi\u1ec7n \u0111\u1ea1i. N\u1eafm b\u1eaft xu h\u01b0\u1edbng ti\u00eau d\u00f9ng ng\u00e0y c\u00e0ng c\u00e1 nh\u00e2n h\u00f3a v\u00e0 quan t\u00e2m \u0111\u1ebfn s\u1ee9c kh\u1ecfe \u2013 s\u1ef1 tho\u1ea3i m\u00e1i trong t\u1eebng chi ti\u1ebft nh\u1ecf, Shizencos \u0111em \u0111\u1ebfn c\u00f4ng th\u1ee9c an to\u00e0n, h\u01b0\u01a1ng th\u01a1m ri\u00eang bi\u1ec7t, h\u1ed7 tr\u1ee3 ph\u00e1p l\u00fd \u0111\u1ea7y \u0111\u1ee7<\/span><\/p>\n<h2><span style=\"font-size: 14pt;\"><b>1. Gia c\u00f4ng n\u01b0\u1edbc hoa v\u00f9ng k\u00edn l\u00e0 g\u00ec?<\/b><\/span><\/h2>\n<p><b>N\u01b0\u1edbc hoa v\u00f9ng k\u00edn<\/b><span style=\"font-weight: 400;\"> l\u00e0 s\u1ea3n ph\u1ea9m \u0111\u01b0\u1ee3c nghi\u00ean c\u1ee9u d\u00e0nh cho khu v\u1ef1c nh\u1ea1y c\u1ea3m, v\u1edbi m\u1ee5c ti\u00eau mang l\u1ea1i c\u1ea3m gi\u00e1c th\u01a1m tho, tho\u1ea3i m\u00e1i v\u00e0 t\u0103ng s\u1ef1 t\u1ef1 tin cho ph\u00e1i \u0111\u1eb9p m\u00e0 v\u1eabn \u0111\u1ea3m b\u1ea3o an to\u00e0n, l\u00e0nh t\u00ednh cho da.<\/span><\/p>\n<p><b>Processing of vaginal perfume<\/b><span style=\"font-weight: 400;\"> l\u00e0 h\u00ecnh th\u1ee9c h\u1ee3p t\u00e1c s\u1ea3n xu\u1ea5t gi\u1eefa doanh nghi\u1ec7p m\u1ef9 ph\u1ea9m v\u00e0 nh\u00e0 m\u00e1y gia c\u00f4ng nh\u01b0 Shizencos \u2013 n\u01a1i s\u1edf h\u1eefu c\u00f4ng ngh\u1ec7, c\u00f4ng th\u1ee9c v\u00e0 d\u00e2y chuy\u1ec1n \u0111\u1ea1t chu\u1ea9n \u0111\u1ec3 t\u1ea1o ra s\u1ea3n ph\u1ea9m theo y\u00eau c\u1ea7u ri\u00eang. Doanh nghi\u1ec7p c\u00f3 th\u1ec3 ch\u1ecdn c\u00f4ng th\u1ee9c c\u00f3 s\u1eb5n ho\u1eb7c y\u00eau c\u1ea7u ph\u00e1t tri\u1ec3n m\u00f9i h\u01b0\u01a1ng m\u1edbi, thi\u1ebft k\u1ebf bao b\u00ec ri\u00eang bi\u1ec7t gi\u00fap t\u0103ng \u0111\u1ed9 nh\u1eadn di\u1ec7n th\u01b0\u01a1ng hi\u1ec7u.<\/span><\/p>\n<h2><span style=\"font-size: 14pt;\"><b>2. L\u1ee3i \u00edch c\u1ee7a vi\u1ec7c gia c\u00f4ng n\u01b0\u1edbc hoa v\u00f9ng k\u00edn\u00a0<\/b><\/span><\/h2>\n<p><span style=\"font-weight: 400;\">\u0110\u1ed1i v\u1edbi doanh nghi\u1ec7p s\u1eed d\u1ee5ng d\u1ecbch v\u1ee5 gia c\u00f4ng n\u01b0\u1edbc hoa v\u00f9ng k\u00edn th\u00ec \u0111\u00e3 ti\u1ebft ki\u1ec7m chi ph\u00ed v\u00e0 th\u1eddi gian s\u1ea3n xu\u1ea5t. \u0110\u00e2y l\u00e0 gi\u1ea3i ph\u00e1p gi\u00fap doanh nghi\u1ec7p c\u00f3 th\u1ec3 t\u1eadp trung v\u00e0o marketing hay x\u00e2y d\u1ef1ng chi\u1ebfn l\u01b0\u1ee3c ph\u00e1t tri\u1ec3n th\u01b0\u01a1ng hi\u1ec7u c\u1ee7a m\u00ecnh, m\u00e0 kh\u00f4ng ph\u1ea3i \u0111\u1ea7u t\u01b0 v\u00e0o nh\u00e0 m\u00e1y s\u1ea3n xu\u1ea5t.<\/span><\/p>\n<p><span style=\"font-weight: 400;\">\u2705 Save costs on factory investment and operating personnel<\/span><\/p>\n<p><span style=\"font-weight: 400;\">\u2705 Take advantage of highly specialized resources from the R&amp;D team\u00a0<\/span><\/p>\n<p><span style=\"font-weight: 400;\">\u2705 Increase competitiveness thanks to unique formula and exclusive packaging design<\/span><\/p>\n<p><span style=\"font-weight: 400;\">\u2705 S\u1ea3n ph\u1ea9m ch\u1ea5t l\u01b0\u1ee3ng, \u0111\u1ea3m b\u1ea3o ti\u00eau chu\u1ea9n\u00a0<\/span><\/p>\n<p><span style=\"font-weight: 400;\">\u2705 Support all legal documents, product declaration and quality inspection<\/span><\/p>\n<figure id=\"attachment_11891\" aria-describedby=\"caption-attachment-11891\" style=\"width: 1500px\" class=\"wp-caption aligncenter\"><a href=\"https:\/\/shizencos.com\/wp-content\/uploads\/2024\/10\/1-33.png\"><img fetchpriority=\"high\" decoding=\"async\" class=\"size-full wp-image-11891\" src=\"https:\/\/shizencos.com\/wp-content\/uploads\/2024\/10\/1-33.png\" alt=\"T\u00e1c d\u1ee5ng th\u1ea7n k\u00ec t\u1eeb d\u00f2ng n\u01b0\u1edbc hoa v\u00f9ng k\u00edn mang \u0111\u1ebfn\" width=\"1500\" height=\"600\" title=\"\" srcset=\"https:\/\/shizencos.com\/wp-content\/uploads\/2024\/10\/1-33.png 1500w, https:\/\/shizencos.com\/wp-content\/uploads\/2024\/10\/1-33-150x60.png 150w, https:\/\/shizencos.com\/wp-content\/uploads\/2024\/10\/1-33-18x7.png 18w, https:\/\/shizencos.com\/wp-content\/uploads\/2024\/10\/1-33-300x120.png 300w, https:\/\/shizencos.com\/wp-content\/uploads\/2024\/10\/1-33-768x307.png 768w, https:\/\/shizencos.com\/wp-content\/uploads\/2024\/10\/1-33-1024x410.png 1024w, https:\/\/shizencos.com\/wp-content\/uploads\/2024\/10\/1-33-600x240.png 600w\" sizes=\"(max-width: 1500px) 100vw, 1500px\" \/><\/a><figcaption id=\"caption-attachment-11891\" class=\"wp-caption-text\">T\u00e1c d\u1ee5ng th\u1ea7n k\u00ec t\u1eeb d\u00f2ng n\u01b0\u1edbc hoa v\u00f9ng k\u00edn mang \u0111\u1ebfn<\/figcaption><\/figure>\n<h2><span style=\"font-size: 14pt;\"><b>3. Gia c\u00f4ng n\u01b0\u1edbc hoa v\u00f9ng t\u1ea1i Shizencos<\/b><\/span><\/h2>\n<p><span style=\"font-weight: 400;\">Shizencos mang \u0111\u1ebfn d\u1ecbch v\u1ee5 gia c\u00f4ng n\u01b0\u1edbc hoa v\u00f9ng k\u00edn tr\u1ecdn g\u00f3i \u2013 t\u1eeb nghi\u00ean c\u1ee9u c\u00f4ng th\u1ee9c, s\u1ea3n xu\u1ea5t \u0111\u1ebfn \u0111\u00f3ng g\u00f3i v\u00e0 b\u00e0n giao th\u00e0nh ph\u1ea9m. V\u1edbi c\u00f4ng ngh\u1ec7 hi\u1ec7n \u0111\u1ea1i v\u00e0 \u0111\u1ed9i ng\u0169 chuy\u00ean m\u00f4n cao, ch\u00fang t\u00f4i cam k\u1ebft s\u1ea3n ph\u1ea9m an to\u00e0n, l\u01b0u h\u01b0\u01a1ng t\u1ed1t, m\u00f9i h\u01b0\u01a1ng tinh t\u1ebf v\u00e0 ph\u00f9 h\u1ee3p sinh l\u00fd n\u1eef.<\/span><\/p>\n<h3><span style=\"font-size: 14pt;\"><b>3.1\u00a0 C\u00f4ng th\u1ee9c n\u01b0\u1edbc hoa v\u00f9ng k\u00edn \u0111a d\u1ea1ng<\/b><\/span><\/h3>\n<p><span style=\"font-weight: 400;\">Trong vi\u1ec7c gia c\u00f4ng n\u01b0\u1edbc hoa v\u00f9ng k\u00edn th\u00ec m\u00f9i h\u01b0\u01a1ng l\u00e0 y\u1ebfu t\u1ed1 then ch\u1ed1t gi\u00fap s\u1ea3n ph\u1ea9m ghi d\u1ea5u trong l\u00f2ng ng\u01b0\u1eddi ti\u00eau d\u00f9ng. T\u1ea1i Shizencos, \u0111\u1ed9i ng\u0169 <\/span><b>R&amp;D gi\u00e0u kinh nghi\u1ec7m<\/b><span style=\"font-weight: 400;\"> \u0111\u00e3 ph\u00e1t tri\u1ec3n nhi\u1ec1u c\u00f4ng th\u1ee9c n\u01b0\u1edbc hoa v\u00f9ng k\u00edn \u0111a d\u1ea1ng, s\u1eed d\u1ee5ng <\/span><b>tinh d\u1ea7u thi\u00ean nhi\u00ean, kh\u00f4ng ch\u1ee9a c\u1ed3n m\u1ea1nh<\/b><span style=\"font-weight: 400;\">, an to\u00e0n cho v\u00f9ng da nh\u1ea1y c\u1ea3m.<\/span><\/p>\n<p><span style=\"font-weight: 400;\">T\u1ea1i Shizencos, ch\u00fang t\u00f4i ph\u00e1t tri\u1ec3n d\u00f2ng n\u01b0\u1edbc hoa v\u00f9ng k\u00edn v\u1edbi nhi\u1ec1u d\u1ea1ng:\u00a0<\/span><\/p>\n<ul>\n<li style=\"font-weight: 400;\" aria-level=\"1\"><span style=\"font-weight: 400;\">X\u1ecbt nh\u1eb9 (mist spray): Ti\u1ec7n l\u1ee3i, d\u1ec5 s\u1eed d\u1ee5ng, Kh\u00f4 nhanh, kh\u00f4ng b\u1ebft d\u00ednh, t\u1ecfa h\u01b0\u01a1ng t\u1ed1t.<\/span><\/li>\n<li style=\"font-weight: 400;\" aria-level=\"1\"><span style=\"font-weight: 400;\">Serum th\u1ea5m nhanh: K\u1ebft c\u1ea5u nh\u1eb9, th\u1ea5m nhanh v\u00e0o da, d\u01b0\u1ee1ng da nh\u1eb9 nh\u00e0ng, l\u01b0u h\u01b0\u01a1ng l\u00e2u.<\/span><\/li>\n<li style=\"font-weight: 400;\" aria-level=\"1\"><span style=\"font-weight: 400;\">Gel th\u01a1m d\u1ecbu m\u00e1t: C\u1ea3m gi\u00e1c m\u00e1t l\u1ea1nh khi d\u00f9ng, d\u1ec5 ki\u1ec3m so\u00e1t l\u01b0\u1ee3ng d\u00f9ng, c\u00f3 th\u1ec3 k\u1ebft h\u1ee3p kh\u00e1ng khu\u1ea9n nh\u1eb9.<\/span><\/li>\n<li style=\"font-weight: 400;\" aria-level=\"1\"><span style=\"font-weight: 400;\">D\u1ea7u d\u01b0\u1ee1ng h\u01b0\u01a1ng: Gi\u1eef m\u00f9i l\u00e2u, d\u01b0\u1ee1ng \u1ea9m t\u1ed1t.<\/span><\/li>\n<\/ul>\n<figure id=\"attachment_11892\" aria-describedby=\"caption-attachment-11892\" style=\"width: 1500px\" class=\"wp-caption aligncenter\"><a href=\"https:\/\/shizencos.com\/wp-content\/uploads\/2024\/10\/2-32.png\"><img decoding=\"async\" class=\"size-full wp-image-11892\" src=\"https:\/\/shizencos.com\/wp-content\/uploads\/2024\/10\/2-32.png\" alt=\"Kh\u00e1ch h\u00e0ng gia c\u00f4ng n\u01b0\u1edbc hoa v\u00f9ng k\u00edn c\u1ea7n ph\u1ea3i nh\u1edb k\u1ef9 c\u00e1c l\u01b0u \u00fd\" width=\"1500\" height=\"600\" title=\"\" srcset=\"https:\/\/shizencos.com\/wp-content\/uploads\/2024\/10\/2-32.png 1500w, https:\/\/shizencos.com\/wp-content\/uploads\/2024\/10\/2-32-150x60.png 150w, https:\/\/shizencos.com\/wp-content\/uploads\/2024\/10\/2-32-18x7.png 18w, https:\/\/shizencos.com\/wp-content\/uploads\/2024\/10\/2-32-300x120.png 300w, https:\/\/shizencos.com\/wp-content\/uploads\/2024\/10\/2-32-768x307.png 768w, https:\/\/shizencos.com\/wp-content\/uploads\/2024\/10\/2-32-1024x410.png 1024w, https:\/\/shizencos.com\/wp-content\/uploads\/2024\/10\/2-32-600x240.png 600w\" sizes=\"(max-width: 1500px) 100vw, 1500px\" \/><\/a><figcaption id=\"caption-attachment-11892\" class=\"wp-caption-text\">Kh\u00e1ch h\u00e0ng gia c\u00f4ng n\u01b0\u1edbc hoa v\u00f9ng k\u00edn c\u1ea7n ph\u1ea3i nh\u1edb k\u1ef9 c\u00e1c l\u01b0u \u00fd<\/figcaption><\/figure>\n<h3><b>3.2 Quy tr\u00ecnh gia c\u00f4ng n\u01b0\u1edbc hoa v\u00f9ng k\u00edn t\u1ea1i Shizencos<\/b><\/h3>\n<p><span style=\"font-weight: 400;\">T\u1ea1i Shizencos, ch\u00fang t\u00f4i hi\u1ec3u vi\u1ec7c t\u1ed1i \u01b0u kinh phi v\u00e0 th\u1eddi gian l\u00e0 \u0111i\u1ec1u kh\u00e1ch h\u00e0ng h\u01b0\u1edbng t\u1edbi, v\u1eady n\u00ean ch\u00fang t\u00f4i \u0111\u00e3 t\u1ed1i \u01b0u h\u00f3a <\/span><b>quy tr\u00ecnh gia c\u00f4ng n\u01b0\u1edbc hoa v\u00f9ng k\u00edn<\/b><span style=\"font-weight: 400;\"> \u0111\u1ec3 gi\u00fap doanh nghi\u1ec7p gi\u1ea3m thi\u1ec3u r\u1ee7i ro, ti\u1ebft ki\u1ec7m chi ph\u00ed v\u00e0 nhanh ch\u00f3ng \u0111\u01b0a s\u1ea3n ph\u1ea9m ra th\u1ecb tr\u01b0\u1eddng:<\/span><\/p>\n<p>9 B\u01b0\u1edbc Gia C\u00f4ng Chu\u1ea9n T\u1ea1i Shizencos:<\/p>\n<ol>\n<li><b>Contact for consultation<\/b><span style=\"font-weight: 400;\"> \u2013 Ti\u1ebfp nh\u1eadn y\u00eau c\u1ea7u v\u00e0 \u0111\u1ecbnh h\u01b0\u1edbng s\u1ea3n ph\u1ea9m<\/span><span style=\"font-weight: 400;\"><br \/>\n<\/span><\/li>\n<li><b>Nghi\u00ean c\u1ee9u c\u00f4ng th\u1ee9c<\/b><span style=\"font-weight: 400;\"> \u2013 Ph\u00e1t tri\u1ec3n m\u00f9i h\u01b0\u01a1ng ph\u00f9 h\u1ee3p, an to\u00e0n<\/span><span style=\"font-weight: 400;\"><br \/>\n<\/span><\/li>\n<li><b>G\u1eedi m\u1eabu th\u1eed &amp; ch\u1ec9nh s\u1eeda<\/b><span style=\"font-weight: 400;\"> \u2013 \u0110\u1ea3m b\u1ea3o \u0111\u00fang mong mu\u1ed1n doanh nghi\u1ec7p<\/span><span style=\"font-weight: 400;\"><br \/>\n<\/span><\/li>\n<li><b>Ch\u1ed1t c\u00f4ng th\u1ee9c &amp; b\u00e1o gi\u00e1<\/b><span style=\"font-weight: 400;\"> \u2013 T\u1ed1i \u01b0u chi ph\u00ed s\u1ea3n xu\u1ea5t<\/span><span style=\"font-weight: 400;\"><br \/>\n<\/span><\/li>\n<li><b>K\u00fd h\u1ee3p \u0111\u1ed3ng gia c\u00f4ng<\/b><span style=\"font-weight: 400;\"> \u2013 Thi\u1ebft l\u1eadp m\u1ed1i quan h\u1ec7 h\u1ee3p t\u00e1c ch\u00ednh th\u1ee9c<\/span><span style=\"font-weight: 400;\"><br \/>\n<\/span><\/li>\n<li><b>Prepare ingredients<\/b><span style=\"font-weight: 400;\"> \u2013 Ki\u1ec3m \u0111\u1ecbnh nguy\u00ean li\u1ec7u \u0111\u1ea1t chu\u1ea9n<\/span><span style=\"font-weight: 400;\"><br \/>\n<\/span><\/li>\n<li><b>Mass production<\/b><span style=\"font-weight: 400;\"> \u2013 Theo quy tr\u00ecnh \u0111\u1ea1t chu\u1ea9n GMP<\/span><span style=\"font-weight: 400;\"><br \/>\n<\/span><\/li>\n<li><b>Product packaging<\/b><span style=\"font-weight: 400;\"> \u2013 \u0110a d\u1ea1ng m\u1eabu m\u00e3, t\u00f9y ch\u1ec9nh theo y\u00eau c\u1ea7u<\/span><span style=\"font-weight: 400;\"><br \/>\n<\/span><\/li>\n<li><b>Giao h\u00e0ng &amp; h\u1eadu m\u00e3i<\/b><span style=\"font-weight: 400;\"> \u2013 H\u1ed7 tr\u1ee3 ph\u00e1p l\u00fd, chi\u1ebfn l\u01b0\u1ee3c ph\u00e1t tri\u1ec3n th\u1ecb tr\u01b0\u1eddng<\/span><\/li>\n<\/ol>\n<figure id=\"attachment_11893\" aria-describedby=\"caption-attachment-11893\" style=\"width: 1500px\" class=\"wp-caption aligncenter\"><a href=\"https:\/\/shizencos.com\/wp-content\/uploads\/2024\/10\/3-26.png\"><img decoding=\"async\" class=\"size-full wp-image-11893\" src=\"https:\/\/shizencos.com\/wp-content\/uploads\/2024\/10\/3-26.png\" alt=\"Ch\u1ecdn s\u1ea3n xu\u1ea5t n\u01b0\u1edbc hoa v\u00f9ng k\u00edn \u0111\u1ec3 t\u1ea1o h\u01b0\u01a1ng hi\u1ec7u ri\u00eang cho b\u1ea3n th\u00e2n\" width=\"1500\" height=\"600\" title=\"\" srcset=\"https:\/\/shizencos.com\/wp-content\/uploads\/2024\/10\/3-26.png 1500w, https:\/\/shizencos.com\/wp-content\/uploads\/2024\/10\/3-26-150x60.png 150w, https:\/\/shizencos.com\/wp-content\/uploads\/2024\/10\/3-26-18x7.png 18w, https:\/\/shizencos.com\/wp-content\/uploads\/2024\/10\/3-26-300x120.png 300w, https:\/\/shizencos.com\/wp-content\/uploads\/2024\/10\/3-26-768x307.png 768w, https:\/\/shizencos.com\/wp-content\/uploads\/2024\/10\/3-26-1024x410.png 1024w, https:\/\/shizencos.com\/wp-content\/uploads\/2024\/10\/3-26-600x240.png 600w\" sizes=\"(max-width: 1500px) 100vw, 1500px\" \/><\/a><figcaption id=\"caption-attachment-11893\" class=\"wp-caption-text\">Ch\u1ecdn s\u1ea3n xu\u1ea5t n\u01b0\u1edbc hoa v\u00f9ng k\u00edn \u0111\u1ec3 t\u1ea1o h\u01b0\u01a1ng hi\u1ec7u ri\u00eang cho b\u1ea3n th\u00e2n<\/figcaption><\/figure>\n<h2><span style=\"font-size: 14pt;\"><b>Conclude<\/b><\/span><\/h2>\n<p>Processing of vaginal perfume<span style=\"font-weight: 400;\"> l\u00e0 h\u01b0\u1edbng \u0111i chi\u1ebfn l\u01b0\u1ee3c gi\u00fap doanh nghi\u1ec7p m\u1ef9 ph\u1ea9m m\u1edf r\u1ed9ng d\u00f2ng s\u1ea3n ph\u1ea9m, \u0111\u00f3n \u0111\u1ea7u xu h\u01b0\u1edbng c\u00e1 nh\u00e2n h\u00f3a v\u00e0 n\u00e2ng cao gi\u00e1 tr\u1ecb th\u01b0\u01a1ng hi\u1ec7u.<\/span><\/p>\n<p><span style=\"font-weight: 400;\">At <\/span>Shizencos<span style=\"font-weight: 400;\">, ch\u00fang t\u00f4i kh\u00f4ng ch\u1ec9 l\u00e0 nh\u00e0 m\u00e1y gia c\u00f4ng \u2013 m\u00e0 l\u00e0 <\/span>\u0111\u1ed1i t\u00e1c chi\u1ebfn l\u01b0\u1ee3c \u0111\u1ed3ng h\u00e0nh l\u00e2u d\u00e0i<span style=\"font-weight: 400;\">, cam k\u1ebft mang l\u1ea1i s\u1ea3n ph\u1ea9m <\/span>ch\u1ea5t l\u01b0\u1ee3ng cao, m\u00f9i h\u01b0\u01a1ng \u0111\u1ed9c \u0111\u00e1o v\u00e0 an to\u00e0n tuy\u1ec7t \u0111\u1ed1i cho ng\u01b0\u1eddi s\u1eed d\u1ee5ng<span style=\"font-weight: 400;\">.<\/span><\/p>","protected":false},"excerpt":{"rendered":"<p><span style=\"font-weight: 400;\">Shizencos mang \u0111\u1ebfn d\u1ecbch v\u1ee5 gia c\u00f4ng n\u01b0\u1edbc hoa v\u00f9ng k\u00edn tr\u1ecdn g\u00f3i \u2013 t\u1eeb nghi\u00ean c\u1ee9u c\u00f4ng th\u1ee9c, s\u1ea3n xu\u1ea5t \u0111\u1ebfn \u0111\u00f3ng g\u00f3i v\u00e0 b\u00e0n giao th\u00e0nh ph\u1ea9m. V\u1edbi c\u00f4ng ngh\u1ec7 hi\u1ec7n \u0111\u1ea1i v\u00e0 \u0111\u1ed9i ng\u0169 chuy\u00ean m\u00f4n cao, ch\u00fang t\u00f4i cam k\u1ebft s\u1ea3n ph\u1ea9m an to\u00e0n, l\u01b0u h\u01b0\u01a1ng t\u1ed1t, m\u00f9i h\u01b0\u01a1ng tinh t\u1ebf.<\/span><\/p>","protected":false},"featured_media":11946,"comment_status":"open","ping_status":"closed","template":"","meta":[],"product_brand":[],"product_cat":[21],"product_tag":[],"class_list":{"0":"post-11629","1":"product","2":"type-product","3":"status-publish","4":"has-post-thumbnail","6":"product_cat-gia-cong-nuoc-hoa","8":"first","9":"instock","10":"shipping-taxable","11":"product-type-simple"},"_links":{"self":[{"href":"https:\/\/shizencos.com\/en\/wp-json\/wp\/v2\/product\/11629","targetHints":{"allow":["GET"]}}],"collection":[{"href":"https:\/\/shizencos.com\/en\/wp-json\/wp\/v2\/product"}],"about":[{"href":"https:\/\/shizencos.com\/en\/wp-json\/wp\/v2\/types\/product"}],"replies":[{"embeddable":true,"href":"https:\/\/shizencos.com\/en\/wp-json\/wp\/v2\/comments?post=11629"}],"wp:featuredmedia":[{"embeddable":true,"href":"https:\/\/shizencos.com\/en\/wp-json\/wp\/v2\/media\/11946"}],"wp:attachment":[{"href":"https:\/\/shizencos.com\/en\/wp-json\/wp\/v2\/media?parent=11629"}],"wp:term":[{"taxonomy":"product_brand","embeddable":true,"href":"https:\/\/shizencos.com\/en\/wp-json\/wp\/v2\/product_brand?post=11629"},{"taxonomy":"product_cat","embeddable":true,"href":"https:\/\/shizencos.com\/en\/wp-json\/wp\/v2\/product_cat?post=11629"},{"taxonomy":"product_tag","embeddable":true,"href":"https:\/\/shizencos.com\/en\/wp-json\/wp\/v2\/product_tag?post=11629"}],"curies":[{"name":"wp","href":"https:\/\/api.w.org\/{rel}","templated":true}]}}