{"id":11604,"date":"2024-10-25T15:47:13","date_gmt":"2024-10-25T08:47:13","guid":{"rendered":"https:\/\/shizencos.com\/?post_type=product&#038;p=11604"},"modified":"2025-08-29T14:35:53","modified_gmt":"2025-08-29T07:35:53","slug":"gia-cong-kem-mo-tham","status":"publish","type":"product","link":"https:\/\/shizencos.com\/en\/gia-cong-kem-mo-tham\/","title":{"rendered":"Gia c\u00f4ng kem m\u1edd th\u00e2m"},"content":{"rendered":"<p data-start=\"362\" data-end=\"767\">Nhu c\u1ea7u c\u1ea3i thi\u1ec7n l\u00e0n da sau m\u1ee5n, n\u00e1m hay t\u0103ng s\u1eafc t\u1ed1 ng\u00e0y c\u00e0ng t\u0103ng cao, khi\u1ebfn <strong data-start=\"442\" data-end=\"457\">kem m\u1edd th\u00e2m<\/strong> tr\u1edf th\u00e0nh d\u00f2ng s\u1ea3n ph\u1ea9m ch\u0103m s\u00f3c da kh\u00f4ng th\u1ec3 thi\u1ebfu. \u0110\u00e2y l\u00e0 l\u1ef1a ch\u1ecdn thi\u1ebft y\u1ebfu cho ng\u01b0\u1eddi ti\u00eau d\u00f9ng mong mu\u1ed1n c\u00f3 l\u00e0n da s\u00e1ng kh\u1ecfe, \u0111\u1ec1u m\u00e0u. Ch\u00ednh v\u00ec v\u1eady, <strong data-start=\"611\" data-end=\"635\">gia c\u00f4ng kem m\u1edd th\u00e2m<\/strong> \u0111\u00e3 tr\u1edf th\u00e0nh gi\u1ea3i ph\u00e1p t\u1ed1i \u01b0u \u0111\u1ec3 c\u00e1c th\u01b0\u01a1ng hi\u1ec7u ti\u1ebft ki\u1ec7m chi ph\u00ed, r\u00fat ng\u1eafn th\u1eddi gian v\u00e0 nhanh ch\u00f3ng \u0111\u01b0a s\u1ea3n ph\u1ea9m ra th\u1ecb tr\u01b0\u1eddng.<\/p>\n<hr data-start=\"769\" data-end=\"772\" \/>\n<h2 data-start=\"774\" data-end=\"809\">1. Gia c\u00f4ng kem m\u1edd th\u00e2m l\u00e0 g\u00ec?<\/h2>\n<p data-start=\"810\" data-end=\"1013\"><strong data-start=\"810\" data-end=\"825\">Kem m\u1edd th\u00e2m<\/strong> l\u00e0 s\u1ea3n ph\u1ea9m d\u01b0\u1ee1ng da h\u1ed7 tr\u1ee3 l\u00e0m m\u1edd v\u1ebft th\u00e2m do m\u1ee5n, t\u1ed5n th\u01b0\u01a1ng da ho\u1eb7c t\u0103ng s\u1eafc t\u1ed1 sau vi\u00eam. S\u1ea3n ph\u1ea9m gi\u00fap l\u00e0m s\u00e1ng v\u00f9ng da th\u00e2m s\u1ea1m, th\u00fac \u0111\u1ea9y t\u00e1i t\u1ea1o t\u1ebf b\u00e0o m\u1edbi v\u00e0 c\u1ea3i thi\u1ec7n s\u1eafc t\u1ed1 da.<a href=\"https:\/\/shizencos.com\/wp-content\/uploads\/2024\/10\/1_11zon-3.webp\"><img fetchpriority=\"high\" decoding=\"async\" class=\"aligncenter wp-image-13191 size-full\" src=\"https:\/\/shizencos.com\/wp-content\/uploads\/2024\/10\/1_11zon-3.webp\" alt=\"Gia c\u00f4ng kem m\u1edd th\u00e2m l\u00e0 g\u00ec\" width=\"1175\" height=\"585\" title=\"\" srcset=\"https:\/\/shizencos.com\/wp-content\/uploads\/2024\/10\/1_11zon-3.webp 1175w, https:\/\/shizencos.com\/wp-content\/uploads\/2024\/10\/1_11zon-3-300x149.webp 300w, https:\/\/shizencos.com\/wp-content\/uploads\/2024\/10\/1_11zon-3-1024x510.webp 1024w, https:\/\/shizencos.com\/wp-content\/uploads\/2024\/10\/1_11zon-3-150x75.webp 150w, https:\/\/shizencos.com\/wp-content\/uploads\/2024\/10\/1_11zon-3-768x382.webp 768w, https:\/\/shizencos.com\/wp-content\/uploads\/2024\/10\/1_11zon-3-18x9.webp 18w, https:\/\/shizencos.com\/wp-content\/uploads\/2024\/10\/1_11zon-3-600x299.webp 600w\" sizes=\"(max-width: 1175px) 100vw, 1175px\" \/><\/a><\/p>\n<p data-start=\"1015\" data-end=\"1291\"><strong data-start=\"1015\" data-end=\"1039\">Gia c\u00f4ng kem m\u1edd th\u00e2m<\/strong> l\u00e0 qu\u00e1 tr\u00ecnh doanh nghi\u1ec7p h\u1ee3p t\u00e1c v\u1edbi nh\u00e0 m\u00e1y s\u1ea3n xu\u1ea5t \u0111\u1ec3 ph\u00e1t tri\u1ec3n c\u00f4ng th\u1ee9c, ki\u1ec3m nghi\u1ec7m, s\u1ea3n xu\u1ea5t v\u00e0 \u0111\u00f3ng g\u00f3i theo th\u01b0\u01a1ng hi\u1ec7u ri\u00eang. \u0110\u00e2y l\u00e0 m\u00f4 h\u00ecnh gi\u00fap doanh nghi\u1ec7p ti\u1ebft ki\u1ec7m ngu\u1ed3n l\u1ef1c, \u0111\u1ed3ng th\u1eddi v\u1eabn \u0111\u1ea3m b\u1ea3o s\u1ea3n ph\u1ea9m \u0111\u1ea1t chu\u1ea9n GMP \u2013 ISO \u2013 FDA.<\/p>\n<h2 data-start=\"1298\" data-end=\"1347\">2. L\u1ee3i \u00edch khi l\u1ef1a ch\u1ecdn gia c\u00f4ng kem m\u1edd th\u00e2m<\/h2>\n<p data-start=\"1348\" data-end=\"1420\">Doanh nghi\u1ec7p ch\u1ecdn <strong data-start=\"1366\" data-end=\"1390\">gia c\u00f4ng kem m\u1edd th\u00e2m<\/strong> s\u1ebd nh\u1eadn \u0111\u01b0\u1ee3c nhi\u1ec1u l\u1ee3i \u00edch:<a href=\"https:\/\/shizencos.com\/wp-content\/uploads\/2024\/10\/2_11zon-3.webp\"><img decoding=\"async\" class=\"aligncenter size-full wp-image-13192\" src=\"https:\/\/shizencos.com\/wp-content\/uploads\/2024\/10\/2_11zon-3.webp\" alt=\"\" width=\"1175\" height=\"585\" title=\"\" srcset=\"https:\/\/shizencos.com\/wp-content\/uploads\/2024\/10\/2_11zon-3.webp 1175w, https:\/\/shizencos.com\/wp-content\/uploads\/2024\/10\/2_11zon-3-300x149.webp 300w, https:\/\/shizencos.com\/wp-content\/uploads\/2024\/10\/2_11zon-3-1024x510.webp 1024w, https:\/\/shizencos.com\/wp-content\/uploads\/2024\/10\/2_11zon-3-150x75.webp 150w, https:\/\/shizencos.com\/wp-content\/uploads\/2024\/10\/2_11zon-3-768x382.webp 768w, https:\/\/shizencos.com\/wp-content\/uploads\/2024\/10\/2_11zon-3-18x9.webp 18w, https:\/\/shizencos.com\/wp-content\/uploads\/2024\/10\/2_11zon-3-600x299.webp 600w\" sizes=\"(max-width: 1175px) 100vw, 1175px\" \/><\/a><\/p>\n<ul data-start=\"1422\" data-end=\"1857\">\n<li data-start=\"1422\" data-end=\"1492\">\n<p data-start=\"1424\" data-end=\"1492\">Products meet international standards <strong data-start=\"1426\" data-end=\"1454\">Kh\u00f4ng c\u1ea7n \u0111\u1ea7u t\u01b0 nh\u00e0 m\u00e1y<\/strong>: Ti\u1ebft ki\u1ec7m chi ph\u00ed s\u1ea3n xu\u1ea5t v\u00e0 R&amp;D.<\/p>\n<\/li>\n<li data-start=\"1493\" data-end=\"1573\">\n<p data-start=\"1495\" data-end=\"1573\">Products meet international standards <strong data-start=\"1497\" data-end=\"1520\">C\u00f4ng th\u1ee9c \u0111\u1ed9c quy\u1ec1n<\/strong>: T\u00f9y ch\u1ec9nh theo nhu c\u1ea7u v\u00e0 chi\u1ebfn l\u01b0\u1ee3c th\u01b0\u01a1ng hi\u1ec7u.<\/p>\n<\/li>\n<li data-start=\"1574\" data-end=\"1626\">\n<p data-start=\"1576\" data-end=\"1626\">Products meet international standards <strong data-start=\"1578\" data-end=\"1608\">S\u1ea3n ph\u1ea9m \u0111\u1ea1t chu\u1ea9n qu\u1ed1c t\u1ebf<\/strong>: GMP, ISO, FDA.<\/p>\n<\/li>\n<li data-start=\"1627\" data-end=\"1703\">\n<p data-start=\"1629\" data-end=\"1703\">Products meet international standards <strong data-start=\"1631\" data-end=\"1660\">Linh ho\u1ea1t quy m\u00f4 s\u1ea3n xu\u1ea5t<\/strong>: Ph\u00f9 h\u1ee3p t\u1eeb startup \u0111\u1ebfn th\u01b0\u01a1ng hi\u1ec7u l\u1edbn.<\/p>\n<\/li>\n<li data-start=\"1704\" data-end=\"1777\">\n<p data-start=\"1706\" data-end=\"1777\">Products meet international standards <strong data-start=\"1708\" data-end=\"1736\">Comprehensive legal support<\/strong>: C\u00f4ng b\u1ed1, ki\u1ec3m nghi\u1ec7m s\u1ea3n ph\u1ea9m \u0111\u1ea7y \u0111\u1ee7.<\/p>\n<\/li>\n<li data-start=\"1778\" data-end=\"1857\">\n<p data-start=\"1780\" data-end=\"1857\">Products meet international standards <strong data-start=\"1782\" data-end=\"1815\">Thi\u1ebft k\u1ebf bao b\u00ec chuy\u00ean nghi\u1ec7p<\/strong>: Gi\u00fap s\u1ea3n ph\u1ea9m n\u1ed5i b\u1eadt tr\u00ean th\u1ecb tr\u01b0\u1eddng.<\/p>\n<\/li>\n<\/ul>\n<p data-start=\"1859\" data-end=\"1971\">Nh\u1edd nh\u1eefng l\u1ee3i \u00edch n\u00e0y, <strong data-start=\"1882\" data-end=\"1906\">gia c\u00f4ng kem m\u1edd th\u00e2m<\/strong> \u0111\u01b0\u1ee3c xem l\u00e0 gi\u1ea3i ph\u00e1p chi\u1ebfn l\u01b0\u1ee3c cho m\u1ecdi doanh nghi\u1ec7p m\u1ef9 ph\u1ea9m.<\/p>\n<h2><span style=\"font-size: 14pt;\"><b>3. Gia c\u00f4ng kem m\u1edd th\u00e2m t\u1ea1i Shizencos<\/b><\/span><\/h2>\n<p><span style=\"font-weight: 400;\">V\u1edbi h\u1ec7 th\u1ed1ng nh\u00e0 m\u00e1y hi\u1ec7n \u0111\u1ea1i r\u1ed9ng h\u01a1n 9.000m\u00b2, \u0111\u1ea1t chu\u1ea9n GMP, ISO, FDA, Shizencos t\u1ef1 h\u00e0o l\u00e0 \u0111\u1ed1i t\u00e1c gia c\u00f4ng chi\u1ebfn l\u01b0\u1ee3c c\u1ee7a h\u00e0ng tr\u0103m th\u01b0\u01a1ng hi\u1ec7u m\u1ef9 ph\u1ea9m trong v\u00e0 ngo\u00e0i n\u01b0\u1edbc. Ch\u00fang t\u00f4i cung c\u1ea5p gi\u1ea3i ph\u00e1p gia c\u00f4ng kem m\u1edd th\u00e2m tr\u1ecdn g\u00f3i, bao g\u1ed3m: nghi\u00ean c\u1ee9u c\u00f4ng th\u1ee9c, th\u1eed nghi\u1ec7m hi\u1ec7u qu\u1ea3, s\u1ea3n xu\u1ea5t, \u0111\u00f3ng g\u00f3i v\u00e0 h\u1ed7 tr\u1ee3 ph\u00e1p l\u00fd \u0111\u1ea7y \u0111\u1ee7.<\/span><\/p>\n<p><span style=\"font-weight: 400;\">Shizencos chuy\u00ean ph\u00e1t tri\u1ec3n c\u00e1c d\u00f2ng kem m\u1edd th\u00e2m an to\u00e0n, hi\u1ec7u qu\u1ea3 cao, \u1ee9ng d\u1ee5ng c\u00f4ng ngh\u1ec7 ti\u00ean ti\u1ebfn v\u00e0 th\u00e0nh ph\u1ea7n ho\u1ea1t t\u00ednh ph\u00f9 h\u1ee3p v\u1edbi nhi\u1ec1u lo\u1ea1i da \u2013 \u0111\u1eb7c bi\u1ec7t l\u00e0 da sau m\u1ee5n ho\u1eb7c da d\u1ec5 t\u0103ng s\u1eafc t\u1ed1. C\u00e1c c\u00f4ng th\u1ee9c c\u00f3 th\u1ec3 \u0111\u01b0\u1ee3c t\u00f9y ch\u1ec9nh theo \u0111\u1ecbnh h\u01b0\u1edbng ri\u00eang c\u1ee7a t\u1eebng th\u01b0\u01a1ng hi\u1ec7u, gi\u00fap s\u1ea3n ph\u1ea9m t\u1ea1o d\u1ea5u \u1ea5n ri\u00eang tr\u00ean th\u1ecb tr\u01b0\u1eddng.<\/span><\/p>\n<figure id=\"attachment_11763\" aria-describedby=\"caption-attachment-11763\" style=\"width: 1500px\" class=\"wp-caption aligncenter\"><a href=\"https:\/\/shizencos.com\/wp-content\/uploads\/2024\/10\/2-2.jpg\"><img decoding=\"async\" class=\"size-full wp-image-11763\" src=\"https:\/\/shizencos.com\/wp-content\/uploads\/2024\/10\/2-2.jpg\" alt=\"Gia c\u00f4ng kem tr\u1ecb th\u00e2m n\u00e1m \u0111\u00e1p \u1ee9ng m\u1ecdi nhu c\u1ea7u c\u1ee7a gi\u1edbi l\u00e0m \u0111\u1eb9p\" width=\"1500\" height=\"600\" title=\"\" srcset=\"https:\/\/shizencos.com\/wp-content\/uploads\/2024\/10\/2-2.jpg 1500w, https:\/\/shizencos.com\/wp-content\/uploads\/2024\/10\/2-2-150x60.jpg 150w, https:\/\/shizencos.com\/wp-content\/uploads\/2024\/10\/2-2-18x7.jpg 18w, https:\/\/shizencos.com\/wp-content\/uploads\/2024\/10\/2-2-300x120.jpg 300w, https:\/\/shizencos.com\/wp-content\/uploads\/2024\/10\/2-2-768x307.jpg 768w, https:\/\/shizencos.com\/wp-content\/uploads\/2024\/10\/2-2-1024x410.jpg 1024w, https:\/\/shizencos.com\/wp-content\/uploads\/2024\/10\/2-2-600x240.jpg 600w\" sizes=\"(max-width: 1500px) 100vw, 1500px\" \/><\/a><figcaption id=\"caption-attachment-11763\" class=\"wp-caption-text\">Gia c\u00f4ng kem tr\u1ecb th\u00e2m n\u00e1m \u0111\u00e1p \u1ee9ng m\u1ecdi nhu c\u1ea7u c\u1ee7a gi\u1edbi l\u00e0m \u0111\u1eb9p<\/figcaption><\/figure>\n<h3 data-start=\"2022\" data-end=\"2049\">3.1 C\u00f4ng th\u1ee9c \u0111a d\u1ea1ng<\/h3>\n<p data-start=\"2050\" data-end=\"2153\"><a href=\"https:\/\/shizencos.com\/en\/\">Shizencos<\/a> ph\u00e1t tri\u1ec3n nhi\u1ec1u c\u00f4ng th\u1ee9c <strong data-start=\"2087\" data-end=\"2111\">gia c\u00f4ng kem m\u1edd th\u00e2m<\/strong> \u0111\u00e1p \u1ee9ng nhu c\u1ea7u \u0111a d\u1ea1ng c\u1ee7a kh\u00e1ch h\u00e0ng:<\/p>\n<ul data-start=\"2154\" data-end=\"2613\">\n<li data-start=\"2154\" data-end=\"2212\">\n<p data-start=\"2156\" data-end=\"2212\">Kem m\u1edd th\u00e2m sau m\u1ee5n: Gi\u00fap l\u00e0m m\u1edd v\u1ebft th\u00e2m nhanh ch\u00f3ng.<\/p>\n<\/li>\n<li data-start=\"2213\" data-end=\"2276\">\n<p data-start=\"2215\" data-end=\"2276\">Kem m\u1edd th\u00e2m d\u01b0\u1ee1ng tr\u1eafng: C\u1ea3i thi\u1ec7n s\u1eafc t\u1ed1, t\u0103ng \u0111\u1ed9 r\u1ea1ng r\u1ee1.<\/p>\n<\/li>\n<li data-start=\"2277\" data-end=\"2337\">\n<p data-start=\"2279\" data-end=\"2337\">Kem m\u1edd th\u00e2m cho da nh\u1ea1y c\u1ea3m: C\u00f4ng th\u1ee9c d\u1ecbu nh\u1eb9, an to\u00e0n.<\/p>\n<\/li>\n<li data-start=\"2338\" data-end=\"2394\">\n<p data-start=\"2340\" data-end=\"2394\">Kem m\u1edd th\u00e2m cho v\u00f9ng m\u1eaft: Gi\u1ea3m qu\u1ea7ng th\u00e2m, b\u1ecdng m\u1eaft.<\/p>\n<\/li>\n<li data-start=\"2395\" data-end=\"2468\">\n<p data-start=\"2397\" data-end=\"2468\">Kem m\u1edd th\u00e2m to\u00e0n th\u00e2n: D\u00e0nh cho v\u00f9ng da nh\u01b0 \u0111\u1ea7u g\u1ed1i, n\u00e1ch, khu\u1ef7u tay.<\/p>\n<\/li>\n<li data-start=\"2469\" data-end=\"2535\">\n<p data-start=\"2471\" data-end=\"2535\">Kem m\u1edd th\u00e2m ban \u0111\u00eam: Ph\u00e1t huy hi\u1ec7u qu\u1ea3 t\u00e1i t\u1ea1o da v\u00e0o ban \u0111\u00eam.<\/p>\n<\/li>\n<li data-start=\"2536\" data-end=\"2613\">\n<p data-start=\"2538\" data-end=\"2613\">Kem m\u1edd th\u00e2m kh\u00f4ng c\u1ed3n, kh\u00f4ng h\u01b0\u01a1ng li\u1ec7u: Ph\u00f9 h\u1ee3p xu h\u01b0\u1edbng \u201cclean beauty\u201d.<\/p>\n<\/li>\n<\/ul>\n<p data-start=\"2615\" data-end=\"2726\">\u0110\u1ed9i ng\u0169 R&amp;D Shizencos lu\u00f4n s\u1eb5n s\u00e0ng nghi\u00ean c\u1ee9u c\u00f4ng th\u1ee9c ri\u00eang, \u0111\u1ea3m b\u1ea3o s\u1ea3n ph\u1ea9m mang \u0111\u1eadm d\u1ea5u \u1ea5n th\u01b0\u01a1ng hi\u1ec7u.<\/p>\n<h3 data-start=\"2728\" data-end=\"2782\">3.2 Quy tr\u00ecnh gia c\u00f4ng kem m\u1edd th\u00e2m t\u1ea1i Shizencos<\/h3>\n<p data-start=\"2783\" data-end=\"2872\">M\u1ed7i d\u1ef1 \u00e1n <strong data-start=\"2793\" data-end=\"2817\">gia c\u00f4ng kem m\u1edd th\u00e2m<\/strong> t\u1ea1i Shizencos \u0111\u01b0\u1ee3c tri\u1ec3n khai theo quy tr\u00ecnh 9 b\u01b0\u1edbc:<\/p>\n<p data-start=\"2783\" data-end=\"2872\"><a href=\"https:\/\/shizencos.com\/wp-content\/uploads\/2024\/09\/quy-trinh-san-xuat-01-scaled.jpg\"><img loading=\"lazy\" decoding=\"async\" class=\"aligncenter size-full wp-image-9823\" src=\"https:\/\/shizencos.com\/wp-content\/uploads\/2024\/09\/quy-trinh-san-xuat-01-scaled.jpg\" alt=\"\" width=\"2560\" height=\"1344\" title=\"\" srcset=\"https:\/\/shizencos.com\/wp-content\/uploads\/2024\/09\/quy-trinh-san-xuat-01-scaled.jpg 2560w, https:\/\/shizencos.com\/wp-content\/uploads\/2024\/09\/quy-trinh-san-xuat-01-scaled-300x158.jpg 300w, https:\/\/shizencos.com\/wp-content\/uploads\/2024\/09\/quy-trinh-san-xuat-01-scaled-1024x538.jpg 1024w, https:\/\/shizencos.com\/wp-content\/uploads\/2024\/09\/quy-trinh-san-xuat-01-scaled-150x79.jpg 150w, https:\/\/shizencos.com\/wp-content\/uploads\/2024\/09\/quy-trinh-san-xuat-01-scaled-768x403.jpg 768w, https:\/\/shizencos.com\/wp-content\/uploads\/2024\/09\/quy-trinh-san-xuat-01-scaled-1536x806.jpg 1536w, https:\/\/shizencos.com\/wp-content\/uploads\/2024\/09\/quy-trinh-san-xuat-01-scaled-2048x1075.jpg 2048w, https:\/\/shizencos.com\/wp-content\/uploads\/2024\/09\/quy-trinh-san-xuat-01-scaled-18x9.jpg 18w, https:\/\/shizencos.com\/wp-content\/uploads\/2024\/09\/quy-trinh-san-xuat-01-scaled-600x315.jpg 600w\" sizes=\"(max-width: 2560px) 100vw, 2560px\" \/><\/a><\/p>\n<ol data-start=\"2874\" data-end=\"3245\">\n<li data-start=\"2874\" data-end=\"2914\">\n<p data-start=\"2877\" data-end=\"2914\">T\u01b0 v\u1ea5n &amp; x\u00e1c nh\u1eadn nhu c\u1ea7u s\u1ea3n ph\u1ea9m.<\/p>\n<\/li>\n<li data-start=\"2915\" data-end=\"2958\">\n<p data-start=\"2918\" data-end=\"2958\">R&amp;D nghi\u00ean c\u1ee9u &amp; ph\u00e1t tri\u1ec3n c\u00f4ng th\u1ee9c.<\/p>\n<\/li>\n<li data-start=\"2959\" data-end=\"2989\">\n<p data-start=\"2962\" data-end=\"2989\">G\u1eedi m\u1eabu th\u1eed &amp; \u0111i\u1ec1u ch\u1ec9nh.<\/p>\n<\/li>\n<li data-start=\"2990\" data-end=\"3029\">\n<p data-start=\"2993\" data-end=\"3029\">Ch\u1ed1t c\u00f4ng th\u1ee9c &amp; b\u00e1o gi\u00e1 chi ti\u1ebft.<\/p>\n<\/li>\n<li data-start=\"3030\" data-end=\"3058\">\n<p data-start=\"3033\" data-end=\"3058\">K\u00fd h\u1ee3p \u0111\u1ed3ng ch\u00ednh th\u1ee9c.<\/p>\n<\/li>\n<li data-start=\"3059\" data-end=\"3105\">\n<p data-start=\"3062\" data-end=\"3105\">Chu\u1ea9n b\u1ecb &amp; ki\u1ec3m \u0111\u1ecbnh nguy\u00ean li\u1ec7u \u0111\u1ea7u v\u00e0o.<\/p>\n<\/li>\n<li data-start=\"3106\" data-end=\"3151\">\n<p data-start=\"3109\" data-end=\"3151\">S\u1ea3n xu\u1ea5t h\u00e0ng lo\u1ea1t theo GMP \u2013 ISO \u2013 FDA.<\/p>\n<\/li>\n<li data-start=\"3152\" data-end=\"3194\">\n<p data-start=\"3155\" data-end=\"3194\">\u0110\u00f3ng g\u00f3i \u2013 d\u00e1n nh\u00e3n theo th\u01b0\u01a1ng hi\u1ec7u.<\/p>\n<\/li>\n<li data-start=\"3195\" data-end=\"3245\">\n<p data-start=\"3198\" data-end=\"3245\">Giao h\u00e0ng &amp; h\u1ed7 tr\u1ee3 ph\u00e1p l\u00fd, c\u00f4ng b\u1ed1 s\u1ea3n ph\u1ea9m.<\/p>\n<\/li>\n<\/ol>\n<h2 data-start=\"3252\" data-end=\"3265\">Conclude<\/h2>\n<p data-start=\"3266\" data-end=\"3604\">Trong b\u1ed1i c\u1ea3nh th\u1ecb tr\u01b0\u1eddng ch\u0103m s\u00f3c da ng\u00e0y c\u00e0ng c\u1ea1nh tranh, <strong data-start=\"3326\" data-end=\"3350\">gia c\u00f4ng kem m\u1edd th\u00e2m<\/strong> l\u00e0 gi\u1ea3i ph\u00e1p gi\u00fap th\u01b0\u01a1ng hi\u1ec7u ti\u1ebft ki\u1ec7m chi ph\u00ed, nhanh ch\u00f3ng ra m\u1eaft s\u1ea3n ph\u1ea9m v\u00e0 n\u00e2ng t\u1ea7m th\u01b0\u01a1ng hi\u1ec7u. V\u1edbi nh\u00e0 m\u00e1y hi\u1ec7n \u0111\u1ea1i, c\u00f4ng th\u1ee9c \u0111a d\u1ea1ng v\u00e0 d\u1ecbch v\u1ee5 tr\u1ecdn g\u00f3i, <strong data-start=\"3514\" data-end=\"3527\">Shizencos<\/strong> l\u00e0 \u0111\u1ed1i t\u00e1c gia c\u00f4ng kem m\u1edd th\u00e2m \u0111\u00e1ng tin c\u1eady cho m\u1ecdi doanh nghi\u1ec7p m\u1ef9 ph\u1ea9m.<\/p>\n<p data-start=\"3606\" data-end=\"3738\">\ud83d\udc49 <strong data-start=\"3609\" data-end=\"3736\"><a href=\"https:\/\/shizencos.com\/en\/lien-he\/\">Contact<\/a> ngay Shizencos \u0111\u1ec3 \u0111\u01b0\u1ee3c t\u01b0 v\u1ea5n 1:1 mi\u1ec5n ph\u00ed v\u00e0 nh\u1eadn m\u1eabu th\u1eed c\u00f4ng th\u1ee9c kem m\u1edd th\u00e2m \u0111\u1ed9c quy\u1ec1n cho th\u01b0\u01a1ng hi\u1ec7u c\u1ee7a b\u1ea1n!<\/strong><\/p>","protected":false},"excerpt":{"rendered":"<p>Nhu c\u1ea7u c\u1ea3i thi\u1ec7n l\u00e0n da sau m\u1ee5n, n\u00e1m hay t\u0103ng s\u1eafc t\u1ed1 ng\u00e0y c\u00e0ng t\u0103ng cao, khi\u1ebfn kem m\u1edd th\u00e2m tr\u1edf th\u00e0nh d\u00f2ng s\u1ea3n ph\u1ea9m ch\u0103m s\u00f3c da kh\u00f4ng th\u1ec3 thi\u1ebfu. \u0110\u00e2y l\u00e0 l\u1ef1a ch\u1ecdn thi\u1ebft y\u1ebfu cho ng\u01b0\u1eddi ti\u00eau d\u00f9ng mong mu\u1ed1n c\u00f3 l\u00e0n da s\u00e1ng kh\u1ecfe, \u0111\u1ec1u m\u00e0u. Ch\u00ednh v\u00ec v\u1eady, gia [&hellip;]<\/p>\n","protected":false},"featured_media":11953,"comment_status":"open","ping_status":"closed","template":"","meta":[],"product_brand":[],"product_cat":[19],"product_tag":[],"class_list":{"0":"post-11604","1":"product","2":"type-product","3":"status-publish","4":"has-post-thumbnail","6":"product_cat-gia-cong-san-pham-cham-soc-dieu-tri","8":"first","9":"instock","10":"shipping-taxable","11":"product-type-simple"},"_links":{"self":[{"href":"https:\/\/shizencos.com\/en\/wp-json\/wp\/v2\/product\/11604","targetHints":{"allow":["GET"]}}],"collection":[{"href":"https:\/\/shizencos.com\/en\/wp-json\/wp\/v2\/product"}],"about":[{"href":"https:\/\/shizencos.com\/en\/wp-json\/wp\/v2\/types\/product"}],"replies":[{"embeddable":true,"href":"https:\/\/shizencos.com\/en\/wp-json\/wp\/v2\/comments?post=11604"}],"wp:featuredmedia":[{"embeddable":true,"href":"https:\/\/shizencos.com\/en\/wp-json\/wp\/v2\/media\/11953"}],"wp:attachment":[{"href":"https:\/\/shizencos.com\/en\/wp-json\/wp\/v2\/media?parent=11604"}],"wp:term":[{"taxonomy":"product_brand","embeddable":true,"href":"https:\/\/shizencos.com\/en\/wp-json\/wp\/v2\/product_brand?post=11604"},{"taxonomy":"product_cat","embeddable":true,"href":"https:\/\/shizencos.com\/en\/wp-json\/wp\/v2\/product_cat?post=11604"},{"taxonomy":"product_tag","embeddable":true,"href":"https:\/\/shizencos.com\/en\/wp-json\/wp\/v2\/product_tag?post=11604"}],"curies":[{"name":"wp","href":"https:\/\/api.w.org\/{rel}","templated":true}]}}