{"id":11601,"date":"2024-10-25T10:27:18","date_gmt":"2024-10-25T03:27:18","guid":{"rendered":"https:\/\/shizencos.com\/?post_type=product&#038;p=11601"},"modified":"2025-08-29T14:42:27","modified_gmt":"2025-08-29T07:42:27","slug":"gia-cong-serum-tri-mun","status":"publish","type":"product","link":"https:\/\/shizencos.com\/en\/gia-cong-serum-tri-mun\/","title":{"rendered":"Acne treatment serum processing"},"content":{"rendered":"<p style=\"text-align: justify;\"><span style=\"font-weight: 400;\">Shizencos \u2013 \u0111\u1ed1i t\u00e1c gia c\u00f4ng serum tr\u1ecb m\u1ee5n uy t\u00edn, chuy\u00ean s\u1ea3n xu\u1ea5t m\u1ef9 ph\u1ea9m \u0111i\u1ec1u tr\u1ecb da theo y\u00eau c\u1ea7u. Cung c\u1ea5p c\u00f4ng th\u1ee9c \u0111\u1ed9c quy\u1ec1n, m\u1eabu th\u1eed mi\u1ec5n ph\u00ed, thi\u1ebft k\u1ebf bao b\u00ec v\u00e0 h\u1ed7 tr\u1ee3 \u0111\u1ea7y \u0111\u1ee7 ph\u00e1p l\u00fd. Gia c\u00f4ng serum m\u1ee5n \u2013 l\u1ef1a ch\u1ecdn th\u00f4ng minh cho th\u01b0\u01a1ng hi\u1ec7u ch\u0103m s\u00f3c da chuy\u00ean s\u00e2u.<\/span><\/p>\n<p style=\"text-align: justify;\"><span style=\"font-weight: 400;\">The article below will help you better understand the acne serum processing service at Shizencos.<\/span><\/p>\n<h2 style=\"text-align: justify;\"><span style=\"font-size: 14pt;\"><b>1. What is acne serum processing?<\/b><\/span><\/h2>\n<p style=\"text-align: justify;\"><span style=\"font-weight: 400; font-size: 12pt;\">Acne treatment serum is a special treatment product with a light texture, deep penetration ability to help soothe the skin, anti-inflammatory, control sebum and prevent acne effectively. Usually contains active ingredients such as Niacinamide, BHA, AHA, Zinc, Tea Tree Oil, Centella asiatica extract...<\/span><\/p>\n<p style=\"text-align: justify;\"><span style=\"font-weight: 400; font-size: 12pt;\">Acne serum processing is the process of manufacturing products according to a separate formula requested by the customer, or selected from the available formula catalog at Shizencos. This process is performed in-house according to CGMP standards, ensuring the quality, safety and effectiveness of the output product.<\/span><\/p>\n<figure id=\"attachment_11766\" aria-describedby=\"caption-attachment-11766\" style=\"width: 1500px\" class=\"wp-caption aligncenter\"><a href=\"https:\/\/shizencos.com\/wp-content\/uploads\/2024\/10\/3-7.png\"><img fetchpriority=\"high\" decoding=\"async\" class=\"size-full wp-image-11766\" src=\"https:\/\/shizencos.com\/wp-content\/uploads\/2024\/10\/3-7.png\" alt=\"Nguy\u00ean nh\u00e2n d\u1eabn t\u1edbi hi\u1ec7n tr\u1ea1ng g\u00e2y m\u1ee5n\" width=\"1500\" height=\"600\" title=\"\" srcset=\"https:\/\/shizencos.com\/wp-content\/uploads\/2024\/10\/3-7.png 1500w, https:\/\/shizencos.com\/wp-content\/uploads\/2024\/10\/3-7-150x60.png 150w, https:\/\/shizencos.com\/wp-content\/uploads\/2024\/10\/3-7-18x7.png 18w, https:\/\/shizencos.com\/wp-content\/uploads\/2024\/10\/3-7-300x120.png 300w, https:\/\/shizencos.com\/wp-content\/uploads\/2024\/10\/3-7-768x307.png 768w, https:\/\/shizencos.com\/wp-content\/uploads\/2024\/10\/3-7-1024x410.png 1024w, https:\/\/shizencos.com\/wp-content\/uploads\/2024\/10\/3-7-600x240.png 600w\" sizes=\"(max-width: 1500px) 100vw, 1500px\" \/><\/a><figcaption id=\"caption-attachment-11766\" class=\"wp-caption-text\">Causes of acne<\/figcaption><\/figure>\n<h2 style=\"text-align: justify;\"><span style=\"font-size: 14pt;\"><b>2. L\u1ee3i \u00edch khi l\u1ef1a ch\u1ecdn gia c\u00f4ng serum tr\u1ecb m\u1ee5n<\/b><\/span><\/h2>\n<p style=\"text-align: justify;\"><span style=\"font-weight: 400;\">The cosmetic treatment market always needs truly effective and safe products. Cooperating with a reputable manufacturer like Shizencos will help your brand quickly own high-quality acne treatment serum products, ready to launch on the market without having to invest in a factory or a separate R&amp;D team, which helps you optimize the cost of your products.<\/span><\/p>\n<p style=\"text-align: justify;\"><span style=\"font-weight: 400;\">\u2705 Save investment and human resources costs<\/span><\/p>\n<p style=\"text-align: justify;\"><span style=\"font-weight: 400;\">\u2705 Shorten product research and launch time<\/span><\/p>\n<p style=\"text-align: justify;\"><span style=\"font-weight: 400;\">\u2705 Ensure product quality according to international standards<\/span><\/p>\n<p style=\"text-align: justify;\"><span style=\"font-weight: 400;\">\u2705 Legal support, product declaration, testing<\/span><\/p>\n<p style=\"text-align: justify;\"><span style=\"font-weight: 400;\">\u2705 Flexible formula, packaging and production quantity<\/span><\/p>\n<h2 style=\"text-align: justify;\"><span style=\"font-size: 14pt;\"><b>3. Processing acne treatment serum at Shizencos<\/b><\/span><\/h2>\n<p style=\"text-align: justify;\"><span style=\"font-weight: 400;\">At Shizencos, we provide comprehensive acne serum manufacturing services from A-Z: exclusive formula, effective testing, packaging design and legal support, helping your brand stand out in a competitive market.<\/span><\/p>\n<figure id=\"attachment_11767\" aria-describedby=\"caption-attachment-11767\" style=\"width: 1500px\" class=\"wp-caption aligncenter\"><a href=\"https:\/\/shizencos.com\/wp-content\/uploads\/2024\/10\/1-9.png\"><img decoding=\"async\" class=\"size-full wp-image-11767\" src=\"https:\/\/shizencos.com\/wp-content\/uploads\/2024\/10\/1-9.png\" alt=\"Nguy\u00ean li\u1ec7u s\u1eed d\u1ee5ng trong gia c\u00f4ng serum tr\u1ecb m\u1ee5n\" width=\"1500\" height=\"600\" title=\"\" srcset=\"https:\/\/shizencos.com\/wp-content\/uploads\/2024\/10\/1-9.png 1500w, https:\/\/shizencos.com\/wp-content\/uploads\/2024\/10\/1-9-150x60.png 150w, https:\/\/shizencos.com\/wp-content\/uploads\/2024\/10\/1-9-18x7.png 18w, https:\/\/shizencos.com\/wp-content\/uploads\/2024\/10\/1-9-300x120.png 300w, https:\/\/shizencos.com\/wp-content\/uploads\/2024\/10\/1-9-768x307.png 768w, https:\/\/shizencos.com\/wp-content\/uploads\/2024\/10\/1-9-1024x410.png 1024w, https:\/\/shizencos.com\/wp-content\/uploads\/2024\/10\/1-9-600x240.png 600w\" sizes=\"(max-width: 1500px) 100vw, 1500px\" \/><\/a><figcaption id=\"caption-attachment-11767\" class=\"wp-caption-text\">Raw materials used in the production of acne treatment serum<\/figcaption><\/figure>\n<h3 style=\"text-align: justify;\"><span style=\"font-size: 14pt;\"><b>\u00a03.1 Diverse acne serum formulas<\/b><\/span><\/h3>\n<p style=\"text-align: justify;\"><span style=\"font-weight: 400;\">Shizencos owns a system of specialized acne treatment formulas suitable for many market segments:<\/span><\/p>\n<ul style=\"text-align: justify;\">\n<li style=\"font-weight: 400;\" aria-level=\"1\"><span style=\"font-weight: 400;\">Serum for treating acne and pustules: Reduces swelling, antibacterial, anti-inflammatory.<\/span><\/li>\n<li style=\"font-weight: 400;\" aria-level=\"1\"><span style=\"font-weight: 400;\">Serum for hidden acne and blackheads: Deeply cleans pores and controls oil.<\/span><\/li>\n<li style=\"font-weight: 400;\" aria-level=\"1\"><span style=\"font-weight: 400;\">Post-acne skin recovery serum: Soothes, regenerates cells, reduces dark spots.<\/span><\/li>\n<li style=\"font-weight: 400;\" aria-level=\"1\"><span style=\"font-weight: 400;\">Antibacterial serum controls oil: Keeps skin dry and prevents acne from recurring.<\/span><\/li>\n<li style=\"font-weight: 400;\" aria-level=\"1\"><span style=\"font-weight: 400;\">Acne scar reduction serum: Brightens skin, evens skin tone, prevents dark scars.<\/span><\/li>\n<\/ul>\n<p style=\"text-align: justify;\"><span style=\"font-weight: 400;\">In addition, Shizencos supports the development of exclusive formulas according to the individual direction of each of your brands.<\/span><\/p>\n<figure id=\"attachment_11768\" aria-describedby=\"caption-attachment-11768\" style=\"width: 1500px\" class=\"wp-caption aligncenter\"><a href=\"https:\/\/shizencos.com\/wp-content\/uploads\/2024\/10\/2-8.png\"><img decoding=\"async\" class=\"size-full wp-image-11768\" src=\"https:\/\/shizencos.com\/wp-content\/uploads\/2024\/10\/2-8.png\" alt=\"Gia c\u00f4ng serum tr\u1ecb m\u1ee5n v\u1edbi nhi\u1ec1u \u01b0u \u0111i\u1ec3m n\u1ed5i tr\u1ed9i\" width=\"1500\" height=\"600\" title=\"\" srcset=\"https:\/\/shizencos.com\/wp-content\/uploads\/2024\/10\/2-8.png 1500w, https:\/\/shizencos.com\/wp-content\/uploads\/2024\/10\/2-8-150x60.png 150w, https:\/\/shizencos.com\/wp-content\/uploads\/2024\/10\/2-8-18x7.png 18w, https:\/\/shizencos.com\/wp-content\/uploads\/2024\/10\/2-8-300x120.png 300w, https:\/\/shizencos.com\/wp-content\/uploads\/2024\/10\/2-8-768x307.png 768w, https:\/\/shizencos.com\/wp-content\/uploads\/2024\/10\/2-8-1024x410.png 1024w, https:\/\/shizencos.com\/wp-content\/uploads\/2024\/10\/2-8-600x240.png 600w\" sizes=\"(max-width: 1500px) 100vw, 1500px\" \/><\/a><figcaption id=\"caption-attachment-11768\" class=\"wp-caption-text\">Processing acne treatment serum with many outstanding advantages<\/figcaption><\/figure>\n<h3 style=\"text-align: justify;\"><span style=\"font-size: 14pt;\"><b>3.2 Acne serum manufacturing process at Shizencos<\/b><\/span><\/h3>\n<p style=\"text-align: justify;\"><span style=\"font-weight: 400; font-size: 12pt;\">Shizencos applies a closed processing process, strictly controlling from raw materials to finished products, ensuring that each bottle of acne serum is effective and absolutely safe.<\/span><\/p>\n<p style=\"text-align: justify;\"><span style=\"font-weight: 400; font-size: 12pt;\">Step 1: Consulting needs \u2013 Listening to ideas and product orientation.<\/span><\/p>\n<p style=\"text-align: justify;\"><span style=\"font-weight: 400; font-size: 12pt;\">Step 2: Research &amp; Development \u2013 \u200b\u200bR&amp;D team develops formula.<\/span><\/p>\n<p style=\"text-align: justify;\"><span style=\"font-weight: 400; font-size: 12pt;\">Step 3: Send out samples \u2013 Adjust the formula based on customer feedback.<\/span><\/p>\n<p style=\"text-align: justify;\"><span style=\"font-weight: 400; font-size: 12pt;\">Step 4: Quote &amp; Contract \u2013 Confirm final formula.<\/span><\/p>\n<p style=\"text-align: justify;\"><span style=\"font-weight: 400; font-size: 12pt;\">Step 5: Prepare raw materials \u2013 Import and test input materials<\/span><\/p>\n<p style=\"text-align: justify;\"><span style=\"font-weight: 400; font-size: 12pt;\">Step 6: Mass production \u2013 Proceed with mixing and bottling according to GMP standards.<\/span><\/p>\n<p style=\"text-align: justify;\"><span style=\"font-weight: 400; font-size: 12pt;\">Step 7: Packaging &amp; Labeling \u2013 According to brand design<\/span><\/p>\n<p style=\"text-align: justify;\"><span style=\"font-weight: 400; font-size: 12pt;\">Step 8: Handover &amp; post-production support \u2013 Publication, testing, business consulting.<\/span><\/p>\n<h2 style=\"text-align: justify;\"><span style=\"font-size: 14pt;\"><b>Conclude<\/b><\/span><\/h2>\n<p style=\"text-align: justify;\"><span style=\"font-weight: 400; font-size: 12pt;\">Outsourcing acne treatment serum is the optimal solution for your brand to enter the market quickly, effectively and economically. With experience and international standard production capacity, Shizencos is ready to accompany you on the journey of building specialized skin treatment products.<\/span><\/p>\n<p style=\"text-align: justify;\"><span style=\"font-weight: 400; font-size: 12pt;\">Contact Shizencos now to receive free consultation, experience samples and realize your acne serum product idea!<\/span><\/p>","protected":false},"excerpt":{"rendered":"<p><span style=\"font-weight: 400;\">Shizencos \u2013 CGMP standard acne serum manufacturing partner, specializing in manufacturing skin treatment cosmetics on demand. Providing exclusive formulas, free samples, packaging design and full legal support. Acne serum manufacturing \u2013 a smart choice for specialized skin care brands.<\/span><\/p>","protected":false},"featured_media":11954,"comment_status":"open","ping_status":"closed","template":"","meta":[],"product_brand":[],"product_cat":[19],"product_tag":[],"class_list":{"0":"post-11601","1":"product","2":"type-product","3":"status-publish","4":"has-post-thumbnail","6":"product_cat-gia-cong-san-pham-cham-soc-dieu-tri","8":"first","9":"instock","10":"shipping-taxable","11":"product-type-simple"},"_links":{"self":[{"href":"https:\/\/shizencos.com\/en\/wp-json\/wp\/v2\/product\/11601","targetHints":{"allow":["GET"]}}],"collection":[{"href":"https:\/\/shizencos.com\/en\/wp-json\/wp\/v2\/product"}],"about":[{"href":"https:\/\/shizencos.com\/en\/wp-json\/wp\/v2\/types\/product"}],"replies":[{"embeddable":true,"href":"https:\/\/shizencos.com\/en\/wp-json\/wp\/v2\/comments?post=11601"}],"wp:featuredmedia":[{"embeddable":true,"href":"https:\/\/shizencos.com\/en\/wp-json\/wp\/v2\/media\/11954"}],"wp:attachment":[{"href":"https:\/\/shizencos.com\/en\/wp-json\/wp\/v2\/media?parent=11601"}],"wp:term":[{"taxonomy":"product_brand","embeddable":true,"href":"https:\/\/shizencos.com\/en\/wp-json\/wp\/v2\/product_brand?post=11601"},{"taxonomy":"product_cat","embeddable":true,"href":"https:\/\/shizencos.com\/en\/wp-json\/wp\/v2\/product_cat?post=11601"},{"taxonomy":"product_tag","embeddable":true,"href":"https:\/\/shizencos.com\/en\/wp-json\/wp\/v2\/product_tag?post=11601"}],"curies":[{"name":"wp","href":"https:\/\/api.w.org\/{rel}","templated":true}]}}