{"id":11598,"date":"2024-10-25T10:24:35","date_gmt":"2024-10-25T03:24:35","guid":{"rendered":"https:\/\/shizencos.com\/?post_type=product&#038;p=11598"},"modified":"2025-05-06T08:44:38","modified_gmt":"2025-05-06T01:44:38","slug":"gia-cong-serum-mo-nam","status":"publish","type":"product","link":"https:\/\/shizencos.com\/en\/gia-cong-serum-mo-nam\/","title":{"rendered":"Gia c\u00f4ng serum m\u1edd n\u00e1m"},"content":{"rendered":"<p><span style=\"font-weight: 400;\">Gia c\u00f4ng serum m\u1edd n\u00e1m c\u00f9ng Shizencos \u2013 gi\u1ea3i ph\u00e1p t\u1ed1i \u01b0u gi\u00fap doanh nghi\u1ec7p nhanh ch\u00f3ng s\u1edf h\u1eefu d\u00f2ng s\u1ea3n ph\u1ea9m ch\u0103m s\u00f3c da chuy\u00ean s\u00e2u, h\u1ed7 tr\u1ee3 l\u00e0m \u0111\u1ec1u m\u00e0u v\u00e0 c\u1ea3i thi\u1ec7n t\u00ecnh tr\u1ea1ng da s\u1ea1m n\u00e1m. V\u1edbi c\u00f4ng th\u1ee9c linh ho\u1ea1t, ph\u00e1t tri\u1ec3n ri\u00eang theo \u0111\u1ecbnh h\u01b0\u1edbng th\u01b0\u01a1ng hi\u1ec7u c\u1ee7a b\u1ea1n, Shizencos \u0111\u00e1p \u1ee9ng \u0111a d\u1ea1ng nhu c\u1ea7u th\u1ecb tr\u01b0\u1eddng v\u1ec1 s\u1ea3n ph\u1ea9m h\u1ed7 tr\u1ee3 l\u00e0m s\u00e1ng da, ch\u0103m s\u00f3c da kh\u00f4ng \u0111\u1ec1u m\u00e0u v\u00e0 da c\u00f3 d\u1ea5u hi\u1ec7u l\u00e3o h\u00f3a s\u1edbm.<\/span><\/p>\n<p><span style=\"font-weight: 400;\">C\u00f9ng Shizencos t\u00ecm hi\u1ec3u v\u1ec1 quy tr\u00ecnh gia c\u00f4ng Serum m\u1edd n\u00e1m v\u00e0 nh\u1eefng l\u1ee3i \u00edch khi ch\u1ecdn gia c\u00f4ng t\u1ea1i Shizencos trong b\u00e0i vi\u1ebft n\u00e0y.<\/span><\/p>\n<h2><span style=\"font-size: 14pt;\"><b>1. Gia c\u00f4ng Serum m\u1edd n\u00e1m l\u00e0 g\u00ec?<\/b><\/span><\/h2>\n<p><span style=\"font-weight: 400;\">Serum m\u1edd n\u00e1m l\u00e0 s\u1ea3n ph\u1ea9m ch\u0103m s\u00f3c da gi\u00fap l\u00e0m m\u1edd n\u00e1m v\u00e0 t\u00e0n nhang, th\u01b0\u1eddng ch\u1ee9a c\u00e1c ho\u1ea1t ch\u1ea5t nh\u01b0 Niacinamide v\u00e0 Retinol gi\u00fap l\u00e0m s\u00e1ng da.\u00a0<\/span><span style=\"font-weight: 400;\">Serum m\u1edd n\u00e1m l\u00e0 s\u1ea3n ph\u1ea9m ch\u0103m s\u00f3c da ch\u1ee9a c\u00e1c th\u00e0nh ph\u1ea7n ho\u1ea1t ch\u1ea5t \u0111\u1eb7c bi\u1ec7t gi\u00fap l\u00e0m s\u00e1ng da, gi\u1ea3m s\u1eafc t\u1ed1 n\u00e1m v\u00e0 t\u00e0n nhang.<\/span><\/p>\n<p><span style=\"font-weight: 400;\">Gia c\u00f4ng serum m\u1edd n\u00e1m l\u00e0 qu\u00e1 tr\u00ecnh s\u1ea3n xu\u1ea5t serum theo y\u00eau c\u1ea7u c\u1ee7a doanh nghi\u1ec7p ho\u1eb7c th\u01b0\u01a1ng hi\u1ec7u m\u1ef9 ph\u1ea9m. Quy tr\u00ecnh n\u00e0y bao g\u1ed3m nghi\u00ean c\u1ee9u c\u00f4ng th\u1ee9c, th\u1eed nghi\u1ec7m, s\u1ea3n xu\u1ea5t, \u0111\u00f3ng g\u00f3i v\u00e0 h\u1ed7 tr\u1ee3 ph\u00e1p l\u00fd, do c\u00e1c \u0111\u01a1n v\u1ecb gia c\u00f4ng chuy\u00ean nghi\u1ec7p th\u1ef1c hi\u1ec7n. \u0110\u00e2y l\u00e0 gi\u1ea3i ph\u00e1p l\u00fd t\u01b0\u1edfng gi\u00fap c\u00e1c th\u01b0\u01a1ng hi\u1ec7u nhanh ch\u00f3ng s\u1edf h\u1eefu s\u1ea3n ph\u1ea9m ch\u1ea5t l\u01b0\u1ee3ng cao m\u00e0 kh\u00f4ng c\u1ea7n \u0111\u1ea7u t\u01b0 v\u00e0o c\u01a1 s\u1edf v\u1eadt ch\u1ea5t t\u1ed1i \u01b0u gi\u00e1 th\u00e0nh.<\/span><\/p>\n<figure id=\"attachment_11770\" aria-describedby=\"caption-attachment-11770\" style=\"width: 1500px\" class=\"wp-caption aligncenter\"><a href=\"https:\/\/shizencos.com\/wp-content\/uploads\/2024\/10\/2-9.png\"><img fetchpriority=\"high\" decoding=\"async\" class=\"size-full wp-image-11770\" src=\"https:\/\/shizencos.com\/wp-content\/uploads\/2024\/10\/2-9.png\" alt=\"Gi\u1edbi thi\u1ec7u s\u01a1 l\u01b0\u1ee3c v\u1ec1 gia c\u00f4ng serum tr\u1ecb n\u00e1m\" width=\"1500\" height=\"600\" title=\"\" srcset=\"https:\/\/shizencos.com\/wp-content\/uploads\/2024\/10\/2-9.png 1500w, https:\/\/shizencos.com\/wp-content\/uploads\/2024\/10\/2-9-150x60.png 150w, https:\/\/shizencos.com\/wp-content\/uploads\/2024\/10\/2-9-18x7.png 18w, https:\/\/shizencos.com\/wp-content\/uploads\/2024\/10\/2-9-300x120.png 300w, https:\/\/shizencos.com\/wp-content\/uploads\/2024\/10\/2-9-768x307.png 768w, https:\/\/shizencos.com\/wp-content\/uploads\/2024\/10\/2-9-1024x410.png 1024w, https:\/\/shizencos.com\/wp-content\/uploads\/2024\/10\/2-9-600x240.png 600w\" sizes=\"(max-width: 1500px) 100vw, 1500px\" \/><\/a><figcaption id=\"caption-attachment-11770\" class=\"wp-caption-text\">Gi\u1edbi thi\u1ec7u s\u01a1 l\u01b0\u1ee3c v\u1ec1 gia c\u00f4ng serum tr\u1ecb n\u00e1m<\/figcaption><\/figure>\n<h2><span style=\"font-size: 14pt;\"><b>2. L\u1ee3i \u00edch c\u1ee7a vi\u1ec7c l\u1ef1a ch\u1ecdn gia c\u00f4ng serum m\u1edd n\u00e1m<\/b><\/span><\/h2>\n<p><span style=\"font-weight: 400;\">Vi\u1ec7c gia c\u00f4ng serum m\u1edd n\u00e1m gi\u00fap doanh nghi\u1ec7p ti\u1ebft ki\u1ec7m chi ph\u00ed v\u00e0 th\u1eddi gian nghi\u00ean c\u1ee9u s\u1ea3n ph\u1ea9m, \u0111\u1ed3ng th\u1eddi \u0111\u1ea3m b\u1ea3o ch\u1ea5t l\u01b0\u1ee3ng s\u1ea3n ph\u1ea9m nh\u1edd v\u00e0o c\u00f4ng ngh\u1ec7 s\u1ea3n xu\u1ea5t ti\u00ean ti\u1ebfn v\u00e0 \u0111\u1ed9i ng\u0169 chuy\u00ean m\u00f4n gi\u00e0u kinh nghi\u1ec7m.<\/span><span style=\"font-weight: 400;\"><br \/>\n<\/span><span style=\"font-weight: 400;\"> \u0110\u1eb7c bi\u1ec7t, \u0111\u1ed1i v\u1edbi serum m\u1edd n\u00e1m, s\u1ea3n ph\u1ea9m c\u1ea7n c\u00f3 hi\u1ec7u qu\u1ea3 r\u00f5 r\u1ec7t v\u00e0 an to\u00e0n cho da, vi\u1ec7c h\u1ee3p t\u00e1c v\u1edbi \u0111\u01a1n v\u1ecb gia c\u00f4ng uy t\u00edn s\u1ebd gi\u00fap th\u01b0\u01a1ng hi\u1ec7u nhanh ch\u00f3ng n\u1ed5i b\u1eadt tr\u00ean th\u1ecb tr\u01b0\u1eddng.<\/span><\/p>\n<h2 style=\"text-align: justify;\"><span style=\"font-size: 14pt;\"><b>3. Gia c\u00f4ng serum m\u1edd n\u00e1m t\u1ea1i Shizencos<\/b><\/span><\/h2>\n<p style=\"text-align: justify;\"><b><\/b><span style=\"font-weight: 400;\">Shizencos kh\u00f4ng ch\u1ec9 l\u00e0 \u0111\u01a1n v\u1ecb gia c\u00f4ng, m\u00e0 c\u00f2n l\u00e0 \u0111\u1ed1i t\u00e1c chi\u1ebfn l\u01b0\u1ee3c trong vi\u1ec7c ph\u00e1t tri\u1ec3n s\u1ea3n ph\u1ea9m cho th\u01b0\u01a1ng hi\u1ec7u c\u1ee7a b\u1ea1n. V\u1edbi h\u1ec7 th\u1ed1ng nh\u00e0 m\u00e1y hi\u1ec7n \u0111\u1ea1i v\u00e0 \u0111\u1ed9i ng\u0169 chuy\u00ean gia gi\u00e0u kinh nghi\u1ec7m, ch\u00fang t\u00f4i cam k\u1ebft mang \u0111\u1ebfn gi\u1ea3i ph\u00e1p gia c\u00f4ng serum m\u1edd n\u00e1m ch\u1ea5t l\u01b0\u1ee3ng, gi\u00fap b\u1ea1n nhanh ch\u00f3ng ra m\u1eaft s\u1ea3n ph\u1ea9m hi\u1ec7u qu\u1ea3 tr\u00ean th\u1ecb tr\u01b0\u1eddng.<\/span><\/p>\n<figure id=\"attachment_11771\" aria-describedby=\"caption-attachment-11771\" style=\"width: 1500px\" class=\"wp-caption aligncenter\"><a href=\"https:\/\/shizencos.com\/wp-content\/uploads\/2024\/10\/1-10.png\"><img decoding=\"async\" class=\"size-full wp-image-11771\" src=\"https:\/\/shizencos.com\/wp-content\/uploads\/2024\/10\/1-10.png\" alt=\"T\u1ea1i sao n\u00ean ch\u1ecdn gia c\u00f4ng serum tr\u1ecb n\u00e1m?\" width=\"1500\" height=\"600\" title=\"\" srcset=\"https:\/\/shizencos.com\/wp-content\/uploads\/2024\/10\/1-10.png 1500w, https:\/\/shizencos.com\/wp-content\/uploads\/2024\/10\/1-10-150x60.png 150w, https:\/\/shizencos.com\/wp-content\/uploads\/2024\/10\/1-10-18x7.png 18w, https:\/\/shizencos.com\/wp-content\/uploads\/2024\/10\/1-10-300x120.png 300w, https:\/\/shizencos.com\/wp-content\/uploads\/2024\/10\/1-10-768x307.png 768w, https:\/\/shizencos.com\/wp-content\/uploads\/2024\/10\/1-10-1024x410.png 1024w, https:\/\/shizencos.com\/wp-content\/uploads\/2024\/10\/1-10-600x240.png 600w\" sizes=\"(max-width: 1500px) 100vw, 1500px\" \/><\/a><figcaption id=\"caption-attachment-11771\" class=\"wp-caption-text\">T\u1ea1i sao n\u00ean ch\u1ecdn gia c\u00f4ng serum tr\u1ecb n\u00e1m?<\/figcaption><\/figure>\n<h3><span style=\"font-size: 14pt;\"><b>3.1 C\u00f4ng th\u1ee9c serum m\u1edd n\u00e1m \u0111a d\u1ea1ng<\/b><\/span><\/h3>\n<p><span style=\"font-weight: 400;\">Ch\u00fang t\u00f4i hi\u1ec3u r\u1eb1ng m\u1ed7i th\u01b0\u01a1ng hi\u1ec7u c\u00f3 \u0111\u1ecbnh h\u01b0\u1edbng ri\u00eang trong s\u1ea3n ph\u1ea9m ch\u0103m s\u00f3c da, do \u0111\u00f3 Shizencos cung c\u1ea5p nhi\u1ec1u c\u00f4ng th\u1ee9c serum m\u1edd n\u00e1m kh\u00e1c nhau, s\u1eb5n s\u00e0ng cho b\u1ea1n l\u1ef1a ch\u1ecdn ho\u1eb7c t\u00f9y ch\u1ec9nh theo nhu c\u1ea7u \u0111\u1eb7c bi\u1ec7t c\u1ee7a th\u01b0\u01a1ng hi\u1ec7u. M\u1ed9t s\u1ed1 c\u00f4ng th\u1ee9c ph\u1ed5 bi\u1ebfn cho serum m\u1edd n\u00e1m bao g\u1ed3m:<\/span><\/p>\n<ul>\n<li style=\"font-weight: 400;\" aria-level=\"1\"><span style=\"font-weight: 400;\">Serum l\u00e0m s\u00e1ng da, gi\u1ea3m th\u00e2m n\u00e1m v\u00e0 t\u00e0n nhang<\/span><\/li>\n<li style=\"font-weight: 400;\" aria-level=\"1\"><span style=\"font-weight: 400;\">Serum ph\u1ee5c h\u1ed3i da s\u00e1ng m\u1ecbn, \u0111\u1ec1u m\u00e0u<\/span><\/li>\n<li style=\"font-weight: 400;\" aria-level=\"1\"><span style=\"font-weight: 400;\">Serum l\u00e0m tr\u1eafng da, c\u1ea3i thi\u1ec7n s\u1eafc t\u1ed1 da v\u00e0 gi\u1ea3m s\u1ef1 xu\u1ea5t hi\u1ec7n c\u1ee7a n\u00e1m<\/span><\/li>\n<li style=\"font-weight: 400;\" aria-level=\"1\"><span style=\"font-weight: 400;\">Serum d\u01b0\u1ee1ng \u1ea9m s\u00e2u v\u00e0 b\u1ea3o v\u1ec7 da kh\u1ecfi t\u00e1c \u0111\u1ed9ng m\u00f4i tr\u01b0\u1eddng<\/span><\/li>\n<\/ul>\n<p><span style=\"font-weight: 400;\">\u00a0Ngo\u00e0i ra, ch\u00fang t\u00f4i c\u00f2n h\u1ed7 tr\u1ee3 \u0111i\u1ec1u ch\u1ec9nh c\u00f4ng th\u1ee9c serum m\u1edd n\u00e1m theo y\u00eau c\u1ea7u ri\u00eang bi\u1ec7t c\u1ee7a t\u1eebng th\u01b0\u01a1ng hi\u1ec7u.<\/span><\/p>\n<figure id=\"attachment_11772\" aria-describedby=\"caption-attachment-11772\" style=\"width: 1500px\" class=\"wp-caption aligncenter\"><a href=\"https:\/\/shizencos.com\/wp-content\/uploads\/2024\/10\/3-8.png\"><img decoding=\"async\" class=\"size-full wp-image-11772\" src=\"https:\/\/shizencos.com\/wp-content\/uploads\/2024\/10\/3-8.png\" alt=\"Th\u00e0nh ph\u1ea7n gi\u00fap gi\u1ea3m b\u1edbt th\u00e2m n\u00e1m\" width=\"1500\" height=\"600\" title=\"\" srcset=\"https:\/\/shizencos.com\/wp-content\/uploads\/2024\/10\/3-8.png 1500w, https:\/\/shizencos.com\/wp-content\/uploads\/2024\/10\/3-8-150x60.png 150w, https:\/\/shizencos.com\/wp-content\/uploads\/2024\/10\/3-8-18x7.png 18w, https:\/\/shizencos.com\/wp-content\/uploads\/2024\/10\/3-8-300x120.png 300w, https:\/\/shizencos.com\/wp-content\/uploads\/2024\/10\/3-8-768x307.png 768w, https:\/\/shizencos.com\/wp-content\/uploads\/2024\/10\/3-8-1024x410.png 1024w, https:\/\/shizencos.com\/wp-content\/uploads\/2024\/10\/3-8-600x240.png 600w\" sizes=\"(max-width: 1500px) 100vw, 1500px\" \/><\/a><figcaption id=\"caption-attachment-11772\" class=\"wp-caption-text\">Th\u00e0nh ph\u1ea7n gi\u00fap gi\u1ea3m b\u1edbt th\u00e2m n\u00e1m<\/figcaption><\/figure>\n<h3><span style=\"font-size: 14pt;\"><b>3.2 Quy tr\u00ecnh gia c\u00f4ng serum m\u1edd n\u00e1m t\u1ea1i Shizencos<\/b><\/span><\/h3>\n<p><span style=\"font-weight: 400;\">Shizencos th\u1ef1c hi\u1ec7n quy tr\u00ecnh gia c\u00f4ng kh\u00e9p k\u00edn, t\u1eeb nghi\u00ean c\u1ee9u c\u00f4ng th\u1ee9c cho \u0111\u1ebfn s\u1ea3n xu\u1ea5t, nh\u1eb1m \u0111\u1ea3m b\u1ea3o m\u1ed7i s\u1ea3n ph\u1ea9m serum m\u1edd n\u00e1m \u0111\u1ec1u \u0111\u1ea1t hi\u1ec7u qu\u1ea3 cao v\u00e0 an to\u00e0n tuy\u1ec7t \u0111\u1ed1i.<\/span><\/p>\n<ul>\n<li style=\"font-weight: 400;\" aria-level=\"1\"><span style=\"font-weight: 400;\">B\u01b0\u1edbc 1: T\u01b0 v\u1ea5n v\u00e0 x\u00e1c nh\u1eadn nhu c\u1ea7u \u2013 L\u1eafng nghe y\u00eau c\u1ea7u c\u1ee7a kh\u00e1ch h\u00e0ng, t\u01b0 v\u1ea5n c\u00f4ng th\u1ee9c ph\u00f9 h\u1ee3p<\/span><\/li>\n<li style=\"font-weight: 400;\" aria-level=\"1\"><span style=\"font-weight: 400;\">B\u01b0\u1edbc 2: Nghi\u00ean c\u1ee9u v\u00e0 ph\u00e1t tri\u1ec3n \u2013 \u0110\u1ed9i ng\u0169 R&amp;D nghi\u00ean c\u1ee9u v\u00e0 t\u1ed1i \u01b0u c\u00f4ng th\u1ee9c<\/span><\/li>\n<li style=\"font-weight: 400;\" aria-level=\"1\"><span style=\"font-weight: 400;\">B\u01b0\u1edbc 3: G\u1eedi m\u1eabu v\u00e0 \u0111i\u1ec1u ch\u1ec9nh \u2013 Cung c\u1ea5p m\u1eabu th\u1eed v\u00e0 \u0111i\u1ec1u ch\u1ec9nh theo ph\u1ea3n h\u1ed3i t\u1eeb kh\u00e1ch h\u00e0ng<\/span><\/li>\n<li style=\"font-weight: 400;\" aria-level=\"1\"><span style=\"font-weight: 400;\">B\u01b0\u1edbc 4: Ch\u1ed1t m\u1eabu v\u00e0 b\u00e1o gi\u00e1 \u2013 X\u00e1c nh\u1eadn c\u00f4ng th\u1ee9c cu\u1ed1i c\u00f9ng v\u00e0 b\u00e1o gi\u00e1 s\u1ea3n ph\u1ea9m<\/span><\/li>\n<li style=\"font-weight: 400;\" aria-level=\"1\"><span style=\"font-weight: 400;\">B\u01b0\u1edbc 5: K\u00fd h\u1ee3p \u0111\u1ed3ng v\u00e0 h\u1ee3p t\u00e1c \u2013 Th\u1ed1ng nh\u1ea5t v\u00e0 k\u00fd h\u1ee3p \u0111\u1ed3ng gia c\u00f4ng<\/span><\/li>\n<li style=\"font-weight: 400;\" aria-level=\"1\"><span style=\"font-weight: 400;\">B\u01b0\u1edbc 6: Chu\u1ea9n b\u1ecb nguy\u00ean li\u1ec7u v\u00e0 s\u1ea3n xu\u1ea5t \u2013 Nh\u1eadp kh\u1ea9u nguy\u00ean li\u1ec7u, ki\u1ec3m tra ch\u1ea5t l\u01b0\u1ee3ng v\u00e0 s\u1ea3n xu\u1ea5t theo ti\u00eau chu\u1ea9n GMP<\/span><\/li>\n<li style=\"font-weight: 400;\" aria-level=\"1\"><span style=\"font-weight: 400;\">B\u01b0\u1edbc 7: \u0110\u00f3ng g\u00f3i s\u1ea3n ph\u1ea9m \u2013 Chi\u1ebft r\u00f3t, ni\u00eam phong, d\u00e1n nh\u00e3n s\u1ea3n ph\u1ea9m<\/span><\/li>\n<li style=\"font-weight: 400;\" aria-level=\"1\"><span style=\"font-weight: 400;\">B\u01b0\u1edbc 8: Giao h\u00e0ng v\u00e0 h\u1ed7 tr\u1ee3 h\u1eadu s\u1ea3n xu\u1ea5t \u2013 B\u00e0n giao \u0111\u00fang ti\u1ebfn \u0111\u1ed9, h\u1ed7 tr\u1ee3 ph\u00e1p l\u00fd, c\u00f4ng b\u1ed1 s\u1ea3n ph\u1ea9m v\u00e0 x\u00e2y d\u1ef1ng chi\u1ebfn l\u01b0\u1ee3c marketing<\/span><\/li>\n<\/ul>\n<h2><span style=\"font-size: 14pt;\"><b>Conclude<\/b><\/span><\/h2>\n<p style=\"text-align: justify;\"><span style=\"font-size: 12pt;\"><span style=\"font-weight: 400;\">Gia c\u00f4ng serum m\u1edd n\u00e1m t\u1ea1i Shizencos l\u00e0 gi\u1ea3i ph\u00e1p l\u00fd t\u01b0\u1edfng gi\u00fap b\u1ea1n ra m\u1eaft s\u1ea3n ph\u1ea9m ch\u1ea5t l\u01b0\u1ee3ng cao, t\u1ed1i \u01b0u chi ph\u00ed v\u00e0 th\u1eddi gian, \u0111\u1ed3ng th\u1eddi kh\u1eb3ng \u0111\u1ecbnh \u0111\u01b0\u1ee3c s\u1ef1 kh\u00e1c bi\u1ec7t c\u1ee7a th\u01b0\u01a1ng hi\u1ec7u tr\u00ean th\u1ecb tr\u01b0\u1eddng m\u1ef9 ph\u1ea9m.<\/span><span style=\"font-weight: 400;\"><br \/>\n<\/span><span style=\"font-weight: 400;\"> H\u00e3y \u0111\u1ec3 Shizencos \u0111\u1ed3ng h\u00e0nh c\u00f9ng b\u1ea1n trong vi\u1ec7c ph\u00e1t tri\u1ec3n v\u00e0 \u0111\u01b0a serum m\u1edd n\u00e1m ra th\u1ecb tr\u01b0\u1eddng m\u1ed9t c\u00e1ch chuy\u00ean nghi\u1ec7p. Li\u00ean h\u1ec7 ngay h\u00f4m nay \u0111\u1ec3 \u0111\u01b0\u1ee3c t\u01b0 v\u1ea5n mi\u1ec5n ph\u00ed!<\/span><\/span><\/p>","protected":false},"excerpt":{"rendered":"<p><span style=\"font-weight: 400;\">Gia c\u00f4ng serum m\u1edd n\u00e1m c\u00f9ng Shizencos \u2013 gi\u1ea3i ph\u00e1p t\u1ed1i \u01b0u gi\u00fap doanh nghi\u1ec7p nhanh ch\u00f3ng s\u1edf h\u1eefu d\u00f2ng s\u1ea3n ph\u1ea9m ch\u0103m s\u00f3c da chuy\u00ean s\u00e2u, h\u1ed7 tr\u1ee3 l\u00e0m \u0111\u1ec1u m\u00e0u v\u00e0 c\u1ea3i thi\u1ec7n t\u00ecnh tr\u1ea1ng da s\u1ea1m n\u00e1m<\/span><\/p>","protected":false},"featured_media":11955,"comment_status":"open","ping_status":"closed","template":"","meta":[],"product_brand":[],"product_cat":[19],"product_tag":[],"class_list":{"0":"post-11598","1":"product","2":"type-product","3":"status-publish","4":"has-post-thumbnail","6":"product_cat-gia-cong-san-pham-cham-soc-dieu-tri","8":"first","9":"instock","10":"shipping-taxable","11":"product-type-simple"},"_links":{"self":[{"href":"https:\/\/shizencos.com\/en\/wp-json\/wp\/v2\/product\/11598","targetHints":{"allow":["GET"]}}],"collection":[{"href":"https:\/\/shizencos.com\/en\/wp-json\/wp\/v2\/product"}],"about":[{"href":"https:\/\/shizencos.com\/en\/wp-json\/wp\/v2\/types\/product"}],"replies":[{"embeddable":true,"href":"https:\/\/shizencos.com\/en\/wp-json\/wp\/v2\/comments?post=11598"}],"wp:featuredmedia":[{"embeddable":true,"href":"https:\/\/shizencos.com\/en\/wp-json\/wp\/v2\/media\/11955"}],"wp:attachment":[{"href":"https:\/\/shizencos.com\/en\/wp-json\/wp\/v2\/media?parent=11598"}],"wp:term":[{"taxonomy":"product_brand","embeddable":true,"href":"https:\/\/shizencos.com\/en\/wp-json\/wp\/v2\/product_brand?post=11598"},{"taxonomy":"product_cat","embeddable":true,"href":"https:\/\/shizencos.com\/en\/wp-json\/wp\/v2\/product_cat?post=11598"},{"taxonomy":"product_tag","embeddable":true,"href":"https:\/\/shizencos.com\/en\/wp-json\/wp\/v2\/product_tag?post=11598"}],"curies":[{"name":"wp","href":"https:\/\/api.w.org\/{rel}","templated":true}]}}