{"id":11584,"date":"2024-10-25T10:11:49","date_gmt":"2024-10-25T03:11:49","guid":{"rendered":"https:\/\/shizencos.com\/?post_type=product&#038;p=11584"},"modified":"2025-05-26T19:52:22","modified_gmt":"2025-05-26T12:52:22","slug":"gia-cong-tinh-chat-tai-tao-da","status":"publish","type":"product","link":"https:\/\/shizencos.com\/en\/gia-cong-tinh-chat-tai-tao-da\/","title":{"rendered":"Skin regeneration essence processing"},"content":{"rendered":"<p style=\"text-align: justify;\"><span style=\"font-weight: 400; font-family: arial, helvetica, sans-serif;\">Processing skin regeneration essence at Shizencos - the optimal solution to help businesses quickly own high-quality, specialized skin care products. Meet the market demand for recovery, anti-aging, skin brightening essences... with diverse, exclusive formulas. Support packaging design, legal and free 1:1 consultation. Learn about the processing process and outstanding benefits at Shizencos in the article below.<\/span><\/p>\n<h2 style=\"text-align: justify;\"><span style=\"font-size: 14pt;\"><b>1. What is skin regeneration essence processing?<\/b><\/span><\/h2>\n<p style=\"text-align: justify;\"><b>Skin regeneration essence is<\/b><span style=\"font-weight: 400;\"> A concentrated serum containing powerful biological actives such as peptides, vitamins, hyaluronic acid, stem cells or plant extracts. They have the ability to penetrate deep into the dermis, helping to promote cell regeneration, restore damaged skin, improve skin pigmentation and increase elasticity. This product is often used in treatment regimens, especially useful for damaged skin, aging skin, sensitive skin or uneven skin tone.<\/span><\/p>\n<p style=\"text-align: justify;\"><b>Skin regeneration essence processing is<\/b><span style=\"font-weight: 400;\"> The process of producing essence products according to the requirements of businesses or cosmetic brands. This entire process is carried out by specialized units and standard manufacturing plants, including formula research, testing, production, packaging and legal support. This is the optimal solution to help brands quickly own specialized, high-quality products without having to invest in facilities or a separate R&amp;D team.<\/span><\/p>\n<h2 style=\"text-align: justify;\"><span style=\"font-size: 14pt;\"><b>2. Benefits of choosing skin regeneration essence processing<\/b><\/span><\/h2>\n<p style=\"text-align: justify;\"><span style=\"font-weight: 400;\">Choosing the processing method not only helps businesses optimize costs and time but also ensures the quality of output products thanks to technology, processes and professional staff from the manufacturing unit. Especially with products that require high precision and efficiency such as skin regeneration essence, cooperating with a reputable processing partner will help the brand quickly affirm its position in the market.<\/span><\/p>\n<p style=\"text-align: justify;\"><span style=\"font-weight: 400;\">\u2705 Save costs on factory investment, personnel and management systems<\/span><\/p>\n<p style=\"text-align: justify;\"><span style=\"font-weight: 400;\">\u2705 Shorten product research and development time<\/span><\/p>\n<p style=\"text-align: justify;\"><span style=\"font-weight: 400;\">\u2705 Own high quality products with exclusive formula<\/span><\/p>\n<p style=\"text-align: justify;\"><span style=\"font-weight: 400;\">\u2705 Flexible order quantity, suitable for both startups and large businesses<\/span><\/p>\n<p style=\"text-align: justify;\"><span style=\"font-weight: 400;\">\u2705 Legal support, testing, and quick product announcement<\/span><\/p>\n<figure id=\"attachment_11786\" aria-describedby=\"caption-attachment-11786\" style=\"width: 1500px\" class=\"wp-caption aligncenter\"><a href=\"https:\/\/shizencos.com\/wp-content\/uploads\/2024\/10\/1-14.png\"><img fetchpriority=\"high\" decoding=\"async\" class=\"size-full wp-image-11786\" src=\"https:\/\/shizencos.com\/wp-content\/uploads\/2024\/10\/1-14.png\" alt=\"S\u1ea3n ph\u1ea9m gia c\u00f4ng tinh ch\u1ea5t t\u00e1i t\u1ea1o da h\u1ed7 tr\u1ee3 ch\u1ecb em l\u00e0m \u0111\u1eb9p\" width=\"1500\" height=\"600\" title=\"\" srcset=\"https:\/\/shizencos.com\/wp-content\/uploads\/2024\/10\/1-14.png 1500w, https:\/\/shizencos.com\/wp-content\/uploads\/2024\/10\/1-14-150x60.png 150w, https:\/\/shizencos.com\/wp-content\/uploads\/2024\/10\/1-14-18x7.png 18w, https:\/\/shizencos.com\/wp-content\/uploads\/2024\/10\/1-14-300x120.png 300w, https:\/\/shizencos.com\/wp-content\/uploads\/2024\/10\/1-14-768x307.png 768w, https:\/\/shizencos.com\/wp-content\/uploads\/2024\/10\/1-14-1024x410.png 1024w, https:\/\/shizencos.com\/wp-content\/uploads\/2024\/10\/1-14-600x240.png 600w\" sizes=\"(max-width: 1500px) 100vw, 1500px\" \/><\/a><figcaption id=\"caption-attachment-11786\" class=\"wp-caption-text\">Skin regeneration essence processing products support women's beauty<\/figcaption><\/figure>\n<h2 style=\"text-align: justify;\"><span style=\"font-size: 14pt;\"><b>3. Skin regeneration essence processing at Shizencos<\/b><\/span><\/h2>\n<p style=\"text-align: justify;\"><span style=\"font-weight: 400;\">Not only a processing unit, Shizencos plays the role of a strategic development partner with your brand. With a modern factory foundation and a team of experienced experts, we are committed to providing the most comprehensive and flexible solutions to accompany the sustainable development of cosmetic brands.<\/span><\/p>\n<h3 style=\"text-align: justify;\"><span style=\"font-size: 14pt;\"><b>3.1 Diverse skin regeneration essence formula<\/b><\/span><\/h3>\n<p style=\"text-align: justify;\"><span style=\"font-weight: 400;\">Understanding that each brand has its own direction in skin care products, Shizencos offers a diverse system of skin regeneration essence formulas, ready for customers to choose or customize according to characteristics and target segments.<\/span> <span style=\"font-weight: 400;\">Popular skin regeneration essence formulas processed at Shizencos:<\/span><\/p>\n<ul style=\"text-align: justify;\">\n<li style=\"font-weight: 400;\" aria-level=\"1\"><span style=\"font-weight: 400;\">Skin regeneration essence after microneedling \u2013 laser \u2013 peel<\/span><\/li>\n<li style=\"font-weight: 400;\" aria-level=\"1\"><span style=\"font-weight: 400;\">Essence restores sensitive, thin, weak, easily irritated skin<\/span><\/li>\n<li style=\"font-weight: 400;\" aria-level=\"1\"><span style=\"font-weight: 400;\">Essence brightens skin, reduces dark spots, evens skin tone<\/span><\/li>\n<li style=\"font-weight: 400;\" aria-level=\"1\"><span style=\"font-weight: 400;\">Anti-aging essence \u2013 lifting \u2013 filling wrinkles<\/span><\/li>\n<li style=\"font-weight: 400;\" aria-level=\"1\"><span style=\"font-weight: 400;\">Intensive moisturizing essence restores skin barrier<\/span><\/li>\n<li style=\"font-weight: 400;\" aria-level=\"1\"><span style=\"font-weight: 400;\">Essence containing plant\/natural stem cells helps stimulate epidermal regeneration<\/span><\/li>\n<li style=\"font-weight: 400;\" aria-level=\"1\"><span style=\"font-weight: 400;\">Collagen-elastin boosting essence for elastic, firm skin<\/span><\/li>\n<li style=\"font-weight: 400;\" aria-level=\"1\"><span style=\"font-weight: 400;\">Specialized essence used in spa\/clinic treatment<\/span><\/li>\n<\/ul>\n<p style=\"text-align: justify;\"><span style=\"font-weight: 400;\">In addition, we support the adjustment of exclusive formulas according to each partner's unique brand orientation.<\/span><\/p>\n<figure id=\"attachment_11787\" aria-describedby=\"caption-attachment-11787\" style=\"width: 1500px\" class=\"wp-caption aligncenter\"><a href=\"https:\/\/shizencos.com\/wp-content\/uploads\/2024\/10\/2-13.png\"><img decoding=\"async\" class=\"size-full wp-image-11787\" src=\"https:\/\/shizencos.com\/wp-content\/uploads\/2024\/10\/2-13.png\" alt=\"Chi ph\u00ed gia c\u00f4ng tinh ch\u1ea5t t\u00e1i t\u1ea1o da ho\u00e0n to\u00e0n ti\u1ebft ki\u1ec7m\" width=\"1500\" height=\"600\" title=\"\" srcset=\"https:\/\/shizencos.com\/wp-content\/uploads\/2024\/10\/2-13.png 1500w, https:\/\/shizencos.com\/wp-content\/uploads\/2024\/10\/2-13-150x60.png 150w, https:\/\/shizencos.com\/wp-content\/uploads\/2024\/10\/2-13-18x7.png 18w, https:\/\/shizencos.com\/wp-content\/uploads\/2024\/10\/2-13-300x120.png 300w, https:\/\/shizencos.com\/wp-content\/uploads\/2024\/10\/2-13-768x307.png 768w, https:\/\/shizencos.com\/wp-content\/uploads\/2024\/10\/2-13-1024x410.png 1024w, https:\/\/shizencos.com\/wp-content\/uploads\/2024\/10\/2-13-600x240.png 600w\" sizes=\"(max-width: 1500px) 100vw, 1500px\" \/><\/a><figcaption id=\"caption-attachment-11787\" class=\"wp-caption-text\">The cost of processing skin regeneration essence is completely economical.<\/figcaption><\/figure>\n<h3 style=\"text-align: justify;\"><span style=\"font-size: 14pt;\"><b>3.2 Microneedle processing process at Shizencos\u00a0<\/b><\/span><\/h3>\n<p style=\"text-align: justify;\"><span style=\"font-weight: 400;\">To ensure that each essence product is optimally effective and absolutely safe, Shizencos has built a closed processing process, strictly controlling from research to production. This is the solid foundation to help your brand develop sustainably and professionally.<\/span><\/p>\n<p style=\"text-align: justify;\"><b>Step 1: <\/b><span style=\"font-weight: 400;\">Contact for consultation \u2013 Listen to requests and advise on appropriate formulas.<\/span><\/p>\n<p style=\"text-align: justify;\"><b>Step 2:<\/b><span style=\"font-weight: 400;\"> Research and Development \u2013 \u200b\u200bR&amp;D team researches and develops optimal formulas.<\/span><\/p>\n<p style=\"text-align: justify;\"><b>Step 3: <\/b><span style=\"font-weight: 400;\">Send samples and adjust \u2013 Provide samples, adjust based on feedback.<\/span><\/p>\n<p style=\"text-align: justify;\"><b>Step 4:<\/b><span style=\"font-weight: 400;\"> Finalize sample and quote \u2013 Confirm final formula, calculate cost<\/span><\/p>\n<p style=\"text-align: justify;\"><b>Step 5:<\/b><span style=\"font-weight: 400;\"> Signing contract and cooperation \u2013 Both parties agree and sign the processing contract.<\/span><\/p>\n<p style=\"text-align: justify;\"><b>Step 6: <\/b><span style=\"font-weight: 400;\">Prepare ingredients and stir the tank <\/span><span style=\"font-weight: 400;\">\u2013<\/span><span style=\"font-weight: 400;\"> \u2013 Import and check the quality of input materials.<\/span><\/p>\n<p style=\"text-align: justify;\"><b>Step 7:<\/b><span style=\"font-weight: 400;\"> Mass production \u2013 Put into production according to GMP standards.<\/span><\/p>\n<p style=\"text-align: justify;\"><b>Step 8: <\/b><span style=\"font-weight: 400;\">Product packaging \u2013 Filling, sealing, labeling according to design.<\/span><\/p>\n<p style=\"text-align: justify;\"><b>Step 9:<\/b><span style=\"font-weight: 400;\"> Delivery and post-production support \u2013 On-time delivery, legal support and business strategy.<\/span><\/p>\n<h2 style=\"text-align: justify;\"><span style=\"font-size: 14pt;\"><b>Conclude<\/b><\/span><\/h2>\n<p style=\"text-align: justify;\"><span style=\"font-weight: 400;\">The fierce competition in the cosmetics market requires brands to have smart and strategic steps. Processing skin regeneration essence at Shizencos is the ideal choice to help you shorten product development time, optimize costs, ensure quality and create a difference in the market.<\/span><\/p>\n<p style=\"text-align: justify;\"><span style=\"font-weight: 400;\">Don't let your ideas just stay on paper! Let Shizencos accompany you to bring your skin regeneration essence product to the market in a professional and innovative way. Contact us today for a free consultation!<\/span><\/p>","protected":false},"excerpt":{"rendered":"<p><b>Skin regeneration essence processing is<\/b><span style=\"font-weight: 400;\"> qu\u00e1 tr\u00ecnh s\u1ea3n xu\u1ea5t s\u1ea3n ph\u1ea9m tinh ch\u1ea5t theo y\u00eau c\u1ea7u c\u1ee7a doanh nghi\u1ec7p &#8211; th\u01b0\u01a1ng hi\u1ec7u m\u1ef9 ph\u1ea9m. Quy tr\u00ecnh \u0111\u01b0\u1ee3c th\u1ef1c hi\u1ec7n b\u1edfi nh\u00e0 m\u00e1y Shizencos c\u00f3 chuy\u00ean m\u00f4n, nh\u00e0 m\u00e1y s\u1ea3n xu\u1ea5t \u0111\u1ea1t chu\u1ea9n g\u1ed3m vi\u1ec7c nghi\u00ean c\u1ee9u c\u00f4ng th\u1ee9c, th\u1eed nghi\u1ec7m, s\u1ea3n xu\u1ea5t, \u0111\u00f3ng g\u00f3i v\u00e0 h\u1ed7 tr\u1ee3 ph\u00e1p l\u00fd.<\/span><\/p>","protected":false},"featured_media":11956,"comment_status":"open","ping_status":"closed","template":"","meta":[],"product_brand":[],"product_cat":[19],"product_tag":[],"class_list":{"0":"post-11584","1":"product","2":"type-product","3":"status-publish","4":"has-post-thumbnail","6":"product_cat-gia-cong-san-pham-cham-soc-dieu-tri","8":"first","9":"instock","10":"shipping-taxable","11":"product-type-simple"},"_links":{"self":[{"href":"https:\/\/shizencos.com\/en\/wp-json\/wp\/v2\/product\/11584","targetHints":{"allow":["GET"]}}],"collection":[{"href":"https:\/\/shizencos.com\/en\/wp-json\/wp\/v2\/product"}],"about":[{"href":"https:\/\/shizencos.com\/en\/wp-json\/wp\/v2\/types\/product"}],"replies":[{"embeddable":true,"href":"https:\/\/shizencos.com\/en\/wp-json\/wp\/v2\/comments?post=11584"}],"wp:featuredmedia":[{"embeddable":true,"href":"https:\/\/shizencos.com\/en\/wp-json\/wp\/v2\/media\/11956"}],"wp:attachment":[{"href":"https:\/\/shizencos.com\/en\/wp-json\/wp\/v2\/media?parent=11584"}],"wp:term":[{"taxonomy":"product_brand","embeddable":true,"href":"https:\/\/shizencos.com\/en\/wp-json\/wp\/v2\/product_brand?post=11584"},{"taxonomy":"product_cat","embeddable":true,"href":"https:\/\/shizencos.com\/en\/wp-json\/wp\/v2\/product_cat?post=11584"},{"taxonomy":"product_tag","embeddable":true,"href":"https:\/\/shizencos.com\/en\/wp-json\/wp\/v2\/product_tag?post=11584"}],"curies":[{"name":"wp","href":"https:\/\/api.w.org\/{rel}","templated":true}]}}