{"id":11574,"date":"2024-10-25T09:47:59","date_gmt":"2024-10-25T02:47:59","guid":{"rendered":"https:\/\/shizencos.com\/?post_type=product&#038;p=11574"},"modified":"2025-05-26T19:48:57","modified_gmt":"2025-05-26T12:48:57","slug":"gia-cong-xit-sat-khuan","status":"publish","type":"product","link":"https:\/\/shizencos.com\/en\/gia-cong-xit-sat-khuan\/","title":{"rendered":"Disinfectant spray processing"},"content":{"rendered":"<p style=\"text-align: justify;\"><span style=\"font-weight: 400;\">Gia c\u00f4ng x\u1ecbt s\u00e1t khu\u1ea9n t\u1ea1i Shizencos \u2013 S\u1ea3n xu\u1ea5t theo y\u00eau c\u1ea7u v\u1edbi gi\u00e1 g\u1ed1c t\u1ea1i nh\u00e0 m\u00e1y, c\u00f4ng th\u1ee9c an to\u00e0n, nhanh kh\u00f4, di\u1ec7t khu\u1ea9n hi\u1ec7u qu\u1ea3. H\u1ed7 tr\u1ee3 t\u1eeb c\u00f4ng th\u1ee9c, bao b\u00ec \u0111\u1ebfn c\u00f4ng b\u1ed1 s\u1ea3n ph\u1ea9m. \u0110\u1eb7t h\u00e0ng s\u1ed1 l\u01b0\u1ee3ng linh ho\u1ea1t, nh\u1eadn m\u1eabu th\u1eed mi\u1ec5n ph\u00ed ngay h\u00f4m nay!<\/span><\/p>\n<h2 style=\"text-align: justify;\"><span style=\"font-size: 14pt;\"><b>Disinfectant spray processing<\/b><\/span><\/h2>\n<p style=\"text-align: justify;\"><span style=\"font-size: 12pt;\">Antibacterial spray is a personal care product that quickly kills bacteria on hands, surfaces or living spaces. The product often has the ability to kill bacteria and viruses without rinsing with water. The spray is convenient, dries quickly and is easy to use every day.<\/span><\/p>\n<p style=\"text-align: justify;\"><span style=\"font-size: 12pt;\">Disinfectant spray manufacturing is a service that produces products according to the brand\u2019s own requirements \u2013 from formula, scent, active ingredient ratio, to packaging design and label. Instead of investing in a factory themselves, businesses can cooperate with Shizencos to optimize costs, time and ensure products meet international quality standards.<\/span><\/p>\n<figure id=\"attachment_11792\" aria-describedby=\"caption-attachment-11792\" style=\"width: 1500px\" class=\"wp-caption aligncenter\"><a href=\"https:\/\/shizencos.com\/wp-content\/uploads\/2024\/10\/1-16.png\"><img fetchpriority=\"high\" decoding=\"async\" class=\"size-full wp-image-11792\" src=\"https:\/\/shizencos.com\/wp-content\/uploads\/2024\/10\/1-16.png\" alt=\"Kh\u00e1i qu\u00e1t v\u1ec1 gia c\u00f4ng x\u1ecbt s\u00e1t khu\u1ea9n tr\u00ean th\u1ecb tr\u01b0\u1eddng hi\u1ec7n nay\" width=\"1500\" height=\"600\" title=\"\" srcset=\"https:\/\/shizencos.com\/wp-content\/uploads\/2024\/10\/1-16.png 1500w, https:\/\/shizencos.com\/wp-content\/uploads\/2024\/10\/1-16-150x60.png 150w, https:\/\/shizencos.com\/wp-content\/uploads\/2024\/10\/1-16-18x7.png 18w, https:\/\/shizencos.com\/wp-content\/uploads\/2024\/10\/1-16-300x120.png 300w, https:\/\/shizencos.com\/wp-content\/uploads\/2024\/10\/1-16-768x307.png 768w, https:\/\/shizencos.com\/wp-content\/uploads\/2024\/10\/1-16-1024x410.png 1024w, https:\/\/shizencos.com\/wp-content\/uploads\/2024\/10\/1-16-600x240.png 600w\" sizes=\"(max-width: 1500px) 100vw, 1500px\" \/><\/a><figcaption id=\"caption-attachment-11792\" class=\"wp-caption-text\">Overview of disinfectant spray processing on the market today<\/figcaption><\/figure>\n<h2 style=\"text-align: justify;\"><span style=\"font-size: 14pt;\"><strong>2. Benefits of choosing product processing <\/strong><b>gia c\u00f4ng x\u1ecbt s\u00e1t khu\u1ea9n?<\/b><\/span><\/h2>\n<p style=\"text-align: justify;\"><span style=\"font-weight: 400;\"><span style=\"font-size: 12pt;\">Since the pandemic, the demand for personal hygiene products, especially disinfectant sprays, has always been high \u2013 especially in school, office, medical, family and travel environments. This is an essential product line, easy to sell, good price and suitable for many customer groups. <\/span>\u00a0Here are some important benefits of product outsourcing<\/span><\/p>\n<p style=\"text-align: justify;\">Choosing personal hygiene product outsourcing services brings many outstanding advantages to businesses, especially those who want to expand their product portfolio without investing in a manufacturing plant. With the support of professional outsourcing units such as Shizencos, businesses can optimize costs, shorten product launch time and ensure quality according to international standards. Below are the important benefits of personal hygiene product outsourcing:<\/p>\n<p style=\"text-align: justify;\"><span style=\"font-weight: 400;\">\u2705 Effective antibacterial formula - safe for hands<\/span><span style=\"font-weight: 400;\"><br \/>\n<\/span><span style=\"font-weight: 400;\">\u2705 Raw materials meet ISO standards, clearly inspected<\/span><span style=\"font-weight: 400;\"><br \/>\n<\/span><span style=\"font-weight: 400;\">\u2705 Customize formula - scent - packaging according to brand<\/span><span style=\"font-weight: 400;\"><br \/>\n<\/span><span style=\"font-weight: 400;\">\u2705 S\u1ea3n xu\u1ea5t t\u1ea1i nh\u00e0 m\u00e1y \u0111\u1ea1t chu\u1ea9n\u00a0<\/span><span style=\"font-weight: 400;\"><br \/>\n<\/span><span style=\"font-weight: 400;\">\u2705 Complete legal documents - product declaration - testing<\/span><span style=\"font-weight: 400;\"><br \/>\n<\/span><span style=\"font-weight: 400;\">\u2705 Flexible ordering - small quantities still accepted for production<\/span><span style=\"font-weight: 400;\"><br \/>\n<\/span><span style=\"font-weight: 400;\">\u2705 Absolute confidentiality of formula and brand<\/span><\/p>\n<figure id=\"attachment_11793\" aria-describedby=\"caption-attachment-11793\" style=\"width: 1500px\" class=\"wp-caption aligncenter\"><a href=\"https:\/\/shizencos.com\/wp-content\/uploads\/2024\/10\/2-15.png\"><img decoding=\"async\" class=\"size-full wp-image-11793\" src=\"https:\/\/shizencos.com\/wp-content\/uploads\/2024\/10\/2-15.png\" alt=\"Xu h\u01b0\u1edbng s\u1eed d\u1ee5ng d\u00f2ng s\u1ea3n ph\u1ea9m x\u1ecbt s\u00e1t khu\u1ea9n\" width=\"1500\" height=\"600\" title=\"\" srcset=\"https:\/\/shizencos.com\/wp-content\/uploads\/2024\/10\/2-15.png 1500w, https:\/\/shizencos.com\/wp-content\/uploads\/2024\/10\/2-15-150x60.png 150w, https:\/\/shizencos.com\/wp-content\/uploads\/2024\/10\/2-15-18x7.png 18w, https:\/\/shizencos.com\/wp-content\/uploads\/2024\/10\/2-15-300x120.png 300w, https:\/\/shizencos.com\/wp-content\/uploads\/2024\/10\/2-15-768x307.png 768w, https:\/\/shizencos.com\/wp-content\/uploads\/2024\/10\/2-15-1024x410.png 1024w, https:\/\/shizencos.com\/wp-content\/uploads\/2024\/10\/2-15-600x240.png 600w\" sizes=\"(max-width: 1500px) 100vw, 1500px\" \/><\/a><figcaption id=\"caption-attachment-11793\" class=\"wp-caption-text\">Trends in using disinfectant spray products<\/figcaption><\/figure>\n<h2 style=\"text-align: justify;\"><span style=\"font-size: 14pt;\"><b>3. Processing <\/b><b>Disinfectant spray at Shizencos<\/b><\/span><\/h2>\n<p style=\"text-align: justify;\"><span style=\"font-size: 12pt; font-family: arial, helvetica, sans-serif;\">Shizencos \u2013 \u0110\u01a1n v\u1ecb gia c\u00f4ng x\u1ecbt s\u00e1t khu\u1ea9n uy t\u00edn v\u1edbi nhi\u1ec1u n\u0103m kinh nghi\u1ec7m trong ng\u00e0nh m\u1ef9 ph\u1ea9m v\u00e0 ch\u0103m s\u00f3c c\u00e1 nh\u00e2n, Shizencos chuy\u00ean cung c\u1ea5p d\u1ecbch v\u1ee5 gia c\u00f4ng x\u1ecbt s\u00e1t khu\u1ea9n theo y\u00eau c\u1ea7u, \u0111\u00e1p \u1ee9ng linh ho\u1ea1t nhu c\u1ea7u t\u1eeb th\u01b0\u01a1ng hi\u1ec7u c\u00e1 nh\u00e2n \u0111\u1ebfn doanh nghi\u1ec7p l\u1edbn. Ch\u00fang t\u00f4i cam k\u1ebft mang \u0111\u1ebfn s\u1ea3n ph\u1ea9m c\u00f3 th\u00e0nh ph\u1ea7n an to\u00e0n, hi\u1ec7u qu\u1ea3 di\u1ec7t khu\u1ea9n cao, ph\u00f9 h\u1ee3p s\u1eed d\u1ee5ng cho da tay, b\u1ec1 m\u1eb7t v\u1eadt d\u1ee5ng ho\u1eb7c m\u00f4i tr\u01b0\u1eddng s\u1ed1ng.<\/span><\/p>\n<p style=\"text-align: justify;\"><span style=\"font-size: 12pt; font-family: arial, helvetica, sans-serif;\">Shizencos also supports customers in packaging design, product declaration and quality inspection services. We help your brand quickly bring products to market with core values \u200b\u200bof quality, reputation and creativity.<\/span><\/p>\n<h3 style=\"text-align: justify;\"><span style=\"font-size: 14pt;\"><strong>3.1 Disinfectant spray lines at Shizencos<\/strong><\/span><\/h3>\n<ul style=\"text-align: justify;\">\n<li class=\"\" data-start=\"243\" data-end=\"452\">\n<p class=\"\" data-start=\"246\" data-end=\"269\"><strong data-start=\"246\" data-end=\"267\">Hand sanitizer spray: <\/strong>For personal, office, school<\/p>\n<\/li>\n<li class=\"\" data-start=\"454\" data-end=\"653\">\n<p class=\"\" data-start=\"457\" data-end=\"483\"><strong data-start=\"457\" data-end=\"481\">Surface disinfectant spray: <\/strong>For objects, phones, doorknobs, tables and chairs<\/p>\n<\/li>\n<li class=\"\" data-start=\"655\" data-end=\"854\">\n<p class=\"\" data-start=\"658\" data-end=\"695\"><strong data-start=\"658\" data-end=\"693\">Multi-purpose deodorant and antiseptic spray:\u00a0 <\/strong>For toilets, enclosed spaces, shoes<\/p>\n<\/li>\n<li class=\"\" data-start=\"856\" data-end=\"1060\">\n<p class=\"\" data-start=\"859\" data-end=\"903\"><strong data-start=\"859\" data-end=\"901\">Alcohol-free disinfectant spray: <\/strong>For sensitive skin, children<\/p>\n<\/li>\n<\/ul>\n<figure id=\"attachment_11794\" aria-describedby=\"caption-attachment-11794\" style=\"width: 1500px\" class=\"wp-caption aligncenter\"><a href=\"https:\/\/shizencos.com\/wp-content\/uploads\/2024\/10\/3-10.png\"><img decoding=\"async\" class=\"size-full wp-image-11794\" src=\"https:\/\/shizencos.com\/wp-content\/uploads\/2024\/10\/3-10.png\" alt=\"\u0110\u1ed3ng h\u00e0nh gia c\u00f4ng x\u1ecbt s\u00e1t khu\u1ea9n c\u00f9ng Shizencos v\u1edbi nhi\u1ec1u \u01b0u \u0111i\u1ec3m\" width=\"1500\" height=\"600\" title=\"\" srcset=\"https:\/\/shizencos.com\/wp-content\/uploads\/2024\/10\/3-10.png 1500w, https:\/\/shizencos.com\/wp-content\/uploads\/2024\/10\/3-10-150x60.png 150w, https:\/\/shizencos.com\/wp-content\/uploads\/2024\/10\/3-10-18x7.png 18w, https:\/\/shizencos.com\/wp-content\/uploads\/2024\/10\/3-10-300x120.png 300w, https:\/\/shizencos.com\/wp-content\/uploads\/2024\/10\/3-10-768x307.png 768w, https:\/\/shizencos.com\/wp-content\/uploads\/2024\/10\/3-10-1024x410.png 1024w, https:\/\/shizencos.com\/wp-content\/uploads\/2024\/10\/3-10-600x240.png 600w\" sizes=\"(max-width: 1500px) 100vw, 1500px\" \/><\/a><figcaption id=\"caption-attachment-11794\" class=\"wp-caption-text\">Accompanying Shizencos in manufacturing disinfectant spray with many advantages<\/figcaption><\/figure>\n<h3 style=\"text-align: justify;\"><span style=\"font-size: 14pt;\"><strong>3.2 Process of manufacturing disinfectant spray products at Shizencos<\/strong><\/span><\/h3>\n<p style=\"text-align: justify;\">At Shizencos, the personal care product manufacturing process is carried out in a closed and strict manner, we are committed to providing safe, effective products that are suitable for the specific needs of each brand. Below are 9 steps in the personal care product manufacturing process at Shizencos:<\/p>\n<p style=\"text-align: justify;\"><strong>Step 1:<\/strong>\u00a0Contact for consultation \u2013 Listen to requests and advise on appropriate formulas.<\/p>\n<p style=\"text-align: justify;\"><strong>Step 2:<\/strong>\u00a0Research and Development \u2013 \u200b\u200bR&amp;D team researches and develops optimal formulas.<\/p>\n<p style=\"text-align: justify;\"><strong>Step 3:<\/strong>\u00a0Send samples and adjust \u2013 Provide samples, adjust based on feedback.<\/p>\n<p style=\"text-align: justify;\"><strong>Step 4:<\/strong>\u00a0Finalize sample and quote \u2013 Confirm final formula, calculate cost<\/p>\n<p style=\"text-align: justify;\"><strong>Step 5:<\/strong>\u00a0Signing contract and cooperation \u2013 Both parties agree and sign the processing contract.<\/p>\n<p style=\"text-align: justify;\"><strong>Step 6:<\/strong>\u00a0Chu\u1ea9n b\u1ecb nguy\u00ean li\u1ec7u v\u00e0 khu\u1ea5y b\u1ed3n \u2013 Nh\u1eadp kh\u1ea9u v\u00e0 ki\u1ec3m \u0111\u1ecbnh ch\u1ea5t l\u01b0\u1ee3ng nguy\u00ean li\u1ec7u \u0111\u1ea7u v\u00e0o.<\/p>\n<p style=\"text-align: justify;\"><strong>Step 7:<\/strong>\u00a0S\u1ea3n xu\u1ea5t h\u00e0ng lo\u1ea1t \u2013 \u0110\u01b0a v\u00e0o s\u1ea3n xu\u1ea5t theo ti\u00eau chu\u1ea9n GMP.<\/p>\n<p style=\"text-align: justify;\"><strong>Step 8:<\/strong>\u00a0Product packaging \u2013 Filling, sealing, labeling according to design.<\/p>\n<p style=\"text-align: justify;\"><strong>Step 9:<\/strong>\u00a0Delivery and post-production support \u2013 On-time delivery, legal support and business strategy.<\/p>\n<p style=\"text-align: justify;\">Shizencos is committed to providing high quality products, helping businesses launch to the market quickly!<\/p>\n<h2 style=\"text-align: justify;\"><span style=\"font-size: 14pt;\"><b>Conclude<\/b><\/span><\/h2>\n<p style=\"text-align: justify;\">Personal care products are a potential segment. With the trend of protecting yourself and everyone. With diverse formulas, professional production processes and support from A to Z, Shizencos helps you realize your personal care products business idea easily and effectively.<\/p>\n<figure id=\"attachment_11819\" class=\"wp-caption aligncenter\" style=\"text-align: justify;\" aria-describedby=\"caption-attachment-11819\"><\/figure>","protected":false},"excerpt":{"rendered":"<p><span style=\"font-weight: 400;\">Disinfectant spray processing at Shizencos - Made to order at factory price, safe formula, fast drying, effective sterilization up to 99.9%. Support from formula, packaging to product declaration. Order flexible quantity, receive free samples today!<\/span><\/p>","protected":false},"featured_media":11575,"comment_status":"open","ping_status":"closed","template":"","meta":[],"product_brand":[],"product_cat":[119],"product_tag":[],"class_list":{"0":"post-11574","1":"product","2":"type-product","3":"status-publish","4":"has-post-thumbnail","6":"product_cat-gia-cong-san-pham-cham-soc-ca-nhan","8":"first","9":"instock","10":"shipping-taxable","11":"product-type-simple"},"_links":{"self":[{"href":"https:\/\/shizencos.com\/en\/wp-json\/wp\/v2\/product\/11574","targetHints":{"allow":["GET"]}}],"collection":[{"href":"https:\/\/shizencos.com\/en\/wp-json\/wp\/v2\/product"}],"about":[{"href":"https:\/\/shizencos.com\/en\/wp-json\/wp\/v2\/types\/product"}],"replies":[{"embeddable":true,"href":"https:\/\/shizencos.com\/en\/wp-json\/wp\/v2\/comments?post=11574"}],"wp:featuredmedia":[{"embeddable":true,"href":"https:\/\/shizencos.com\/en\/wp-json\/wp\/v2\/media\/11575"}],"wp:attachment":[{"href":"https:\/\/shizencos.com\/en\/wp-json\/wp\/v2\/media?parent=11574"}],"wp:term":[{"taxonomy":"product_brand","embeddable":true,"href":"https:\/\/shizencos.com\/en\/wp-json\/wp\/v2\/product_brand?post=11574"},{"taxonomy":"product_cat","embeddable":true,"href":"https:\/\/shizencos.com\/en\/wp-json\/wp\/v2\/product_cat?post=11574"},{"taxonomy":"product_tag","embeddable":true,"href":"https:\/\/shizencos.com\/en\/wp-json\/wp\/v2\/product_tag?post=11574"}],"curies":[{"name":"wp","href":"https:\/\/api.w.org\/{rel}","templated":true}]}}