{"id":11571,"date":"2024-10-25T09:43:44","date_gmt":"2024-10-25T02:43:44","guid":{"rendered":"https:\/\/shizencos.com\/?post_type=product&#038;p=11571"},"modified":"2025-05-26T19:47:06","modified_gmt":"2025-05-26T12:47:06","slug":"gia-cong-nuoc-suc-mieng","status":"publish","type":"product","link":"https:\/\/shizencos.com\/en\/gia-cong-nuoc-suc-mieng\/","title":{"rendered":"Mouthwash processing"},"content":{"rendered":"<p style=\"text-align: justify;\"><span style=\"font-weight: 400;\">In an era where consumers are increasingly concerned about their overall oral health, mouthwash products are no longer just a simple way to clean the mouth, but have become an essential part of their daily personal care routine.<\/span><\/p>\n<p style=\"text-align: justify;\"><span style=\"font-weight: 400;\">T\u1ea1i Shizencos \u2013 nh\u00e0 m\u00e1y gia c\u00f4ng m\u1ef9 ph\u1ea9m v\u00e0 ch\u0103m s\u00f3c c\u00e1 nh\u00e2n \u0111\u1ea1t chu\u1ea9n, ch\u00fang t\u00f4i mang \u0111\u1ebfn d\u1ecbch v\u1ee5 gia c\u00f4ng n\u01b0\u1edbc s\u00fac mi\u1ec7ng tr\u1ecdn g\u00f3i, gi\u00fap c\u00e1c th\u01b0\u01a1ng hi\u1ec7u, ph\u00f2ng kh\u00e1m nha khoa, spa hay c\u00e1 nh\u00e2n kh\u1edfi nghi\u1ec7p ph\u00e1t tri\u1ec3n s\u1ea3n ph\u1ea9m n\u01b0\u1edbc s\u00fac mi\u1ec7ng \u0111\u1ed9c quy\u1ec1n \u2013 an to\u00e0n \u2013 hi\u1ec7u qu\u1ea3 \u2013 t\u1ed1i \u01b0u chi ph\u00ed.<\/span><\/p>\n<h2 style=\"text-align: justify;\"><span style=\"font-size: 14pt;\"><b>1. <\/b><b>Gia c\u00f4ng n<\/b><b>What is mouthwash processing?<\/b><\/span><\/h2>\n<p style=\"text-align: justify;\">Mouthwash is an oral hygiene product in liquid form, with many important uses in oral health care. Using mouthwash helps clean the oral cavity, eliminate bacteria that cause bad breath, and prevent problems such as gingivitis, periodontitis and tooth decay. Not only that, the product also helps freshen breath and support the treatment of gum-related problems. Some mouthwash lines are also supplemented with ingredients that help whiten teeth gently, restore gums or are suitable for people after oral surgery. Processing mouthwash gives brands an advantage in developing their own formulas, meeting market needs and suitable for target customer segments.<\/p>\n<h2 style=\"text-align: justify;\"><span style=\"font-size: 14pt;\"><strong>2. Benefits of choosing mouthwash product processing<\/strong><\/span><\/h2>\n<p style=\"text-align: justify;\">Choosing mouthwash manufacturing services brings many important advantages to businesses in the oral care industry, especially new brands or companies that want to expand their product portfolio without investing in a manufacturing plant. With the support of professional manufacturing units, businesses can optimize costs, shorten product launch time and ensure quality according to international standards. Below are the outstanding benefits of mouthwash manufacturing:<\/p>\n<p style=\"text-align: justify;\"><span style=\"font-weight: 400;\">Products meet international standards<span style=\"font-size: 12pt;\"> No need to invest in factory \u2013 maximum savings on initial costs<\/span><\/span><span style=\"font-size: 12pt;\"><span style=\"font-weight: 400;\"><br \/>\n<\/span><span style=\"font-weight: 400;\">\u2705 Developed with separate formulas - according to each goal: antibacterial, whitening, anti-inflammatory, organic,...<\/span><span style=\"font-weight: 400;\"><br \/>\n<\/span><span style=\"font-weight: 400;\">\u2705 Ti\u00eau chu\u1ea9n s\u1ea3n xu\u1ea5t nghi\u00eam ng\u1eb7t<\/span><span style=\"font-weight: 400;\"><br \/>\n<\/span><span style=\"font-weight: 400;\">\u2705 Legal support: product declaration, quality inspection<\/span><span style=\"font-weight: 400;\"><br \/>\n<\/span><span style=\"font-weight: 400;\">\u2705 Design packaging according to your own concept - enhance brand recognition<\/span><span style=\"font-weight: 400;\"><br \/>\n<\/span><span style=\"font-weight: 400;\">\u2705 Consulting on market orientation - formula - sustainable development strategy<\/span><\/span><\/p>\n<figure id=\"attachment_11805\" aria-describedby=\"caption-attachment-11805\" style=\"width: 1500px\" class=\"wp-caption aligncenter\"><a href=\"https:\/\/shizencos.com\/wp-content\/uploads\/2024\/10\/1-17.png\"><img fetchpriority=\"high\" decoding=\"async\" class=\"size-full wp-image-11805\" src=\"https:\/\/shizencos.com\/wp-content\/uploads\/2024\/10\/1-17.png\" alt=\"Gia c\u00f4ng n\u01b0\u1edbc s\u00fac mi\u1ec7ng ch\u1ea5t l\u01b0\u1ee3ng v\u00e0 uy t\u00edn t\u1ea1i Shizencos\" width=\"1500\" height=\"600\" title=\"\" srcset=\"https:\/\/shizencos.com\/wp-content\/uploads\/2024\/10\/1-17.png 1500w, https:\/\/shizencos.com\/wp-content\/uploads\/2024\/10\/1-17-150x60.png 150w, https:\/\/shizencos.com\/wp-content\/uploads\/2024\/10\/1-17-18x7.png 18w, https:\/\/shizencos.com\/wp-content\/uploads\/2024\/10\/1-17-300x120.png 300w, https:\/\/shizencos.com\/wp-content\/uploads\/2024\/10\/1-17-768x307.png 768w, https:\/\/shizencos.com\/wp-content\/uploads\/2024\/10\/1-17-1024x410.png 1024w, https:\/\/shizencos.com\/wp-content\/uploads\/2024\/10\/1-17-600x240.png 600w\" sizes=\"(max-width: 1500px) 100vw, 1500px\" \/><\/a><figcaption id=\"caption-attachment-11805\" class=\"wp-caption-text\">Processing quality and reputable mouthwash at Shizencos<\/figcaption><\/figure>\n<h2 style=\"text-align: justify;\"><strong><span style=\"font-size: 14pt;\">3. Mouthwash processing at Shizencos<\/span><\/strong><\/h2>\n<p style=\"text-align: justify;\">Shizencos l\u00e0 \u0111\u01a1n v\u1ecb gia c\u00f4ng n\u01b0\u1edbc s\u00fac mi\u1ec7ng uy t\u00edn t\u1ea1i Vi\u1ec7t Nam, chuy\u00ean cung c\u1ea5p d\u1ecbch v\u1ee5 s\u1ea3n xu\u1ea5t theo t\u1eebng y\u00eau c\u1ea7u nh\u1eb1m \u0111\u00e1p \u1ee9ng nhu c\u1ea7u c\u1ee7a t\u1eebng th\u01b0\u01a1ng hi\u1ec7u. Kh\u00f4ng ch\u1ec9 \u0111\u1ea3m b\u1ea3o ch\u1ea5t l\u01b0\u1ee3ng s\u1ea3n ph\u1ea9m theo ti\u00eau chu\u1ea9n qu\u1ed1c t\u1ebf, Shizencos c\u00f2n cam k\u1ebft mang \u0111\u1ebfn c\u00e1c c\u00f4ng th\u1ee9c \u0111\u1ed9c quy\u1ec1n, gi\u00fap th\u01b0\u01a1ng hi\u1ec7u t\u1ea1o s\u1ef1 kh\u00e1c bi\u1ec7t tr\u00ean th\u1ecb tr\u01b0\u1eddng. V\u1edbi h\u01a1n nhi\u1ec1u n\u0103m kinh nghi\u1ec7m trong ng\u00e0nh m\u1ef9 ph\u1ea9m v\u00e0 ch\u0103m s\u00f3c r\u0103ng mi\u1ec7ng, Shizencos lu\u00f4n l\u1ef1a ch\u1ecdn c\u00e1c th\u00e0nh ph\u1ea7n an to\u00e0n, t\u1ef1 nhi\u00ean, ph\u00f9 h\u1ee3p v\u1edbi nhi\u1ec1u \u0111\u1ed1i t\u01b0\u1ee3ng kh\u00e1ch h\u00e0ng. Quy tr\u00ecnh s\u1ea3n xu\u1ea5t \u0111\u1ea1t chu\u1ea9n, \u0111\u1ea3m b\u1ea3o ch\u1ea5t l\u01b0\u1ee3ng t\u1ed1i \u01b0u v\u00e0 hi\u1ec7u qu\u1ea3 s\u1eed d\u1ee5ng.<\/p>\n<h3 style=\"text-align: justify;\"><span style=\"font-size: 14pt;\"><b>3.1 Popular mouthwashes at Shizencos<\/b><\/span><\/h3>\n<ul style=\"text-align: justify;\">\n<li><strong>Antibacterial mouthwash<\/strong> \u2013 Helps kill bacteria that cause bad breath, gingivitis and tooth decay.<\/li>\n<li><strong>Fluoride mouthwash<\/strong> \u2013 Helps strengthen tooth enamel, effectively preventing tooth decay.<\/li>\n<li><strong>Herbal mouthwash<\/strong> \u2013 Contains natural ingredients to help soothe gums and reduce irritation.<\/li>\n<li><strong>Mouthwash for people after dental surgery<\/strong> \u2013 Gentle formula helps relieve pain and aid recovery.<\/li>\n<li><strong>Teeth whitening mouthwash<\/strong> \u2013 Contains ingredients that help remove stains on teeth, providing a gentle whitening effect.<\/li>\n<li><strong>Alcohol-free mouthwash<\/strong> \u2013 Suitable for people with sensitive gums, does not cause dry mouth.<\/li>\n<li><strong>Mouthwash for children<\/strong> \u2013 Mild formula, pleasant flavor, non-irritating.<\/li>\n<\/ul>\n<p style=\"text-align: justify;\">Shizencos is committed to developing mouthwash formulas that match market trends and needs, helping your brand establish itself with high-quality oral care products.<\/p>\n<figure id=\"attachment_11806\" aria-describedby=\"caption-attachment-11806\" style=\"width: 1500px\" class=\"wp-caption aligncenter\"><a href=\"https:\/\/shizencos.com\/wp-content\/uploads\/2024\/10\/2-16.png\"><img decoding=\"async\" class=\"size-full wp-image-11806\" src=\"https:\/\/shizencos.com\/wp-content\/uploads\/2024\/10\/2-16.png\" alt=\"Th\u00e0nh ph\u1ea7n an to\u00e0n khi gia c\u00f4ng n\u01b0\u1edbc s\u00fac mi\u1ec7ng\" width=\"1500\" height=\"600\" title=\"\" srcset=\"https:\/\/shizencos.com\/wp-content\/uploads\/2024\/10\/2-16.png 1500w, https:\/\/shizencos.com\/wp-content\/uploads\/2024\/10\/2-16-150x60.png 150w, https:\/\/shizencos.com\/wp-content\/uploads\/2024\/10\/2-16-18x7.png 18w, https:\/\/shizencos.com\/wp-content\/uploads\/2024\/10\/2-16-300x120.png 300w, https:\/\/shizencos.com\/wp-content\/uploads\/2024\/10\/2-16-768x307.png 768w, https:\/\/shizencos.com\/wp-content\/uploads\/2024\/10\/2-16-1024x410.png 1024w, https:\/\/shizencos.com\/wp-content\/uploads\/2024\/10\/2-16-600x240.png 600w\" sizes=\"(max-width: 1500px) 100vw, 1500px\" \/><\/a><figcaption id=\"caption-attachment-11806\" class=\"wp-caption-text\">Safe ingredients in mouthwash processing<\/figcaption><\/figure>\n<h3 style=\"text-align: justify;\"><span style=\"font-size: 14pt;\"><strong>3.2 Mouthwash product processing process at Shizencos<\/strong><\/span><\/h3>\n<p style=\"text-align: justify;\"><span style=\"font-size: 12pt;\">At Shizencos, the mouthwash manufacturing process is strictly implemented and complies with international standards, ensuring safe, high-quality products that meet the requirements of each brand. Below are 9 steps in the mouthwash manufacturing process at Shizencos:<\/span><\/p>\n<ol style=\"text-align: justify;\" start=\"1\">\n<li><span style=\"font-size: 12pt;\"><strong>Contact for consultation<\/strong> \u2013 Listen to needs and orient the appropriate formula.<\/span><\/li>\n<li><span style=\"font-size: 12pt;\"><strong>Research &amp; Development<\/strong> \u2013 R&amp;D team conducts research and develops optimal formula.<\/span><\/li>\n<li><span style=\"font-size: 12pt;\"><strong>G\u1eedi m\u1eabu &amp; \u0111i\u1ec1u ch\u1ec9nh<\/strong> \u2013 Cung c\u1ea5p m\u1eabu th\u1eed \u0111\u1ec3 kh\u00e1ch h\u00e0ng \u0111\u00e1nh gi\u00e1 v\u00e0 \u0111i\u1ec1u ch\u1ec9nh theo ph\u1ea3n h\u1ed3i.<\/span><\/li>\n<li><span style=\"font-size: 12pt;\"><strong>Finalize sample &amp; quote<\/strong> \u2013 Confirm final formula and calculate production costs.<\/span><\/li>\n<li><span style=\"font-size: 12pt;\"><strong>Contract &amp; Cooperation<\/strong> \u2013 Agree on terms and sign processing contract.<\/span><\/li>\n<li><span style=\"font-size: 12pt;\"><strong>Prepare ingredients and stir the tank<\/strong> \u2013 Import, inspect input materials and proceed with mixing.<\/span><\/li>\n<li><span style=\"font-size: 12pt;\"><strong>Mass production<\/strong> \u2013 Manufactured according to GMP standards to ensure quality.<\/span><\/li>\n<li><span style=\"font-size: 12pt;\"><strong>Product packaging<\/strong> \u2013 Filling, sealing, labeling according to brand design.<\/span><\/li>\n<li><span style=\"font-size: 12pt;\"><strong>Delivery &amp; post production support<\/strong> \u2013 Handover on schedule, support product announcement and business strategy.<\/span><\/li>\n<\/ol>\n<p style=\"text-align: justify;\"><span style=\"font-size: 12pt;\">Shizencos is committed to providing high quality mouthwash products, helping the brand quickly launch on the market with professionalism and prestige!<\/span><\/p>\n<figure id=\"attachment_11807\" aria-describedby=\"caption-attachment-11807\" style=\"width: 1500px\" class=\"wp-caption aligncenter\"><a href=\"https:\/\/shizencos.com\/wp-content\/uploads\/2024\/10\/3-11.png\"><img decoding=\"async\" class=\"size-full wp-image-11807\" src=\"https:\/\/shizencos.com\/wp-content\/uploads\/2024\/10\/3-11.png\" alt=\"Ngu\u1ed3n g\u1ed1c nguy\u00ean li\u1ec7u \u0111\u01b0\u1ee3c nh\u1eadp kh\u1ea9u an to\u00e0n\" width=\"1500\" height=\"600\" title=\"\" srcset=\"https:\/\/shizencos.com\/wp-content\/uploads\/2024\/10\/3-11.png 1500w, https:\/\/shizencos.com\/wp-content\/uploads\/2024\/10\/3-11-150x60.png 150w, https:\/\/shizencos.com\/wp-content\/uploads\/2024\/10\/3-11-18x7.png 18w, https:\/\/shizencos.com\/wp-content\/uploads\/2024\/10\/3-11-300x120.png 300w, https:\/\/shizencos.com\/wp-content\/uploads\/2024\/10\/3-11-768x307.png 768w, https:\/\/shizencos.com\/wp-content\/uploads\/2024\/10\/3-11-1024x410.png 1024w, https:\/\/shizencos.com\/wp-content\/uploads\/2024\/10\/3-11-600x240.png 600w\" sizes=\"(max-width: 1500px) 100vw, 1500px\" \/><\/a><figcaption id=\"caption-attachment-11807\" class=\"wp-caption-text\">Raw materials used are imported from reputable sources.<\/figcaption><\/figure>\n<h2 style=\"text-align: justify;\"><span style=\"font-size: 14pt;\"><b>Conclude<\/b><\/span><\/h2>\n<p style=\"text-align: justify;\">Mouthwash is a potential segment in Vietnam. With the strong development of the trend of safe and effective oral care, this is the ideal time for brands to launch unique products, making their mark on the market. Thanks to diverse formulas, professional production processes and comprehensive support from A to Z, Shizencos helps businesses realize their business ideas easily and effectively, providing high-quality mouthwash products, meeting the needs of modern consumers.<\/p>","protected":false},"excerpt":{"rendered":"<p><span style=\"font-weight: 400;\">At Shizencos \u2013 a CGMP \u2013 ASEAN certified cosmetic and personal care manufacturing factory, we provide a complete mouthwash manufacturing service, helping brands, dental clinics, spas or individual startups develop exclusive mouthwash products \u2013 safe \u2013 effective \u2013 cost-optimized.<\/span><\/p>","protected":false},"featured_media":11572,"comment_status":"open","ping_status":"closed","template":"","meta":[],"product_brand":[],"product_cat":[119],"product_tag":[],"class_list":{"0":"post-11571","1":"product","2":"type-product","3":"status-publish","4":"has-post-thumbnail","6":"product_cat-gia-cong-san-pham-cham-soc-ca-nhan","8":"first","9":"instock","10":"shipping-taxable","11":"product-type-simple"},"_links":{"self":[{"href":"https:\/\/shizencos.com\/en\/wp-json\/wp\/v2\/product\/11571","targetHints":{"allow":["GET"]}}],"collection":[{"href":"https:\/\/shizencos.com\/en\/wp-json\/wp\/v2\/product"}],"about":[{"href":"https:\/\/shizencos.com\/en\/wp-json\/wp\/v2\/types\/product"}],"replies":[{"embeddable":true,"href":"https:\/\/shizencos.com\/en\/wp-json\/wp\/v2\/comments?post=11571"}],"wp:featuredmedia":[{"embeddable":true,"href":"https:\/\/shizencos.com\/en\/wp-json\/wp\/v2\/media\/11572"}],"wp:attachment":[{"href":"https:\/\/shizencos.com\/en\/wp-json\/wp\/v2\/media?parent=11571"}],"wp:term":[{"taxonomy":"product_brand","embeddable":true,"href":"https:\/\/shizencos.com\/en\/wp-json\/wp\/v2\/product_brand?post=11571"},{"taxonomy":"product_cat","embeddable":true,"href":"https:\/\/shizencos.com\/en\/wp-json\/wp\/v2\/product_cat?post=11571"},{"taxonomy":"product_tag","embeddable":true,"href":"https:\/\/shizencos.com\/en\/wp-json\/wp\/v2\/product_tag?post=11571"}],"curies":[{"name":"wp","href":"https:\/\/api.w.org\/{rel}","templated":true}]}}