{"id":11567,"date":"2024-10-25T09:37:31","date_gmt":"2024-10-25T02:37:31","guid":{"rendered":"https:\/\/shizencos.com\/?post_type=product&#038;p=11567"},"modified":"2025-05-26T19:38:05","modified_gmt":"2025-05-26T12:38:05","slug":"gia-cong-kem-tay-long","status":"publish","type":"product","link":"https:\/\/shizencos.com\/en\/gia-cong-kem-tay-long\/","title":{"rendered":"Intimate care"},"content":{"rendered":"<p style=\"text-align: justify;\"><span style=\"font-family: arial, helvetica, sans-serif; font-size: 12pt;\"><i><span style=\"font-weight: 400;\">\u00a0B\u1ea1n \u0111ang t\u00ecm \u0111\u1ed1i t\u00e1c gia c\u00f4ng kem t\u1ea9y l\u00f4ng ch\u1ea5t l\u01b0\u1ee3ng? Shizencos \u2013 Nh\u00e0 m\u00e1y s\u1ea3n xu\u1ea5t v\u1edbi d\u00e2y chuy\u1ec1n hi\u1ec7n \u0111\u1ea1i, cung c\u1ea5p d\u1ecbch v\u1ee5 gia c\u00f4ng tr\u1ecdn g\u00f3i t\u1eeb A-Z cho c\u00e1c doanh nghi\u1ec7p, th\u01b0\u01a1ng hi\u1ec7u m\u1ef9 ph\u1ea9m. C\u00f4ng th\u1ee9c \u0111a d\u1ea1ng, h\u1ed7 tr\u1ee3 thi\u1ebft k\u1ebf bao b\u00ec, ph\u00e1p l\u00fd, t\u1ed1i \u01b0u chi ph\u00ed \u2013 gi\u1ea3i ph\u00e1p l\u00fd t\u01b0\u1edfng cho th\u1ecb tr\u01b0\u1eddng s\u1ea3n ph\u1ea9m ch\u0103m s\u00f3c c\u00e1 nh\u00e2n \u0111ang b\u00f9ng n\u1ed5.<\/span><\/i><\/span><\/p>\n<h2 style=\"text-align: justify;\"><span style=\"font-size: 14pt;\"><b>1. What is hair removal cream processing?<\/b><\/span><\/h2>\n<p style=\"text-align: justify;\"><span style=\"font-family: arial, helvetica, sans-serif; font-size: 12pt;\"><b>Hair removal cream is<\/b><span style=\"font-weight: 400;\"> m\u1ed9t s\u1ea3n ph\u1ea9m m\u1ef9 ph\u1ea9m d\u1ea1ng kem c\u00f3 ch\u1ee9c n\u0103ng l\u00e0m m\u1ec1m v\u00e0 ph\u00e1 v\u1ee1 c\u1ea5u tr\u00fac keratin c\u1ee7a s\u1ee3i l\u00f4ng, gi\u00fap lo\u1ea1i b\u1ecf l\u00f4ng kh\u00f4ng mong mu\u1ed1n tr\u00ean c\u01a1 th\u1ec3 m\u1ed9t c\u00e1ch nh\u1eb9 nh\u00e0ng v\u00e0 nhanh ch\u00f3ng. So v\u1edbi c\u00e1c ph\u01b0\u01a1ng ph\u00e1p truy\u1ec1n th\u1ed1ng nh\u01b0 c\u1ea1o, waxing ho\u1eb7c tri\u1ec7t l\u00f4ng, kem t\u1ea9y l\u00f4ng kh\u00f4ng g\u00e2y \u0111au, \u00edt k\u00edch \u1ee9ng v\u00e0 ph\u00f9 h\u1ee3p v\u1edbi nhi\u1ec1u lo\u1ea1i da. Ngo\u00e0i kh\u1ea3 n\u0103ng t\u1ea9y l\u00f4ng, s\u1ea3n ph\u1ea9m c\u00f2n c\u00f3 th\u1ec3 ch\u1ee9a th\u00eam c\u00e1c th\u00e0nh ph\u1ea7n d\u01b0\u1ee1ng da nh\u01b0 Vitamin E, l\u00f4 h\u1ed9i, chi\u1ebft xu\u1ea5t thi\u00ean nhi\u00ean&#8230; gi\u00fap l\u00e0m d\u1ecbu v\u00e0 nu\u00f4i d\u01b0\u1ee1ng l\u00e0n da sau khi s\u1eed d\u1ee5ng.<\/span><\/span><\/p>\n<p style=\"text-align: justify;\"><span style=\"font-size: 12pt; font-family: arial, helvetica, sans-serif;\"><b>Hair removal cream processing is<\/b><span style=\"font-weight: 400;\"> qu\u00e1 tr\u00ecnh m\u00e0 trong \u0111\u00f3 m\u1ed9t \u0111\u01a1n v\u1ecb s\u1ea3n xu\u1ea5t s\u1ebd th\u1ef1c hi\u1ec7n vi\u1ec7c nghi\u00ean c\u1ee9u c\u00f4ng th\u1ee9c, s\u1ea3n xu\u1ea5t, \u0111\u00f3ng g\u00f3i v\u00e0 h\u1ed7 tr\u1ee3 ph\u00e1p l\u00fd cho s\u1ea3n ph\u1ea9m kem t\u1ea9y l\u00f4ng theo y\u00eau c\u1ea7u c\u1ee7a m\u1ed9t th\u01b0\u01a1ng hi\u1ec7u m\u1ef9 ph\u1ea9m. \u0110i\u1ec1u n\u00e0y cho ph\u00e9p c\u00e1c doanh nghi\u1ec7p, d\u00f9 l\u1edbn hay nh\u1ecf c\u00f3 th\u1ec3 s\u1edf h\u1eefu s\u1ea3n ph\u1ea9m mang nh\u00e3n hi\u1ec7u ri\u00eang m\u00e0 kh\u00f4ng c\u1ea7n \u0111\u1ea7u t\u01b0 v\u00e0o nh\u00e0 m\u00e1y hay h\u1ec7 th\u1ed1ng s\u1ea3n xu\u1ea5t. Vi\u1ec7c gia c\u00f4ng th\u01b0\u1eddng bao g\u1ed3m c\u1ea3 vi\u1ec7c h\u1ed7 tr\u1ee3 thi\u1ebft k\u1ebf bao b\u00ec, t\u01b0 v\u1ea5n chi\u1ebfn l\u01b0\u1ee3c s\u1ea3n ph\u1ea9m v\u00e0 \u0111\u1ea3m b\u1ea3o ch\u1ea5t l\u01b0\u1ee3ng s\u1ea3n ph\u1ea9m theo c\u00e1c ti\u00eau chu\u1ea9n qu\u1ed1c t\u1ebf.<\/span><\/span><\/p>\n<figure id=\"attachment_11808\" aria-describedby=\"caption-attachment-11808\" style=\"width: 1500px\" class=\"wp-caption aligncenter\"><a href=\"https:\/\/shizencos.com\/wp-content\/uploads\/2024\/10\/1-18.png\"><img fetchpriority=\"high\" decoding=\"async\" class=\"size-full wp-image-11808\" src=\"https:\/\/shizencos.com\/wp-content\/uploads\/2024\/10\/1-18.png\" alt=\"Gi\u1edbi thi\u1ec7u s\u01a1 l\u01b0\u1ee3c v\u1ec1 gia c\u00f4ng kem t\u1ea9y l\u00f4ng\" width=\"1500\" height=\"600\" title=\"\" srcset=\"https:\/\/shizencos.com\/wp-content\/uploads\/2024\/10\/1-18.png 1500w, https:\/\/shizencos.com\/wp-content\/uploads\/2024\/10\/1-18-150x60.png 150w, https:\/\/shizencos.com\/wp-content\/uploads\/2024\/10\/1-18-18x7.png 18w, https:\/\/shizencos.com\/wp-content\/uploads\/2024\/10\/1-18-300x120.png 300w, https:\/\/shizencos.com\/wp-content\/uploads\/2024\/10\/1-18-768x307.png 768w, https:\/\/shizencos.com\/wp-content\/uploads\/2024\/10\/1-18-1024x410.png 1024w, https:\/\/shizencos.com\/wp-content\/uploads\/2024\/10\/1-18-600x240.png 600w\" sizes=\"(max-width: 1500px) 100vw, 1500px\" \/><\/a><figcaption id=\"caption-attachment-11808\" class=\"wp-caption-text\">Brief introduction to hair removal cream processing<\/figcaption><\/figure>\n<h2 style=\"text-align: justify;\"><span style=\"font-size: 14pt; font-family: arial, helvetica, sans-serif;\"><b>2. Benefits of choosing hair removal cream processing<\/b><\/span><\/h2>\n<p style=\"text-align: justify;\"><span style=\"font-weight: 400; font-size: 12pt; font-family: arial, helvetica, sans-serif;\">Not every business has enough resources to research, produce and develop products from scratch. Cosmetics processing in general and hair removal cream processing in particular is a smart solution to help brands save costs, time and optimize resources to focus on market development. Below are the practical benefits of choosing the processing method:<\/span><\/p>\n<p style=\"text-align: justify;\"><span style=\"font-weight: 400; font-size: 12pt; font-family: arial, helvetica, sans-serif;\">\u2705 Save costs on machinery and equipment investment and factory operations<\/span><\/p>\n<p style=\"text-align: justify;\"><span style=\"font-weight: 400; font-size: 12pt; font-family: arial, helvetica, sans-serif;\">\u2705 Take advantage of experience, technology and professional production systems from the processing unit<\/span><\/p>\n<p style=\"text-align: justify;\"><span style=\"font-weight: 400; font-size: 12pt; font-family: arial, helvetica, sans-serif;\">\u2705 Increase competitiveness thanks to unique formula and exclusive packaging design<\/span><\/p>\n<p style=\"text-align: justify;\"><span style=\"font-weight: 400; font-size: 12pt; font-family: arial, helvetica, sans-serif;\">\u2705 S\u1ea3n ph\u1ea9m \u0111\u1ea3m b\u1ea3o ch\u1ea5t l\u01b0\u1ee3ng \u0111\u1ea1t chu\u1ea9n<\/span><\/p>\n<p style=\"text-align: justify;\"><span style=\"font-weight: 400; font-size: 12pt; font-family: arial, helvetica, sans-serif;\">\u2705 Comprehensive support on legal, product declaration and testing<\/span><\/p>\n<h2 style=\"text-align: justify;\"><span style=\"font-size: 14pt;\"><b>3. Hair removal cream processing at Shizencos<\/b><\/span><\/h2>\n<p style=\"text-align: justify;\"><span style=\"font-weight: 400; font-size: 12pt; font-family: arial, helvetica, sans-serif;\">Choosing the right manufacturing partner not only determines product quality, but also greatly affects the brand image in the market. With a solid foundation in the pharmaceutical and cosmetic industry, Shizencos is committed to providing comprehensive manufacturing solutions, helping businesses create effective, safe and different hair removal cream products.<\/span><\/p>\n<p style=\"text-align: justify;\"><span style=\"font-size: 12pt; font-family: arial, helvetica, sans-serif;\"><span style=\"font-weight: 400;\">Shizencos is one of the <\/span><b>cosmetic factory<\/b><span style=\"font-weight: 400;\"> Leading in Vietnam, specializing in providing complete processing services with modern systems, international standards and highly specialized teams.<\/span><\/span><\/p>\n<figure id=\"attachment_11809\" aria-describedby=\"caption-attachment-11809\" style=\"width: 1500px\" class=\"wp-caption aligncenter\"><a href=\"https:\/\/shizencos.com\/wp-content\/uploads\/2024\/10\/2-17.png\"><img decoding=\"async\" class=\"size-full wp-image-11809\" src=\"https:\/\/shizencos.com\/wp-content\/uploads\/2024\/10\/2-17.png\" alt=\"Nh\u1eefng th\u00e0nh ph\u1ea7n an to\u00e0n trong gia c\u00f4ng kem t\u1ea9y l\u00f4ng\" width=\"1500\" height=\"600\" title=\"\" srcset=\"https:\/\/shizencos.com\/wp-content\/uploads\/2024\/10\/2-17.png 1500w, https:\/\/shizencos.com\/wp-content\/uploads\/2024\/10\/2-17-150x60.png 150w, https:\/\/shizencos.com\/wp-content\/uploads\/2024\/10\/2-17-18x7.png 18w, https:\/\/shizencos.com\/wp-content\/uploads\/2024\/10\/2-17-300x120.png 300w, https:\/\/shizencos.com\/wp-content\/uploads\/2024\/10\/2-17-768x307.png 768w, https:\/\/shizencos.com\/wp-content\/uploads\/2024\/10\/2-17-1024x410.png 1024w, https:\/\/shizencos.com\/wp-content\/uploads\/2024\/10\/2-17-600x240.png 600w\" sizes=\"(max-width: 1500px) 100vw, 1500px\" \/><\/a><figcaption id=\"caption-attachment-11809\" class=\"wp-caption-text\">Safe ingredients in hair removal cream manufacturing<\/figcaption><\/figure>\n<h3 style=\"text-align: justify;\"><span style=\"font-size: 14pt;\"><b>3.1 Diverse hair removal cream formulas<\/b><\/span><\/h3>\n<p style=\"text-align: justify;\"><span style=\"font-weight: 400; font-size: 12pt; font-family: arial, helvetica, sans-serif;\">Owning a unique and high-quality product starts with choosing the right formula. At Shizencos, we constantly research and update new trends to create many optimal hair removal cream formulas - well meeting the diverse needs of our partners.<\/span><\/p>\n<p style=\"text-align: justify;\"><span style=\"font-weight: 400; font-size: 12pt; font-family: arial, helvetica, sans-serif;\">Below are some popular formulas that are popular in the market today that businesses can refer to:<\/span><\/p>\n<ul style=\"text-align: justify;\">\n<li style=\"font-weight: 400;\" aria-level=\"1\"><span style=\"font-size: 12pt; font-family: arial, helvetica, sans-serif;\"><b>Hair removal cream for sensitive skin:<\/b><span style=\"font-weight: 400;\"> Gentle, non-irritating formula.<\/span><\/span><\/li>\n<li style=\"font-weight: 400;\" aria-level=\"1\"><span style=\"font-size: 12pt; font-family: arial, helvetica, sans-serif;\"><b>Deep moisturizing hair removal cream:<\/b><span style=\"font-weight: 400;\"> Combines moisturizing ingredients to help soften skin after exfoliation.<\/span><\/span><\/li>\n<li style=\"font-weight: 400;\" aria-level=\"1\"><span style=\"font-size: 12pt; font-family: arial, helvetica, sans-serif;\"><b>Herbal hair removal cream:<\/b><span style=\"font-weight: 400;\"> Extracted from nature such as green tea, aloe vera, chamomile...<\/span><\/span><\/li>\n<li style=\"font-weight: 400;\" aria-level=\"1\"><span style=\"font-size: 12pt; font-family: arial, helvetica, sans-serif;\"><b>Skin lightening hair removal cream:<\/b><span style=\"font-weight: 400;\"> Integrated ingredients help brighten skin tone after use.<\/span><\/span><\/li>\n<li style=\"font-weight: 400;\" aria-level=\"1\"><span style=\"font-size: 12pt; font-family: arial, helvetica, sans-serif;\"><b>Hair removal cream for men:<\/b><span style=\"font-weight: 400;\"> Powerful formula, suitable for thick hair structure.<\/span><\/span><\/li>\n<li style=\"font-weight: 400;\" aria-level=\"1\"><span style=\"font-size: 12pt; font-family: arial, helvetica, sans-serif;\"><b>Hair removal cream for bikini\/underarm area:<\/b><span style=\"font-weight: 400;\"> Safe formula, less irritating.<\/span><\/span><\/li>\n<li style=\"font-weight: 400;\" aria-level=\"1\"><span style=\"font-size: 12pt; font-family: arial, helvetica, sans-serif;\"><b>Hair removal cream foam\/wax\/lotion:<\/b><span style=\"font-weight: 400;\"> Customize to your desired user experience.<\/span><\/span><\/li>\n<\/ul>\n<p style=\"text-align: justify;\"><span style=\"font-weight: 400; font-size: 12pt; font-family: arial, helvetica, sans-serif;\">In particular, Shizencos supports the development of exclusive formulas, adjusting ingredients - scent - texture according to the direction of the individual brand.<\/span><\/p>\n<figure id=\"attachment_11810\" aria-describedby=\"caption-attachment-11810\" style=\"width: 1500px\" class=\"wp-caption aligncenter\"><a href=\"https:\/\/shizencos.com\/wp-content\/uploads\/2024\/10\/3-12.png\"><img decoding=\"async\" class=\"size-full wp-image-11810\" src=\"https:\/\/shizencos.com\/wp-content\/uploads\/2024\/10\/3-12.png\" alt=\"\u0110\u1ea3m b\u1ea3o an to\u00e0n khi gia c\u00f4ng kem t\u1ea9y l\u00f4ng t\u1ea1i nh\u00e0 m\u00e1y Shizencos\" width=\"1500\" height=\"600\" title=\"\" srcset=\"https:\/\/shizencos.com\/wp-content\/uploads\/2024\/10\/3-12.png 1500w, https:\/\/shizencos.com\/wp-content\/uploads\/2024\/10\/3-12-150x60.png 150w, https:\/\/shizencos.com\/wp-content\/uploads\/2024\/10\/3-12-18x7.png 18w, https:\/\/shizencos.com\/wp-content\/uploads\/2024\/10\/3-12-300x120.png 300w, https:\/\/shizencos.com\/wp-content\/uploads\/2024\/10\/3-12-768x307.png 768w, https:\/\/shizencos.com\/wp-content\/uploads\/2024\/10\/3-12-1024x410.png 1024w, https:\/\/shizencos.com\/wp-content\/uploads\/2024\/10\/3-12-600x240.png 600w\" sizes=\"(max-width: 1500px) 100vw, 1500px\" \/><\/a><figcaption id=\"caption-attachment-11810\" class=\"wp-caption-text\">Ensuring safety when processing hair removal cream at Shizencos factory<\/figcaption><\/figure>\n<h3 style=\"text-align: justify;\"><span style=\"font-size: 14pt;\"><b>3.2 Hair removal cream manufacturing process at Shizencos\u00a0<\/b><\/span><\/h3>\n<p style=\"text-align: justify;\"><span style=\"font-weight: 400; font-size: 12pt; font-family: arial, helvetica, sans-serif;\">To create a complete and quality hair removal cream product, the processing process plays an extremely important role. At Shizencos, each stage is carried out strictly and professionally to ensure maximum product efficiency as well as maintain the commitment to safety and confidentiality for partners.<\/span><\/p>\n<p style=\"text-align: justify;\"><span style=\"font-weight: 400; font-size: 12pt; font-family: arial, helvetica, sans-serif;\">With a closed, transparent and professional process, we ensure the best quality products:<\/span><\/p>\n<p style=\"text-align: justify;\"><span style=\"font-size: 12pt; font-family: arial, helvetica, sans-serif;\"><b>Step 1: <\/b><span style=\"font-weight: 400;\">Contact for consultation \u2013 Listen to requests and advise on appropriate formulas.<\/span><\/span><\/p>\n<p style=\"text-align: justify;\"><span style=\"font-size: 12pt; font-family: arial, helvetica, sans-serif;\"><b>Step 2:<\/b><span style=\"font-weight: 400;\"> Research and Development \u2013 \u200b\u200bR&amp;D team researches and develops optimal formulas.<\/span><\/span><\/p>\n<p style=\"text-align: justify;\"><span style=\"font-size: 12pt; font-family: arial, helvetica, sans-serif;\"><b>Step 3: <\/b><span style=\"font-weight: 400;\">Send samples and adjust \u2013 Provide samples, adjust based on feedback.<\/span><\/span><\/p>\n<p style=\"text-align: justify;\"><span style=\"font-size: 12pt; font-family: arial, helvetica, sans-serif;\"><b>Step 4:<\/b><span style=\"font-weight: 400;\"> Finalize sample and quote \u2013 Confirm final formula, calculate cost<\/span><\/span><\/p>\n<p style=\"text-align: justify;\"><span style=\"font-size: 12pt; font-family: arial, helvetica, sans-serif;\"><b>Step 5:<\/b><span style=\"font-weight: 400;\"> Signing contract and cooperation \u2013 Both parties agree and sign the processing contract.<\/span><\/span><\/p>\n<p style=\"text-align: justify;\"><span style=\"font-size: 12pt; font-family: arial, helvetica, sans-serif;\"><b>Step 6: <\/b><span style=\"font-weight: 400;\">Prepare ingredients and stir the tank <\/span><span style=\"font-weight: 400;\">\u2013<\/span><span style=\"font-weight: 400;\"> \u2013 Import and check the quality of input materials.<\/span><\/span><\/p>\n<p style=\"text-align: justify;\"><span style=\"font-size: 12pt; font-family: arial, helvetica, sans-serif;\"><b>Step 7:<\/b><span style=\"font-weight: 400;\"> Mass production \u2013 Put into production according to GMP standards.<\/span><\/span><\/p>\n<p style=\"text-align: justify;\"><span style=\"font-size: 12pt; font-family: arial, helvetica, sans-serif;\"><b>Step 8: <\/b><span style=\"font-weight: 400;\">Product packaging \u2013 Filling, sealing, labeling according to design.<\/span><\/span><\/p>\n<p style=\"text-align: justify;\"><span style=\"font-size: 12pt; font-family: arial, helvetica, sans-serif;\"><b>Step 9:<\/b><span style=\"font-weight: 400;\"> Delivery and post-production support \u2013 On-time delivery, legal support and business strategy.<\/span><\/span><\/p>\n<h2 style=\"text-align: justify;\"><span style=\"font-size: 14pt; font-family: arial, helvetica, sans-serif;\"><b>Conclude<\/b><\/span><\/h2>\n<p style=\"text-align: justify;\"><span style=\"font-weight: 400; font-family: arial, helvetica, sans-serif; font-size: 12pt;\">In a fiercely competitive market, owning quality, safe and different products is the advantage for your brand to stand out. With strong production capacity, experienced professional team and full support service from A-Z, Shizencos is a reliable hair removal cream manufacturing partner for all businesses - from startups to long-standing brands.<\/span><\/p>\n<p style=\"text-align: justify;\"><span style=\"font-weight: 400; font-family: arial, helvetica, sans-serif; font-size: 12pt;\">Don't miss the opportunity to join Shizencos to turn your cosmetic ideas into high-quality real products, ready to conquer the market! Contact us today for advice and receive free samples from Shizencos' team of experts.<\/span><\/p>","protected":false},"excerpt":{"rendered":"<p><b>Hair removal cream processing is<\/b><span style=\"font-weight: 400;\"> qu\u00e1 tr\u00ecnh m\u00e0 Shizencos s\u1ebd th\u1ef1c hi\u1ec7n vi\u1ec7c nghi\u00ean c\u1ee9u c\u00f4ng th\u1ee9c, s\u1ea3n xu\u1ea5t, \u0111\u00f3ng g\u00f3i v\u00e0 h\u1ed7 tr\u1ee3 ph\u00e1p l\u00fd cho s\u1ea3n ph\u1ea9m kem t\u1ea9y l\u00f4ng theo y\u00eau c\u1ea7u c\u1ee7a b\u1ea1n. \u0110i\u1ec1u n\u00e0y cho ph\u00e9p c\u00e1c doanh nghi\u1ec7p, d\u00f9 l\u1edbn hay nh\u1ecf c\u00f3 th\u1ec3 s\u1edf h\u1eefu s\u1ea3n ph\u1ea9m mang nh\u00e3n hi\u1ec7u ri\u00eang m\u00e0 kh\u00f4ng c\u1ea7n \u0111\u1ea7u t\u01b0 v\u00e0o nh\u00e0 m\u00e1y hay h\u1ec7 th\u1ed1ng s\u1ea3n xu\u1ea5t.<\/span><\/p>","protected":false},"featured_media":11568,"comment_status":"open","ping_status":"closed","template":"","meta":[],"product_brand":[],"product_cat":[119],"product_tag":[],"class_list":{"0":"post-11567","1":"product","2":"type-product","3":"status-publish","4":"has-post-thumbnail","6":"product_cat-gia-cong-san-pham-cham-soc-ca-nhan","8":"first","9":"instock","10":"shipping-taxable","11":"product-type-simple"},"_links":{"self":[{"href":"https:\/\/shizencos.com\/en\/wp-json\/wp\/v2\/product\/11567","targetHints":{"allow":["GET"]}}],"collection":[{"href":"https:\/\/shizencos.com\/en\/wp-json\/wp\/v2\/product"}],"about":[{"href":"https:\/\/shizencos.com\/en\/wp-json\/wp\/v2\/types\/product"}],"replies":[{"embeddable":true,"href":"https:\/\/shizencos.com\/en\/wp-json\/wp\/v2\/comments?post=11567"}],"wp:featuredmedia":[{"embeddable":true,"href":"https:\/\/shizencos.com\/en\/wp-json\/wp\/v2\/media\/11568"}],"wp:attachment":[{"href":"https:\/\/shizencos.com\/en\/wp-json\/wp\/v2\/media?parent=11567"}],"wp:term":[{"taxonomy":"product_brand","embeddable":true,"href":"https:\/\/shizencos.com\/en\/wp-json\/wp\/v2\/product_brand?post=11567"},{"taxonomy":"product_cat","embeddable":true,"href":"https:\/\/shizencos.com\/en\/wp-json\/wp\/v2\/product_cat?post=11567"},{"taxonomy":"product_tag","embeddable":true,"href":"https:\/\/shizencos.com\/en\/wp-json\/wp\/v2\/product_tag?post=11567"}],"curies":[{"name":"wp","href":"https:\/\/api.w.org\/{rel}","templated":true}]}}