{"id":11564,"date":"2024-10-25T09:35:52","date_gmt":"2024-10-25T02:35:52","guid":{"rendered":"https:\/\/shizencos.com\/?post_type=product&#038;p=11564"},"modified":"2025-05-26T19:31:59","modified_gmt":"2025-05-26T12:31:59","slug":"gia-cong-peel","status":"publish","type":"product","link":"https:\/\/shizencos.com\/en\/gia-cong-peel\/","title":{"rendered":"Peeling processing"},"content":{"rendered":"<p style=\"text-align: justify;\">Gia c\u00f4ng s\u1ea3n ph\u1ea9m Peel da theo y\u00eau c\u1ea7u t\u1ea1i Shizencos \u2013 D\u1ecbch v\u1ee5 s\u1ea3n xu\u1ea5t Peel da ch\u1ea5t l\u01b0\u1ee3ng cao, bao g\u1ed3m c\u00f4ng th\u1ee9c \u0111\u1ed9c quy\u1ec1n ph\u00f9 h\u1ee3p t\u1eebng lo\u1ea1i da, thi\u1ebft k\u1ebf bao b\u00ec mi\u1ec5n ph\u00ed v\u00e0 h\u1ed7 tr\u1ee3 ph\u00e1p l\u00fd \u0111\u1ea7y \u0111\u1ee7. Nh\u00e0 m\u00e1y \u0111\u1ea1t chu\u1ea9n v\u1edbi d\u00e2y chuy\u1ec1n s\u1ea3n xu\u1ea5t hi\u1ec7n \u0111\u1ea1i, quy tr\u00ecnh t\u1ed1i \u01b0u, chi ph\u00ed linh ho\u1ea1t theo nhu c\u1ea7u \u2013 ph\u00f9 h\u1ee3p v\u1edbi c\u00e1c th\u01b0\u01a1ng hi\u1ec7u m\u1ef9 ph\u1ea9m, spa, clinic ho\u1eb7c c\u00e1 nh\u00e2n kinh doanh mu\u1ed1n ph\u00e1t tri\u1ec3n d\u00f2ng s\u1ea3n ph\u1ea9m Peel da mang th\u01b0\u01a1ng hi\u1ec7u c\u1ee7a ri\u00eang b\u1ea1n. T\u00ecm hi\u1ec3u ngay b\u00e0i vi\u1ebft b\u00ean d\u01b0\u1edbi \u0111\u1ec3 bi\u1ebft th\u00eam chi ti\u1ebft!<\/p>\n<p style=\"text-align: justify;\"><span style=\"font-size: 14pt;\"><b>1. What is facial peeling?<\/b><\/span><\/p>\n<p style=\"text-align: justify;\"><span style=\"font-weight: 400;\">Peel da m\u1eb7t l\u00e0 ph\u01b0\u01a1ng ph\u00e1p ch\u0103m s\u00f3c da chuy\u00ean s\u00e2u, ng\u00e0y c\u00e0ng \u0111\u01b0\u1ee3c \u01b0a chu\u1ed9ng t\u1ea1i spa, clinic v\u00e0 c\u1ea3 trong c\u00e1c s\u1ea3n ph\u1ea9m ch\u0103m s\u00f3c da t\u1ea1i nh\u00e0, Peel da s\u1eed d\u1ee5ng c\u00e1c ho\u1ea1t ch\u1ea5t h\u00f3a h\u1ecdc ho\u1eb7c enzyme \u0111\u1ec3 lo\u1ea1i b\u1ecf l\u1edbp s\u1eebng gi\u00e0, k\u00edch th\u00edch t\u00e1i t\u1ea1o t\u1ebf b\u00e0o m\u1edbi, gi\u00fap c\u1ea3i thi\u1ec7n s\u1eafc t\u1ed1, l\u1ed7 ch\u00e2n l\u00f4ng, m\u1ee5n v\u00e0 l\u00e0m \u0111\u1ec1u m\u00e0u da.<\/span><\/p>\n<p style=\"text-align: justify;\">Facial peel processing<span style=\"font-weight: 400;\"> is a service that produces peel products according to the requirements of cosmetic brands - from choosing active ingredients (AHA, BHA, PHA, TCA...), strength (light peel, medium peel, deep peel) to packaging design, packaging and full legal document support. <\/span><span style=\"font-weight: 400;\">With the modern beauty needs, skin peeling is not only a service at the spa but also becomes an essential product line in the skincare routine at home - especially for customers who are having skin problems such as acne, dark spots, dull skin or premature aging. Facial peeling is a <\/span>high-end product line \u2013 good profit \u2013 high sales potential<span style=\"font-weight: 400;\">, especially if you are targeting the clinic skincare or skin treatment segment.<\/span><\/p>\n<figure id=\"attachment_11811\" aria-describedby=\"caption-attachment-11811\" style=\"width: 1500px\" class=\"wp-caption aligncenter\"><a href=\"https:\/\/shizencos.com\/wp-content\/uploads\/2024\/10\/1-19.png\"><img fetchpriority=\"high\" decoding=\"async\" class=\"size-full wp-image-11811\" src=\"https:\/\/shizencos.com\/wp-content\/uploads\/2024\/10\/1-19.png\" alt=\"Gi\u1edbi thi\u1ec7u t\u1ed5ng quan v\u1ec1 gia c\u00f4ng peel da t\u1ed5ng qu\u00e1t\" width=\"1500\" height=\"600\" title=\"\" srcset=\"https:\/\/shizencos.com\/wp-content\/uploads\/2024\/10\/1-19.png 1500w, https:\/\/shizencos.com\/wp-content\/uploads\/2024\/10\/1-19-150x60.png 150w, https:\/\/shizencos.com\/wp-content\/uploads\/2024\/10\/1-19-18x7.png 18w, https:\/\/shizencos.com\/wp-content\/uploads\/2024\/10\/1-19-300x120.png 300w, https:\/\/shizencos.com\/wp-content\/uploads\/2024\/10\/1-19-768x307.png 768w, https:\/\/shizencos.com\/wp-content\/uploads\/2024\/10\/1-19-1024x410.png 1024w, https:\/\/shizencos.com\/wp-content\/uploads\/2024\/10\/1-19-600x240.png 600w\" sizes=\"(max-width: 1500px) 100vw, 1500px\" \/><\/a><figcaption id=\"caption-attachment-11811\" class=\"wp-caption-text\">General introduction to general skin peeling<\/figcaption><\/figure>\n<h2 style=\"text-align: justify;\"><span style=\"font-size: 14pt;\"><b>2. Benefits of choosing facial peeling<\/b><\/span><\/h2>\n<p class=\"\" style=\"text-align: justify;\" data-start=\"101\" data-end=\"424\">Choosing to outsource facial peeling products is not only an economical and effective solution for businesses, but also opens up opportunities to develop many flexible products, bearing your own brand mark. This is a strategy chosen by many spas, clinics, and cosmetic brands today to stay ahead of beauty trends and optimize resources.<\/p>\n<p class=\"\" style=\"text-align: justify;\" data-start=\"426\" data-end=\"771\">As the demand for skin care and regeneration increases, owning a separate line of Peel products will help the brand create a clear competitive advantage. Especially for units such as spas, dermatology clinics, beauty clinics, etc., Peel products with their own brand not only help increase recognition but also improve service quality and customer experience.<\/p>\n<p class=\"\" style=\"text-align: justify;\" data-start=\"773\" data-end=\"859\">Instead of self-production, choosing to process skin peeling at Shizencos will help businesses:<\/p>\n<p class=\"\" style=\"text-align: justify;\" data-start=\"861\" data-end=\"1339\">\u2705 Save on operating costs, personnel and machinery investment<br data-start=\"916\" data-end=\"919\" \/>\u2705 Shorten product development and time to market<br data-start=\"980\" data-end=\"983\" \/>\u2705 Leverage technology and expertise from an experienced R&amp;D team<br data-start=\"1049\" data-end=\"1052\" \/>\u2705 Freely create formulas suitable for each skin type and skin condition<br data-start=\"1114\" data-end=\"1117\" \/>\u2705 \u0110\u1ea3m b\u1ea3o ch\u1ea5t l\u01b0\u1ee3ng s\u1ea3n ph\u1ea9m \u0111\u1ea1t chu\u1ea9n\u00a0<br data-start=\"1175\" data-end=\"1178\" data-is-only-node=\"\" \/>\u2705 Full support for legal documents, product declaration and quality inspection<br data-start=\"1253\" data-end=\"1256\" \/>\u2705 Comes with professional packaging design, long-term branding orientation<\/p>\n<figure id=\"attachment_11812\" aria-describedby=\"caption-attachment-11812\" style=\"width: 1500px\" class=\"wp-caption aligncenter\"><a href=\"https:\/\/shizencos.com\/wp-content\/uploads\/2024\/10\/2-18.png\"><img decoding=\"async\" class=\"size-full wp-image-11812\" src=\"https:\/\/shizencos.com\/wp-content\/uploads\/2024\/10\/2-18.png\" alt=\"Nh\u1eefng th\u00e0nh ph\u1ea7n an to\u00e0n trong s\u1ea3n ph\u1ea9m gia c\u00f4ng peel\" width=\"1500\" height=\"600\" title=\"\" srcset=\"https:\/\/shizencos.com\/wp-content\/uploads\/2024\/10\/2-18.png 1500w, https:\/\/shizencos.com\/wp-content\/uploads\/2024\/10\/2-18-150x60.png 150w, https:\/\/shizencos.com\/wp-content\/uploads\/2024\/10\/2-18-18x7.png 18w, https:\/\/shizencos.com\/wp-content\/uploads\/2024\/10\/2-18-300x120.png 300w, https:\/\/shizencos.com\/wp-content\/uploads\/2024\/10\/2-18-768x307.png 768w, https:\/\/shizencos.com\/wp-content\/uploads\/2024\/10\/2-18-1024x410.png 1024w, https:\/\/shizencos.com\/wp-content\/uploads\/2024\/10\/2-18-600x240.png 600w\" sizes=\"(max-width: 1500px) 100vw, 1500px\" \/><\/a><figcaption id=\"caption-attachment-11812\" class=\"wp-caption-text\">Safe ingredients in peel processing products<\/figcaption><\/figure>\n<h2 style=\"text-align: justify;\"><span style=\"font-size: 14pt;\"><b>3. Facial Peeling at Shizencos<\/b><\/span><\/h2>\n<p style=\"text-align: justify;\">As one of the leading cosmetic processing units, Shizencos is proud to provide professional and flexible facial peel processing services and accompany the sustainable development of partner brands.<\/p>\n<h3 style=\"text-align: justify;\"><span style=\"font-size: 14pt;\"><b>3.1 Diverse skin peeling formulas<\/b><\/span><\/h3>\n<p style=\"text-align: justify;\"><span style=\"font-size: 12pt;\">To meet the increasingly diverse beauty needs and strict requirements from consumers, Shizencos is constantly developing to research and develop skin Peel formulas from mild to intensive. Mild Peel lines are suitable for home care, to specialized formulas used in spas and clinics - supporting the treatment of acne, melasma, dark spots and skin regeneration - Shizencos is always ready to accompany businesses to create products suitable for your brand and suitable for each target customer group.<\/span><\/p>\n<ul style=\"text-align: justify;\">\n<li data-start=\"331\" data-end=\"359\"><span style=\"font-size: 12pt;\">Light Peel: Acts on the outermost epidermis to brighten the skin, reduce oil, and support the treatment of mild acne.<\/span><\/li>\n<li data-start=\"638\" data-end=\"673\"><span style=\"font-size: 12pt;\">Medium Peel: Affects the shallow dermis layer to help fade dark spots, reduce light wrinkles, and improve skin pigmentation.<\/span><\/li>\n<li data-start=\"927\" data-end=\"953\"><span style=\"font-size: 12pt;\">Deep Peel: Affects the deep dermis layer to treat pitted scars, deep wrinkles, and sun damage.<\/span><\/li>\n<\/ul>\n<h3 style=\"text-align: justify;\"><span style=\"font-size: 14pt;\"><b>3.2 Facial Peeling Process at Shizencos<\/b><\/span><\/h3>\n<p style=\"text-align: justify;\">To ensure product quality and business efficiency for partners, Shizencos has built a clear and optimal processing formula process at each step. From the beginning of the idea until the finished product is launched to the market, customers will be accompanied and supported to the maximum by our team of experts.<\/p>\n<p style=\"text-align: justify;\"><b>Step 1:\u00a0<\/b>Contact for consultation \u2013 Listen to requests and advise on appropriate formulas.<\/p>\n<p style=\"text-align: justify;\"><b>Step 2:<\/b>\u00a0Research and Development \u2013 \u200b\u200bR&amp;D team researches and develops optimal formulas.<\/p>\n<p style=\"text-align: justify;\"><b>Step 3:\u00a0<\/b>Send samples and adjust \u2013 Provide samples, adjust based on feedback.<\/p>\n<p style=\"text-align: justify;\"><b>Step 4:<\/b>\u00a0Finalize sample and quote \u2013 Confirm final formula, calculate cost<\/p>\n<p style=\"text-align: justify;\"><b>Step 5:<\/b>\u00a0Signing contract and cooperation \u2013 Both parties agree and sign the processing contract.<\/p>\n<p style=\"text-align: justify;\"><b>Step 6:\u00a0<\/b>Chu\u1ea9n b\u1ecb nguy\u00ean li\u1ec7u v\u00e0 khu\u1ea5y b\u1ed3n\u00a0\u2013\u00a0Nh\u1eadp kh\u1ea9u v\u00e0 ki\u1ec3m \u0111\u1ecbnh ch\u1ea5t l\u01b0\u1ee3ng nguy\u00ean li\u1ec7u \u0111\u1ea7u v\u00e0o.<\/p>\n<p style=\"text-align: justify;\"><b>Step 7:<\/b>\u00a0Mass production \u2013 Put into production according to GMP standards.<\/p>\n<p style=\"text-align: justify;\"><b>Step 8:\u00a0<\/b>Product packaging \u2013 Filling, sealing, labeling according to design.<\/p>\n<p style=\"text-align: justify;\"><b>Step 9:<\/b>\u00a0Delivery and post-production support \u2013 On-time delivery, legal support and business strategy.<\/p>\n<figure id=\"attachment_11813\" aria-describedby=\"caption-attachment-11813\" style=\"width: 1500px\" class=\"wp-caption aligncenter\"><a href=\"https:\/\/shizencos.com\/wp-content\/uploads\/2024\/10\/3-13.png\"><img decoding=\"async\" class=\"size-full wp-image-11813\" src=\"https:\/\/shizencos.com\/wp-content\/uploads\/2024\/10\/3-13.png\" alt=\"S\u1ea3n xu\u1ea5t gia c\u00f4ng kem peel theo d\u00e2y chuy\u1ec1n hi\u1ec7n \u0111\u1ea1i\" width=\"1500\" height=\"600\" title=\"\" srcset=\"https:\/\/shizencos.com\/wp-content\/uploads\/2024\/10\/3-13.png 1500w, https:\/\/shizencos.com\/wp-content\/uploads\/2024\/10\/3-13-150x60.png 150w, https:\/\/shizencos.com\/wp-content\/uploads\/2024\/10\/3-13-18x7.png 18w, https:\/\/shizencos.com\/wp-content\/uploads\/2024\/10\/3-13-300x120.png 300w, https:\/\/shizencos.com\/wp-content\/uploads\/2024\/10\/3-13-768x307.png 768w, https:\/\/shizencos.com\/wp-content\/uploads\/2024\/10\/3-13-1024x410.png 1024w, https:\/\/shizencos.com\/wp-content\/uploads\/2024\/10\/3-13-600x240.png 600w\" sizes=\"(max-width: 1500px) 100vw, 1500px\" \/><\/a><figcaption id=\"caption-attachment-11813\" class=\"wp-caption-text\">Production and processing of peel cream on modern production line<\/figcaption><\/figure>\n<h2 style=\"text-align: justify;\" data-start=\"82\" data-end=\"100\"><span style=\"font-size: 14pt;\"><strong data-start=\"86\" data-end=\"98\">Conclude<\/strong><\/span><\/h2>\n<p class=\"\" style=\"text-align: justify;\" data-start=\"101\" data-end=\"458\"><span style=\"font-size: 12pt;\">In a competitive and constantly changing skin care market, owning a line of Peel products with your own brand is the key to help you build your position and increase the value of your services. Shizencos - A reliable cosmetic processing partner, will accompany you from idea to finished product, helping your brand stand out and be different.<\/span><\/p>\n<p class=\"\" style=\"text-align: justify;\" data-start=\"460\" data-end=\"642\"><span style=\"font-size: 12pt;\">Let Shizencos help you create a unique, specialized skin peel product line for your customers. <\/span><span style=\"font-size: 12pt;\">Li\u00ean h\u1ec7 ngay \u0111\u1ec3 \u0111\u01b0\u1ee3c t\u01b0 v\u1ea5n chi ti\u1ebft v\u00e0 nh\u1eadn m\u1eabu test mi\u1ec5n ph\u00ed!<\/span><\/p>","protected":false},"excerpt":{"rendered":"<p><span style=\"font-weight: 400;\">Shizencos l\u00e0 \u0111\u01a1n v\u1ecb chuy\u00ean gia c\u00f4ng m\u1ef9 ph\u1ea9m \u0111i\u1ec1u tr\u1ecb v\u00e0 d\u01b0\u1ee1ng da chuy\u00ean s\u00e2u. Khi gia c\u00f4ng peel da m\u1eb7t t\u1ea1i \u0111\u00e2y, th\u01b0\u01a1ng hi\u1ec7u c\u1ee7a b\u1ea1n s\u1ebd \u0111\u01b0\u1ee3c \u0111\u1ea3m b\u1ea3o v\u1ec1 c\u1ea3 ch\u1ea5t l\u01b0\u1ee3ng v\u00e0 gi\u00e1 th\u00e0nh. Shizencos c\u00f3 quy tr\u00ecnh s\u1ea3n xu\u1ea5t kh\u00e9p k\u00edn, gi\u00fap b\u1ea1n y\u00ean t\u00e2m khi ph\u00e1t tri\u1ec3n s\u1ea3n ph\u1ea9m mang t\u00ean th\u01b0\u01a1ng hi\u1ec7u c\u1ee7a ri\u00eang m\u00ecnh.<\/span><\/p>","protected":false},"featured_media":11565,"comment_status":"open","ping_status":"closed","template":"","meta":[],"product_brand":[],"product_cat":[119],"product_tag":[],"class_list":{"0":"post-11564","1":"product","2":"type-product","3":"status-publish","4":"has-post-thumbnail","6":"product_cat-gia-cong-san-pham-cham-soc-ca-nhan","8":"first","9":"instock","10":"shipping-taxable","11":"product-type-simple"},"_links":{"self":[{"href":"https:\/\/shizencos.com\/en\/wp-json\/wp\/v2\/product\/11564","targetHints":{"allow":["GET"]}}],"collection":[{"href":"https:\/\/shizencos.com\/en\/wp-json\/wp\/v2\/product"}],"about":[{"href":"https:\/\/shizencos.com\/en\/wp-json\/wp\/v2\/types\/product"}],"replies":[{"embeddable":true,"href":"https:\/\/shizencos.com\/en\/wp-json\/wp\/v2\/comments?post=11564"}],"wp:featuredmedia":[{"embeddable":true,"href":"https:\/\/shizencos.com\/en\/wp-json\/wp\/v2\/media\/11565"}],"wp:attachment":[{"href":"https:\/\/shizencos.com\/en\/wp-json\/wp\/v2\/media?parent=11564"}],"wp:term":[{"taxonomy":"product_brand","embeddable":true,"href":"https:\/\/shizencos.com\/en\/wp-json\/wp\/v2\/product_brand?post=11564"},{"taxonomy":"product_cat","embeddable":true,"href":"https:\/\/shizencos.com\/en\/wp-json\/wp\/v2\/product_cat?post=11564"},{"taxonomy":"product_tag","embeddable":true,"href":"https:\/\/shizencos.com\/en\/wp-json\/wp\/v2\/product_tag?post=11564"}],"curies":[{"name":"wp","href":"https:\/\/api.w.org\/{rel}","templated":true}]}}