{"id":11561,"date":"2024-10-25T09:31:55","date_gmt":"2024-10-25T02:31:55","guid":{"rendered":"https:\/\/shizencos.com\/?post_type=product&#038;p=11561"},"modified":"2025-05-26T19:30:32","modified_gmt":"2025-05-26T12:30:32","slug":"gia-cong-lan-khu-mui","status":"publish","type":"product","link":"https:\/\/shizencos.com\/en\/gia-cong-lan-khu-mui\/","title":{"rendered":"Deodorant processing"},"content":{"rendered":"<p style=\"text-align: justify;\"><span style=\"font-weight: 400;\"><a href=\"https:\/\/shizencos.com\/en\/gia-cong-lan-khu-mui\/\">Deodorant processing<\/a> is becoming a popular trend in the personal care industry. With outstanding advantages such as the ability to customize according to customer requirements, modern production processes and product quality assurance, brands can trade products that meet international standards without wasting time and resources.<\/span><\/p>\n<p style=\"text-align: justify;\"><i><span style=\"font-weight: 400;\">Shizencos \u2013 nh\u00e0 m\u00e1y gia c\u00f4ng m\u1ef9 ph\u1ea9m \u0111\u1ea1t chu\u1ea9n, chuy\u00ean gia c\u00f4ng l\u0103n kh\u1eed m\u00f9i v\u1edbi c\u00f4ng th\u1ee9c \u0111\u1ed9c quy\u1ec1n, R&amp;D cao c\u1ea5p, h\u1ed7 tr\u1ee3 to\u00e0n di\u1ec7n t\u1eeb A-Z.<\/span><\/i><\/p>\n<h2 style=\"text-align: justify;\"><span style=\"font-size: 14pt;\"><b>1. What is deodorant processing?<\/b><\/span><\/h2>\n<p style=\"text-align: justify;\"><span style=\"font-size: 12pt;\"><b>Deodorant is<\/b><span style=\"font-weight: 400;\"> A line of personal care products that control body odor, limit perspiration and bring a dry, comfortable feeling all day long. Thanks to its ability to create a sense of confidence and enhance personal experience, deodorants are becoming more and more popular and favored by consumers. In the current market, deodorants are developed in many forms such as: roll-on, spray, cream, gel, ... to meet the diverse needs of users from young people to middle-aged people.<\/span><\/span><\/p>\n<p style=\"text-align: justify;\"><span style=\"font-size: 12pt;\"><b>Deodorant processing is <\/b><span style=\"font-weight: 400;\">The process of cooperation between a cosmetic company and a manufacturing unit - such as Shizencos - to develop and produce products under its own brand. The company does not need to invest in factories, personnel or technology, but only needs to provide requirements on formulas, features or target customers. The manufacturing unit will take care of the entire process: from research, production, packaging to completing legal documents and delivering finished products.<\/span><\/span><\/p>\n<figure id=\"attachment_11814\" aria-describedby=\"caption-attachment-11814\" style=\"width: 1500px\" class=\"wp-caption aligncenter\"><a href=\"https:\/\/shizencos.com\/wp-content\/uploads\/2024\/10\/1-20.png\"><img fetchpriority=\"high\" decoding=\"async\" class=\"size-full wp-image-11814\" src=\"https:\/\/shizencos.com\/wp-content\/uploads\/2024\/10\/1-20.png\" alt=\"\u0110\u00f4i n\u00e9t gi\u1edbi thi\u1ec7u c\u1ee5 th\u1ec3 v\u1ec1 gia c\u00f4ng l\u0103n kh\u1eed m\u00f9i\" width=\"1500\" height=\"600\" title=\"\" srcset=\"https:\/\/shizencos.com\/wp-content\/uploads\/2024\/10\/1-20.png 1500w, https:\/\/shizencos.com\/wp-content\/uploads\/2024\/10\/1-20-150x60.png 150w, https:\/\/shizencos.com\/wp-content\/uploads\/2024\/10\/1-20-18x7.png 18w, https:\/\/shizencos.com\/wp-content\/uploads\/2024\/10\/1-20-300x120.png 300w, https:\/\/shizencos.com\/wp-content\/uploads\/2024\/10\/1-20-768x307.png 768w, https:\/\/shizencos.com\/wp-content\/uploads\/2024\/10\/1-20-1024x410.png 1024w, https:\/\/shizencos.com\/wp-content\/uploads\/2024\/10\/1-20-600x240.png 600w\" sizes=\"(max-width: 1500px) 100vw, 1500px\" \/><\/a><figcaption id=\"caption-attachment-11814\" class=\"wp-caption-text\">A brief introduction to deodorant manufacturing<\/figcaption><\/figure>\n<h2 style=\"text-align: justify;\"><span style=\"font-size: 14pt;\"><b>2. Benefits of choosing deodorant manufacturing<\/b><\/span><\/h2>\n<p style=\"text-align: justify;\"><span style=\"font-weight: 400; font-size: 12pt;\">With increasing market demand and fierce competition in the cosmetics industry, finding the optimal solution in terms of cost, time and quality is a top priority for many businesses. Deodorant manufacturing not only helps brands save resources, but also opens up opportunities to develop exclusive products that meet consumer trends and needs. Below are the outstanding benefits of choosing deodorant manufacturing:<\/span><\/p>\n<p style=\"text-align: justify;\"><span style=\"font-weight: 400; font-size: 12pt;\">\u2705 Save costs on research and investment in manufacturing plants<\/span><\/p>\n<p style=\"text-align: justify;\"><span style=\"font-weight: 400; font-size: 12pt;\">\u2705 Optimize time to market<\/span><\/p>\n<p style=\"text-align: justify;\"><span style=\"font-weight: 400; font-size: 12pt;\">\u2705 Flexible customization of formula, packaging, and color according to customer target<\/span><\/p>\n<p style=\"text-align: justify;\"><span style=\"font-weight: 400; font-size: 12pt;\">\u2705 S\u1ea3n ph\u1ea9m \u0111\u1ea3m b\u1ea3o ch\u1ea5t l\u01b0\u1ee3ng \u0111\u1ea1t chu\u1ea9n\u00a0<\/span><\/p>\n<p style=\"text-align: justify;\"><span style=\"font-weight: 400; font-size: 12pt;\">\u2705 Information security, formula, exclusive design<\/span><\/p>\n<p style=\"text-align: justify;\"><span style=\"font-weight: 400; font-size: 12pt;\">\u2705 Full support of legal documents and announcement papers<\/span><\/p>\n<p style=\"text-align: justify;\"><span style=\"font-weight: 400; font-size: 12pt;\">\u2705 Easily test the market with sample products before mass production<\/span><\/p>\n<h2 style=\"text-align: justify;\"><span style=\"font-size: 14pt;\"><b>3. Deodorant manufacturing at Shizencos<\/b><\/span><\/h2>\n<p style=\"text-align: justify;\"><span style=\"font-weight: 400;\">With a modern factory foundation and a team of experienced R&amp;D experts, Shizencos has been and is a strategic partner of hundreds of large and small cosmetic brands nationwide. When choosing to cooperate with Shizencos, businesses not only receive comprehensive production solutions, but also receive in-depth support from the idea generation step to the finished product ready for the market.<\/span><\/p>\n<figure id=\"attachment_11815\" aria-describedby=\"caption-attachment-11815\" style=\"width: 1500px\" class=\"wp-caption aligncenter\"><a href=\"https:\/\/shizencos.com\/wp-content\/uploads\/2024\/10\/2-19.png\"><img decoding=\"async\" class=\"size-full wp-image-11815\" src=\"https:\/\/shizencos.com\/wp-content\/uploads\/2024\/10\/2-19.png\" alt=\"Qu\u00e1 tr\u00ecnh gia c\u00f4ng l\u0103n kh\u1eed m\u00f9i \u0111\u01b0\u1ee3c r\u1ea5t nhi\u1ec1u ng\u01b0\u1eddi t\u00ecm ki\u1ebfm\" width=\"1500\" height=\"600\" title=\"\" srcset=\"https:\/\/shizencos.com\/wp-content\/uploads\/2024\/10\/2-19.png 1500w, https:\/\/shizencos.com\/wp-content\/uploads\/2024\/10\/2-19-150x60.png 150w, https:\/\/shizencos.com\/wp-content\/uploads\/2024\/10\/2-19-18x7.png 18w, https:\/\/shizencos.com\/wp-content\/uploads\/2024\/10\/2-19-300x120.png 300w, https:\/\/shizencos.com\/wp-content\/uploads\/2024\/10\/2-19-768x307.png 768w, https:\/\/shizencos.com\/wp-content\/uploads\/2024\/10\/2-19-1024x410.png 1024w, https:\/\/shizencos.com\/wp-content\/uploads\/2024\/10\/2-19-600x240.png 600w\" sizes=\"(max-width: 1500px) 100vw, 1500px\" \/><\/a><figcaption id=\"caption-attachment-11815\" class=\"wp-caption-text\">The process of manufacturing deodorant is sought after by many people.<\/figcaption><\/figure>\n<h3 style=\"text-align: justify;\"><span style=\"font-size: 14pt;\"><b>3.1 Diverse deodorant formulas<\/b><\/span><\/h3>\n<p style=\"text-align: justify;\"><span style=\"font-weight: 400; font-size: 12pt;\">Each market and target customer group will have different requirements for deodorant products from texture, ingredients to scent. Understanding that, Shizencos provides a rich formula portfolio, easily adjusted according to brand requirements to create a product line with a distinct mark.<\/span><\/p>\n<ul style=\"text-align: justify;\">\n<li style=\"font-weight: 400;\" aria-level=\"1\"><span style=\"font-weight: 400; font-size: 12pt;\">Alcohol-free deodorant, gentle for sensitive skin<\/span><\/li>\n<li style=\"font-weight: 400;\" aria-level=\"1\"><span style=\"font-weight: 400; font-size: 12pt;\">Deodorant with natural scents: mint, lemon, green tea, lavender...<\/span><\/li>\n<li style=\"font-weight: 400;\" aria-level=\"1\"><span style=\"font-weight: 400; font-size: 12pt;\">Deodorant combined with whitening or brightening underarm skin<\/span><\/li>\n<li style=\"font-weight: 400;\" aria-level=\"1\"><span style=\"font-weight: 400; font-size: 12pt;\">Traditional herbal deodorant \u2013 extracted from nature<\/span><\/li>\n<li style=\"font-weight: 400;\" aria-level=\"1\"><span style=\"font-weight: 400; font-size: 12pt;\">Deodorant for men with strong, masculine scent<\/span><\/li>\n<li style=\"font-weight: 400;\" aria-level=\"1\"><span style=\"font-weight: 400; font-size: 12pt;\">Deodorant for women with compact design, light scent<\/span><\/li>\n<li style=\"font-weight: 400;\" aria-level=\"1\"><span style=\"font-weight: 400; font-size: 12pt;\">2in1 product: long lasting deodorant and antiperspirant<\/span><\/li>\n<li style=\"font-weight: 400;\" aria-level=\"1\"><span style=\"font-weight: 400; font-size: 12pt;\">Organic deodorant, paraben free, no artificial fragrances<\/span><\/li>\n<\/ul>\n<p style=\"text-align: justify;\"><span style=\"font-weight: 400; font-size: 12pt;\">All formulas can be developed exclusively according to each brand's individual requirements, ensuring differentiation in the market and optimal safety in use.<\/span><\/p>\n<figure id=\"attachment_11816\" aria-describedby=\"caption-attachment-11816\" style=\"width: 1500px\" class=\"wp-caption aligncenter\"><a href=\"https:\/\/shizencos.com\/wp-content\/uploads\/2024\/10\/3-14.png\"><img decoding=\"async\" class=\"size-full wp-image-11816\" src=\"https:\/\/shizencos.com\/wp-content\/uploads\/2024\/10\/3-14.png\" alt=\"An t\u00e2m khi ch\u1ecdn \u0111\u1ed3ng h\u00e0nh gia c\u00f4ng c\u00f9ng Shizencos t\u1ea1o th\u01b0\u01a1ng hi\u1ec7u\" width=\"1500\" height=\"600\" title=\"\" srcset=\"https:\/\/shizencos.com\/wp-content\/uploads\/2024\/10\/3-14.png 1500w, https:\/\/shizencos.com\/wp-content\/uploads\/2024\/10\/3-14-150x60.png 150w, https:\/\/shizencos.com\/wp-content\/uploads\/2024\/10\/3-14-18x7.png 18w, https:\/\/shizencos.com\/wp-content\/uploads\/2024\/10\/3-14-300x120.png 300w, https:\/\/shizencos.com\/wp-content\/uploads\/2024\/10\/3-14-768x307.png 768w, https:\/\/shizencos.com\/wp-content\/uploads\/2024\/10\/3-14-1024x410.png 1024w, https:\/\/shizencos.com\/wp-content\/uploads\/2024\/10\/3-14-600x240.png 600w\" sizes=\"(max-width: 1500px) 100vw, 1500px\" \/><\/a><figcaption id=\"caption-attachment-11816\" class=\"wp-caption-text\">Peace of mind when choosing to partner with Shizencos to create your brand<\/figcaption><\/figure>\n<h3 style=\"text-align: justify;\"><b><span style=\"font-size: 14pt;\">3.2 Deodorant manufacturing process at Shizencos\u00a0<\/span><\/b><\/h3>\n<p style=\"text-align: justify;\"><span style=\"font-weight: 400; font-size: 12pt;\">To produce a deodorant product that meets quality standards and is suitable for the business orientation of each brand, Shizencos has built a closed - professional - flexible processing process. This is the factor that helps businesses feel secure in developing products, saving time and resources, and at the same time speeding up the process of bringing products to market.<\/span><\/p>\n<p style=\"text-align: justify;\"><span style=\"font-size: 12pt;\"><b>Step 1: <\/b><span style=\"font-weight: 400;\">Contact for consultation \u2013 Listen to requests and advise on appropriate formulas.<\/span><\/span><\/p>\n<p style=\"text-align: justify;\"><span style=\"font-size: 12pt;\"><b>Step 2:<\/b><span style=\"font-weight: 400;\"> Research and Development \u2013 \u200b\u200bR&amp;D team researches and develops optimal formulas.<\/span><\/span><\/p>\n<p style=\"text-align: justify;\"><span style=\"font-size: 12pt;\"><b>Step 3: <\/b><span style=\"font-weight: 400;\">Send samples and adjust \u2013 Provide samples, adjust based on feedback.<\/span><\/span><\/p>\n<p style=\"text-align: justify;\"><span style=\"font-size: 12pt;\"><b>Step 4:<\/b><span style=\"font-weight: 400;\"> Finalize sample and quote \u2013 Confirm final formula, calculate cost<\/span><\/span><\/p>\n<p style=\"text-align: justify;\"><span style=\"font-size: 12pt;\"><b>Step 5:<\/b><span style=\"font-weight: 400;\"> Signing contract and cooperation \u2013 Both parties agree and sign the processing contract.<\/span><\/span><\/p>\n<p style=\"text-align: justify;\"><span style=\"font-size: 12pt;\"><b>Step 6: <\/b><span style=\"font-weight: 400;\">Prepare ingredients and stir the tank <\/span><span style=\"font-weight: 400;\">\u2013<\/span><span style=\"font-weight: 400;\"> \u2013 Import and check the quality of input materials.<\/span><\/span><\/p>\n<p style=\"text-align: justify;\"><span style=\"font-size: 12pt;\"><b>Step 7:<\/b><span style=\"font-weight: 400;\"> Mass production \u2013 Put into production according to GMP standards.<\/span><\/span><\/p>\n<p style=\"text-align: justify;\"><span style=\"font-size: 12pt;\"><b>Step 8: <\/b><span style=\"font-weight: 400;\">Product packaging \u2013 Filling, sealing, labeling according to design.<\/span><\/span><\/p>\n<p style=\"text-align: justify;\"><span style=\"font-size: 12pt;\"><b>Step 9:<\/b><span style=\"font-weight: 400;\"> Delivery and post-production support \u2013 On-time delivery, legal support and business strategy.<\/span><\/span><\/p>\n<h2 style=\"text-align: justify;\"><span style=\"font-size: 14pt;\"><b>Conclude<\/b><\/span><\/h2>\n<p style=\"text-align: justify;\"><span style=\"font-weight: 400; font-size: 12pt;\">Deodorant manufacturing at Shizencos is not just a production cooperation, but also a companionship to build a sustainable brand. From large enterprises to cosmetic startups, Shizencos is always ready to flexibly accompany you according to your needs.<\/span><\/p>\n<p style=\"text-align: justify;\"><span style=\"font-weight: 400; font-size: 12pt;\">Contact Shizencos now to receive detailed advice and propose exclusive deodorant formula ideas for your brand today!<\/span><\/p>","protected":false},"excerpt":{"rendered":"<p><i><span style=\"font-weight: 400;\">Shizencos \u2013 nh\u00e0 m\u00e1y gia c\u00f4ng m\u1ef9 ph\u1ea9m chu\u1ea9n CGMP, chuy\u00ean gia c\u00f4ng l\u0103n kh\u1eed m\u00f9i v\u1edbi c\u00f4ng th\u1ee9c \u0111\u1ed9c quy\u1ec1n. S\u1edf h\u1eefu n\u1ec1n t\u1ea3ng nh\u00e0 m\u00e1y hi\u1ec7n \u0111\u1ea1i c\u00f9ng \u0111\u1ed9i ng\u0169 chuy\u00ean gia R&amp;D d\u00e0y d\u1eb7n kinh nghi\u1ec7m, Shizencos \u0111\u00e3 v\u00e0 \u0111ang l\u00e0 \u0111\u1ed1i t\u00e1c chi\u1ebfn l\u01b0\u1ee3c c\u1ee7a h\u00e0ng tr\u0103m th\u01b0\u01a1ng hi\u1ec7u m\u1ef9 ph\u1ea9m l\u1edbn nh\u1ecf tr\u00ean to\u00e0n qu\u1ed1c.<\/span><\/i><\/p>","protected":false},"featured_media":11562,"comment_status":"open","ping_status":"closed","template":"","meta":[],"product_brand":[],"product_cat":[119],"product_tag":[],"class_list":{"0":"post-11561","1":"product","2":"type-product","3":"status-publish","4":"has-post-thumbnail","6":"product_cat-gia-cong-san-pham-cham-soc-ca-nhan","8":"first","9":"instock","10":"shipping-taxable","11":"product-type-simple"},"_links":{"self":[{"href":"https:\/\/shizencos.com\/en\/wp-json\/wp\/v2\/product\/11561","targetHints":{"allow":["GET"]}}],"collection":[{"href":"https:\/\/shizencos.com\/en\/wp-json\/wp\/v2\/product"}],"about":[{"href":"https:\/\/shizencos.com\/en\/wp-json\/wp\/v2\/types\/product"}],"replies":[{"embeddable":true,"href":"https:\/\/shizencos.com\/en\/wp-json\/wp\/v2\/comments?post=11561"}],"wp:featuredmedia":[{"embeddable":true,"href":"https:\/\/shizencos.com\/en\/wp-json\/wp\/v2\/media\/11562"}],"wp:attachment":[{"href":"https:\/\/shizencos.com\/en\/wp-json\/wp\/v2\/media?parent=11561"}],"wp:term":[{"taxonomy":"product_brand","embeddable":true,"href":"https:\/\/shizencos.com\/en\/wp-json\/wp\/v2\/product_brand?post=11561"},{"taxonomy":"product_cat","embeddable":true,"href":"https:\/\/shizencos.com\/en\/wp-json\/wp\/v2\/product_cat?post=11561"},{"taxonomy":"product_tag","embeddable":true,"href":"https:\/\/shizencos.com\/en\/wp-json\/wp\/v2\/product_tag?post=11561"}],"curies":[{"name":"wp","href":"https:\/\/api.w.org\/{rel}","templated":true}]}}