{"id":11557,"date":"2024-10-25T09:26:31","date_gmt":"2024-10-25T02:26:31","guid":{"rendered":"https:\/\/shizencos.com\/?post_type=product&#038;p=11557"},"modified":"2025-05-26T19:29:28","modified_gmt":"2025-05-26T12:29:28","slug":"gia-cong-duong-vung-kin","status":"publish","type":"product","link":"https:\/\/shizencos.com\/en\/gia-cong-duong-vung-kin\/","title":{"rendered":"Intimate care"},"content":{"rendered":"<p style=\"text-align: justify;\">Shizencos \u2013 nh\u00e0 m\u00e1y \u0111\u1ea1t chu\u1ea9n v\u1edbi d\u00e2y chuy\u1ec1n s\u1ea3n xu\u1ea5t hi\u1ec7n \u0111\u1ea1i, chuy\u00ean gia trong l\u0129nh v\u1ef1c gia c\u00f4ng m\u1ef9 ph\u1ea9m tr\u1ecdn g\u00f3i, mang \u0111\u1ebfn gi\u1ea3i ph\u00e1p gia c\u00f4ng s\u1ea3n ph\u1ea9m ch\u0103m s\u00f3c v\u00f9ng k\u00edn chuy\u00ean nghi\u1ec7p v\u00e0 \u0111\u1ed9c quy\u1ec1n cho spa, ph\u00f2ng kh\u00e1m, th\u01b0\u01a1ng hi\u1ec7u m\u1ef9 ph\u1ea9m v\u00e0 c\u00e1 nh\u00e2n kinh doanh.<\/p>\n<p style=\"text-align: justify;\">Let Shizencos accompany you in building unique products - sophisticated from ingredients to packaging - to elevate your brand in a competitive market.<\/p>\n<h2 style=\"text-align: justify;\"><span style=\"font-size: 14pt;\"><b>1. What is intimate area care?<\/b><\/span><\/h2>\n<p style=\"text-align: justify;\"><span style=\"font-weight: 400; font-family: arial, helvetica, sans-serif; font-size: 12pt;\">Intimate care is a product for sensitive skin in the bikini area - helps brighten skin, moisturize, reduce dark spots, balance pH and prevent infection. With the increasing trend of \"comprehensive care\", this product is gradually becoming a must-have in the spa and personal care industry.<\/span><\/p>\n<p style=\"text-align: justify;\"><span style=\"font-weight: 400; font-family: arial, helvetica, sans-serif; font-size: 12pt;\">Intimate care processing is a service that produces products according to the specific requirements of each brand. From formula development, packaging design to legal documents - all are fully supported by Shizencos. You do not need to invest in a factory, just an idea - we make it all happen!<\/span><\/p>\n<h2 style=\"text-align: justify;\"><strong><span style=\"font-size: 14pt;\">2. Benefits of choosing to manufacture intimate care products<\/span><\/strong><\/h2>\n<p style=\"text-align: justify;\"><span style=\"font-size: 12pt; font-family: arial, helvetica, sans-serif;\">Choosing intimate care product outsourcing services brings many outstanding advantages to cosmetic businesses, especially new brands or companies that want to expand their product portfolio without investing in a manufacturing plant. With the support of professional outsourcing units such as Shizencos, businesses can optimize costs, shorten product launch time and ensure quality according to international standards. Below are the important benefits of intimate care product outsourcing:<\/span><\/p>\n<p style=\"text-align: justify;\"><span style=\"font-size: 12pt; font-family: arial, helvetica, sans-serif;\">\u2705 Flexible and optimal investment costs<\/span><\/p>\n<p style=\"text-align: justify;\"><span style=\"font-size: 12pt; font-family: arial, helvetica, sans-serif;\">\u2705 \u0110\u1ea3m b\u1ea3o ch\u1ea5t l\u01b0\u1ee3ng s\u1ea3n ph\u1ea9m \u0111\u1ea1t chu\u1ea9n<\/span><\/p>\n<p style=\"text-align: justify;\"><span style=\"font-size: 12pt; font-family: arial, helvetica, sans-serif;\">\u2705 High quality input materials<\/span><\/p>\n<p style=\"text-align: justify;\"><span style=\"font-size: 12pt; font-family: arial, helvetica, sans-serif;\">\u2705 Support product registration and inspection<\/span><\/p>\n<p style=\"text-align: justify;\"><span style=\"font-size: 12pt; font-family: arial, helvetica, sans-serif;\">\u2705 Speed \u200b\u200bup product launch time<\/span><\/p>\n<p style=\"text-align: justify;\"><span style=\"font-size: 12pt; font-family: arial, helvetica, sans-serif;\">\u2705 Support packaging design and branding<\/span><\/p>\n<figure id=\"attachment_11817\" aria-describedby=\"caption-attachment-11817\" style=\"width: 1500px\" class=\"wp-caption aligncenter\"><a href=\"https:\/\/shizencos.com\/wp-content\/uploads\/2024\/10\/1-21.png\"><img fetchpriority=\"high\" decoding=\"async\" class=\"size-full wp-image-11817\" src=\"https:\/\/shizencos.com\/wp-content\/uploads\/2024\/10\/1-21.png\" alt=\"Gia c\u00f4ng d\u01b0\u1ee1ng v\u00f9ng k\u00edn hi\u1ec7n kh\u00e1 hot tr\u00ean th\u1ecb tr\u01b0\u1eddng ch\u0103m s\u00f3c l\u00e0m \u0111\u1eb9p\" width=\"1500\" height=\"600\" title=\"\" srcset=\"https:\/\/shizencos.com\/wp-content\/uploads\/2024\/10\/1-21.png 1500w, https:\/\/shizencos.com\/wp-content\/uploads\/2024\/10\/1-21-150x60.png 150w, https:\/\/shizencos.com\/wp-content\/uploads\/2024\/10\/1-21-18x7.png 18w, https:\/\/shizencos.com\/wp-content\/uploads\/2024\/10\/1-21-300x120.png 300w, https:\/\/shizencos.com\/wp-content\/uploads\/2024\/10\/1-21-768x307.png 768w, https:\/\/shizencos.com\/wp-content\/uploads\/2024\/10\/1-21-1024x410.png 1024w, https:\/\/shizencos.com\/wp-content\/uploads\/2024\/10\/1-21-600x240.png 600w\" sizes=\"(max-width: 1500px) 100vw, 1500px\" \/><\/a><figcaption id=\"caption-attachment-11817\" class=\"wp-caption-text\">Intimate care processing is currently quite hot in the beauty care market.<\/figcaption><\/figure>\n<h2 style=\"text-align: justify;\"><span style=\"font-size: 14pt; font-family: arial, helvetica, sans-serif;\"><b>3. Intimate care processing at Shizencos<\/b><\/span><\/h2>\n<p style=\"text-align: justify;\"><span style=\"font-family: arial, helvetica, sans-serif; font-size: 12pt;\">Shizencos l\u00e0 \u0111\u01a1n v\u1ecb gia c\u00f4ng s\u1ea3n ph\u1ea9m ch\u0103m s\u00f3c v\u00f9ng k\u00edn uy t\u00edn t\u1ea1i Vi\u1ec7t Nam, chuy\u00ean cung c\u1ea5p d\u1ecbch v\u1ee5 s\u1ea3n xu\u1ea5t theo t\u1eebng y\u00eau c\u1ea7u ph\u00f9 h\u1ee3p v\u1edbi th\u01b0\u01a1ng hi\u1ec7u c\u1ee7a b\u1ea1n kh\u00f4ng nh\u1eefng v\u1eady, ch\u1ea5t l\u01b0\u1ee3ng s\u1ea3n ph\u1ea9m s\u1ebd lu\u00f4n \u0111\u01b0\u1ee3c \u0111\u1ea3m b\u1ea3o v\u00e0 c\u00f4ng th\u1ee9c \u0111\u1ed9c quy\u1ec1n. V\u1edbi h\u01a1n 15 n\u0103m kinh nghi\u1ec7m trong ng\u00e0nh m\u1ef9 ph\u1ea9m, Shizencos cam k\u1ebft mang \u0111\u1ebfn nh\u1eefng s\u1ea3n ph\u1ea9m ch\u0103m s\u00f3c v\u00f9ng k\u00edn c\u00f3 th\u00e0nh ph\u1ea7n t\u1ef1 nhi\u00ean, an to\u00e0n cho m\u1ecdi lo\u1ea1i da. Quy tr\u00ecnh s\u1ea3n xu\u1ea5t \u0111\u1ea1t chu\u1ea9n hi\u1ec7n \u0111\u1ea1i, \u0111\u1ea3m b\u1ea3o ch\u1ea5t l\u01b0\u1ee3ng v\u00e0 hi\u1ec7u qu\u1ea3 t\u1ed1i \u01b0u.<\/span><\/p>\n<p style=\"text-align: justify;\"><span style=\"font-family: arial, helvetica, sans-serif; font-size: 12pt;\">Shizencos also supports customers in packaging design, product declaration and quality inspection services. We help your brand quickly bring products to market with core values \u200b\u200bof quality, reputation and creativity.<\/span><\/p>\n<p style=\"text-align: justify;\"><span style=\"font-size: 14pt; font-family: arial, helvetica, sans-serif;\"><b>3.1 Popular intimate care lines at Shizencos<\/b><\/span><\/p>\n<ul style=\"text-align: justify;\">\n<li style=\"font-weight: 400;\" aria-level=\"1\"><span style=\"font-weight: 400; font-size: 12pt; font-family: arial, helvetica, sans-serif;\">Brightening - reducing dark spots in private areas<\/span><\/li>\n<li style=\"font-weight: 400;\" aria-level=\"1\"><span style=\"font-weight: 400; font-size: 12pt; font-family: arial, helvetica, sans-serif;\">Deeply moisturizing \u2013 natural pH balance<\/span><\/li>\n<li style=\"font-weight: 400;\" aria-level=\"1\"><span style=\"font-weight: 400; font-size: 12pt; font-family: arial, helvetica, sans-serif;\">Soothes \u2013 prevents inflammation and irritation after hair removal<\/span><\/li>\n<li style=\"font-weight: 400;\" aria-level=\"1\"><span style=\"font-weight: 400; font-size: 12pt; font-family: arial, helvetica, sans-serif;\">Organic intimate care \u2013 natural extracts safe for sensitive skin<\/span><\/li>\n<li style=\"font-weight: 400;\" aria-level=\"1\"><span style=\"font-weight: 400; font-size: 12pt; font-family: arial, helvetica, sans-serif;\">Gel \u2013 serum \u2013 intimate cream with many different bases: non-greasy, fast absorbing, gentle<\/span><\/li>\n<\/ul>\n<p style=\"text-align: justify;\"><span style=\"font-family: arial, helvetica, sans-serif; font-size: 12pt;\">Shizencos is committed to developing intimate care formulas that are in line with market trends and needs, making it easy for your brand to build its brand with high-quality intimate care products.<\/span>.<\/p>\n<h3 style=\"text-align: justify;\"><span style=\"font-size: 14pt;\"><strong><span style=\"font-family: arial, helvetica, sans-serif;\">3.2 Processing process of intimate care products at Shizencos<\/span><\/strong><\/span><\/h3>\n<p style=\"text-align: justify;\"><span style=\"font-size: 12pt; font-family: arial, helvetica, sans-serif;\">At Shizencos, the intimate care product manufacturing process is carried out in a closed and strict manner. We are committed to providing safe, effective products that are suitable for the specific needs of each brand. Below are 9 steps in the intimate care product manufacturing process at Shizencos:<\/span><\/p>\n<p style=\"text-align: justify;\"><span style=\"font-size: 12pt; font-family: arial, helvetica, sans-serif;\"><strong>Step 1:<\/strong> Contact for consultation \u2013 Listen to requests and advise on appropriate formulas.<\/span><\/p>\n<p style=\"text-align: justify;\"><span style=\"font-size: 12pt; font-family: arial, helvetica, sans-serif;\"><strong>Step 2:<\/strong> Research and Development \u2013 \u200b\u200bR&amp;D team researches and develops optimal formulas.<\/span><\/p>\n<p style=\"text-align: justify;\"><span style=\"font-size: 12pt; font-family: arial, helvetica, sans-serif;\"><strong>Step 3:<\/strong> Send samples and adjust \u2013 Provide samples, adjust based on feedback.<\/span><\/p>\n<p style=\"text-align: justify;\"><span style=\"font-size: 12pt; font-family: arial, helvetica, sans-serif;\"><strong>Step 4:<\/strong> Finalize sample and quote \u2013 Confirm final formula, calculate cost<\/span><\/p>\n<p style=\"text-align: justify;\"><span style=\"font-size: 12pt; font-family: arial, helvetica, sans-serif;\"><strong>Step 5:<\/strong> Signing contract and cooperation \u2013 Both parties agree and sign the processing contract.<\/span><\/p>\n<p style=\"text-align: justify;\"><span style=\"font-size: 12pt; font-family: arial, helvetica, sans-serif;\"><strong>Step 6:<\/strong> Chu\u1ea9n b\u1ecb nguy\u00ean li\u1ec7u v\u00e0 khu\u1ea5y b\u1ed3n \u2013 Nh\u1eadp kh\u1ea9u v\u00e0 ki\u1ec3m \u0111\u1ecbnh ch\u1ea5t l\u01b0\u1ee3ng nguy\u00ean li\u1ec7u \u0111\u1ea7u v\u00e0o.<\/span><\/p>\n<p style=\"text-align: justify;\"><span style=\"font-size: 12pt; font-family: arial, helvetica, sans-serif;\"><strong>Step 7:<\/strong> S\u1ea3n xu\u1ea5t h\u00e0ng lo\u1ea1t \u2013 \u0110\u01b0a v\u00e0o s\u1ea3n xu\u1ea5t theo ti\u00eau chu\u1ea9n GMP.<\/span><\/p>\n<p style=\"text-align: justify;\"><span style=\"font-size: 12pt; font-family: arial, helvetica, sans-serif;\"><strong>Step 8:<\/strong> Product packaging \u2013 Filling, sealing, labeling according to design.<\/span><\/p>\n<p style=\"text-align: justify;\"><span style=\"font-size: 12pt; font-family: arial, helvetica, sans-serif;\"><strong>Step 9:<\/strong> Delivery and post-production support \u2013 On-time delivery, legal support and business strategy.<\/span><\/p>\n<p style=\"text-align: justify;\"><span style=\"font-size: 12pt; font-family: arial, helvetica, sans-serif;\">Shizencos is committed to providing high quality products, helping businesses launch to the market quickly!<\/span><\/p>\n<figure id=\"attachment_11819\" aria-describedby=\"caption-attachment-11819\" style=\"width: 1500px\" class=\"wp-caption aligncenter\"><a href=\"https:\/\/shizencos.com\/wp-content\/uploads\/2024\/10\/3-15.png\"><img decoding=\"async\" class=\"size-full wp-image-11819\" src=\"https:\/\/shizencos.com\/wp-content\/uploads\/2024\/10\/3-15.png\" alt=\"H\u1ee3p t\u00e1c c\u00f9ng Shizencos \u0111\u1ec3 c\u00f3 \u0111\u01b0\u1ee3c th\u01b0\u01a1ng hi\u1ec7u m\u1ef9 ph\u1ea9m \u0111\u1ed9c quy\u1ec1n\" width=\"1500\" height=\"600\" title=\"\" srcset=\"https:\/\/shizencos.com\/wp-content\/uploads\/2024\/10\/3-15.png 1500w, https:\/\/shizencos.com\/wp-content\/uploads\/2024\/10\/3-15-150x60.png 150w, https:\/\/shizencos.com\/wp-content\/uploads\/2024\/10\/3-15-18x7.png 18w, https:\/\/shizencos.com\/wp-content\/uploads\/2024\/10\/3-15-300x120.png 300w, https:\/\/shizencos.com\/wp-content\/uploads\/2024\/10\/3-15-768x307.png 768w, https:\/\/shizencos.com\/wp-content\/uploads\/2024\/10\/3-15-1024x410.png 1024w, https:\/\/shizencos.com\/wp-content\/uploads\/2024\/10\/3-15-600x240.png 600w\" sizes=\"(max-width: 1500px) 100vw, 1500px\" \/><\/a><figcaption id=\"caption-attachment-11819\" class=\"wp-caption-text\">Cooperate with Shizencos to get exclusive cosmetic brand<\/figcaption><\/figure>\n<h2 style=\"text-align: justify;\"><span style=\"font-size: 14pt;\"><b>Conclude<\/b><\/span><\/h2>\n<p style=\"text-align: justify;\"><span style=\"font-weight: 400; font-family: arial, helvetica, sans-serif; font-size: 12pt;\">Intimate care is a potential segment that has not been fully exploited in Vietnam. With the growing trend of safe and sophisticated beauty, this is the ideal time for you to launch your own products and make your mark on the market. With diverse formulas, professional production processes and support from A to Z, Shizencos helps you realize your cosmetic business ideas easily and effectively.<\/span><\/p>","protected":false},"excerpt":{"rendered":"<p>Chuy\u00ean gia trong l\u0129nh v\u1ef1c gia c\u00f4ng m\u1ef9 ph\u1ea9m tr\u1ecdn g\u00f3i, mang \u0111\u1ebfn gi\u1ea3i ph\u00e1p gia c\u00f4ng s\u1ea3n ph\u1ea9m ch\u0103m s\u00f3c v\u00f9ng k\u00edn chuy\u00ean nghi\u1ec7p v\u00e0 \u0111\u1ed9c quy\u1ec1n cho spa, ph\u00f2ng kh\u00e1m, th\u01b0\u01a1ng hi\u1ec7u m\u1ef9 ph\u1ea9m v\u00e0 c\u00e1 nh\u00e2n kinh doanh.<\/p>","protected":false},"featured_media":11559,"comment_status":"open","ping_status":"closed","template":"","meta":[],"product_brand":[],"product_cat":[119],"product_tag":[],"class_list":{"0":"post-11557","1":"product","2":"type-product","3":"status-publish","4":"has-post-thumbnail","6":"product_cat-gia-cong-san-pham-cham-soc-ca-nhan","8":"first","9":"instock","10":"shipping-taxable","11":"product-type-simple"},"_links":{"self":[{"href":"https:\/\/shizencos.com\/en\/wp-json\/wp\/v2\/product\/11557","targetHints":{"allow":["GET"]}}],"collection":[{"href":"https:\/\/shizencos.com\/en\/wp-json\/wp\/v2\/product"}],"about":[{"href":"https:\/\/shizencos.com\/en\/wp-json\/wp\/v2\/types\/product"}],"replies":[{"embeddable":true,"href":"https:\/\/shizencos.com\/en\/wp-json\/wp\/v2\/comments?post=11557"}],"wp:featuredmedia":[{"embeddable":true,"href":"https:\/\/shizencos.com\/en\/wp-json\/wp\/v2\/media\/11559"}],"wp:attachment":[{"href":"https:\/\/shizencos.com\/en\/wp-json\/wp\/v2\/media?parent=11557"}],"wp:term":[{"taxonomy":"product_brand","embeddable":true,"href":"https:\/\/shizencos.com\/en\/wp-json\/wp\/v2\/product_brand?post=11557"},{"taxonomy":"product_cat","embeddable":true,"href":"https:\/\/shizencos.com\/en\/wp-json\/wp\/v2\/product_cat?post=11557"},{"taxonomy":"product_tag","embeddable":true,"href":"https:\/\/shizencos.com\/en\/wp-json\/wp\/v2\/product_tag?post=11557"}],"curies":[{"name":"wp","href":"https:\/\/api.w.org\/{rel}","templated":true}]}}