{"id":11535,"date":"2024-10-24T14:56:42","date_gmt":"2024-10-24T07:56:42","guid":{"rendered":"https:\/\/shizencos.com\/?post_type=product&#038;p=11535"},"modified":"2025-05-26T18:56:59","modified_gmt":"2025-05-26T11:56:59","slug":"gia-cong-body-oil","status":"publish","type":"product","link":"https:\/\/shizencos.com\/en\/gia-cong-body-oil\/","title":{"rendered":"Processing body oil"},"content":{"rendered":"<p style=\"text-align: justify;\"><i><span style=\"font-weight: 400;\">Are you looking for quality body oil processing service? Shizencos will bring you a complete solution - with diverse formulas, natural extracts, design &amp; legal support. Turn your idea into a hot product on the market!<\/span><\/i><\/p>\n<p style=\"text-align: justify;\"><span style=\"font-weight: 400;\">B\u00e0i vi\u1ebft d\u01b0\u1edbi \u0111\u00e2y, Shizencos s\u1ebd gi\u00fap b\u1ea1n hi\u1ec3u r\u00f5 h\u01a1n v\u1ec1 gia c\u00f4ng body oil, nhu c\u1ea7u th\u1ecb tr\u01b0\u1eddng, l\u1ee3i \u00edch khi l\u1ef1a ch\u1ecdn d\u1ecbch v\u1ee5 n\u00e0y v\u00e0 quy tr\u00ecnh s\u1ea3n xu\u1ea5t t\u1ea1i kh\u00e9p k\u00edn.<\/span><\/p>\n<h2 style=\"text-align: justify;\"><span style=\"font-size: 14pt;\"><b>1. What is body oil processing?<\/b><\/span><\/h2>\n<p style=\"text-align: justify;\"><span style=\"font-size: 12pt; font-family: arial, helvetica, sans-serif;\"><b>Body oil<\/b><span style=\"font-weight: 400;\"> is an oil-based body lotion with a light texture, easily absorbed, deeply moisturizing and nourishing soft skin. The main ingredients are often natural oils such as jojoba oil, almond oil, argan oil, etc. to help protect the skin barrier, brighten and increase elasticity. In addition to moisturizing, body oil is also popular in spa treatments, massage and intensive skin care.<\/span><\/span><\/p>\n<p style=\"text-align: justify;\"><span style=\"font-size: 12pt; font-family: arial, helvetica, sans-serif;\"><b>Body oil processing is<\/b><span style=\"font-weight: 400;\"> The optimal solution helps cosmetic brands develop specialized products without investing in factories or production lines. Businesses can flexibly choose formulas, ingredients and packaging designs to create products with their own mark, while ensuring quality and legal standards when choosing to cooperate with reputable processing units such as Shizencos.\u00a0<\/span><\/span><\/p>\n<p style=\"text-align: justify;\"><span style=\"font-size: 12pt; font-family: arial, helvetica, sans-serif;\"><span style=\"font-weight: 400;\">Nowadays, Body oil is becoming <\/span><i><span style=\"font-weight: 400;\">skin care trends<\/span><\/i><span style=\"font-weight: 400;\"> as more and more people are interested in moisturizing and protecting their skin. Not only beauty enthusiasts who love smooth skin, but also spas and beauty salons consider body oil an indispensable product in their care and relaxation massage treatments. With strong development potential, body oil processing is an ideal solution for cosmetic brands and beauty establishments to expand their product portfolio, anticipate market trends and enhance their competitive advantage.<\/span><\/span><\/p>\n<figure id=\"attachment_11706\" aria-describedby=\"caption-attachment-11706\" style=\"width: 1500px\" class=\"wp-caption aligncenter\"><a href=\"https:\/\/shizencos.com\/wp-content\/uploads\/2024\/10\/1-4.png\"><img fetchpriority=\"high\" decoding=\"async\" class=\"size-full wp-image-11706\" src=\"https:\/\/shizencos.com\/wp-content\/uploads\/2024\/10\/1-4.png\" alt=\"Gia c\u00f4ng body oil th\u1ecbnh h\u00e0nh tr\u00ean th\u1ecb tr\u01b0\u1eddng 2024\" width=\"1500\" height=\"600\" title=\"\" srcset=\"https:\/\/shizencos.com\/wp-content\/uploads\/2024\/10\/1-4.png 1500w, https:\/\/shizencos.com\/wp-content\/uploads\/2024\/10\/1-4-150x60.png 150w, https:\/\/shizencos.com\/wp-content\/uploads\/2024\/10\/1-4-18x7.png 18w, https:\/\/shizencos.com\/wp-content\/uploads\/2024\/10\/1-4-300x120.png 300w, https:\/\/shizencos.com\/wp-content\/uploads\/2024\/10\/1-4-768x307.png 768w, https:\/\/shizencos.com\/wp-content\/uploads\/2024\/10\/1-4-1024x410.png 1024w, https:\/\/shizencos.com\/wp-content\/uploads\/2024\/10\/1-4-600x240.png 600w\" sizes=\"(max-width: 1500px) 100vw, 1500px\" \/><\/a><figcaption id=\"caption-attachment-11706\" class=\"wp-caption-text\"><em>Body oil processing is popular in the market<\/em><\/figcaption><\/figure>\n<h2 style=\"text-align: justify;\"><span style=\"font-size: 14pt;\"><b>2. Benefits of choosing body oil processing<\/b><\/span><\/h2>\n<p style=\"text-align: justify;\"><span style=\"font-weight: 400; font-size: 12pt; font-family: arial, helvetica, sans-serif;\">Cooperating with a professional processing unit will help businesses not only optimize costs, ensure quality but also speed up the process of bringing products to market. Here are the specific benefits:<\/span><\/p>\n<p style=\"text-align: justify;\"><span style=\"font-weight: 400; font-size: 12pt; font-family: arial, helvetica, sans-serif;\">\u2705 Businesses do not need to invest in factories, equipment or production personnel<\/span><\/p>\n<p style=\"text-align: justify;\"><span style=\"font-weight: 400; font-size: 12pt; font-family: arial, helvetica, sans-serif;\">\u2705 Developed with exclusive formula, flexible according to needs<\/span><\/p>\n<p style=\"text-align: justify;\"><span style=\"font-weight: 400; font-size: 12pt; font-family: arial, helvetica, sans-serif;\">\u2705 Ensure product quality meets market demand<\/span><\/p>\n<p style=\"text-align: justify;\"><span style=\"font-weight: 400; font-size: 12pt; font-family: arial, helvetica, sans-serif;\">\u2705 Full support for legal documents, product declaration and quality inspection<\/span><\/p>\n<p style=\"text-align: justify;\"><span style=\"font-weight: 400; font-size: 12pt; font-family: arial, helvetica, sans-serif;\">\u2705 Supported in packaging design and branding<\/span><\/p>\n<h2 style=\"text-align: justify;\"><span style=\"font-size: 14pt;\"><b>3. Body oil processing at Shizencos<\/b><\/span><\/h2>\n<p style=\"text-align: justify;\"><span style=\"font-weight: 400;\">Choosing a reputable manufacturing unit is an important factor to ensure that the product meets quality standards and is competitive in the market. With experience in the cosmetic manufacturing industry, Shizencos is a reliable partner to help realize the ideas of brands in a professional manner.<\/span><\/p>\n<h3 style=\"text-align: justify;\"><span style=\"font-size: 14pt;\"><b>3.1 Diverse body oil formulas<\/b><\/span><\/h3>\n<p style=\"text-align: justify;\"><span style=\"font-weight: 400; font-size: 12pt;\">In the current market, body oil is developed with many different formulas to meet the needs of intensive skin care. At Shizencos, we bring optimal formulas to help businesses create products that suit customer tastes:<\/span><\/p>\n<ul style=\"text-align: justify;\">\n<li style=\"font-weight: 400;\" aria-level=\"1\"><span style=\"font-size: 12pt;\"><b>Deep moisturizing body oil<\/b><span style=\"font-weight: 400;\">: The formula contains jojoba oil, almond oil and vitamin E to provide superior moisture, nourish soft skin and prevent dryness.<\/span><\/span><\/li>\n<li style=\"font-weight: 400;\" aria-level=\"1\"><span style=\"font-size: 12pt;\"><b>Body oil brightens skin<\/b><span style=\"font-weight: 400;\">: Combines vitamin C, niacinamide and natural extracts to help improve skin pigmentation, giving radiant skin.<\/span><\/span><\/li>\n<li style=\"font-weight: 400;\" aria-level=\"1\"><span style=\"font-size: 12pt;\"><b>Anti-aging body oil<\/b><span style=\"font-weight: 400;\">: Formula containing collagen, retinol and natural essential oils helps regenerate skin, reduce wrinkles and increase elasticity.<\/span><\/span><\/li>\n<li style=\"font-weight: 400;\" aria-level=\"1\"><span style=\"font-size: 12pt;\"><b>Body oil relaxes &amp; reduces stress<\/b><span style=\"font-weight: 400;\">: A blend of lavender, peppermint and tea tree essential oils helps relax the mind, reduce stress and bring a feeling of comfort.<\/span><\/span><\/li>\n<li style=\"font-weight: 400;\" aria-level=\"1\"><span style=\"font-size: 12pt;\"><b>Body oil for sun protection &amp; skin restoration<\/b><span style=\"font-weight: 400;\">: The formula contains added SPF to help protect skin from harmful UV rays, while the restorative oil helps soothe skin after sun exposure.<\/span><\/span><\/li>\n<\/ul>\n<figure id=\"attachment_11707\" aria-describedby=\"caption-attachment-11707\" style=\"width: 1500px\" class=\"wp-caption aligncenter\"><a href=\"https:\/\/shizencos.com\/wp-content\/uploads\/2024\/10\/2-4.png\"><img decoding=\"async\" class=\"size-full wp-image-11707\" src=\"https:\/\/shizencos.com\/wp-content\/uploads\/2024\/10\/2-4.png\" alt=\"M\u1eabu c\u00f4ng th\u1ee9c gia c\u00f4ng body oil \u0111a d\u1ea1ng\" width=\"1500\" height=\"600\" title=\"\" srcset=\"https:\/\/shizencos.com\/wp-content\/uploads\/2024\/10\/2-4.png 1500w, https:\/\/shizencos.com\/wp-content\/uploads\/2024\/10\/2-4-150x60.png 150w, https:\/\/shizencos.com\/wp-content\/uploads\/2024\/10\/2-4-18x7.png 18w, https:\/\/shizencos.com\/wp-content\/uploads\/2024\/10\/2-4-300x120.png 300w, https:\/\/shizencos.com\/wp-content\/uploads\/2024\/10\/2-4-768x307.png 768w, https:\/\/shizencos.com\/wp-content\/uploads\/2024\/10\/2-4-1024x410.png 1024w, https:\/\/shizencos.com\/wp-content\/uploads\/2024\/10\/2-4-600x240.png 600w\" sizes=\"(max-width: 1500px) 100vw, 1500px\" \/><\/a><figcaption id=\"caption-attachment-11707\" class=\"wp-caption-text\"><em>Sample formula for making various body oil<\/em><\/figcaption><\/figure>\n<h3 style=\"text-align: justify;\"><span style=\"font-size: 14pt;\"><b>3.2 Body oil processing process at Shizencos\u00a0<\/b><\/span><\/h3>\n<p style=\"text-align: justify;\"><span style=\"font-weight: 400; font-size: 12pt;\">To create a quality body oil product, the manufacturing process needs to be carried out methodically and professionally. At Shizencos, we apply a standardized process, ensuring that each step meets the strictest standards:<\/span><\/p>\n<p style=\"text-align: justify;\"><span style=\"font-size: 12pt;\"><b>Step 1: <\/b><span style=\"font-weight: 400;\">Contact for consultation \u2013 Listen to requests and advise on appropriate formulas.<\/span><\/span><\/p>\n<p style=\"text-align: justify;\"><span style=\"font-size: 12pt;\"><b>Step 2:<\/b><span style=\"font-weight: 400;\"> Research and Development \u2013 \u200b\u200bR&amp;D team researches and develops optimal formulas.<\/span><\/span><\/p>\n<p style=\"text-align: justify;\"><span style=\"font-size: 12pt;\"><b>Step 3: <\/b><span style=\"font-weight: 400;\">Send samples and adjust \u2013 Provide samples, adjust based on feedback.<\/span><\/span><\/p>\n<p style=\"text-align: justify;\"><span style=\"font-size: 12pt;\"><b>Step 4:<\/b><span style=\"font-weight: 400;\"> Finalize sample and quote \u2013 Confirm final formula, calculate cost<\/span><\/span><\/p>\n<p style=\"text-align: justify;\"><span style=\"font-size: 12pt;\"><b>Step 5:<\/b><span style=\"font-weight: 400;\"> Signing contract and cooperation \u2013 Both parties agree and sign the processing contract.<\/span><\/span><\/p>\n<p style=\"text-align: justify;\"><span style=\"font-size: 12pt;\"><b>Step 6: <\/b><span style=\"font-weight: 400;\">Prepare ingredients and stir the tank <\/span><span style=\"font-weight: 400;\">\u2013<\/span><span style=\"font-weight: 400;\"> \u2013 Import and check the quality of input materials.<\/span><\/span><\/p>\n<p style=\"text-align: justify;\"><span style=\"font-size: 12pt;\"><b>Step 7:<\/b><span style=\"font-weight: 400;\"> Mass production \u2013 Put into production according to GMP standards.<\/span><\/span><\/p>\n<p style=\"text-align: justify;\"><span style=\"font-size: 12pt;\"><b>Step 8: <\/b><span style=\"font-weight: 400;\">Product packaging \u2013 Filling, sealing, labeling according to design.<\/span><\/span><\/p>\n<p style=\"text-align: justify;\"><span style=\"font-size: 12pt;\"><b>Step 9:<\/b><span style=\"font-weight: 400;\"> Delivery and post-production support \u2013 On-time delivery, legal support and business strategy.<\/span><\/span><\/p>\n<figure id=\"attachment_11708\" aria-describedby=\"caption-attachment-11708\" style=\"width: 1500px\" class=\"wp-caption aligncenter\"><a href=\"https:\/\/shizencos.com\/wp-content\/uploads\/2024\/10\/3-4.png\"><img decoding=\"async\" class=\"size-full wp-image-11708\" src=\"https:\/\/shizencos.com\/wp-content\/uploads\/2024\/10\/3-4.png\" alt=\"Gia c\u00f4ng body oil c\u00f9ng Shizencos x\u00e2y d\u1ef1ng th\u01b0\u01a1ng hi\u1ec7u\" width=\"1500\" height=\"600\" title=\"\" srcset=\"https:\/\/shizencos.com\/wp-content\/uploads\/2024\/10\/3-4.png 1500w, https:\/\/shizencos.com\/wp-content\/uploads\/2024\/10\/3-4-150x60.png 150w, https:\/\/shizencos.com\/wp-content\/uploads\/2024\/10\/3-4-18x7.png 18w, https:\/\/shizencos.com\/wp-content\/uploads\/2024\/10\/3-4-300x120.png 300w, https:\/\/shizencos.com\/wp-content\/uploads\/2024\/10\/3-4-768x307.png 768w, https:\/\/shizencos.com\/wp-content\/uploads\/2024\/10\/3-4-1024x410.png 1024w, https:\/\/shizencos.com\/wp-content\/uploads\/2024\/10\/3-4-600x240.png 600w\" sizes=\"(max-width: 1500px) 100vw, 1500px\" \/><\/a><figcaption id=\"caption-attachment-11708\" class=\"wp-caption-text\">Body oil processing with Shizencos to build brand<\/figcaption><\/figure>\n<h2 style=\"text-align: justify;\"><span style=\"font-size: 14pt;\"><b>Conclude<\/b><\/span><\/h2>\n<p style=\"text-align: justify;\"><span style=\"font-weight: 400; font-size: 12pt;\">Shizencos not only provides quality body oil processing services but also accompanies businesses throughout the process of building cosmetic brands. With flexible formulas, standardized processes and comprehensive support services, we are committed to providing optimal solutions to help customers develop successful products. Contact Shizencos now to start your professional cosmetic business journey!<\/span><\/p>","protected":false},"excerpt":{"rendered":"<p><b>Body oil processing is<\/b><span style=\"font-weight: 400;\"> gi\u1ea3i ph\u00e1p t\u1ed1i \u01b0u gi\u00fap c\u00e1c th\u01b0\u01a1ng hi\u1ec7u m\u1ef9 ph\u1ea9m ph\u00e1t tri\u1ec3n s\u1ea3n ph\u1ea9m chuy\u00ean bi\u1ec7t m\u00e0 kh\u00f4ng c\u1ea7n \u0111\u1ea7u t\u01b0 nh\u00e0 m\u00e1y hay d\u00e2y chuy\u1ec1n s\u1ea3n xu\u1ea5t. Doanh nghi\u1ec7p c\u00f3 th\u1ec3 linh ho\u1ea1t l\u1ef1a ch\u1ecdn c\u00f4ng th\u1ee9c, nguy\u00ean li\u1ec7u v\u00e0 thi\u1ebft k\u1ebf bao b\u00ec.<\/span><\/p>","protected":false},"featured_media":11924,"comment_status":"open","ping_status":"closed","template":"","meta":[],"product_brand":[],"product_cat":[120],"product_tag":[],"class_list":{"0":"post-11535","1":"product","2":"type-product","3":"status-publish","4":"has-post-thumbnail","6":"product_cat-gia-cong-san-pham-cham-soc-body","8":"first","9":"instock","10":"shipping-taxable","11":"product-type-simple"},"_links":{"self":[{"href":"https:\/\/shizencos.com\/en\/wp-json\/wp\/v2\/product\/11535","targetHints":{"allow":["GET"]}}],"collection":[{"href":"https:\/\/shizencos.com\/en\/wp-json\/wp\/v2\/product"}],"about":[{"href":"https:\/\/shizencos.com\/en\/wp-json\/wp\/v2\/types\/product"}],"replies":[{"embeddable":true,"href":"https:\/\/shizencos.com\/en\/wp-json\/wp\/v2\/comments?post=11535"}],"wp:featuredmedia":[{"embeddable":true,"href":"https:\/\/shizencos.com\/en\/wp-json\/wp\/v2\/media\/11924"}],"wp:attachment":[{"href":"https:\/\/shizencos.com\/en\/wp-json\/wp\/v2\/media?parent=11535"}],"wp:term":[{"taxonomy":"product_brand","embeddable":true,"href":"https:\/\/shizencos.com\/en\/wp-json\/wp\/v2\/product_brand?post=11535"},{"taxonomy":"product_cat","embeddable":true,"href":"https:\/\/shizencos.com\/en\/wp-json\/wp\/v2\/product_cat?post=11535"},{"taxonomy":"product_tag","embeddable":true,"href":"https:\/\/shizencos.com\/en\/wp-json\/wp\/v2\/product_tag?post=11535"}],"curies":[{"name":"wp","href":"https:\/\/api.w.org\/{rel}","templated":true}]}}