{"id":11533,"date":"2024-10-24T14:55:28","date_gmt":"2024-10-24T07:55:28","guid":{"rendered":"https:\/\/shizencos.com\/?post_type=product&#038;p=11533"},"modified":"2025-05-26T18:55:31","modified_gmt":"2025-05-26T11:55:31","slug":"gia-cong-tay-te-bao-da-body","status":"publish","type":"product","link":"https:\/\/shizencos.com\/en\/gia-cong-tay-te-bao-da-body\/","title":{"rendered":"Body scrub processing"},"content":{"rendered":"<p style=\"text-align: justify;\"><i><span style=\"font-weight: 400;\">Gia c\u00f4ng t\u1ea9y t\u1ebf b\u00e0o ch\u1ebft body t\u1ea1i Shizencos \u2013 S\u1ea3n xu\u1ea5t m\u1ef9 ph\u1ea9m theo y\u00eau c\u1ea7u v\u1edbi h\u01a1n 3000 c\u00f4ng th\u1ee9c \u0111\u1ed9c quy\u1ec1n, thi\u1ebft k\u1ebf bao b\u00ec xu h\u01b0\u1edbng. H\u1ed7 tr\u1ee3 tr\u1ecdn g\u00f3i t\u1eeb c\u00f4ng th\u1ee9c, bao b\u00ec \u0111\u1ebfn gi\u1ea5y t\u1edd ph\u00e1p l\u00fd. Nh\u1eadn ngay m\u1eabu th\u1eed mi\u1ec5n ph\u00ed v\u00e0 t\u01b0 v\u1ea5n chuy\u00ean s\u00e2u! T\u00ecm hi\u1ec3u ngay b\u00e0i vi\u1ebft b\u00ean d\u01b0\u1edbi!<\/span><\/i><\/p>\n<h2 style=\"text-align: justify;\"><span style=\"font-size: 14pt; font-family: arial, helvetica, sans-serif;\"><b>1. What is body scrub processing?<\/b><\/span><\/h2>\n<p style=\"text-align: justify;\"><span style=\"font-size: 12pt; font-family: arial, helvetica, sans-serif;\"><b>Body scrub is<\/b><span style=\"font-weight: 400;\"> An important step in the skin care process, it helps remove dead skin cells accumulated on the skin's surface, deeply cleans pores and stimulates the regeneration of new cells. Exfoliation helps the skin become smooth, bright and healthy and better absorbs nutrients from moisturizers.\u00a0<\/span><\/span><\/p>\n<p style=\"text-align: justify;\"><span style=\"font-size: 12pt; font-family: arial, helvetica, sans-serif;\"><b>Body scrub processing<\/b><span style=\"font-weight: 400;\"> is a service that produces exfoliating products according to the requirements of cosmetic brands, from formula research, testing, production to packaging and legal document support. Businesses can choose unique formulas, design exclusive packaging and ensure products meet high quality standards.<\/span><\/span><\/p>\n<p style=\"text-align: justify;\"><span style=\"font-weight: 400; font-size: 12pt; font-family: arial, helvetica, sans-serif;\">The trend of consuming cosmetics today not only focuses on skin care but also pays special attention to cleaning and regenerating the skin from deep within. Body exfoliating products are becoming an indispensable choice in customers' skin care routine, helping to improve skin texture, smooth and increase the absorption of nutrients. For cosmetics businesses, this is a potential product line, easily reaching consumers and creating brand value.<\/span><\/p>\n<p style=\"text-align: justify;\"><span style=\"font-weight: 400; font-size: 12pt; font-family: arial, helvetica, sans-serif;\">At Shizencos, we provide a complete processing service with more than 3000 tested formulas, ensuring to bring quality products to meet market needs.<\/span><\/p>\n<figure id=\"attachment_11710\" aria-describedby=\"caption-attachment-11710\" style=\"width: 1500px\" class=\"wp-caption aligncenter\"><a href=\"https:\/\/shizencos.com\/wp-content\/uploads\/2024\/10\/1-5.png\"><img fetchpriority=\"high\" decoding=\"async\" class=\"size-full wp-image-11710\" src=\"https:\/\/shizencos.com\/wp-content\/uploads\/2024\/10\/1-5.png\" alt=\"\u01afu \u0111i\u1ec3m khi d\u00f9ng s\u1ea3n ph\u1ea9m gia c\u00f4ng t\u1ea9y t\u1ebf b\u00e0o body\" width=\"1500\" height=\"600\" title=\"\" srcset=\"https:\/\/shizencos.com\/wp-content\/uploads\/2024\/10\/1-5.png 1500w, https:\/\/shizencos.com\/wp-content\/uploads\/2024\/10\/1-5-150x60.png 150w, https:\/\/shizencos.com\/wp-content\/uploads\/2024\/10\/1-5-18x7.png 18w, https:\/\/shizencos.com\/wp-content\/uploads\/2024\/10\/1-5-300x120.png 300w, https:\/\/shizencos.com\/wp-content\/uploads\/2024\/10\/1-5-768x307.png 768w, https:\/\/shizencos.com\/wp-content\/uploads\/2024\/10\/1-5-1024x410.png 1024w, https:\/\/shizencos.com\/wp-content\/uploads\/2024\/10\/1-5-600x240.png 600w\" sizes=\"(max-width: 1500px) 100vw, 1500px\" \/><\/a><figcaption id=\"caption-attachment-11710\" class=\"wp-caption-text\"><em>Advantages of using body scrub products<\/em><\/figcaption><\/figure>\n<p style=\"text-align: justify;\"><span style=\"font-size: 14pt; font-family: arial, helvetica, sans-serif;\"><b>2. Benefits of choosing body scrub processing<\/b><\/span><\/p>\n<p style=\"text-align: justify;\"><span style=\"font-weight: 400; font-size: 12pt; font-family: arial, helvetica, sans-serif;\">The cosmetics market is increasingly competitive, requiring businesses to not only provide quality products but also optimize costs and time. Instead of investing in production with complex processes, choosing outsourcing services helps businesses focus on building brands and expanding sales channels. Here are some outstanding benefits:<\/span><\/p>\n<p style=\"text-align: justify;\"><span style=\"font-weight: 400; font-size: 12pt; font-family: arial, helvetica, sans-serif;\">\u2705 Save costs and product development time<\/span><\/p>\n<p style=\"text-align: justify;\"><span style=\"font-weight: 400; font-size: 12pt; font-family: arial, helvetica, sans-serif;\">\u2705 Exclusive formula, flexible according to needs<\/span><\/p>\n<p style=\"text-align: justify;\"><span style=\"font-weight: 400; font-size: 12pt; font-family: arial, helvetica, sans-serif;\">\u2705 \u0110\u1ea3m b\u1ea3o ch\u1ea5t l\u01b0\u1ee3ng s\u1ea3n ph\u1ea9m<\/span><\/p>\n<p style=\"text-align: justify;\"><span style=\"font-weight: 400; font-size: 12pt; font-family: arial, helvetica, sans-serif;\">\u2705 Support all legal documents, product declaration and quality inspection<\/span><\/p>\n<p style=\"text-align: justify;\"><span style=\"font-weight: 400; font-size: 12pt; font-family: arial, helvetica, sans-serif;\">\u2705 Support packaging design and branding<\/span><\/p>\n<h2 style=\"text-align: justify;\"><span style=\"font-size: 14pt;\"><b>3. Body scrub processing at Shizencos<\/b><\/span><\/h2>\n<p style=\"text-align: justify;\"><span style=\"font-weight: 400; font-size: 12pt;\">To create a body scrub product that meets market demand and attracts customers, businesses need a reputable, experienced and capable manufacturing partner to supply high-quality products. Shizencos is proud to be a leading cosmetic manufacturing unit, specializing in providing complete manufacturing solutions, helping your brand quickly own specialized products with optimal formulas and eye-catching designs.<\/span><\/p>\n<h3 style=\"text-align: justify;\"><span style=\"font-size: 14pt; font-family: arial, helvetica, sans-serif;\"><b>3.1 Various body scrub formulas<\/b><\/span><\/h3>\n<p style=\"text-align: justify;\"><span style=\"font-weight: 400; font-size: 12pt; font-family: arial, helvetica, sans-serif;\">A body scrub product not only needs to be effective in cleaning but also needs to be suitable for market trends and diverse consumer needs. Understanding that, Shizencos offers a variety of flexible formulas to meet different customer groups:<\/span><\/p>\n<ul style=\"text-align: justify;\">\n<li style=\"font-weight: 400;\" aria-level=\"1\"><span style=\"font-size: 12pt; font-family: arial, helvetica, sans-serif;\"><b>Physical exfoliation<\/b><span style=\"font-weight: 400;\">: Uses natural scrub particles such as sea salt, brown sugar, and oatmeal to gently cleanse the skin.<\/span><\/span><\/li>\n<li style=\"font-weight: 400;\" aria-level=\"1\"><span style=\"font-size: 12pt; font-family: arial, helvetica, sans-serif;\"><b>Chemical exfoliation:<\/b><span style=\"font-weight: 400;\">: Contains AHA, BHA to help remove dead skin by chemical mechanism without physical impact.<\/span><\/span><\/li>\n<li style=\"font-weight: 400;\" aria-level=\"1\"><span style=\"font-size: 12pt; font-family: arial, helvetica, sans-serif;\"><b>Combination exfoliation<\/b><span style=\"font-weight: 400;\">: Combine both methods above for optimal results, suitable for many skin types.<\/span><\/span><\/li>\n<\/ul>\n<figure id=\"attachment_11711\" aria-describedby=\"caption-attachment-11711\" style=\"width: 1500px\" class=\"wp-caption aligncenter\"><a href=\"https:\/\/shizencos.com\/wp-content\/uploads\/2024\/10\/2-5.png\"><img decoding=\"async\" class=\"wp-image-11711 size-full\" src=\"https:\/\/shizencos.com\/wp-content\/uploads\/2024\/10\/2-5.png\" alt=\"\u0110a d\u1ea1ng c\u00e1c d\u00f2ng gia c\u00f4ng c\u00f4ng t\u1ea9y t\u1ebf b\u00e0o da body\" width=\"1500\" height=\"600\" title=\"\" srcset=\"https:\/\/shizencos.com\/wp-content\/uploads\/2024\/10\/2-5.png 1500w, https:\/\/shizencos.com\/wp-content\/uploads\/2024\/10\/2-5-150x60.png 150w, https:\/\/shizencos.com\/wp-content\/uploads\/2024\/10\/2-5-18x7.png 18w, https:\/\/shizencos.com\/wp-content\/uploads\/2024\/10\/2-5-300x120.png 300w, https:\/\/shizencos.com\/wp-content\/uploads\/2024\/10\/2-5-768x307.png 768w, https:\/\/shizencos.com\/wp-content\/uploads\/2024\/10\/2-5-1024x410.png 1024w, https:\/\/shizencos.com\/wp-content\/uploads\/2024\/10\/2-5-600x240.png 600w\" sizes=\"(max-width: 1500px) 100vw, 1500px\" \/><\/a><figcaption id=\"caption-attachment-11711\" class=\"wp-caption-text\"><em>A variety of body scrub processing lines<\/em><\/figcaption><\/figure>\n<p style=\"text-align: justify;\"><span style=\"font-size: 14pt; font-family: arial, helvetica, sans-serif;\"><b>3.2 Quy tr\u00ecnh gia c\u00f4ng t\u1ea9y t\u1ebf b\u00e0o ch\u1ebft body t\u1ea1i Shizencos\u00a0<\/b><\/span><\/p>\n<p style=\"text-align: justify;\"><span style=\"font-size: 12pt;\"><span style=\"font-weight: 400;\">Vi\u1ec7c t\u1ea1o ra m\u1ed9t s\u1ea3n ph\u1ea9m t\u1ea9y t\u1ebf b\u00e0o ch\u1ebft body ch\u1ea5t l\u01b0\u1ee3ng kh\u00f4ng ch\u1ec9 ph\u1ee5 thu\u1ed9c v\u00e0o c\u00f4ng th\u1ee9c m\u00e0 c\u00f2n c\u1ea7n m\u1ed9t quy tr\u00ecnh gia c\u00f4ng chuy\u00ean nghi\u1ec7p, \u0111\u1ea3m b\u1ea3o ki\u1ec3m so\u00e1t ch\u1eb7t ch\u1ebd t\u1eeb kh\u00e2u nguy\u00ean li\u1ec7u \u0111\u1ebfn th\u00e0nh ph\u1ea9m. T\u1ea1i Shizencos, ch\u00fang t\u00f4i \u00e1p d\u1ee5ng m\u1ed9t quy tr\u00ecnh kh\u00e9p k\u00edn<\/span><span style=\"font-weight: 400;\">, gi\u00fap t\u1ed1i \u01b0u th\u1eddi gian v\u00e0 \u0111\u1ea3m b\u1ea3o ch\u1ea5t l\u01b0\u1ee3ng s\u1ea3n ph\u1ea9m:<\/span><\/span><\/p>\n<p style=\"text-align: justify;\"><span style=\"font-size: 12pt;\"><b>Step 1: <\/b><span style=\"font-weight: 400;\">Contact for consultation \u2013 Listen to requests and advise on appropriate formulas.<\/span><\/span><\/p>\n<p style=\"text-align: justify;\"><span style=\"font-size: 12pt;\"><b>Step 2:<\/b><span style=\"font-weight: 400;\"> Research and Development \u2013 \u200b\u200bR&amp;D team researches and develops optimal formulas.<\/span><\/span><\/p>\n<p style=\"text-align: justify;\"><span style=\"font-size: 12pt;\"><b>Step 3: <\/b><span style=\"font-weight: 400;\">Send samples and adjust \u2013 Provide samples, adjust based on feedback.<\/span><\/span><\/p>\n<p style=\"text-align: justify;\"><span style=\"font-size: 12pt;\"><b>Step 4:<\/b><span style=\"font-weight: 400;\"> Finalize sample and quote \u2013 Confirm final formula, calculate cost<\/span><\/span><\/p>\n<p style=\"text-align: justify;\"><span style=\"font-size: 12pt;\"><b>Step 5:<\/b><span style=\"font-weight: 400;\"> Signing contract and cooperation \u2013 Both parties agree and sign the processing contract.<\/span><\/span><\/p>\n<p style=\"text-align: justify;\"><span style=\"font-size: 12pt;\"><b>Step 6: <\/b><span style=\"font-weight: 400;\">Prepare ingredients and stir the tank <\/span><span style=\"font-weight: 400;\">\u2013<\/span><span style=\"font-weight: 400;\"> \u2013 Import and check the quality of input materials.<\/span><\/span><\/p>\n<p style=\"text-align: justify;\"><span style=\"font-size: 12pt;\"><b>Step 7:<\/b><span style=\"font-weight: 400;\"> S\u1ea3n xu\u1ea5t h\u00e0ng lo\u1ea1t \u2013 \u0110\u01b0a v\u00e0o s\u1ea3n xu\u1ea5t theo ti\u00eau chu\u1ea9n GMP.<\/span><\/span><\/p>\n<p style=\"text-align: justify;\"><span style=\"font-size: 12pt;\"><b>Step 8: <\/b><span style=\"font-weight: 400;\">Product packaging \u2013 Filling, sealing, labeling according to design.<\/span><\/span><\/p>\n<p style=\"text-align: justify;\"><span style=\"font-size: 12pt;\"><b>Step 9:<\/b><span style=\"font-weight: 400;\"> Delivery and post-production support \u2013 On-time delivery, legal support and business strategy.<\/span><\/span><\/p>\n<h2 style=\"text-align: justify;\"><span style=\"font-size: 14pt;\"><b>Conclude<\/b><\/span><\/h2>\n<p style=\"text-align: justify;\"><span style=\"font-weight: 400; font-size: 12pt; font-family: arial, helvetica, sans-serif;\">Gia c\u00f4ng t\u1ea9y t\u1ebf b\u00e0o ch\u1ebft body t\u1ea1i Shizencos l\u00e0 gi\u1ea3i ph\u00e1p t\u1ed1i \u01b0u cho doanh nghi\u1ec7p, th\u01b0\u01a1ng hi\u1ec7u m\u1ef9 ph\u1ea9m mu\u1ed1n ph\u00e1t tri\u1ec3n s\u1ea3n ph\u1ea9m ch\u1ea5t l\u01b0\u1ee3ng cao v\u1edbi chi ph\u00ed h\u1ee3p l\u00fd. V\u1edbi l\u1ee3i th\u1ebf s\u1ea3n xu\u1ea5t tr\u1ef1c ti\u1ebfp t\u1ea1i nh\u00e0 m\u00e1y, h\u1ed7 tr\u1ee3 tr\u1ecdn g\u00f3i t\u1eeb c\u00f4ng th\u1ee9c \u0111\u1ebfn gi\u1ea5y t\u1edd, b\u1ea3o m\u1eadt th\u00f4ng tin tuy\u1ec7t \u0111\u1ed1i, Shizencos cam k\u1ebft mang \u0111\u1ebfn s\u1ea3n ph\u1ea9m ch\u1ea5t l\u01b0\u1ee3ng gi\u00fap th\u01b0\u01a1ng hi\u1ec7u c\u1ee7a b\u1ea1n kh\u1eb3ng \u0111\u1ecbnh v\u1ecb th\u1ebf tr\u00ean th\u1ecb tr\u01b0\u1eddng.<\/span><\/p>\n<p style=\"text-align: justify;\"><span style=\"font-weight: 400; font-size: 12pt; font-family: arial, helvetica, sans-serif;\">Contact Shizencos now for consultation and free samples!<\/span><\/p>","protected":false},"excerpt":{"rendered":"<p><i><span style=\"font-weight: 400;\">Gia c\u00f4ng t\u1ea9y t\u1ebf b\u00e0o ch\u1ebft body t\u1ea1i Shizencos \u2013 S\u1ea3n xu\u1ea5t m\u1ef9 ph\u1ea9m theo y\u00eau c\u1ea7u v\u1edbi h\u01a1n 3000 c\u00f4ng th\u1ee9c \u0111\u1ed9c quy\u1ec1n, gi\u00e1 g\u1ed1c t\u1ea1i nh\u00e0 m\u00e1y, \u0111\u1ea1t chu\u1ea9n CGMP &#8211; ASEAN. \u0110\u1ea3m b\u1ea3o ch\u1ea5t l\u01b0\u1ee3ng v\u00e0 c\u00f4ng th\u1ee9c \u0111\u1ed9c quy\u1ec1n.<\/span><\/i><\/p>","protected":false},"featured_media":11927,"comment_status":"open","ping_status":"closed","template":"","meta":[],"product_brand":[],"product_cat":[120],"product_tag":[],"class_list":{"0":"post-11533","1":"product","2":"type-product","3":"status-publish","4":"has-post-thumbnail","6":"product_cat-gia-cong-san-pham-cham-soc-body","8":"first","9":"instock","10":"shipping-taxable","11":"product-type-simple"},"_links":{"self":[{"href":"https:\/\/shizencos.com\/en\/wp-json\/wp\/v2\/product\/11533","targetHints":{"allow":["GET"]}}],"collection":[{"href":"https:\/\/shizencos.com\/en\/wp-json\/wp\/v2\/product"}],"about":[{"href":"https:\/\/shizencos.com\/en\/wp-json\/wp\/v2\/types\/product"}],"replies":[{"embeddable":true,"href":"https:\/\/shizencos.com\/en\/wp-json\/wp\/v2\/comments?post=11533"}],"wp:featuredmedia":[{"embeddable":true,"href":"https:\/\/shizencos.com\/en\/wp-json\/wp\/v2\/media\/11927"}],"wp:attachment":[{"href":"https:\/\/shizencos.com\/en\/wp-json\/wp\/v2\/media?parent=11533"}],"wp:term":[{"taxonomy":"product_brand","embeddable":true,"href":"https:\/\/shizencos.com\/en\/wp-json\/wp\/v2\/product_brand?post=11533"},{"taxonomy":"product_cat","embeddable":true,"href":"https:\/\/shizencos.com\/en\/wp-json\/wp\/v2\/product_cat?post=11533"},{"taxonomy":"product_tag","embeddable":true,"href":"https:\/\/shizencos.com\/en\/wp-json\/wp\/v2\/product_tag?post=11533"}],"curies":[{"name":"wp","href":"https:\/\/api.w.org\/{rel}","templated":true}]}}