{"id":11529,"date":"2024-10-24T14:52:47","date_gmt":"2024-10-24T07:52:47","guid":{"rendered":"https:\/\/shizencos.com\/?post_type=product&#038;p=11529"},"modified":"2025-08-12T09:43:14","modified_gmt":"2025-08-12T02:43:14","slug":"gia-cong-kem-duong-body","status":"publish","type":"product","link":"https:\/\/shizencos.com\/en\/gia-cong-kem-duong-body\/","title":{"rendered":"Body lotion processing"},"content":{"rendered":"<p style=\"text-align: justify;\"><span style=\"font-size: 12pt; font-family: arial, helvetica, sans-serif;\"><i><span style=\"font-weight: 400;\">B\u1ea1n \u0111ang t\u00ecm \u0111\u01a1n v\u1ecb gia c\u00f4ng kem d\u01b0\u1ee1ng body uy t\u00edn? <a href=\"https:\/\/shizencos.com\/en\/\">Shizencos<\/a> &#8211; Nh\u00e0 m\u00e1y \u0111\u1ea1t chu\u1ea9n, c\u00f4ng ngh\u1ec7 hi\u1ec7n \u0111\u1ea1i, c\u00f4ng th\u1ee9c \u0111a d\u1ea1ng, nguy\u00ean li\u1ec7u nh\u1eadp kh\u1ea9u cao c\u1ea5p. H\u1ed7 tr\u1ee3 tr\u1ecdn g\u00f3i t\u1eeb R&amp;D \u0111\u1ebfn s\u1ea3n xu\u1ea5t, gi\u00fap b\u1ea1n t\u1ea1o ra s\u1ea3n ph\u1ea9m ch\u1ea5t l\u01b0\u1ee3ng v\u00e0 d\u1eabn \u0111\u1ea7u xu h\u01b0\u1edbng th\u1ecb tr\u01b0\u1eddng! T\u01b0 v\u1ea5n tr\u1ecdn g\u00f3i t\u1eeb \u00fd t\u01b0\u1edfng \u0111\u1ebfn s\u1ea3n xu\u1ea5t! T\u00ecm hi\u1ec3u ngay b\u00e0i vi\u1ebft b\u00ean d\u01b0\u1edbi!<\/span><\/i><\/span><\/p>\n<h2 style=\"text-align: justify;\"><span style=\"font-size: 14pt; font-family: arial, helvetica, sans-serif;\"><b>1. What is body lotion processing?<\/b><\/span><\/h2>\n<p style=\"text-align: justify;\"><b>Body lotion <\/b><span style=\"font-weight: 400;\">is a full body skin care product that provides moisture, nutrients and protects the skin from harmful environmental factors. This product helps soften and smooth the skin, while also helping to brighten the skin and improve dryness. On the market today, body lotions are increasingly diverse with many product lines containing natural, benign ingredients, meeting the safe beauty needs of consumers.<\/span><\/p>\n<p style=\"text-align: justify;\"><b>Body lotion processing<\/b><span style=\"font-weight: 400;\"> is the process of manufacturing products according to the requirements of businesses and cosmetic brands. The processing factory will receive ideas from customers, conduct formula research, testing, manufacturing and completing the product in a packaged form ready to be put on the market. This service helps businesses save time, costs and ensure that the product meets quality standards before distribution.<\/span><\/p>\n<figure id=\"attachment_11713\" aria-describedby=\"caption-attachment-11713\" style=\"width: 1500px\" class=\"wp-caption aligncenter\"><img fetchpriority=\"high\" decoding=\"async\" class=\"size-full wp-image-11713\" src=\"https:\/\/shizencos.com\/wp-content\/uploads\/2024\/10\/1-6.png\" alt=\"Gia c\u00f4ng kem d\u01b0\u1ee1ng body v\u1edbi \u0111a d\u1ea1ng c\u00f4ng th\u1ee9c\" width=\"1500\" height=\"600\" title=\"\" srcset=\"https:\/\/shizencos.com\/wp-content\/uploads\/2024\/10\/1-6.png 1500w, https:\/\/shizencos.com\/wp-content\/uploads\/2024\/10\/1-6-150x60.png 150w, https:\/\/shizencos.com\/wp-content\/uploads\/2024\/10\/1-6-18x7.png 18w, https:\/\/shizencos.com\/wp-content\/uploads\/2024\/10\/1-6-300x120.png 300w, https:\/\/shizencos.com\/wp-content\/uploads\/2024\/10\/1-6-768x307.png 768w, https:\/\/shizencos.com\/wp-content\/uploads\/2024\/10\/1-6-1024x410.png 1024w, https:\/\/shizencos.com\/wp-content\/uploads\/2024\/10\/1-6-600x240.png 600w\" sizes=\"(max-width: 1500px) 100vw, 1500px\" \/><figcaption id=\"caption-attachment-11713\" class=\"wp-caption-text\">Processing body lotion with diverse formulas<\/figcaption><\/figure>\n<h2 style=\"text-align: justify;\"><span style=\"font-size: 14pt; font-family: arial, helvetica, sans-serif;\"><b>2. Benefits of choosing body lotion manufacturing<\/b><\/span><\/h2>\n<p style=\"text-align: justify;\"><span style=\"font-weight: 400; font-size: 12pt; font-family: arial, helvetica, sans-serif;\">Choosing to outsource body lotion not only helps businesses optimize resources but also brings many competitive advantages in the market. Instead of investing heavily in facilities, personnel and complex production processes, businesses can focus on building brands and business strategies. Below are the outstanding benefits of choosing to outsource to reputable units such as Shizencos:<\/span><\/p>\n<p style=\"text-align: justify;\"><span style=\"font-weight: 400; font-size: 12pt; font-family: arial, helvetica, sans-serif;\">\u2705 Save costs and product development time<\/span><\/p>\n<p style=\"text-align: justify;\"><span style=\"font-weight: 400; font-size: 12pt; font-family: arial, helvetica, sans-serif;\">\u2705 Exclusive formula, flexible according to needs<\/span><\/p>\n<p style=\"text-align: justify;\"><span style=\"font-weight: 400; font-size: 12pt; font-family: arial, helvetica, sans-serif;\">\u2705 \u0110\u1ea3m b\u1ea3o ch\u1ea5t l\u01b0\u1ee3ng s\u1ea3n ph\u1ea9m<\/span><\/p>\n<p style=\"text-align: justify;\"><span style=\"font-weight: 400; font-size: 12pt; font-family: arial, helvetica, sans-serif;\">\u2705 Support all legal documents, product declaration and quality inspection<\/span><\/p>\n<p style=\"text-align: justify;\"><span style=\"font-weight: 400; font-size: 12pt; font-family: arial, helvetica, sans-serif;\">\u2705 Support packaging design and branding<\/span><\/p>\n<h2 style=\"text-align: justify;\"><span style=\"font-size: 14pt;\"><b>3. Body lotion processing at Shizencos<\/b><\/span><\/h2>\n<p style=\"text-align: justify;\"><span style=\"font-weight: 400;\">Shizencos l\u00e0 \u0111\u1ed1i t\u00e1c gia c\u00f4ng m\u1ef9 ph\u1ea9m h\u00e0ng \u0111\u1ea7u v\u1edbi d\u00e2y chuy\u1ec1n s\u1ea3n xu\u1ea5t hi\u1ec7n \u0111\u1ea1i v\u00e0 \u0111\u1ed9i ng\u0169 R&amp;D chuy\u00ean m\u00f4n cao. Ch\u00fang t\u00f4i cung c\u1ea5p d\u1ecbch v\u1ee5 gia c\u00f4ng kem d\u01b0\u1ee1ng body tr\u1ecdn g\u00f3i, \u0111\u1ea3m b\u1ea3o s\u1ea3n ph\u1ea9m \u0111\u1ed5i m\u1edbi, ch\u1ea5t l\u01b0\u1ee3ng cao v\u00e0 ph\u00f9 h\u1ee3p v\u1edbi xu h\u01b0\u1edbng th\u1ecb tr\u01b0\u1eddng.<\/span><\/p>\n<h3 style=\"text-align: justify;\"><span style=\"font-size: 12pt;\"><b>3.1 Diverse body lotion formulas<\/b><\/span><\/h3>\n<p style=\"text-align: justify;\"><span style=\"font-weight: 400; font-size: 12pt; font-family: arial, helvetica, sans-serif;\">Shizencos understands that each cosmetic brand has its own style and different market needs. Therefore, we provide a variety of body lotion formulas to meet the diverse needs of customers. Businesses can choose from available formulas or request customization according to trends and target customers. Here are some popular formulas:<\/span><\/p>\n<ul style=\"text-align: justify;\">\n<li style=\"font-weight: 400;\" aria-level=\"1\"><span style=\"font-size: 12pt; font-family: arial, helvetica, sans-serif;\"><b>Whitening body cream<\/b><span style=\"font-weight: 400;\">: The formula contains ingredients that help improve skin pigmentation and naturally brighten skin.<\/span><\/span><\/li>\n<li style=\"font-weight: 400;\" aria-level=\"1\"><span style=\"font-size: 12pt; font-family: arial, helvetica, sans-serif;\"><b>Moisturizing body cream<\/b><span style=\"font-weight: 400;\">: For dry, dehydrated skin with superior moisturizing technology.<\/span><\/span><\/li>\n<li style=\"font-weight: 400;\" aria-level=\"1\"><span style=\"font-size: 12pt; font-family: arial, helvetica, sans-serif;\"><b>Anti-aging body lotion<\/b><span style=\"font-weight: 400;\">: Combines antioxidants to help prevent wrinkles and maintain firm skin.<\/span><\/span><\/li>\n<li style=\"font-weight: 400;\" aria-level=\"1\"><span style=\"font-size: 12pt; font-family: arial, helvetica, sans-serif;\"><b>Sunscreen body lotion<\/b><span style=\"font-weight: 400;\">: Protects skin from harmful UV rays, combined with moisturizing.<\/span><\/span><\/li>\n<li style=\"font-weight: 400;\" aria-level=\"1\"><span style=\"font-size: 12pt; font-family: arial, helvetica, sans-serif;\"><b>Clean beauty trend body lotion<\/b><span style=\"font-weight: 400;\">: Contains no artificial fragrances or parabens, safe for sensitive skin.<\/span><\/span><\/li>\n<li style=\"font-weight: 400;\" aria-level=\"1\"><span style=\"font-size: 12pt; font-family: arial, helvetica, sans-serif;\"><b>: Contains no artificial fragrances or parabens, safe for sensitive skin.<\/b><span style=\"font-weight: 400;\">: Combines multiple functions such as whitening, moisturizing and sun protection.<\/span><\/span><\/li>\n<\/ul>\n<p style=\"text-align: justify;\"><span style=\"font-weight: 400; font-size: 12pt; font-family: arial, helvetica, sans-serif;\">Shizencos also supports research and development of exclusive formulas according to customers' specific requirements, helping your cosmetic brand create distinct products in the market.<\/span><\/p>\n<figure id=\"attachment_11714\" aria-describedby=\"caption-attachment-11714\" style=\"width: 1500px\" class=\"wp-caption aligncenter\"><img decoding=\"async\" class=\"size-full wp-image-11714\" src=\"https:\/\/shizencos.com\/wp-content\/uploads\/2024\/10\/2-6.png\" alt=\"Gia c\u00f4ng kem d\u01b0\u1ee1ng body tr\u1ecdn g\u00f3i \u0111\u00e1p \u1ee9ng theo nhu c\u1ea7u kh\u00e1ch\" width=\"1500\" height=\"600\" title=\"\" srcset=\"https:\/\/shizencos.com\/wp-content\/uploads\/2024\/10\/2-6.png 1500w, https:\/\/shizencos.com\/wp-content\/uploads\/2024\/10\/2-6-150x60.png 150w, https:\/\/shizencos.com\/wp-content\/uploads\/2024\/10\/2-6-18x7.png 18w, https:\/\/shizencos.com\/wp-content\/uploads\/2024\/10\/2-6-300x120.png 300w, https:\/\/shizencos.com\/wp-content\/uploads\/2024\/10\/2-6-768x307.png 768w, https:\/\/shizencos.com\/wp-content\/uploads\/2024\/10\/2-6-1024x410.png 1024w, https:\/\/shizencos.com\/wp-content\/uploads\/2024\/10\/2-6-600x240.png 600w\" sizes=\"(max-width: 1500px) 100vw, 1500px\" \/><figcaption id=\"caption-attachment-11714\" class=\"wp-caption-text\">Full body lotion processing to meet customer needs<\/figcaption><\/figure>\n<h3 style=\"text-align: justify;\"><span style=\"font-size: 14pt;\"><b>3.2 Body lotion manufacturing process at Shizencos\u00a0<\/b><\/span><\/h3>\n<p style=\"text-align: justify;\"><span style=\"font-weight: 400; font-size: 12pt; font-family: arial, helvetica, sans-serif;\">Shizencos is committed to providing high-quality body lotion products through a strict 9-step professional processing process. With the combination of modern technology and GMP standards, this process not only ensures safety but also optimizes production efficiency, meeting all strict customer requirements. The steps of processing body lotion at Shizencos include:<\/span><\/p>\n<p style=\"text-align: justify;\"><span style=\"font-size: 12pt; font-family: arial, helvetica, sans-serif;\"><b>Step 1: <\/b><span style=\"font-weight: 400;\">Contact for consultation \u2013 Listen to requests and advise on appropriate formulas.<\/span><\/span><\/p>\n<p style=\"text-align: justify;\"><span style=\"font-size: 12pt; font-family: arial, helvetica, sans-serif;\"><b>Step 2:<\/b><span style=\"font-weight: 400;\"> Research and Development \u2013 \u200b\u200bR&amp;D team researches and develops optimal formulas.<\/span><\/span><\/p>\n<p style=\"text-align: justify;\"><span style=\"font-size: 12pt; font-family: arial, helvetica, sans-serif;\"><b>Step 3: <\/b><span style=\"font-weight: 400;\">Send samples and adjust \u2013 Provide samples, adjust based on feedback.<\/span><\/span><\/p>\n<p style=\"text-align: justify;\"><span style=\"font-size: 12pt; font-family: arial, helvetica, sans-serif;\"><b>Step 4:<\/b><span style=\"font-weight: 400;\"> Finalize sample and quote \u2013 Confirm final formula, calculate cost<\/span><\/span><\/p>\n<p style=\"text-align: justify;\"><span style=\"font-size: 12pt; font-family: arial, helvetica, sans-serif;\"><b>Step 5:<\/b><span style=\"font-weight: 400;\"> Signing contract and cooperation \u2013 Both parties agree and sign the processing contract.<\/span><\/span><\/p>\n<p style=\"text-align: justify;\"><span style=\"font-size: 12pt; font-family: arial, helvetica, sans-serif;\"><b>Step 6: <\/b><span style=\"font-weight: 400;\">Prepare ingredients and stir the tank <\/span><span style=\"font-weight: 400;\">\u2013<\/span><span style=\"font-weight: 400;\"> \u2013 Import and check the quality of input materials.<\/span><\/span><\/p>\n<p style=\"text-align: justify;\"><span style=\"font-size: 12pt; font-family: arial, helvetica, sans-serif;\"><b>Step 7:<\/b><span style=\"font-weight: 400;\"> Mass production \u2013 Put into production according to GMP standards.<\/span><\/span><\/p>\n<p style=\"text-align: justify;\"><span style=\"font-size: 12pt; font-family: arial, helvetica, sans-serif;\"><b>Step 8: <\/b><span style=\"font-weight: 400;\">Product packaging \u2013 Filling, sealing, labeling according to design.<\/span><\/span><\/p>\n<p style=\"text-align: justify;\"><span style=\"font-size: 12pt; font-family: arial, helvetica, sans-serif;\"><b>Step 9:<\/b><span style=\"font-weight: 400;\"> Delivery and post-production support \u2013 On-time delivery, legal support and business strategy.<\/span><\/span><\/p>\n<h2 style=\"text-align: justify;\"><span style=\"font-size: 14pt; font-family: arial, helvetica, sans-serif;\"><b>Conclude<\/b><\/span><\/h2>\n<p style=\"text-align: justify;\"><span style=\"font-weight: 400; font-size: 12pt; font-family: arial, helvetica, sans-serif;\">L\u1ef1a ch\u1ecdn \u0111\u00fang \u0111\u01a1n v\u1ecb gia c\u00f4ng l\u00e0 b\u01b0\u1edbc quan tr\u1ecdng \u0111\u1ec3 doanh nghi\u1ec7p m\u1ef9 ph\u1ea9m t\u1ea1o d\u1ea5u \u1ea5n tr\u00ean th\u1ecb tr\u01b0\u1eddng. V\u1edbi nh\u00e0 m\u00e1y \u0111\u1ea1t chu\u1ea9n, c\u00f4ng ngh\u1ec7 s\u1ea3n xu\u1ea5t ti\u00ean ti\u1ebfn v\u00e0 \u0111\u1ed9i ng\u0169 chuy\u00ean gia R&amp;D gi\u00e0u kinh nghi\u1ec7m, Shizencos cam k\u1ebft mang \u0111\u1ebfn c\u00e1c s\u1ea3n ph\u1ea9m kem d\u01b0\u1ee1ng body ch\u1ea5t l\u01b0\u1ee3ng cao, an to\u00e0n v\u00e0 \u0111\u00e1p \u1ee9ng xu h\u01b0\u1edbng th\u1ecb tr\u01b0\u1eddng. !<\/span><\/p>","protected":false},"excerpt":{"rendered":"<p>B\u1ea1n \u0111ang t\u00ecm \u0111\u01a1n v\u1ecb gia c\u00f4ng kem d\u01b0\u1ee1ng body uy t\u00edn? Shizencos &#8211; Nh\u00e0 m\u00e1y \u0111\u1ea1t chu\u1ea9n, c\u00f4ng ngh\u1ec7 hi\u1ec7n \u0111\u1ea1i, c\u00f4ng th\u1ee9c \u0111a d\u1ea1ng, nguy\u00ean li\u1ec7u nh\u1eadp kh\u1ea9u cao c\u1ea5p. H\u1ed7 tr\u1ee3 tr\u1ecdn g\u00f3i t\u1eeb R&amp;D \u0111\u1ebfn s\u1ea3n xu\u1ea5t, gi\u00fap b\u1ea1n t\u1ea1o ra s\u1ea3n ph\u1ea9m ch\u1ea5t l\u01b0\u1ee3ng v\u00e0 d\u1eabn \u0111\u1ea7u xu h\u01b0\u1edbng th\u1ecb [&hellip;]<\/p>\n","protected":false},"featured_media":11925,"comment_status":"open","ping_status":"closed","template":"","meta":[],"product_brand":[],"product_cat":[120],"product_tag":[],"class_list":{"0":"post-11529","1":"product","2":"type-product","3":"status-publish","4":"has-post-thumbnail","6":"product_cat-gia-cong-san-pham-cham-soc-body","8":"first","9":"instock","10":"shipping-taxable","11":"product-type-simple"},"_links":{"self":[{"href":"https:\/\/shizencos.com\/en\/wp-json\/wp\/v2\/product\/11529","targetHints":{"allow":["GET"]}}],"collection":[{"href":"https:\/\/shizencos.com\/en\/wp-json\/wp\/v2\/product"}],"about":[{"href":"https:\/\/shizencos.com\/en\/wp-json\/wp\/v2\/types\/product"}],"replies":[{"embeddable":true,"href":"https:\/\/shizencos.com\/en\/wp-json\/wp\/v2\/comments?post=11529"}],"wp:featuredmedia":[{"embeddable":true,"href":"https:\/\/shizencos.com\/en\/wp-json\/wp\/v2\/media\/11925"}],"wp:attachment":[{"href":"https:\/\/shizencos.com\/en\/wp-json\/wp\/v2\/media?parent=11529"}],"wp:term":[{"taxonomy":"product_brand","embeddable":true,"href":"https:\/\/shizencos.com\/en\/wp-json\/wp\/v2\/product_brand?post=11529"},{"taxonomy":"product_cat","embeddable":true,"href":"https:\/\/shizencos.com\/en\/wp-json\/wp\/v2\/product_cat?post=11529"},{"taxonomy":"product_tag","embeddable":true,"href":"https:\/\/shizencos.com\/en\/wp-json\/wp\/v2\/product_tag?post=11529"}],"curies":[{"name":"wp","href":"https:\/\/api.w.org\/{rel}","templated":true}]}}