{"id":11202,"date":"2024-09-23T13:21:01","date_gmt":"2024-09-23T06:21:01","guid":{"rendered":"https:\/\/shizencos.com\/?post_type=product&#038;p=11202"},"modified":"2025-08-13T09:51:11","modified_gmt":"2025-08-13T02:51:11","slug":"gia-cong-nuoc-than","status":"publish","type":"product","link":"https:\/\/shizencos.com\/en\/gia-cong-nuoc-than\/","title":{"rendered":"Processing magic water"},"content":{"rendered":"<p style=\"text-align: justify;\"><span style=\"font-weight: 400;\">Miracle water processing is currently creating a new craze in the beauty industry, attracting the attention of many brands and consumers. Thanks to the breakthrough of advanced technology and the trend of increasingly personalized skin care, miracle water is not only a regular skin care product but also a comprehensive solution for the natural beauty of the skin.<\/span><\/p>\n<h2 style=\"text-align: justify;\"><span style=\"font-size: 14pt;\"><b>1. What is miracle water processing?<\/b><\/span><\/h2>\n<p style=\"text-align: justify;\"><span style=\"font-weight: 400;\">Processing of divine water is the process of producing divine water products according to the requirements of cosmetic brands. The cosmetic market is booming, opening up golden opportunities for cosmetic brands and businesses to choose to process divine water. Not only is it a potential field, divine water is also an attractive choice, many investors and startups have chosen divine water for processing in the hope of creating their own mark in the beauty cosmetics industry.<\/span><\/p>\n<h2 style=\"text-align: justify;\"><span style=\"font-size: 14pt;\"><b>2. Benefits of choosing to process divine water?<\/b><\/span><\/h2>\n<p style=\"text-align: justify;\"><span style=\"font-weight: 400; font-size: 12pt;\">Choosing the miracle water processing service brings a superior solution, optimizing costs and production time for businesses. With this service, you can completely focus on developing sharp marketing strategies and building strong brands, without having to worry about investing in complex production systems. This is the key for your business to quickly reach the top in this potential market!\u00a0<\/span><\/p>\n<p style=\"text-align: justify;\"><span style=\"font-weight: 400; font-size: 12pt;\">\u2705 Minimize initial investment costs<\/span><\/p>\n<p style=\"text-align: justify;\"><span style=\"font-weight: 400; font-size: 12pt;\">\u2705 Guaranteed customized and exclusive formula<\/span><\/p>\n<p style=\"text-align: justify;\"><span style=\"font-weight: 400; font-size: 12pt;\">\u2705 S\u1ea3n ph\u1ea9m \u0111\u1ea1t chu\u1ea9n ch\u1ea5t l\u01b0\u1ee3ng<\/span><\/p>\n<p style=\"text-align: justify;\"><span style=\"font-weight: 400; font-size: 12pt;\">\u2705 Provide full legal support<\/span><\/p>\n<p style=\"text-align: justify;\"><span style=\"font-weight: 400; font-size: 12pt;\">\u2705 Accompanying in the brand development process<\/span><\/p>\n<figure id=\"attachment_11423\" aria-describedby=\"caption-attachment-11423\" style=\"width: 800px\" class=\"wp-caption aligncenter\"><a href=\"https:\/\/shizencos.com\/wp-content\/uploads\/2024\/09\/dong-nuoc-than-dang-la-san-pham-hot-danh-cho-cac-nang.png\"><img fetchpriority=\"high\" decoding=\"async\" class=\"size-full wp-image-11423\" src=\"https:\/\/shizencos.com\/wp-content\/uploads\/2024\/09\/dong-nuoc-than-dang-la-san-pham-hot-danh-cho-cac-nang.png\" alt=\"D\u00f2ng n\u01b0\u1edbc th\u1ea7n \u0111ang l\u00e0 s\u1ea3n ph\u1ea9m &quot;hot&quot; d\u00e0nh cho c\u00e1c n\u00e0ng\" width=\"800\" height=\"400\" title=\"\" srcset=\"https:\/\/shizencos.com\/wp-content\/uploads\/2024\/09\/dong-nuoc-than-dang-la-san-pham-hot-danh-cho-cac-nang.png 800w, https:\/\/shizencos.com\/wp-content\/uploads\/2024\/09\/dong-nuoc-than-dang-la-san-pham-hot-danh-cho-cac-nang-150x75.png 150w, https:\/\/shizencos.com\/wp-content\/uploads\/2024\/09\/dong-nuoc-than-dang-la-san-pham-hot-danh-cho-cac-nang-18x9.png 18w, https:\/\/shizencos.com\/wp-content\/uploads\/2024\/09\/dong-nuoc-than-dang-la-san-pham-hot-danh-cho-cac-nang-300x150.png 300w, https:\/\/shizencos.com\/wp-content\/uploads\/2024\/09\/dong-nuoc-than-dang-la-san-pham-hot-danh-cho-cac-nang-768x384.png 768w, https:\/\/shizencos.com\/wp-content\/uploads\/2024\/09\/dong-nuoc-than-dang-la-san-pham-hot-danh-cho-cac-nang-600x300.png 600w\" sizes=\"(max-width: 800px) 100vw, 800px\" \/><\/a><figcaption id=\"caption-attachment-11423\" class=\"wp-caption-text\">The miracle water line is a \"hot\" product for girls.<\/figcaption><\/figure>\n<h2 style=\"text-align: justify;\"><span style=\"font-size: 14pt;\"><b>3. Processing of divine water at Shizencos<\/b><\/span><\/h2>\n<p style=\"text-align: justify;\"><span style=\"font-weight: 400; font-size: 12pt;\">Shizencos t\u1ef1 h\u00e0o mang \u0111\u1ebfn d\u1ecbch v\u1ee5 gia c\u00f4ng n\u01b0\u1edbc th\u1ea7n to\u00e0n di\u1ec7n, t\u1eeb nghi\u00ean c\u1ee9u c\u00f4ng th\u1ee9c \u0111\u1ed9c quy\u1ec1n, ch\u1ecdn l\u1ecdc nguy\u00ean li\u1ec7u tinh t\u00fay, d\u00e2y chuy\u1ec1n s\u1ea3n xu\u1ea5t \u0111\u1ea1t chu\u1ea9n, cho \u0111\u1ebfn h\u1ed7 tr\u1ee3 ph\u00e1p l\u00fd v\u00e0 thi\u1ebft k\u1ebf bao b\u00ec sang tr\u1ecdng. V\u1edbi \u0111\u1ed9i ng\u0169 chuy\u00ean gia d\u00e0y d\u1eb7n kinh nghi\u1ec7m c\u00f9ng c\u00f4ng ngh\u1ec7 hi\u1ec7n \u0111\u1ea1i b\u1eadc nh\u1ea5t, ch\u00fang t\u00f4i cam k\u1ebft t\u1ea1o ra nh\u1eefng s\u1ea3n ph\u1ea9m n\u01b0\u1edbc th\u1ea7n \u0111\u1eb3ng c\u1ea5p, b\u1eaft k\u1ecbp xu h\u01b0\u1edbng l\u00e0m \u0111\u1eb9p th\u1eddi th\u01b0\u1ee3ng. H\u00e3y \u0111\u1ec3 Shizencos \u0111\u1ed3ng h\u00e0nh c\u00f9ng b\u1ea1n trong h\u00e0nh tr\u00ecnh kh\u1eb3ng \u0111\u1ecbnh v\u1ecb th\u1ebf v\u00e0 \u0111\u01b0a th\u01b0\u01a1ng hi\u1ec7u c\u1ee7a b\u1ea1n v\u01b0\u01a1n xa tr\u00ean th\u1ecb tr\u01b0\u1eddng l\u00e0m \u0111\u1eb9p \u0111\u1ea7y ti\u1ec1m n\u0103ng!<\/span><\/p>\n<figure id=\"attachment_11424\" aria-describedby=\"caption-attachment-11424\" style=\"width: 800px\" class=\"wp-caption aligncenter\"><a href=\"https:\/\/shizencos.com\/wp-content\/uploads\/2024\/09\/cong-dung-nuoc-than-mang-den-hieu-qua-vuot-troi.png\"><img decoding=\"async\" class=\"size-full wp-image-11424\" src=\"https:\/\/shizencos.com\/wp-content\/uploads\/2024\/09\/cong-dung-nuoc-than-mang-den-hieu-qua-vuot-troi.png\" alt=\"C\u00f4ng d\u1ee5ng n\u01b0\u1edbc th\u1ea7n mang \u0111\u1ebfn hi\u1ec7u qu\u1ea3 v\u01b0\u1ee3t tr\u1ed9i\" width=\"800\" height=\"400\" title=\"\" srcset=\"https:\/\/shizencos.com\/wp-content\/uploads\/2024\/09\/cong-dung-nuoc-than-mang-den-hieu-qua-vuot-troi.png 800w, https:\/\/shizencos.com\/wp-content\/uploads\/2024\/09\/cong-dung-nuoc-than-mang-den-hieu-qua-vuot-troi-150x75.png 150w, https:\/\/shizencos.com\/wp-content\/uploads\/2024\/09\/cong-dung-nuoc-than-mang-den-hieu-qua-vuot-troi-18x9.png 18w, https:\/\/shizencos.com\/wp-content\/uploads\/2024\/09\/cong-dung-nuoc-than-mang-den-hieu-qua-vuot-troi-300x150.png 300w, https:\/\/shizencos.com\/wp-content\/uploads\/2024\/09\/cong-dung-nuoc-than-mang-den-hieu-qua-vuot-troi-768x384.png 768w, https:\/\/shizencos.com\/wp-content\/uploads\/2024\/09\/cong-dung-nuoc-than-mang-den-hieu-qua-vuot-troi-600x300.png 600w\" sizes=\"(max-width: 800px) 100vw, 800px\" \/><\/a><figcaption id=\"caption-attachment-11424\" class=\"wp-caption-text\">The miraculous water brings outstanding results<\/figcaption><\/figure>\n<h3 style=\"text-align: justify;\"><span style=\"font-size: 14pt;\"><b>3.1 Advanced and diverse formula for making miracle water<\/b><\/span><\/h3>\n<p style=\"text-align: justify;\"><span style=\"font-weight: 400; font-size: 12pt;\">Shizencos is proud to have researched advanced and diverse formulas for processing miracle water, in order to meet all the needs of the modern beauty market. We use advanced production technology, combined with natural ingredients and superior active ingredients, to create exclusive formulas, from moisturizing, soothing to brightening the skin. With the creativity of the R&amp;D team, Shizencos brings optimal solutions, helping businesses develop the perfect miracle water product line, enhance brand value and dominate the market!<\/span><\/p>\n<h3 style=\"text-align: justify;\"><span style=\"font-size: 14pt;\"><b>3.2 Processing process at Shizencos<\/b><\/span><\/h3>\n<p style=\"text-align: justify;\"><span style=\"font-weight: 400; font-size: 12pt;\">The process of making divine water at Shizencos is designed systematically and comprehensively, ensuring to bring superior quality products. The steps in the process include:<\/span><\/p>\n<ol style=\"text-align: justify;\">\n<li style=\"font-weight: 400;\" aria-level=\"1\"><span style=\"font-size: 12pt;\"><b>Consulting and research<\/b><span style=\"font-weight: 400;\">: Analyze customer needs, market trends to create exclusive formulas.<\/span><\/span><\/li>\n<li style=\"font-weight: 400;\" aria-level=\"1\"><span style=\"font-size: 12pt;\"><b>Select raw materials<\/b><span style=\"font-weight: 400;\">: L\u1ef1a ch\u1ecdn nguy\u00ean li\u1ec7u cao c\u1ea5p, \u0111\u1ea3m b\u1ea3o an to\u00e0n v\u00e0 hi\u1ec7u qu\u1ea3 t\u1ed1i \u01b0u.<\/span><\/span><\/li>\n<li style=\"font-weight: 400;\" aria-level=\"1\"><span style=\"font-size: 12pt;\"><b>Provide and adjust test samples<\/b><span style=\"font-weight: 400;\">: Send samples for customer evaluation and formula completion.<\/span><\/span><\/li>\n<li style=\"font-weight: 400;\" aria-level=\"1\"><span style=\"font-size: 12pt;\"><b>Finalize formula and quote<\/b><span style=\"font-weight: 400;\">: Complete formula, specific and transparent quotation.<\/span><\/span><\/li>\n<li style=\"font-weight: 400;\" aria-level=\"1\"><span style=\"font-size: 12pt;\"><b>Signing contracts and mass production<\/b><span style=\"font-weight: 400;\">: Sign contract and start mass production, commit to progress and quality.<\/span><\/span><\/li>\n<li style=\"font-weight: 400;\" aria-level=\"1\"><span style=\"font-size: 12pt;\"><b>Thi\u1ebft k\u1ebf v\u00e0 \u0111\u00f3ng g\u00f3i<\/b><span style=\"font-weight: 400;\">: Create impressive packaging that matches brand identity.<\/span><\/span><\/li>\n<li style=\"font-weight: 400;\" aria-level=\"1\"><span style=\"font-size: 12pt;\"><b>Delivery and logistics support<\/b><span style=\"font-weight: 400;\">\u2013 On-time delivery with thoughtful after-sales service.<\/span><span style=\"font-weight: 400;\">.<\/span><\/span><\/li>\n<\/ol>\n<p style=\"text-align: justify;\"><span style=\"font-weight: 400; font-size: 12pt;\">Shizencos is the ideal choice for businesses looking to bring high-quality miracle water products to market quickly and efficiently. If you need more information, we are happy to assist!<\/span><\/p>\n<figure id=\"attachment_11425\" aria-describedby=\"caption-attachment-11425\" style=\"width: 800px\" class=\"wp-caption aligncenter\"><a href=\"https:\/\/shizencos.com\/wp-content\/uploads\/2024\/09\/nha-may-san-xuat-shizencos-gia-cong-nuoc-than-duoc-tin-chon-nhat-2024.png\"><img decoding=\"async\" class=\"size-full wp-image-11425\" src=\"https:\/\/shizencos.com\/wp-content\/uploads\/2024\/09\/nha-may-san-xuat-shizencos-gia-cong-nuoc-than-duoc-tin-chon-nhat-2024.png\" alt=\"Nh\u00e0 m\u00e1y s\u1ea3n xu\u1ea5t Shizencos gia c\u00f4ng n\u01b0\u1edbc th\u1ea7n \u0111\u01b0\u1ee3c tin ch\u1ecdn nh\u1ea5t 2024\" width=\"800\" height=\"400\" title=\"\" srcset=\"https:\/\/shizencos.com\/wp-content\/uploads\/2024\/09\/nha-may-san-xuat-shizencos-gia-cong-nuoc-than-duoc-tin-chon-nhat-2024.png 800w, https:\/\/shizencos.com\/wp-content\/uploads\/2024\/09\/nha-may-san-xuat-shizencos-gia-cong-nuoc-than-duoc-tin-chon-nhat-2024-150x75.png 150w, https:\/\/shizencos.com\/wp-content\/uploads\/2024\/09\/nha-may-san-xuat-shizencos-gia-cong-nuoc-than-duoc-tin-chon-nhat-2024-18x9.png 18w, https:\/\/shizencos.com\/wp-content\/uploads\/2024\/09\/nha-may-san-xuat-shizencos-gia-cong-nuoc-than-duoc-tin-chon-nhat-2024-300x150.png 300w, https:\/\/shizencos.com\/wp-content\/uploads\/2024\/09\/nha-may-san-xuat-shizencos-gia-cong-nuoc-than-duoc-tin-chon-nhat-2024-768x384.png 768w, https:\/\/shizencos.com\/wp-content\/uploads\/2024\/09\/nha-may-san-xuat-shizencos-gia-cong-nuoc-than-duoc-tin-chon-nhat-2024-600x300.png 600w\" sizes=\"(max-width: 800px) 100vw, 800px\" \/><\/a><figcaption id=\"caption-attachment-11425\" class=\"wp-caption-text\">Shizencos factory processes the most trusted miracle water in 2024<\/figcaption><\/figure>\n<h2 style=\"text-align: justify;\"><span style=\"font-size: 14pt;\"><b>Conclude<\/b><\/span><\/h2>\n<p style=\"text-align: justify;\"><span style=\"font-weight: 400;\">Processing miracle water is a breakthrough and potential beauty solution, not only providing consumers with intensive skin care but also opening up great opportunities for businesses in the cosmetics industry. With the continuous development of the market, investing in product quality and anticipating modern consumer trends is the key to success, helping brands rise and affirm their position in the beauty industry.<\/span><\/p>","protected":false},"excerpt":{"rendered":"<p>Gia c\u00f4ng n\u01b0\u1edbc th\u1ea7n hi\u1ec7n \u0111ang t\u1ea1o n\u00ean m\u1ed9t c\u01a1n s\u1ed1t m\u1edbi trong l\u0129nh v\u1ef1c l\u00e0m \u0111\u1eb9p, thu h\u00fat s\u1ef1 ch\u00fa \u00fd c\u1ee7a \u0111\u00f4ng \u0111\u1ea3o th\u01b0\u01a1ng hi\u1ec7u v\u00e0 ng\u01b0\u1eddi ti\u00eau d\u00f9ng. Nh\u1edd v\u00e0o s\u1ef1 \u0111\u1ed9t ph\u00e1 c\u1ee7a c\u00f4ng ngh\u1ec7 ti\u00ean ti\u1ebfn c\u00f9ng xu h\u01b0\u1edbng ch\u0103m s\u00f3c da ng\u00e0y c\u00e0ng c\u00e1 nh\u00e2n h\u00f3a, n\u01b0\u1edbc th\u1ea7n kh\u00f4ng [&hellip;]<\/p>\n","protected":false},"featured_media":11923,"comment_status":"open","ping_status":"closed","template":"","meta":[],"product_brand":[],"product_cat":[33],"product_tag":[],"class_list":{"0":"post-11202","1":"product","2":"type-product","3":"status-publish","4":"has-post-thumbnail","6":"product_cat-gia-cong-san-pham-cham-soc-da-mat","8":"first","9":"instock","10":"shipping-taxable","11":"product-type-simple"},"_links":{"self":[{"href":"https:\/\/shizencos.com\/en\/wp-json\/wp\/v2\/product\/11202","targetHints":{"allow":["GET"]}}],"collection":[{"href":"https:\/\/shizencos.com\/en\/wp-json\/wp\/v2\/product"}],"about":[{"href":"https:\/\/shizencos.com\/en\/wp-json\/wp\/v2\/types\/product"}],"replies":[{"embeddable":true,"href":"https:\/\/shizencos.com\/en\/wp-json\/wp\/v2\/comments?post=11202"}],"wp:featuredmedia":[{"embeddable":true,"href":"https:\/\/shizencos.com\/en\/wp-json\/wp\/v2\/media\/11923"}],"wp:attachment":[{"href":"https:\/\/shizencos.com\/en\/wp-json\/wp\/v2\/media?parent=11202"}],"wp:term":[{"taxonomy":"product_brand","embeddable":true,"href":"https:\/\/shizencos.com\/en\/wp-json\/wp\/v2\/product_brand?post=11202"},{"taxonomy":"product_cat","embeddable":true,"href":"https:\/\/shizencos.com\/en\/wp-json\/wp\/v2\/product_cat?post=11202"},{"taxonomy":"product_tag","embeddable":true,"href":"https:\/\/shizencos.com\/en\/wp-json\/wp\/v2\/product_tag?post=11202"}],"curies":[{"name":"wp","href":"https:\/\/api.w.org\/{rel}","templated":true}]}}