{"id":11199,"date":"2024-09-23T13:20:37","date_gmt":"2024-09-23T06:20:37","guid":{"rendered":"https:\/\/shizencos.com\/?post_type=product&#038;p=11199"},"modified":"2025-05-26T18:43:21","modified_gmt":"2025-05-26T11:43:21","slug":"gia-cong-toner","status":"publish","type":"product","link":"https:\/\/shizencos.com\/en\/gia-cong-toner\/","title":{"rendered":"Toner processing"},"content":{"rendered":"<p style=\"text-align: justify;\"><span style=\"font-size: 12pt;\"><i>Shizencos cung c\u1ea5p d\u1ecbch v\u1ee5 gia c\u00f4ng toner to\u00e0n di\u1ec7n, t\u1eeb c\u00f4ng th\u1ee9c \u0111\u1ed9c quy\u1ec1n \u0111\u1ebfn h\u1ed3 s\u01a1 ph\u00e1p l\u00fd \u0111\u1ea7y \u0111\u1ee7. \u0110\u01b0a th\u01b0\u01a1ng hi\u1ec7u c\u1ee7a b\u1ea1n b\u1ee9t ph\u00e1 th\u1ecb tr\u01b0\u1eddng v\u1edbi s\u1ea3n ph\u1ea9m ch\u1ea5t l\u01b0\u1ee3ng cao v\u00e0 gi\u1ea3i ph\u00e1p t\u1ed1i \u01b0u t\u1eeb Shizencos!<\/i><\/span><\/p>\n<h2><span style=\"font-size: 14pt;\"><b>1. What is Toner Processing?<\/b><\/span><\/h2>\n<p><span style=\"font-weight: 400; font-size: 12pt;\">Gia c\u00f4ng toner l\u00e0 quy tr\u00ecnh s\u1ea3n xu\u1ea5t v\u00e0 ho\u00e0n thi\u1ec7n s\u1ea3n ph\u1ea9m toner theo y\u00eau c\u1ea7u c\u1ee7a m\u1ed9t th\u01b0\u01a1ng hi\u1ec7u ho\u1eb7c doanh nghi\u1ec7p, m\u00e0 kh\u00f4ng c\u1ea7n h\u1ecd t\u1ef1 thi\u1ebft l\u1eadp d\u00e2y chuy\u1ec1n s\u1ea3n xu\u1ea5t. Quy tr\u00ecnh n\u00e0y th\u01b0\u1eddng bao g\u1ed3m c\u00e1c b\u01b0\u1edbc nh\u01b0 nghi\u00ean c\u1ee9u c\u00f4ng th\u1ee9c \u0111\u1ed9c quy\u1ec1n, l\u1ef1a ch\u1ecdn nguy\u00ean li\u1ec7u ch\u1ea5t l\u01b0\u1ee3ng cao, ki\u1ec3m \u0111\u1ecbnh s\u1ea3n ph\u1ea9m nghi\u00eam ng\u1eb7t, \u0111\u00f3ng g\u00f3i theo thi\u1ebft k\u1ebf th\u01b0\u01a1ng hi\u1ec7u, v\u00e0 h\u1ed7 tr\u1ee3 c\u00e1c th\u1ee7 t\u1ee5c ph\u00e1p l\u00fd c\u1ea7n thi\u1ebft.<\/span><\/p>\n<h2><span style=\"font-size: 14pt;\"><b>2. Benefits of choosing Toner processing<\/b><\/span><\/h2>\n<p><span style=\"font-weight: 400; font-size: 12pt;\">Choosing toner manufacturing helps businesses save on production costs, launch products quickly and ensure international quality standards. This is the optimal solution for brands that want to expand and make their mark on the market! Below are the outstanding benefits of toner manufacturing:<\/span><\/p>\n<p><span style=\"font-size: 12pt;\"><span style=\"font-weight: 400;\">Products meet international standards <\/span><b>Cost-effective, flexible optimization<\/b><span style=\"font-weight: 400;\">: Kh\u00f4ng c\u1ea7n \u0111\u1ea7u t\u01b0 v\u00e0o h\u1ec7 th\u1ed1ng s\u1ea3n xu\u1ea5t ph\u1ee9c t\u1ea1p.<\/span><\/span><\/p>\n<p><span style=\"font-size: 12pt;\"><span style=\"font-weight: 400;\">Products meet international standards <\/span><b>S\u1ea3n ph\u1ea9m \u0111\u1ea1t ti\u00eau chu\u1ea9n qu\u1ed1c t\u1ebf<\/b><span style=\"font-weight: 400;\">: Ch\u1ea5t l\u01b0\u1ee3ng s\u1ea3n ph\u1ea9m \u0111\u01b0\u1ee3c ki\u1ec3m nghi\u1ec7m nghi\u00eam ng\u1eb7t.<\/span><\/span><\/p>\n<p><span style=\"font-size: 12pt;\"><span style=\"font-weight: 400;\">Products meet international standards <\/span><b>High quality ingredients<\/b><span style=\"font-weight: 400;\">: Carefully selected and strictly tested.<\/span><\/span><\/p>\n<p><span style=\"font-size: 12pt;\"><span style=\"font-weight: 400;\">Products meet international standards <\/span><b>Comprehensive legal support<\/b><span style=\"font-weight: 400;\">: Simplify product registration and inspection procedures.<\/span><\/span><\/p>\n<p><span style=\"font-size: 12pt;\"><span style=\"font-weight: 400;\">Products meet international standards <\/span><b>Speed \u200b\u200bup production<\/b><span style=\"font-weight: 400;\">: Help products quickly launch to market.<\/span><\/span><\/p>\n<p><span style=\"font-size: 12pt;\"><span style=\"font-weight: 400;\">Products meet international standards <\/span><b>Professional branding<\/b><span style=\"font-weight: 400;\">: Support for impressive and unique packaging design.<\/span><\/span><\/p>\n<p>&nbsp;<\/p>\n<figure id=\"attachment_11520\" aria-describedby=\"caption-attachment-11520\" style=\"width: 1500px\" class=\"wp-caption aligncenter\"><a href=\"https:\/\/shizencos.com\/wp-content\/uploads\/2024\/09\/gia-cong-toner-hien-rat-pho-bien-tren-thi-truong.png\"><img fetchpriority=\"high\" decoding=\"async\" class=\"size-full wp-image-11520\" src=\"https:\/\/shizencos.com\/wp-content\/uploads\/2024\/09\/gia-cong-toner-hien-rat-pho-bien-tren-thi-truong.png\" alt=\"Gia c\u00f4ng toner hi\u1ec7n r\u1ea5t ph\u1ed5 bi\u1ebfn tr\u00ean th\u1ecb tr\u01b0\u1eddng\" width=\"1500\" height=\"600\" title=\"\" srcset=\"https:\/\/shizencos.com\/wp-content\/uploads\/2024\/09\/gia-cong-toner-hien-rat-pho-bien-tren-thi-truong.png 1500w, https:\/\/shizencos.com\/wp-content\/uploads\/2024\/09\/gia-cong-toner-hien-rat-pho-bien-tren-thi-truong-150x60.png 150w, https:\/\/shizencos.com\/wp-content\/uploads\/2024\/09\/gia-cong-toner-hien-rat-pho-bien-tren-thi-truong-18x7.png 18w, https:\/\/shizencos.com\/wp-content\/uploads\/2024\/09\/gia-cong-toner-hien-rat-pho-bien-tren-thi-truong-300x120.png 300w, https:\/\/shizencos.com\/wp-content\/uploads\/2024\/09\/gia-cong-toner-hien-rat-pho-bien-tren-thi-truong-768x307.png 768w, https:\/\/shizencos.com\/wp-content\/uploads\/2024\/09\/gia-cong-toner-hien-rat-pho-bien-tren-thi-truong-1024x410.png 1024w, https:\/\/shizencos.com\/wp-content\/uploads\/2024\/09\/gia-cong-toner-hien-rat-pho-bien-tren-thi-truong-600x240.png 600w\" sizes=\"(max-width: 1500px) 100vw, 1500px\" \/><\/a><figcaption id=\"caption-attachment-11520\" class=\"wp-caption-text\">Toner processing is very popular in the market now.<\/figcaption><\/figure>\n<h2><span style=\"font-size: 14pt;\"><b>3. Toner processing at Shizencos<\/b><\/span><\/h2>\n<p><span style=\"font-weight: 400;\">Gia c\u00f4ng toner t\u1ea1i Shizencos mang l\u1ea1i gi\u1ea3i ph\u00e1p tr\u1ecdn g\u00f3i, chuy\u00ean nghi\u1ec7p t\u1eeb nghi\u00ean c\u1ee9u c\u00f4ng th\u1ee9c \u0111\u1ed9c quy\u1ec1n, ch\u1ecdn nguy\u00ean li\u1ec7u cao c\u1ea5p \u0111\u1ebfn d\u00e2y chuy\u1ec1n s\u1ea3n xu\u1ea5t kh\u00e9p k\u00edn&#8230; V\u1edbi d\u1ecbch v\u1ee5 to\u00e0n di\u1ec7n, Shizencos gi\u00fap th\u01b0\u01a1ng hi\u1ec7u c\u1ee7a b\u1ea1n t\u1ed1i \u01b0u h\u00f3a chi ph\u00ed, nhanh ch\u00f3ng \u0111\u01b0a s\u1ea3n ph\u1ea9m ra th\u1ecb tr\u01b0\u1eddng v\u00e0 kh\u1eb3ng \u0111\u1ecbnh v\u1ecb th\u1ebf v\u1edbi nh\u1eefng s\u1ea3n ph\u1ea9m ch\u1ea5t l\u01b0\u1ee3ng v\u01b0\u1ee3t tr\u1ed9i. \u0110\u00e2y \u0111\u1ed1i t\u00e1c l\u00fd t\u01b0\u1edfng \u0111\u1ec3 ph\u00e1t tri\u1ec3n d\u00f2ng toner \u0111\u1eb7c s\u1eafc, t\u1ea1o d\u1ea5u \u1ea5n ri\u00eang bi\u1ec7t cho th\u01b0\u01a1ng hi\u1ec7u c\u1ee7a b\u1ea1n.<\/span><\/p>\n<p>&nbsp;<\/p>\n<figure id=\"attachment_11519\" aria-describedby=\"caption-attachment-11519\" style=\"width: 1500px\" class=\"wp-caption aligncenter\"><a href=\"https:\/\/shizencos.com\/wp-content\/uploads\/2024\/09\/san-pham-gia-cong-toner-tai-shizencos-co-nhieu-tinh-chat-tot-cho-da.png\"><img decoding=\"async\" class=\"size-full wp-image-11519\" src=\"https:\/\/shizencos.com\/wp-content\/uploads\/2024\/09\/san-pham-gia-cong-toner-tai-shizencos-co-nhieu-tinh-chat-tot-cho-da.png\" alt=\"S\u1ea3n ph\u1ea9m gia c\u00f4ng toner t\u1ea1i Shizencos c\u00f3 nhi\u1ec1u tinh ch\u1ea5t t\u1ed1t cho da\" width=\"1500\" height=\"600\" title=\"\" srcset=\"https:\/\/shizencos.com\/wp-content\/uploads\/2024\/09\/san-pham-gia-cong-toner-tai-shizencos-co-nhieu-tinh-chat-tot-cho-da.png 1500w, https:\/\/shizencos.com\/wp-content\/uploads\/2024\/09\/san-pham-gia-cong-toner-tai-shizencos-co-nhieu-tinh-chat-tot-cho-da-150x60.png 150w, https:\/\/shizencos.com\/wp-content\/uploads\/2024\/09\/san-pham-gia-cong-toner-tai-shizencos-co-nhieu-tinh-chat-tot-cho-da-18x7.png 18w, https:\/\/shizencos.com\/wp-content\/uploads\/2024\/09\/san-pham-gia-cong-toner-tai-shizencos-co-nhieu-tinh-chat-tot-cho-da-300x120.png 300w, https:\/\/shizencos.com\/wp-content\/uploads\/2024\/09\/san-pham-gia-cong-toner-tai-shizencos-co-nhieu-tinh-chat-tot-cho-da-768x307.png 768w, https:\/\/shizencos.com\/wp-content\/uploads\/2024\/09\/san-pham-gia-cong-toner-tai-shizencos-co-nhieu-tinh-chat-tot-cho-da-1024x410.png 1024w, https:\/\/shizencos.com\/wp-content\/uploads\/2024\/09\/san-pham-gia-cong-toner-tai-shizencos-co-nhieu-tinh-chat-tot-cho-da-600x240.png 600w\" sizes=\"(max-width: 1500px) 100vw, 1500px\" \/><\/a><figcaption id=\"caption-attachment-11519\" class=\"wp-caption-text\">Toner products processed at Shizencos have many good essences for the skin.<\/figcaption><\/figure>\n<h3><span style=\"font-size: 14pt;\"><b>3.1 Diverse toner processing formula<\/b><\/span><\/h3>\n<p><span style=\"font-weight: 400; font-size: 12pt;\">Shizencos offers a variety of toner processing formulas to meet many different skin care needs. With a team of experts researching and updating beauty trends, toner products at Shizencos are optimized from ingredients to effectiveness:<\/span><\/p>\n<ul>\n<li style=\"font-weight: 400;\" aria-level=\"1\"><span style=\"font-size: 12pt;\"><b>Brightening Toner<\/b><span style=\"font-weight: 400;\">: Contains active ingredients that help improve skin tone and bring radiance.<\/span><\/span><\/li>\n<li style=\"font-weight: 400;\" aria-level=\"1\"><span style=\"font-size: 12pt;\"><b>pH balancing toner<\/b><span style=\"font-weight: 400;\">: Helps restore natural pH, enhances skin health.<\/span><\/span><\/li>\n<li style=\"font-weight: 400;\" aria-level=\"1\"><span style=\"font-size: 12pt;\"><b>Deep moisturizing toner<\/b><span style=\"font-weight: 400;\">: Restores dry skin, leaving it feeling soft and fresh.<\/span><\/span><\/li>\n<li style=\"font-weight: 400;\" aria-level=\"1\"><span style=\"font-size: 12pt;\"><b>Toner helps reduce oil<\/b><span style=\"font-weight: 400;\">: Controls oil, keeps skin dry and reduces shine.<\/span><\/span><\/li>\n<\/ul>\n<p><span style=\"font-weight: 400; font-size: 12pt;\">Shizencos constantly researches and improves to provide exclusive formulas and bring the highest quality products, suitable for market needs and trends. That is the strength that helps your business and brand make a difference!<\/span><\/p>\n<figure id=\"attachment_11521\" aria-describedby=\"caption-attachment-11521\" style=\"width: 1500px\" class=\"wp-caption aligncenter\"><a href=\"https:\/\/shizencos.com\/wp-content\/uploads\/2024\/09\/ap-dung-cong-nghe-tien-tien-vao-he-thong-quy-trinh.png\"><img decoding=\"async\" class=\"size-full wp-image-11521\" src=\"https:\/\/shizencos.com\/wp-content\/uploads\/2024\/09\/ap-dung-cong-nghe-tien-tien-vao-he-thong-quy-trinh.png\" alt=\"\u00c1p d\u1ee5ng c\u00f4ng ngh\u1ec7 ti\u00ean ti\u1ebfn v\u00e0o h\u1ec7 th\u1ed1ng quy tr\u00ecnh\" width=\"1500\" height=\"600\" title=\"\" srcset=\"https:\/\/shizencos.com\/wp-content\/uploads\/2024\/09\/ap-dung-cong-nghe-tien-tien-vao-he-thong-quy-trinh.png 1500w, https:\/\/shizencos.com\/wp-content\/uploads\/2024\/09\/ap-dung-cong-nghe-tien-tien-vao-he-thong-quy-trinh-150x60.png 150w, https:\/\/shizencos.com\/wp-content\/uploads\/2024\/09\/ap-dung-cong-nghe-tien-tien-vao-he-thong-quy-trinh-18x7.png 18w, https:\/\/shizencos.com\/wp-content\/uploads\/2024\/09\/ap-dung-cong-nghe-tien-tien-vao-he-thong-quy-trinh-300x120.png 300w, https:\/\/shizencos.com\/wp-content\/uploads\/2024\/09\/ap-dung-cong-nghe-tien-tien-vao-he-thong-quy-trinh-768x307.png 768w, https:\/\/shizencos.com\/wp-content\/uploads\/2024\/09\/ap-dung-cong-nghe-tien-tien-vao-he-thong-quy-trinh-1024x410.png 1024w, https:\/\/shizencos.com\/wp-content\/uploads\/2024\/09\/ap-dung-cong-nghe-tien-tien-vao-he-thong-quy-trinh-600x240.png 600w\" sizes=\"(max-width: 1500px) 100vw, 1500px\" \/><\/a><figcaption id=\"caption-attachment-11521\" class=\"wp-caption-text\">Apply advanced technology to process systems<\/figcaption><\/figure>\n<h3><span style=\"font-size: 14pt;\"><b>3.2 Toner processing process at Shizencos<\/b><\/span><\/h3>\n<p><span style=\"font-weight: 400; font-size: 12pt;\">The toner manufacturing process at Shizencos is carried out professionally and optimally, ensuring the highest quality products. Here are the specific steps:<\/span><\/p>\n<ol>\n<li style=\"font-weight: 400;\" aria-level=\"1\"><span style=\"font-size: 12pt;\"><b>Consulting required<\/b><span style=\"font-weight: 400;\">: Listen to needs and orient formulas to suit the brand.<\/span><\/span><\/li>\n<li style=\"font-weight: 400;\" aria-level=\"1\"><span style=\"font-size: 12pt;\"><b>Research and development<\/b><span style=\"font-weight: 400;\">: R&amp;D team creates exclusive, effective and safe formula.<\/span><\/span><\/li>\n<li style=\"font-weight: 400;\" aria-level=\"1\"><span style=\"font-size: 12pt;\"><b>Provide and adjust test samples<\/b><span style=\"font-weight: 400;\">: Provide samples for customers to test, comment and refine.<\/span><\/span><\/li>\n<li style=\"font-weight: 400;\" aria-level=\"1\"><span style=\"font-size: 12pt;\"><b>Finalize formula and quote<\/b><span style=\"font-weight: 400;\">: Finalize formula, calculate cost and agree cooperation.<\/span><\/span><\/li>\n<li style=\"font-weight: 400;\" aria-level=\"1\"><span style=\"font-size: 12pt;\"><b>Sign the contract<\/b><span style=\"font-weight: 400;\">: The two parties signed a contract, committed to ensuring quality and progress.<\/span><\/span><\/li>\n<li style=\"font-weight: 400;\" aria-level=\"1\"><span style=\"font-size: 12pt;\"><b>Raw material inspection<\/b><span style=\"font-weight: 400;\">: Import and test raw materials to meet international standards.<\/span><\/span><\/li>\n<li style=\"font-weight: 400;\" aria-level=\"1\"><span style=\"font-size: 12pt;\"><b>Mass production<\/b><span style=\"font-weight: 400;\">: Production according to GMP standards, ensuring consistent quality.<\/span><\/span><\/li>\n<li style=\"font-weight: 400;\" aria-level=\"1\"><span style=\"font-size: 12pt;\"><b>Product packaging<\/b><span style=\"font-weight: 400;\">: Filling, sealing and packaging design according to brand requirements.<\/span><\/span><\/li>\n<li style=\"font-weight: 400;\" aria-level=\"1\"><span style=\"font-size: 12pt;\"><b>Delivery and after-sales support<\/b><span style=\"font-weight: 400;\">: On-time delivery and go-to-market strategy support.<\/span><\/span><\/li>\n<\/ol>\n<h2><span style=\"font-size: 14pt;\"><b>Conclude<\/b><\/span><\/h2>\n<p><span style=\"font-weight: 400; font-size: 12pt;\">Shizencos not only brings superior quality products but also is a reliable companion, supporting your brand to develop sustainably and affirm its position in the market. With a professional process and commitment to quality, Shizencos becomes an ideal partner, helping your brand to make a difference and leave a strong mark in the cosmetics industry. Choose Shizencos, choose success and reputation!<\/span><\/p>","protected":false},"excerpt":{"rendered":"<p><span style=\"font-weight: 400;\">Shizencos provides comprehensive toner manufacturing services, from proprietary formulas to GMP quality testing. Make your brand stand out in the market with high-quality products and optimal solutions from Shizencos!<\/span><\/p>","protected":false},"featured_media":11233,"comment_status":"open","ping_status":"closed","template":"","meta":[],"product_brand":[],"product_cat":[33],"product_tag":[],"class_list":{"0":"post-11199","1":"product","2":"type-product","3":"status-publish","4":"has-post-thumbnail","6":"product_cat-gia-cong-san-pham-cham-soc-da-mat","8":"first","9":"instock","10":"shipping-taxable","11":"product-type-simple"},"_links":{"self":[{"href":"https:\/\/shizencos.com\/en\/wp-json\/wp\/v2\/product\/11199","targetHints":{"allow":["GET"]}}],"collection":[{"href":"https:\/\/shizencos.com\/en\/wp-json\/wp\/v2\/product"}],"about":[{"href":"https:\/\/shizencos.com\/en\/wp-json\/wp\/v2\/types\/product"}],"replies":[{"embeddable":true,"href":"https:\/\/shizencos.com\/en\/wp-json\/wp\/v2\/comments?post=11199"}],"wp:featuredmedia":[{"embeddable":true,"href":"https:\/\/shizencos.com\/en\/wp-json\/wp\/v2\/media\/11233"}],"wp:attachment":[{"href":"https:\/\/shizencos.com\/en\/wp-json\/wp\/v2\/media?parent=11199"}],"wp:term":[{"taxonomy":"product_brand","embeddable":true,"href":"https:\/\/shizencos.com\/en\/wp-json\/wp\/v2\/product_brand?post=11199"},{"taxonomy":"product_cat","embeddable":true,"href":"https:\/\/shizencos.com\/en\/wp-json\/wp\/v2\/product_cat?post=11199"},{"taxonomy":"product_tag","embeddable":true,"href":"https:\/\/shizencos.com\/en\/wp-json\/wp\/v2\/product_tag?post=11199"}],"curies":[{"name":"wp","href":"https:\/\/api.w.org\/{rel}","templated":true}]}}