{"id":11197,"date":"2024-09-23T13:17:56","date_gmt":"2024-09-23T06:17:56","guid":{"rendered":"https:\/\/shizencos.com\/?post_type=product&#038;p=11197"},"modified":"2025-08-13T10:11:05","modified_gmt":"2025-08-13T03:11:05","slug":"gia-cong-sua-rua-mat","status":"publish","type":"product","link":"https:\/\/shizencos.com\/en\/gia-cong-sua-rua-mat\/","title":{"rendered":"Facial cleanser processing"},"content":{"rendered":"<p style=\"text-align: justify;\"><span style=\"font-weight: 400;\">Shizencos &#8211; Nh\u00e0 m\u00e1y gia c\u00f4ng s\u1eefa r\u1eeda m\u1eb7t \u0111\u1ea1t chu\u1ea9n v\u1edbi d\u00e2y chuy\u1ec1n kh\u00e9p k\u00edn, c\u00f4ng ngh\u1ec7 cao. Cung c\u1ea5p d\u1ecbch v\u1ee5 gia c\u00f4ng tr\u1ecdn g\u00f3i: Nghi\u00ean c\u1ee9u &#8211; S\u1ea3n xu\u1ea5t &#8211; C\u00f4ng b\u1ed1 s\u1ea3n ph\u1ea9m. Shizencos s\u1edf h\u1eefu b\u1ed9 s\u01b0u t\u1eadp c\u00f4ng th\u1ee9c s\u1eefa r\u1eeda m\u1eb7t \u0111a d\u1ea1ng \u0111\u00e1p \u1ee9ng nhanh xu h\u01b0\u1edbng th\u1ecb tr\u01b0\u1eddng v\u00e0 nhu c\u1ea7u ri\u00eang bi\u1ec7t c\u1ee7a t\u1eebng th\u01b0\u01a1ng hi\u1ec7u.\u00a0<\/span><\/p>\n<p style=\"text-align: justify;\"><span style=\"font-weight: 400;\">In this article, we will help you explore the facial cleanser processing service at Shizencos, from the outstanding benefits of cooperation to the closed, professional production process - a solid stepping stone to building a successful cosmetic brand!<\/span><\/p>\n<h2 style=\"text-align: justify;\"><span style=\"font-size: 14pt;\"><b>1. What is facial cleanser processing?<\/b><\/span><\/h2>\n<p style=\"text-align: justify;\"><span style=\"font-size: 12pt;\"><b>Facial cleanser is<\/b><span style=\"font-weight: 400;\"> A skin care product that helps to clean dirt, excess oil and impurities on the skin, helping to clear the skin and reduce acne and aging problems. With many different formulas, facial cleansers can provide moisture, whiten, control oil or support the treatment of dermatological problems.<\/span><\/span><\/p>\n<p style=\"text-align: justify;\"><span style=\"font-size: 12pt;\"><b>Facial cleanser processing is <\/b><span style=\"font-weight: 400;\">Custom cosmetics manufacturing service, in which businesses and cosmetic brands cooperate with manufacturing factories to create products with their own brands. This process includes formula research, production, packaging and quality control, helping businesses optimize costs and focus on brand development.<\/span><\/span><\/p>\n<figure id=\"attachment_11510\" aria-describedby=\"caption-attachment-11510\" style=\"width: 800px\" class=\"wp-caption aligncenter\"><a href=\"https:\/\/shizencos.com\/wp-content\/uploads\/2024\/09\/gia-cong-sua-rua-mat-o-don-vi-shizencos-dam-bao-an-toan.png\"><img fetchpriority=\"high\" decoding=\"async\" class=\"size-full wp-image-11510\" src=\"https:\/\/shizencos.com\/wp-content\/uploads\/2024\/09\/gia-cong-sua-rua-mat-o-don-vi-shizencos-dam-bao-an-toan.png\" alt=\"C\u00e1c th\u01b0\u01a1ng hi\u1ec7u gia c\u00f4ng s\u1eefa r\u1eeda m\u1eb7t ng\u00e0y c\u00e0ng t\u0103ng cao\" width=\"800\" height=\"400\" title=\"\" srcset=\"https:\/\/shizencos.com\/wp-content\/uploads\/2024\/09\/gia-cong-sua-rua-mat-o-don-vi-shizencos-dam-bao-an-toan.png 800w, https:\/\/shizencos.com\/wp-content\/uploads\/2024\/09\/gia-cong-sua-rua-mat-o-don-vi-shizencos-dam-bao-an-toan-150x75.png 150w, https:\/\/shizencos.com\/wp-content\/uploads\/2024\/09\/gia-cong-sua-rua-mat-o-don-vi-shizencos-dam-bao-an-toan-18x9.png 18w, https:\/\/shizencos.com\/wp-content\/uploads\/2024\/09\/gia-cong-sua-rua-mat-o-don-vi-shizencos-dam-bao-an-toan-300x150.png 300w, https:\/\/shizencos.com\/wp-content\/uploads\/2024\/09\/gia-cong-sua-rua-mat-o-don-vi-shizencos-dam-bao-an-toan-768x384.png 768w, https:\/\/shizencos.com\/wp-content\/uploads\/2024\/09\/gia-cong-sua-rua-mat-o-don-vi-shizencos-dam-bao-an-toan-600x300.png 600w\" sizes=\"(max-width: 800px) 100vw, 800px\" \/><\/a><figcaption id=\"caption-attachment-11510\" class=\"wp-caption-text\">The number of facial cleanser manufacturing brands is increasing.<\/figcaption><\/figure>\n<h2 style=\"text-align: justify;\"><strong><span style=\"font-size: 14pt;\">2. Benefits of choosing facial cleanser manufacturing<\/span><\/strong><\/h2>\n<p style=\"text-align: justify;\"><span style=\"font-size: 12pt;\"><span style=\"font-weight: 400;\">The selection <\/span><b>facial cleanser processing<\/b><span style=\"font-weight: 400;\"> brings many important benefits to cosmetic businesses, helping them save costs, ensure product quality and quickly bring their brands to market. Instead of investing in complex production systems, brands can take advantage of technology and experience from reputable processing factories like Shizencos to create high-quality products that suit consumer trends.<\/span><\/span><\/p>\n<p style=\"text-align: justify;\"><span style=\"font-weight: 400; font-size: 12pt;\">\u2705 Save investment costs and time<\/span><\/p>\n<p style=\"text-align: justify;\"><span style=\"font-weight: 400; font-size: 12pt;\">\u2705 Exclusive, diverse formula<\/span><\/p>\n<p style=\"text-align: justify;\"><span style=\"font-weight: 400; font-size: 12pt;\">\u2705 \u0110\u1ea3m b\u1ea3o ch\u1ea5t l\u01b0\u1ee3ng s\u1ea3n ph\u1ea9m \u0111\u1ea1t chu\u1ea9n<\/span><\/p>\n<p style=\"text-align: justify;\"><span style=\"font-weight: 400; font-size: 12pt;\">\u2705 Support all legal documents, product declaration and quality inspection<\/span><\/p>\n<p style=\"text-align: justify;\"><span style=\"font-weight: 400; font-size: 12pt;\">\u2705 Support packaging design and branding<\/span><\/p>\n<h2 style=\"text-align: justify;\"><span style=\"font-size: 14pt;\"><b>3. Facial cleanser processing at Shizencos<\/b><\/span><\/h2>\n<p style=\"text-align: justify;\"><span style=\"font-size: 12pt;\"><span style=\"font-weight: 400;\">With many years of experience in the cosmetics processing industry, <\/span><b>Shizencos<\/b><span style=\"font-weight: 400;\"> l\u00e0 \u0111\u1ed1i t\u00e1c chi\u1ebfn l\u01b0\u1ee3c c\u1ee7a nhi\u1ec1u th\u01b0\u01a1ng hi\u1ec7u l\u1edbn nh\u1edd v\u00e0o h\u1ec7 th\u1ed1ng nh\u00e0 m\u00e1y hi\u1ec7n \u0111\u1ea1i, trang thi\u1ebft b\u1ecb ti\u00ean ti\u1ebfn v\u00e0 quy tr\u00ecnh s\u1ea3n xu\u1ea5t kh\u00e9p k\u00edn. Ch\u00fang t\u00f4i cam k\u1ebft mang \u0111\u1ebfn c\u00e1c s\u1ea3n ph\u1ea9m s\u1eefa r\u1eeda m\u1eb7t ch\u1ea5t l\u01b0\u1ee3ng cao, \u0111\u00e1p \u1ee9ng nhu c\u1ea7u \u0111a d\u1ea1ng c\u1ee7a doanh nghi\u1ec7p v\u00e0 xu h\u01b0\u1edbng th\u1ecb tr\u01b0\u1eddng.<\/span><\/span><\/p>\n<figure id=\"attachment_11511\" aria-describedby=\"caption-attachment-11511\" style=\"width: 800px\" class=\"wp-caption aligncenter\"><a href=\"https:\/\/shizencos.com\/wp-content\/uploads\/2024\/09\/gia-cong-sua-rua-mat-voi-da-dang-chat-khac-nhau.png\"><img decoding=\"async\" class=\"size-full wp-image-11511\" src=\"https:\/\/shizencos.com\/wp-content\/uploads\/2024\/09\/gia-cong-sua-rua-mat-voi-da-dang-chat-khac-nhau.png\" alt=\"Gia c\u00f4ng s\u1eefa r\u1eeda m\u1eb7t v\u1edbi \u0111a d\u1ea1ng ch\u1ea5t kh\u00e1c nhau\" width=\"800\" height=\"400\" title=\"\" srcset=\"https:\/\/shizencos.com\/wp-content\/uploads\/2024\/09\/gia-cong-sua-rua-mat-voi-da-dang-chat-khac-nhau.png 800w, https:\/\/shizencos.com\/wp-content\/uploads\/2024\/09\/gia-cong-sua-rua-mat-voi-da-dang-chat-khac-nhau-150x75.png 150w, https:\/\/shizencos.com\/wp-content\/uploads\/2024\/09\/gia-cong-sua-rua-mat-voi-da-dang-chat-khac-nhau-18x9.png 18w, https:\/\/shizencos.com\/wp-content\/uploads\/2024\/09\/gia-cong-sua-rua-mat-voi-da-dang-chat-khac-nhau-300x150.png 300w, https:\/\/shizencos.com\/wp-content\/uploads\/2024\/09\/gia-cong-sua-rua-mat-voi-da-dang-chat-khac-nhau-768x384.png 768w, https:\/\/shizencos.com\/wp-content\/uploads\/2024\/09\/gia-cong-sua-rua-mat-voi-da-dang-chat-khac-nhau-600x300.png 600w\" sizes=\"(max-width: 800px) 100vw, 800px\" \/><\/a><figcaption id=\"caption-attachment-11511\" class=\"wp-caption-text\">Processing facial cleanser with a variety of different substances<\/figcaption><\/figure>\n<h3 style=\"text-align: justify;\"><span style=\"font-size: 14pt;\"><b>3.1 Diverse facial cleanser formulas<\/b><\/span><\/h3>\n<p style=\"text-align: justify;\"><span style=\"font-weight: 400; font-size: 12pt;\">Shizencos owns a rich collection of facial cleanser formulas, carefully researched to meet market trends and the specific needs of each cosmetic brand. We constantly innovate and develop product lines to provide optimal solutions for each skin type and different beauty goals:<\/span><\/p>\n<ul style=\"text-align: justify;\">\n<li style=\"font-weight: 400;\" aria-level=\"1\"><span style=\"font-size: 12pt;\"><b>Gel cleanser<\/b><span style=\"font-weight: 400;\">: Mild, soap-free formula helps clean skin without causing dryness. Suitable for sensitive skin, oily and acne-prone skin.<\/span><\/span><\/li>\n<li style=\"font-weight: 400;\" aria-level=\"1\"><span style=\"font-size: 12pt;\"><b>Foaming cleanser<\/b><span style=\"font-weight: 400;\">: Deep cleansing, effectively removes dirt and excess oil, suitable for oily and combination skin.<\/span><\/span><\/li>\n<li style=\"font-weight: 400;\" aria-level=\"1\"><span style=\"font-size: 12pt;\"><b>Cream cleanser<\/b><span style=\"font-weight: 400;\">: Contains moisturizing ingredients such as hyaluronic acid and glycerin to help provide moisture and soften the skin, suitable for dry and sensitive skin.<\/span><\/span><\/li>\n<li style=\"font-weight: 400;\" aria-level=\"1\"><span style=\"font-size: 12pt;\"><b>Oil cleanser<\/b><span style=\"font-weight: 400;\">: Integrates makeup remover and deep cleansing functions, helping to dissolve excess oil and makeup without causing irritation.<\/span><\/span><\/li>\n<li style=\"font-weight: 400;\" aria-level=\"1\"><span style=\"font-size: 12pt;\"><b>Natural\/organic facial cleanser<\/b><span style=\"font-weight: 400;\">: With natural extracts such as green tea, aloe vera, activated charcoal, helps clean and nourish the skin safely, does not contain chemicals harmful to the skin.<\/span><\/span><\/li>\n<li style=\"font-weight: 400;\" aria-level=\"1\"><span style=\"font-size: 12pt;\"><b>Acne cleanser<\/b><span style=\"font-weight: 400;\">: Special formula containing BHA, AHA, tea tree or peppermint essential oil helps control sebum, anti-inflammatory and prevent acne.<\/span><\/span><\/li>\n<li style=\"font-weight: 400;\" aria-level=\"1\"><span style=\"font-size: 12pt;\"><b>Whitening facial cleanser<\/b><span style=\"font-weight: 400;\">: Ch\u1ee9a c\u00e1c ho\u1ea1t ch\u1ea5t nh\u01b0 vitamin C, niacinamide gi\u00fap l\u00e0m s\u00e1ng da, gi\u1ea3m th\u00e2m n\u00e1m v\u00e0 c\u1ea3i thi\u1ec7n s\u1eafc t\u1ed1 da.<\/span><\/span><\/li>\n<\/ul>\n<p style=\"text-align: justify;\"><span style=\"font-weight: 400; font-size: 12pt;\">Shizencos can customize the formula according to customer needs, ensuring the product is exclusive and suitable for the target market.<\/span><\/p>\n<figure id=\"attachment_11512\" aria-describedby=\"caption-attachment-11512\" style=\"width: 800px\" class=\"wp-caption aligncenter\"><a href=\"https:\/\/shizencos.com\/wp-content\/uploads\/2024\/09\/nguyen-lieu-su-dung-duoc-nhap-khau-co-nguon-goc-uy-tin.png\"><img decoding=\"async\" class=\"size-full wp-image-11512\" src=\"https:\/\/shizencos.com\/wp-content\/uploads\/2024\/09\/nguyen-lieu-su-dung-duoc-nhap-khau-co-nguon-goc-uy-tin.png\" alt=\"Gia c\u00f4ng s\u1eefa r\u1eeda m\u1eb7t \u1edf \u0111\u01a1n v\u1ecb Shizencos \u0111\u1ea3m b\u1ea3o an to\u00e0n\" width=\"800\" height=\"400\" title=\"\" srcset=\"https:\/\/shizencos.com\/wp-content\/uploads\/2024\/09\/nguyen-lieu-su-dung-duoc-nhap-khau-co-nguon-goc-uy-tin.png 800w, https:\/\/shizencos.com\/wp-content\/uploads\/2024\/09\/nguyen-lieu-su-dung-duoc-nhap-khau-co-nguon-goc-uy-tin-150x75.png 150w, https:\/\/shizencos.com\/wp-content\/uploads\/2024\/09\/nguyen-lieu-su-dung-duoc-nhap-khau-co-nguon-goc-uy-tin-18x9.png 18w, https:\/\/shizencos.com\/wp-content\/uploads\/2024\/09\/nguyen-lieu-su-dung-duoc-nhap-khau-co-nguon-goc-uy-tin-300x150.png 300w, https:\/\/shizencos.com\/wp-content\/uploads\/2024\/09\/nguyen-lieu-su-dung-duoc-nhap-khau-co-nguon-goc-uy-tin-768x384.png 768w, https:\/\/shizencos.com\/wp-content\/uploads\/2024\/09\/nguyen-lieu-su-dung-duoc-nhap-khau-co-nguon-goc-uy-tin-600x300.png 600w\" sizes=\"(max-width: 800px) 100vw, 800px\" \/><\/a><figcaption id=\"caption-attachment-11512\" class=\"wp-caption-text\">Facial cleanser processing at Shizencos ensures safety<\/figcaption><\/figure>\n<h3 style=\"text-align: justify;\"><span style=\"font-size: 14pt;\"><b>3.2 Facial cleanser manufacturing process at Shizencos\u00a0<\/b><\/span><\/h3>\n<p style=\"text-align: justify;\"><span style=\"font-size: 12pt;\"><span style=\"font-weight: 400;\">At <\/span><b>Shizencos<\/b><span style=\"font-weight: 400;\">, we apply a closed and strict facial cleanser manufacturing process, ensuring that each product not only meets high quality standards but also suits the specific needs of each brand. Below are the 9 steps in the manufacturing process at Shizencos:<\/span><\/span><\/p>\n<p style=\"text-align: justify;\"><span style=\"font-size: 12pt;\"><b>Step 1: <\/b><span style=\"font-weight: 400;\">Contact for consultation \u2013 Listen to requests and advise on appropriate formulas.<\/span><\/span><\/p>\n<p style=\"text-align: justify;\"><span style=\"font-size: 12pt;\"><b>Step 2:<\/b><span style=\"font-weight: 400;\"> Research and Development \u2013 \u200b\u200bR&amp;D team researches and develops optimal formulas.<\/span><\/span><\/p>\n<p style=\"text-align: justify;\"><span style=\"font-size: 12pt;\"><b>Step 3: <\/b><span style=\"font-weight: 400;\">Send samples and adjust \u2013 Provide samples, adjust based on feedback.<\/span><\/span><\/p>\n<p style=\"text-align: justify;\"><span style=\"font-size: 12pt;\"><b>Step 4:<\/b><span style=\"font-weight: 400;\"> Finalize sample and quote \u2013 Confirm final formula, calculate cost<\/span><\/span><\/p>\n<p style=\"text-align: justify;\"><span style=\"font-size: 12pt;\"><b>Step 5:<\/b><span style=\"font-weight: 400;\"> Signing contract and cooperation \u2013 Both parties agree and sign the processing contract.<\/span><\/span><\/p>\n<p style=\"text-align: justify;\"><span style=\"font-size: 12pt;\"><b>Step 6: <\/b><span style=\"font-weight: 400;\">Prepare ingredients and stir the tank <\/span><span style=\"font-weight: 400;\">\u2013<\/span><span style=\"font-weight: 400;\"> \u2013 Import and check the quality of input materials.<\/span><\/span><\/p>\n<p style=\"text-align: justify;\"><span style=\"font-size: 12pt;\"><b>Step 7:<\/b><span style=\"font-weight: 400;\"> Mass production \u2013 Put into production according to GMP standards.<\/span><\/span><\/p>\n<p style=\"text-align: justify;\"><span style=\"font-size: 12pt;\"><b>Step 8: <\/b><span style=\"font-weight: 400;\">Product packaging \u2013 Filling, sealing, labeling according to design.<\/span><\/span><\/p>\n<p style=\"text-align: justify;\"><span style=\"font-size: 12pt;\"><b>Step 9:<\/b><span style=\"font-weight: 400;\"> Delivery and post-production support \u2013 On-time delivery, legal support and business strategy.<\/span><\/span><\/p>\n<p style=\"text-align: justify;\"><span style=\"font-weight: 400; font-size: 12pt;\">Shizencos is committed to providing high quality products, helping businesses launch to the market quickly!<\/span><\/p>\n<figure id=\"attachment_11498\" aria-describedby=\"caption-attachment-11498\" style=\"width: 800px\" class=\"wp-caption aligncenter\"><a href=\"https:\/\/shizencos.com\/wp-content\/uploads\/2024\/10\/tong-quan-ve-gia-cong-san-pham-cham-soc-body.png\"><img loading=\"lazy\" decoding=\"async\" class=\"size-full wp-image-11498\" src=\"https:\/\/shizencos.com\/wp-content\/uploads\/2024\/10\/tong-quan-ve-gia-cong-san-pham-cham-soc-body.png\" alt=\"Nguy\u00ean li\u1ec7u s\u1eed d\u1ee5ng \u0111\u01b0\u1ee3c nh\u1eadp kh\u1ea9u c\u00f3 ngu\u1ed3n g\u1ed1c uy t\u00edn\" width=\"800\" height=\"400\" title=\"\" srcset=\"https:\/\/shizencos.com\/wp-content\/uploads\/2024\/10\/tong-quan-ve-gia-cong-san-pham-cham-soc-body.png 800w, https:\/\/shizencos.com\/wp-content\/uploads\/2024\/10\/tong-quan-ve-gia-cong-san-pham-cham-soc-body-150x75.png 150w, https:\/\/shizencos.com\/wp-content\/uploads\/2024\/10\/tong-quan-ve-gia-cong-san-pham-cham-soc-body-18x9.png 18w, https:\/\/shizencos.com\/wp-content\/uploads\/2024\/10\/tong-quan-ve-gia-cong-san-pham-cham-soc-body-300x150.png 300w, https:\/\/shizencos.com\/wp-content\/uploads\/2024\/10\/tong-quan-ve-gia-cong-san-pham-cham-soc-body-768x384.png 768w, https:\/\/shizencos.com\/wp-content\/uploads\/2024\/10\/tong-quan-ve-gia-cong-san-pham-cham-soc-body-600x300.png 600w\" sizes=\"(max-width: 800px) 100vw, 800px\" \/><\/a><figcaption id=\"caption-attachment-11498\" class=\"wp-caption-text\">Raw materials used are imported from reputable sources.<\/figcaption><\/figure>\n<h2 style=\"text-align: justify;\"><span style=\"font-size: 14pt;\"><b>Conclude<\/b><\/span><\/h2>\n<p style=\"text-align: justify;\"><span style=\"font-size: 12pt;\"><span style=\"font-weight: 400;\">Cooperate with <\/span><b>Shizencos<\/b><span style=\"font-weight: 400;\"> trong gia c\u00f4ng s\u1eefa r\u1eeda m\u1eb7t kh\u00f4ng ch\u1ec9 gi\u00fap doanh nghi\u1ec7p t\u1ed1i \u01b0u chi ph\u00ed v\u00e0 n\u00e2ng cao n\u0103ng l\u1ef1c c\u1ea1nh tranh m\u00e0 c\u00f2n \u0111\u1ea3m b\u1ea3o s\u1ea3n ph\u1ea9m \u0111\u1ea1t ti\u00eau chu\u1ea9n ch\u1ea5t l\u01b0\u1ee3ng cao. V\u1edbi 3.000+ c\u00f4ng th\u1ee9c, c\u00f4ng ngh\u1ec7 ti\u00ean ti\u1ebfn, ch\u00fang t\u00f4i t\u1ef1 tin \u0111\u1ed3ng h\u00e0nh c\u00f9ng th\u01b0\u01a1ng hi\u1ec7u \u0111\u1ec3 t\u1ea1o ra nh\u1eefng s\u1ea3n ph\u1ea9m m\u1ef9 ph\u1ea9m ch\u1ea5t l\u01b0\u1ee3ng v\u00e0 ph\u00f9 h\u1ee3p v\u1edbi xu h\u01b0\u1edbng th\u1ecb tr\u01b0\u1eddng. <\/span><\/span><span style=\"font-weight: 400;\"><span style=\"font-size: 12pt;\">Li\u00ean h\u1ec7 ngay v\u1edbi ch\u00fang t\u00f4i, \u0111\u1ec3 \u0111\u01b0\u1ee3c t\u01b0 v\u1ea5n v\u00e0 nh\u1eadn b\u00e1o gi\u00e1 chi ti\u1ebft<\/span>!<\/span><\/p>","protected":false},"excerpt":{"rendered":"<p>Shizencos &#8211; Nh\u00e0 m\u00e1y gia c\u00f4ng s\u1eefa r\u1eeda m\u1eb7t \u0111\u1ea1t chu\u1ea9n v\u1edbi d\u00e2y chuy\u1ec1n kh\u00e9p k\u00edn, c\u00f4ng ngh\u1ec7 cao. Cung c\u1ea5p d\u1ecbch v\u1ee5 gia c\u00f4ng tr\u1ecdn g\u00f3i: Nghi\u00ean c\u1ee9u &#8211; S\u1ea3n xu\u1ea5t &#8211; C\u00f4ng b\u1ed1 s\u1ea3n ph\u1ea9m. Shizencos s\u1edf h\u1eefu b\u1ed9 s\u01b0u t\u1eadp c\u00f4ng th\u1ee9c s\u1eefa r\u1eeda m\u1eb7t \u0111a d\u1ea1ng \u0111\u00e1p \u1ee9ng nhanh xu h\u01b0\u1edbng [&hellip;]<\/p>\n","protected":false},"featured_media":11232,"comment_status":"open","ping_status":"closed","template":"","meta":[],"product_brand":[],"product_cat":[33],"product_tag":[],"class_list":{"0":"post-11197","1":"product","2":"type-product","3":"status-publish","4":"has-post-thumbnail","6":"product_cat-gia-cong-san-pham-cham-soc-da-mat","8":"first","9":"instock","10":"shipping-taxable","11":"product-type-simple"},"_links":{"self":[{"href":"https:\/\/shizencos.com\/en\/wp-json\/wp\/v2\/product\/11197","targetHints":{"allow":["GET"]}}],"collection":[{"href":"https:\/\/shizencos.com\/en\/wp-json\/wp\/v2\/product"}],"about":[{"href":"https:\/\/shizencos.com\/en\/wp-json\/wp\/v2\/types\/product"}],"replies":[{"embeddable":true,"href":"https:\/\/shizencos.com\/en\/wp-json\/wp\/v2\/comments?post=11197"}],"wp:featuredmedia":[{"embeddable":true,"href":"https:\/\/shizencos.com\/en\/wp-json\/wp\/v2\/media\/11232"}],"wp:attachment":[{"href":"https:\/\/shizencos.com\/en\/wp-json\/wp\/v2\/media?parent=11197"}],"wp:term":[{"taxonomy":"product_brand","embeddable":true,"href":"https:\/\/shizencos.com\/en\/wp-json\/wp\/v2\/product_brand?post=11197"},{"taxonomy":"product_cat","embeddable":true,"href":"https:\/\/shizencos.com\/en\/wp-json\/wp\/v2\/product_cat?post=11197"},{"taxonomy":"product_tag","embeddable":true,"href":"https:\/\/shizencos.com\/en\/wp-json\/wp\/v2\/product_tag?post=11197"}],"curies":[{"name":"wp","href":"https:\/\/api.w.org\/{rel}","templated":true}]}}