{"id":11195,"date":"2024-09-23T10:15:18","date_gmt":"2024-09-23T03:15:18","guid":{"rendered":"https:\/\/shizencos.com\/?post_type=product&#038;p=11195"},"modified":"2025-08-12T10:55:23","modified_gmt":"2025-08-12T03:55:23","slug":"gia-cong-essence","status":"publish","type":"product","link":"https:\/\/shizencos.com\/en\/gia-cong-essence\/","title":{"rendered":"Essence processing"},"content":{"rendered":"<p style=\"text-align: justify;\"><span style=\"font-weight: 400;\">Shizencos cung c\u1ea5p d\u1ecbch v\u1ee5 gia c\u00f4ng Essence tr\u1ecdn g\u00f3i, v\u1edbi ngu\u1ed3n nguy\u00ean li\u1ec7u nh\u1eadp kh\u1ea9u ch\u1ea5t l\u01b0\u1ee3ng cao, \u0111\u01b0\u1ee3c s\u1ea3n xu\u1ea5t t\u1ea1i nh\u00e0 m\u00e1y \u0111\u1ea1t chu\u1ea9n, h\u1ed7 tr\u1ee3 t\u1eeb A-Z trong kh\u00e2u s\u1ea3n xu\u1ea5t, \u0111\u00f3ng g\u00f3i, ki\u1ec3m nghi\u1ec7m \u0111\u1ebfn c\u00f4ng b\u1ed1 v\u00e0 x\u1eed l\u00fd c\u00e1c gi\u1ea5y t\u1edd ph\u00e1p l\u00fd. N\u1ebfu b\u1ea1n \u0111ang l\u00e0 doanh nghi\u1ec7p kinh doanh m\u1ef9 ph\u1ea9m v\u00e0 mu\u1ed1n hi\u1ec3u r\u00f5 h\u01a1n v\u1ec1 ho\u1ea1t \u0111\u1ed9ng gia c\u00f4ng n\u00e0y h\u00e3y xem ngay b\u00e0i vi\u1ebft b\u00ean d\u01b0\u1edbi!<\/span><\/p>\n<h2 style=\"text-align: justify;\"><span style=\"font-size: 14pt;\"><b>1. What is Essence machining?<\/b><\/span><\/h2>\n<p style=\"text-align: justify;\"><span style=\"font-size: 12pt;\"><b>Essence l\u00e0<\/b><span style=\"font-weight: 400;\"> m\u1ed9t s\u1ea3n ph\u1ea9m ch\u0103m s\u00f3c da d\u1ea1ng l\u1ecfng ch\u1ee9a h\u00e0m l\u01b0\u1ee3ng d\u01b0\u1ee1ng ch\u1ea5t cao, gi\u00fap cung c\u1ea5p \u0111\u1ed9 \u1ea9m, nu\u00f4i d\u01b0\u1ee1ng l\u00e0n da t\u1eeb s\u00e2u b\u00ean trong v\u00e0 h\u1ed7 tr\u1ee3 qu\u00e1 tr\u00ecnh t\u00e1i t\u1ea1o da. S\u1ea3n ph\u1ea9m n\u00e0y c\u00f3 k\u1ebft c\u1ea5u nh\u1eb9, d\u1ec5 d\u00e0ng th\u1ea9m th\u1ea5u v\u00e0o da, gi\u00fap t\u0103ng c\u01b0\u1eddng hi\u1ec7u qu\u1ea3 c\u1ee7a c\u00e1c b\u01b0\u1edbc d\u01b0\u1ee1ng ti\u1ebfp theo. <\/span><\/span><\/p>\n<p style=\"text-align: justify;\"><span style=\"font-size: 12pt;\"><span style=\"font-weight: 400;\">Essence th\u01b0\u1eddng ch\u1ee9a c\u00e1c th\u00e0nh ph\u1ea7n ho\u1ea1t t\u00ednh nh\u01b0 axit hyaluronic, peptide, vitamin v\u00e0 chi\u1ebft xu\u1ea5t thi\u00ean nhi\u00ean gi\u00fap c\u1ea3i thi\u1ec7n k\u1ebft c\u1ea5u da, l\u00e0m s\u00e1ng da v\u00e0 ch\u1ed1ng l\u00e3o h\u00f3a. Essence c\u00f2n \u0111\u01b0\u1ee3c v\u00ed nh\u01b0 \u201cn\u01b0\u1edbc th\u1ea7n\u201d trong quy tr\u00ecnh ch\u0103m s\u00f3c da, v\u1edbi nhu c\u1ea7u ng\u00e0y c\u00e0ng t\u0103ng cao, vi\u1ec7c l\u1ef1a ch\u1ecdn gia c\u00f4ng Essence kh\u00f4ng ch\u1ec9 gi\u00fap doanh nghi\u1ec7p m\u1edf r\u1ed9ng danh m\u1ee5c s\u1ea3n ph\u1ea9m c\u1ee7a m\u00ecnh m\u00e0 c\u00f2n ti\u1ebfp c\u1eadn nhi\u1ec1u \u0111\u1ed1i t\u01b0\u1ee3ng kh\u00e1ch h\u00e0ng m\u1edbi, gia t\u0103ng th\u1ecb ph\u1ea7n v\u00e0 th\u00fac \u0111\u1ea9y doanh thu.<\/span><\/span><\/p>\n<figure id=\"attachment_11413\" aria-describedby=\"caption-attachment-11413\" style=\"width: 800px\" class=\"wp-caption aligncenter\"><a href=\"https:\/\/shizencos.com\/wp-content\/uploads\/2024\/09\/dong-san-pham-gia-cong-essence-dem-den-lan-da-tre-hoa.png\"><img fetchpriority=\"high\" decoding=\"async\" class=\"size-full wp-image-11413\" src=\"https:\/\/shizencos.com\/wp-content\/uploads\/2024\/09\/dong-san-pham-gia-cong-essence-dem-den-lan-da-tre-hoa.png\" alt=\"D\u00f2ng s\u1ea3n ph\u1ea9m gia c\u00f4ng Essence \u0111em \u0111\u1ebfn l\u00e0n da tr\u1ebb h\u00f3a\" width=\"800\" height=\"400\" title=\"\" srcset=\"https:\/\/shizencos.com\/wp-content\/uploads\/2024\/09\/dong-san-pham-gia-cong-essence-dem-den-lan-da-tre-hoa.png 800w, https:\/\/shizencos.com\/wp-content\/uploads\/2024\/09\/dong-san-pham-gia-cong-essence-dem-den-lan-da-tre-hoa-150x75.png 150w, https:\/\/shizencos.com\/wp-content\/uploads\/2024\/09\/dong-san-pham-gia-cong-essence-dem-den-lan-da-tre-hoa-18x9.png 18w, https:\/\/shizencos.com\/wp-content\/uploads\/2024\/09\/dong-san-pham-gia-cong-essence-dem-den-lan-da-tre-hoa-300x150.png 300w, https:\/\/shizencos.com\/wp-content\/uploads\/2024\/09\/dong-san-pham-gia-cong-essence-dem-den-lan-da-tre-hoa-768x384.png 768w, https:\/\/shizencos.com\/wp-content\/uploads\/2024\/09\/dong-san-pham-gia-cong-essence-dem-den-lan-da-tre-hoa-600x300.png 600w\" sizes=\"(max-width: 800px) 100vw, 800px\" \/><\/a><figcaption id=\"caption-attachment-11413\" class=\"wp-caption-text\">Essence product line brings youthful skin<\/figcaption><\/figure>\n<p style=\"text-align: justify;\"><b>Essence machining is <\/b><span style=\"font-weight: 400;\">The process of researching, developing and manufacturing Essence products according to the requirements of businesses or cosmetic brands. This outsourcing service helps businesses optimize production costs, ensure product quality and consistency, and quickly bring products to market without having to invest in facilities or complex production processes.<\/span><\/p>\n<h2 style=\"text-align: justify;\"><span style=\"font-size: 14pt;\"><b>2. Benefits of choosing Essence processing<\/b><\/span><\/h2>\n<p style=\"text-align: justify;\"><span style=\"font-weight: 400; font-size: 12pt;\">Essence processing not only helps businesses save costs but also ensures high quality products that meet strict market standards. Cooperating with a professional processing factory brings many important benefits as follows:\u00a0<\/span><\/p>\n<p style=\"text-align: justify;\"><span style=\"font-weight: 400; font-size: 12pt;\">\u2705 Save investment costs<\/span><\/p>\n<p style=\"text-align: justify;\"><span style=\"font-weight: 400; font-size: 12pt;\">\u2705 \u0110\u1ea3m b\u1ea3o ch\u1ea5t l\u01b0\u1ee3ng s\u1ea3n ph\u1ea9m<\/span><\/p>\n<p style=\"text-align: justify;\"><span style=\"font-weight: 400; font-size: 12pt;\">\u2705 Support product registration and inspection<\/span><\/p>\n<p style=\"text-align: justify;\"><span style=\"font-weight: 400; font-size: 12pt;\">\u2705 Optimize product development time<\/span><\/p>\n<p style=\"text-align: justify;\"><span style=\"font-weight: 400; font-size: 12pt;\">\u2705 Improve competitiveness<\/span><\/p>\n<p style=\"text-align: justify;\"><span style=\"font-weight: 400; font-size: 12pt;\">\u2705 Support packaging design and branding<\/span><\/p>\n<h2 style=\"text-align: justify;\"><span style=\"font-size: 14pt;\"><b>3. Essence processing at Shizencos<\/b><\/span><\/h2>\n<p style=\"text-align: justify;\"><span style=\"font-weight: 400; font-size: 12pt;\">Shizencos l\u00e0 m\u1ed9t trong nh\u1eefng nh\u00e0 m\u00e1y gia c\u00f4ng m\u1ef9 ph\u1ea9m h\u00e0ng \u0111\u1ea7u t\u1ea1i Vi\u1ec7t Nam v\u1edbi nhi\u1ec1u n\u0103m kinh nghi\u1ec7m trong ng\u00e0nh. Ch\u00fang t\u00f4i t\u1ef1 h\u00e0o mang \u0111\u1ebfn d\u1ecbch v\u1ee5 gia c\u00f4ng Essence chuy\u00ean nghi\u1ec7p, \u0111\u00e1p \u1ee9ng m\u1ecdi nhu c\u1ea7u c\u1ee7a doanh nghi\u1ec7p v\u1edbi:<\/span><\/p>\n<figure id=\"attachment_11412\" aria-describedby=\"caption-attachment-11412\" style=\"width: 800px\" class=\"wp-caption aligncenter\"><a href=\"https:\/\/shizencos.com\/wp-content\/uploads\/2024\/09\/essence-duoc-nhieu-khach-hang-tim-kiem-su-dung-nhieu-trong-2024.png\"><img decoding=\"async\" class=\"wp-image-11412 size-full\" src=\"https:\/\/shizencos.com\/wp-content\/uploads\/2024\/09\/essence-duoc-nhieu-khach-hang-tim-kiem-su-dung-nhieu-trong-2024.png\" alt=\"Essence \u0111\u01b0\u1ee3c nhi\u1ec1u kh\u00e1ch h\u00e0ng t\u00ecm ki\u1ebfm s\u1eed d\u1ee5ng nhi\u1ec1u trong 2024\" width=\"800\" height=\"400\" title=\"\" srcset=\"https:\/\/shizencos.com\/wp-content\/uploads\/2024\/09\/essence-duoc-nhieu-khach-hang-tim-kiem-su-dung-nhieu-trong-2024.png 800w, https:\/\/shizencos.com\/wp-content\/uploads\/2024\/09\/essence-duoc-nhieu-khach-hang-tim-kiem-su-dung-nhieu-trong-2024-150x75.png 150w, https:\/\/shizencos.com\/wp-content\/uploads\/2024\/09\/essence-duoc-nhieu-khach-hang-tim-kiem-su-dung-nhieu-trong-2024-18x9.png 18w, https:\/\/shizencos.com\/wp-content\/uploads\/2024\/09\/essence-duoc-nhieu-khach-hang-tim-kiem-su-dung-nhieu-trong-2024-300x150.png 300w, https:\/\/shizencos.com\/wp-content\/uploads\/2024\/09\/essence-duoc-nhieu-khach-hang-tim-kiem-su-dung-nhieu-trong-2024-768x384.png 768w, https:\/\/shizencos.com\/wp-content\/uploads\/2024\/09\/essence-duoc-nhieu-khach-hang-tim-kiem-su-dung-nhieu-trong-2024-600x300.png 600w\" sizes=\"(max-width: 800px) 100vw, 800px\" \/><\/a><figcaption id=\"caption-attachment-11412\" class=\"wp-caption-text\">Essence is searched and used by many customers in 2024<\/figcaption><\/figure>\n<h3 style=\"text-align: justify;\"><span style=\"font-size: 14pt;\"><b>3.1 Diverse Essence formulas<\/b><\/span><\/h3>\n<p style=\"text-align: justify;\"><span style=\"font-weight: 400; font-size: 12pt;\">Shizencos owns a highly specialized R&amp;D team, continuously researching and developing Essence formulas in line with market trends. We provide a variety of Essence lines such as:<\/span><\/p>\n<ul style=\"text-align: justify;\">\n<li><span style=\"font-size: 12pt;\"><b>Deep moisturizing essence:<\/b><span style=\"font-weight: 400;\"> Helps skin plump and full of vitality.<\/span><\/span><\/li>\n<li><span style=\"font-size: 12pt;\"><b>Anti-aging essence: <\/b><span style=\"font-weight: 400;\">Contains regenerating active ingredients, protecting skin from signs of aging.<\/span><\/span><\/li>\n<li><span style=\"font-size: 12pt;\"><b>Whitening Essence: <\/b><span style=\"font-weight: 400;\">Brightens skin, improves pigmentation and evens out skin tone.<\/span><\/span><\/li>\n<li><span style=\"font-size: 12pt;\"><b>Skin recovery essence: <\/b><span style=\"font-weight: 400;\">For sensitive skin, supports skin regeneration and protects skin from environmental factors.<\/span><\/span><\/li>\n<\/ul>\n<p style=\"text-align: justify;\"><span style=\"font-weight: 400;\">With a variety of formulas, Shizencos not only meets market demand but also helps businesses create products with their own mark. We are committed to providing optimal solutions, helping customers easily reach consumers with high-quality products and outstanding efficiency.<\/span><\/p>\n<h3 style=\"text-align: justify;\"><b>3.2 Essence processing process at Shizencos\u00a0<\/b><\/h3>\n<p style=\"text-align: justify;\"><span style=\"font-weight: 400;\">Shizencos is committed to providing an internationally standardized Essence processing process with a closed production system, ensuring quality and safety for consumers:<\/span><\/p>\n<p style=\"text-align: justify;\"><span style=\"font-size: 12pt;\"><b>Step 1: <\/b><span style=\"font-weight: 400;\">Contact for consultation \u2013 Listen to requests and advise on appropriate formulas.<\/span><\/span><\/p>\n<p style=\"text-align: justify;\"><span style=\"font-size: 12pt;\"><b>Step 2:<\/b><span style=\"font-weight: 400;\"> Research and Development \u2013 \u200b\u200bR&amp;D team researches and develops optimal formulas.<\/span><\/span><\/p>\n<p style=\"text-align: justify;\"><span style=\"font-size: 12pt;\"><b>Step 3: <\/b><span style=\"font-weight: 400;\">Send samples and adjust \u2013 Provide samples, adjust based on feedback.<\/span><\/span><\/p>\n<p style=\"text-align: justify;\"><span style=\"font-size: 12pt;\"><b>Step 4:<\/b><span style=\"font-weight: 400;\"> Finalize sample and quote \u2013 Confirm final formula, calculate cost<\/span><\/span><\/p>\n<p style=\"text-align: justify;\"><span style=\"font-size: 12pt;\"><b>Step 5:<\/b><span style=\"font-weight: 400;\"> Signing contract and cooperation \u2013 Both parties agree and sign the processing contract.<\/span><\/span><\/p>\n<p style=\"text-align: justify;\"><span style=\"font-size: 12pt;\"><b>Step 6: <\/b><span style=\"font-weight: 400;\">Prepare ingredients and stir the tank <\/span><span style=\"font-weight: 400;\">\u2013<\/span><span style=\"font-weight: 400;\"> \u2013 Import and check the quality of input materials.<\/span><\/span><\/p>\n<p style=\"text-align: justify;\"><span style=\"font-size: 12pt;\"><b>Step 7:<\/b><span style=\"font-weight: 400;\"> Mass production \u2013 Put into production according to GMP standards.<\/span><\/span><\/p>\n<p style=\"text-align: justify;\"><span style=\"font-size: 12pt;\"><b>Step 8: <\/b><span style=\"font-weight: 400;\">Product packaging \u2013 Filling, sealing, labeling according to design.<\/span><\/span><\/p>\n<p style=\"text-align: justify;\"><span style=\"font-size: 12pt;\"><b>Step 9:<\/b><span style=\"font-weight: 400;\"> Delivery and post-production support \u2013 On-time delivery, legal support and business strategy.<\/span><\/span><\/p>\n<p style=\"text-align: justify;\"><span style=\"font-weight: 400;\">Shizencos is committed to providing high quality products, helping businesses launch to the market quickly!<\/span><\/p>\n<h2 style=\"text-align: justify;\"><b>Conclude<\/b><\/h2>\n<p style=\"text-align: justify;\"><span style=\"font-weight: 400;\">Essence processing is an ideal choice to help cosmetic brands quickly bring high-quality products to the market without having to invest heavily in the production system. With more than 15 years of experience, a modern 9000m\u00b2 factory that meets international standards and a team of highly specialized R&amp;D, Shizencos is confident in providing professional cosmetic processing services.<\/span><span style=\"font-weight: 400;\">Help businesses improve their competitiveness and build a strong brand in the market.<\/span><\/p>\n<p style=\"text-align: justify;\"><span style=\"font-weight: 400;\">Contact Shizencos now for consultation and start your journey to develop your cosmetic brand!<\/span><\/p>","protected":false},"excerpt":{"rendered":"<p>Shizencos cung c\u1ea5p d\u1ecbch v\u1ee5 gia c\u00f4ng Essence tr\u1ecdn g\u00f3i, v\u1edbi ngu\u1ed3n nguy\u00ean li\u1ec7u nh\u1eadp kh\u1ea9u ch\u1ea5t l\u01b0\u1ee3ng cao, \u0111\u01b0\u1ee3c s\u1ea3n xu\u1ea5t t\u1ea1i nh\u00e0 m\u00e1y \u0111\u1ea1t chu\u1ea9n, h\u1ed7 tr\u1ee3 t\u1eeb A-Z trong kh\u00e2u s\u1ea3n xu\u1ea5t, \u0111\u00f3ng g\u00f3i, ki\u1ec3m nghi\u1ec7m \u0111\u1ebfn c\u00f4ng b\u1ed1 v\u00e0 x\u1eed l\u00fd c\u00e1c gi\u1ea5y t\u1edd ph\u00e1p l\u00fd. N\u1ebfu b\u1ea1n \u0111ang l\u00e0 doanh [&hellip;]<\/p>\n","protected":false},"featured_media":11215,"comment_status":"open","ping_status":"closed","template":"","meta":[],"product_brand":[],"product_cat":[33],"product_tag":[],"class_list":{"0":"post-11195","1":"product","2":"type-product","3":"status-publish","4":"has-post-thumbnail","6":"product_cat-gia-cong-san-pham-cham-soc-da-mat","8":"first","9":"instock","10":"shipping-taxable","11":"product-type-simple"},"_links":{"self":[{"href":"https:\/\/shizencos.com\/en\/wp-json\/wp\/v2\/product\/11195","targetHints":{"allow":["GET"]}}],"collection":[{"href":"https:\/\/shizencos.com\/en\/wp-json\/wp\/v2\/product"}],"about":[{"href":"https:\/\/shizencos.com\/en\/wp-json\/wp\/v2\/types\/product"}],"replies":[{"embeddable":true,"href":"https:\/\/shizencos.com\/en\/wp-json\/wp\/v2\/comments?post=11195"}],"wp:featuredmedia":[{"embeddable":true,"href":"https:\/\/shizencos.com\/en\/wp-json\/wp\/v2\/media\/11215"}],"wp:attachment":[{"href":"https:\/\/shizencos.com\/en\/wp-json\/wp\/v2\/media?parent=11195"}],"wp:term":[{"taxonomy":"product_brand","embeddable":true,"href":"https:\/\/shizencos.com\/en\/wp-json\/wp\/v2\/product_brand?post=11195"},{"taxonomy":"product_cat","embeddable":true,"href":"https:\/\/shizencos.com\/en\/wp-json\/wp\/v2\/product_cat?post=11195"},{"taxonomy":"product_tag","embeddable":true,"href":"https:\/\/shizencos.com\/en\/wp-json\/wp\/v2\/product_tag?post=11195"}],"curies":[{"name":"wp","href":"https:\/\/api.w.org\/{rel}","templated":true}]}}