{"id":11192,"date":"2024-09-23T10:01:10","date_gmt":"2024-09-23T03:01:10","guid":{"rendered":"https:\/\/shizencos.com\/?post_type=product&#038;p=11192"},"modified":"2025-08-13T10:03:14","modified_gmt":"2025-08-13T03:03:14","slug":"gia-cong-serum","status":"publish","type":"product","link":"https:\/\/shizencos.com\/en\/gia-cong-serum\/","title":{"rendered":"Serum processing"},"content":{"rendered":"<p style=\"text-align: justify;\"><span style=\"font-weight: 400;\">T\u1ea1i Shizencos ch\u00fang t\u00f4i c\u00f3 d\u1ecbch v\u1ee5 gia c\u00f4ng serum tr\u1ecdn g\u00f3i, v\u1edbi \u0111\u1ed9i ng\u0169 R&amp;D chuy\u00ean m\u00f4n cao v\u00e0 d\u00e2y chuy\u1ec1n s\u1ea3n xu\u1ea5t hi\u1ec7n \u0111\u1ea1i. Serum l\u00e0 d\u00f2ng s\u1ea3n ph\u1ea9m d\u01b0\u1ee1ng da \u0111\u01b0\u1ee3c ph\u00e1i n\u1eef \u01b0u \u00e1i quan t\u00e2m b\u1edfi c\u00e1c c\u00f4ng d\u1ee5ng v\u01b0\u1ee3t tr\u1ed9i c\u1ee7a n\u00f3, l\u1ef1a ch\u1ecdn gia c\u00f4ng serum l\u00e0 m\u1ed9t gi\u1ea3i ph\u00e1p t\u1ed1i \u01b0u gi\u00fap doanh nghi\u1ec7p m\u1edf r\u1ed9ng th\u1ecb ph\u1ea7n v\u00e0 gia t\u0103ng l\u1ee3i nhu\u1eadn cho m\u00ecnh.\u00a0<\/span><\/p>\n<p style=\"text-align: justify;\"><span style=\"font-weight: 400;\">In this article, we will introduce serum processing services at Shizencos, the benefits of cooperation and professional production processes to help you start your journey to building a reputable cosmetic brand!<\/span><\/p>\n<h2 style=\"text-align: justify;\"><span style=\"font-size: 14pt;\"><b>1. What is Serum Processing?<\/b><\/span><\/h2>\n<p style=\"text-align: justify;\"><span style=\"font-size: 12pt;\"><em><strong>Serum<\/strong><\/em> <span style=\"font-weight: 400;\">A liquid skin care product that contains concentrated active ingredients and is able to penetrate deeply into the skin. Unlike moisturizers, serums are typically lighter in texture, more easily absorbed, and contain more powerful nutrients to address specific skin concerns such as aging, pigmentation, acne, or dry skin. Serums can be used for a variety of purposes depending on their formulation, from providing moisture, brightening, anti-aging to improving skin texture.<\/span><\/span><\/p>\n<p style=\"text-align: justify;\"><span style=\"font-size: 12pt;\"><em><b>Serum processing <\/b><\/em>is <span style=\"font-weight: 400;\">On-demand serum manufacturing service helps businesses and cosmetic brands create high-quality products without investing in factories, production lines or formula research. With modern processes, advanced technology and a team of experienced experts, serum manufacturing service helps you quickly own exclusive products, quickly respond to market trends and optimize costs.<\/span><\/span><\/p>\n<figure id=\"attachment_11428\" aria-describedby=\"caption-attachment-11428\" style=\"width: 800px\" class=\"wp-caption aligncenter\"><a href=\"https:\/\/shizencos.com\/wp-content\/uploads\/2024\/09\/gia-cong-serum-tao-chat-luong-san-pham-thuong-hieu-uy-tin.png\"><img fetchpriority=\"high\" decoding=\"async\" class=\"wp-image-11428 size-full\" src=\"https:\/\/shizencos.com\/wp-content\/uploads\/2024\/09\/gia-cong-serum-tao-chat-luong-san-pham-thuong-hieu-uy-tin.png\" alt=\"Gia c\u00f4ng serum t\u1ea1o ch\u1ea5t l\u01b0\u1ee3ng s\u1ea3n ph\u1ea9m th\u01b0\u01a1ng hi\u1ec7u uy t\u00edn\" width=\"800\" height=\"400\" title=\"\" srcset=\"https:\/\/shizencos.com\/wp-content\/uploads\/2024\/09\/gia-cong-serum-tao-chat-luong-san-pham-thuong-hieu-uy-tin.png 800w, https:\/\/shizencos.com\/wp-content\/uploads\/2024\/09\/gia-cong-serum-tao-chat-luong-san-pham-thuong-hieu-uy-tin-150x75.png 150w, https:\/\/shizencos.com\/wp-content\/uploads\/2024\/09\/gia-cong-serum-tao-chat-luong-san-pham-thuong-hieu-uy-tin-18x9.png 18w, https:\/\/shizencos.com\/wp-content\/uploads\/2024\/09\/gia-cong-serum-tao-chat-luong-san-pham-thuong-hieu-uy-tin-300x150.png 300w, https:\/\/shizencos.com\/wp-content\/uploads\/2024\/09\/gia-cong-serum-tao-chat-luong-san-pham-thuong-hieu-uy-tin-768x384.png 768w, https:\/\/shizencos.com\/wp-content\/uploads\/2024\/09\/gia-cong-serum-tao-chat-luong-san-pham-thuong-hieu-uy-tin-600x300.png 600w\" sizes=\"(max-width: 800px) 100vw, 800px\" \/><\/a><figcaption id=\"caption-attachment-11428\" class=\"wp-caption-text\">Serum processing creates quality products of prestigious brands<\/figcaption><\/figure>\n<h2 style=\"text-align: justify;\"><span style=\"font-size: 14pt;\"><b>2. Benefits of choosing Serum processing<\/b><\/span><\/h2>\n<p style=\"text-align: justify;\"><span style=\"font-weight: 400;\">The selection <\/span><b>Serum processing<\/b><span style=\"font-weight: 400;\"> is an effective and economical solution for businesses and cosmetic brands that want to produce quality skin care serums without having to invest too much in production infrastructure. Below are the outstanding benefits of serum processing:<\/span><\/p>\n<p style=\"text-align: justify;\"><span style=\"font-weight: 400;\">\u2705 Save investment costs<\/span><\/p>\n<p style=\"text-align: justify;\"><span style=\"font-weight: 400;\">\u2705 \u0110\u1ea3m b\u1ea3o ch\u1ea5t l\u01b0\u1ee3ng s\u1ea3n ph\u1ea9m \u0111\u1ea1t chu\u1ea9n<\/span><\/p>\n<p style=\"text-align: justify;\"><span style=\"font-weight: 400;\">\u2705 Support product registration and inspection<\/span><\/p>\n<p style=\"text-align: justify;\"><span style=\"font-weight: 400;\">\u2705 Speed \u200b\u200bup product launch time<\/span><\/p>\n<p style=\"text-align: justify;\"><span style=\"font-weight: 400;\">\u2705 Comply with safety and environmental regulations<\/span><\/p>\n<p style=\"text-align: justify;\"><span style=\"font-weight: 400;\">\u2705 Support packaging design and branding<\/span><\/p>\n<p style=\"text-align: justify;\"><span style=\"font-weight: 400;\">\u2705 Flexibility in changing and updating products<\/span><\/p>\n<figure id=\"attachment_11429\" aria-describedby=\"caption-attachment-11429\" style=\"width: 800px\" class=\"wp-caption aligncenter\"><a href=\"https:\/\/shizencos.com\/wp-content\/uploads\/2024\/09\/nhieu-dong-san-pham-serum-cung-cap-tren-thi-truong-my-pham.jpg\"><img decoding=\"async\" class=\"size-full wp-image-11429\" src=\"https:\/\/shizencos.com\/wp-content\/uploads\/2024\/09\/nhieu-dong-san-pham-serum-cung-cap-tren-thi-truong-my-pham.jpg\" alt=\"Nhi\u1ec1u d\u00f2ng s\u1ea3n ph\u1ea9m serum cung c\u1ea5p tr\u00ean th\u1ecb tr\u01b0\u1eddng m\u1ef9 ph\u1ea9m\" width=\"800\" height=\"400\" title=\"\" srcset=\"https:\/\/shizencos.com\/wp-content\/uploads\/2024\/09\/nhieu-dong-san-pham-serum-cung-cap-tren-thi-truong-my-pham.jpg 800w, https:\/\/shizencos.com\/wp-content\/uploads\/2024\/09\/nhieu-dong-san-pham-serum-cung-cap-tren-thi-truong-my-pham-150x75.jpg 150w, https:\/\/shizencos.com\/wp-content\/uploads\/2024\/09\/nhieu-dong-san-pham-serum-cung-cap-tren-thi-truong-my-pham-18x9.jpg 18w, https:\/\/shizencos.com\/wp-content\/uploads\/2024\/09\/nhieu-dong-san-pham-serum-cung-cap-tren-thi-truong-my-pham-300x150.jpg 300w, https:\/\/shizencos.com\/wp-content\/uploads\/2024\/09\/nhieu-dong-san-pham-serum-cung-cap-tren-thi-truong-my-pham-768x384.jpg 768w, https:\/\/shizencos.com\/wp-content\/uploads\/2024\/09\/nhieu-dong-san-pham-serum-cung-cap-tren-thi-truong-my-pham-600x300.jpg 600w\" sizes=\"(max-width: 800px) 100vw, 800px\" \/><\/a><figcaption id=\"caption-attachment-11429\" class=\"wp-caption-text\">Many serum product lines are available on the cosmetic market.<\/figcaption><\/figure>\n<h2 style=\"text-align: justify;\"><span style=\"font-size: 14pt;\"><b>3. Serum processing at Shizencos<\/b><\/span><\/h2>\n<p style=\"text-align: justify;\"><span style=\"font-weight: 400;\">Shizencos is a reputable cosmetic processing company, especially in processing high-quality serum products. We provide professional serum processing services, from research, formula development to production, packaging and distribution.\u00a0<\/span><\/p>\n<h3 style=\"text-align: justify;\"><span style=\"font-size: 14pt;\"><b>3.1 Diverse Serum Formulas<\/b><\/span><\/h3>\n<p style=\"text-align: justify;\"><span style=\"font-weight: 400;\">At Shizencos, we offer a wide range of serum formulations, suitable for many different skin care purposes, from moisturizing, brightening, anti-aging to acne prevention. Based on customer requirements, our research and development team will advise and design the optimal serum formula, ensuring effective use and safety for the skin:<\/span><\/p>\n<ul style=\"text-align: justify;\">\n<li style=\"font-weight: 400;\" aria-level=\"1\"><b>Moisturizing Serum:<\/b><span style=\"font-weight: 400;\"> Provides and retains water for the skin, making the skin soft and smooth.<\/span><\/li>\n<li style=\"font-weight: 400;\" aria-level=\"1\"><b>Skin Brightening Serum:<\/b><span style=\"font-weight: 400;\"> Improves dull skin, fades dark spots and melasma.<\/span><\/li>\n<li style=\"font-weight: 400;\" aria-level=\"1\"><b>Anti-Aging Serum<\/b><span style=\"font-weight: 400;\">: Improves wrinkles, sagging skin and lack of elasticity.<\/span><\/li>\n<li style=\"font-weight: 400;\" aria-level=\"1\"><b>Acne Treatment Serum:<\/b><span style=\"font-weight: 400;\"> Cleans pores, reduces inflammation and prevents acne from recurring.<\/span><\/li>\n<li style=\"font-weight: 400;\" aria-level=\"1\"><b>Sunscreen serum: <\/b><span style=\"font-weight: 400;\">Protects skin from UV rays, brightens and prevents skin aging.<\/span><\/li>\n<li aria-level=\"1\"><b>Serum for Increasing Elasticity:<\/b><span style=\"font-weight: 400;\"> Helps skin firmer and more elastic.<\/span><\/li>\n<\/ul>\n<figure id=\"attachment_11430\" aria-describedby=\"caption-attachment-11430\" style=\"width: 800px\" class=\"wp-caption aligncenter\"><a href=\"https:\/\/shizencos.com\/wp-content\/uploads\/2024\/09\/dong-my-pham-serum-tri-mun-luon-dung-dau-doanh-so.jpg\"><img decoding=\"async\" class=\"size-full wp-image-11430\" src=\"https:\/\/shizencos.com\/wp-content\/uploads\/2024\/09\/dong-my-pham-serum-tri-mun-luon-dung-dau-doanh-so.jpg\" alt=\"D\u00f2ng m\u1ef9 ph\u1ea9m serum tr\u1ecb m\u1ee5n lu\u00f4n \u0111\u1ee9ng \u0111\u1ea7u doanh s\u1ed1\" width=\"800\" height=\"400\" title=\"\" srcset=\"https:\/\/shizencos.com\/wp-content\/uploads\/2024\/09\/dong-my-pham-serum-tri-mun-luon-dung-dau-doanh-so.jpg 800w, https:\/\/shizencos.com\/wp-content\/uploads\/2024\/09\/dong-my-pham-serum-tri-mun-luon-dung-dau-doanh-so-150x75.jpg 150w, https:\/\/shizencos.com\/wp-content\/uploads\/2024\/09\/dong-my-pham-serum-tri-mun-luon-dung-dau-doanh-so-18x9.jpg 18w, https:\/\/shizencos.com\/wp-content\/uploads\/2024\/09\/dong-my-pham-serum-tri-mun-luon-dung-dau-doanh-so-300x150.jpg 300w, https:\/\/shizencos.com\/wp-content\/uploads\/2024\/09\/dong-my-pham-serum-tri-mun-luon-dung-dau-doanh-so-768x384.jpg 768w, https:\/\/shizencos.com\/wp-content\/uploads\/2024\/09\/dong-my-pham-serum-tri-mun-luon-dung-dau-doanh-so-600x300.jpg 600w\" sizes=\"(max-width: 800px) 100vw, 800px\" \/><\/a><figcaption id=\"caption-attachment-11430\" class=\"wp-caption-text\">Acne treatment serum cosmetic line always tops sales<\/figcaption><\/figure>\n<p style=\"text-align: justify;\"><span style=\"font-weight: 400;\">With flexibility and creativity, Shizencos is committed to developing unique serum products that are completely suitable for the goals, development strategies and market characteristics of each brand, helping you create outstanding products and make your own mark.<\/span><\/p>\n<h3 style=\"text-align: justify;\"><span style=\"font-size: 14pt;\"><b>3.2 Serum processing process at Shizencos<\/b><\/span><\/h3>\n<p style=\"text-align: justify;\"><span style=\"font-weight: 400; font-size: 12pt;\">At Shizencos, we are committed to providing customers with high-quality serum products through a professional and rigorous production process. Below is the 9-step serum manufacturing process at Shizencos:<\/span><\/p>\n<p style=\"text-align: justify;\"><span style=\"font-size: 12pt;\"><b>Step 1: <\/b><span style=\"font-weight: 400;\">Contact for consultation \u2013 Listen to requests and advise on appropriate formulas.<\/span><\/span><\/p>\n<p style=\"text-align: justify;\"><span style=\"font-size: 12pt;\"><b>Step 2:<\/b><span style=\"font-weight: 400;\"> Research and Development \u2013 \u200b\u200bR&amp;D team researches and develops optimal formulas.<\/span><\/span><\/p>\n<p style=\"text-align: justify;\"><span style=\"font-size: 12pt;\"><b>Step 3: <\/b><span style=\"font-weight: 400;\">Send samples and adjust \u2013 Provide samples, adjust based on feedback.<\/span><\/span><\/p>\n<p style=\"text-align: justify;\"><span style=\"font-size: 12pt;\"><b>Step 4:<\/b><span style=\"font-weight: 400;\"> Finalize sample and quote \u2013 Confirm final formula, calculate cost<\/span><\/span><\/p>\n<p style=\"text-align: justify;\"><span style=\"font-size: 12pt;\"><b>Step 5:<\/b><span style=\"font-weight: 400;\"> Signing contract and cooperation \u2013 Both parties agree and sign the processing contract.<\/span><\/span><\/p>\n<p style=\"text-align: justify;\"><span style=\"font-size: 12pt;\"><b>Step 6: <\/b><span style=\"font-weight: 400;\">Prepare ingredients and stir the tank <\/span><span style=\"font-weight: 400;\">\u2013<\/span><span style=\"font-weight: 400;\"> \u2013 Import and check the quality of input materials.<\/span><\/span><\/p>\n<p style=\"text-align: justify;\"><span style=\"font-size: 12pt;\"><b>Step 7:<\/b><span style=\"font-weight: 400;\"> Mass production \u2013 Put into production according to GMP standards.<\/span><\/span><\/p>\n<p style=\"text-align: justify;\"><span style=\"font-size: 12pt;\"><b>Step 8: <\/b><span style=\"font-weight: 400;\">Product packaging \u2013 Filling, sealing, labeling according to design.<\/span><\/span><\/p>\n<p style=\"text-align: justify;\"><span style=\"font-size: 12pt;\"><b>Step 9:<\/b><span style=\"font-weight: 400;\"> Delivery and post-production support \u2013 On-time delivery, legal support and business strategy.<\/span><\/span><\/p>\n<p style=\"text-align: justify;\"><span style=\"font-weight: 400; font-size: 12pt;\">Shizencos is committed to providing high quality products, helping businesses launch to the market quickly!<\/span><\/p>\n<figure id=\"attachment_11431\" aria-describedby=\"caption-attachment-11431\" style=\"width: 800px\" class=\"wp-caption aligncenter\"><a href=\"https:\/\/shizencos.com\/wp-content\/uploads\/2024\/09\/nguon-nguyen-lieu-tao-nen-san-pham-serum-an-toan.jpg\"><img loading=\"lazy\" decoding=\"async\" class=\"size-full wp-image-11431\" src=\"https:\/\/shizencos.com\/wp-content\/uploads\/2024\/09\/nguon-nguyen-lieu-tao-nen-san-pham-serum-an-toan.jpg\" alt=\"Ngu\u1ed3n nguy\u00ean li\u1ec7u t\u1ea1o n\u00ean s\u1ea3n ph\u1ea9m serum an to\u00e0n\" width=\"800\" height=\"400\" title=\"\" srcset=\"https:\/\/shizencos.com\/wp-content\/uploads\/2024\/09\/nguon-nguyen-lieu-tao-nen-san-pham-serum-an-toan.jpg 800w, https:\/\/shizencos.com\/wp-content\/uploads\/2024\/09\/nguon-nguyen-lieu-tao-nen-san-pham-serum-an-toan-150x75.jpg 150w, https:\/\/shizencos.com\/wp-content\/uploads\/2024\/09\/nguon-nguyen-lieu-tao-nen-san-pham-serum-an-toan-18x9.jpg 18w, https:\/\/shizencos.com\/wp-content\/uploads\/2024\/09\/nguon-nguyen-lieu-tao-nen-san-pham-serum-an-toan-300x150.jpg 300w, https:\/\/shizencos.com\/wp-content\/uploads\/2024\/09\/nguon-nguyen-lieu-tao-nen-san-pham-serum-an-toan-768x384.jpg 768w, https:\/\/shizencos.com\/wp-content\/uploads\/2024\/09\/nguon-nguyen-lieu-tao-nen-san-pham-serum-an-toan-600x300.jpg 600w\" sizes=\"(max-width: 800px) 100vw, 800px\" \/><\/a><figcaption id=\"caption-attachment-11431\" class=\"wp-caption-text\">Source of raw materials to create safe serum products<\/figcaption><\/figure>\n<h2 style=\"text-align: justify;\"><span style=\"font-size: 14pt;\"><b>Conclude<\/b><\/span><\/h2>\n<p style=\"text-align: justify;\"><span style=\"font-weight: 400;\">Serum manufacturing at Shizencos is the optimal choice for businesses and brands that want to produce quality skin care serums without worrying about the production process. With a team of experienced experts, strict production processes and quality commitment, Shizencos will help you develop effective, safe serum products that meet customer needs. Contact us to build successful cosmetic products together, starting with a high-quality serum product line!<\/span><\/p>\n<p style=\"text-align: justify;\">","protected":false},"excerpt":{"rendered":"<p>T\u1ea1i Shizencos ch\u00fang t\u00f4i c\u00f3 d\u1ecbch v\u1ee5 gia c\u00f4ng serum tr\u1ecdn g\u00f3i, v\u1edbi \u0111\u1ed9i ng\u0169 R&amp;D chuy\u00ean m\u00f4n cao v\u00e0 d\u00e2y chuy\u1ec1n s\u1ea3n xu\u1ea5t hi\u1ec7n \u0111\u1ea1i. Serum l\u00e0 d\u00f2ng s\u1ea3n ph\u1ea9m d\u01b0\u1ee1ng da \u0111\u01b0\u1ee3c ph\u00e1i n\u1eef \u01b0u \u00e1i quan t\u00e2m b\u1edfi c\u00e1c c\u00f4ng d\u1ee5ng v\u01b0\u1ee3t tr\u1ed9i c\u1ee7a n\u00f3, l\u1ef1a ch\u1ecdn gia c\u00f4ng serum l\u00e0 m\u1ed9t [&hellip;]<\/p>\n","protected":false},"featured_media":11216,"comment_status":"open","ping_status":"closed","template":"","meta":[],"product_brand":[],"product_cat":[33],"product_tag":[],"class_list":{"0":"post-11192","1":"product","2":"type-product","3":"status-publish","4":"has-post-thumbnail","6":"product_cat-gia-cong-san-pham-cham-soc-da-mat","8":"first","9":"instock","10":"shipping-taxable","11":"product-type-simple"},"_links":{"self":[{"href":"https:\/\/shizencos.com\/en\/wp-json\/wp\/v2\/product\/11192","targetHints":{"allow":["GET"]}}],"collection":[{"href":"https:\/\/shizencos.com\/en\/wp-json\/wp\/v2\/product"}],"about":[{"href":"https:\/\/shizencos.com\/en\/wp-json\/wp\/v2\/types\/product"}],"replies":[{"embeddable":true,"href":"https:\/\/shizencos.com\/en\/wp-json\/wp\/v2\/comments?post=11192"}],"wp:featuredmedia":[{"embeddable":true,"href":"https:\/\/shizencos.com\/en\/wp-json\/wp\/v2\/media\/11216"}],"wp:attachment":[{"href":"https:\/\/shizencos.com\/en\/wp-json\/wp\/v2\/media?parent=11192"}],"wp:term":[{"taxonomy":"product_brand","embeddable":true,"href":"https:\/\/shizencos.com\/en\/wp-json\/wp\/v2\/product_brand?post=11192"},{"taxonomy":"product_cat","embeddable":true,"href":"https:\/\/shizencos.com\/en\/wp-json\/wp\/v2\/product_cat?post=11192"},{"taxonomy":"product_tag","embeddable":true,"href":"https:\/\/shizencos.com\/en\/wp-json\/wp\/v2\/product_tag?post=11192"}],"curies":[{"name":"wp","href":"https:\/\/api.w.org\/{rel}","templated":true}]}}