{"id":11185,"date":"2024-09-23T09:07:48","date_gmt":"2024-09-23T02:07:48","guid":{"rendered":"https:\/\/shizencos.com\/?post_type=product&#038;p=11185"},"modified":"2025-08-13T09:22:20","modified_gmt":"2025-08-13T02:22:20","slug":"gia-cong-mat-na-duong-da","status":"publish","type":"product","link":"https:\/\/shizencos.com\/en\/gia-cong-mat-na-duong-da\/","title":{"rendered":"Skin care mask processing"},"content":{"rendered":"<p style=\"text-align: justify;\"><span style=\"font-weight: 400;\">Skin care mask processing<\/span><span style=\"font-weight: 400;\"> is becoming a new trend in the beauty industry, with many diverse brands and products. Thanks to the development of technology and the increasing demand from consumers, manufacturing skin care masks not only helps you increase sales but also brings great benefits to the health of customers' skin.<\/span><\/p>\n<h2 style=\"text-align: justify;\"><span style=\"font-size: 14pt;\"><b>1. What is facial mask processing?<\/b><\/span><\/h2>\n<p style=\"text-align: justify;\"><span style=\"font-weight: 400;\">Facial mask manufacturing is a process of manufacturing masks with special formulas to meet the beauty needs of consumers. With the increase of the cosmetics market, facial mask manufacturing has become a very notable field, attracting many investors as well as startups.<\/span><\/p>\n<figure id=\"attachment_11414\" aria-describedby=\"caption-attachment-11414\" style=\"width: 800px\" class=\"wp-caption aligncenter\"><a href=\"https:\/\/shizencos.com\/wp-content\/uploads\/2024\/09\/da-dang-cac-dong-mat-na-shizencos-gia-cong.png\"><img fetchpriority=\"high\" decoding=\"async\" class=\"size-full wp-image-11414\" src=\"https:\/\/shizencos.com\/wp-content\/uploads\/2024\/09\/da-dang-cac-dong-mat-na-shizencos-gia-cong.png\" alt=\"\u0110a d\u1ea1ng c\u00e1c d\u00f2ng m\u1eb7t n\u1ea1 Shizencos gia c\u00f4ng\" width=\"800\" height=\"400\" title=\"\" srcset=\"https:\/\/shizencos.com\/wp-content\/uploads\/2024\/09\/da-dang-cac-dong-mat-na-shizencos-gia-cong.png 800w, https:\/\/shizencos.com\/wp-content\/uploads\/2024\/09\/da-dang-cac-dong-mat-na-shizencos-gia-cong-150x75.png 150w, https:\/\/shizencos.com\/wp-content\/uploads\/2024\/09\/da-dang-cac-dong-mat-na-shizencos-gia-cong-18x9.png 18w, https:\/\/shizencos.com\/wp-content\/uploads\/2024\/09\/da-dang-cac-dong-mat-na-shizencos-gia-cong-300x150.png 300w, https:\/\/shizencos.com\/wp-content\/uploads\/2024\/09\/da-dang-cac-dong-mat-na-shizencos-gia-cong-768x384.png 768w, https:\/\/shizencos.com\/wp-content\/uploads\/2024\/09\/da-dang-cac-dong-mat-na-shizencos-gia-cong-600x300.png 600w\" sizes=\"(max-width: 800px) 100vw, 800px\" \/><\/a><figcaption id=\"caption-attachment-11414\" class=\"wp-caption-text\">A variety of Shizencos mask lines<\/figcaption><\/figure>\n<h2 style=\"text-align: justify;\"><span style=\"font-size: 14pt;\"><b>2. <\/b><b>Benefits of choosing outsourcing<\/b><b>facial mask?<\/b><\/span><\/h2>\n<p style=\"text-align: justify;\"><span style=\"font-weight: 400;\">When choosing mask manufacturing services, businesses will receive great benefits in terms of cost and production time. This is an optimal solution, helping your business to focus entirely on developing marketing strategies and building brands, without having to worry about investing in complex production systems.<\/span><\/p>\n<p style=\"text-align: justify;\"><span style=\"font-weight: 400;\">\u2705 Minimize initial investment costs<\/span><\/p>\n<p style=\"text-align: justify;\"><span style=\"font-weight: 400;\">\u2705 Guaranteed customized and exclusive formula<\/span><\/p>\n<p style=\"text-align: justify;\"><span style=\"font-weight: 400;\">\u2705 S\u1ea3n ph\u1ea9m \u0111\u1ea3m b\u1ea3o ch\u1ea5t l\u01b0\u1ee3ng, ti\u00eau chu\u1ea9n ki\u1ec3m nghi\u1ec7m<\/span><\/p>\n<p style=\"text-align: justify;\"><span style=\"font-weight: 400;\">\u2705 Provide full legal support<\/span><\/p>\n<p style=\"text-align: justify;\"><span style=\"font-weight: 400;\">\u2705 Accompanying in the brand development process<\/span><\/p>\n<figure id=\"attachment_11415\" aria-describedby=\"caption-attachment-11415\" style=\"width: 800px\" class=\"wp-caption aligncenter\"><a href=\"https:\/\/shizencos.com\/wp-content\/uploads\/2024\/09\/gia-cong-mat-na-duong-da-voi-nhieu-uu-diem-khi-chon-shizencos.png\"><img decoding=\"async\" class=\"size-full wp-image-11415\" src=\"https:\/\/shizencos.com\/wp-content\/uploads\/2024\/09\/gia-cong-mat-na-duong-da-voi-nhieu-uu-diem-khi-chon-shizencos.png\" alt=\"Gia c\u00f4ng m\u1eb7t n\u1ea1 d\u01b0\u1ee1ng da v\u1edbi nhi\u1ec1u \u01b0u \u0111i\u1ec3m khi ch\u1ecdn Shizencos\" width=\"800\" height=\"400\" title=\"\" srcset=\"https:\/\/shizencos.com\/wp-content\/uploads\/2024\/09\/gia-cong-mat-na-duong-da-voi-nhieu-uu-diem-khi-chon-shizencos.png 800w, https:\/\/shizencos.com\/wp-content\/uploads\/2024\/09\/gia-cong-mat-na-duong-da-voi-nhieu-uu-diem-khi-chon-shizencos-150x75.png 150w, https:\/\/shizencos.com\/wp-content\/uploads\/2024\/09\/gia-cong-mat-na-duong-da-voi-nhieu-uu-diem-khi-chon-shizencos-18x9.png 18w, https:\/\/shizencos.com\/wp-content\/uploads\/2024\/09\/gia-cong-mat-na-duong-da-voi-nhieu-uu-diem-khi-chon-shizencos-300x150.png 300w, https:\/\/shizencos.com\/wp-content\/uploads\/2024\/09\/gia-cong-mat-na-duong-da-voi-nhieu-uu-diem-khi-chon-shizencos-768x384.png 768w, https:\/\/shizencos.com\/wp-content\/uploads\/2024\/09\/gia-cong-mat-na-duong-da-voi-nhieu-uu-diem-khi-chon-shizencos-600x300.png 600w\" sizes=\"(max-width: 800px) 100vw, 800px\" \/><\/a><figcaption id=\"caption-attachment-11415\" class=\"wp-caption-text\">Processing skin care masks with many advantages when choosing Shizencos<\/figcaption><\/figure>\n<h2 style=\"text-align: justify;\"><span style=\"font-size: 14pt;\"><b>3. Skin care mask processing at Shizencos<\/b><\/span><\/h2>\n<p style=\"text-align: justify;\"><span style=\"font-weight: 400;\">Shizencos mang \u0111\u1ebfn d\u1ecbch v\u1ee5 gia c\u00f4ng m\u1eb7t n\u1ea1 d\u01b0\u1ee1ng da chuy\u00ean nghi\u1ec7p, bao g\u1ed3m m\u1ecdi giai \u0111o\u1ea1n t\u1eeb nghi\u00ean c\u1ee9u c\u00f4ng th\u1ee9c, ch\u1ecdn l\u1ecdc nguy\u00ean li\u1ec7u, s\u1ea3n xu\u1ea5t theo chu\u1ea9n GMP cho \u0111\u1ebfn h\u1ed7 tr\u1ee3 ph\u00e1p l\u00fd v\u00e0 thi\u1ebft k\u1ebf bao b\u00ec. S\u1edf h\u1eefu \u0111\u1ed9i ng\u0169 chuy\u00ean gia gi\u00e0u kinh nghi\u1ec7m c\u00f9ng c\u00f4ng ngh\u1ec7 s\u1ea3n xu\u1ea5t hi\u1ec7n \u0111\u1ea1i, Shizencos t\u1ef1 tin cung c\u1ea5p c\u00e1c s\u1ea3n ph\u1ea9m m\u1eb7t n\u1ea1 ch\u1ea5t l\u01b0\u1ee3ng cao, \u0111\u00e1p \u1ee9ng xu h\u01b0\u1edbng l\u00e0m \u0111\u1eb9p hi\u1ec7n \u0111\u1ea1i, gi\u00fap th\u01b0\u01a1ng hi\u1ec7u c\u1ee7a b\u1ea1n ph\u00e1t tri\u1ec3n v\u1eefng ch\u1eafc v\u00e0 kh\u1eb3ng \u0111\u1ecbnh v\u1ecb th\u1ebf tr\u00ean th\u1ecb tr\u01b0\u1eddng.<\/span><\/p>\n<h3 style=\"text-align: justify;\"><span style=\"font-size: 14pt;\"><b>3.1 Advanced and diverse mask formulas<\/b><\/span><\/h3>\n<p style=\"text-align: justify;\"><span style=\"font-weight: 400;\">Shizencos offers mask solutions to suit many different beauty needs:<\/span><\/p>\n<ul style=\"text-align: justify;\">\n<li style=\"font-weight: 400;\" aria-level=\"1\"><b>Skin whitening mask<\/b><span style=\"font-weight: 400;\">: Helps even skin tone, giving a radiant glow.<\/span><\/li>\n<li style=\"font-weight: 400;\" aria-level=\"1\"><span style=\"font-size: 12pt;\"><b>Anti-aging mask<\/b><span style=\"font-weight: 400;\">: Restores elasticity, reduces wrinkles, maintains youthful appearance.<\/span><\/span><\/li>\n<li aria-level=\"1\"><span style=\"font-size: 12pt;\"><b>Intensive moisturizing mask<\/b><span style=\"font-weight: 400;\">: Replenishes moisture, soothes dry skin and improves skin vitality.<\/span><\/span><\/li>\n<\/ul>\n<p style=\"text-align: justify;\"><span style=\"font-size: 12pt;\"><span style=\"font-weight: 400;\">The formulas at Shizencos are always updated and perfected to ensure outstanding effectiveness.<\/span><\/span><\/p>\n<figure id=\"attachment_11416\" aria-describedby=\"caption-attachment-11416\" style=\"width: 800px\" class=\"wp-caption aligncenter\"><a href=\"https:\/\/shizencos.com\/wp-content\/uploads\/2024\/09\/ket-hop-cung-nha-may-shizencos-de-nang-cao-chat-luong-san-pham.png\"><img decoding=\"async\" class=\"size-full wp-image-11416\" src=\"https:\/\/shizencos.com\/wp-content\/uploads\/2024\/09\/ket-hop-cung-nha-may-shizencos-de-nang-cao-chat-luong-san-pham.png\" alt=\"K\u1ebft h\u1ee3p c\u00f9ng nh\u00e0 m\u00e1y Shizencos \u0111\u1ec3 n\u00e2ng cao ch\u1ea5t l\u01b0\u1ee3ng s\u1ea3n ph\u1ea9m\" width=\"800\" height=\"400\" title=\"\" srcset=\"https:\/\/shizencos.com\/wp-content\/uploads\/2024\/09\/ket-hop-cung-nha-may-shizencos-de-nang-cao-chat-luong-san-pham.png 800w, https:\/\/shizencos.com\/wp-content\/uploads\/2024\/09\/ket-hop-cung-nha-may-shizencos-de-nang-cao-chat-luong-san-pham-150x75.png 150w, https:\/\/shizencos.com\/wp-content\/uploads\/2024\/09\/ket-hop-cung-nha-may-shizencos-de-nang-cao-chat-luong-san-pham-18x9.png 18w, https:\/\/shizencos.com\/wp-content\/uploads\/2024\/09\/ket-hop-cung-nha-may-shizencos-de-nang-cao-chat-luong-san-pham-300x150.png 300w, https:\/\/shizencos.com\/wp-content\/uploads\/2024\/09\/ket-hop-cung-nha-may-shizencos-de-nang-cao-chat-luong-san-pham-768x384.png 768w, https:\/\/shizencos.com\/wp-content\/uploads\/2024\/09\/ket-hop-cung-nha-may-shizencos-de-nang-cao-chat-luong-san-pham-600x300.png 600w\" sizes=\"(max-width: 800px) 100vw, 800px\" \/><\/a><figcaption id=\"caption-attachment-11416\" class=\"wp-caption-text\">Collaborate with Shizencos factory to improve product quality<\/figcaption><\/figure>\n<h3 style=\"text-align: justify;\"><span style=\"font-size: 14pt;\"><b>3.2 Professional processing process at Shizencos<\/b><\/span><\/h3>\n<p style=\"text-align: justify;\"><span style=\"font-weight: 400;\">The mask manufacturing process is carried out systematically with 9 main steps:<\/span><\/p>\n<ol style=\"text-align: justify;\">\n<li style=\"font-weight: 400;\" aria-level=\"1\"><b>Receiving requests<\/b><span style=\"font-weight: 400;\"> \u2013 Listen to needs and advise optimal solutions.<\/span><\/li>\n<li style=\"font-weight: 400;\" aria-level=\"1\"><b>Formula development<\/b><span style=\"font-weight: 400;\"> \u2013 R&amp;D team carefully researches suitable formula.<\/span><\/li>\n<li style=\"font-weight: 400;\" aria-level=\"1\"><b>Provide and adjust test samples<\/b><span style=\"font-weight: 400;\"> \u2013 Send product samples for customers to experience and give feedback.<\/span><\/li>\n<li style=\"font-weight: 400;\" aria-level=\"1\"><b>Finalize formula and quote<\/b><span style=\"font-weight: 400;\"> \u2013 Ensure all details are agreed upon before production.<\/span><\/li>\n<li style=\"font-weight: 400;\" aria-level=\"1\"><b>Sign the contract<\/b><span style=\"font-weight: 400;\"> \u2013 Committed to transparent and sustainable cooperation.<\/span><\/li>\n<li style=\"font-weight: 400;\" aria-level=\"1\"><b>Raw material inspection<\/b><span style=\"font-weight: 400;\"> \u2013 Import and check the quality of input materials.<\/span><\/li>\n<li style=\"font-weight: 400;\" aria-level=\"1\"><b>Production according to standards<\/b><span style=\"font-weight: 400;\"> \u2013 Ensure production process meets strict GMP standards.<\/span><\/li>\n<li style=\"font-weight: 400;\" aria-level=\"1\"><b>Complete packaging<\/b><span style=\"font-weight: 400;\"> \u2013 Ensure packaging design is beautiful and professional.<\/span><\/li>\n<li style=\"font-weight: 400;\" aria-level=\"1\"><b>Delivery and logistics support<\/b><span style=\"font-weight: 400;\"> \u2013 On-time delivery with thoughtful after-sales service.<\/span><\/li>\n<\/ol>\n<p style=\"text-align: justify;\"><span style=\"font-weight: 400;\">Shizencos is the ideal choice for businesses looking to bring high-quality facial mask products to market quickly and efficiently. If you need more information, I'm happy to assist!<\/span><\/p>\n<figure id=\"attachment_11417\" aria-describedby=\"caption-attachment-11417\" style=\"width: 800px\" class=\"wp-caption aligncenter\"><a href=\"https:\/\/shizencos.com\/wp-content\/uploads\/2024\/09\/tin-chon-gia-cong-mat-na-duong-da.png\"><img loading=\"lazy\" decoding=\"async\" class=\"size-full wp-image-11417\" src=\"https:\/\/shizencos.com\/wp-content\/uploads\/2024\/09\/tin-chon-gia-cong-mat-na-duong-da.png\" alt=\"Tin ch\u1ecdn gia c\u00f4ng m\u1eb7t n\u1ea1 d\u01b0\u1ee1ng da\u00a0\" width=\"800\" height=\"400\" title=\"\" srcset=\"https:\/\/shizencos.com\/wp-content\/uploads\/2024\/09\/tin-chon-gia-cong-mat-na-duong-da.png 800w, https:\/\/shizencos.com\/wp-content\/uploads\/2024\/09\/tin-chon-gia-cong-mat-na-duong-da-150x75.png 150w, https:\/\/shizencos.com\/wp-content\/uploads\/2024\/09\/tin-chon-gia-cong-mat-na-duong-da-18x9.png 18w, https:\/\/shizencos.com\/wp-content\/uploads\/2024\/09\/tin-chon-gia-cong-mat-na-duong-da-300x150.png 300w, https:\/\/shizencos.com\/wp-content\/uploads\/2024\/09\/tin-chon-gia-cong-mat-na-duong-da-768x384.png 768w, https:\/\/shizencos.com\/wp-content\/uploads\/2024\/09\/tin-chon-gia-cong-mat-na-duong-da-600x300.png 600w\" sizes=\"(max-width: 800px) 100vw, 800px\" \/><\/a><figcaption id=\"caption-attachment-11417\" class=\"wp-caption-text\">News on choosing facial mask processing<\/figcaption><\/figure>\n<h2 style=\"text-align: justify;\"><span style=\"font-size: 14pt;\"><b>Conclude<\/b><\/span><\/h2>\n<p style=\"text-align: justify;\"><span style=\"font-weight: 400;\">Facial mask manufacturing is an effective and potential beauty solution. It not only helps consumers take care of their skin professionally but also creates great opportunities for businesses in the cosmetics industry. As the market grows, focusing on quality and consumer trends will be the key to success in this field.<\/span><\/p>","protected":false},"excerpt":{"rendered":"<p>Gia c\u00f4ng m\u1eb7t n\u1ea1 d\u01b0\u1ee1ng da \u0111ang tr\u1edf th\u00e0nh m\u1ed9t xu h\u01b0\u1edbng m\u1edbi trong ng\u00e0nh l\u00e0m \u0111\u1eb9p, v\u1edbi nhi\u1ec1u th\u01b0\u01a1ng hi\u1ec7u v\u00e0 s\u1ea3n ph\u1ea9m \u0111a d\u1ea1ng. Nh\u1edd v\u00e0o s\u1ef1 ph\u00e1t tri\u1ec3n c\u1ee7a c\u00f4ng ngh\u1ec7 v\u00e0 nhu c\u1ea7u ng\u00e0y c\u00e0ng cao t\u1eeb ng\u01b0\u1eddi ti\u00eau d\u00f9ng, gia c\u00f4ng m\u1eb7t n\u1ea1 d\u01b0\u1ee1ng da kh\u00f4ng ch\u1ec9 gi\u00fap b\u1ea1n \u0111\u1ea9y [&hellip;]<\/p>\n","protected":false},"featured_media":11921,"comment_status":"open","ping_status":"closed","template":"","meta":[],"product_brand":[],"product_cat":[33],"product_tag":[],"class_list":{"0":"post-11185","1":"product","2":"type-product","3":"status-publish","4":"has-post-thumbnail","6":"product_cat-gia-cong-san-pham-cham-soc-da-mat","8":"first","9":"instock","10":"shipping-taxable","11":"product-type-simple"},"_links":{"self":[{"href":"https:\/\/shizencos.com\/en\/wp-json\/wp\/v2\/product\/11185","targetHints":{"allow":["GET"]}}],"collection":[{"href":"https:\/\/shizencos.com\/en\/wp-json\/wp\/v2\/product"}],"about":[{"href":"https:\/\/shizencos.com\/en\/wp-json\/wp\/v2\/types\/product"}],"replies":[{"embeddable":true,"href":"https:\/\/shizencos.com\/en\/wp-json\/wp\/v2\/comments?post=11185"}],"wp:featuredmedia":[{"embeddable":true,"href":"https:\/\/shizencos.com\/en\/wp-json\/wp\/v2\/media\/11921"}],"wp:attachment":[{"href":"https:\/\/shizencos.com\/en\/wp-json\/wp\/v2\/media?parent=11185"}],"wp:term":[{"taxonomy":"product_brand","embeddable":true,"href":"https:\/\/shizencos.com\/en\/wp-json\/wp\/v2\/product_brand?post=11185"},{"taxonomy":"product_cat","embeddable":true,"href":"https:\/\/shizencos.com\/en\/wp-json\/wp\/v2\/product_cat?post=11185"},{"taxonomy":"product_tag","embeddable":true,"href":"https:\/\/shizencos.com\/en\/wp-json\/wp\/v2\/product_tag?post=11185"}],"curies":[{"name":"wp","href":"https:\/\/api.w.org\/{rel}","templated":true}]}}