{"id":11108,"date":"2024-09-20T10:33:06","date_gmt":"2024-09-20T03:33:06","guid":{"rendered":"https:\/\/shizencos.com\/?post_type=product&#038;p=11108"},"modified":"2025-08-12T10:42:35","modified_gmt":"2025-08-12T03:42:35","slug":"gia-cong-xit-duong-toc","status":"publish","type":"product","link":"https:\/\/shizencos.com\/en\/gia-cong-xit-duong-toc\/","title":{"rendered":"Hair spray processing"},"content":{"rendered":"<p><span style=\"font-size: 12pt;\"><i><span style=\"font-weight: 400;\">B\u1ea1n \u0111ang t\u00ecm \u0111\u1ed1i t\u00e1c gia c\u00f4ng x\u1ecbt d\u01b0\u1ee1ng t\u00f3c ch\u1ea5t l\u01b0\u1ee3ng cao? Shizencos &#8211; nh\u00e0 m\u00e1y \u0111\u1ea1t chu\u1ea9n v\u1edbi d\u00e2y chuy\u1ec1n hi\u1ec7n \u0111\u1ea1i, nh\u1eadn gia c\u00f4ng m\u1ef9 ph\u1ea9m theo y\u00eau c\u1ea7u, c\u00f4ng th\u1ee9c \u0111\u1ed9c quy\u1ec1n, h\u1ed7 tr\u1ee3 thi\u1ebft k\u1ebf bao b\u00ec, ph\u00e1p l\u00fd v\u00e0 m\u1eabu th\u1eed mi\u1ec5n ph\u00ed. Ph\u00f9 h\u1ee3p cho th\u01b0\u01a1ng hi\u1ec7u l\u1edbn, nh\u1ecf, spa, hair salon.\u00a0<\/span><\/i><\/span><\/p>\n<p><span style=\"font-size: 12pt;\"><i><span style=\"font-weight: 400;\">In the article below, Shizencos will help you better understand the hair spray processing service, outstanding cooperation benefits and closed production process at Shizencos!<\/span><\/i><\/span><\/p>\n<h2><span style=\"font-size: 14pt;\"><b>1. What is hair spray processing?<\/b><\/span><\/h2>\n<p><span style=\"font-size: 12pt;\"><b>Hair spray is <\/b><span style=\"font-weight: 400;\">Liquid product designed to provide moisture, nutrients and protect hair from harmful agents such as temperature, UV rays, chemicals, etc. This product is often used after shampooing or before styling, helping hair become soft, smooth, strong and naturally shiny.<\/span><\/span><\/p>\n<p><span style=\"font-size: 12pt;\"><b>Hair spray processing is<\/b><span style=\"font-weight: 400;\"> Manufacturing services for products according to the requirements of businesses or cosmetic brands. The outsourcing partner will be responsible for everything from formula research, sample testing, packaging design to production and legal support. This is the optimal solution for companies that want to save on initial investment costs while still having quality products with their own brand.<\/span><\/span><\/p>\n<figure id=\"attachment_8609\" aria-describedby=\"caption-attachment-8609\" style=\"width: 800px\" class=\"wp-caption aligncenter\"><a href=\"https:\/\/shizencos.com\/wp-content\/uploads\/2024\/07\/tong-quan-ve-gia-cong-xit-duong-toc.png\"><img fetchpriority=\"high\" decoding=\"async\" class=\"size-full wp-image-8609\" src=\"https:\/\/shizencos.com\/wp-content\/uploads\/2024\/07\/tong-quan-ve-gia-cong-xit-duong-toc.png\" alt=\"T\u1ed5ng quan v\u1ec1 gia c\u00f4ng x\u1ecbt d\u01b0\u1ee1ng t\u00f3c\" width=\"800\" height=\"400\" title=\"\"><\/a><figcaption id=\"caption-attachment-8609\" class=\"wp-caption-text\">Overview of hair spray processing<\/figcaption><\/figure>\n<h2><span style=\"font-size: 14pt;\"><b>2. Benefits of choosing hair spray processing<\/b><\/span><\/h2>\n<p><span style=\"font-weight: 400; font-size: 12pt;\">When deciding to develop a private label hair spray product line, choosing to outsource to a professional unit like Shizencos will help businesses maximize the advantages of cost, time and quality. Here are the reasons why cosmetic outsourcing is a smart solution for brands today:<\/span><\/p>\n<p><span style=\"font-weight: 400; font-size: 12pt;\">\u2705 Save costs on machinery and equipment investment and factory operations<\/span><\/p>\n<p><span style=\"font-weight: 400; font-size: 12pt;\">\u2705 Optimize resources: No need for internal R&amp;D team or technicians<\/span><\/p>\n<p><span style=\"font-weight: 400; font-size: 12pt;\">\u2705 Shorten product launch time\u00a0<\/span><\/p>\n<p><span style=\"font-weight: 400; font-size: 12pt;\">\u2705 Increase competitiveness thanks to unique formula and exclusive packaging design<\/span><\/p>\n<p><span style=\"font-weight: 400; font-size: 12pt;\">\u2705 S\u1ea3n ph\u1ea9m \u0111\u1ea3m b\u1ea3o ch\u1ea5t l\u01b0\u1ee3ng \u0111\u1ea1t chu\u1ea9n\u00a0<\/span><\/p>\n<p><span style=\"font-weight: 400; font-size: 12pt;\">\u2705 Comprehensive support on legal, product declaration and testing<\/span><\/p>\n<h2><span style=\"font-size: 14pt;\"><b>3. Hair spray processing at Shizencos<\/b><\/span><\/h2>\n<p><span style=\"font-weight: 400; font-size: 12pt;\">Nh\u00e0 m\u00e1y Shizencos &#8211; \u0110\u1ed1i t\u00e1c chi\u1ebfn l\u01b0\u1ee3c \u0111\u01b0\u1ee3c nhi\u1ec1u th\u01b0\u01a1ng hi\u1ec7u m\u1ef9 ph\u1ea9m l\u1ef1a ch\u1ecdn \u0111\u1ec3 gia c\u00f4ng s\u1ea3n ph\u1ea9m x\u1ecbt d\u01b0\u1ee1ng t\u00f3c ch\u1ea5t l\u01b0\u1ee3ng cao, s\u1edf h\u1eefu d\u00e2y chuy\u1ec1n s\u1ea3n xu\u1ea5t ti\u00ean ti\u1ebfn v\u1edbi n\u1ec1n t\u1ea3ng c\u00f4ng ngh\u1ec7 hi\u1ec7n \u0111\u1ea1i, \u0111\u1ed9i ng\u0169 chuy\u00ean m\u00f4n cao v\u00e0 quy tr\u00ecnh s\u1ea3n xu\u1ea5t chu\u1ea9n qu\u1ed1c t\u1ebf, ch\u00fang t\u00f4i mang \u0111\u1ebfn gi\u1ea3i ph\u00e1p to\u00e0n di\u1ec7n cho m\u1ecdi nhu c\u1ea7u c\u1ee7a kh\u00e1ch h\u00e0ng v\u1ec1 gia c\u00f4ng s\u1ea3n ph\u1ea9m x\u1ecbt d\u01b0\u1ee1ng t\u00f3c.<\/span><\/p>\n<figure id=\"attachment_8610\" aria-describedby=\"caption-attachment-8610\" style=\"width: 800px\" class=\"wp-caption aligncenter\"><a href=\"https:\/\/shizencos.com\/wp-content\/uploads\/2024\/07\/gia-cong-xit-duong-toc-voi-cac-thanh-phan-thien-nhien.png\"><img decoding=\"async\" class=\"size-full wp-image-8610\" src=\"https:\/\/shizencos.com\/wp-content\/uploads\/2024\/07\/gia-cong-xit-duong-toc-voi-cac-thanh-phan-thien-nhien.png\" alt=\"Gia c\u00f4ng x\u1ecbt d\u01b0\u1ee1ng t\u00f3c v\u1edbi c\u00e1c th\u00e0nh ph\u1ea7n thi\u00ean nhi\u00ean\" width=\"800\" height=\"400\" title=\"\"><\/a><figcaption id=\"caption-attachment-8610\" class=\"wp-caption-text\">Hair spray processing with natural ingredients<\/figcaption><\/figure>\n<h3><span style=\"font-size: 14pt;\"><b>3.1 Diverse hair spray formulas<\/b><\/span><\/h3>\n<p><span style=\"font-weight: 400; font-size: 12pt;\">Shizencos has an experienced R&amp;D team, always ready to develop formulas according to the specific requirements of each partner. You can choose from the following product lines:<\/span><\/p>\n<ul>\n<li style=\"font-weight: 400;\" aria-level=\"1\"><span style=\"font-weight: 400; font-size: 12pt;\">Hair spray to restore damaged hair<\/span><\/li>\n<li style=\"font-weight: 400;\" aria-level=\"1\"><span style=\"font-weight: 400; font-size: 12pt;\">Moisturizing spray \u2013 heat protection<\/span><\/li>\n<li style=\"font-weight: 400;\" aria-level=\"1\"><span style=\"font-weight: 400; font-size: 12pt;\">Smoothing spray \u2013 anti-frizz<\/span><\/li>\n<li style=\"font-weight: 400;\" aria-level=\"1\"><span style=\"font-weight: 400; font-size: 12pt;\">Hair spray containing natural essential oils<\/span><\/li>\n<li style=\"font-weight: 400;\" aria-level=\"1\"><span style=\"font-weight: 400; font-size: 12pt;\">High quality scented body spray, long lasting scent<\/span><\/li>\n<\/ul>\n<p><span style=\"font-weight: 400; font-size: 12pt;\">All formulas can be adjusted in ingredients, scents, colors, etc. to suit your brand positioning and target audience.<\/span><\/p>\n<figure id=\"attachment_8611\" aria-describedby=\"caption-attachment-8611\" style=\"width: 800px\" class=\"wp-caption aligncenter\"><a href=\"https:\/\/shizencos.com\/wp-content\/uploads\/2024\/07\/nguon-goc-cac-thanh-phan-hoan-toan-dam-bao-an-toan.png\"><img decoding=\"async\" class=\"size-full wp-image-8611\" src=\"https:\/\/shizencos.com\/wp-content\/uploads\/2024\/07\/nguon-goc-cac-thanh-phan-hoan-toan-dam-bao-an-toan.png\" alt=\"Ngu\u1ed3n g\u1ed1c c\u00e1c th\u00e0nh ph\u1ea7n ho\u00e0n to\u00e0n \u0111\u1ea3m b\u1ea3o an to\u00e0n\" width=\"800\" height=\"400\" title=\"\" srcset=\"https:\/\/shizencos.com\/wp-content\/uploads\/2024\/07\/nguon-goc-cac-thanh-phan-hoan-toan-dam-bao-an-toan.png 800w, https:\/\/shizencos.com\/wp-content\/uploads\/2024\/07\/nguon-goc-cac-thanh-phan-hoan-toan-dam-bao-an-toan-150x75.png 150w, https:\/\/shizencos.com\/wp-content\/uploads\/2024\/07\/nguon-goc-cac-thanh-phan-hoan-toan-dam-bao-an-toan-18x9.png 18w, https:\/\/shizencos.com\/wp-content\/uploads\/2024\/07\/nguon-goc-cac-thanh-phan-hoan-toan-dam-bao-an-toan-300x150.png 300w, https:\/\/shizencos.com\/wp-content\/uploads\/2024\/07\/nguon-goc-cac-thanh-phan-hoan-toan-dam-bao-an-toan-768x384.png 768w, https:\/\/shizencos.com\/wp-content\/uploads\/2024\/07\/nguon-goc-cac-thanh-phan-hoan-toan-dam-bao-an-toan-600x300.png 600w\" sizes=\"(max-width: 800px) 100vw, 800px\" \/><\/a><figcaption id=\"caption-attachment-8611\" class=\"wp-caption-text\">The origin of the ingredients is completely safe.<span style=\"font-size: 16px;\">.<\/span><\/figcaption><\/figure>\n<h3><span style=\"font-size: 14pt;\"><b>3.2 Hair spray manufacturing process at Shizencos\u00a0<\/b><\/span><\/h3>\n<p><span style=\"font-weight: 400; font-size: 12pt;\">To bring hair spray products to market quickly and effectively, Shizencos has built a closed, clear and professional processing process. Each step is optimized to ensure product quality, shorten implementation time and provide maximum support to partners throughout the cooperation process.<\/span><\/p>\n<p><span style=\"font-size: 12pt;\"><b>Step 1: <\/b><span style=\"font-weight: 400;\">Contact for consultation \u2013 Listen to requests and advise on appropriate formulas.<\/span><\/span><\/p>\n<p><span style=\"font-size: 12pt;\"><b>Step 2:<\/b><span style=\"font-weight: 400;\"> Research and Development \u2013 \u200b\u200bR&amp;D team researches and develops optimal formulas.<\/span><\/span><\/p>\n<p><span style=\"font-size: 12pt;\"><b>Step 3: <\/b><span style=\"font-weight: 400;\">Send samples and adjust \u2013 Provide samples, adjust based on feedback.<\/span><\/span><\/p>\n<p><span style=\"font-size: 12pt;\"><b>Step 4:<\/b><span style=\"font-weight: 400;\"> Finalize sample and quote \u2013 Confirm final formula, calculate cost<\/span><\/span><\/p>\n<p><span style=\"font-size: 12pt;\"><b>Step 5:<\/b><span style=\"font-weight: 400;\"> Signing contract and cooperation \u2013 Both parties agree and sign the processing contract.<\/span><\/span><\/p>\n<p><span style=\"font-size: 12pt;\"><b>Step 6: <\/b><span style=\"font-weight: 400;\">Prepare ingredients and stir the tank <\/span><span style=\"font-weight: 400;\">\u2013<\/span><span style=\"font-weight: 400;\"> \u2013 Import and check the quality of input materials.<\/span><\/span><\/p>\n<p><span style=\"font-size: 12pt;\"><b>Step 7:<\/b><span style=\"font-weight: 400;\"> Mass production \u2013 Put into production according to GMP standards.<\/span><\/span><\/p>\n<p><span style=\"font-size: 12pt;\"><b>Step 8: <\/b><span style=\"font-weight: 400;\">Product packaging \u2013 Filling, sealing, labeling according to design.<\/span><\/span><\/p>\n<p><b>Step 9:<\/b><span style=\"font-weight: 400;\"> Delivery and post-production support \u2013 On-time delivery, legal support and business strategy.<\/span><\/p>\n<figure id=\"attachment_8612\" aria-describedby=\"caption-attachment-8612\" style=\"width: 800px\" class=\"wp-caption aligncenter\"><a href=\"https:\/\/shizencos.com\/wp-content\/uploads\/2024\/07\/dong-hanh-cung-shizencos-khach-hang-se-luon-an-tam-ve-chat-luong.png\"><img loading=\"lazy\" decoding=\"async\" class=\"size-full wp-image-8612\" src=\"https:\/\/shizencos.com\/wp-content\/uploads\/2024\/07\/dong-hanh-cung-shizencos-khach-hang-se-luon-an-tam-ve-chat-luong.png\" alt=\"\u0110\u1ed3ng h\u00e0nh c\u00f9ng Shizencos kh\u00e1ch h\u00e0ng s\u1ebd lu\u00f4n an t\u00e2m v\u1ec1 ch\u1ea5t l\u01b0\u1ee3ng\" width=\"800\" height=\"400\" title=\"\" srcset=\"https:\/\/shizencos.com\/wp-content\/uploads\/2024\/07\/dong-hanh-cung-shizencos-khach-hang-se-luon-an-tam-ve-chat-luong.png 800w, https:\/\/shizencos.com\/wp-content\/uploads\/2024\/07\/dong-hanh-cung-shizencos-khach-hang-se-luon-an-tam-ve-chat-luong-150x75.png 150w, https:\/\/shizencos.com\/wp-content\/uploads\/2024\/07\/dong-hanh-cung-shizencos-khach-hang-se-luon-an-tam-ve-chat-luong-18x9.png 18w, https:\/\/shizencos.com\/wp-content\/uploads\/2024\/07\/dong-hanh-cung-shizencos-khach-hang-se-luon-an-tam-ve-chat-luong-300x150.png 300w, https:\/\/shizencos.com\/wp-content\/uploads\/2024\/07\/dong-hanh-cung-shizencos-khach-hang-se-luon-an-tam-ve-chat-luong-768x384.png 768w, https:\/\/shizencos.com\/wp-content\/uploads\/2024\/07\/dong-hanh-cung-shizencos-khach-hang-se-luon-an-tam-ve-chat-luong-600x300.png 600w\" sizes=\"(max-width: 800px) 100vw, 800px\" \/><\/a><figcaption id=\"caption-attachment-8612\" class=\"wp-caption-text\">Accompanying Shizencos, customers will always be assured of quality.<\/figcaption><\/figure>\n<h2><span style=\"font-size: 14pt;\"><b>Conclude<\/b><\/span><\/h2>\n<p><span style=\"font-weight: 400; font-size: 12pt;\">Hair spray manufacturing at Shizencos is not just about cosmetic production but also a strategic companion to help your brand develop sustainably and stand out in the market. Whether you are a large enterprise, a new cosmetic brand or a spa, hair salon looking to sell products with your own brand - Shizencos is always ready to accompany you.<\/span><\/p>\n<p><span style=\"font-weight: 400; font-size: 12pt;\">Contact Shizencos today for a free consultation and sample of hair spray that suits your brand!<\/span><\/p>","protected":false},"excerpt":{"rendered":"<p>B\u1ea1n \u0111ang t\u00ecm \u0111\u1ed1i t\u00e1c gia c\u00f4ng x\u1ecbt d\u01b0\u1ee1ng t\u00f3c ch\u1ea5t l\u01b0\u1ee3ng cao? Shizencos &#8211; nh\u00e0 m\u00e1y \u0111\u1ea1t chu\u1ea9n v\u1edbi d\u00e2y chuy\u1ec1n hi\u1ec7n \u0111\u1ea1i, nh\u1eadn gia c\u00f4ng m\u1ef9 ph\u1ea9m theo y\u00eau c\u1ea7u, c\u00f4ng th\u1ee9c \u0111\u1ed9c quy\u1ec1n, h\u1ed7 tr\u1ee3 thi\u1ebft k\u1ebf bao b\u00ec, ph\u00e1p l\u00fd v\u00e0 m\u1eabu th\u1eed mi\u1ec5n ph\u00ed. Ph\u00f9 h\u1ee3p cho th\u01b0\u01a1ng hi\u1ec7u l\u1edbn, [&hellip;]<\/p>\n","protected":false},"featured_media":11168,"comment_status":"open","ping_status":"closed","template":"","meta":[],"product_brand":[],"product_cat":[18],"product_tag":[],"class_list":{"0":"post-11108","1":"product","2":"type-product","3":"status-publish","4":"has-post-thumbnail","6":"product_cat-gia-cong-san-pham-cham-soc-toc","8":"first","9":"instock","10":"shipping-taxable","11":"product-type-simple"},"_links":{"self":[{"href":"https:\/\/shizencos.com\/en\/wp-json\/wp\/v2\/product\/11108","targetHints":{"allow":["GET"]}}],"collection":[{"href":"https:\/\/shizencos.com\/en\/wp-json\/wp\/v2\/product"}],"about":[{"href":"https:\/\/shizencos.com\/en\/wp-json\/wp\/v2\/types\/product"}],"replies":[{"embeddable":true,"href":"https:\/\/shizencos.com\/en\/wp-json\/wp\/v2\/comments?post=11108"}],"wp:featuredmedia":[{"embeddable":true,"href":"https:\/\/shizencos.com\/en\/wp-json\/wp\/v2\/media\/11168"}],"wp:attachment":[{"href":"https:\/\/shizencos.com\/en\/wp-json\/wp\/v2\/media?parent=11108"}],"wp:term":[{"taxonomy":"product_brand","embeddable":true,"href":"https:\/\/shizencos.com\/en\/wp-json\/wp\/v2\/product_brand?post=11108"},{"taxonomy":"product_cat","embeddable":true,"href":"https:\/\/shizencos.com\/en\/wp-json\/wp\/v2\/product_cat?post=11108"},{"taxonomy":"product_tag","embeddable":true,"href":"https:\/\/shizencos.com\/en\/wp-json\/wp\/v2\/product_tag?post=11108"}],"curies":[{"name":"wp","href":"https:\/\/api.w.org\/{rel}","templated":true}]}}