{"id":11105,"date":"2024-09-20T10:25:32","date_gmt":"2024-09-20T03:25:32","guid":{"rendered":"https:\/\/shizencos.com\/?post_type=product&#038;p=11105"},"modified":"2025-08-12T09:53:37","modified_gmt":"2025-08-12T02:53:37","slug":"gia-cong-kem-u-toc","status":"publish","type":"product","link":"https:\/\/shizencos.com\/en\/gia-cong-kem-u-toc\/","title":{"rendered":"Hair conditioner processing"},"content":{"rendered":"<p><span style=\"font-weight: 400;\">D\u1ecbch v\u1ee5 s\u1ea3n xu\u1ea5t kem \u1ee7 t\u00f3c tr\u1ecdn g\u00f3i t\u1ea1i Shizencos \u2013 nh\u00e0 m\u00e1y \u0111\u1ea1t chu\u1ea9n, Shizencos cung c\u1ea5p gi\u1ea3i ph\u00e1p ri\u00eang bi\u1ec7t ph\u00f9 h\u1ee3p v\u1edbi t\u1eebng th\u01b0\u01a1ng hi\u1ec7u, spa, hair salon,\u2026 gi\u00fap n\u00e2ng cao v\u1ecb th\u1ebf c\u1ea1nh tranh, ch\u1ed7 \u0111\u1ee9ng trong l\u00f2ng kh\u00e1ch h\u00e0ng.<\/span><\/p>\n<h2><span style=\"font-size: 14pt;\"><b>1. What is hair conditioner processing?<\/b><\/span><\/h2>\n<p><span style=\"font-weight: 400;\">Hair conditioner is a specialized hair care product, researched to nourish and restore damaged hair. The product has the effect of providing nutrients, softening and protecting hair from the effects of heat and the environment. Hair conditioner is easy to use and is very suitable for those who regularly use heat or chemicals on their hair.<\/span><\/p>\n<p><span style=\"font-weight: 400;\">Hair conditioner processing is a service of producing hair conditioner according to the requirements of businesses, cosmetic brands or individual businesses. Instead of investing in factories and production lines themselves, which increases the cost, businesses can cooperate with a reputable processing factory to develop their own products from formulas, packaging designs to necessary legal procedures, which will optimize time and cost.<\/span><\/p>\n<h2><span style=\"font-size: 14pt;\"><b>2. Benefits of choosing hair conditioner processing<\/b><\/span><\/h2>\n<p><span style=\"font-size: 12pt;\"><span style=\"font-weight: 400;\">In <\/span><span style=\"font-weight: 400;\">\u00a0In the increasingly competitive cosmetics market, choosing a reliable manufacturing partner helps brands save resources while still ensuring product quality. Manufacturing hair conditioners not only expands the ability to develop a unique hair care product line, but also brings many practical values \u200b\u200bin terms of cost, time and production expertise.<\/span><\/span><\/p>\n<p><span style=\"font-weight: 400;\">\u2705 No need to invest in factories, equipment or production personnel<\/span><\/p>\n<p><span style=\"font-weight: 400;\">\u2705 Developed with exclusive formula, flexible according to needs<\/span><\/p>\n<p><span style=\"font-weight: 400;\">\u2705 S\u1ea3n ph\u1ea9m \u0111\u1ea3m b\u1ea3o ch\u1ea5t l\u01b0\u1ee3ng \u0111\u1ea1t chu\u1ea9n<\/span><\/p>\n<p><span style=\"font-weight: 400;\">\u2705 Full support for legal documents, product declaration and quality inspection<\/span><\/p>\n<p><span style=\"font-weight: 400;\">\u2705 Supported in packaging design and branding<\/span><\/p>\n<figure id=\"attachment_8596\" aria-describedby=\"caption-attachment-8596\" style=\"width: 800px\" class=\"wp-caption aligncenter\"><a href=\"https:\/\/shizencos.com\/wp-content\/uploads\/2024\/06\/doi-net-ve-gia-cong-kem-u-toc-1.png\"><img fetchpriority=\"high\" decoding=\"async\" class=\"wp-image-8596 size-full\" src=\"https:\/\/shizencos.com\/wp-content\/uploads\/2024\/06\/doi-net-ve-gia-cong-kem-u-toc-1.png\" alt=\"\u0110\u00f4i n\u00e9t v\u1ec1 gia c\u00f4ng kem \u1ee7 t\u00f3c\" width=\"800\" height=\"400\" title=\"\"><\/a><figcaption id=\"caption-attachment-8596\" class=\"wp-caption-text\">A few words about hair conditioner processing<\/figcaption><\/figure>\n<h2><span style=\"font-size: 14pt;\"><b>3. Hair conditioner processing at Shizencos<\/b><\/span><\/h2>\n<p><span style=\"font-size: 12pt;\"><span style=\"font-weight: 400;\">V\u1edbi<\/span><span style=\"font-weight: 400;\">\u00a0l\u1ee3i th\u1ebf l\u00e0 nh\u00e0 m\u00e1y s\u1ea3n xu\u1ea5t \u0111\u1ea1t chu\u1ea9n v\u00e0 kinh nghi\u1ec7m h\u01a1n 15 n\u0103m trong l\u0129nh v\u1ef1c gia c\u00f4ng m\u1ef9 ph\u1ea9m, Shizencos kh\u00f4ng ch\u1ec9 l\u00e0 \u0111\u1ed1i t\u00e1c s\u1ea3n xu\u1ea5t m\u00e0 c\u00f2n l\u00e0 ng\u01b0\u1eddi \u0111\u1ed3ng h\u00e0nh chi\u1ebfn l\u01b0\u1ee3c gi\u00fap hi\u1ec7n th\u1ef1c h\u00f3a \u00fd t\u01b0\u1edfng s\u1ea3n ph\u1ea9m kem \u1ee7 t\u00f3c c\u1ee7a c\u00e1c th\u01b0\u01a1ng hi\u1ec7u. D\u00f9 b\u1ea1n l\u00e0 doanh nghi\u1ec7p l\u1edbn hay th\u01b0\u01a1ng hi\u1ec7u kh\u1edfi nghi\u1ec7p, ch\u00fang t\u00f4i lu\u00f4n s\u1eb5n s\u00e0ng t\u01b0 v\u1ea5n v\u00e0 ph\u00e1t tri\u1ec3n c\u00f4ng th\u1ee9c ri\u00eang ph\u00f9 h\u1ee3p v\u1edbi th\u1ecb tr\u01b0\u1eddng m\u1ee5c ti\u00eau.<\/span><\/span><\/p>\n<h3><span style=\"font-size: 14pt;\"><b>3.1 Various hair conditioner formulas\u00a0<\/b><\/span><\/h3>\n<p><span style=\"font-weight: 400;\">Nh\u1eb1m <\/span><span style=\"font-weight: 400;\">In order to meet the increasing and diverse needs of the market, Shizencos provides many different dry shampoo formulas, which have been carefully researched and tested. Customers can flexibly choose or combine creative ideas to create a product line that suits the brand orientation and consumer tastes.<\/span><\/p>\n<ol>\n<li style=\"font-weight: 400;\" aria-level=\"1\"><span style=\"font-weight: 400;\">Kem <\/span><span style=\"font-weight: 400;\">Restorative hair conditioner: For damaged hair, helps restore hair structure.<\/span><\/li>\n<li style=\"font-weight: 400;\" aria-level=\"1\"><span style=\"font-weight: 400;\">Moisturizing hair mask: Provides necessary moisture for dry, damaged hair.<\/span><\/li>\n<li style=\"font-weight: 400;\" aria-level=\"1\"><span style=\"font-weight: 400;\">Shine Mask: Leaves hair shiny and healthy.<\/span><\/li>\n<li style=\"font-weight: 400;\" aria-level=\"1\"><span style=\"font-weight: 400;\">Organic hair conditioner: Natural ingredients, safe for sensitive scalp..<\/span><\/li>\n<\/ol>\n<figure id=\"attachment_8607\" aria-describedby=\"caption-attachment-8607\" style=\"width: 800px\" class=\"wp-caption aligncenter\"><a href=\"https:\/\/shizencos.com\/wp-content\/uploads\/2024\/07\/tom-tat-quy-trinh-khi-gia-cong-kem-u-toc-o-shizencos.png\"><img decoding=\"async\" class=\"wp-image-8607 size-full\" src=\"https:\/\/shizencos.com\/wp-content\/uploads\/2024\/07\/tom-tat-quy-trinh-khi-gia-cong-kem-u-toc-o-shizencos.png\" alt=\"T\u00f3m t\u1eaft quy tr\u00ecnh khi gia c\u00f4ng kem \u1ee7 t\u00f3c \u1edf Shizencos\" width=\"800\" height=\"400\" title=\"\"><\/a><figcaption id=\"caption-attachment-8607\" class=\"wp-caption-text\">Summary of hair conditioner manufacturing process at Shizencos<\/figcaption><\/figure>\n<h3><span style=\"font-size: 14pt;\"><b>3.2 Hair conditioner processing process at Shizencos<\/b><\/span><\/h3>\n<p><span style=\"font-weight: 400; font-size: 12pt;\">At Shizencos, the manufacturing process is not just about production, but also about accompanying customers from the idea stage to the finished product ready for launch. Each step is strictly controlled to ensure efficiency, creativity and international quality standards.<\/span><\/p>\n<p><span style=\"font-weight: 400; font-size: 12pt;\">Step 1: Consulting and confirming needs - Listening to requests, consulting on suitable formulas.<\/span><\/p>\n<p><span style=\"font-weight: 400; font-size: 12pt;\">Step 2: Research and Development \u2013 \u200b\u200bThe R&amp;D team researches and develops the optimal formula.<\/span><\/p>\n<p><span style=\"font-size: 12pt;\"><span style=\"font-weight: 400;\">Step 3: Submit sample and adjust \u2013 Provide sample, adjust according to feedback.<\/span><span style=\"font-weight: 400;\"><br \/>\n<\/span><span style=\"font-weight: 400;\">Step 4: Finalize sample and quote \u2013 Confirm final formula, calculate cost.<\/span><\/span><\/p>\n<p><span style=\"font-weight: 400; font-size: 12pt;\">Step 5: Signing the contract and cooperation \u2013 Both parties agree and sign the processing contract.<\/span><\/p>\n<p><span style=\"font-weight: 400; font-size: 12pt;\">Step 6: Prepare raw materials and stir the tank \u2013 Check the quality of input materials.<\/span><\/p>\n<p><span style=\"font-size: 12pt;\"><span style=\"font-weight: 400;\">Step 7: Mass production \u2013 Put into production according to GMP standards.<\/span><span style=\"font-weight: 400;\"><br \/>\n<\/span><span style=\"font-weight: 400;\">Step 8: Product packaging \u2013 Filling, sealing, labeling according to design.<\/span><\/span><\/p>\n<p><span style=\"font-weight: 400; font-size: 12pt;\">Step 9 Delivery and support \u2013 On-time delivery, legal support, product announcement and business strategy.<\/span><\/p>\n<figure id=\"attachment_8593\" aria-describedby=\"caption-attachment-8593\" style=\"width: 800px\" class=\"wp-caption aligncenter\"><a href=\"https:\/\/shizencos.com\/wp-content\/uploads\/2024\/06\/chon-lua-shizencos-lam-don-vi-hop-tac-gia-cong-tang-do-uy-tin-2.png\"><img decoding=\"async\" class=\"wp-image-8593 size-full\" src=\"https:\/\/shizencos.com\/wp-content\/uploads\/2024\/06\/chon-lua-shizencos-lam-don-vi-hop-tac-gia-cong-tang-do-uy-tin-2.png\" alt=\"Ch\u1ecdn l\u1ef1a Shizencos l\u00e0m \u0111\u01a1n v\u1ecb h\u1ee3p t\u00e1c gia c\u00f4ng t\u0103ng \u0111\u1ed9 uy t\u00edn\" width=\"800\" height=\"400\" title=\"\" srcset=\"https:\/\/shizencos.com\/wp-content\/uploads\/2024\/06\/chon-lua-shizencos-lam-don-vi-hop-tac-gia-cong-tang-do-uy-tin-2.png 800w, https:\/\/shizencos.com\/wp-content\/uploads\/2024\/06\/chon-lua-shizencos-lam-don-vi-hop-tac-gia-cong-tang-do-uy-tin-2-150x75.png 150w, https:\/\/shizencos.com\/wp-content\/uploads\/2024\/06\/chon-lua-shizencos-lam-don-vi-hop-tac-gia-cong-tang-do-uy-tin-2-18x9.png 18w, https:\/\/shizencos.com\/wp-content\/uploads\/2024\/06\/chon-lua-shizencos-lam-don-vi-hop-tac-gia-cong-tang-do-uy-tin-2-300x150.png 300w, https:\/\/shizencos.com\/wp-content\/uploads\/2024\/06\/chon-lua-shizencos-lam-don-vi-hop-tac-gia-cong-tang-do-uy-tin-2-768x384.png 768w, https:\/\/shizencos.com\/wp-content\/uploads\/2024\/06\/chon-lua-shizencos-lam-don-vi-hop-tac-gia-cong-tang-do-uy-tin-2-600x300.png 600w\" sizes=\"(max-width: 800px) 100vw, 800px\" \/><\/a><figcaption id=\"caption-attachment-8593\" class=\"wp-caption-text\">Choosing Shizencos as a processing partner increases prestige<\/figcaption><\/figure>\n<h2><span style=\"font-size: 14pt; font-family: arial, helvetica, sans-serif;\"><b>Conclude<\/b><\/span><\/h2>\n<h4><span style=\"font-size: 12pt; font-family: arial, helvetica, sans-serif;\"><span style=\"font-weight: 400;\">With many years of experience in the cosmetics processing industry, Shizencos is committed to providing high-quality hair conditioner processing services, 100% formula confidentiality, original factory prices without intermediaries. If you are looking for a reputable partner to develop your own brand of hair conditioner products, contact Shizencos now for detailed advice and free samples!<\/span><\/span><\/h4>","protected":false},"excerpt":{"rendered":"<p><span style=\"font-weight: 400;\">Shizencos cung c\u1ea5p gi\u1ea3i ph\u00e1p ri\u00eang bi\u1ec7t ph\u00f9 h\u1ee3p v\u1edbi t\u1eebng th\u01b0\u01a1ng hi\u1ec7u, spa, hair salon,\u2026 gi\u00fap n\u00e2ng cao v\u1ecb th\u1ebf c\u1ea1nh tranh, ch\u1ed7 \u0111\u1ee9ng trong l\u00f2ng kh\u00e1ch h\u00e0ng. Thay v\u00ec t\u1ef1 \u0111\u1ea7u t\u01b0 nh\u00e0 m\u00e1y c\u00e1c \u0111\u01a1n v\u1ecb kinh doanh c\u00f3 th\u1ec3 h\u1ee3p t\u00e1c v\u1edbi m\u1ed9t nh\u00e0 m\u00e1y gia c\u00f4ng uy t\u00edn \u0111\u1ec3 ph\u00e1t tri\u1ec3n s\u1ea3n ph\u1ea9m ri\u00eang.<\/span><\/p>","protected":false},"featured_media":11165,"comment_status":"open","ping_status":"closed","template":"","meta":[],"product_brand":[],"product_cat":[18],"product_tag":[],"class_list":{"0":"post-11105","1":"product","2":"type-product","3":"status-publish","4":"has-post-thumbnail","6":"product_cat-gia-cong-san-pham-cham-soc-toc","8":"first","9":"instock","10":"shipping-taxable","11":"product-type-simple"},"_links":{"self":[{"href":"https:\/\/shizencos.com\/en\/wp-json\/wp\/v2\/product\/11105","targetHints":{"allow":["GET"]}}],"collection":[{"href":"https:\/\/shizencos.com\/en\/wp-json\/wp\/v2\/product"}],"about":[{"href":"https:\/\/shizencos.com\/en\/wp-json\/wp\/v2\/types\/product"}],"replies":[{"embeddable":true,"href":"https:\/\/shizencos.com\/en\/wp-json\/wp\/v2\/comments?post=11105"}],"wp:featuredmedia":[{"embeddable":true,"href":"https:\/\/shizencos.com\/en\/wp-json\/wp\/v2\/media\/11165"}],"wp:attachment":[{"href":"https:\/\/shizencos.com\/en\/wp-json\/wp\/v2\/media?parent=11105"}],"wp:term":[{"taxonomy":"product_brand","embeddable":true,"href":"https:\/\/shizencos.com\/en\/wp-json\/wp\/v2\/product_brand?post=11105"},{"taxonomy":"product_cat","embeddable":true,"href":"https:\/\/shizencos.com\/en\/wp-json\/wp\/v2\/product_cat?post=11105"},{"taxonomy":"product_tag","embeddable":true,"href":"https:\/\/shizencos.com\/en\/wp-json\/wp\/v2\/product_tag?post=11105"}],"curies":[{"name":"wp","href":"https:\/\/api.w.org\/{rel}","templated":true}]}}